{"id":11569,"date":"2021-08-07T07:23:00","date_gmt":"2021-09-03T06:33:00","guid":{"rendered":"http:\/\/shop.museal.com\/product\/panther-and-zibeth-by-antoine-louis-barye\/"},"modified":"2025-12-01T11:57:42","modified_gmt":"2025-12-01T10:57:42","slug":"panther-and-zibeth-by-antoine-louis-barye","status":"publish","type":"product","link":"https:\/\/museal.com\/en\/product\/panther-and-zibeth-by-antoine-louis-barye\/","title":{"rendered":"&#8220;Panther and Zibeth&#8221;, by Antoine-Louis BARYE"},"content":{"rendered":"<p>Antoine-Louis BARYE (1796-1875) is the undisputed master of 19th century animal sculpture, an emblematic artist of Romantic sculpture. His masters were Antoine GROS and Eug\u00e8ne DELACROIX. Throughout his career, he executed true masterpieces of anatomical precision, which express a perfect mastery of the reproduction of movements and characters. Today, his work is exhibited at the Louvre Museum, the Orsay Museum and in many other major museums around the world. He has influenced generations of sculptors throughout the world, such as FR\u00c9MIET, VALTON, M\u00c8NE and TR\u00c9MONT.<\/p>\n","protected":false},"excerpt":{"rendered":"<p>Edition in art bronze, brown patina, of &#8220;La Lionne se l\u00e9cher la patte&#8221;, signed VALTON on the terrace, . Numbered from 1 to 100 on 100 copies. Delivered with a certificate of authenticity.<\/p>\n","protected":false},"featured_media":13627,"template":"","meta":[],"product_brand":[],"product_cat":[248],"product_tag":[],"class_list":{"0":"post-11569","1":"product","2":"type-product","3":"status-publish","4":"has-post-thumbnail","6":"product_cat-objects-from-the-world","8":"first","9":"instock","10":"taxable","11":"shipping-taxable","12":"purchasable","13":"product-type-simple"},"yoast_head":"<!-- This site is optimized with the Yoast SEO plugin v27.3 - https:\/\/yoast.com\/product\/yoast-seo-wordpress\/ -->\n<title>&quot;Panther and Zibeth&quot;, by Antoine-Louis BARYE - Museal Editions<\/title>\n<meta name=\"robots\" content=\"index, follow, max-snippet:-1, max-image-preview:large, max-video-preview:-1\" \/>\n<link rel=\"canonical\" href=\"https:\/\/museal.com\/en\/product\/panther-and-zibeth-by-antoine-louis-barye\/\" \/>\n<meta property=\"og:locale\" content=\"en_US\" \/>\n<meta property=\"og:type\" content=\"article\" \/>\n<meta property=\"og:title\" content=\"&quot;Panther and Zibeth&quot;, by Antoine-Louis BARYE - Museal Editions\" \/>\n<meta property=\"og:description\" content=\"Edition in art bronze, brown patina, of &quot;La Lionne se l\u00e9cher la patte&quot;, signed VALTON on the terrace, . Numbered from 1 to 100 on 100 copies. Delivered with a certificate of authenticity.\" \/>\n<meta property=\"og:url\" content=\"https:\/\/museal.com\/en\/product\/panther-and-zibeth-by-antoine-louis-barye\/\" \/>\n<meta property=\"og:site_name\" content=\"Museal Editions\" \/>\n<meta property=\"article:modified_time\" content=\"2025-12-01T10:57:42+00:00\" \/>\n<meta property=\"og:image\" content=\"https:\/\/museal.com\/wp-content\/uploads\/2021\/08\/panthere-suprenant-un-zibeth.png\" \/>\n\t<meta property=\"og:image:width\" content=\"1500\" \/>\n\t<meta property=\"og:image:height\" content=\"2000\" \/>\n\t<meta property=\"og:image:type\" content=\"image\/png\" \/>\n<meta name=\"twitter:card\" content=\"summary_large_image\" \/>\n<script type=\"application\/ld+json\" class=\"yoast-schema-graph\">{\"@context\":\"https:\\\/\\\/schema.org\",\"@graph\":[{\"@type\":\"WebPage\",\"@id\":\"https:\\\/\\\/museal.com\\\/en\\\/product\\\/panther-and-zibeth-by-antoine-louis-barye\\\/\",\"url\":\"https:\\\/\\\/museal.com\\\/en\\\/product\\\/panther-and-zibeth-by-antoine-louis-barye\\\/\",\"name\":\"\\\"Panther and Zibeth\\\", by Antoine-Louis BARYE - Museal Editions\",\"isPartOf\":{\"@id\":\"https:\\\/\\\/museal.com\\\/en\\\/#website\"},\"primaryImageOfPage\":{\"@id\":\"https:\\\/\\\/museal.com\\\/en\\\/product\\\/panther-and-zibeth-by-antoine-louis-barye\\\/#primaryimage\"},\"image\":{\"@id\":\"https:\\\/\\\/museal.com\\\/en\\\/product\\\/panther-and-zibeth-by-antoine-louis-barye\\\/#primaryimage\"},\"thumbnailUrl\":\"https:\\\/\\\/museal.com\\\/wp-content\\\/uploads\\\/2021\\\/08\\\/panthere-suprenant-un-zibeth.png\",\"datePublished\":\"2021-09-03T06:33:00+00:00\",\"dateModified\":\"2025-12-01T10:57:42+00:00\",\"breadcrumb\":{\"@id\":\"https:\\\/\\\/museal.com\\\/en\\\/product\\\/panther-and-zibeth-by-antoine-louis-barye\\\/#breadcrumb\"},\"inLanguage\":\"en-US\",\"potentialAction\":[{\"@type\":\"ReadAction\",\"target\":[\"https:\\\/\\\/museal.com\\\/en\\\/product\\\/panther-and-zibeth-by-antoine-louis-barye\\\/\"]}]},{\"@type\":\"ImageObject\",\"inLanguage\":\"en-US\",\"@id\":\"https:\\\/\\\/museal.com\\\/en\\\/product\\\/panther-and-zibeth-by-antoine-louis-barye\\\/#primaryimage\",\"url\":\"https:\\\/\\\/museal.com\\\/wp-content\\\/uploads\\\/2021\\\/08\\\/panthere-suprenant-un-zibeth.png\",\"contentUrl\":\"https:\\\/\\\/museal.com\\\/wp-content\\\/uploads\\\/2021\\\/08\\\/panthere-suprenant-un-zibeth.png\",\"width\":1500,\"height\":2000},{\"@type\":\"BreadcrumbList\",\"@id\":\"https:\\\/\\\/museal.com\\\/en\\\/product\\\/panther-and-zibeth-by-antoine-louis-barye\\\/#breadcrumb\",\"itemListElement\":[{\"@type\":\"ListItem\",\"position\":1,\"name\":\"Accueil\",\"item\":\"https:\\\/\\\/museal.com\\\/en\\\/\"},{\"@type\":\"ListItem\",\"position\":2,\"name\":\"Shop\",\"item\":\"https:\\\/\\\/museal.com\\\/en\\\/shop\\\/\"},{\"@type\":\"ListItem\",\"position\":3,\"name\":\"&#8220;Panther and Zibeth&#8221;, by Antoine-Louis BARYE\"}]},{\"@type\":\"WebSite\",\"@id\":\"https:\\\/\\\/museal.com\\\/en\\\/#website\",\"url\":\"https:\\\/\\\/museal.com\\\/en\\\/\",\"name\":\"Museal Editions\",\"description\":\"Objets d&#039;art et de d\u00e9coration inspir\u00e9s du Patrimoine luxembourgeois\",\"publisher\":{\"@id\":\"https:\\\/\\\/museal.com\\\/en\\\/#organization\"},\"potentialAction\":[{\"@type\":\"SearchAction\",\"target\":{\"@type\":\"EntryPoint\",\"urlTemplate\":\"https:\\\/\\\/museal.com\\\/en\\\/?s={search_term_string}\"},\"query-input\":{\"@type\":\"PropertyValueSpecification\",\"valueRequired\":true,\"valueName\":\"search_term_string\"}}],\"inLanguage\":\"en-US\"},{\"@type\":\"Organization\",\"@id\":\"https:\\\/\\\/museal.com\\\/en\\\/#organization\",\"name\":\"Museal Editions\",\"url\":\"https:\\\/\\\/museal.com\\\/en\\\/\",\"logo\":{\"@type\":\"ImageObject\",\"inLanguage\":\"en-US\",\"@id\":\"https:\\\/\\\/museal.com\\\/en\\\/#\\\/schema\\\/logo\\\/image\\\/\",\"url\":\"https:\\\/\\\/museal.com\\\/wp-content\\\/uploads\\\/2021\\\/05\\\/logo-e1621950424453.jpg\",\"contentUrl\":\"https:\\\/\\\/museal.com\\\/wp-content\\\/uploads\\\/2021\\\/05\\\/logo-e1621950424453.jpg\",\"width\":732,\"height\":574,\"caption\":\"Museal Editions\"},\"image\":{\"@id\":\"https:\\\/\\\/museal.com\\\/en\\\/#\\\/schema\\\/logo\\\/image\\\/\"}}]}<\/script>\n<!-- \/ Yoast SEO plugin. -->","yoast_head_json":{"title":"\"Panther and Zibeth\", by Antoine-Louis BARYE - Museal Editions","robots":{"index":"index","follow":"follow","max-snippet":"max-snippet:-1","max-image-preview":"max-image-preview:large","max-video-preview":"max-video-preview:-1"},"canonical":"https:\/\/museal.com\/en\/product\/panther-and-zibeth-by-antoine-louis-barye\/","og_locale":"en_US","og_type":"article","og_title":"\"Panther and Zibeth\", by Antoine-Louis BARYE - Museal Editions","og_description":"Edition in art bronze, brown patina, of \"La Lionne se l\u00e9cher la patte\", signed VALTON on the terrace, . Numbered from 1 to 100 on 100 copies. Delivered with a certificate of authenticity.","og_url":"https:\/\/museal.com\/en\/product\/panther-and-zibeth-by-antoine-louis-barye\/","og_site_name":"Museal Editions","article_modified_time":"2025-12-01T10:57:42+00:00","og_image":[{"width":1500,"height":2000,"url":"https:\/\/museal.com\/wp-content\/uploads\/2021\/08\/panthere-suprenant-un-zibeth.png","type":"image\/png"}],"twitter_card":"summary_large_image","schema":{"@context":"https:\/\/schema.org","@graph":[{"@type":"WebPage","@id":"https:\/\/museal.com\/en\/product\/panther-and-zibeth-by-antoine-louis-barye\/","url":"https:\/\/museal.com\/en\/product\/panther-and-zibeth-by-antoine-louis-barye\/","name":"\"Panther and Zibeth\", by Antoine-Louis BARYE - Museal Editions","isPartOf":{"@id":"https:\/\/museal.com\/en\/#website"},"primaryImageOfPage":{"@id":"https:\/\/museal.com\/en\/product\/panther-and-zibeth-by-antoine-louis-barye\/#primaryimage"},"image":{"@id":"https:\/\/museal.com\/en\/product\/panther-and-zibeth-by-antoine-louis-barye\/#primaryimage"},"thumbnailUrl":"https:\/\/museal.com\/wp-content\/uploads\/2021\/08\/panthere-suprenant-un-zibeth.png","datePublished":"2021-09-03T06:33:00+00:00","dateModified":"2025-12-01T10:57:42+00:00","breadcrumb":{"@id":"https:\/\/museal.com\/en\/product\/panther-and-zibeth-by-antoine-louis-barye\/#breadcrumb"},"inLanguage":"en-US","potentialAction":[{"@type":"ReadAction","target":["https:\/\/museal.com\/en\/product\/panther-and-zibeth-by-antoine-louis-barye\/"]}]},{"@type":"ImageObject","inLanguage":"en-US","@id":"https:\/\/museal.com\/en\/product\/panther-and-zibeth-by-antoine-louis-barye\/#primaryimage","url":"https:\/\/museal.com\/wp-content\/uploads\/2021\/08\/panthere-suprenant-un-zibeth.png","contentUrl":"https:\/\/museal.com\/wp-content\/uploads\/2021\/08\/panthere-suprenant-un-zibeth.png","width":1500,"height":2000},{"@type":"BreadcrumbList","@id":"https:\/\/museal.com\/en\/product\/panther-and-zibeth-by-antoine-louis-barye\/#breadcrumb","itemListElement":[{"@type":"ListItem","position":1,"name":"Accueil","item":"https:\/\/museal.com\/en\/"},{"@type":"ListItem","position":2,"name":"Shop","item":"https:\/\/museal.com\/en\/shop\/"},{"@type":"ListItem","position":3,"name":"&#8220;Panther and Zibeth&#8221;, by Antoine-Louis BARYE"}]},{"@type":"WebSite","@id":"https:\/\/museal.com\/en\/#website","url":"https:\/\/museal.com\/en\/","name":"Museal Editions","description":"Objets d&#039;art et de d\u00e9coration inspir\u00e9s du Patrimoine luxembourgeois","publisher":{"@id":"https:\/\/museal.com\/en\/#organization"},"potentialAction":[{"@type":"SearchAction","target":{"@type":"EntryPoint","urlTemplate":"https:\/\/museal.com\/en\/?s={search_term_string}"},"query-input":{"@type":"PropertyValueSpecification","valueRequired":true,"valueName":"search_term_string"}}],"inLanguage":"en-US"},{"@type":"Organization","@id":"https:\/\/museal.com\/en\/#organization","name":"Museal Editions","url":"https:\/\/museal.com\/en\/","logo":{"@type":"ImageObject","inLanguage":"en-US","@id":"https:\/\/museal.com\/en\/#\/schema\/logo\/image\/","url":"https:\/\/museal.com\/wp-content\/uploads\/2021\/05\/logo-e1621950424453.jpg","contentUrl":"https:\/\/museal.com\/wp-content\/uploads\/2021\/05\/logo-e1621950424453.jpg","width":732,"height":574,"caption":"Museal Editions"},"image":{"@id":"https:\/\/museal.com\/en\/#\/schema\/logo\/image\/"}}]}},"_links":{"self":[{"href":"https:\/\/museal.com\/en\/wp-json\/wp\/v2\/product\/11569","targetHints":{"allow":["GET"]}}],"collection":[{"href":"https:\/\/museal.com\/en\/wp-json\/wp\/v2\/product"}],"about":[{"href":"https:\/\/museal.com\/en\/wp-json\/wp\/v2\/types\/product"}],"wp:featuredmedia":[{"embeddable":true,"href":"https:\/\/museal.com\/en\/wp-json\/wp\/v2\/media\/13627"}],"wp:attachment":[{"href":"https:\/\/museal.com\/en\/wp-json\/wp\/v2\/media?parent=11569"}],"wp:term":[{"taxonomy":"product_brand","embeddable":true,"href":"https:\/\/museal.com\/en\/wp-json\/wp\/v2\/product_brand?post=11569"},{"taxonomy":"product_cat","embeddable":true,"href":"https:\/\/museal.com\/en\/wp-json\/wp\/v2\/product_cat?post=11569"},{"taxonomy":"product_tag","embeddable":true,"href":"https:\/\/museal.com\/en\/wp-json\/wp\/v2\/product_tag?post=11569"}],"curies":[{"name":"wp","href":"https:\/\/api.w.org\/{rel}","templated":true}]}}