{"id":13025,"date":"2022-01-20T09:56:30","date_gmt":"2022-01-20T08:56:30","guid":{"rendered":"https:\/\/shop.museal.com\/product\/crystal-block-blason-du-luxembourg\/"},"modified":"2025-12-01T11:57:35","modified_gmt":"2025-12-01T10:57:35","slug":"crystal-block-blason-du-luxembourg","status":"publish","type":"product","link":"https:\/\/museal.com\/en\/product\/crystal-block-blason-du-luxembourg\/","title":{"rendered":"Crystal block &#8220;Blason du Luxembourg&#8221;"},"content":{"rendered":"<p>The Luxembourg coat of arms have been known since the beginning of the 13th century when Count Henry V of Luxembourg decided on their current composition: \u00ab burel\u00e9 d&#8217;argent et d&#8217;azur de dix pi\u00e8ces et d&#8217;un lion de gueules, arm\u00e9, lampass\u00e9 et couronn\u00e9 d&#8217;or, la queue fourchue et pass\u00e9e en sautoir \u00bb.<\/p>\n","protected":false},"excerpt":{"rendered":"<p>This 3D laser-engraved crystal block particularly highlights the arms of the Grand Duchy which seem to float as if suspended in the air. The transparency of the block allows a play of light around this symbol of Luxembourg heritage.<\/p>\n<p>Size 9 x 6 x 6 cm, weight 1 kg, delivered in a gift box<\/p>\n","protected":false},"featured_media":13606,"template":"","meta":[],"product_brand":[],"product_cat":[244,109],"product_tag":[],"class_list":{"0":"post-13025","1":"product","2":"type-product","3":"status-publish","4":"has-post-thumbnail","6":"product_cat-accessoires-en","7":"product_cat-luxembourg-sculptures-and-bronzes","9":"first","10":"outofstock","11":"taxable","12":"shipping-taxable","13":"purchasable","14":"product-type-simple"},"yoast_head":"<!-- This site is optimized with the Yoast SEO plugin v27.3 - https:\/\/yoast.com\/product\/yoast-seo-wordpress\/ -->\n<title>Crystal block &quot;Blason du Luxembourg&quot; - Museal Editions<\/title>\n<meta name=\"robots\" content=\"index, follow, max-snippet:-1, max-image-preview:large, max-video-preview:-1\" \/>\n<link rel=\"canonical\" href=\"https:\/\/museal.com\/en\/product\/crystal-block-blason-du-luxembourg\/\" \/>\n<meta property=\"og:locale\" content=\"en_US\" \/>\n<meta property=\"og:type\" content=\"article\" \/>\n<meta property=\"og:title\" content=\"Crystal block &quot;Blason du Luxembourg&quot; - Museal Editions\" \/>\n<meta property=\"og:description\" content=\"This 3D laser-engraved crystal block particularly highlights the arms of the Grand Duchy which seem to float as if suspended in the air. The transparency of the block allows a play of light around this symbol of Luxembourg heritage.  Size 9 x 6 x 6 cm, weight 1 kg, delivered in a gift box\" \/>\n<meta property=\"og:url\" content=\"https:\/\/museal.com\/en\/product\/crystal-block-blason-du-luxembourg\/\" \/>\n<meta property=\"og:site_name\" content=\"Museal Editions\" \/>\n<meta property=\"article:modified_time\" content=\"2025-12-01T10:57:35+00:00\" \/>\n<meta property=\"og:image\" content=\"https:\/\/museal.com\/wp-content\/uploads\/2022\/01\/bloc-cristal-1-768x1024.png\" \/>\n\t<meta property=\"og:image:width\" content=\"768\" \/>\n\t<meta property=\"og:image:height\" content=\"1024\" \/>\n\t<meta property=\"og:image:type\" content=\"image\/png\" \/>\n<meta name=\"twitter:card\" content=\"summary_large_image\" \/>\n<script type=\"application\/ld+json\" class=\"yoast-schema-graph\">{\"@context\":\"https:\\\/\\\/schema.org\",\"@graph\":[{\"@type\":\"WebPage\",\"@id\":\"https:\\\/\\\/museal.com\\\/en\\\/product\\\/crystal-block-blason-du-luxembourg\\\/\",\"url\":\"https:\\\/\\\/museal.com\\\/en\\\/product\\\/crystal-block-blason-du-luxembourg\\\/\",\"name\":\"Crystal block \\\"Blason du Luxembourg\\\" - Museal Editions\",\"isPartOf\":{\"@id\":\"https:\\\/\\\/museal.com\\\/en\\\/#website\"},\"primaryImageOfPage\":{\"@id\":\"https:\\\/\\\/museal.com\\\/en\\\/product\\\/crystal-block-blason-du-luxembourg\\\/#primaryimage\"},\"image\":{\"@id\":\"https:\\\/\\\/museal.com\\\/en\\\/product\\\/crystal-block-blason-du-luxembourg\\\/#primaryimage\"},\"thumbnailUrl\":\"https:\\\/\\\/museal.com\\\/wp-content\\\/uploads\\\/2022\\\/01\\\/bloc-cristal-1.png\",\"datePublished\":\"2022-01-20T08:56:30+00:00\",\"dateModified\":\"2025-12-01T10:57:35+00:00\",\"breadcrumb\":{\"@id\":\"https:\\\/\\\/museal.com\\\/en\\\/product\\\/crystal-block-blason-du-luxembourg\\\/#breadcrumb\"},\"inLanguage\":\"en-US\",\"potentialAction\":[{\"@type\":\"ReadAction\",\"target\":[\"https:\\\/\\\/museal.com\\\/en\\\/product\\\/crystal-block-blason-du-luxembourg\\\/\"]}]},{\"@type\":\"ImageObject\",\"inLanguage\":\"en-US\",\"@id\":\"https:\\\/\\\/museal.com\\\/en\\\/product\\\/crystal-block-blason-du-luxembourg\\\/#primaryimage\",\"url\":\"https:\\\/\\\/museal.com\\\/wp-content\\\/uploads\\\/2022\\\/01\\\/bloc-cristal-1.png\",\"contentUrl\":\"https:\\\/\\\/museal.com\\\/wp-content\\\/uploads\\\/2022\\\/01\\\/bloc-cristal-1.png\",\"width\":1500,\"height\":2000},{\"@type\":\"BreadcrumbList\",\"@id\":\"https:\\\/\\\/museal.com\\\/en\\\/product\\\/crystal-block-blason-du-luxembourg\\\/#breadcrumb\",\"itemListElement\":[{\"@type\":\"ListItem\",\"position\":1,\"name\":\"Accueil\",\"item\":\"https:\\\/\\\/museal.com\\\/en\\\/\"},{\"@type\":\"ListItem\",\"position\":2,\"name\":\"Shop\",\"item\":\"https:\\\/\\\/museal.com\\\/en\\\/shop\\\/\"},{\"@type\":\"ListItem\",\"position\":3,\"name\":\"Crystal block &#8220;Blason du Luxembourg&#8221;\"}]},{\"@type\":\"WebSite\",\"@id\":\"https:\\\/\\\/museal.com\\\/en\\\/#website\",\"url\":\"https:\\\/\\\/museal.com\\\/en\\\/\",\"name\":\"Museal Editions\",\"description\":\"Objets d&#039;art et de d\u00e9coration inspir\u00e9s du Patrimoine luxembourgeois\",\"publisher\":{\"@id\":\"https:\\\/\\\/museal.com\\\/en\\\/#organization\"},\"potentialAction\":[{\"@type\":\"SearchAction\",\"target\":{\"@type\":\"EntryPoint\",\"urlTemplate\":\"https:\\\/\\\/museal.com\\\/en\\\/?s={search_term_string}\"},\"query-input\":{\"@type\":\"PropertyValueSpecification\",\"valueRequired\":true,\"valueName\":\"search_term_string\"}}],\"inLanguage\":\"en-US\"},{\"@type\":\"Organization\",\"@id\":\"https:\\\/\\\/museal.com\\\/en\\\/#organization\",\"name\":\"Museal Editions\",\"url\":\"https:\\\/\\\/museal.com\\\/en\\\/\",\"logo\":{\"@type\":\"ImageObject\",\"inLanguage\":\"en-US\",\"@id\":\"https:\\\/\\\/museal.com\\\/en\\\/#\\\/schema\\\/logo\\\/image\\\/\",\"url\":\"https:\\\/\\\/museal.com\\\/wp-content\\\/uploads\\\/2021\\\/05\\\/logo-e1621950424453.jpg\",\"contentUrl\":\"https:\\\/\\\/museal.com\\\/wp-content\\\/uploads\\\/2021\\\/05\\\/logo-e1621950424453.jpg\",\"width\":732,\"height\":574,\"caption\":\"Museal Editions\"},\"image\":{\"@id\":\"https:\\\/\\\/museal.com\\\/en\\\/#\\\/schema\\\/logo\\\/image\\\/\"}}]}<\/script>\n<!-- \/ Yoast SEO plugin. -->","yoast_head_json":{"title":"Crystal block \"Blason du Luxembourg\" - Museal Editions","robots":{"index":"index","follow":"follow","max-snippet":"max-snippet:-1","max-image-preview":"max-image-preview:large","max-video-preview":"max-video-preview:-1"},"canonical":"https:\/\/museal.com\/en\/product\/crystal-block-blason-du-luxembourg\/","og_locale":"en_US","og_type":"article","og_title":"Crystal block \"Blason du Luxembourg\" - Museal Editions","og_description":"This 3D laser-engraved crystal block particularly highlights the arms of the Grand Duchy which seem to float as if suspended in the air. The transparency of the block allows a play of light around this symbol of Luxembourg heritage.  Size 9 x 6 x 6 cm, weight 1 kg, delivered in a gift box","og_url":"https:\/\/museal.com\/en\/product\/crystal-block-blason-du-luxembourg\/","og_site_name":"Museal Editions","article_modified_time":"2025-12-01T10:57:35+00:00","og_image":[{"width":768,"height":1024,"url":"https:\/\/museal.com\/wp-content\/uploads\/2022\/01\/bloc-cristal-1-768x1024.png","type":"image\/png"}],"twitter_card":"summary_large_image","schema":{"@context":"https:\/\/schema.org","@graph":[{"@type":"WebPage","@id":"https:\/\/museal.com\/en\/product\/crystal-block-blason-du-luxembourg\/","url":"https:\/\/museal.com\/en\/product\/crystal-block-blason-du-luxembourg\/","name":"Crystal block \"Blason du Luxembourg\" - Museal Editions","isPartOf":{"@id":"https:\/\/museal.com\/en\/#website"},"primaryImageOfPage":{"@id":"https:\/\/museal.com\/en\/product\/crystal-block-blason-du-luxembourg\/#primaryimage"},"image":{"@id":"https:\/\/museal.com\/en\/product\/crystal-block-blason-du-luxembourg\/#primaryimage"},"thumbnailUrl":"https:\/\/museal.com\/wp-content\/uploads\/2022\/01\/bloc-cristal-1.png","datePublished":"2022-01-20T08:56:30+00:00","dateModified":"2025-12-01T10:57:35+00:00","breadcrumb":{"@id":"https:\/\/museal.com\/en\/product\/crystal-block-blason-du-luxembourg\/#breadcrumb"},"inLanguage":"en-US","potentialAction":[{"@type":"ReadAction","target":["https:\/\/museal.com\/en\/product\/crystal-block-blason-du-luxembourg\/"]}]},{"@type":"ImageObject","inLanguage":"en-US","@id":"https:\/\/museal.com\/en\/product\/crystal-block-blason-du-luxembourg\/#primaryimage","url":"https:\/\/museal.com\/wp-content\/uploads\/2022\/01\/bloc-cristal-1.png","contentUrl":"https:\/\/museal.com\/wp-content\/uploads\/2022\/01\/bloc-cristal-1.png","width":1500,"height":2000},{"@type":"BreadcrumbList","@id":"https:\/\/museal.com\/en\/product\/crystal-block-blason-du-luxembourg\/#breadcrumb","itemListElement":[{"@type":"ListItem","position":1,"name":"Accueil","item":"https:\/\/museal.com\/en\/"},{"@type":"ListItem","position":2,"name":"Shop","item":"https:\/\/museal.com\/en\/shop\/"},{"@type":"ListItem","position":3,"name":"Crystal block &#8220;Blason du Luxembourg&#8221;"}]},{"@type":"WebSite","@id":"https:\/\/museal.com\/en\/#website","url":"https:\/\/museal.com\/en\/","name":"Museal Editions","description":"Objets d&#039;art et de d\u00e9coration inspir\u00e9s du Patrimoine luxembourgeois","publisher":{"@id":"https:\/\/museal.com\/en\/#organization"},"potentialAction":[{"@type":"SearchAction","target":{"@type":"EntryPoint","urlTemplate":"https:\/\/museal.com\/en\/?s={search_term_string}"},"query-input":{"@type":"PropertyValueSpecification","valueRequired":true,"valueName":"search_term_string"}}],"inLanguage":"en-US"},{"@type":"Organization","@id":"https:\/\/museal.com\/en\/#organization","name":"Museal Editions","url":"https:\/\/museal.com\/en\/","logo":{"@type":"ImageObject","inLanguage":"en-US","@id":"https:\/\/museal.com\/en\/#\/schema\/logo\/image\/","url":"https:\/\/museal.com\/wp-content\/uploads\/2021\/05\/logo-e1621950424453.jpg","contentUrl":"https:\/\/museal.com\/wp-content\/uploads\/2021\/05\/logo-e1621950424453.jpg","width":732,"height":574,"caption":"Museal Editions"},"image":{"@id":"https:\/\/museal.com\/en\/#\/schema\/logo\/image\/"}}]}},"_links":{"self":[{"href":"https:\/\/museal.com\/en\/wp-json\/wp\/v2\/product\/13025","targetHints":{"allow":["GET"]}}],"collection":[{"href":"https:\/\/museal.com\/en\/wp-json\/wp\/v2\/product"}],"about":[{"href":"https:\/\/museal.com\/en\/wp-json\/wp\/v2\/types\/product"}],"wp:featuredmedia":[{"embeddable":true,"href":"https:\/\/museal.com\/en\/wp-json\/wp\/v2\/media\/13606"}],"wp:attachment":[{"href":"https:\/\/museal.com\/en\/wp-json\/wp\/v2\/media?parent=13025"}],"wp:term":[{"taxonomy":"product_brand","embeddable":true,"href":"https:\/\/museal.com\/en\/wp-json\/wp\/v2\/product_brand?post=13025"},{"taxonomy":"product_cat","embeddable":true,"href":"https:\/\/museal.com\/en\/wp-json\/wp\/v2\/product_cat?post=13025"},{"taxonomy":"product_tag","embeddable":true,"href":"https:\/\/museal.com\/en\/wp-json\/wp\/v2\/product_tag?post=13025"}],"curies":[{"name":"wp","href":"https:\/\/api.w.org\/{rel}","templated":true}]}}