{"id":14077,"date":"2022-04-01T07:23:27","date_gmt":"2022-04-01T05:23:27","guid":{"rendered":"https:\/\/museal.com\/?page_id=14077"},"modified":"2022-04-15T07:44:48","modified_gmt":"2022-04-15T05:44:48","slug":"politique-cookies","status":"publish","type":"page","link":"https:\/\/museal.com\/fr\/politique-cookies\/","title":{"rendered":"Politique COOKIES museal.com"},"content":{"rendered":"<div class=\"wpb-content-wrapper\"><p>[vc_row][vc_column][vc_custom_heading text=&#8221;En g\u00e9n\u00e9ral, que sont les cookies ?&#8221; title_learts=&#8221;true&#8221;][vc_column_text]<\/p>\n<p>Un \u00ab\u00a0cookie\u00a0\u00bb est un petit <strong>fichier texte<\/strong>, contenant un certain nombre d\u2019informations, stock\u00e9es sur le navigateur \/ dispositif utilis\u00e9 par un utilisateur pour afficher une page Web ou pour utiliser un service web. Cette information est extraite par le serveur web chaque fois que le navigateur \/ dispositif demande le contenu. Avec ces informations r\u00e9cup\u00e9r\u00e9es, <strong>le serveur Web peut \u00abreconna\u00eetre\u00bb que l\u2019utilisateur a d\u00e9j\u00e0 visit\u00e9 cette page avant<\/strong> et a choisi quelques pr\u00e9f\u00e9rences (comme la s\u00e9lection de la langue, les unit\u00e9s de mesure, la politique acceptation de cookies, etc.). De cette fa\u00e7on, <strong>le serveur Web peut fournir un contenu plus pertinent et personnalis\u00e9<\/strong> \u00e0 l\u2019utilisateur.<\/p>\n<p>Une autre fa\u00e7on dont les cookies sont utilis\u00e9s par les serveurs web est pour <strong>suivre les chemins de navigation de l\u2019utilisateur<\/strong> lors de sa\/ses visites sur le site. Ces donn\u00e9es peuvent \u00eatre utilis\u00e9es pour le profil des habitudes de navigation afin d\u2019envoyer des annonces personnalis\u00e9es, d\u2019analyser statistiquement les visites du site web et \/ ou de fournir des services en ligne plus adapt\u00e9es.<\/p>\n<p>De nombreux sites Web pourraient \u00e9galement faire usage de \u00ab\u00a0cookies tiers\u00a0\u00bb. Ceux-ci sont g\u00e9n\u00e9ralement g\u00e9r\u00e9s par d\u2019autres sites \/ services web dont le contenu peut provenir de serveurs externes, m\u00eame si le contenu lui-m\u00eame est affich\u00e9 dans le site Web initial. Chacun d\u2019eux peut utiliser leurs propres cookies aux m\u00eames fins d\u00e9crites ci-dessus.<\/p>\n<p>Certains cookies sont n\u00e9cessaires pour la navigation efficace et sont automatiquement assign\u00e9s au visiteur ; la plupart d\u2019entre eux sont d\u00e9truits apr\u00e8s avoir quitt\u00e9 le site web (\u00ab\u00a0session\u00a0\u00bb). D\u2019autres cookies (\u00ab\u00a0persistants\u00a0\u00bb) pourraient \u00eatre conserv\u00e9s enregistr\u00e9s sur le navigateur \/ dispositif pour un temps plus long, en fonction de l\u2019usage pour lequel ils ont \u00e9t\u00e9 con\u00e7us (p. ex. \u00e0 garder une trace des pr\u00e9f\u00e9rences de langue de l\u2019utilisateur quand il \/ elle visite le site Web \u00e0 l\u2019avenir).<\/p>\n<p>Vous pouvez en lire plus sur les cookies dans cet <a href=\"https:\/\/fr.wikipedia.org\/wiki\/Cookie_(informatique)\">article sur Wikipedia<\/a>.<\/p>\n<p>[\/vc_column_text][vc_custom_heading text=&#8221;Quels cookies sont utilis\u00e9s sur le site museal.com ?&#8221; title_learts=&#8221;true&#8221;][vc_column_text]<\/p>\n<p>museal.com utilise les cookies suivants sur ce site, pour les raisons \/ usages d\u00e9crits. En utilisant ce site et en acceptant cette politique, vous consentez \u00e0 www.museal.com l\u2019utilisation de cookies en conformit\u00e9 avec les termes de cette politique :<\/p>\n<table border=\"1\" frame=\"VOID\" rules=\"GROUPS\" cellspacing=\"0\" cellpadding=\"4\">\n<thead>\n<tr>\n<th><strong>Type<\/strong><\/th>\n<th><strong>Cookies<\/strong><\/th>\n<th><strong>Usage<\/strong><\/th>\n<th><strong>Persistance<\/strong><\/th>\n<\/tr>\n<\/thead>\n<tbody>\n<tr>\n<td>Session<\/td>\n<td><em>DYNSRV, PHPSESSID, ADMINDYNSRV <\/em><\/td>\n<td>Cookie session technique<\/td>\n<td>Supprim\u00e9 \u00e0 la fin de la session de navigation<\/td>\n<\/tr>\n<tr>\n<td>Pr\u00e9f\u00e9rences<\/td>\n<td>moove_gdpr_popup<\/td>\n<td>Gardent la trace de votre acceptation de la politique actuelle de Cookies du site de vinosvicente.lu<\/td>\n<td>1 an<\/td>\n<\/tr>\n<tr>\n<td>Session<\/td>\n<td>Les cookies dynamiques \/ temporaires pour les membres connect\u00e9s sur le site<\/td>\n<td>Autoriser les utilisateurs enregistr\u00e9s \u00e0 visiter les pages r\u00e9serv\u00e9es<\/td>\n<td>Supprim\u00e9 \u00e0 la fin de session ou \u00e0 la d\u00e9connexion<\/td>\n<\/tr>\n<tr>\n<td>Session<\/td>\n<td>woocommerce_cart_hash, woocommerce_items_in_cart<\/td>\n<td>Pour stocker des articles dans le panier.<\/td>\n<td>Supprim\u00e9 \u00e0 la fin de session ou \u00e0 la d\u00e9connexion<\/td>\n<\/tr>\n<tr>\n<td>Pr\u00e9f\u00e9rences<\/td>\n<td><em>wp-settings-(x)<\/em><\/td>\n<td>Utilis\u00e9 par le CMS (syst\u00e8me de gestion de contenu) pour m\u00e9moriser les pr\u00e9f\u00e9rences des utilisateurs connect\u00e9s<\/td>\n<td>1 an<\/td>\n<\/tr>\n<tr>\n<td>Securit\u00e9<\/td>\n<td><em>wfwaf-authcookie-(x)<\/em><\/td>\n<td>Utilis\u00e9 par le pare-feu \u00e0 des fins de protection des utilisateurs connect\u00e9s<\/td>\n<td>10 heures<\/td>\n<\/tr>\n<tr>\n<td>Pr\u00e9f\u00e9rences<\/td>\n<td><em>wp-wpml_current_language<\/em><\/td>\n<td>Utilis\u00e9 par choix du langue<\/td>\n<td>24 heures<\/td>\n<\/tr>\n<\/tbody>\n<\/table>\n<p>&nbsp;<\/p>\n<p>[\/vc_column_text][vc_custom_heading text=&#8221;Cookies tiers utilis\u00e9s sur le site museal.com&#8221; title_learts=&#8221;true&#8221;][vc_column_text]<\/p>\n<table border=\"1\" frame=\"VOID\" rules=\"GROUPS\" cellspacing=\"0\" cellpadding=\"4\">\n<thead>\n<tr>\n<th><strong>Type<\/strong><\/th>\n<th><strong>Service<\/strong><\/th>\n<th><strong>Cookies<\/strong><\/th>\n<th><strong>Usage<\/strong><\/th>\n<th><strong>Persistance<\/strong><\/th>\n<\/tr>\n<\/thead>\n<tbody>\n<tr>\n<td><a href=\"https:\/\/www.google.com\/analytics\/learn\/privacy.html?hl=fr\">Google Analytics<\/a><\/td>\n<td>Session<\/td>\n<td><em>_ga<br \/>\n_gat<br \/>\n_gid<\/em><\/td>\n<td>Recueillir des informations sur la fa\u00e7on dont les visiteurs utilisent le site. Les donn\u00e9es collect\u00e9es sont sous forme anonyme et est \u00e9galement utilis\u00e9 par Google pour produire des rapports qui nous aident \u00e0 am\u00e9liorer le site.<\/td>\n<td>__ga: 2 ans<br \/>\n__gat: 10 minutes<br \/>\n__gid: session<\/td>\n<\/tr>\n<\/tbody>\n<\/table>\n<p>[\/vc_column_text][vc_custom_heading text=&#8221;Comment puis-je d\u00e9sactiver \/ activer les cookies sur mon navigateur ?&#8221; title_learts=&#8221;true&#8221;][vc_column_text]<a href=\"https:\/\/support.google.com\/chrome\/answer\/95647?hl=fr\" target=\"_blank\" rel=\"noopener\">Chrome\/Android<\/a><br \/>\n<a href=\"https:\/\/support.mozilla.org\/fr\/kb\/activer-desactiver-cookies-preferences\" target=\"_blank\" rel=\"noopener\">Firefox\/Mozilla<\/a><br \/>\n<a href=\"https:\/\/support.microsoft.com\/fr-fr\/help\/17442\/windows-internet-explorer-delete-manage-cookies\" target=\"_blank\" rel=\"noopener\">Internet Explorer\/Edge<\/a><br \/>\n<a href=\"https:\/\/support.apple.com\/fr-lu\/HT201265\" target=\"_blank\" rel=\"noopener\">Safari\/iOS<\/a><br \/>\n<a href=\"http:\/\/help.opera.com\/Windows\/10.00\/fr\/cookies.html\" target=\"_blank\" rel=\"noopener\">Opera<\/a><\/p>\n<p>Pour les autres navigateurs n&#8217;apparaissant pas ici, nous vous invitons \u00e0 v\u00e9rifier sur le site web de l&#8217;\u00e9diteur les instructions sur la fa\u00e7on d&#8217;activer \/ d\u00e9sactiver les cookies.[\/vc_column_text][\/vc_column][\/vc_row]<\/p>\n<\/div>","protected":false},"excerpt":{"rendered":"<p>[vc_row][vc_column][vc_custom_heading text=&#8221;En g\u00e9n\u00e9ral, que sont les cookies ?&#8221; title_learts=&#8221;true&#8221;][vc_column_text] Un \u00ab\u00a0cookie\u00a0\u00bb est un petit fichier texte, contenant un certain nombre d\u2019informations, stock\u00e9es sur le navigateur \/ dispositif utilis\u00e9 par un utilisateur pour afficher une page Web ou pour utiliser un service web. Cette information est extraite par le serveur web chaque fois que le navigateur [&hellip;]<\/p>\n","protected":false},"author":17,"featured_media":0,"parent":0,"menu_order":0,"comment_status":"closed","ping_status":"open","template":"","meta":{"footnotes":""},"class_list":["post-14077","page","type-page","status-publish","hentry"],"yoast_head":"<!-- This site is optimized with the Yoast SEO plugin v27.3 - https:\/\/yoast.com\/product\/yoast-seo-wordpress\/ -->\n<title>Politique COOKIES museal.com - Museal Editions<\/title>\n<meta name=\"robots\" content=\"index, follow, max-snippet:-1, max-image-preview:large, max-video-preview:-1\" \/>\n<link rel=\"canonical\" href=\"https:\/\/museal.com\/fr\/politique-cookies\/\" \/>\n<meta property=\"og:locale\" content=\"fr_FR\" \/>\n<meta property=\"og:type\" content=\"article\" \/>\n<meta property=\"og:title\" content=\"Politique COOKIES museal.com - Museal Editions\" \/>\n<meta property=\"og:description\" content=\"[vc_row][vc_column][vc_custom_heading text=&#8221;En g\u00e9n\u00e9ral, que sont les cookies ?&#8221; title_learts=&#8221;true&#8221;][vc_column_text] Un \u00ab\u00a0cookie\u00a0\u00bb est un petit fichier texte, contenant un certain nombre d\u2019informations, stock\u00e9es sur le navigateur \/ dispositif utilis\u00e9 par un utilisateur pour afficher une page Web ou pour utiliser un service web. Cette information est extraite par le serveur web chaque fois que le navigateur [&hellip;]\" \/>\n<meta property=\"og:url\" content=\"https:\/\/museal.com\/fr\/politique-cookies\/\" \/>\n<meta property=\"og:site_name\" content=\"Museal Editions\" \/>\n<meta property=\"article:modified_time\" content=\"2022-04-15T05:44:48+00:00\" \/>\n<meta name=\"twitter:card\" content=\"summary_large_image\" \/>\n<script type=\"application\/ld+json\" class=\"yoast-schema-graph\">{\"@context\":\"https:\\\/\\\/schema.org\",\"@graph\":[{\"@type\":\"WebPage\",\"@id\":\"https:\\\/\\\/museal.com\\\/fr\\\/politique-cookies\\\/\",\"url\":\"https:\\\/\\\/museal.com\\\/fr\\\/politique-cookies\\\/\",\"name\":\"Politique COOKIES museal.com - Museal Editions\",\"isPartOf\":{\"@id\":\"https:\\\/\\\/museal.com\\\/fr\\\/#website\"},\"datePublished\":\"2022-04-01T05:23:27+00:00\",\"dateModified\":\"2022-04-15T05:44:48+00:00\",\"breadcrumb\":{\"@id\":\"https:\\\/\\\/museal.com\\\/fr\\\/politique-cookies\\\/#breadcrumb\"},\"inLanguage\":\"fr-FR\",\"potentialAction\":[{\"@type\":\"ReadAction\",\"target\":[\"https:\\\/\\\/museal.com\\\/fr\\\/politique-cookies\\\/\"]}]},{\"@type\":\"BreadcrumbList\",\"@id\":\"https:\\\/\\\/museal.com\\\/fr\\\/politique-cookies\\\/#breadcrumb\",\"itemListElement\":[{\"@type\":\"ListItem\",\"position\":1,\"name\":\"Accueil\",\"item\":\"https:\\\/\\\/museal.com\\\/fr\\\/\"},{\"@type\":\"ListItem\",\"position\":2,\"name\":\"Politique COOKIES museal.com\"}]},{\"@type\":\"WebSite\",\"@id\":\"https:\\\/\\\/museal.com\\\/fr\\\/#website\",\"url\":\"https:\\\/\\\/museal.com\\\/fr\\\/\",\"name\":\"Museal Editions\",\"description\":\"Objets d&#039;art et de d\u00e9coration inspir\u00e9s du Patrimoine luxembourgeois\",\"publisher\":{\"@id\":\"https:\\\/\\\/museal.com\\\/fr\\\/#organization\"},\"potentialAction\":[{\"@type\":\"SearchAction\",\"target\":{\"@type\":\"EntryPoint\",\"urlTemplate\":\"https:\\\/\\\/museal.com\\\/fr\\\/?s={search_term_string}\"},\"query-input\":{\"@type\":\"PropertyValueSpecification\",\"valueRequired\":true,\"valueName\":\"search_term_string\"}}],\"inLanguage\":\"fr-FR\"},{\"@type\":\"Organization\",\"@id\":\"https:\\\/\\\/museal.com\\\/fr\\\/#organization\",\"name\":\"Museal Editions\",\"url\":\"https:\\\/\\\/museal.com\\\/fr\\\/\",\"logo\":{\"@type\":\"ImageObject\",\"inLanguage\":\"fr-FR\",\"@id\":\"https:\\\/\\\/museal.com\\\/fr\\\/#\\\/schema\\\/logo\\\/image\\\/\",\"url\":\"https:\\\/\\\/museal.com\\\/wp-content\\\/uploads\\\/2021\\\/05\\\/logo-e1621950424453.jpg\",\"contentUrl\":\"https:\\\/\\\/museal.com\\\/wp-content\\\/uploads\\\/2021\\\/05\\\/logo-e1621950424453.jpg\",\"width\":732,\"height\":574,\"caption\":\"Museal Editions\"},\"image\":{\"@id\":\"https:\\\/\\\/museal.com\\\/fr\\\/#\\\/schema\\\/logo\\\/image\\\/\"}}]}<\/script>\n<!-- \/ Yoast SEO plugin. -->","yoast_head_json":{"title":"Politique COOKIES museal.com - Museal Editions","robots":{"index":"index","follow":"follow","max-snippet":"max-snippet:-1","max-image-preview":"max-image-preview:large","max-video-preview":"max-video-preview:-1"},"canonical":"https:\/\/museal.com\/fr\/politique-cookies\/","og_locale":"fr_FR","og_type":"article","og_title":"Politique COOKIES museal.com - Museal Editions","og_description":"[vc_row][vc_column][vc_custom_heading text=&#8221;En g\u00e9n\u00e9ral, que sont les cookies ?&#8221; title_learts=&#8221;true&#8221;][vc_column_text] Un \u00ab\u00a0cookie\u00a0\u00bb est un petit fichier texte, contenant un certain nombre d\u2019informations, stock\u00e9es sur le navigateur \/ dispositif utilis\u00e9 par un utilisateur pour afficher une page Web ou pour utiliser un service web. Cette information est extraite par le serveur web chaque fois que le navigateur [&hellip;]","og_url":"https:\/\/museal.com\/fr\/politique-cookies\/","og_site_name":"Museal Editions","article_modified_time":"2022-04-15T05:44:48+00:00","twitter_card":"summary_large_image","schema":{"@context":"https:\/\/schema.org","@graph":[{"@type":"WebPage","@id":"https:\/\/museal.com\/fr\/politique-cookies\/","url":"https:\/\/museal.com\/fr\/politique-cookies\/","name":"Politique COOKIES museal.com - Museal Editions","isPartOf":{"@id":"https:\/\/museal.com\/fr\/#website"},"datePublished":"2022-04-01T05:23:27+00:00","dateModified":"2022-04-15T05:44:48+00:00","breadcrumb":{"@id":"https:\/\/museal.com\/fr\/politique-cookies\/#breadcrumb"},"inLanguage":"fr-FR","potentialAction":[{"@type":"ReadAction","target":["https:\/\/museal.com\/fr\/politique-cookies\/"]}]},{"@type":"BreadcrumbList","@id":"https:\/\/museal.com\/fr\/politique-cookies\/#breadcrumb","itemListElement":[{"@type":"ListItem","position":1,"name":"Accueil","item":"https:\/\/museal.com\/fr\/"},{"@type":"ListItem","position":2,"name":"Politique COOKIES museal.com"}]},{"@type":"WebSite","@id":"https:\/\/museal.com\/fr\/#website","url":"https:\/\/museal.com\/fr\/","name":"Museal Editions","description":"Objets d&#039;art et de d\u00e9coration inspir\u00e9s du Patrimoine luxembourgeois","publisher":{"@id":"https:\/\/museal.com\/fr\/#organization"},"potentialAction":[{"@type":"SearchAction","target":{"@type":"EntryPoint","urlTemplate":"https:\/\/museal.com\/fr\/?s={search_term_string}"},"query-input":{"@type":"PropertyValueSpecification","valueRequired":true,"valueName":"search_term_string"}}],"inLanguage":"fr-FR"},{"@type":"Organization","@id":"https:\/\/museal.com\/fr\/#organization","name":"Museal Editions","url":"https:\/\/museal.com\/fr\/","logo":{"@type":"ImageObject","inLanguage":"fr-FR","@id":"https:\/\/museal.com\/fr\/#\/schema\/logo\/image\/","url":"https:\/\/museal.com\/wp-content\/uploads\/2021\/05\/logo-e1621950424453.jpg","contentUrl":"https:\/\/museal.com\/wp-content\/uploads\/2021\/05\/logo-e1621950424453.jpg","width":732,"height":574,"caption":"Museal Editions"},"image":{"@id":"https:\/\/museal.com\/fr\/#\/schema\/logo\/image\/"}}]}},"_links":{"self":[{"href":"https:\/\/museal.com\/fr\/wp-json\/wp\/v2\/pages\/14077","targetHints":{"allow":["GET"]}}],"collection":[{"href":"https:\/\/museal.com\/fr\/wp-json\/wp\/v2\/pages"}],"about":[{"href":"https:\/\/museal.com\/fr\/wp-json\/wp\/v2\/types\/page"}],"author":[{"embeddable":true,"href":"https:\/\/museal.com\/fr\/wp-json\/wp\/v2\/users\/17"}],"replies":[{"embeddable":true,"href":"https:\/\/museal.com\/fr\/wp-json\/wp\/v2\/comments?post=14077"}],"version-history":[{"count":10,"href":"https:\/\/museal.com\/fr\/wp-json\/wp\/v2\/pages\/14077\/revisions"}],"predecessor-version":[{"id":14101,"href":"https:\/\/museal.com\/fr\/wp-json\/wp\/v2\/pages\/14077\/revisions\/14101"}],"wp:attachment":[{"href":"https:\/\/museal.com\/fr\/wp-json\/wp\/v2\/media?parent=14077"}],"curies":[{"name":"wp","href":"https:\/\/api.w.org\/{rel}","templated":true}]}}