{"id":3,"date":"2021-05-20T11:53:43","date_gmt":"2021-05-20T11:53:43","guid":{"rendered":"http:\/\/shop.museal.com\/?page_id=3"},"modified":"2021-05-25T14:24:11","modified_gmt":"2021-05-25T14:24:11","slug":"privacy-policy","status":"publish","type":"page","link":"https:\/\/museal.com\/fr\/privacy-policy\/","title":{"rendered":"Mentions l\u00e9gales \/ Politique de confidentialit\u00e9"},"content":{"rendered":"\n<p>Le site museal.com est publi\u00e9 par MUSEAL S.A., soci\u00e9t\u00e9 de droit luxembourgeois enregistr\u00e9e depuis 1998 au registre du commerce et des soci\u00e9t\u00e9s sous le n\u00b0 B 66413, matricule 1998 2224 678, n\u00b0 TVA intracommunautaire LU176500-13. Le si\u00e8ge social est au 28 rue du Dernier Sol \u00e0 Luxembourg-ville, L-2543 Luxembourg.<\/p>\n\n\n\n<p>Les informations saisies par les clients sur le site sont uniquement destin\u00e9es \u00e0 Museal Editions, qui s&#8217;engage \u00e0 ne pas les communiquer \u00e0 des tiers.&nbsp;<\/p>\n\n\n\n<p>Cette politique de confidentialit\u00e9 concerne les informations des clients, personnes int\u00e9ress\u00e9es, fournisseurs, fournisseurs potentiels, clients, artistes et toute autre personne dont Museal conserve les donn\u00e9es. Les donn\u00e9es sont recueillies par inscription sur le site web, newsletters, formulaires \u00e0 compl\u00e9ter, transmission t\u00e9l\u00e9phonique ou remise de cartes de visite.<\/p>\n\n\n\n<p>Les donn\u00e9es personnelles suivantes peuvent \u00eatre sauvegard\u00e9es : Nom, pr\u00e9nom, titre, Donn\u00e9es de contact (adresse postale, adresse mail, num\u00e9ros de t\u00e9l\u00e9phone &#8211; fixe et portable &#8211; fax) , Entreprise, cat\u00e9gorie et fonction, O\u00f9 et quand les donn\u00e9es ont \u00e9t\u00e9 obtenues, Historique des contacts. Si une relation client existe, l\u2019historique d\u2019achat ainsi que les donn\u00e9es de facturation ont \u00e9t\u00e9 enregistr\u00e9es, ainsi que les coordonn\u00e9es bancaires et les adresses de livraison.<\/p>\n\n\n\n<p>Il est possible qu\u2019\u00e0 la consultation du site web de Museal (www.museal.com) votre adresse IP et le type de navigateur soient sauvegard\u00e9s. Le site web peut contenir des liens vers d\u2019autres sites. Si vous suivez un tel lien et quittez le site de Museal, Museal ne peut garantir la confidentialit\u00e9 sur le site vers lequel vous vous dirigez.<\/p>\n\n\n\n<p>Museal utilise les donn\u00e9es \u00e0 des fins de communication en lien avec ses activit\u00e9s et l\u2019actualit\u00e9 des artistes et des auteurs avec lesquels la soci\u00e9t\u00e9 travaille. Les donn\u00e9es sont \u00e9galement utilis\u00e9es pour le suivi des achats ou des accords, contractuels ou non, avec la soci\u00e9t\u00e9. Les donn\u00e9es sont par ailleurs utilis\u00e9es pour les statistiques.<\/p>\n\n\n\n<p>Vous pouvez \u00e0 tout instant faire retirer, modifier ou consulter les donn\u00e9es vous concernant. Chaque envoi collectif d&#8217;e-mails offre la possibilit\u00e9 de d\u00e9sinscription, apr\u00e8s laquelle il n\u2019y aura plus de communication et votre mail sera retir\u00e9 d\u00e9finitivement de la base de donn\u00e9es. Vos donn\u00e9es ne sont jamais mises \u00e0 disposition des tiers, sauf si vous avez explicitement donn\u00e9 votre consentement ou si Museal y est oblig\u00e9 par voie l\u00e9gale.<\/p>\n\n\n\n<p>Vous pouvez adresser vos questions en lien avec les donn\u00e9es par mail \u00e0 info@museal.com ou par voie postale \u00e0 Museal Editions, 28 rue du Dernier Sol, L-2543 Luxembourg.<\/p>\n\n\n\n<p>Vos donn\u00e9es personnelles sont conserv\u00e9es dans un environnement s\u00e9curis\u00e9, seuls les employ\u00e9s de Museal ont acc\u00e8s \u00e0 ces donn\u00e9es. Chaque employ\u00e9 s\u2019engage \u00e0 respecter la confidentialit\u00e9 de vos informations. La mise \u00e0 jour la plus r\u00e9cente de la politique de confidentialit\u00e9 a eu lieu le 24 mai 2018. Chaque changement de cette politique vous sera communiqu\u00e9 par mail.<\/p>\n","protected":false},"excerpt":{"rendered":"<p>Le site museal.com est publi\u00e9 par MUSEAL S.A., soci\u00e9t\u00e9 de droit luxembourgeois enregistr\u00e9e depuis 1998 au registre du commerce et des soci\u00e9t\u00e9s sous le n\u00b0 B 66413, matricule 1998 2224 678, n\u00b0 TVA intracommunautaire LU176500-13. Le si\u00e8ge social est au 28 rue du Dernier Sol \u00e0 Luxembourg-ville, L-2543 Luxembourg. Les informations saisies par les clients [&hellip;]<\/p>\n","protected":false},"author":8,"featured_media":0,"parent":0,"menu_order":0,"comment_status":"closed","ping_status":"open","template":"","meta":{"footnotes":""},"class_list":["post-3","page","type-page","status-publish","hentry"],"yoast_head":"<!-- This site is optimized with the Yoast SEO plugin v27.3 - https:\/\/yoast.com\/product\/yoast-seo-wordpress\/ -->\n<title>Mentions l\u00e9gales \/ Politique de confidentialit\u00e9 - Museal Editions<\/title>\n<meta name=\"robots\" content=\"index, follow, max-snippet:-1, max-image-preview:large, max-video-preview:-1\" \/>\n<link rel=\"canonical\" href=\"https:\/\/museal.com\/fr\/privacy-policy\/\" \/>\n<meta property=\"og:locale\" content=\"fr_FR\" \/>\n<meta property=\"og:type\" content=\"article\" \/>\n<meta property=\"og:title\" content=\"Mentions l\u00e9gales \/ Politique de confidentialit\u00e9 - Museal Editions\" \/>\n<meta property=\"og:description\" content=\"Le site museal.com est publi\u00e9 par MUSEAL S.A., soci\u00e9t\u00e9 de droit luxembourgeois enregistr\u00e9e depuis 1998 au registre du commerce et des soci\u00e9t\u00e9s sous le n\u00b0 B 66413, matricule 1998 2224 678, n\u00b0 TVA intracommunautaire LU176500-13. Le si\u00e8ge social est au 28 rue du Dernier Sol \u00e0 Luxembourg-ville, L-2543 Luxembourg. Les informations saisies par les clients [&hellip;]\" \/>\n<meta property=\"og:url\" content=\"https:\/\/museal.com\/fr\/privacy-policy\/\" \/>\n<meta property=\"og:site_name\" content=\"Museal Editions\" \/>\n<meta property=\"article:modified_time\" content=\"2021-05-25T14:24:11+00:00\" \/>\n<meta name=\"twitter:card\" content=\"summary_large_image\" \/>\n<script type=\"application\/ld+json\" class=\"yoast-schema-graph\">{\"@context\":\"https:\\\/\\\/schema.org\",\"@graph\":[{\"@type\":\"WebPage\",\"@id\":\"https:\\\/\\\/museal.com\\\/fr\\\/privacy-policy\\\/\",\"url\":\"https:\\\/\\\/museal.com\\\/fr\\\/privacy-policy\\\/\",\"name\":\"Mentions l\u00e9gales \\\/ Politique de confidentialit\u00e9 - Museal Editions\",\"isPartOf\":{\"@id\":\"https:\\\/\\\/museal.com\\\/fr\\\/#website\"},\"datePublished\":\"2021-05-20T11:53:43+00:00\",\"dateModified\":\"2021-05-25T14:24:11+00:00\",\"breadcrumb\":{\"@id\":\"https:\\\/\\\/museal.com\\\/fr\\\/privacy-policy\\\/#breadcrumb\"},\"inLanguage\":\"fr-FR\",\"potentialAction\":[{\"@type\":\"ReadAction\",\"target\":[\"https:\\\/\\\/museal.com\\\/fr\\\/privacy-policy\\\/\"]}]},{\"@type\":\"BreadcrumbList\",\"@id\":\"https:\\\/\\\/museal.com\\\/fr\\\/privacy-policy\\\/#breadcrumb\",\"itemListElement\":[{\"@type\":\"ListItem\",\"position\":1,\"name\":\"Accueil\",\"item\":\"https:\\\/\\\/museal.com\\\/fr\\\/\"},{\"@type\":\"ListItem\",\"position\":2,\"name\":\"Mentions l\u00e9gales \\\/ Politique de confidentialit\u00e9\"}]},{\"@type\":\"WebSite\",\"@id\":\"https:\\\/\\\/museal.com\\\/fr\\\/#website\",\"url\":\"https:\\\/\\\/museal.com\\\/fr\\\/\",\"name\":\"Museal Editions\",\"description\":\"Objets d&#039;art et de d\u00e9coration inspir\u00e9s du Patrimoine luxembourgeois\",\"publisher\":{\"@id\":\"https:\\\/\\\/museal.com\\\/fr\\\/#organization\"},\"potentialAction\":[{\"@type\":\"SearchAction\",\"target\":{\"@type\":\"EntryPoint\",\"urlTemplate\":\"https:\\\/\\\/museal.com\\\/fr\\\/?s={search_term_string}\"},\"query-input\":{\"@type\":\"PropertyValueSpecification\",\"valueRequired\":true,\"valueName\":\"search_term_string\"}}],\"inLanguage\":\"fr-FR\"},{\"@type\":\"Organization\",\"@id\":\"https:\\\/\\\/museal.com\\\/fr\\\/#organization\",\"name\":\"Museal Editions\",\"url\":\"https:\\\/\\\/museal.com\\\/fr\\\/\",\"logo\":{\"@type\":\"ImageObject\",\"inLanguage\":\"fr-FR\",\"@id\":\"https:\\\/\\\/museal.com\\\/fr\\\/#\\\/schema\\\/logo\\\/image\\\/\",\"url\":\"https:\\\/\\\/museal.com\\\/wp-content\\\/uploads\\\/2021\\\/05\\\/logo-e1621950424453.jpg\",\"contentUrl\":\"https:\\\/\\\/museal.com\\\/wp-content\\\/uploads\\\/2021\\\/05\\\/logo-e1621950424453.jpg\",\"width\":732,\"height\":574,\"caption\":\"Museal Editions\"},\"image\":{\"@id\":\"https:\\\/\\\/museal.com\\\/fr\\\/#\\\/schema\\\/logo\\\/image\\\/\"}}]}<\/script>\n<!-- \/ Yoast SEO plugin. -->","yoast_head_json":{"title":"Mentions l\u00e9gales \/ Politique de confidentialit\u00e9 - Museal Editions","robots":{"index":"index","follow":"follow","max-snippet":"max-snippet:-1","max-image-preview":"max-image-preview:large","max-video-preview":"max-video-preview:-1"},"canonical":"https:\/\/museal.com\/fr\/privacy-policy\/","og_locale":"fr_FR","og_type":"article","og_title":"Mentions l\u00e9gales \/ Politique de confidentialit\u00e9 - Museal Editions","og_description":"Le site museal.com est publi\u00e9 par MUSEAL S.A., soci\u00e9t\u00e9 de droit luxembourgeois enregistr\u00e9e depuis 1998 au registre du commerce et des soci\u00e9t\u00e9s sous le n\u00b0 B 66413, matricule 1998 2224 678, n\u00b0 TVA intracommunautaire LU176500-13. Le si\u00e8ge social est au 28 rue du Dernier Sol \u00e0 Luxembourg-ville, L-2543 Luxembourg. Les informations saisies par les clients [&hellip;]","og_url":"https:\/\/museal.com\/fr\/privacy-policy\/","og_site_name":"Museal Editions","article_modified_time":"2021-05-25T14:24:11+00:00","twitter_card":"summary_large_image","schema":{"@context":"https:\/\/schema.org","@graph":[{"@type":"WebPage","@id":"https:\/\/museal.com\/fr\/privacy-policy\/","url":"https:\/\/museal.com\/fr\/privacy-policy\/","name":"Mentions l\u00e9gales \/ Politique de confidentialit\u00e9 - Museal Editions","isPartOf":{"@id":"https:\/\/museal.com\/fr\/#website"},"datePublished":"2021-05-20T11:53:43+00:00","dateModified":"2021-05-25T14:24:11+00:00","breadcrumb":{"@id":"https:\/\/museal.com\/fr\/privacy-policy\/#breadcrumb"},"inLanguage":"fr-FR","potentialAction":[{"@type":"ReadAction","target":["https:\/\/museal.com\/fr\/privacy-policy\/"]}]},{"@type":"BreadcrumbList","@id":"https:\/\/museal.com\/fr\/privacy-policy\/#breadcrumb","itemListElement":[{"@type":"ListItem","position":1,"name":"Accueil","item":"https:\/\/museal.com\/fr\/"},{"@type":"ListItem","position":2,"name":"Mentions l\u00e9gales \/ Politique de confidentialit\u00e9"}]},{"@type":"WebSite","@id":"https:\/\/museal.com\/fr\/#website","url":"https:\/\/museal.com\/fr\/","name":"Museal Editions","description":"Objets d&#039;art et de d\u00e9coration inspir\u00e9s du Patrimoine luxembourgeois","publisher":{"@id":"https:\/\/museal.com\/fr\/#organization"},"potentialAction":[{"@type":"SearchAction","target":{"@type":"EntryPoint","urlTemplate":"https:\/\/museal.com\/fr\/?s={search_term_string}"},"query-input":{"@type":"PropertyValueSpecification","valueRequired":true,"valueName":"search_term_string"}}],"inLanguage":"fr-FR"},{"@type":"Organization","@id":"https:\/\/museal.com\/fr\/#organization","name":"Museal Editions","url":"https:\/\/museal.com\/fr\/","logo":{"@type":"ImageObject","inLanguage":"fr-FR","@id":"https:\/\/museal.com\/fr\/#\/schema\/logo\/image\/","url":"https:\/\/museal.com\/wp-content\/uploads\/2021\/05\/logo-e1621950424453.jpg","contentUrl":"https:\/\/museal.com\/wp-content\/uploads\/2021\/05\/logo-e1621950424453.jpg","width":732,"height":574,"caption":"Museal Editions"},"image":{"@id":"https:\/\/museal.com\/fr\/#\/schema\/logo\/image\/"}}]}},"_links":{"self":[{"href":"https:\/\/museal.com\/fr\/wp-json\/wp\/v2\/pages\/3","targetHints":{"allow":["GET"]}}],"collection":[{"href":"https:\/\/museal.com\/fr\/wp-json\/wp\/v2\/pages"}],"about":[{"href":"https:\/\/museal.com\/fr\/wp-json\/wp\/v2\/types\/page"}],"author":[{"embeddable":true,"href":"https:\/\/museal.com\/fr\/wp-json\/wp\/v2\/users\/8"}],"replies":[{"embeddable":true,"href":"https:\/\/museal.com\/fr\/wp-json\/wp\/v2\/comments?post=3"}],"version-history":[{"count":0,"href":"https:\/\/museal.com\/fr\/wp-json\/wp\/v2\/pages\/3\/revisions"}],"wp:attachment":[{"href":"https:\/\/museal.com\/fr\/wp-json\/wp\/v2\/media?parent=3"}],"curies":[{"name":"wp","href":"https:\/\/api.w.org\/{rel}","templated":true}]}}