{"id":3650,"date":"2021-05-25T14:24:56","date_gmt":"2021-05-25T14:24:56","guid":{"rendered":"http:\/\/shop.museal.com\/?page_id=3650"},"modified":"2022-04-11T10:13:48","modified_gmt":"2022-04-11T08:13:48","slug":"conditions-generales-de-vente","status":"publish","type":"page","link":"https:\/\/museal.com\/fr\/conditions-generales-de-vente\/","title":{"rendered":"Conditions g\u00e9n\u00e9rales de vente"},"content":{"rendered":"<div class=\"wpb-content-wrapper\"><p>[vc_row][vc_column][vc_column_text]<\/p>\r\n<p>Les conditions de vente ci-apr\u00e8s s\u2019appliqueront \u00e0 la vente de tous les articles qui sont sur le site web de Museal \u00c9ditions. Le si\u00e8ge de Museal \u00c9ditions se trouve au 28 rue du Dernier Sol \u00e0 Luxembourg-Ville.<\/p>\r\n\r\n<p>Le fait de passer commande sur notre site, et d&#8217;accepter leur livraison implique pour l&#8217;acheteur la prise de connaissance et l&#8217;adh\u00e9sion enti\u00e8re et sans r\u00e9serves aux pr\u00e9sentes conditions g\u00e9n\u00e9rales de ventes. Museal \u00c9ditions se r\u00e9serve le droit de modifier ces conditions de vente \u00e0 son gr\u00e9, sans avis pr\u00e9alable.<\/p>\r\n\r\n<p>ARTICLE 1 : PRIX<\/p>\r\n\r\n<p>\u00a01.1 Les prix de nos produits sont indiqu\u00e9s en euros, TVA comprise mais hors participation aux frais d\u2019exp\u00e9ditions.<\/p>\r\n\r\n<p>1.2 Pour toutes les commandes, le paiement sera effectu\u00e9 en euros.<\/p>\r\n\r\n<p>1.3 Museal \u00c9ditions se r\u00e9serve le droit de modifier \u00e0 tout moment les prix indiqu\u00e9s. N\u00e9anmoins les produits seront factur\u00e9s sur la base des tarifs en vigueur lors de l\u2019enregistrement des commandes, sous r\u00e9serve de disponibilit\u00e9 \u00e0 cette date.<\/p>\r\n\r\n<p>1.4 Les produits restent la propri\u00e9t\u00e9 de Museal \u00c9ditions jusqu\u2019au paiement complet du prix des produits.<\/p>\r\n\r\n<p>\u00a0ARTICLE 2 : COMMANDE<\/p>\r\n\r\n<p>\u00a02.1 Toutes les commandes pass\u00e9es sur notre site internet www.museal.com impliquent l\u2019acceptation de l\u2019ensemble des conditions g\u00e9n\u00e9rales de vente. Les illustrations et textes sont pr\u00e9sent\u00e9s \u00e0 titre indicatif et non contractuel.<\/p>\r\n\r\n<p>2.2 Toutes les commandes seront suivies d&#8217;une confirmation de commande, envoy\u00e9e par nos services, par email, et ce dans les meilleurs d\u00e9lais possibles.<\/p>\r\n\r\n<p>2.3 Museal \u00c9ditions se r\u00e9serve le droit d\u2019annuler ou de refuser une commande, dans ce cas le client ayant d\u00e9j\u00e0 r\u00e9gl\u00e9 sera imm\u00e9diatement rembours\u00e9.<\/p>\r\n\r\n<p>\u00a0ARTICLE 3 : DISPONIBILITE<\/p>\r\n\r\n<p>\u00a03.1 Nos offres de produits et de prix sont valables tant qu\u2019ils sont visibles sur notre site, dans la limite des stocks disponibles.<\/p>\r\n\r\n<p>3.2 Le client est inform\u00e9 de la disponibilit\u00e9 du ou des articles command\u00e9s par email, et ce dans les meilleurs d\u00e9lais possibles.<\/p>\r\n\r\n<p>\u00a0ARTICLE 4: LIVRAISON<\/p>\r\n\r\n<p>\u00a04.1 Le ou les produits command\u00e9s sur le site Museal \u00c9ditions sont livr\u00e9s \u00e0 l\u2019adresse de livraison indiqu\u00e9e par le client lors de la commande.<\/p>\r\n\r\n<p>4.2 Museal \u00c9ditions ne pourra \u00eatre tenu responsable d&#8217;un retard d&#8217;acheminement.<\/p>\r\n\r\n<p>4.3 Lors de la r\u00e9ception du ou des produits, il appartient au client de v\u00e9rifier la conformit\u00e9 et l\u2019\u00e9tat du ou des produits exp\u00e9di\u00e9s. Le bon de livraison doit \u00eatre sign\u00e9 \u00ab sous r\u00e9serve de d\u00e9ballage \u00bb afin de se pr\u00e9munir des dommages \u00e9ventuels li\u00e9s au transport. Le cas \u00e9ch\u00e9ant, le client devra contacter le transporteur et Museal \u00c9ditions sous 48 heures, afin de pouvoir saisir l&#8217;assurance et r\u00e9exp\u00e9dier rapidement un nouveau produit.<\/p>\r\n\r\n<p>4.4 Si les produits re\u00e7us ne correspondent pas \u00e0 la commande ou pr\u00e9sentent des d\u00e9fauts de fabrication, le client devra effectuer une r\u00e9clamation dans les 7 jours qui suivent la livraison du transporteur soit par t\u00e9l\u00e9phone au +352 46 59 60, soit par mail \u00e0 museal@museal.com , soit par courrier \u00e0 l&#8217;adresse suivante:<\/p>\r\n\r\n<p>Museal \u00c9ditions, R\u00e9sidence DALI, 28 rue du Dernier Sol, L-2543 Luxembourg<\/p>\r\n\r\n<p>\u00a04.5 Les frais de livraison calcul\u00e9s par le site\u00a0sont bas\u00e9s sur les\u00a0tarifs en vigueur d\u00e9termin\u00e9s par la poste luxembourgeoise. Ils seront \u00e9ventuellement ajust\u00e9s pour des envois hors standard (dimensions, assurances suppl\u00e9mentaires, emballages sp\u00e9ciaux, &#8230;) et communiqu\u00e9s au client avant r\u00e8glement.<\/p>\r\n\r\n<p>\u00a0<a id=\"section_paiement\"><\/a>ARTICLE 5: PAIEMENT<\/p>\r\n\r\n<p>\u00a0Pour r\u00e9gler les achats, trois modes de paiement sont \u00e0 la disposition du client:<\/p>\r\n\r\n<p>-Enl\u00e8vement: paiement en liquide ou par Bancomat, Visa ou Eurocard\/Mastercard lors du retrait de vos achats \u00e0 l\u2019Espace Museal.<\/p>\r\n\r\n<p>-Par paypal : A la r\u00e9ception de la facture le client effectuera le virement du montant de la facture en cliquant sur le bouton PAYPAL figurant sur le site Museal.com<\/p>\r\n\r\n<p>-Par virement bancaire: A la r\u00e9ception de la facture le client effectuera le virement du montant de la facture sur le compte bancaire indiqu\u00e9 ci dessous:<\/p>\r\n\r\n<p>N\u00b0 de compte : LU31 0021 1387 9971 8000, Banque Dexia-Bil, code swift BILLLULL<\/p>\r\n\r\n<p>ARTICLE 6 : REMBOURSEMENT<\/p>\r\n\r\n<p>\u00a0Le client dispose pour toute commande pay\u00e9e \u00e0 distance d\u2019un d\u00e9lai de r\u00e9tractation de 7 jours. En cas de retour des produits, le remboursement sera effectu\u00e9 dans un d\u00e9lai de 1 mois suivant la r\u00e9ception du colis par Museal \u00c9ditions. Les frais de ce retour sont \u00e0 la charge du client.<\/p>\r\n\r\n<p>\u00a0ARTICLE 7 : RESPONSABILITE<\/p>\r\n\r\n<p>Museal Editions ne saurait \u00eatre tenues pour responsable d\u2019\u00e9ventuelles erreurs figurant sur le site, ou en cas de non respect de la l\u00e9gislation du pays o\u00f9 le produit est livr\u00e9. Il\u00a0 appartient au client de v\u00e9rifier aupr\u00e8s des autorit\u00e9s locales les possibilit\u00e9s d\u2019importation ou d\u2019utilisation des produits ou services qu&#8217;il envisage de commander.<\/p>\r\n\r\n<p>\u00a0ARTICLE 8 : AGE LEGAL<\/p>\r\n\r\n<p>\u00a0Seuls les personnes majeures sont autoris\u00e9es \u00e0 passer une commande.<\/p>\r\n\r\n<p>\u00a0ARTICLE 9 : PROPRIETE INTELLECTUELLE<\/p>\r\n\r\n<p>Toute reproduction totale ou partielle des textes, images et graphismes contenus sur le site museal.com est interdite.<\/p>\r\n\r\n<p>ARTICLE 10 : DROIT APPLICABLE \u2013 LITIGES<\/p>\r\n\r\n<p>Seule la version fran\u00e7aise du pr\u00e9sent contrat fait foi. En cas de litige, Museal Editions et ses clients s\u2019efforceront de trouver une solution amiable. En cas d\u2019\u00e9chec, le tribunal de Luxembourg sera seul comp\u00e9tent.<\/p>\r\n\r\n<p>&nbsp;<\/p>\r\n<p>[\/vc_column_text][\/vc_column][\/vc_row]<\/p><\/div>","protected":false},"excerpt":{"rendered":"<p>[vc_row][vc_column][vc_column_text] Les conditions de vente ci-apr\u00e8s s\u2019appliqueront \u00e0 la vente de tous les articles qui sont sur le site web de Museal \u00c9ditions. Le si\u00e8ge de Museal \u00c9ditions se trouve au 28 rue du Dernier Sol \u00e0 Luxembourg-Ville. Le fait de passer commande sur notre site, et d&#8217;accepter leur livraison implique pour l&#8217;acheteur la prise [&hellip;]<\/p>\n","protected":false},"author":8,"featured_media":0,"parent":0,"menu_order":0,"comment_status":"closed","ping_status":"closed","template":"","meta":{"footnotes":""},"class_list":["post-3650","page","type-page","status-publish","hentry"],"yoast_head":"<!-- This site is optimized with the Yoast SEO plugin v27.3 - https:\/\/yoast.com\/product\/yoast-seo-wordpress\/ -->\n<title>Conditions g\u00e9n\u00e9rales de vente - Museal Editions<\/title>\n<meta name=\"robots\" content=\"index, follow, max-snippet:-1, max-image-preview:large, max-video-preview:-1\" \/>\n<link rel=\"canonical\" href=\"https:\/\/museal.com\/fr\/conditions-generales-de-vente\/\" \/>\n<meta property=\"og:locale\" content=\"fr_FR\" \/>\n<meta property=\"og:type\" content=\"article\" \/>\n<meta property=\"og:title\" content=\"Conditions g\u00e9n\u00e9rales de vente - Museal Editions\" \/>\n<meta property=\"og:description\" content=\"[vc_row][vc_column][vc_column_text] Les conditions de vente ci-apr\u00e8s s\u2019appliqueront \u00e0 la vente de tous les articles qui sont sur le site web de Museal \u00c9ditions. Le si\u00e8ge de Museal \u00c9ditions se trouve au 28 rue du Dernier Sol \u00e0 Luxembourg-Ville. Le fait de passer commande sur notre site, et d&#8217;accepter leur livraison implique pour l&#8217;acheteur la prise [&hellip;]\" \/>\n<meta property=\"og:url\" content=\"https:\/\/museal.com\/fr\/conditions-generales-de-vente\/\" \/>\n<meta property=\"og:site_name\" content=\"Museal Editions\" \/>\n<meta property=\"article:modified_time\" content=\"2022-04-11T08:13:48+00:00\" \/>\n<meta name=\"twitter:card\" content=\"summary_large_image\" \/>\n<script type=\"application\/ld+json\" class=\"yoast-schema-graph\">{\"@context\":\"https:\\\/\\\/schema.org\",\"@graph\":[{\"@type\":\"WebPage\",\"@id\":\"https:\\\/\\\/museal.com\\\/fr\\\/conditions-generales-de-vente\\\/\",\"url\":\"https:\\\/\\\/museal.com\\\/fr\\\/conditions-generales-de-vente\\\/\",\"name\":\"Conditions g\u00e9n\u00e9rales de vente - Museal Editions\",\"isPartOf\":{\"@id\":\"https:\\\/\\\/museal.com\\\/fr\\\/#website\"},\"datePublished\":\"2021-05-25T14:24:56+00:00\",\"dateModified\":\"2022-04-11T08:13:48+00:00\",\"breadcrumb\":{\"@id\":\"https:\\\/\\\/museal.com\\\/fr\\\/conditions-generales-de-vente\\\/#breadcrumb\"},\"inLanguage\":\"fr-FR\",\"potentialAction\":[{\"@type\":\"ReadAction\",\"target\":[\"https:\\\/\\\/museal.com\\\/fr\\\/conditions-generales-de-vente\\\/\"]}]},{\"@type\":\"BreadcrumbList\",\"@id\":\"https:\\\/\\\/museal.com\\\/fr\\\/conditions-generales-de-vente\\\/#breadcrumb\",\"itemListElement\":[{\"@type\":\"ListItem\",\"position\":1,\"name\":\"Accueil\",\"item\":\"https:\\\/\\\/museal.com\\\/fr\\\/\"},{\"@type\":\"ListItem\",\"position\":2,\"name\":\"Conditions g\u00e9n\u00e9rales de vente\"}]},{\"@type\":\"WebSite\",\"@id\":\"https:\\\/\\\/museal.com\\\/fr\\\/#website\",\"url\":\"https:\\\/\\\/museal.com\\\/fr\\\/\",\"name\":\"Museal Editions\",\"description\":\"Objets d&#039;art et de d\u00e9coration inspir\u00e9s du Patrimoine luxembourgeois\",\"publisher\":{\"@id\":\"https:\\\/\\\/museal.com\\\/fr\\\/#organization\"},\"potentialAction\":[{\"@type\":\"SearchAction\",\"target\":{\"@type\":\"EntryPoint\",\"urlTemplate\":\"https:\\\/\\\/museal.com\\\/fr\\\/?s={search_term_string}\"},\"query-input\":{\"@type\":\"PropertyValueSpecification\",\"valueRequired\":true,\"valueName\":\"search_term_string\"}}],\"inLanguage\":\"fr-FR\"},{\"@type\":\"Organization\",\"@id\":\"https:\\\/\\\/museal.com\\\/fr\\\/#organization\",\"name\":\"Museal Editions\",\"url\":\"https:\\\/\\\/museal.com\\\/fr\\\/\",\"logo\":{\"@type\":\"ImageObject\",\"inLanguage\":\"fr-FR\",\"@id\":\"https:\\\/\\\/museal.com\\\/fr\\\/#\\\/schema\\\/logo\\\/image\\\/\",\"url\":\"https:\\\/\\\/museal.com\\\/wp-content\\\/uploads\\\/2021\\\/05\\\/logo-e1621950424453.jpg\",\"contentUrl\":\"https:\\\/\\\/museal.com\\\/wp-content\\\/uploads\\\/2021\\\/05\\\/logo-e1621950424453.jpg\",\"width\":732,\"height\":574,\"caption\":\"Museal Editions\"},\"image\":{\"@id\":\"https:\\\/\\\/museal.com\\\/fr\\\/#\\\/schema\\\/logo\\\/image\\\/\"}}]}<\/script>\n<!-- \/ Yoast SEO plugin. -->","yoast_head_json":{"title":"Conditions g\u00e9n\u00e9rales de vente - Museal Editions","robots":{"index":"index","follow":"follow","max-snippet":"max-snippet:-1","max-image-preview":"max-image-preview:large","max-video-preview":"max-video-preview:-1"},"canonical":"https:\/\/museal.com\/fr\/conditions-generales-de-vente\/","og_locale":"fr_FR","og_type":"article","og_title":"Conditions g\u00e9n\u00e9rales de vente - Museal Editions","og_description":"[vc_row][vc_column][vc_column_text] Les conditions de vente ci-apr\u00e8s s\u2019appliqueront \u00e0 la vente de tous les articles qui sont sur le site web de Museal \u00c9ditions. Le si\u00e8ge de Museal \u00c9ditions se trouve au 28 rue du Dernier Sol \u00e0 Luxembourg-Ville. Le fait de passer commande sur notre site, et d&#8217;accepter leur livraison implique pour l&#8217;acheteur la prise [&hellip;]","og_url":"https:\/\/museal.com\/fr\/conditions-generales-de-vente\/","og_site_name":"Museal Editions","article_modified_time":"2022-04-11T08:13:48+00:00","twitter_card":"summary_large_image","schema":{"@context":"https:\/\/schema.org","@graph":[{"@type":"WebPage","@id":"https:\/\/museal.com\/fr\/conditions-generales-de-vente\/","url":"https:\/\/museal.com\/fr\/conditions-generales-de-vente\/","name":"Conditions g\u00e9n\u00e9rales de vente - Museal Editions","isPartOf":{"@id":"https:\/\/museal.com\/fr\/#website"},"datePublished":"2021-05-25T14:24:56+00:00","dateModified":"2022-04-11T08:13:48+00:00","breadcrumb":{"@id":"https:\/\/museal.com\/fr\/conditions-generales-de-vente\/#breadcrumb"},"inLanguage":"fr-FR","potentialAction":[{"@type":"ReadAction","target":["https:\/\/museal.com\/fr\/conditions-generales-de-vente\/"]}]},{"@type":"BreadcrumbList","@id":"https:\/\/museal.com\/fr\/conditions-generales-de-vente\/#breadcrumb","itemListElement":[{"@type":"ListItem","position":1,"name":"Accueil","item":"https:\/\/museal.com\/fr\/"},{"@type":"ListItem","position":2,"name":"Conditions g\u00e9n\u00e9rales de vente"}]},{"@type":"WebSite","@id":"https:\/\/museal.com\/fr\/#website","url":"https:\/\/museal.com\/fr\/","name":"Museal Editions","description":"Objets d&#039;art et de d\u00e9coration inspir\u00e9s du Patrimoine luxembourgeois","publisher":{"@id":"https:\/\/museal.com\/fr\/#organization"},"potentialAction":[{"@type":"SearchAction","target":{"@type":"EntryPoint","urlTemplate":"https:\/\/museal.com\/fr\/?s={search_term_string}"},"query-input":{"@type":"PropertyValueSpecification","valueRequired":true,"valueName":"search_term_string"}}],"inLanguage":"fr-FR"},{"@type":"Organization","@id":"https:\/\/museal.com\/fr\/#organization","name":"Museal Editions","url":"https:\/\/museal.com\/fr\/","logo":{"@type":"ImageObject","inLanguage":"fr-FR","@id":"https:\/\/museal.com\/fr\/#\/schema\/logo\/image\/","url":"https:\/\/museal.com\/wp-content\/uploads\/2021\/05\/logo-e1621950424453.jpg","contentUrl":"https:\/\/museal.com\/wp-content\/uploads\/2021\/05\/logo-e1621950424453.jpg","width":732,"height":574,"caption":"Museal Editions"},"image":{"@id":"https:\/\/museal.com\/fr\/#\/schema\/logo\/image\/"}}]}},"_links":{"self":[{"href":"https:\/\/museal.com\/fr\/wp-json\/wp\/v2\/pages\/3650","targetHints":{"allow":["GET"]}}],"collection":[{"href":"https:\/\/museal.com\/fr\/wp-json\/wp\/v2\/pages"}],"about":[{"href":"https:\/\/museal.com\/fr\/wp-json\/wp\/v2\/types\/page"}],"author":[{"embeddable":true,"href":"https:\/\/museal.com\/fr\/wp-json\/wp\/v2\/users\/8"}],"replies":[{"embeddable":true,"href":"https:\/\/museal.com\/fr\/wp-json\/wp\/v2\/comments?post=3650"}],"version-history":[{"count":2,"href":"https:\/\/museal.com\/fr\/wp-json\/wp\/v2\/pages\/3650\/revisions"}],"predecessor-version":[{"id":14097,"href":"https:\/\/museal.com\/fr\/wp-json\/wp\/v2\/pages\/3650\/revisions\/14097"}],"wp:attachment":[{"href":"https:\/\/museal.com\/fr\/wp-json\/wp\/v2\/media?parent=3650"}],"curies":[{"name":"wp","href":"https:\/\/api.w.org\/{rel}","templated":true}]}}