{"id":3656,"date":"2021-05-25T14:28:59","date_gmt":"2021-05-25T14:28:59","guid":{"rendered":"http:\/\/shop.museal.com\/?page_id=3656"},"modified":"2022-04-01T06:51:37","modified_gmt":"2022-04-01T04:51:37","slug":"paiement","status":"publish","type":"page","link":"https:\/\/museal.com\/fr\/paiement\/","title":{"rendered":"Paiement"},"content":{"rendered":"\r\n<p>Pour r\u00e9gler vos achats, trois modes de paiement sont \u00e0 votre disposition:<\/p>\r\n\r\n\r\n\r\n<p>A l&#8217;enl\u00e8vement: paiement en esp\u00e8ces ou par V-pay, Visa ou Eurocard\/Mastercard lors du retrait de vos achats \u00e0 l&#8217;Espace Museal, R\u00e9sidence DALI, 28 rue du Dernier Sol \u00e0 Luxembourg-Ville.<\/p>\r\n\r\n\r\n\r\n<p>Par paypal ou carte de cr\u00e9dit : Attendez la r\u00e9ception de notre confirmation par email de la disponibilit\u00e9 et des frais de port \u00e9ventuels, puis effectuez ensuite le r\u00e8glement\u00a0 en cliquant simplement sur le lien pr\u00e9sent dans cet email. Il vous conduit directement sur la page s\u00e9curis\u00e9e de r\u00e8glement paypal, o\u00f9 vous pouvez r\u00e8gler soit depuis votre compte paypal soit avec votre carte de cr\u00e9dit visa, mastercard ou american express. Le tout sans frais, rapidement et en totale s\u00e9curit\u00e9. A aucun moment nous n&#8217;avons connaissance de votre n\u00b0 de carte ou code confidentiel.<\/p>\r\n\r\n\r\n\r\n<p>Par virement bancaire: Attendez la r\u00e9ception de notre confirmation par email de la disponibilit\u00e9 et des frais de port \u00e9ventuels, puis effectuez ensuite le virement du montant de la facture\u00a0 sur le compte bancaire indiqu\u00e9 en fin de commande.<\/p>\r\n\r\n\r\n\r\n<p>Lire nos conditions g\u00e9n\u00e9rales de vente :\u00a0<a href=\"http:\/\/museal.com\/conditions-generales-de-vente\/\" target=\"_blank\" rel=\"noreferrer noopener\" data-type=\"page\" data-id=\"3650\">cliquez ici<\/a><\/p>\r\n","protected":false},"excerpt":{"rendered":"<p>Pour r\u00e9gler vos achats, trois modes de paiement sont \u00e0 votre disposition: A l&#8217;enl\u00e8vement: paiement en esp\u00e8ces ou par V-pay, Visa ou Eurocard\/Mastercard lors du retrait de vos achats \u00e0 l&#8217;Espace Museal, R\u00e9sidence DALI, 28 rue du Dernier Sol \u00e0 Luxembourg-Ville. Par paypal ou carte de cr\u00e9dit : Attendez la r\u00e9ception de notre confirmation par [&hellip;]<\/p>\n","protected":false},"author":8,"featured_media":0,"parent":0,"menu_order":0,"comment_status":"closed","ping_status":"closed","template":"","meta":{"footnotes":""},"class_list":["post-3656","page","type-page","status-publish","hentry"],"yoast_head":"<!-- This site is optimized with the Yoast SEO plugin v27.3 - https:\/\/yoast.com\/product\/yoast-seo-wordpress\/ -->\n<title>Paiement - Museal Editions<\/title>\n<meta name=\"robots\" content=\"index, follow, max-snippet:-1, max-image-preview:large, max-video-preview:-1\" \/>\n<link rel=\"canonical\" href=\"https:\/\/museal.com\/fr\/paiement\/\" \/>\n<meta property=\"og:locale\" content=\"fr_FR\" \/>\n<meta property=\"og:type\" content=\"article\" \/>\n<meta property=\"og:title\" content=\"Paiement - Museal Editions\" \/>\n<meta property=\"og:description\" content=\"Pour r\u00e9gler vos achats, trois modes de paiement sont \u00e0 votre disposition: A l&#8217;enl\u00e8vement: paiement en esp\u00e8ces ou par V-pay, Visa ou Eurocard\/Mastercard lors du retrait de vos achats \u00e0 l&#8217;Espace Museal, R\u00e9sidence DALI, 28 rue du Dernier Sol \u00e0 Luxembourg-Ville. Par paypal ou carte de cr\u00e9dit : Attendez la r\u00e9ception de notre confirmation par [&hellip;]\" \/>\n<meta property=\"og:url\" content=\"https:\/\/museal.com\/fr\/paiement\/\" \/>\n<meta property=\"og:site_name\" content=\"Museal Editions\" \/>\n<meta property=\"article:modified_time\" content=\"2022-04-01T04:51:37+00:00\" \/>\n<meta name=\"twitter:card\" content=\"summary_large_image\" \/>\n<script type=\"application\/ld+json\" class=\"yoast-schema-graph\">{\"@context\":\"https:\\\/\\\/schema.org\",\"@graph\":[{\"@type\":\"WebPage\",\"@id\":\"https:\\\/\\\/museal.com\\\/fr\\\/paiement\\\/\",\"url\":\"https:\\\/\\\/museal.com\\\/fr\\\/paiement\\\/\",\"name\":\"Paiement - Museal Editions\",\"isPartOf\":{\"@id\":\"https:\\\/\\\/museal.com\\\/fr\\\/#website\"},\"datePublished\":\"2021-05-25T14:28:59+00:00\",\"dateModified\":\"2022-04-01T04:51:37+00:00\",\"breadcrumb\":{\"@id\":\"https:\\\/\\\/museal.com\\\/fr\\\/paiement\\\/#breadcrumb\"},\"inLanguage\":\"fr-FR\",\"potentialAction\":[{\"@type\":\"ReadAction\",\"target\":[\"https:\\\/\\\/museal.com\\\/fr\\\/paiement\\\/\"]}]},{\"@type\":\"BreadcrumbList\",\"@id\":\"https:\\\/\\\/museal.com\\\/fr\\\/paiement\\\/#breadcrumb\",\"itemListElement\":[{\"@type\":\"ListItem\",\"position\":1,\"name\":\"Accueil\",\"item\":\"https:\\\/\\\/museal.com\\\/fr\\\/\"},{\"@type\":\"ListItem\",\"position\":2,\"name\":\"Paiement\"}]},{\"@type\":\"WebSite\",\"@id\":\"https:\\\/\\\/museal.com\\\/fr\\\/#website\",\"url\":\"https:\\\/\\\/museal.com\\\/fr\\\/\",\"name\":\"Museal Editions\",\"description\":\"Objets d&#039;art et de d\u00e9coration inspir\u00e9s du Patrimoine luxembourgeois\",\"publisher\":{\"@id\":\"https:\\\/\\\/museal.com\\\/fr\\\/#organization\"},\"potentialAction\":[{\"@type\":\"SearchAction\",\"target\":{\"@type\":\"EntryPoint\",\"urlTemplate\":\"https:\\\/\\\/museal.com\\\/fr\\\/?s={search_term_string}\"},\"query-input\":{\"@type\":\"PropertyValueSpecification\",\"valueRequired\":true,\"valueName\":\"search_term_string\"}}],\"inLanguage\":\"fr-FR\"},{\"@type\":\"Organization\",\"@id\":\"https:\\\/\\\/museal.com\\\/fr\\\/#organization\",\"name\":\"Museal Editions\",\"url\":\"https:\\\/\\\/museal.com\\\/fr\\\/\",\"logo\":{\"@type\":\"ImageObject\",\"inLanguage\":\"fr-FR\",\"@id\":\"https:\\\/\\\/museal.com\\\/fr\\\/#\\\/schema\\\/logo\\\/image\\\/\",\"url\":\"https:\\\/\\\/museal.com\\\/wp-content\\\/uploads\\\/2021\\\/05\\\/logo-e1621950424453.jpg\",\"contentUrl\":\"https:\\\/\\\/museal.com\\\/wp-content\\\/uploads\\\/2021\\\/05\\\/logo-e1621950424453.jpg\",\"width\":732,\"height\":574,\"caption\":\"Museal Editions\"},\"image\":{\"@id\":\"https:\\\/\\\/museal.com\\\/fr\\\/#\\\/schema\\\/logo\\\/image\\\/\"}}]}<\/script>\n<!-- \/ Yoast SEO plugin. -->","yoast_head_json":{"title":"Paiement - Museal Editions","robots":{"index":"index","follow":"follow","max-snippet":"max-snippet:-1","max-image-preview":"max-image-preview:large","max-video-preview":"max-video-preview:-1"},"canonical":"https:\/\/museal.com\/fr\/paiement\/","og_locale":"fr_FR","og_type":"article","og_title":"Paiement - Museal Editions","og_description":"Pour r\u00e9gler vos achats, trois modes de paiement sont \u00e0 votre disposition: A l&#8217;enl\u00e8vement: paiement en esp\u00e8ces ou par V-pay, Visa ou Eurocard\/Mastercard lors du retrait de vos achats \u00e0 l&#8217;Espace Museal, R\u00e9sidence DALI, 28 rue du Dernier Sol \u00e0 Luxembourg-Ville. Par paypal ou carte de cr\u00e9dit : Attendez la r\u00e9ception de notre confirmation par [&hellip;]","og_url":"https:\/\/museal.com\/fr\/paiement\/","og_site_name":"Museal Editions","article_modified_time":"2022-04-01T04:51:37+00:00","twitter_card":"summary_large_image","schema":{"@context":"https:\/\/schema.org","@graph":[{"@type":"WebPage","@id":"https:\/\/museal.com\/fr\/paiement\/","url":"https:\/\/museal.com\/fr\/paiement\/","name":"Paiement - Museal Editions","isPartOf":{"@id":"https:\/\/museal.com\/fr\/#website"},"datePublished":"2021-05-25T14:28:59+00:00","dateModified":"2022-04-01T04:51:37+00:00","breadcrumb":{"@id":"https:\/\/museal.com\/fr\/paiement\/#breadcrumb"},"inLanguage":"fr-FR","potentialAction":[{"@type":"ReadAction","target":["https:\/\/museal.com\/fr\/paiement\/"]}]},{"@type":"BreadcrumbList","@id":"https:\/\/museal.com\/fr\/paiement\/#breadcrumb","itemListElement":[{"@type":"ListItem","position":1,"name":"Accueil","item":"https:\/\/museal.com\/fr\/"},{"@type":"ListItem","position":2,"name":"Paiement"}]},{"@type":"WebSite","@id":"https:\/\/museal.com\/fr\/#website","url":"https:\/\/museal.com\/fr\/","name":"Museal Editions","description":"Objets d&#039;art et de d\u00e9coration inspir\u00e9s du Patrimoine luxembourgeois","publisher":{"@id":"https:\/\/museal.com\/fr\/#organization"},"potentialAction":[{"@type":"SearchAction","target":{"@type":"EntryPoint","urlTemplate":"https:\/\/museal.com\/fr\/?s={search_term_string}"},"query-input":{"@type":"PropertyValueSpecification","valueRequired":true,"valueName":"search_term_string"}}],"inLanguage":"fr-FR"},{"@type":"Organization","@id":"https:\/\/museal.com\/fr\/#organization","name":"Museal Editions","url":"https:\/\/museal.com\/fr\/","logo":{"@type":"ImageObject","inLanguage":"fr-FR","@id":"https:\/\/museal.com\/fr\/#\/schema\/logo\/image\/","url":"https:\/\/museal.com\/wp-content\/uploads\/2021\/05\/logo-e1621950424453.jpg","contentUrl":"https:\/\/museal.com\/wp-content\/uploads\/2021\/05\/logo-e1621950424453.jpg","width":732,"height":574,"caption":"Museal Editions"},"image":{"@id":"https:\/\/museal.com\/fr\/#\/schema\/logo\/image\/"}}]}},"_links":{"self":[{"href":"https:\/\/museal.com\/fr\/wp-json\/wp\/v2\/pages\/3656","targetHints":{"allow":["GET"]}}],"collection":[{"href":"https:\/\/museal.com\/fr\/wp-json\/wp\/v2\/pages"}],"about":[{"href":"https:\/\/museal.com\/fr\/wp-json\/wp\/v2\/types\/page"}],"author":[{"embeddable":true,"href":"https:\/\/museal.com\/fr\/wp-json\/wp\/v2\/users\/8"}],"replies":[{"embeddable":true,"href":"https:\/\/museal.com\/fr\/wp-json\/wp\/v2\/comments?post=3656"}],"version-history":[{"count":1,"href":"https:\/\/museal.com\/fr\/wp-json\/wp\/v2\/pages\/3656\/revisions"}],"predecessor-version":[{"id":14075,"href":"https:\/\/museal.com\/fr\/wp-json\/wp\/v2\/pages\/3656\/revisions\/14075"}],"wp:attachment":[{"href":"https:\/\/museal.com\/fr\/wp-json\/wp\/v2\/media?parent=3656"}],"curies":[{"name":"wp","href":"https:\/\/api.w.org\/{rel}","templated":true}]}}