{"id":721,"date":"2018-11-06T09:33:36","date_gmt":"2018-11-06T08:33:36","guid":{"rendered":"http:\/\/learts.local\/?page_id=721"},"modified":"2023-12-19T13:09:57","modified_gmt":"2023-12-19T12:09:57","slug":"accueil","status":"publish","type":"page","link":"https:\/\/museal.com\/fr\/","title":{"rendered":"Accueil"},"content":{"rendered":"<div class=\"wpb-content-wrapper\"><p>[vc_row][vc_column][rev_slider_vc alias=&#8221;homepage-051&#8243;][\/vc_column][\/vc_row][vc_row full_width=&#8221;stretch_row_content&#8221; el_class=&#8221;custom-padding&#8221;][vc_column offset=&#8221;vc_hidden-xs&#8221;][learts_banner_grid_group style=&#8221;group-9-items&#8221;][learts_simple_banner image=&#8221;4431&#8243; align=&#8221;left&#8221; position=&#8221;center-top&#8221; fullwidth=&#8221;yes&#8221; hover_style=&#8221;border-zoom-in&#8221; link=&#8221;url:http%3A%2F%2Flouisr8.sg-host.com%2Fcheckout%2F|title:FAQs&#8221; el_class=&#8221;banner-grid&#8221;]<\/p>\n<div class=\"title\" style=\"padding-left: 30px;\"><a href=\"https:\/\/www.museal.com\">Conseil sur<\/a><\/div>\n<div class=\"sub-title\" style=\"padding-left: 30px;\"><a href=\"https:\/\/www.museal.com\">mesure<\/a><\/div>\n<p>[\/learts_simple_banner][learts_product_grid data_source=&#8221;products&#8221; columns=&#8221;1&#8243; img_size=&#8221;&#8221; display_star_stock=&#8221;&#8221; product_ids=&#8221;11303&#8243; css=&#8221;.vc_custom_1629200303896{padding-top: 10px !important;padding-right: 10px !important;padding-bottom: 10px !important;padding-left: 10px !important;background-color: #e4e6e7 !important;}&#8221;][learts_product_grid data_source=&#8221;products&#8221; columns=&#8221;1&#8243; display_star_stock=&#8221;&#8221; product_ids=&#8221;11311&#8243; css=&#8221;.vc_custom_1629200150784{padding-top: 10px !important;padding-right: 10px !important;padding-bottom: 10px !important;padding-left: 10px !important;background-color: #e4e6e7 !important;}&#8221;][learts_product_grid data_source=&#8221;products&#8221; columns=&#8221;1&#8243; display_star_stock=&#8221;&#8221; product_ids=&#8221;11293&#8243; css=&#8221;.vc_custom_1629199943609{padding-top: 10px !important;padding-right: 10px !important;padding-bottom: 10px !important;padding-left: 10px !important;background-color: #e4e6e7 !important;}&#8221;][learts_product_grid data_source=&#8221;products&#8221; columns=&#8221;1&#8243; display_star_stock=&#8221;&#8221; product_ids=&#8221;11326&#8243; css=&#8221;.vc_custom_1629200176481{padding-top: 10px !important;padding-right: 10px !important;padding-bottom: 10px !important;padding-left: 10px !important;}&#8221;][learts_simple_banner image=&#8221;4284&#8243; align=&#8221;left&#8221; position=&#8221;center-top&#8221; fullwidth=&#8221;yes&#8221; display_button=&#8221;yes&#8221; hover_style=&#8221;border-zoom-in&#8221; link=&#8221;url:%2Fshop%2F|||&#8221; el_class=&#8221;banner-grid&#8221;]<\/p>\n<div class=\"title\" style=\"padding-left: 30px;\">Particuliers et<\/div>\n<div class=\"sub-title\" style=\"padding-left: 30px;\">entreprises<\/div>\n<p>[\/learts_simple_banner][learts_product_grid data_source=&#8221;products&#8221; columns=&#8221;1&#8243; display_star_stock=&#8221;&#8221; product_ids=&#8221;11295&#8243; css=&#8221;.vc_custom_1629201052609{padding-top: 10px !important;padding-right: 10px !important;padding-bottom: 10px !important;padding-left: 10px !important;}&#8221;][learts_simple_banner image=&#8221;11401&#8243; align=&#8221;left&#8221; position=&#8221;center-top&#8221; fullwidth=&#8221;yes&#8221; hover_style=&#8221;border-zoom-in&#8221; link=&#8221;url:%2Fshop%2F|||&#8221; el_class=&#8221;banner-grid&#8221;]<\/p>\n<div class=\"title\" style=\"padding-left: 30px;\">Bronzes<\/div>\n<div class=\"sub-title\" style=\"padding-left: 30px;\">animaliers<\/div>\n<p>[\/learts_simple_banner][learts_product_grid data_source=&#8221;products&#8221; columns=&#8221;1&#8243; display_star_stock=&#8221;&#8221; product_ids=&#8221;11254&#8243; css=&#8221;.vc_custom_1629200215903{padding-top: 10px !important;padding-right: 10px !important;padding-bottom: 10px !important;padding-left: 10px !important;}&#8221;][\/learts_banner_grid_group][\/vc_column][\/vc_row][vc_row full_width=&#8221;stretch_row_content&#8221; el_class=&#8221;custom-padding&#8221;][vc_column offset=&#8221;vc_hidden-lg vc_hidden-md vc_hidden-sm&#8221;][learts_banner_grid_group style=&#8221;group-9-items&#8221;][learts_simple_banner image=&#8221;12106&#8243; align=&#8221;left&#8221; position=&#8221;center-top&#8221; fullwidth=&#8221;yes&#8221; display_button=&#8221;yes&#8221; hover_style=&#8221;border-zoom-in&#8221; link=&#8221;url:%2Fshop%2F|||&#8221; el_class=&#8221;banner-grid link-1&#8243;][\/learts_simple_banner][learts_product_grid data_source=&#8221;products&#8221; columns=&#8221;1&#8243; product_style=&#8221;button-hover&#8221; display_star_stock=&#8221;&#8221; product_ids=&#8221;11303&#8243;][learts_product_grid data_source=&#8221;products&#8221; columns=&#8221;1&#8243; product_style=&#8221;button-hover&#8221; display_star_stock=&#8221;&#8221; product_ids=&#8221;11311&#8243;][learts_product_grid data_source=&#8221;products&#8221; columns=&#8221;1&#8243; product_style=&#8221;button-hover&#8221; display_star_stock=&#8221;&#8221; product_ids=&#8221;11293&#8243;][learts_product_grid data_source=&#8221;products&#8221; columns=&#8221;1&#8243; product_style=&#8221;button-hover&#8221; display_star_stock=&#8221;&#8221; product_ids=&#8221;11326&#8243;][learts_simple_banner image=&#8221;12101&#8243; align=&#8221;left&#8221; position=&#8221;center-top&#8221; fullwidth=&#8221;yes&#8221; display_button=&#8221;yes&#8221; hover_style=&#8221;border-zoom-in&#8221; link=&#8221;url:%2Fshop%2F|||&#8221; el_class=&#8221;banner-grid link-2&#8243;][\/learts_simple_banner][learts_product_grid data_source=&#8221;products&#8221; columns=&#8221;1&#8243; product_style=&#8221;button-hover&#8221; display_star_stock=&#8221;&#8221; product_ids=&#8221;11295&#8243;][learts_simple_banner image=&#8221;12110&#8243; align=&#8221;left&#8221; position=&#8221;center-top&#8221; fullwidth=&#8221;yes&#8221; hover_style=&#8221;border-zoom-in&#8221; link=&#8221;url:%2Fshop%2F|||&#8221; el_class=&#8221;banner-grid link-3&#8243;][\/learts_simple_banner][learts_product_grid data_source=&#8221;products&#8221; columns=&#8221;1&#8243; product_style=&#8221;button-hover&#8221; display_star_stock=&#8221;&#8221; product_ids=&#8221;11254&#8243;][\/learts_banner_grid_group][\/vc_column][\/vc_row][vc_row full_width=&#8221;stretch_row&#8221; disable_element=&#8221;yes&#8221; el_class=&#8221;column-center footer-vc&#8221; css=&#8221;.vc_custom_1645066813793{margin-bottom: -20px !important;background-position: center !important;background-repeat: no-repeat !important;background-size: cover !important;}&#8221;][vc_column css=&#8221;.vc_custom_1539936643949{padding-top: 0px !important;}&#8221;][learts_social][learts_space height=&#8221;70&#8243; height_lg=&#8221;60&#8243; height_md=&#8221;50&#8243; height_sm=&#8221;40&#8243; height_xs=&#8221;30&#8243;][vc_single_image image=&#8221;11414&#8243; img_size=&#8221;100px&#8221; alignment=&#8221;center&#8221; css=&#8221;.vc_custom_1630391348222{margin-bottom: 10px !important;}&#8221;][vc_column_text]\u00a9 2026 Museal | <strong>+352 465960<\/strong> | <a href=\"mailto:museal@museal.com\">museal@museal.com <\/a>[\/vc_column_text][vc_raw_html]JTNDYSUyMGhyZWYlM0QlMjJodHRwcyUzQSUyRiUyRnd3dy5saW5rZWRpbi5jb20lMkZjb21wYW55JTJGbXVzZWFsLWVkaXRpb25zLWx1eGVtYm91cmclMjIlMjBjbGFzcyUzRCUyMmZhJTIwZmEtbGlua2VkaW4lMjIlM0UlM0MlMkZhJTNFJTBBJTNDYSUyMGhyZWYlM0QlMjJodHRwcyUzQSUyRiUyRnd3dy5pbnN0YWdyYW0uY29tJTJGbXVzZWFsLmx1eGVtYm91cmclMkYlMjIlMjBjbGFzcyUzRCUyMmZhJTIwZmEtaW5zdGFncmFtJTIyJTNFJTNDJTJGYSUzRSUwQSUzQ2ElMjBocmVmJTNEJTIyaHR0cHMlM0ElMkYlMkZ3d3cuZmFjZWJvb2suY29tJTJGbXVzZWFsLmx1eGVtYm91cmclMjIlMjBjbGFzcyUzRCUyMmZhJTIwZmEtZmFjZWJvb2slMjIlM0UlM0MlMkZhJTNFJTBBJTBB[\/vc_raw_html][vc_column_text]<a href=\"http:\/\/museal.com\/conditions-generales-de-vente\/\">Conditions g\u00e9n\u00e9rales de vente<\/a>\u00a0 \u00a0 \u00a0 \u00a0 \u00a0 \u00a0 \u00a0 <a href=\"http:\/\/museal.com\/privacy-policy\/\">Mentions l\u00e9gales <\/a>\u00a0 \u00a0 \u00a0 \u00a0 \u00a0 \u00a0 <a href=\"http:\/\/museal.com\/livraison\/\">Livraison<\/a> \u00a0 \u00a0 \u00a0 \u00a0 \u00a0 \u00a0 <a href=\"http:\/\/museal.com\/paiement\/\">Paiement<\/a> \u00a0 \u00a0 \u00a0 \u00a0 \u00a0 \u00a0 <a href=\"http:\/\/museal.com\/presse\/\">Presse<\/a>[\/vc_column_text][vc_column_text]<\/p>\n<p style=\"text-align: center;\"><span style=\"font-size: 11px;\">Powered by <a href=\"https:\/\/www.gestcompro.com\/\" target=\"&quot;_blank\" rel=\"noopener\">GestComPro Europe<\/a><\/span><\/p>\n<p>[\/vc_column_text][learts_space height=&#8221;30&#8243; height_lg=&#8221;30&#8243; height_md=&#8221;30&#8243; height_sm=&#8221;30&#8243; height_xs=&#8221;30&#8243;][\/vc_column][\/vc_row][vc_row disable_element=&#8221;yes&#8221;][vc_column width=&#8221;1\/5&#8243;][\/vc_column][vc_column width=&#8221;1\/5&#8243;][\/vc_column][vc_column width=&#8221;1\/5&#8243;][vc_widget_sidebar][\/vc_column][vc_column width=&#8221;1\/5&#8243;][\/vc_column][vc_column width=&#8221;1\/5&#8243;][\/vc_column][\/vc_row]<\/p>\n<\/div>","protected":false},"excerpt":{"rendered":"<p>[vc_row][vc_column][rev_slider_vc alias=&#8221;homepage-051&#8243;][\/vc_column][\/vc_row][vc_row full_width=&#8221;stretch_row_content&#8221; el_class=&#8221;custom-padding&#8221;][vc_column offset=&#8221;vc_hidden-xs&#8221;][learts_banner_grid_group style=&#8221;group-9-items&#8221;][learts_simple_banner image=&#8221;4431&#8243; align=&#8221;left&#8221; position=&#8221;center-top&#8221; fullwidth=&#8221;yes&#8221; hover_style=&#8221;border-zoom-in&#8221; link=&#8221;url:http%3A%2F%2Flouisr8.sg-host.com%2Fcheckout%2F|title:FAQs&#8221; el_class=&#8221;banner-grid&#8221;] Conseil sur mesure [\/learts_simple_banner][learts_product_grid data_source=&#8221;products&#8221; columns=&#8221;1&#8243; img_size=&#8221;&#8221; display_star_stock=&#8221;&#8221; product_ids=&#8221;11303&#8243; css=&#8221;.vc_custom_1629200303896{padding-top: 10px !important;padding-right: 10px !important;padding-bottom: 10px !important;padding-left: 10px !important;background-color: #e4e6e7 !important;}&#8221;][learts_product_grid data_source=&#8221;products&#8221; columns=&#8221;1&#8243; display_star_stock=&#8221;&#8221; product_ids=&#8221;11311&#8243; css=&#8221;.vc_custom_1629200150784{padding-top: 10px !important;padding-right: 10px !important;padding-bottom: 10px !important;padding-left: 10px !important;background-color: #e4e6e7 !important;}&#8221;][learts_product_grid data_source=&#8221;products&#8221; columns=&#8221;1&#8243; display_star_stock=&#8221;&#8221; product_ids=&#8221;11293&#8243; css=&#8221;.vc_custom_1629199943609{padding-top: 10px !important;padding-right: [&hellip;]<\/p>\n","protected":false},"author":8,"featured_media":0,"parent":0,"menu_order":0,"comment_status":"closed","ping_status":"closed","template":"","meta":{"footnotes":""},"class_list":["post-721","page","type-page","status-publish","hentry"],"yoast_head":"<!-- This site is optimized with the Yoast SEO plugin v27.3 - https:\/\/yoast.com\/product\/yoast-seo-wordpress\/ -->\n<title>Accueil - Museal Editions<\/title>\n<meta name=\"description\" content=\"Les \u00e9ditions MUSEAL, Fournisseur de la Cour Grand-Ducale, con\u00e7oivent et produisent des objets et cadeaux inspir\u00e9s du patrimoine luxembourgeoise\" \/>\n<meta name=\"robots\" content=\"index, follow, max-snippet:-1, max-image-preview:large, max-video-preview:-1\" \/>\n<link rel=\"canonical\" href=\"https:\/\/museal.com\/fr\/\" \/>\n<meta property=\"og:locale\" content=\"fr_FR\" \/>\n<meta property=\"og:type\" content=\"article\" \/>\n<meta property=\"og:title\" content=\"Accueil - Museal Editions\" \/>\n<meta property=\"og:description\" content=\"Les \u00e9ditions MUSEAL, Fournisseur de la Cour Grand-Ducale, con\u00e7oivent et produisent des objets et cadeaux inspir\u00e9s du patrimoine luxembourgeoise\" \/>\n<meta property=\"og:url\" content=\"https:\/\/museal.com\/fr\/\" \/>\n<meta property=\"og:site_name\" content=\"Museal Editions\" \/>\n<meta property=\"article:modified_time\" content=\"2023-12-19T12:09:57+00:00\" \/>\n<meta name=\"twitter:card\" content=\"summary_large_image\" \/>\n<script type=\"application\/ld+json\" class=\"yoast-schema-graph\">{\"@context\":\"https:\\\/\\\/schema.org\",\"@graph\":[{\"@type\":\"WebPage\",\"@id\":\"https:\\\/\\\/museal.com\\\/fr\\\/\",\"url\":\"https:\\\/\\\/museal.com\\\/fr\\\/\",\"name\":\"Accueil - Museal Editions\",\"isPartOf\":{\"@id\":\"https:\\\/\\\/museal.com\\\/fr\\\/#website\"},\"datePublished\":\"2018-11-06T08:33:36+00:00\",\"dateModified\":\"2023-12-19T12:09:57+00:00\",\"description\":\"Les \u00e9ditions MUSEAL, Fournisseur de la Cour Grand-Ducale, con\u00e7oivent et produisent des objets et cadeaux inspir\u00e9s du patrimoine luxembourgeoise\",\"breadcrumb\":{\"@id\":\"https:\\\/\\\/museal.com\\\/fr\\\/#breadcrumb\"},\"inLanguage\":\"fr-FR\",\"potentialAction\":[{\"@type\":\"ReadAction\",\"target\":[\"https:\\\/\\\/museal.com\\\/fr\\\/\"]}]},{\"@type\":\"BreadcrumbList\",\"@id\":\"https:\\\/\\\/museal.com\\\/fr\\\/#breadcrumb\",\"itemListElement\":[{\"@type\":\"ListItem\",\"position\":1,\"name\":\"Accueil\",\"item\":\"https:\\\/\\\/museal.com\\\/fr\\\/\"},{\"@type\":\"ListItem\",\"position\":2,\"name\":\"Accueil\"}]},{\"@type\":\"WebSite\",\"@id\":\"https:\\\/\\\/museal.com\\\/fr\\\/#website\",\"url\":\"https:\\\/\\\/museal.com\\\/fr\\\/\",\"name\":\"Museal Editions\",\"description\":\"Objets d&#039;art et de d\u00e9coration inspir\u00e9s du Patrimoine luxembourgeois\",\"publisher\":{\"@id\":\"https:\\\/\\\/museal.com\\\/fr\\\/#organization\"},\"potentialAction\":[{\"@type\":\"SearchAction\",\"target\":{\"@type\":\"EntryPoint\",\"urlTemplate\":\"https:\\\/\\\/museal.com\\\/fr\\\/?s={search_term_string}\"},\"query-input\":{\"@type\":\"PropertyValueSpecification\",\"valueRequired\":true,\"valueName\":\"search_term_string\"}}],\"inLanguage\":\"fr-FR\"},{\"@type\":\"Organization\",\"@id\":\"https:\\\/\\\/museal.com\\\/fr\\\/#organization\",\"name\":\"Museal Editions\",\"url\":\"https:\\\/\\\/museal.com\\\/fr\\\/\",\"logo\":{\"@type\":\"ImageObject\",\"inLanguage\":\"fr-FR\",\"@id\":\"https:\\\/\\\/museal.com\\\/fr\\\/#\\\/schema\\\/logo\\\/image\\\/\",\"url\":\"https:\\\/\\\/museal.com\\\/wp-content\\\/uploads\\\/2021\\\/05\\\/logo-e1621950424453.jpg\",\"contentUrl\":\"https:\\\/\\\/museal.com\\\/wp-content\\\/uploads\\\/2021\\\/05\\\/logo-e1621950424453.jpg\",\"width\":732,\"height\":574,\"caption\":\"Museal Editions\"},\"image\":{\"@id\":\"https:\\\/\\\/museal.com\\\/fr\\\/#\\\/schema\\\/logo\\\/image\\\/\"}}]}<\/script>\n<!-- \/ Yoast SEO plugin. -->","yoast_head_json":{"title":"Accueil - Museal Editions","description":"Les \u00e9ditions MUSEAL, Fournisseur de la Cour Grand-Ducale, con\u00e7oivent et produisent des objets et cadeaux inspir\u00e9s du patrimoine luxembourgeoise","robots":{"index":"index","follow":"follow","max-snippet":"max-snippet:-1","max-image-preview":"max-image-preview:large","max-video-preview":"max-video-preview:-1"},"canonical":"https:\/\/museal.com\/fr\/","og_locale":"fr_FR","og_type":"article","og_title":"Accueil - Museal Editions","og_description":"Les \u00e9ditions MUSEAL, Fournisseur de la Cour Grand-Ducale, con\u00e7oivent et produisent des objets et cadeaux inspir\u00e9s du patrimoine luxembourgeoise","og_url":"https:\/\/museal.com\/fr\/","og_site_name":"Museal Editions","article_modified_time":"2023-12-19T12:09:57+00:00","twitter_card":"summary_large_image","schema":{"@context":"https:\/\/schema.org","@graph":[{"@type":"WebPage","@id":"https:\/\/museal.com\/fr\/","url":"https:\/\/museal.com\/fr\/","name":"Accueil - Museal Editions","isPartOf":{"@id":"https:\/\/museal.com\/fr\/#website"},"datePublished":"2018-11-06T08:33:36+00:00","dateModified":"2023-12-19T12:09:57+00:00","description":"Les \u00e9ditions MUSEAL, Fournisseur de la Cour Grand-Ducale, con\u00e7oivent et produisent des objets et cadeaux inspir\u00e9s du patrimoine luxembourgeoise","breadcrumb":{"@id":"https:\/\/museal.com\/fr\/#breadcrumb"},"inLanguage":"fr-FR","potentialAction":[{"@type":"ReadAction","target":["https:\/\/museal.com\/fr\/"]}]},{"@type":"BreadcrumbList","@id":"https:\/\/museal.com\/fr\/#breadcrumb","itemListElement":[{"@type":"ListItem","position":1,"name":"Accueil","item":"https:\/\/museal.com\/fr\/"},{"@type":"ListItem","position":2,"name":"Accueil"}]},{"@type":"WebSite","@id":"https:\/\/museal.com\/fr\/#website","url":"https:\/\/museal.com\/fr\/","name":"Museal Editions","description":"Objets d&#039;art et de d\u00e9coration inspir\u00e9s du Patrimoine luxembourgeois","publisher":{"@id":"https:\/\/museal.com\/fr\/#organization"},"potentialAction":[{"@type":"SearchAction","target":{"@type":"EntryPoint","urlTemplate":"https:\/\/museal.com\/fr\/?s={search_term_string}"},"query-input":{"@type":"PropertyValueSpecification","valueRequired":true,"valueName":"search_term_string"}}],"inLanguage":"fr-FR"},{"@type":"Organization","@id":"https:\/\/museal.com\/fr\/#organization","name":"Museal Editions","url":"https:\/\/museal.com\/fr\/","logo":{"@type":"ImageObject","inLanguage":"fr-FR","@id":"https:\/\/museal.com\/fr\/#\/schema\/logo\/image\/","url":"https:\/\/museal.com\/wp-content\/uploads\/2021\/05\/logo-e1621950424453.jpg","contentUrl":"https:\/\/museal.com\/wp-content\/uploads\/2021\/05\/logo-e1621950424453.jpg","width":732,"height":574,"caption":"Museal Editions"},"image":{"@id":"https:\/\/museal.com\/fr\/#\/schema\/logo\/image\/"}}]}},"_links":{"self":[{"href":"https:\/\/museal.com\/fr\/wp-json\/wp\/v2\/pages\/721","targetHints":{"allow":["GET"]}}],"collection":[{"href":"https:\/\/museal.com\/fr\/wp-json\/wp\/v2\/pages"}],"about":[{"href":"https:\/\/museal.com\/fr\/wp-json\/wp\/v2\/types\/page"}],"author":[{"embeddable":true,"href":"https:\/\/museal.com\/fr\/wp-json\/wp\/v2\/users\/8"}],"replies":[{"embeddable":true,"href":"https:\/\/museal.com\/fr\/wp-json\/wp\/v2\/comments?post=721"}],"version-history":[{"count":63,"href":"https:\/\/museal.com\/fr\/wp-json\/wp\/v2\/pages\/721\/revisions"}],"predecessor-version":[{"id":14076,"href":"https:\/\/museal.com\/fr\/wp-json\/wp\/v2\/pages\/721\/revisions\/14076"}],"wp:attachment":[{"href":"https:\/\/museal.com\/fr\/wp-json\/wp\/v2\/media?parent=721"}],"curies":[{"name":"wp","href":"https:\/\/api.w.org\/{rel}","templated":true}]}}