{"id":11260,"date":"2021-08-07T07:10:00","date_gmt":"2021-08-07T05:10:00","guid":{"rendered":"http:\/\/shop.museal.com\/?post_type=product&#038;p=11260"},"modified":"2025-06-26T12:28:41","modified_gmt":"2025-06-26T10:28:41","slug":"boutons-de-manchettes-cerf-renaissance","status":"publish","type":"product","link":"https:\/\/museal.com\/fr\/produit\/boutons-de-manchettes-cerf-renaissance\/","title":{"rendered":"Boutons de manchettes &#8220;Cerf&#8221; Renaissance"},"content":{"rendered":"<p>Ce m\u00e9daillon en stuc de style Renaissance tardif, figurant un cerf, d\u00e9core le plafond d&#8217;une des salles nobles du b\u00e2timent qui abrite aujourd&#8217;hui le Mus\u00e9e d&#8217;Histoire de la Ville de Luxembourg et qui appartenait \u00e0 la fin du 17e si\u00e8cle \u00e0 Wolf Heinrich baron de Metternich et seigneur de Bourscheid.<\/p>\n","protected":false},"excerpt":{"rendered":"<p>Boutons de manchettes repr\u00e9sentant un M\u00e9daillon en stuc de style Renaissance, dor\u00e9s \u00e0 l&#8217;or fin 24 carats.<\/p>\n<p>Diam\u00e8tre 1,8 cm. Vendus dans un \u00e9crin<\/p>\n","protected":false},"featured_media":13804,"template":"","meta":[],"product_brand":[],"product_cat":[90],"product_tag":[],"class_list":{"0":"post-11260","1":"product","2":"type-product","3":"status-publish","4":"has-post-thumbnail","6":"product_cat-bijoux-pour-lui","8":"first","9":"instock","10":"taxable","11":"shipping-taxable","12":"purchasable","13":"product-type-simple"},"yoast_head":"<!-- This site is optimized with the Yoast SEO plugin v27.3 - https:\/\/yoast.com\/product\/yoast-seo-wordpress\/ -->\n<title>Boutons de manchettes &quot;Cerf&quot; Renaissance - Museal Editions<\/title>\n<meta name=\"description\" content=\"Boutons de manchettes repr\u00e9sentant un M\u00e9daillon en stuc de style Renaissance, figurant un cerf, dor\u00e9s \u00e0 l&#039;or fin 24 carats.\" \/>\n<meta name=\"robots\" content=\"index, follow, max-snippet:-1, max-image-preview:large, max-video-preview:-1\" \/>\n<link rel=\"canonical\" href=\"https:\/\/museal.com\/fr\/produit\/boutons-de-manchettes-cerf-renaissance\/\" \/>\n<meta property=\"og:locale\" content=\"fr_FR\" \/>\n<meta property=\"og:type\" content=\"article\" \/>\n<meta property=\"og:title\" content=\"Boutons de manchettes &quot;Cerf&quot; Renaissance - Museal Editions\" \/>\n<meta property=\"og:description\" content=\"Boutons de manchettes repr\u00e9sentant un M\u00e9daillon en stuc de style Renaissance, figurant un cerf, dor\u00e9s \u00e0 l&#039;or fin 24 carats.\" \/>\n<meta property=\"og:url\" content=\"https:\/\/museal.com\/fr\/produit\/boutons-de-manchettes-cerf-renaissance\/\" \/>\n<meta property=\"og:site_name\" content=\"Museal Editions\" \/>\n<meta property=\"article:modified_time\" content=\"2025-06-26T10:28:41+00:00\" \/>\n<meta property=\"og:image\" content=\"https:\/\/museal.com\/wp-content\/uploads\/2021\/08\/bdm-cerf.png\" \/>\n\t<meta property=\"og:image:width\" content=\"1500\" \/>\n\t<meta property=\"og:image:height\" content=\"2000\" \/>\n\t<meta property=\"og:image:type\" content=\"image\/png\" \/>\n<meta name=\"twitter:card\" content=\"summary_large_image\" \/>\n<script type=\"application\/ld+json\" class=\"yoast-schema-graph\">{\"@context\":\"https:\\\/\\\/schema.org\",\"@graph\":[{\"@type\":\"WebPage\",\"@id\":\"https:\\\/\\\/museal.com\\\/fr\\\/produit\\\/boutons-de-manchettes-cerf-renaissance\\\/\",\"url\":\"https:\\\/\\\/museal.com\\\/fr\\\/produit\\\/boutons-de-manchettes-cerf-renaissance\\\/\",\"name\":\"Boutons de manchettes \\\"Cerf\\\" Renaissance - Museal Editions\",\"isPartOf\":{\"@id\":\"https:\\\/\\\/museal.com\\\/fr\\\/#website\"},\"primaryImageOfPage\":{\"@id\":\"https:\\\/\\\/museal.com\\\/fr\\\/produit\\\/boutons-de-manchettes-cerf-renaissance\\\/#primaryimage\"},\"image\":{\"@id\":\"https:\\\/\\\/museal.com\\\/fr\\\/produit\\\/boutons-de-manchettes-cerf-renaissance\\\/#primaryimage\"},\"thumbnailUrl\":\"https:\\\/\\\/museal.com\\\/wp-content\\\/uploads\\\/2021\\\/08\\\/bdm-cerf.png\",\"datePublished\":\"2021-08-07T05:10:00+00:00\",\"dateModified\":\"2025-06-26T10:28:41+00:00\",\"description\":\"Boutons de manchettes repr\u00e9sentant un M\u00e9daillon en stuc de style Renaissance, figurant un cerf, dor\u00e9s \u00e0 l'or fin 24 carats.\",\"breadcrumb\":{\"@id\":\"https:\\\/\\\/museal.com\\\/fr\\\/produit\\\/boutons-de-manchettes-cerf-renaissance\\\/#breadcrumb\"},\"inLanguage\":\"fr-FR\",\"potentialAction\":[{\"@type\":\"ReadAction\",\"target\":[\"https:\\\/\\\/museal.com\\\/fr\\\/produit\\\/boutons-de-manchettes-cerf-renaissance\\\/\"]}]},{\"@type\":\"ImageObject\",\"inLanguage\":\"fr-FR\",\"@id\":\"https:\\\/\\\/museal.com\\\/fr\\\/produit\\\/boutons-de-manchettes-cerf-renaissance\\\/#primaryimage\",\"url\":\"https:\\\/\\\/museal.com\\\/wp-content\\\/uploads\\\/2021\\\/08\\\/bdm-cerf.png\",\"contentUrl\":\"https:\\\/\\\/museal.com\\\/wp-content\\\/uploads\\\/2021\\\/08\\\/bdm-cerf.png\",\"width\":1500,\"height\":2000},{\"@type\":\"BreadcrumbList\",\"@id\":\"https:\\\/\\\/museal.com\\\/fr\\\/produit\\\/boutons-de-manchettes-cerf-renaissance\\\/#breadcrumb\",\"itemListElement\":[{\"@type\":\"ListItem\",\"position\":1,\"name\":\"Accueil\",\"item\":\"https:\\\/\\\/museal.com\\\/fr\\\/\"},{\"@type\":\"ListItem\",\"position\":2,\"name\":\"Boutique\",\"item\":\"https:\\\/\\\/museal.com\\\/fr\\\/boutique\\\/\"},{\"@type\":\"ListItem\",\"position\":3,\"name\":\"Boutons de manchettes &#8220;Cerf&#8221; Renaissance\"}]},{\"@type\":\"WebSite\",\"@id\":\"https:\\\/\\\/museal.com\\\/fr\\\/#website\",\"url\":\"https:\\\/\\\/museal.com\\\/fr\\\/\",\"name\":\"Museal Editions\",\"description\":\"Objets d&#039;art et de d\u00e9coration inspir\u00e9s du Patrimoine luxembourgeois\",\"publisher\":{\"@id\":\"https:\\\/\\\/museal.com\\\/fr\\\/#organization\"},\"potentialAction\":[{\"@type\":\"SearchAction\",\"target\":{\"@type\":\"EntryPoint\",\"urlTemplate\":\"https:\\\/\\\/museal.com\\\/fr\\\/?s={search_term_string}\"},\"query-input\":{\"@type\":\"PropertyValueSpecification\",\"valueRequired\":true,\"valueName\":\"search_term_string\"}}],\"inLanguage\":\"fr-FR\"},{\"@type\":\"Organization\",\"@id\":\"https:\\\/\\\/museal.com\\\/fr\\\/#organization\",\"name\":\"Museal Editions\",\"url\":\"https:\\\/\\\/museal.com\\\/fr\\\/\",\"logo\":{\"@type\":\"ImageObject\",\"inLanguage\":\"fr-FR\",\"@id\":\"https:\\\/\\\/museal.com\\\/fr\\\/#\\\/schema\\\/logo\\\/image\\\/\",\"url\":\"https:\\\/\\\/museal.com\\\/wp-content\\\/uploads\\\/2021\\\/05\\\/logo-e1621950424453.jpg\",\"contentUrl\":\"https:\\\/\\\/museal.com\\\/wp-content\\\/uploads\\\/2021\\\/05\\\/logo-e1621950424453.jpg\",\"width\":732,\"height\":574,\"caption\":\"Museal Editions\"},\"image\":{\"@id\":\"https:\\\/\\\/museal.com\\\/fr\\\/#\\\/schema\\\/logo\\\/image\\\/\"}}]}<\/script>\n<!-- \/ Yoast SEO plugin. -->","yoast_head_json":{"title":"Boutons de manchettes \"Cerf\" Renaissance - Museal Editions","description":"Boutons de manchettes repr\u00e9sentant un M\u00e9daillon en stuc de style Renaissance, figurant un cerf, dor\u00e9s \u00e0 l'or fin 24 carats.","robots":{"index":"index","follow":"follow","max-snippet":"max-snippet:-1","max-image-preview":"max-image-preview:large","max-video-preview":"max-video-preview:-1"},"canonical":"https:\/\/museal.com\/fr\/produit\/boutons-de-manchettes-cerf-renaissance\/","og_locale":"fr_FR","og_type":"article","og_title":"Boutons de manchettes \"Cerf\" Renaissance - Museal Editions","og_description":"Boutons de manchettes repr\u00e9sentant un M\u00e9daillon en stuc de style Renaissance, figurant un cerf, dor\u00e9s \u00e0 l'or fin 24 carats.","og_url":"https:\/\/museal.com\/fr\/produit\/boutons-de-manchettes-cerf-renaissance\/","og_site_name":"Museal Editions","article_modified_time":"2025-06-26T10:28:41+00:00","og_image":[{"width":1500,"height":2000,"url":"https:\/\/museal.com\/wp-content\/uploads\/2021\/08\/bdm-cerf.png","type":"image\/png"}],"twitter_card":"summary_large_image","schema":{"@context":"https:\/\/schema.org","@graph":[{"@type":"WebPage","@id":"https:\/\/museal.com\/fr\/produit\/boutons-de-manchettes-cerf-renaissance\/","url":"https:\/\/museal.com\/fr\/produit\/boutons-de-manchettes-cerf-renaissance\/","name":"Boutons de manchettes \"Cerf\" Renaissance - Museal Editions","isPartOf":{"@id":"https:\/\/museal.com\/fr\/#website"},"primaryImageOfPage":{"@id":"https:\/\/museal.com\/fr\/produit\/boutons-de-manchettes-cerf-renaissance\/#primaryimage"},"image":{"@id":"https:\/\/museal.com\/fr\/produit\/boutons-de-manchettes-cerf-renaissance\/#primaryimage"},"thumbnailUrl":"https:\/\/museal.com\/wp-content\/uploads\/2021\/08\/bdm-cerf.png","datePublished":"2021-08-07T05:10:00+00:00","dateModified":"2025-06-26T10:28:41+00:00","description":"Boutons de manchettes repr\u00e9sentant un M\u00e9daillon en stuc de style Renaissance, figurant un cerf, dor\u00e9s \u00e0 l'or fin 24 carats.","breadcrumb":{"@id":"https:\/\/museal.com\/fr\/produit\/boutons-de-manchettes-cerf-renaissance\/#breadcrumb"},"inLanguage":"fr-FR","potentialAction":[{"@type":"ReadAction","target":["https:\/\/museal.com\/fr\/produit\/boutons-de-manchettes-cerf-renaissance\/"]}]},{"@type":"ImageObject","inLanguage":"fr-FR","@id":"https:\/\/museal.com\/fr\/produit\/boutons-de-manchettes-cerf-renaissance\/#primaryimage","url":"https:\/\/museal.com\/wp-content\/uploads\/2021\/08\/bdm-cerf.png","contentUrl":"https:\/\/museal.com\/wp-content\/uploads\/2021\/08\/bdm-cerf.png","width":1500,"height":2000},{"@type":"BreadcrumbList","@id":"https:\/\/museal.com\/fr\/produit\/boutons-de-manchettes-cerf-renaissance\/#breadcrumb","itemListElement":[{"@type":"ListItem","position":1,"name":"Accueil","item":"https:\/\/museal.com\/fr\/"},{"@type":"ListItem","position":2,"name":"Boutique","item":"https:\/\/museal.com\/fr\/boutique\/"},{"@type":"ListItem","position":3,"name":"Boutons de manchettes &#8220;Cerf&#8221; Renaissance"}]},{"@type":"WebSite","@id":"https:\/\/museal.com\/fr\/#website","url":"https:\/\/museal.com\/fr\/","name":"Museal Editions","description":"Objets d&#039;art et de d\u00e9coration inspir\u00e9s du Patrimoine luxembourgeois","publisher":{"@id":"https:\/\/museal.com\/fr\/#organization"},"potentialAction":[{"@type":"SearchAction","target":{"@type":"EntryPoint","urlTemplate":"https:\/\/museal.com\/fr\/?s={search_term_string}"},"query-input":{"@type":"PropertyValueSpecification","valueRequired":true,"valueName":"search_term_string"}}],"inLanguage":"fr-FR"},{"@type":"Organization","@id":"https:\/\/museal.com\/fr\/#organization","name":"Museal Editions","url":"https:\/\/museal.com\/fr\/","logo":{"@type":"ImageObject","inLanguage":"fr-FR","@id":"https:\/\/museal.com\/fr\/#\/schema\/logo\/image\/","url":"https:\/\/museal.com\/wp-content\/uploads\/2021\/05\/logo-e1621950424453.jpg","contentUrl":"https:\/\/museal.com\/wp-content\/uploads\/2021\/05\/logo-e1621950424453.jpg","width":732,"height":574,"caption":"Museal Editions"},"image":{"@id":"https:\/\/museal.com\/fr\/#\/schema\/logo\/image\/"}}]}},"_links":{"self":[{"href":"https:\/\/museal.com\/fr\/wp-json\/wp\/v2\/product\/11260","targetHints":{"allow":["GET"]}}],"collection":[{"href":"https:\/\/museal.com\/fr\/wp-json\/wp\/v2\/product"}],"about":[{"href":"https:\/\/museal.com\/fr\/wp-json\/wp\/v2\/types\/product"}],"wp:featuredmedia":[{"embeddable":true,"href":"https:\/\/museal.com\/fr\/wp-json\/wp\/v2\/media\/13804"}],"wp:attachment":[{"href":"https:\/\/museal.com\/fr\/wp-json\/wp\/v2\/media?parent=11260"}],"wp:term":[{"taxonomy":"product_brand","embeddable":true,"href":"https:\/\/museal.com\/fr\/wp-json\/wp\/v2\/product_brand?post=11260"},{"taxonomy":"product_cat","embeddable":true,"href":"https:\/\/museal.com\/fr\/wp-json\/wp\/v2\/product_cat?post=11260"},{"taxonomy":"product_tag","embeddable":true,"href":"https:\/\/museal.com\/fr\/wp-json\/wp\/v2\/product_tag?post=11260"}],"curies":[{"name":"wp","href":"https:\/\/api.w.org\/{rel}","templated":true}]}}