{"id":11266,"date":"2021-08-07T07:12:00","date_gmt":"2021-08-07T05:12:00","guid":{"rendered":"http:\/\/shop.museal.com\/?post_type=product&#038;p=11266"},"modified":"2024-03-07T11:02:46","modified_gmt":"2024-03-07T10:02:46","slug":"palais-grand-ducal-bronze-de-marina-findrik-tisljar","status":"publish","type":"product","link":"https:\/\/museal.com\/fr\/produit\/palais-grand-ducal-bronze-de-marina-findrik-tisljar\/","title":{"rendered":"&#8220;Palais grand-ducal&#8221; bronze de Marina FINDRIK"},"content":{"rendered":"<p>Les d\u00e9tails architecturaux les plus significatifs du Palais Grand-Ducal ont \u00e9t\u00e9 choisis par Marina Findrick, une talentueuse artiste \u00e9tablie au Grand-Duch\u00e9. Puis elle les a ex\u00e9cut\u00e9s en bas-relief.<\/p>\n","protected":false},"excerpt":{"rendered":"<p>Bas-relief \u00e9dit\u00e9 en bronze d&#8217;art dor\u00e9 et patin\u00e9, sign\u00e9 par l&#8217;artiste Marina FINDRIK et num\u00e9rot\u00e9 de 1 \u00e0 50. Taille 37 cm x 20 cm, \u00e9paisseur : 2 cm. Poids : 2,459 kg.<\/p>\n","protected":false},"featured_media":11267,"template":"","meta":[],"product_brand":[],"product_cat":[89],"product_tag":[],"class_list":{"0":"post-11266","1":"product","2":"type-product","3":"status-publish","4":"has-post-thumbnail","6":"product_cat-sculptures-et-bronzes-d-art","8":"first","9":"instock","10":"taxable","11":"shipping-taxable","12":"purchasable","13":"product-type-simple"},"yoast_head":"<!-- This site is optimized with the Yoast SEO plugin v27.3 - https:\/\/yoast.com\/product\/yoast-seo-wordpress\/ -->\n<title>&quot;Palais grand-ducal&quot; bronze de Marina FINDRIK - Museal Editions<\/title>\n<meta name=\"description\" content=\"Les d\u00e9tails architecturaux significatifs du Palais Grand-Ducal ont \u00e9t\u00e9 choisis par l&#039;artiste Marina FINDRIK-TISLJAR. Puis elle les a ex\u00e9cut\u00e9s en bas-relief.\" \/>\n<meta name=\"robots\" content=\"index, follow, max-snippet:-1, max-image-preview:large, max-video-preview:-1\" \/>\n<link rel=\"canonical\" href=\"https:\/\/museal.com\/fr\/produit\/palais-grand-ducal-bronze-de-marina-findrik-tisljar\/\" \/>\n<meta property=\"og:locale\" content=\"fr_FR\" \/>\n<meta property=\"og:type\" content=\"article\" \/>\n<meta property=\"og:title\" content=\"&quot;Palais grand-ducal&quot; bronze de Marina FINDRIK - Museal Editions\" \/>\n<meta property=\"og:description\" content=\"Les d\u00e9tails architecturaux significatifs du Palais Grand-Ducal ont \u00e9t\u00e9 choisis par l&#039;artiste Marina FINDRIK-TISLJAR. Puis elle les a ex\u00e9cut\u00e9s en bas-relief.\" \/>\n<meta property=\"og:url\" content=\"https:\/\/museal.com\/fr\/produit\/palais-grand-ducal-bronze-de-marina-findrik-tisljar\/\" \/>\n<meta property=\"og:site_name\" content=\"Museal Editions\" \/>\n<meta property=\"article:modified_time\" content=\"2024-03-07T10:02:46+00:00\" \/>\n<meta property=\"og:image\" content=\"https:\/\/museal.com\/wp-content\/uploads\/2021\/08\/bronzebas-reliefFindrik810pix23031-1.jpg\" \/>\n\t<meta property=\"og:image:width\" content=\"810\" \/>\n\t<meta property=\"og:image:height\" content=\"1080\" \/>\n\t<meta property=\"og:image:type\" content=\"image\/jpeg\" \/>\n<meta name=\"twitter:card\" content=\"summary_large_image\" \/>\n<script type=\"application\/ld+json\" class=\"yoast-schema-graph\">{\"@context\":\"https:\\\/\\\/schema.org\",\"@graph\":[{\"@type\":\"WebPage\",\"@id\":\"https:\\\/\\\/museal.com\\\/fr\\\/produit\\\/palais-grand-ducal-bronze-de-marina-findrik-tisljar\\\/\",\"url\":\"https:\\\/\\\/museal.com\\\/fr\\\/produit\\\/palais-grand-ducal-bronze-de-marina-findrik-tisljar\\\/\",\"name\":\"\\\"Palais grand-ducal\\\" bronze de Marina FINDRIK - Museal Editions\",\"isPartOf\":{\"@id\":\"https:\\\/\\\/museal.com\\\/fr\\\/#website\"},\"primaryImageOfPage\":{\"@id\":\"https:\\\/\\\/museal.com\\\/fr\\\/produit\\\/palais-grand-ducal-bronze-de-marina-findrik-tisljar\\\/#primaryimage\"},\"image\":{\"@id\":\"https:\\\/\\\/museal.com\\\/fr\\\/produit\\\/palais-grand-ducal-bronze-de-marina-findrik-tisljar\\\/#primaryimage\"},\"thumbnailUrl\":\"https:\\\/\\\/museal.com\\\/wp-content\\\/uploads\\\/2021\\\/08\\\/bronzebas-reliefFindrik810pix23031-1.jpg\",\"datePublished\":\"2021-08-07T05:12:00+00:00\",\"dateModified\":\"2024-03-07T10:02:46+00:00\",\"description\":\"Les d\u00e9tails architecturaux significatifs du Palais Grand-Ducal ont \u00e9t\u00e9 choisis par l'artiste Marina FINDRIK-TISLJAR. Puis elle les a ex\u00e9cut\u00e9s en bas-relief.\",\"breadcrumb\":{\"@id\":\"https:\\\/\\\/museal.com\\\/fr\\\/produit\\\/palais-grand-ducal-bronze-de-marina-findrik-tisljar\\\/#breadcrumb\"},\"inLanguage\":\"fr-FR\",\"potentialAction\":[{\"@type\":\"ReadAction\",\"target\":[\"https:\\\/\\\/museal.com\\\/fr\\\/produit\\\/palais-grand-ducal-bronze-de-marina-findrik-tisljar\\\/\"]}]},{\"@type\":\"ImageObject\",\"inLanguage\":\"fr-FR\",\"@id\":\"https:\\\/\\\/museal.com\\\/fr\\\/produit\\\/palais-grand-ducal-bronze-de-marina-findrik-tisljar\\\/#primaryimage\",\"url\":\"https:\\\/\\\/museal.com\\\/wp-content\\\/uploads\\\/2021\\\/08\\\/bronzebas-reliefFindrik810pix23031-1.jpg\",\"contentUrl\":\"https:\\\/\\\/museal.com\\\/wp-content\\\/uploads\\\/2021\\\/08\\\/bronzebas-reliefFindrik810pix23031-1.jpg\",\"width\":810,\"height\":1080},{\"@type\":\"BreadcrumbList\",\"@id\":\"https:\\\/\\\/museal.com\\\/fr\\\/produit\\\/palais-grand-ducal-bronze-de-marina-findrik-tisljar\\\/#breadcrumb\",\"itemListElement\":[{\"@type\":\"ListItem\",\"position\":1,\"name\":\"Accueil\",\"item\":\"https:\\\/\\\/museal.com\\\/fr\\\/\"},{\"@type\":\"ListItem\",\"position\":2,\"name\":\"Boutique\",\"item\":\"https:\\\/\\\/museal.com\\\/fr\\\/boutique\\\/\"},{\"@type\":\"ListItem\",\"position\":3,\"name\":\"&#8220;Palais grand-ducal&#8221; bronze de Marina FINDRIK\"}]},{\"@type\":\"WebSite\",\"@id\":\"https:\\\/\\\/museal.com\\\/fr\\\/#website\",\"url\":\"https:\\\/\\\/museal.com\\\/fr\\\/\",\"name\":\"Museal Editions\",\"description\":\"Objets d&#039;art et de d\u00e9coration inspir\u00e9s du Patrimoine luxembourgeois\",\"publisher\":{\"@id\":\"https:\\\/\\\/museal.com\\\/fr\\\/#organization\"},\"potentialAction\":[{\"@type\":\"SearchAction\",\"target\":{\"@type\":\"EntryPoint\",\"urlTemplate\":\"https:\\\/\\\/museal.com\\\/fr\\\/?s={search_term_string}\"},\"query-input\":{\"@type\":\"PropertyValueSpecification\",\"valueRequired\":true,\"valueName\":\"search_term_string\"}}],\"inLanguage\":\"fr-FR\"},{\"@type\":\"Organization\",\"@id\":\"https:\\\/\\\/museal.com\\\/fr\\\/#organization\",\"name\":\"Museal Editions\",\"url\":\"https:\\\/\\\/museal.com\\\/fr\\\/\",\"logo\":{\"@type\":\"ImageObject\",\"inLanguage\":\"fr-FR\",\"@id\":\"https:\\\/\\\/museal.com\\\/fr\\\/#\\\/schema\\\/logo\\\/image\\\/\",\"url\":\"https:\\\/\\\/museal.com\\\/wp-content\\\/uploads\\\/2021\\\/05\\\/logo-e1621950424453.jpg\",\"contentUrl\":\"https:\\\/\\\/museal.com\\\/wp-content\\\/uploads\\\/2021\\\/05\\\/logo-e1621950424453.jpg\",\"width\":732,\"height\":574,\"caption\":\"Museal Editions\"},\"image\":{\"@id\":\"https:\\\/\\\/museal.com\\\/fr\\\/#\\\/schema\\\/logo\\\/image\\\/\"}}]}<\/script>\n<!-- \/ Yoast SEO plugin. -->","yoast_head_json":{"title":"\"Palais grand-ducal\" bronze de Marina FINDRIK - Museal Editions","description":"Les d\u00e9tails architecturaux significatifs du Palais Grand-Ducal ont \u00e9t\u00e9 choisis par l'artiste Marina FINDRIK-TISLJAR. Puis elle les a ex\u00e9cut\u00e9s en bas-relief.","robots":{"index":"index","follow":"follow","max-snippet":"max-snippet:-1","max-image-preview":"max-image-preview:large","max-video-preview":"max-video-preview:-1"},"canonical":"https:\/\/museal.com\/fr\/produit\/palais-grand-ducal-bronze-de-marina-findrik-tisljar\/","og_locale":"fr_FR","og_type":"article","og_title":"\"Palais grand-ducal\" bronze de Marina FINDRIK - Museal Editions","og_description":"Les d\u00e9tails architecturaux significatifs du Palais Grand-Ducal ont \u00e9t\u00e9 choisis par l'artiste Marina FINDRIK-TISLJAR. Puis elle les a ex\u00e9cut\u00e9s en bas-relief.","og_url":"https:\/\/museal.com\/fr\/produit\/palais-grand-ducal-bronze-de-marina-findrik-tisljar\/","og_site_name":"Museal Editions","article_modified_time":"2024-03-07T10:02:46+00:00","og_image":[{"width":810,"height":1080,"url":"https:\/\/museal.com\/wp-content\/uploads\/2021\/08\/bronzebas-reliefFindrik810pix23031-1.jpg","type":"image\/jpeg"}],"twitter_card":"summary_large_image","schema":{"@context":"https:\/\/schema.org","@graph":[{"@type":"WebPage","@id":"https:\/\/museal.com\/fr\/produit\/palais-grand-ducal-bronze-de-marina-findrik-tisljar\/","url":"https:\/\/museal.com\/fr\/produit\/palais-grand-ducal-bronze-de-marina-findrik-tisljar\/","name":"\"Palais grand-ducal\" bronze de Marina FINDRIK - Museal Editions","isPartOf":{"@id":"https:\/\/museal.com\/fr\/#website"},"primaryImageOfPage":{"@id":"https:\/\/museal.com\/fr\/produit\/palais-grand-ducal-bronze-de-marina-findrik-tisljar\/#primaryimage"},"image":{"@id":"https:\/\/museal.com\/fr\/produit\/palais-grand-ducal-bronze-de-marina-findrik-tisljar\/#primaryimage"},"thumbnailUrl":"https:\/\/museal.com\/wp-content\/uploads\/2021\/08\/bronzebas-reliefFindrik810pix23031-1.jpg","datePublished":"2021-08-07T05:12:00+00:00","dateModified":"2024-03-07T10:02:46+00:00","description":"Les d\u00e9tails architecturaux significatifs du Palais Grand-Ducal ont \u00e9t\u00e9 choisis par l'artiste Marina FINDRIK-TISLJAR. Puis elle les a ex\u00e9cut\u00e9s en bas-relief.","breadcrumb":{"@id":"https:\/\/museal.com\/fr\/produit\/palais-grand-ducal-bronze-de-marina-findrik-tisljar\/#breadcrumb"},"inLanguage":"fr-FR","potentialAction":[{"@type":"ReadAction","target":["https:\/\/museal.com\/fr\/produit\/palais-grand-ducal-bronze-de-marina-findrik-tisljar\/"]}]},{"@type":"ImageObject","inLanguage":"fr-FR","@id":"https:\/\/museal.com\/fr\/produit\/palais-grand-ducal-bronze-de-marina-findrik-tisljar\/#primaryimage","url":"https:\/\/museal.com\/wp-content\/uploads\/2021\/08\/bronzebas-reliefFindrik810pix23031-1.jpg","contentUrl":"https:\/\/museal.com\/wp-content\/uploads\/2021\/08\/bronzebas-reliefFindrik810pix23031-1.jpg","width":810,"height":1080},{"@type":"BreadcrumbList","@id":"https:\/\/museal.com\/fr\/produit\/palais-grand-ducal-bronze-de-marina-findrik-tisljar\/#breadcrumb","itemListElement":[{"@type":"ListItem","position":1,"name":"Accueil","item":"https:\/\/museal.com\/fr\/"},{"@type":"ListItem","position":2,"name":"Boutique","item":"https:\/\/museal.com\/fr\/boutique\/"},{"@type":"ListItem","position":3,"name":"&#8220;Palais grand-ducal&#8221; bronze de Marina FINDRIK"}]},{"@type":"WebSite","@id":"https:\/\/museal.com\/fr\/#website","url":"https:\/\/museal.com\/fr\/","name":"Museal Editions","description":"Objets d&#039;art et de d\u00e9coration inspir\u00e9s du Patrimoine luxembourgeois","publisher":{"@id":"https:\/\/museal.com\/fr\/#organization"},"potentialAction":[{"@type":"SearchAction","target":{"@type":"EntryPoint","urlTemplate":"https:\/\/museal.com\/fr\/?s={search_term_string}"},"query-input":{"@type":"PropertyValueSpecification","valueRequired":true,"valueName":"search_term_string"}}],"inLanguage":"fr-FR"},{"@type":"Organization","@id":"https:\/\/museal.com\/fr\/#organization","name":"Museal Editions","url":"https:\/\/museal.com\/fr\/","logo":{"@type":"ImageObject","inLanguage":"fr-FR","@id":"https:\/\/museal.com\/fr\/#\/schema\/logo\/image\/","url":"https:\/\/museal.com\/wp-content\/uploads\/2021\/05\/logo-e1621950424453.jpg","contentUrl":"https:\/\/museal.com\/wp-content\/uploads\/2021\/05\/logo-e1621950424453.jpg","width":732,"height":574,"caption":"Museal Editions"},"image":{"@id":"https:\/\/museal.com\/fr\/#\/schema\/logo\/image\/"}}]}},"_links":{"self":[{"href":"https:\/\/museal.com\/fr\/wp-json\/wp\/v2\/product\/11266","targetHints":{"allow":["GET"]}}],"collection":[{"href":"https:\/\/museal.com\/fr\/wp-json\/wp\/v2\/product"}],"about":[{"href":"https:\/\/museal.com\/fr\/wp-json\/wp\/v2\/types\/product"}],"wp:featuredmedia":[{"embeddable":true,"href":"https:\/\/museal.com\/fr\/wp-json\/wp\/v2\/media\/11267"}],"wp:attachment":[{"href":"https:\/\/museal.com\/fr\/wp-json\/wp\/v2\/media?parent=11266"}],"wp:term":[{"taxonomy":"product_brand","embeddable":true,"href":"https:\/\/museal.com\/fr\/wp-json\/wp\/v2\/product_brand?post=11266"},{"taxonomy":"product_cat","embeddable":true,"href":"https:\/\/museal.com\/fr\/wp-json\/wp\/v2\/product_cat?post=11266"},{"taxonomy":"product_tag","embeddable":true,"href":"https:\/\/museal.com\/fr\/wp-json\/wp\/v2\/product_tag?post=11266"}],"curies":[{"name":"wp","href":"https:\/\/api.w.org\/{rel}","templated":true}]}}