{"id":11269,"date":"2021-08-07T07:13:00","date_gmt":"2021-08-07T06:13:00","guid":{"rendered":"http:\/\/shop.museal.com\/?post_type=product&#038;p=11269"},"modified":"2024-01-01T23:15:09","modified_gmt":"2024-01-01T22:15:09","slug":"medaille-jean-laveugle-en-bronze-par-yvette-gastauer","status":"publish","type":"product","link":"https:\/\/museal.com\/fr\/produit\/medaille-jean-laveugle-en-bronze-par-yvette-gastauer\/","title":{"rendered":"M\u00e9daille Jean L&#8217;AVEUGLE en bronze, par Yvette GASTAUER"},"content":{"rendered":"<p>Jean L&#8217;AVEUGLE (1296 &#8211; 1346), Comte de Luxembourg et Roi de Boh\u00e8me, n\u00e9 \u00e0 l&#8217;Abbaye d&#8217;Altmunster et mort en combattant \u00e0 la bataille de Cr\u00e9cy. Yvette Gastauer figure ce personnage haut en couleurs, repr\u00e9sent\u00e9 en posture de combattant, parmi ses soldats. Le revers porte l&#8217;inscription &#8220;Jean l&#8217;Aveugle roi de Boh\u00e8me Comte de Luxembourg&#8221;<\/p>\n","protected":false},"excerpt":{"rendered":"<p>M\u00e9daille presse-papiers en bronze &#8220;Jean L&#8217;AVEUGLE&#8221;, r\u00e9alis\u00e9e par Yvette Gastauer<br \/>\nDiam\u00e8tre 9 cm. Poids : 112 g.<\/p>\n","protected":false},"featured_media":13786,"template":"","meta":[],"product_brand":[],"product_cat":[89],"product_tag":[],"class_list":{"0":"post-11269","1":"product","2":"type-product","3":"status-publish","4":"has-post-thumbnail","6":"product_cat-sculptures-et-bronzes-d-art","8":"first","9":"outofstock","10":"taxable","11":"shipping-taxable","12":"purchasable","13":"product-type-simple"},"yoast_head":"<!-- This site is optimized with the Yoast SEO plugin v27.3 - https:\/\/yoast.com\/product\/yoast-seo-wordpress\/ -->\n<title>M\u00e9daille Jean L&#039;AVEUGLE en bronze, par Yvette GASTAUER - Museal Editions<\/title>\n<meta name=\"robots\" content=\"index, follow, max-snippet:-1, max-image-preview:large, max-video-preview:-1\" \/>\n<link rel=\"canonical\" href=\"https:\/\/museal.com\/fr\/produit\/medaille-jean-laveugle-en-bronze-par-yvette-gastauer\/\" \/>\n<meta property=\"og:locale\" content=\"fr_FR\" \/>\n<meta property=\"og:type\" content=\"article\" \/>\n<meta property=\"og:title\" content=\"M\u00e9daille Jean L&#039;AVEUGLE en bronze, par Yvette GASTAUER - Museal Editions\" \/>\n<meta property=\"og:description\" content=\"M\u00e9daille presse-papiers en bronze &quot;Jean L&#039;AVEUGLE&quot;, r\u00e9alis\u00e9e par Yvette Gastauer Diam\u00e8tre 9 cm. Poids : 112 g.\" \/>\n<meta property=\"og:url\" content=\"https:\/\/museal.com\/fr\/produit\/medaille-jean-laveugle-en-bronze-par-yvette-gastauer\/\" \/>\n<meta property=\"og:site_name\" content=\"Museal Editions\" \/>\n<meta property=\"article:modified_time\" content=\"2024-01-01T22:15:09+00:00\" \/>\n<meta property=\"og:image\" content=\"https:\/\/museal.com\/wp-content\/uploads\/2021\/08\/medaille-jean-laveugle-1-768x1024.png\" \/>\n\t<meta property=\"og:image:width\" content=\"768\" \/>\n\t<meta property=\"og:image:height\" content=\"1024\" \/>\n\t<meta property=\"og:image:type\" content=\"image\/png\" \/>\n<meta name=\"twitter:card\" content=\"summary_large_image\" \/>\n<script type=\"application\/ld+json\" class=\"yoast-schema-graph\">{\"@context\":\"https:\\\/\\\/schema.org\",\"@graph\":[{\"@type\":\"WebPage\",\"@id\":\"https:\\\/\\\/museal.com\\\/fr\\\/produit\\\/medaille-jean-laveugle-en-bronze-par-yvette-gastauer\\\/\",\"url\":\"https:\\\/\\\/museal.com\\\/fr\\\/produit\\\/medaille-jean-laveugle-en-bronze-par-yvette-gastauer\\\/\",\"name\":\"M\u00e9daille Jean L'AVEUGLE en bronze, par Yvette GASTAUER - Museal Editions\",\"isPartOf\":{\"@id\":\"https:\\\/\\\/museal.com\\\/fr\\\/#website\"},\"primaryImageOfPage\":{\"@id\":\"https:\\\/\\\/museal.com\\\/fr\\\/produit\\\/medaille-jean-laveugle-en-bronze-par-yvette-gastauer\\\/#primaryimage\"},\"image\":{\"@id\":\"https:\\\/\\\/museal.com\\\/fr\\\/produit\\\/medaille-jean-laveugle-en-bronze-par-yvette-gastauer\\\/#primaryimage\"},\"thumbnailUrl\":\"https:\\\/\\\/museal.com\\\/wp-content\\\/uploads\\\/2021\\\/08\\\/medaille-jean-laveugle-1.png\",\"datePublished\":\"2021-08-07T06:13:00+00:00\",\"dateModified\":\"2024-01-01T22:15:09+00:00\",\"breadcrumb\":{\"@id\":\"https:\\\/\\\/museal.com\\\/fr\\\/produit\\\/medaille-jean-laveugle-en-bronze-par-yvette-gastauer\\\/#breadcrumb\"},\"inLanguage\":\"fr-FR\",\"potentialAction\":[{\"@type\":\"ReadAction\",\"target\":[\"https:\\\/\\\/museal.com\\\/fr\\\/produit\\\/medaille-jean-laveugle-en-bronze-par-yvette-gastauer\\\/\"]}]},{\"@type\":\"ImageObject\",\"inLanguage\":\"fr-FR\",\"@id\":\"https:\\\/\\\/museal.com\\\/fr\\\/produit\\\/medaille-jean-laveugle-en-bronze-par-yvette-gastauer\\\/#primaryimage\",\"url\":\"https:\\\/\\\/museal.com\\\/wp-content\\\/uploads\\\/2021\\\/08\\\/medaille-jean-laveugle-1.png\",\"contentUrl\":\"https:\\\/\\\/museal.com\\\/wp-content\\\/uploads\\\/2021\\\/08\\\/medaille-jean-laveugle-1.png\",\"width\":1500,\"height\":2000},{\"@type\":\"BreadcrumbList\",\"@id\":\"https:\\\/\\\/museal.com\\\/fr\\\/produit\\\/medaille-jean-laveugle-en-bronze-par-yvette-gastauer\\\/#breadcrumb\",\"itemListElement\":[{\"@type\":\"ListItem\",\"position\":1,\"name\":\"Accueil\",\"item\":\"https:\\\/\\\/museal.com\\\/fr\\\/\"},{\"@type\":\"ListItem\",\"position\":2,\"name\":\"Boutique\",\"item\":\"https:\\\/\\\/museal.com\\\/fr\\\/boutique\\\/\"},{\"@type\":\"ListItem\",\"position\":3,\"name\":\"M\u00e9daille Jean L&#8217;AVEUGLE en bronze, par Yvette GASTAUER\"}]},{\"@type\":\"WebSite\",\"@id\":\"https:\\\/\\\/museal.com\\\/fr\\\/#website\",\"url\":\"https:\\\/\\\/museal.com\\\/fr\\\/\",\"name\":\"Museal Editions\",\"description\":\"Objets d&#039;art et de d\u00e9coration inspir\u00e9s du Patrimoine luxembourgeois\",\"publisher\":{\"@id\":\"https:\\\/\\\/museal.com\\\/fr\\\/#organization\"},\"potentialAction\":[{\"@type\":\"SearchAction\",\"target\":{\"@type\":\"EntryPoint\",\"urlTemplate\":\"https:\\\/\\\/museal.com\\\/fr\\\/?s={search_term_string}\"},\"query-input\":{\"@type\":\"PropertyValueSpecification\",\"valueRequired\":true,\"valueName\":\"search_term_string\"}}],\"inLanguage\":\"fr-FR\"},{\"@type\":\"Organization\",\"@id\":\"https:\\\/\\\/museal.com\\\/fr\\\/#organization\",\"name\":\"Museal Editions\",\"url\":\"https:\\\/\\\/museal.com\\\/fr\\\/\",\"logo\":{\"@type\":\"ImageObject\",\"inLanguage\":\"fr-FR\",\"@id\":\"https:\\\/\\\/museal.com\\\/fr\\\/#\\\/schema\\\/logo\\\/image\\\/\",\"url\":\"https:\\\/\\\/museal.com\\\/wp-content\\\/uploads\\\/2021\\\/05\\\/logo-e1621950424453.jpg\",\"contentUrl\":\"https:\\\/\\\/museal.com\\\/wp-content\\\/uploads\\\/2021\\\/05\\\/logo-e1621950424453.jpg\",\"width\":732,\"height\":574,\"caption\":\"Museal Editions\"},\"image\":{\"@id\":\"https:\\\/\\\/museal.com\\\/fr\\\/#\\\/schema\\\/logo\\\/image\\\/\"}}]}<\/script>\n<!-- \/ Yoast SEO plugin. -->","yoast_head_json":{"title":"M\u00e9daille Jean L'AVEUGLE en bronze, par Yvette GASTAUER - Museal Editions","robots":{"index":"index","follow":"follow","max-snippet":"max-snippet:-1","max-image-preview":"max-image-preview:large","max-video-preview":"max-video-preview:-1"},"canonical":"https:\/\/museal.com\/fr\/produit\/medaille-jean-laveugle-en-bronze-par-yvette-gastauer\/","og_locale":"fr_FR","og_type":"article","og_title":"M\u00e9daille Jean L'AVEUGLE en bronze, par Yvette GASTAUER - Museal Editions","og_description":"M\u00e9daille presse-papiers en bronze \"Jean L'AVEUGLE\", r\u00e9alis\u00e9e par Yvette Gastauer Diam\u00e8tre 9 cm. Poids : 112 g.","og_url":"https:\/\/museal.com\/fr\/produit\/medaille-jean-laveugle-en-bronze-par-yvette-gastauer\/","og_site_name":"Museal Editions","article_modified_time":"2024-01-01T22:15:09+00:00","og_image":[{"width":768,"height":1024,"url":"https:\/\/museal.com\/wp-content\/uploads\/2021\/08\/medaille-jean-laveugle-1-768x1024.png","type":"image\/png"}],"twitter_card":"summary_large_image","schema":{"@context":"https:\/\/schema.org","@graph":[{"@type":"WebPage","@id":"https:\/\/museal.com\/fr\/produit\/medaille-jean-laveugle-en-bronze-par-yvette-gastauer\/","url":"https:\/\/museal.com\/fr\/produit\/medaille-jean-laveugle-en-bronze-par-yvette-gastauer\/","name":"M\u00e9daille Jean L'AVEUGLE en bronze, par Yvette GASTAUER - Museal Editions","isPartOf":{"@id":"https:\/\/museal.com\/fr\/#website"},"primaryImageOfPage":{"@id":"https:\/\/museal.com\/fr\/produit\/medaille-jean-laveugle-en-bronze-par-yvette-gastauer\/#primaryimage"},"image":{"@id":"https:\/\/museal.com\/fr\/produit\/medaille-jean-laveugle-en-bronze-par-yvette-gastauer\/#primaryimage"},"thumbnailUrl":"https:\/\/museal.com\/wp-content\/uploads\/2021\/08\/medaille-jean-laveugle-1.png","datePublished":"2021-08-07T06:13:00+00:00","dateModified":"2024-01-01T22:15:09+00:00","breadcrumb":{"@id":"https:\/\/museal.com\/fr\/produit\/medaille-jean-laveugle-en-bronze-par-yvette-gastauer\/#breadcrumb"},"inLanguage":"fr-FR","potentialAction":[{"@type":"ReadAction","target":["https:\/\/museal.com\/fr\/produit\/medaille-jean-laveugle-en-bronze-par-yvette-gastauer\/"]}]},{"@type":"ImageObject","inLanguage":"fr-FR","@id":"https:\/\/museal.com\/fr\/produit\/medaille-jean-laveugle-en-bronze-par-yvette-gastauer\/#primaryimage","url":"https:\/\/museal.com\/wp-content\/uploads\/2021\/08\/medaille-jean-laveugle-1.png","contentUrl":"https:\/\/museal.com\/wp-content\/uploads\/2021\/08\/medaille-jean-laveugle-1.png","width":1500,"height":2000},{"@type":"BreadcrumbList","@id":"https:\/\/museal.com\/fr\/produit\/medaille-jean-laveugle-en-bronze-par-yvette-gastauer\/#breadcrumb","itemListElement":[{"@type":"ListItem","position":1,"name":"Accueil","item":"https:\/\/museal.com\/fr\/"},{"@type":"ListItem","position":2,"name":"Boutique","item":"https:\/\/museal.com\/fr\/boutique\/"},{"@type":"ListItem","position":3,"name":"M\u00e9daille Jean L&#8217;AVEUGLE en bronze, par Yvette GASTAUER"}]},{"@type":"WebSite","@id":"https:\/\/museal.com\/fr\/#website","url":"https:\/\/museal.com\/fr\/","name":"Museal Editions","description":"Objets d&#039;art et de d\u00e9coration inspir\u00e9s du Patrimoine luxembourgeois","publisher":{"@id":"https:\/\/museal.com\/fr\/#organization"},"potentialAction":[{"@type":"SearchAction","target":{"@type":"EntryPoint","urlTemplate":"https:\/\/museal.com\/fr\/?s={search_term_string}"},"query-input":{"@type":"PropertyValueSpecification","valueRequired":true,"valueName":"search_term_string"}}],"inLanguage":"fr-FR"},{"@type":"Organization","@id":"https:\/\/museal.com\/fr\/#organization","name":"Museal Editions","url":"https:\/\/museal.com\/fr\/","logo":{"@type":"ImageObject","inLanguage":"fr-FR","@id":"https:\/\/museal.com\/fr\/#\/schema\/logo\/image\/","url":"https:\/\/museal.com\/wp-content\/uploads\/2021\/05\/logo-e1621950424453.jpg","contentUrl":"https:\/\/museal.com\/wp-content\/uploads\/2021\/05\/logo-e1621950424453.jpg","width":732,"height":574,"caption":"Museal Editions"},"image":{"@id":"https:\/\/museal.com\/fr\/#\/schema\/logo\/image\/"}}]}},"_links":{"self":[{"href":"https:\/\/museal.com\/fr\/wp-json\/wp\/v2\/product\/11269","targetHints":{"allow":["GET"]}}],"collection":[{"href":"https:\/\/museal.com\/fr\/wp-json\/wp\/v2\/product"}],"about":[{"href":"https:\/\/museal.com\/fr\/wp-json\/wp\/v2\/types\/product"}],"wp:featuredmedia":[{"embeddable":true,"href":"https:\/\/museal.com\/fr\/wp-json\/wp\/v2\/media\/13786"}],"wp:attachment":[{"href":"https:\/\/museal.com\/fr\/wp-json\/wp\/v2\/media?parent=11269"}],"wp:term":[{"taxonomy":"product_brand","embeddable":true,"href":"https:\/\/museal.com\/fr\/wp-json\/wp\/v2\/product_brand?post=11269"},{"taxonomy":"product_cat","embeddable":true,"href":"https:\/\/museal.com\/fr\/wp-json\/wp\/v2\/product_cat?post=11269"},{"taxonomy":"product_tag","embeddable":true,"href":"https:\/\/museal.com\/fr\/wp-json\/wp\/v2\/product_tag?post=11269"}],"curies":[{"name":"wp","href":"https:\/\/api.w.org\/{rel}","templated":true}]}}