{"id":11270,"date":"2021-08-07T07:14:00","date_gmt":"2021-08-07T05:14:00","guid":{"rendered":"http:\/\/shop.museal.com\/?post_type=product&#038;p=11270"},"modified":"2025-06-26T12:27:13","modified_gmt":"2025-06-26T10:27:13","slug":"sanglier-gallo-romain-du-luxembourg-en-pierre-reconstituee","status":"publish","type":"product","link":"https:\/\/museal.com\/fr\/produit\/sanglier-gallo-romain-du-luxembourg-en-pierre-reconstituee\/","title":{"rendered":"&#8220;Sanglier Gallo-romain du Luxembourg&#8221; en pierre reconstitu\u00e9e"},"content":{"rendered":"<p>Trouv\u00e9 aux environs de Luxembourg et conserv\u00e9 au Mus\u00e9e du Louvre, ce bronze de l\u2019\u00e9poque gallo-romaine (env. 2eme si\u00e8cle ap. J.-C) est l\u2019un des plus int\u00e9ressants et des mieux conserv\u00e9s de tous ceux qui nous sont parvenus. Il combine le naturalisme cher aux Romains et le go\u00fbt des Gaulois pour la stylisation et les compositions d\u00e9coratives.<br \/>\nCe sanglier en pleine course est en train de charger, les soies de l\u2018\u00e9chine h\u00e9riss\u00e9es, la t\u00eate dress\u00e9e vers l\u2019ennemi, gueule entrouverte. Le traitement remarquable du pelage, en m\u00e8ches souples anim\u00e9es par la course, lui donne une tr\u00e8s vive impression de puissance et de mouvement. Il pourrait s&#8217;agir d\u2019une offrande faite \u00e0 un dieu.<\/p>\n","protected":false},"excerpt":{"rendered":"<p>R\u00e9duction en pierre reconstitu\u00e9e d&#8217;un sanglier en bronze de l&#8217;\u00e9poque gallo-romaine.<br \/>\nCette \u0153uvre respecte parfaitement les d\u00e9tails de ciselure de l\u2019\u0153uvre originale.<br \/>\nLongueur : 23 cm, hauteur : 17 cm, largeur : 9 cm, poids : 800 g.<\/p>\n","protected":false},"featured_media":13754,"template":"","meta":[],"product_brand":[],"product_cat":[89],"product_tag":[],"class_list":{"0":"post-11270","1":"product","2":"type-product","3":"status-publish","4":"has-post-thumbnail","6":"product_cat-sculptures-et-bronzes-d-art","7":"product_shipping_class-categorie-b","9":"first","10":"instock","11":"taxable","12":"shipping-taxable","13":"purchasable","14":"product-type-simple"},"yoast_head":"<!-- This site is optimized with the Yoast SEO plugin v27.3 - https:\/\/yoast.com\/product\/yoast-seo-wordpress\/ -->\n<title>&quot;Sanglier Gallo-romain du Luxembourg&quot; en pierre reconstitu\u00e9e - Museal Editions<\/title>\n<meta name=\"description\" content=\"R\u00e9duction en pierre reconstitu\u00e9e d&#039;un sanglier en bronze de l&#039;\u00e9poque gallo-romaine. Elle respecte parfaitement les d\u00e9tails de ciselure de l\u2019\u0153uvre originale.\" \/>\n<meta name=\"robots\" content=\"index, follow, max-snippet:-1, max-image-preview:large, max-video-preview:-1\" \/>\n<link rel=\"canonical\" href=\"https:\/\/museal.com\/fr\/produit\/sanglier-gallo-romain-du-luxembourg-en-pierre-reconstituee\/\" \/>\n<meta property=\"og:locale\" content=\"fr_FR\" \/>\n<meta property=\"og:type\" content=\"article\" \/>\n<meta property=\"og:title\" content=\"&quot;Sanglier Gallo-romain du Luxembourg&quot; en pierre reconstitu\u00e9e - Museal Editions\" \/>\n<meta property=\"og:description\" content=\"R\u00e9duction en pierre reconstitu\u00e9e d&#039;un sanglier en bronze de l&#039;\u00e9poque gallo-romaine. Elle respecte parfaitement les d\u00e9tails de ciselure de l\u2019\u0153uvre originale.\" \/>\n<meta property=\"og:url\" content=\"https:\/\/museal.com\/fr\/produit\/sanglier-gallo-romain-du-luxembourg-en-pierre-reconstituee\/\" \/>\n<meta property=\"og:site_name\" content=\"Museal Editions\" \/>\n<meta property=\"article:modified_time\" content=\"2025-06-26T10:27:13+00:00\" \/>\n<meta property=\"og:image\" content=\"https:\/\/museal.com\/wp-content\/uploads\/2021\/08\/sanglier-en-pierre.png\" \/>\n\t<meta property=\"og:image:width\" content=\"1500\" \/>\n\t<meta property=\"og:image:height\" content=\"2000\" \/>\n\t<meta property=\"og:image:type\" content=\"image\/png\" \/>\n<meta name=\"twitter:card\" content=\"summary_large_image\" \/>\n<script type=\"application\/ld+json\" class=\"yoast-schema-graph\">{\"@context\":\"https:\\\/\\\/schema.org\",\"@graph\":[{\"@type\":\"WebPage\",\"@id\":\"https:\\\/\\\/museal.com\\\/fr\\\/produit\\\/sanglier-gallo-romain-du-luxembourg-en-pierre-reconstituee\\\/\",\"url\":\"https:\\\/\\\/museal.com\\\/fr\\\/produit\\\/sanglier-gallo-romain-du-luxembourg-en-pierre-reconstituee\\\/\",\"name\":\"\\\"Sanglier Gallo-romain du Luxembourg\\\" en pierre reconstitu\u00e9e - Museal Editions\",\"isPartOf\":{\"@id\":\"https:\\\/\\\/museal.com\\\/fr\\\/#website\"},\"primaryImageOfPage\":{\"@id\":\"https:\\\/\\\/museal.com\\\/fr\\\/produit\\\/sanglier-gallo-romain-du-luxembourg-en-pierre-reconstituee\\\/#primaryimage\"},\"image\":{\"@id\":\"https:\\\/\\\/museal.com\\\/fr\\\/produit\\\/sanglier-gallo-romain-du-luxembourg-en-pierre-reconstituee\\\/#primaryimage\"},\"thumbnailUrl\":\"https:\\\/\\\/museal.com\\\/wp-content\\\/uploads\\\/2021\\\/08\\\/sanglier-en-pierre.png\",\"datePublished\":\"2021-08-07T05:14:00+00:00\",\"dateModified\":\"2025-06-26T10:27:13+00:00\",\"description\":\"R\u00e9duction en pierre reconstitu\u00e9e d'un sanglier en bronze de l'\u00e9poque gallo-romaine. Elle respecte parfaitement les d\u00e9tails de ciselure de l\u2019\u0153uvre originale.\",\"breadcrumb\":{\"@id\":\"https:\\\/\\\/museal.com\\\/fr\\\/produit\\\/sanglier-gallo-romain-du-luxembourg-en-pierre-reconstituee\\\/#breadcrumb\"},\"inLanguage\":\"fr-FR\",\"potentialAction\":[{\"@type\":\"ReadAction\",\"target\":[\"https:\\\/\\\/museal.com\\\/fr\\\/produit\\\/sanglier-gallo-romain-du-luxembourg-en-pierre-reconstituee\\\/\"]}]},{\"@type\":\"ImageObject\",\"inLanguage\":\"fr-FR\",\"@id\":\"https:\\\/\\\/museal.com\\\/fr\\\/produit\\\/sanglier-gallo-romain-du-luxembourg-en-pierre-reconstituee\\\/#primaryimage\",\"url\":\"https:\\\/\\\/museal.com\\\/wp-content\\\/uploads\\\/2021\\\/08\\\/sanglier-en-pierre.png\",\"contentUrl\":\"https:\\\/\\\/museal.com\\\/wp-content\\\/uploads\\\/2021\\\/08\\\/sanglier-en-pierre.png\",\"width\":1500,\"height\":2000},{\"@type\":\"BreadcrumbList\",\"@id\":\"https:\\\/\\\/museal.com\\\/fr\\\/produit\\\/sanglier-gallo-romain-du-luxembourg-en-pierre-reconstituee\\\/#breadcrumb\",\"itemListElement\":[{\"@type\":\"ListItem\",\"position\":1,\"name\":\"Accueil\",\"item\":\"https:\\\/\\\/museal.com\\\/fr\\\/\"},{\"@type\":\"ListItem\",\"position\":2,\"name\":\"Boutique\",\"item\":\"https:\\\/\\\/museal.com\\\/fr\\\/boutique\\\/\"},{\"@type\":\"ListItem\",\"position\":3,\"name\":\"&#8220;Sanglier Gallo-romain du Luxembourg&#8221; en pierre reconstitu\u00e9e\"}]},{\"@type\":\"WebSite\",\"@id\":\"https:\\\/\\\/museal.com\\\/fr\\\/#website\",\"url\":\"https:\\\/\\\/museal.com\\\/fr\\\/\",\"name\":\"Museal Editions\",\"description\":\"Objets d&#039;art et de d\u00e9coration inspir\u00e9s du Patrimoine luxembourgeois\",\"publisher\":{\"@id\":\"https:\\\/\\\/museal.com\\\/fr\\\/#organization\"},\"potentialAction\":[{\"@type\":\"SearchAction\",\"target\":{\"@type\":\"EntryPoint\",\"urlTemplate\":\"https:\\\/\\\/museal.com\\\/fr\\\/?s={search_term_string}\"},\"query-input\":{\"@type\":\"PropertyValueSpecification\",\"valueRequired\":true,\"valueName\":\"search_term_string\"}}],\"inLanguage\":\"fr-FR\"},{\"@type\":\"Organization\",\"@id\":\"https:\\\/\\\/museal.com\\\/fr\\\/#organization\",\"name\":\"Museal Editions\",\"url\":\"https:\\\/\\\/museal.com\\\/fr\\\/\",\"logo\":{\"@type\":\"ImageObject\",\"inLanguage\":\"fr-FR\",\"@id\":\"https:\\\/\\\/museal.com\\\/fr\\\/#\\\/schema\\\/logo\\\/image\\\/\",\"url\":\"https:\\\/\\\/museal.com\\\/wp-content\\\/uploads\\\/2021\\\/05\\\/logo-e1621950424453.jpg\",\"contentUrl\":\"https:\\\/\\\/museal.com\\\/wp-content\\\/uploads\\\/2021\\\/05\\\/logo-e1621950424453.jpg\",\"width\":732,\"height\":574,\"caption\":\"Museal Editions\"},\"image\":{\"@id\":\"https:\\\/\\\/museal.com\\\/fr\\\/#\\\/schema\\\/logo\\\/image\\\/\"}}]}<\/script>\n<!-- \/ Yoast SEO plugin. -->","yoast_head_json":{"title":"\"Sanglier Gallo-romain du Luxembourg\" en pierre reconstitu\u00e9e - Museal Editions","description":"R\u00e9duction en pierre reconstitu\u00e9e d'un sanglier en bronze de l'\u00e9poque gallo-romaine. Elle respecte parfaitement les d\u00e9tails de ciselure de l\u2019\u0153uvre originale.","robots":{"index":"index","follow":"follow","max-snippet":"max-snippet:-1","max-image-preview":"max-image-preview:large","max-video-preview":"max-video-preview:-1"},"canonical":"https:\/\/museal.com\/fr\/produit\/sanglier-gallo-romain-du-luxembourg-en-pierre-reconstituee\/","og_locale":"fr_FR","og_type":"article","og_title":"\"Sanglier Gallo-romain du Luxembourg\" en pierre reconstitu\u00e9e - Museal Editions","og_description":"R\u00e9duction en pierre reconstitu\u00e9e d'un sanglier en bronze de l'\u00e9poque gallo-romaine. Elle respecte parfaitement les d\u00e9tails de ciselure de l\u2019\u0153uvre originale.","og_url":"https:\/\/museal.com\/fr\/produit\/sanglier-gallo-romain-du-luxembourg-en-pierre-reconstituee\/","og_site_name":"Museal Editions","article_modified_time":"2025-06-26T10:27:13+00:00","og_image":[{"width":1500,"height":2000,"url":"https:\/\/museal.com\/wp-content\/uploads\/2021\/08\/sanglier-en-pierre.png","type":"image\/png"}],"twitter_card":"summary_large_image","schema":{"@context":"https:\/\/schema.org","@graph":[{"@type":"WebPage","@id":"https:\/\/museal.com\/fr\/produit\/sanglier-gallo-romain-du-luxembourg-en-pierre-reconstituee\/","url":"https:\/\/museal.com\/fr\/produit\/sanglier-gallo-romain-du-luxembourg-en-pierre-reconstituee\/","name":"\"Sanglier Gallo-romain du Luxembourg\" en pierre reconstitu\u00e9e - Museal Editions","isPartOf":{"@id":"https:\/\/museal.com\/fr\/#website"},"primaryImageOfPage":{"@id":"https:\/\/museal.com\/fr\/produit\/sanglier-gallo-romain-du-luxembourg-en-pierre-reconstituee\/#primaryimage"},"image":{"@id":"https:\/\/museal.com\/fr\/produit\/sanglier-gallo-romain-du-luxembourg-en-pierre-reconstituee\/#primaryimage"},"thumbnailUrl":"https:\/\/museal.com\/wp-content\/uploads\/2021\/08\/sanglier-en-pierre.png","datePublished":"2021-08-07T05:14:00+00:00","dateModified":"2025-06-26T10:27:13+00:00","description":"R\u00e9duction en pierre reconstitu\u00e9e d'un sanglier en bronze de l'\u00e9poque gallo-romaine. Elle respecte parfaitement les d\u00e9tails de ciselure de l\u2019\u0153uvre originale.","breadcrumb":{"@id":"https:\/\/museal.com\/fr\/produit\/sanglier-gallo-romain-du-luxembourg-en-pierre-reconstituee\/#breadcrumb"},"inLanguage":"fr-FR","potentialAction":[{"@type":"ReadAction","target":["https:\/\/museal.com\/fr\/produit\/sanglier-gallo-romain-du-luxembourg-en-pierre-reconstituee\/"]}]},{"@type":"ImageObject","inLanguage":"fr-FR","@id":"https:\/\/museal.com\/fr\/produit\/sanglier-gallo-romain-du-luxembourg-en-pierre-reconstituee\/#primaryimage","url":"https:\/\/museal.com\/wp-content\/uploads\/2021\/08\/sanglier-en-pierre.png","contentUrl":"https:\/\/museal.com\/wp-content\/uploads\/2021\/08\/sanglier-en-pierre.png","width":1500,"height":2000},{"@type":"BreadcrumbList","@id":"https:\/\/museal.com\/fr\/produit\/sanglier-gallo-romain-du-luxembourg-en-pierre-reconstituee\/#breadcrumb","itemListElement":[{"@type":"ListItem","position":1,"name":"Accueil","item":"https:\/\/museal.com\/fr\/"},{"@type":"ListItem","position":2,"name":"Boutique","item":"https:\/\/museal.com\/fr\/boutique\/"},{"@type":"ListItem","position":3,"name":"&#8220;Sanglier Gallo-romain du Luxembourg&#8221; en pierre reconstitu\u00e9e"}]},{"@type":"WebSite","@id":"https:\/\/museal.com\/fr\/#website","url":"https:\/\/museal.com\/fr\/","name":"Museal Editions","description":"Objets d&#039;art et de d\u00e9coration inspir\u00e9s du Patrimoine luxembourgeois","publisher":{"@id":"https:\/\/museal.com\/fr\/#organization"},"potentialAction":[{"@type":"SearchAction","target":{"@type":"EntryPoint","urlTemplate":"https:\/\/museal.com\/fr\/?s={search_term_string}"},"query-input":{"@type":"PropertyValueSpecification","valueRequired":true,"valueName":"search_term_string"}}],"inLanguage":"fr-FR"},{"@type":"Organization","@id":"https:\/\/museal.com\/fr\/#organization","name":"Museal Editions","url":"https:\/\/museal.com\/fr\/","logo":{"@type":"ImageObject","inLanguage":"fr-FR","@id":"https:\/\/museal.com\/fr\/#\/schema\/logo\/image\/","url":"https:\/\/museal.com\/wp-content\/uploads\/2021\/05\/logo-e1621950424453.jpg","contentUrl":"https:\/\/museal.com\/wp-content\/uploads\/2021\/05\/logo-e1621950424453.jpg","width":732,"height":574,"caption":"Museal Editions"},"image":{"@id":"https:\/\/museal.com\/fr\/#\/schema\/logo\/image\/"}}]}},"_links":{"self":[{"href":"https:\/\/museal.com\/fr\/wp-json\/wp\/v2\/product\/11270","targetHints":{"allow":["GET"]}}],"collection":[{"href":"https:\/\/museal.com\/fr\/wp-json\/wp\/v2\/product"}],"about":[{"href":"https:\/\/museal.com\/fr\/wp-json\/wp\/v2\/types\/product"}],"wp:featuredmedia":[{"embeddable":true,"href":"https:\/\/museal.com\/fr\/wp-json\/wp\/v2\/media\/13754"}],"wp:attachment":[{"href":"https:\/\/museal.com\/fr\/wp-json\/wp\/v2\/media?parent=11270"}],"wp:term":[{"taxonomy":"product_brand","embeddable":true,"href":"https:\/\/museal.com\/fr\/wp-json\/wp\/v2\/product_brand?post=11270"},{"taxonomy":"product_cat","embeddable":true,"href":"https:\/\/museal.com\/fr\/wp-json\/wp\/v2\/product_cat?post=11270"},{"taxonomy":"product_tag","embeddable":true,"href":"https:\/\/museal.com\/fr\/wp-json\/wp\/v2\/product_tag?post=11270"}],"curies":[{"name":"wp","href":"https:\/\/api.w.org\/{rel}","templated":true}]}}