{"id":11273,"date":"2021-08-07T07:15:00","date_gmt":"2021-08-07T06:15:00","guid":{"rendered":"http:\/\/shop.museal.com\/?post_type=product&#038;p=11273"},"modified":"2026-02-24T15:35:12","modified_gmt":"2026-02-24T14:35:12","slug":"pendentif-gelle-fra","status":"publish","type":"product","link":"https:\/\/museal.com\/fr\/produit\/pendentif-gelle-fra\/","title":{"rendered":"Pendentif &#8220;G\u00eblle Fra&#8221;"},"content":{"rendered":"<p>La &#8220;G\u00eblle Fra&#8221; (femme en or) est l&#8217;un des monuments embl\u00e9matiques du Grand Duch\u00e9 de Luxembourg. \u00c9rig\u00e9e en plein c\u0153ur de Luxembourg, place de la constitution, en 1922, cette sculpture f\u00e9minine s&#8217;appelait \u00e0 l&#8217;\u00e9poque la &#8220;Reine de la paix&#8221;. Le monument est constitu\u00e9 d&#8217;un socle carr\u00e9 sur\u00e9lev\u00e9 soutenant un ob\u00e9lisque de 21 m\u00e8tres de haut, avec \u00e0 son sommet la statue dor\u00e9e d&#8217;une femme qui, \u00e0 bout de bras, tend une couronne de laurier.<br \/>\nCommand\u00e9e au c\u00e9l\u00e8bre sculpteur luxembourgeois Claus CITO en hommage aux soldats luxembourgeois disparus durant la Premi\u00e8re Guerre mondiale, puis d\u00e9mont\u00e9e par l&#8217;occupant allemand en 1940, la &#8220;femme en or&#8221; n&#8217;a retrouv\u00e9 son pi\u00e9destal qu&#8217;en 1985. Au-del\u00e0 du monument du souvenir honorant les combattants tomb\u00e9s pour la patrie au cours des conflits du XXe si\u00e8cle, la &#8220;G\u00eblle Fra&#8221; est aujourd&#8217;hui un symbole des valeurs d\u00e9mocratiques de libert\u00e9 et de paix. Elle a d&#8217;ailleurs \u00e9t\u00e9 choisie comme figure de proue du pavillon luxembourgeois \u00e0 l&#8217;exposition universelle de Shanghai en 2010.<\/p>\n<p>&nbsp;<\/p>\n","protected":false},"excerpt":{"rendered":"<p>Pendentif G\u00eblle Fra, propos\u00e9 en plaqu\u00e9 or et en argent.<br \/>\nHauteur: 2 cm, argent massif 925\/1000 ou laiton dor\u00e9 avec chaine assortie. Vendu dans un \u00e9crin.<\/p>\n","protected":false},"featured_media":14630,"template":"","meta":[],"product_brand":[],"product_cat":[91],"product_tag":[],"class_list":{"0":"post-11273","1":"product","2":"type-product","3":"status-publish","4":"has-post-thumbnail","6":"product_cat-bijoux-pour-elle","8":"first","9":"instock","10":"taxable","11":"shipping-taxable","12":"purchasable","13":"product-type-variable"},"yoast_head":"<!-- This site is optimized with the Yoast SEO plugin v27.3 - https:\/\/yoast.com\/product\/yoast-seo-wordpress\/ -->\n<title>Pendentif &quot;G\u00eblle Fra&quot; - Museal Editions<\/title>\n<meta name=\"description\" content=\"Pendentif figurant la G\u00eblle Fra. l&#039;un des monuments embl\u00e9matiques du Grand Duch\u00e9 de Luxembourg. Il est propos\u00e9 en plaqu\u00e9 or et en argent.\" \/>\n<meta name=\"robots\" content=\"index, follow, max-snippet:-1, max-image-preview:large, max-video-preview:-1\" \/>\n<link rel=\"canonical\" href=\"https:\/\/museal.com\/fr\/produit\/pendentif-gelle-fra\/\" \/>\n<meta property=\"og:locale\" content=\"fr_FR\" \/>\n<meta property=\"og:type\" content=\"article\" \/>\n<meta property=\"og:title\" content=\"Pendentif &quot;G\u00eblle Fra&quot; - Museal Editions\" \/>\n<meta property=\"og:description\" content=\"Pendentif figurant la G\u00eblle Fra. l&#039;un des monuments embl\u00e9matiques du Grand Duch\u00e9 de Luxembourg. Il est propos\u00e9 en plaqu\u00e9 or et en argent.\" \/>\n<meta property=\"og:url\" content=\"https:\/\/museal.com\/fr\/produit\/pendentif-gelle-fra\/\" \/>\n<meta property=\"og:site_name\" content=\"Museal Editions\" \/>\n<meta property=\"article:modified_time\" content=\"2026-02-24T14:35:12+00:00\" \/>\n<meta property=\"og:image\" content=\"https:\/\/museal.com\/wp-content\/uploads\/2021\/08\/pendentif-gelle-fra-1-768x1024.png\" \/>\n\t<meta property=\"og:image:width\" content=\"768\" \/>\n\t<meta property=\"og:image:height\" content=\"1024\" \/>\n\t<meta property=\"og:image:type\" content=\"image\/png\" \/>\n<meta name=\"twitter:card\" content=\"summary_large_image\" \/>\n<script type=\"application\/ld+json\" class=\"yoast-schema-graph\">{\"@context\":\"https:\\\/\\\/schema.org\",\"@graph\":[{\"@type\":\"WebPage\",\"@id\":\"https:\\\/\\\/museal.com\\\/fr\\\/produit\\\/pendentif-gelle-fra\\\/\",\"url\":\"https:\\\/\\\/museal.com\\\/fr\\\/produit\\\/pendentif-gelle-fra\\\/\",\"name\":\"Pendentif \\\"G\u00eblle Fra\\\" - Museal Editions\",\"isPartOf\":{\"@id\":\"https:\\\/\\\/museal.com\\\/fr\\\/#website\"},\"primaryImageOfPage\":{\"@id\":\"https:\\\/\\\/museal.com\\\/fr\\\/produit\\\/pendentif-gelle-fra\\\/#primaryimage\"},\"image\":{\"@id\":\"https:\\\/\\\/museal.com\\\/fr\\\/produit\\\/pendentif-gelle-fra\\\/#primaryimage\"},\"thumbnailUrl\":\"https:\\\/\\\/museal.com\\\/wp-content\\\/uploads\\\/2021\\\/08\\\/pendentif-gelle-fra-1.png\",\"datePublished\":\"2021-08-07T06:15:00+00:00\",\"dateModified\":\"2026-02-24T14:35:12+00:00\",\"description\":\"Pendentif figurant la G\u00eblle Fra. l'un des monuments embl\u00e9matiques du Grand Duch\u00e9 de Luxembourg. Il est propos\u00e9 en plaqu\u00e9 or et en argent.\",\"breadcrumb\":{\"@id\":\"https:\\\/\\\/museal.com\\\/fr\\\/produit\\\/pendentif-gelle-fra\\\/#breadcrumb\"},\"inLanguage\":\"fr-FR\",\"potentialAction\":[{\"@type\":\"ReadAction\",\"target\":[\"https:\\\/\\\/museal.com\\\/fr\\\/produit\\\/pendentif-gelle-fra\\\/\"]}]},{\"@type\":\"ImageObject\",\"inLanguage\":\"fr-FR\",\"@id\":\"https:\\\/\\\/museal.com\\\/fr\\\/produit\\\/pendentif-gelle-fra\\\/#primaryimage\",\"url\":\"https:\\\/\\\/museal.com\\\/wp-content\\\/uploads\\\/2021\\\/08\\\/pendentif-gelle-fra-1.png\",\"contentUrl\":\"https:\\\/\\\/museal.com\\\/wp-content\\\/uploads\\\/2021\\\/08\\\/pendentif-gelle-fra-1.png\",\"width\":1500,\"height\":2000},{\"@type\":\"BreadcrumbList\",\"@id\":\"https:\\\/\\\/museal.com\\\/fr\\\/produit\\\/pendentif-gelle-fra\\\/#breadcrumb\",\"itemListElement\":[{\"@type\":\"ListItem\",\"position\":1,\"name\":\"Accueil\",\"item\":\"https:\\\/\\\/museal.com\\\/fr\\\/\"},{\"@type\":\"ListItem\",\"position\":2,\"name\":\"Boutique\",\"item\":\"https:\\\/\\\/museal.com\\\/fr\\\/boutique\\\/\"},{\"@type\":\"ListItem\",\"position\":3,\"name\":\"Pendentif &#8220;G\u00eblle Fra&#8221;\"}]},{\"@type\":\"WebSite\",\"@id\":\"https:\\\/\\\/museal.com\\\/fr\\\/#website\",\"url\":\"https:\\\/\\\/museal.com\\\/fr\\\/\",\"name\":\"Museal Editions\",\"description\":\"Objets d&#039;art et de d\u00e9coration inspir\u00e9s du Patrimoine luxembourgeois\",\"publisher\":{\"@id\":\"https:\\\/\\\/museal.com\\\/fr\\\/#organization\"},\"potentialAction\":[{\"@type\":\"SearchAction\",\"target\":{\"@type\":\"EntryPoint\",\"urlTemplate\":\"https:\\\/\\\/museal.com\\\/fr\\\/?s={search_term_string}\"},\"query-input\":{\"@type\":\"PropertyValueSpecification\",\"valueRequired\":true,\"valueName\":\"search_term_string\"}}],\"inLanguage\":\"fr-FR\"},{\"@type\":\"Organization\",\"@id\":\"https:\\\/\\\/museal.com\\\/fr\\\/#organization\",\"name\":\"Museal Editions\",\"url\":\"https:\\\/\\\/museal.com\\\/fr\\\/\",\"logo\":{\"@type\":\"ImageObject\",\"inLanguage\":\"fr-FR\",\"@id\":\"https:\\\/\\\/museal.com\\\/fr\\\/#\\\/schema\\\/logo\\\/image\\\/\",\"url\":\"https:\\\/\\\/museal.com\\\/wp-content\\\/uploads\\\/2021\\\/05\\\/logo-e1621950424453.jpg\",\"contentUrl\":\"https:\\\/\\\/museal.com\\\/wp-content\\\/uploads\\\/2021\\\/05\\\/logo-e1621950424453.jpg\",\"width\":732,\"height\":574,\"caption\":\"Museal Editions\"},\"image\":{\"@id\":\"https:\\\/\\\/museal.com\\\/fr\\\/#\\\/schema\\\/logo\\\/image\\\/\"}}]}<\/script>\n<!-- \/ Yoast SEO plugin. -->","yoast_head_json":{"title":"Pendentif \"G\u00eblle Fra\" - Museal Editions","description":"Pendentif figurant la G\u00eblle Fra. l'un des monuments embl\u00e9matiques du Grand Duch\u00e9 de Luxembourg. Il est propos\u00e9 en plaqu\u00e9 or et en argent.","robots":{"index":"index","follow":"follow","max-snippet":"max-snippet:-1","max-image-preview":"max-image-preview:large","max-video-preview":"max-video-preview:-1"},"canonical":"https:\/\/museal.com\/fr\/produit\/pendentif-gelle-fra\/","og_locale":"fr_FR","og_type":"article","og_title":"Pendentif \"G\u00eblle Fra\" - Museal Editions","og_description":"Pendentif figurant la G\u00eblle Fra. l'un des monuments embl\u00e9matiques du Grand Duch\u00e9 de Luxembourg. Il est propos\u00e9 en plaqu\u00e9 or et en argent.","og_url":"https:\/\/museal.com\/fr\/produit\/pendentif-gelle-fra\/","og_site_name":"Museal Editions","article_modified_time":"2026-02-24T14:35:12+00:00","og_image":[{"width":768,"height":1024,"url":"https:\/\/museal.com\/wp-content\/uploads\/2021\/08\/pendentif-gelle-fra-1-768x1024.png","type":"image\/png"}],"twitter_card":"summary_large_image","schema":{"@context":"https:\/\/schema.org","@graph":[{"@type":"WebPage","@id":"https:\/\/museal.com\/fr\/produit\/pendentif-gelle-fra\/","url":"https:\/\/museal.com\/fr\/produit\/pendentif-gelle-fra\/","name":"Pendentif \"G\u00eblle Fra\" - Museal Editions","isPartOf":{"@id":"https:\/\/museal.com\/fr\/#website"},"primaryImageOfPage":{"@id":"https:\/\/museal.com\/fr\/produit\/pendentif-gelle-fra\/#primaryimage"},"image":{"@id":"https:\/\/museal.com\/fr\/produit\/pendentif-gelle-fra\/#primaryimage"},"thumbnailUrl":"https:\/\/museal.com\/wp-content\/uploads\/2021\/08\/pendentif-gelle-fra-1.png","datePublished":"2021-08-07T06:15:00+00:00","dateModified":"2026-02-24T14:35:12+00:00","description":"Pendentif figurant la G\u00eblle Fra. l'un des monuments embl\u00e9matiques du Grand Duch\u00e9 de Luxembourg. Il est propos\u00e9 en plaqu\u00e9 or et en argent.","breadcrumb":{"@id":"https:\/\/museal.com\/fr\/produit\/pendentif-gelle-fra\/#breadcrumb"},"inLanguage":"fr-FR","potentialAction":[{"@type":"ReadAction","target":["https:\/\/museal.com\/fr\/produit\/pendentif-gelle-fra\/"]}]},{"@type":"ImageObject","inLanguage":"fr-FR","@id":"https:\/\/museal.com\/fr\/produit\/pendentif-gelle-fra\/#primaryimage","url":"https:\/\/museal.com\/wp-content\/uploads\/2021\/08\/pendentif-gelle-fra-1.png","contentUrl":"https:\/\/museal.com\/wp-content\/uploads\/2021\/08\/pendentif-gelle-fra-1.png","width":1500,"height":2000},{"@type":"BreadcrumbList","@id":"https:\/\/museal.com\/fr\/produit\/pendentif-gelle-fra\/#breadcrumb","itemListElement":[{"@type":"ListItem","position":1,"name":"Accueil","item":"https:\/\/museal.com\/fr\/"},{"@type":"ListItem","position":2,"name":"Boutique","item":"https:\/\/museal.com\/fr\/boutique\/"},{"@type":"ListItem","position":3,"name":"Pendentif &#8220;G\u00eblle Fra&#8221;"}]},{"@type":"WebSite","@id":"https:\/\/museal.com\/fr\/#website","url":"https:\/\/museal.com\/fr\/","name":"Museal Editions","description":"Objets d&#039;art et de d\u00e9coration inspir\u00e9s du Patrimoine luxembourgeois","publisher":{"@id":"https:\/\/museal.com\/fr\/#organization"},"potentialAction":[{"@type":"SearchAction","target":{"@type":"EntryPoint","urlTemplate":"https:\/\/museal.com\/fr\/?s={search_term_string}"},"query-input":{"@type":"PropertyValueSpecification","valueRequired":true,"valueName":"search_term_string"}}],"inLanguage":"fr-FR"},{"@type":"Organization","@id":"https:\/\/museal.com\/fr\/#organization","name":"Museal Editions","url":"https:\/\/museal.com\/fr\/","logo":{"@type":"ImageObject","inLanguage":"fr-FR","@id":"https:\/\/museal.com\/fr\/#\/schema\/logo\/image\/","url":"https:\/\/museal.com\/wp-content\/uploads\/2021\/05\/logo-e1621950424453.jpg","contentUrl":"https:\/\/museal.com\/wp-content\/uploads\/2021\/05\/logo-e1621950424453.jpg","width":732,"height":574,"caption":"Museal Editions"},"image":{"@id":"https:\/\/museal.com\/fr\/#\/schema\/logo\/image\/"}}]}},"_links":{"self":[{"href":"https:\/\/museal.com\/fr\/wp-json\/wp\/v2\/product\/11273","targetHints":{"allow":["GET"]}}],"collection":[{"href":"https:\/\/museal.com\/fr\/wp-json\/wp\/v2\/product"}],"about":[{"href":"https:\/\/museal.com\/fr\/wp-json\/wp\/v2\/types\/product"}],"wp:featuredmedia":[{"embeddable":true,"href":"https:\/\/museal.com\/fr\/wp-json\/wp\/v2\/media\/14630"}],"wp:attachment":[{"href":"https:\/\/museal.com\/fr\/wp-json\/wp\/v2\/media?parent=11273"}],"wp:term":[{"taxonomy":"product_brand","embeddable":true,"href":"https:\/\/museal.com\/fr\/wp-json\/wp\/v2\/product_brand?post=11273"},{"taxonomy":"product_cat","embeddable":true,"href":"https:\/\/museal.com\/fr\/wp-json\/wp\/v2\/product_cat?post=11273"},{"taxonomy":"product_tag","embeddable":true,"href":"https:\/\/museal.com\/fr\/wp-json\/wp\/v2\/product_tag?post=11273"}],"curies":[{"name":"wp","href":"https:\/\/api.w.org\/{rel}","templated":true}]}}