{"id":11275,"date":"2021-08-07T07:17:00","date_gmt":"2021-08-07T06:17:00","guid":{"rendered":"http:\/\/shop.museal.com\/?post_type=product&#038;p=11275"},"modified":"2025-12-10T11:10:00","modified_gmt":"2025-12-10T10:10:00","slug":"boutons-de-manchettes-palais-grand-ducal-en-laiton-plaque-or","status":"publish","type":"product","link":"https:\/\/museal.com\/fr\/produit\/boutons-de-manchettes-palais-grand-ducal-en-laiton-plaque-or\/","title":{"rendered":"Boutons de manchettes &#8220;Palais grand-ducal&#8221;"},"content":{"rendered":"<p>Boutons de manchettes &#8220;Palais Grand-ducal&#8221; repr\u00e9sentant la partie la plus ancienne du Palais grand-ducal, construite entre 1572 et 1574. De style renaissance espagnole, flanqu\u00e9 de deux tours en surplomb et surmont\u00e9 d&#8217;un toit en forte pente, ce b\u00e2timent abrita successivement l&#8217;H\u00f4tel de Ville, l&#8217;H\u00f4tel du Gouvernement, et, depuis 1890 la demeure de la famille Grand-ducale.<\/p>\n","protected":false},"excerpt":{"rendered":"<p>Laiton plaqu\u00e9 or ou argent massif avec m\u00e9canisme basculant. Vendus dans un \u00e9crin bijoutier.<\/p>\n<p>Hauteur : 2 cm,<\/p>\n","protected":false},"featured_media":13830,"template":"","meta":[],"product_brand":[],"product_cat":[90],"product_tag":[],"class_list":{"0":"post-11275","1":"product","2":"type-product","3":"status-publish","4":"has-post-thumbnail","6":"product_cat-bijoux-pour-lui","8":"first","9":"instock","10":"taxable","11":"shipping-taxable","12":"purchasable","13":"product-type-variable"},"yoast_head":"<!-- This site is optimized with the Yoast SEO plugin v27.3 - https:\/\/yoast.com\/product\/yoast-seo-wordpress\/ -->\n<title>Boutons de manchettes &quot;Palais grand-ducal&quot; - Museal Editions<\/title>\n<meta name=\"description\" content=\"Boutons de manchettes &quot;Palais Grand-ducal&quot; en laiton plaqu\u00e9 or en argent massif, repr\u00e9sentant la partie la plus ancienne du Palais grand-ducal.\" \/>\n<meta name=\"robots\" content=\"index, follow, max-snippet:-1, max-image-preview:large, max-video-preview:-1\" \/>\n<link rel=\"canonical\" href=\"https:\/\/museal.com\/fr\/produit\/boutons-de-manchettes-palais-grand-ducal-en-laiton-plaque-or\/\" \/>\n<meta property=\"og:locale\" content=\"fr_FR\" \/>\n<meta property=\"og:type\" content=\"article\" \/>\n<meta property=\"og:title\" content=\"Boutons de manchettes &quot;Palais grand-ducal&quot; - Museal Editions\" \/>\n<meta property=\"og:description\" content=\"Boutons de manchettes &quot;Palais Grand-ducal&quot; en laiton plaqu\u00e9 or en argent massif, repr\u00e9sentant la partie la plus ancienne du Palais grand-ducal.\" \/>\n<meta property=\"og:url\" content=\"https:\/\/museal.com\/fr\/produit\/boutons-de-manchettes-palais-grand-ducal-en-laiton-plaque-or\/\" \/>\n<meta property=\"og:site_name\" content=\"Museal Editions\" \/>\n<meta property=\"article:modified_time\" content=\"2025-12-10T10:10:00+00:00\" \/>\n<meta property=\"og:image\" content=\"https:\/\/museal.com\/wp-content\/uploads\/2021\/08\/bdm-palais.png\" \/>\n\t<meta property=\"og:image:width\" content=\"1500\" \/>\n\t<meta property=\"og:image:height\" content=\"2000\" \/>\n\t<meta property=\"og:image:type\" content=\"image\/png\" \/>\n<meta name=\"twitter:card\" content=\"summary_large_image\" \/>\n<script type=\"application\/ld+json\" class=\"yoast-schema-graph\">{\"@context\":\"https:\\\/\\\/schema.org\",\"@graph\":[{\"@type\":\"WebPage\",\"@id\":\"https:\\\/\\\/museal.com\\\/fr\\\/produit\\\/boutons-de-manchettes-palais-grand-ducal-en-laiton-plaque-or\\\/\",\"url\":\"https:\\\/\\\/museal.com\\\/fr\\\/produit\\\/boutons-de-manchettes-palais-grand-ducal-en-laiton-plaque-or\\\/\",\"name\":\"Boutons de manchettes \\\"Palais grand-ducal\\\" - Museal Editions\",\"isPartOf\":{\"@id\":\"https:\\\/\\\/museal.com\\\/fr\\\/#website\"},\"primaryImageOfPage\":{\"@id\":\"https:\\\/\\\/museal.com\\\/fr\\\/produit\\\/boutons-de-manchettes-palais-grand-ducal-en-laiton-plaque-or\\\/#primaryimage\"},\"image\":{\"@id\":\"https:\\\/\\\/museal.com\\\/fr\\\/produit\\\/boutons-de-manchettes-palais-grand-ducal-en-laiton-plaque-or\\\/#primaryimage\"},\"thumbnailUrl\":\"https:\\\/\\\/museal.com\\\/wp-content\\\/uploads\\\/2021\\\/08\\\/bdm-palais.png\",\"datePublished\":\"2021-08-07T06:17:00+00:00\",\"dateModified\":\"2025-12-10T10:10:00+00:00\",\"description\":\"Boutons de manchettes \\\"Palais Grand-ducal\\\" en laiton plaqu\u00e9 or en argent massif, repr\u00e9sentant la partie la plus ancienne du Palais grand-ducal.\",\"breadcrumb\":{\"@id\":\"https:\\\/\\\/museal.com\\\/fr\\\/produit\\\/boutons-de-manchettes-palais-grand-ducal-en-laiton-plaque-or\\\/#breadcrumb\"},\"inLanguage\":\"fr-FR\",\"potentialAction\":[{\"@type\":\"ReadAction\",\"target\":[\"https:\\\/\\\/museal.com\\\/fr\\\/produit\\\/boutons-de-manchettes-palais-grand-ducal-en-laiton-plaque-or\\\/\"]}]},{\"@type\":\"ImageObject\",\"inLanguage\":\"fr-FR\",\"@id\":\"https:\\\/\\\/museal.com\\\/fr\\\/produit\\\/boutons-de-manchettes-palais-grand-ducal-en-laiton-plaque-or\\\/#primaryimage\",\"url\":\"https:\\\/\\\/museal.com\\\/wp-content\\\/uploads\\\/2021\\\/08\\\/bdm-palais.png\",\"contentUrl\":\"https:\\\/\\\/museal.com\\\/wp-content\\\/uploads\\\/2021\\\/08\\\/bdm-palais.png\",\"width\":1500,\"height\":2000},{\"@type\":\"BreadcrumbList\",\"@id\":\"https:\\\/\\\/museal.com\\\/fr\\\/produit\\\/boutons-de-manchettes-palais-grand-ducal-en-laiton-plaque-or\\\/#breadcrumb\",\"itemListElement\":[{\"@type\":\"ListItem\",\"position\":1,\"name\":\"Accueil\",\"item\":\"https:\\\/\\\/museal.com\\\/fr\\\/\"},{\"@type\":\"ListItem\",\"position\":2,\"name\":\"Boutique\",\"item\":\"https:\\\/\\\/museal.com\\\/fr\\\/boutique\\\/\"},{\"@type\":\"ListItem\",\"position\":3,\"name\":\"Boutons de manchettes &#8220;Palais grand-ducal&#8221;\"}]},{\"@type\":\"WebSite\",\"@id\":\"https:\\\/\\\/museal.com\\\/fr\\\/#website\",\"url\":\"https:\\\/\\\/museal.com\\\/fr\\\/\",\"name\":\"Museal Editions\",\"description\":\"Objets d&#039;art et de d\u00e9coration inspir\u00e9s du Patrimoine luxembourgeois\",\"publisher\":{\"@id\":\"https:\\\/\\\/museal.com\\\/fr\\\/#organization\"},\"potentialAction\":[{\"@type\":\"SearchAction\",\"target\":{\"@type\":\"EntryPoint\",\"urlTemplate\":\"https:\\\/\\\/museal.com\\\/fr\\\/?s={search_term_string}\"},\"query-input\":{\"@type\":\"PropertyValueSpecification\",\"valueRequired\":true,\"valueName\":\"search_term_string\"}}],\"inLanguage\":\"fr-FR\"},{\"@type\":\"Organization\",\"@id\":\"https:\\\/\\\/museal.com\\\/fr\\\/#organization\",\"name\":\"Museal Editions\",\"url\":\"https:\\\/\\\/museal.com\\\/fr\\\/\",\"logo\":{\"@type\":\"ImageObject\",\"inLanguage\":\"fr-FR\",\"@id\":\"https:\\\/\\\/museal.com\\\/fr\\\/#\\\/schema\\\/logo\\\/image\\\/\",\"url\":\"https:\\\/\\\/museal.com\\\/wp-content\\\/uploads\\\/2021\\\/05\\\/logo-e1621950424453.jpg\",\"contentUrl\":\"https:\\\/\\\/museal.com\\\/wp-content\\\/uploads\\\/2021\\\/05\\\/logo-e1621950424453.jpg\",\"width\":732,\"height\":574,\"caption\":\"Museal Editions\"},\"image\":{\"@id\":\"https:\\\/\\\/museal.com\\\/fr\\\/#\\\/schema\\\/logo\\\/image\\\/\"}}]}<\/script>\n<!-- \/ Yoast SEO plugin. -->","yoast_head_json":{"title":"Boutons de manchettes \"Palais grand-ducal\" - Museal Editions","description":"Boutons de manchettes \"Palais Grand-ducal\" en laiton plaqu\u00e9 or en argent massif, repr\u00e9sentant la partie la plus ancienne du Palais grand-ducal.","robots":{"index":"index","follow":"follow","max-snippet":"max-snippet:-1","max-image-preview":"max-image-preview:large","max-video-preview":"max-video-preview:-1"},"canonical":"https:\/\/museal.com\/fr\/produit\/boutons-de-manchettes-palais-grand-ducal-en-laiton-plaque-or\/","og_locale":"fr_FR","og_type":"article","og_title":"Boutons de manchettes \"Palais grand-ducal\" - Museal Editions","og_description":"Boutons de manchettes \"Palais Grand-ducal\" en laiton plaqu\u00e9 or en argent massif, repr\u00e9sentant la partie la plus ancienne du Palais grand-ducal.","og_url":"https:\/\/museal.com\/fr\/produit\/boutons-de-manchettes-palais-grand-ducal-en-laiton-plaque-or\/","og_site_name":"Museal Editions","article_modified_time":"2025-12-10T10:10:00+00:00","og_image":[{"width":1500,"height":2000,"url":"https:\/\/museal.com\/wp-content\/uploads\/2021\/08\/bdm-palais.png","type":"image\/png"}],"twitter_card":"summary_large_image","schema":{"@context":"https:\/\/schema.org","@graph":[{"@type":"WebPage","@id":"https:\/\/museal.com\/fr\/produit\/boutons-de-manchettes-palais-grand-ducal-en-laiton-plaque-or\/","url":"https:\/\/museal.com\/fr\/produit\/boutons-de-manchettes-palais-grand-ducal-en-laiton-plaque-or\/","name":"Boutons de manchettes \"Palais grand-ducal\" - Museal Editions","isPartOf":{"@id":"https:\/\/museal.com\/fr\/#website"},"primaryImageOfPage":{"@id":"https:\/\/museal.com\/fr\/produit\/boutons-de-manchettes-palais-grand-ducal-en-laiton-plaque-or\/#primaryimage"},"image":{"@id":"https:\/\/museal.com\/fr\/produit\/boutons-de-manchettes-palais-grand-ducal-en-laiton-plaque-or\/#primaryimage"},"thumbnailUrl":"https:\/\/museal.com\/wp-content\/uploads\/2021\/08\/bdm-palais.png","datePublished":"2021-08-07T06:17:00+00:00","dateModified":"2025-12-10T10:10:00+00:00","description":"Boutons de manchettes \"Palais Grand-ducal\" en laiton plaqu\u00e9 or en argent massif, repr\u00e9sentant la partie la plus ancienne du Palais grand-ducal.","breadcrumb":{"@id":"https:\/\/museal.com\/fr\/produit\/boutons-de-manchettes-palais-grand-ducal-en-laiton-plaque-or\/#breadcrumb"},"inLanguage":"fr-FR","potentialAction":[{"@type":"ReadAction","target":["https:\/\/museal.com\/fr\/produit\/boutons-de-manchettes-palais-grand-ducal-en-laiton-plaque-or\/"]}]},{"@type":"ImageObject","inLanguage":"fr-FR","@id":"https:\/\/museal.com\/fr\/produit\/boutons-de-manchettes-palais-grand-ducal-en-laiton-plaque-or\/#primaryimage","url":"https:\/\/museal.com\/wp-content\/uploads\/2021\/08\/bdm-palais.png","contentUrl":"https:\/\/museal.com\/wp-content\/uploads\/2021\/08\/bdm-palais.png","width":1500,"height":2000},{"@type":"BreadcrumbList","@id":"https:\/\/museal.com\/fr\/produit\/boutons-de-manchettes-palais-grand-ducal-en-laiton-plaque-or\/#breadcrumb","itemListElement":[{"@type":"ListItem","position":1,"name":"Accueil","item":"https:\/\/museal.com\/fr\/"},{"@type":"ListItem","position":2,"name":"Boutique","item":"https:\/\/museal.com\/fr\/boutique\/"},{"@type":"ListItem","position":3,"name":"Boutons de manchettes &#8220;Palais grand-ducal&#8221;"}]},{"@type":"WebSite","@id":"https:\/\/museal.com\/fr\/#website","url":"https:\/\/museal.com\/fr\/","name":"Museal Editions","description":"Objets d&#039;art et de d\u00e9coration inspir\u00e9s du Patrimoine luxembourgeois","publisher":{"@id":"https:\/\/museal.com\/fr\/#organization"},"potentialAction":[{"@type":"SearchAction","target":{"@type":"EntryPoint","urlTemplate":"https:\/\/museal.com\/fr\/?s={search_term_string}"},"query-input":{"@type":"PropertyValueSpecification","valueRequired":true,"valueName":"search_term_string"}}],"inLanguage":"fr-FR"},{"@type":"Organization","@id":"https:\/\/museal.com\/fr\/#organization","name":"Museal Editions","url":"https:\/\/museal.com\/fr\/","logo":{"@type":"ImageObject","inLanguage":"fr-FR","@id":"https:\/\/museal.com\/fr\/#\/schema\/logo\/image\/","url":"https:\/\/museal.com\/wp-content\/uploads\/2021\/05\/logo-e1621950424453.jpg","contentUrl":"https:\/\/museal.com\/wp-content\/uploads\/2021\/05\/logo-e1621950424453.jpg","width":732,"height":574,"caption":"Museal Editions"},"image":{"@id":"https:\/\/museal.com\/fr\/#\/schema\/logo\/image\/"}}]}},"_links":{"self":[{"href":"https:\/\/museal.com\/fr\/wp-json\/wp\/v2\/product\/11275","targetHints":{"allow":["GET"]}}],"collection":[{"href":"https:\/\/museal.com\/fr\/wp-json\/wp\/v2\/product"}],"about":[{"href":"https:\/\/museal.com\/fr\/wp-json\/wp\/v2\/types\/product"}],"wp:featuredmedia":[{"embeddable":true,"href":"https:\/\/museal.com\/fr\/wp-json\/wp\/v2\/media\/13830"}],"wp:attachment":[{"href":"https:\/\/museal.com\/fr\/wp-json\/wp\/v2\/media?parent=11275"}],"wp:term":[{"taxonomy":"product_brand","embeddable":true,"href":"https:\/\/museal.com\/fr\/wp-json\/wp\/v2\/product_brand?post=11275"},{"taxonomy":"product_cat","embeddable":true,"href":"https:\/\/museal.com\/fr\/wp-json\/wp\/v2\/product_cat?post=11275"},{"taxonomy":"product_tag","embeddable":true,"href":"https:\/\/museal.com\/fr\/wp-json\/wp\/v2\/product_tag?post=11275"}],"curies":[{"name":"wp","href":"https:\/\/api.w.org\/{rel}","templated":true}]}}