{"id":11283,"date":"2021-08-07T07:21:00","date_gmt":"2021-08-07T06:21:00","guid":{"rendered":"http:\/\/shop.museal.com\/?post_type=product&#038;p=11283"},"modified":"2025-06-26T12:26:14","modified_gmt":"2025-06-26T10:26:14","slug":"bas-relief-cerf-par-antoine-louis-barye","status":"publish","type":"product","link":"https:\/\/museal.com\/fr\/produit\/bas-relief-cerf-par-antoine-louis-barye\/","title":{"rendered":"Bas-relief &#8220;cerf&#8221; par Antoine-Louis BARYE"},"content":{"rendered":"<p>Antoine-Louis BARYE (1796-1875) est le ma\u00eetre incontest\u00e9 de la sculpture animali\u00e8re du XIXe si\u00e8cle, artiste embl\u00e9matique de la sculpture romantique, il a pour ma\u00eetres Antoine GROS, puis Eug\u00e8ne DELACROIX. Il ex\u00e9cute tout au long de sa carri\u00e8re de v\u00e9ritables chefs-d&#8217;oeuvre de pr\u00e9cision anatomique, qui expriment une parfaite ma\u00eetrise de la restitution des mouvements et des caract\u00e8res. Il est aujourd&#8217;hui expos\u00e9 au Mus\u00e9e du Louvre, au Mus\u00e9e d&#8217;Orsay et dans de nombreux grands mus\u00e9es autour du monde. Il a influenc\u00e9 des g\u00e9n\u00e9rations de sculpteurs dans le monde entier, comme FR\u00c9MIET, VALTON, M\u00c8NE ou TR\u00c9MONT. Ce bas-relief en bronze d&#8217;art, con\u00e7u comme un \u00e9l\u00e9ment d\u00e9coratif de pendule ou de socle en marbre, a \u00e9t\u00e9 cr\u00e9\u00e9 dans les ann\u00e9es 1820, puis produit par diff\u00e9rentes fonderies au cours des XIXe et XXeme si\u00e8cle. La fonte ancienne est expos\u00e9e au Mus\u00e9e Bonnat de Bayonne, en France.<\/p>\n","protected":false},"excerpt":{"rendered":"<p>\u00c9dition en bronze du bas-relief &#8220;Cerf&#8221; sign\u00e9 BARYE, num\u00e9rot\u00e9e de 1 \u00e0 500\/500 exemplaires. Livr\u00e9e avec un certificat d&#8217;authenticit\u00e9. Dimensions du bas-relief : 14,8 x 9,3 x 0,8 cm, poids : environ 395 g<\/p>\n","protected":false},"featured_media":13632,"template":"","meta":[],"product_brand":[],"product_cat":[143,89],"product_tag":[],"class_list":{"0":"post-11283","1":"product","2":"type-product","3":"status-publish","4":"has-post-thumbnail","6":"product_cat-bronzes-animaliers","7":"product_cat-sculptures-et-bronzes-d-art","8":"product_shipping_class-categorie-b","10":"first","11":"instock","12":"taxable","13":"shipping-taxable","14":"purchasable","15":"product-type-simple"},"yoast_head":"<!-- This site is optimized with the Yoast SEO plugin v27.3 - https:\/\/yoast.com\/product\/yoast-seo-wordpress\/ -->\n<title>Bas-relief &quot;cerf&quot; par Antoine-Louis BARYE - Museal Editions<\/title>\n<meta name=\"description\" content=\"\u00c9dition en bronze du bas-relief &quot;Cerf&quot; sign\u00e9 BARYE, num\u00e9rot\u00e9e de 1 \u00e0 500\/500 exemplaires. Livr\u00e9e avec un certificat d&#039;authenticit\u00e9.\" \/>\n<meta name=\"robots\" content=\"index, follow, max-snippet:-1, max-image-preview:large, max-video-preview:-1\" \/>\n<link rel=\"canonical\" href=\"https:\/\/museal.com\/fr\/produit\/bas-relief-cerf-par-antoine-louis-barye\/\" \/>\n<meta property=\"og:locale\" content=\"fr_FR\" \/>\n<meta property=\"og:type\" content=\"article\" \/>\n<meta property=\"og:title\" content=\"Bas-relief &quot;cerf&quot; par Antoine-Louis BARYE - Museal Editions\" \/>\n<meta property=\"og:description\" content=\"\u00c9dition en bronze du bas-relief &quot;Cerf&quot; sign\u00e9 BARYE, num\u00e9rot\u00e9e de 1 \u00e0 500\/500 exemplaires. Livr\u00e9e avec un certificat d&#039;authenticit\u00e9.\" \/>\n<meta property=\"og:url\" content=\"https:\/\/museal.com\/fr\/produit\/bas-relief-cerf-par-antoine-louis-barye\/\" \/>\n<meta property=\"og:site_name\" content=\"Museal Editions\" \/>\n<meta property=\"article:modified_time\" content=\"2025-06-26T10:26:14+00:00\" \/>\n<meta property=\"og:image\" content=\"https:\/\/museal.com\/wp-content\/uploads\/2021\/08\/bas-relief-cerf-2.png\" \/>\n\t<meta property=\"og:image:width\" content=\"1500\" \/>\n\t<meta property=\"og:image:height\" content=\"2000\" \/>\n\t<meta property=\"og:image:type\" content=\"image\/png\" \/>\n<meta name=\"twitter:card\" content=\"summary_large_image\" \/>\n<script type=\"application\/ld+json\" class=\"yoast-schema-graph\">{\"@context\":\"https:\\\/\\\/schema.org\",\"@graph\":[{\"@type\":\"WebPage\",\"@id\":\"https:\\\/\\\/museal.com\\\/fr\\\/produit\\\/bas-relief-cerf-par-antoine-louis-barye\\\/\",\"url\":\"https:\\\/\\\/museal.com\\\/fr\\\/produit\\\/bas-relief-cerf-par-antoine-louis-barye\\\/\",\"name\":\"Bas-relief \\\"cerf\\\" par Antoine-Louis BARYE - Museal Editions\",\"isPartOf\":{\"@id\":\"https:\\\/\\\/museal.com\\\/fr\\\/#website\"},\"primaryImageOfPage\":{\"@id\":\"https:\\\/\\\/museal.com\\\/fr\\\/produit\\\/bas-relief-cerf-par-antoine-louis-barye\\\/#primaryimage\"},\"image\":{\"@id\":\"https:\\\/\\\/museal.com\\\/fr\\\/produit\\\/bas-relief-cerf-par-antoine-louis-barye\\\/#primaryimage\"},\"thumbnailUrl\":\"https:\\\/\\\/museal.com\\\/wp-content\\\/uploads\\\/2021\\\/08\\\/bas-relief-cerf-2.png\",\"datePublished\":\"2021-08-07T06:21:00+00:00\",\"dateModified\":\"2025-06-26T10:26:14+00:00\",\"description\":\"\u00c9dition en bronze du bas-relief \\\"Cerf\\\" sign\u00e9 BARYE, num\u00e9rot\u00e9e de 1 \u00e0 500\\\/500 exemplaires. Livr\u00e9e avec un certificat d'authenticit\u00e9.\",\"breadcrumb\":{\"@id\":\"https:\\\/\\\/museal.com\\\/fr\\\/produit\\\/bas-relief-cerf-par-antoine-louis-barye\\\/#breadcrumb\"},\"inLanguage\":\"fr-FR\",\"potentialAction\":[{\"@type\":\"ReadAction\",\"target\":[\"https:\\\/\\\/museal.com\\\/fr\\\/produit\\\/bas-relief-cerf-par-antoine-louis-barye\\\/\"]}]},{\"@type\":\"ImageObject\",\"inLanguage\":\"fr-FR\",\"@id\":\"https:\\\/\\\/museal.com\\\/fr\\\/produit\\\/bas-relief-cerf-par-antoine-louis-barye\\\/#primaryimage\",\"url\":\"https:\\\/\\\/museal.com\\\/wp-content\\\/uploads\\\/2021\\\/08\\\/bas-relief-cerf-2.png\",\"contentUrl\":\"https:\\\/\\\/museal.com\\\/wp-content\\\/uploads\\\/2021\\\/08\\\/bas-relief-cerf-2.png\",\"width\":1500,\"height\":2000},{\"@type\":\"BreadcrumbList\",\"@id\":\"https:\\\/\\\/museal.com\\\/fr\\\/produit\\\/bas-relief-cerf-par-antoine-louis-barye\\\/#breadcrumb\",\"itemListElement\":[{\"@type\":\"ListItem\",\"position\":1,\"name\":\"Accueil\",\"item\":\"https:\\\/\\\/museal.com\\\/fr\\\/\"},{\"@type\":\"ListItem\",\"position\":2,\"name\":\"Boutique\",\"item\":\"https:\\\/\\\/museal.com\\\/fr\\\/boutique\\\/\"},{\"@type\":\"ListItem\",\"position\":3,\"name\":\"Bas-relief &#8220;cerf&#8221; par Antoine-Louis BARYE\"}]},{\"@type\":\"WebSite\",\"@id\":\"https:\\\/\\\/museal.com\\\/fr\\\/#website\",\"url\":\"https:\\\/\\\/museal.com\\\/fr\\\/\",\"name\":\"Museal Editions\",\"description\":\"Objets d&#039;art et de d\u00e9coration inspir\u00e9s du Patrimoine luxembourgeois\",\"publisher\":{\"@id\":\"https:\\\/\\\/museal.com\\\/fr\\\/#organization\"},\"potentialAction\":[{\"@type\":\"SearchAction\",\"target\":{\"@type\":\"EntryPoint\",\"urlTemplate\":\"https:\\\/\\\/museal.com\\\/fr\\\/?s={search_term_string}\"},\"query-input\":{\"@type\":\"PropertyValueSpecification\",\"valueRequired\":true,\"valueName\":\"search_term_string\"}}],\"inLanguage\":\"fr-FR\"},{\"@type\":\"Organization\",\"@id\":\"https:\\\/\\\/museal.com\\\/fr\\\/#organization\",\"name\":\"Museal Editions\",\"url\":\"https:\\\/\\\/museal.com\\\/fr\\\/\",\"logo\":{\"@type\":\"ImageObject\",\"inLanguage\":\"fr-FR\",\"@id\":\"https:\\\/\\\/museal.com\\\/fr\\\/#\\\/schema\\\/logo\\\/image\\\/\",\"url\":\"https:\\\/\\\/museal.com\\\/wp-content\\\/uploads\\\/2021\\\/05\\\/logo-e1621950424453.jpg\",\"contentUrl\":\"https:\\\/\\\/museal.com\\\/wp-content\\\/uploads\\\/2021\\\/05\\\/logo-e1621950424453.jpg\",\"width\":732,\"height\":574,\"caption\":\"Museal Editions\"},\"image\":{\"@id\":\"https:\\\/\\\/museal.com\\\/fr\\\/#\\\/schema\\\/logo\\\/image\\\/\"}}]}<\/script>\n<!-- \/ Yoast SEO plugin. -->","yoast_head_json":{"title":"Bas-relief \"cerf\" par Antoine-Louis BARYE - Museal Editions","description":"\u00c9dition en bronze du bas-relief \"Cerf\" sign\u00e9 BARYE, num\u00e9rot\u00e9e de 1 \u00e0 500\/500 exemplaires. Livr\u00e9e avec un certificat d'authenticit\u00e9.","robots":{"index":"index","follow":"follow","max-snippet":"max-snippet:-1","max-image-preview":"max-image-preview:large","max-video-preview":"max-video-preview:-1"},"canonical":"https:\/\/museal.com\/fr\/produit\/bas-relief-cerf-par-antoine-louis-barye\/","og_locale":"fr_FR","og_type":"article","og_title":"Bas-relief \"cerf\" par Antoine-Louis BARYE - Museal Editions","og_description":"\u00c9dition en bronze du bas-relief \"Cerf\" sign\u00e9 BARYE, num\u00e9rot\u00e9e de 1 \u00e0 500\/500 exemplaires. Livr\u00e9e avec un certificat d'authenticit\u00e9.","og_url":"https:\/\/museal.com\/fr\/produit\/bas-relief-cerf-par-antoine-louis-barye\/","og_site_name":"Museal Editions","article_modified_time":"2025-06-26T10:26:14+00:00","og_image":[{"width":1500,"height":2000,"url":"https:\/\/museal.com\/wp-content\/uploads\/2021\/08\/bas-relief-cerf-2.png","type":"image\/png"}],"twitter_card":"summary_large_image","schema":{"@context":"https:\/\/schema.org","@graph":[{"@type":"WebPage","@id":"https:\/\/museal.com\/fr\/produit\/bas-relief-cerf-par-antoine-louis-barye\/","url":"https:\/\/museal.com\/fr\/produit\/bas-relief-cerf-par-antoine-louis-barye\/","name":"Bas-relief \"cerf\" par Antoine-Louis BARYE - Museal Editions","isPartOf":{"@id":"https:\/\/museal.com\/fr\/#website"},"primaryImageOfPage":{"@id":"https:\/\/museal.com\/fr\/produit\/bas-relief-cerf-par-antoine-louis-barye\/#primaryimage"},"image":{"@id":"https:\/\/museal.com\/fr\/produit\/bas-relief-cerf-par-antoine-louis-barye\/#primaryimage"},"thumbnailUrl":"https:\/\/museal.com\/wp-content\/uploads\/2021\/08\/bas-relief-cerf-2.png","datePublished":"2021-08-07T06:21:00+00:00","dateModified":"2025-06-26T10:26:14+00:00","description":"\u00c9dition en bronze du bas-relief \"Cerf\" sign\u00e9 BARYE, num\u00e9rot\u00e9e de 1 \u00e0 500\/500 exemplaires. Livr\u00e9e avec un certificat d'authenticit\u00e9.","breadcrumb":{"@id":"https:\/\/museal.com\/fr\/produit\/bas-relief-cerf-par-antoine-louis-barye\/#breadcrumb"},"inLanguage":"fr-FR","potentialAction":[{"@type":"ReadAction","target":["https:\/\/museal.com\/fr\/produit\/bas-relief-cerf-par-antoine-louis-barye\/"]}]},{"@type":"ImageObject","inLanguage":"fr-FR","@id":"https:\/\/museal.com\/fr\/produit\/bas-relief-cerf-par-antoine-louis-barye\/#primaryimage","url":"https:\/\/museal.com\/wp-content\/uploads\/2021\/08\/bas-relief-cerf-2.png","contentUrl":"https:\/\/museal.com\/wp-content\/uploads\/2021\/08\/bas-relief-cerf-2.png","width":1500,"height":2000},{"@type":"BreadcrumbList","@id":"https:\/\/museal.com\/fr\/produit\/bas-relief-cerf-par-antoine-louis-barye\/#breadcrumb","itemListElement":[{"@type":"ListItem","position":1,"name":"Accueil","item":"https:\/\/museal.com\/fr\/"},{"@type":"ListItem","position":2,"name":"Boutique","item":"https:\/\/museal.com\/fr\/boutique\/"},{"@type":"ListItem","position":3,"name":"Bas-relief &#8220;cerf&#8221; par Antoine-Louis BARYE"}]},{"@type":"WebSite","@id":"https:\/\/museal.com\/fr\/#website","url":"https:\/\/museal.com\/fr\/","name":"Museal Editions","description":"Objets d&#039;art et de d\u00e9coration inspir\u00e9s du Patrimoine luxembourgeois","publisher":{"@id":"https:\/\/museal.com\/fr\/#organization"},"potentialAction":[{"@type":"SearchAction","target":{"@type":"EntryPoint","urlTemplate":"https:\/\/museal.com\/fr\/?s={search_term_string}"},"query-input":{"@type":"PropertyValueSpecification","valueRequired":true,"valueName":"search_term_string"}}],"inLanguage":"fr-FR"},{"@type":"Organization","@id":"https:\/\/museal.com\/fr\/#organization","name":"Museal Editions","url":"https:\/\/museal.com\/fr\/","logo":{"@type":"ImageObject","inLanguage":"fr-FR","@id":"https:\/\/museal.com\/fr\/#\/schema\/logo\/image\/","url":"https:\/\/museal.com\/wp-content\/uploads\/2021\/05\/logo-e1621950424453.jpg","contentUrl":"https:\/\/museal.com\/wp-content\/uploads\/2021\/05\/logo-e1621950424453.jpg","width":732,"height":574,"caption":"Museal Editions"},"image":{"@id":"https:\/\/museal.com\/fr\/#\/schema\/logo\/image\/"}}]}},"_links":{"self":[{"href":"https:\/\/museal.com\/fr\/wp-json\/wp\/v2\/product\/11283","targetHints":{"allow":["GET"]}}],"collection":[{"href":"https:\/\/museal.com\/fr\/wp-json\/wp\/v2\/product"}],"about":[{"href":"https:\/\/museal.com\/fr\/wp-json\/wp\/v2\/types\/product"}],"wp:featuredmedia":[{"embeddable":true,"href":"https:\/\/museal.com\/fr\/wp-json\/wp\/v2\/media\/13632"}],"wp:attachment":[{"href":"https:\/\/museal.com\/fr\/wp-json\/wp\/v2\/media?parent=11283"}],"wp:term":[{"taxonomy":"product_brand","embeddable":true,"href":"https:\/\/museal.com\/fr\/wp-json\/wp\/v2\/product_brand?post=11283"},{"taxonomy":"product_cat","embeddable":true,"href":"https:\/\/museal.com\/fr\/wp-json\/wp\/v2\/product_cat?post=11283"},{"taxonomy":"product_tag","embeddable":true,"href":"https:\/\/museal.com\/fr\/wp-json\/wp\/v2\/product_tag?post=11283"}],"curies":[{"name":"wp","href":"https:\/\/api.w.org\/{rel}","templated":true}]}}