{"id":11316,"date":"2021-08-07T07:32:00","date_gmt":"2021-08-07T05:32:00","guid":{"rendered":"http:\/\/shop.museal.com\/?post_type=product&#038;p=11316"},"modified":"2025-06-26T12:22:36","modified_gmt":"2025-06-26T10:22:36","slug":"pave-geant-empreintes-par-jacques-schneider","status":"publish","type":"product","link":"https:\/\/museal.com\/fr\/produit\/pave-geant-empreintes-par-jacques-schneider\/","title":{"rendered":"Pav\u00e9 g\u00e9ant &#8220;Empreintes&#8221;, par Jacques SCHNEIDER"},"content":{"rendered":"<p>Pour Jacques SCHNEIDER, le pav\u00e9 est un \u00e9l\u00e9ment de construction d&#8217;une route ou d&#8217;un sol, s&#8217;embo\u00eetant dans d&#8217;autres pav\u00e9s ciment\u00e9s par l&#8217;unit\u00e9 nationale, la Paix et l&#8217;amour de la Patrie. Le bronze sera le garant de la long\u00e9vit\u00e9 de l&#8217;oeuvre et t\u00e9moin de la patine du temps.<\/p>\n<p>Les empreintes ont \u00e9t\u00e9 choisies par l&#8217;artiste parmi celles qui ont figur\u00e9 une partie de cette histoire, Les monogrammes des trois derniers Chefs d\u2019Etats, les anciens symboles des forces publiques, mais \u00e9galement des m\u00e9dailles, ainsi que d&#8217;anciens boutons d\u2019uniforme.<\/p>\n<p>Selon l&#8217;artiste, ce pav\u00e9 creuse un concept de traces d\u00e9j\u00e0 pr\u00e9sentes dans des oeuvres ant\u00e9rieures, les traces que nous laissons toutes et tous apr\u00e8s nos actions et interactions. Il ne s&#8217;agit plus ici de traces individuelles, mais d&#8217;empreintes laiss\u00e9es par l&#8217;Histoire de ces presque 100 derni\u00e8res ann\u00e9es, habit\u00e9es par la pr\u00e9sence du Grand-duc Jean de Luxembourg (1921-2019), \u00e0 qui il rend un vibrant hommage.<\/p>\n","protected":false},"excerpt":{"rendered":"<p>Pav\u00e9 g\u00e9ant &#8220;Empreintes&#8221;, \u00e9dit\u00e9 en bronze d&#8217;art \u00e0 patine brune et verte, en 8 exemplaires et 4 \u00e9preuves d&#8217;artiste, sign\u00e9s et num\u00e9rot\u00e9s, cr\u00e9\u00e9 par l&#8217;artiste luxembourgeois Jacques SCHNEIDER pour les \u00c9ditions Museal. Taille 26 x 27 x 29 cm, poids 12 kg.<\/p>\n","protected":false},"featured_media":11317,"template":"","meta":[],"product_brand":[],"product_cat":[88],"product_tag":[],"class_list":{"0":"post-11316","1":"product","2":"type-product","3":"status-publish","4":"has-post-thumbnail","6":"product_cat-createurs-luxembourgeois","8":"first","9":"instock","10":"taxable","11":"shipping-taxable","12":"purchasable","13":"product-type-simple"},"yoast_head":"<!-- This site is optimized with the Yoast SEO plugin v27.3 - https:\/\/yoast.com\/product\/yoast-seo-wordpress\/ -->\n<title>Pav\u00e9 g\u00e9ant &quot;Empreintes&quot;, par Jacques SCHNEIDER - Museal Editions<\/title>\n<meta name=\"description\" content=\"Pav\u00e9 g\u00e9ant &quot;Empreintes&quot;, \u00e9dit\u00e9 en bronze d&#039;art \u00e0 patine brune et verte, en 8 exemplaires, cr\u00e9\u00e9 par l&#039;artiste luxembourgeois Jacques SCHNEIDER.\" \/>\n<meta name=\"robots\" content=\"index, follow, max-snippet:-1, max-image-preview:large, max-video-preview:-1\" \/>\n<link rel=\"canonical\" href=\"https:\/\/museal.com\/fr\/produit\/pave-geant-empreintes-par-jacques-schneider\/\" \/>\n<meta property=\"og:locale\" content=\"fr_FR\" \/>\n<meta property=\"og:type\" content=\"article\" \/>\n<meta property=\"og:title\" content=\"Pav\u00e9 g\u00e9ant &quot;Empreintes&quot;, par Jacques SCHNEIDER - Museal Editions\" \/>\n<meta property=\"og:description\" content=\"Pav\u00e9 g\u00e9ant &quot;Empreintes&quot;, \u00e9dit\u00e9 en bronze d&#039;art \u00e0 patine brune et verte, en 8 exemplaires, cr\u00e9\u00e9 par l&#039;artiste luxembourgeois Jacques SCHNEIDER.\" \/>\n<meta property=\"og:url\" content=\"https:\/\/museal.com\/fr\/produit\/pave-geant-empreintes-par-jacques-schneider\/\" \/>\n<meta property=\"og:site_name\" content=\"Museal Editions\" \/>\n<meta property=\"article:modified_time\" content=\"2025-06-26T10:22:36+00:00\" \/>\n<meta property=\"og:image\" content=\"https:\/\/museal.com\/wp-content\/uploads\/2021\/08\/paveGMJ.Schneider89801810pix-1.jpg\" \/>\n\t<meta property=\"og:image:width\" content=\"810\" \/>\n\t<meta property=\"og:image:height\" content=\"1080\" \/>\n\t<meta property=\"og:image:type\" content=\"image\/jpeg\" \/>\n<meta name=\"twitter:card\" content=\"summary_large_image\" \/>\n<script type=\"application\/ld+json\" class=\"yoast-schema-graph\">{\"@context\":\"https:\\\/\\\/schema.org\",\"@graph\":[{\"@type\":\"WebPage\",\"@id\":\"https:\\\/\\\/museal.com\\\/fr\\\/produit\\\/pave-geant-empreintes-par-jacques-schneider\\\/\",\"url\":\"https:\\\/\\\/museal.com\\\/fr\\\/produit\\\/pave-geant-empreintes-par-jacques-schneider\\\/\",\"name\":\"Pav\u00e9 g\u00e9ant \\\"Empreintes\\\", par Jacques SCHNEIDER - Museal Editions\",\"isPartOf\":{\"@id\":\"https:\\\/\\\/museal.com\\\/fr\\\/#website\"},\"primaryImageOfPage\":{\"@id\":\"https:\\\/\\\/museal.com\\\/fr\\\/produit\\\/pave-geant-empreintes-par-jacques-schneider\\\/#primaryimage\"},\"image\":{\"@id\":\"https:\\\/\\\/museal.com\\\/fr\\\/produit\\\/pave-geant-empreintes-par-jacques-schneider\\\/#primaryimage\"},\"thumbnailUrl\":\"https:\\\/\\\/museal.com\\\/wp-content\\\/uploads\\\/2021\\\/08\\\/paveGMJ.Schneider89801810pix-1.jpg\",\"datePublished\":\"2021-08-07T05:32:00+00:00\",\"dateModified\":\"2025-06-26T10:22:36+00:00\",\"description\":\"Pav\u00e9 g\u00e9ant \\\"Empreintes\\\", \u00e9dit\u00e9 en bronze d'art \u00e0 patine brune et verte, en 8 exemplaires, cr\u00e9\u00e9 par l'artiste luxembourgeois Jacques SCHNEIDER.\",\"breadcrumb\":{\"@id\":\"https:\\\/\\\/museal.com\\\/fr\\\/produit\\\/pave-geant-empreintes-par-jacques-schneider\\\/#breadcrumb\"},\"inLanguage\":\"fr-FR\",\"potentialAction\":[{\"@type\":\"ReadAction\",\"target\":[\"https:\\\/\\\/museal.com\\\/fr\\\/produit\\\/pave-geant-empreintes-par-jacques-schneider\\\/\"]}]},{\"@type\":\"ImageObject\",\"inLanguage\":\"fr-FR\",\"@id\":\"https:\\\/\\\/museal.com\\\/fr\\\/produit\\\/pave-geant-empreintes-par-jacques-schneider\\\/#primaryimage\",\"url\":\"https:\\\/\\\/museal.com\\\/wp-content\\\/uploads\\\/2021\\\/08\\\/paveGMJ.Schneider89801810pix-1.jpg\",\"contentUrl\":\"https:\\\/\\\/museal.com\\\/wp-content\\\/uploads\\\/2021\\\/08\\\/paveGMJ.Schneider89801810pix-1.jpg\",\"width\":810,\"height\":1080},{\"@type\":\"BreadcrumbList\",\"@id\":\"https:\\\/\\\/museal.com\\\/fr\\\/produit\\\/pave-geant-empreintes-par-jacques-schneider\\\/#breadcrumb\",\"itemListElement\":[{\"@type\":\"ListItem\",\"position\":1,\"name\":\"Accueil\",\"item\":\"https:\\\/\\\/museal.com\\\/fr\\\/\"},{\"@type\":\"ListItem\",\"position\":2,\"name\":\"Boutique\",\"item\":\"https:\\\/\\\/museal.com\\\/fr\\\/boutique\\\/\"},{\"@type\":\"ListItem\",\"position\":3,\"name\":\"Pav\u00e9 g\u00e9ant &#8220;Empreintes&#8221;, par Jacques SCHNEIDER\"}]},{\"@type\":\"WebSite\",\"@id\":\"https:\\\/\\\/museal.com\\\/fr\\\/#website\",\"url\":\"https:\\\/\\\/museal.com\\\/fr\\\/\",\"name\":\"Museal Editions\",\"description\":\"Objets d&#039;art et de d\u00e9coration inspir\u00e9s du Patrimoine luxembourgeois\",\"publisher\":{\"@id\":\"https:\\\/\\\/museal.com\\\/fr\\\/#organization\"},\"potentialAction\":[{\"@type\":\"SearchAction\",\"target\":{\"@type\":\"EntryPoint\",\"urlTemplate\":\"https:\\\/\\\/museal.com\\\/fr\\\/?s={search_term_string}\"},\"query-input\":{\"@type\":\"PropertyValueSpecification\",\"valueRequired\":true,\"valueName\":\"search_term_string\"}}],\"inLanguage\":\"fr-FR\"},{\"@type\":\"Organization\",\"@id\":\"https:\\\/\\\/museal.com\\\/fr\\\/#organization\",\"name\":\"Museal Editions\",\"url\":\"https:\\\/\\\/museal.com\\\/fr\\\/\",\"logo\":{\"@type\":\"ImageObject\",\"inLanguage\":\"fr-FR\",\"@id\":\"https:\\\/\\\/museal.com\\\/fr\\\/#\\\/schema\\\/logo\\\/image\\\/\",\"url\":\"https:\\\/\\\/museal.com\\\/wp-content\\\/uploads\\\/2021\\\/05\\\/logo-e1621950424453.jpg\",\"contentUrl\":\"https:\\\/\\\/museal.com\\\/wp-content\\\/uploads\\\/2021\\\/05\\\/logo-e1621950424453.jpg\",\"width\":732,\"height\":574,\"caption\":\"Museal Editions\"},\"image\":{\"@id\":\"https:\\\/\\\/museal.com\\\/fr\\\/#\\\/schema\\\/logo\\\/image\\\/\"}}]}<\/script>\n<!-- \/ Yoast SEO plugin. -->","yoast_head_json":{"title":"Pav\u00e9 g\u00e9ant \"Empreintes\", par Jacques SCHNEIDER - Museal Editions","description":"Pav\u00e9 g\u00e9ant \"Empreintes\", \u00e9dit\u00e9 en bronze d'art \u00e0 patine brune et verte, en 8 exemplaires, cr\u00e9\u00e9 par l'artiste luxembourgeois Jacques SCHNEIDER.","robots":{"index":"index","follow":"follow","max-snippet":"max-snippet:-1","max-image-preview":"max-image-preview:large","max-video-preview":"max-video-preview:-1"},"canonical":"https:\/\/museal.com\/fr\/produit\/pave-geant-empreintes-par-jacques-schneider\/","og_locale":"fr_FR","og_type":"article","og_title":"Pav\u00e9 g\u00e9ant \"Empreintes\", par Jacques SCHNEIDER - Museal Editions","og_description":"Pav\u00e9 g\u00e9ant \"Empreintes\", \u00e9dit\u00e9 en bronze d'art \u00e0 patine brune et verte, en 8 exemplaires, cr\u00e9\u00e9 par l'artiste luxembourgeois Jacques SCHNEIDER.","og_url":"https:\/\/museal.com\/fr\/produit\/pave-geant-empreintes-par-jacques-schneider\/","og_site_name":"Museal Editions","article_modified_time":"2025-06-26T10:22:36+00:00","og_image":[{"width":810,"height":1080,"url":"https:\/\/museal.com\/wp-content\/uploads\/2021\/08\/paveGMJ.Schneider89801810pix-1.jpg","type":"image\/jpeg"}],"twitter_card":"summary_large_image","schema":{"@context":"https:\/\/schema.org","@graph":[{"@type":"WebPage","@id":"https:\/\/museal.com\/fr\/produit\/pave-geant-empreintes-par-jacques-schneider\/","url":"https:\/\/museal.com\/fr\/produit\/pave-geant-empreintes-par-jacques-schneider\/","name":"Pav\u00e9 g\u00e9ant \"Empreintes\", par Jacques SCHNEIDER - Museal Editions","isPartOf":{"@id":"https:\/\/museal.com\/fr\/#website"},"primaryImageOfPage":{"@id":"https:\/\/museal.com\/fr\/produit\/pave-geant-empreintes-par-jacques-schneider\/#primaryimage"},"image":{"@id":"https:\/\/museal.com\/fr\/produit\/pave-geant-empreintes-par-jacques-schneider\/#primaryimage"},"thumbnailUrl":"https:\/\/museal.com\/wp-content\/uploads\/2021\/08\/paveGMJ.Schneider89801810pix-1.jpg","datePublished":"2021-08-07T05:32:00+00:00","dateModified":"2025-06-26T10:22:36+00:00","description":"Pav\u00e9 g\u00e9ant \"Empreintes\", \u00e9dit\u00e9 en bronze d'art \u00e0 patine brune et verte, en 8 exemplaires, cr\u00e9\u00e9 par l'artiste luxembourgeois Jacques SCHNEIDER.","breadcrumb":{"@id":"https:\/\/museal.com\/fr\/produit\/pave-geant-empreintes-par-jacques-schneider\/#breadcrumb"},"inLanguage":"fr-FR","potentialAction":[{"@type":"ReadAction","target":["https:\/\/museal.com\/fr\/produit\/pave-geant-empreintes-par-jacques-schneider\/"]}]},{"@type":"ImageObject","inLanguage":"fr-FR","@id":"https:\/\/museal.com\/fr\/produit\/pave-geant-empreintes-par-jacques-schneider\/#primaryimage","url":"https:\/\/museal.com\/wp-content\/uploads\/2021\/08\/paveGMJ.Schneider89801810pix-1.jpg","contentUrl":"https:\/\/museal.com\/wp-content\/uploads\/2021\/08\/paveGMJ.Schneider89801810pix-1.jpg","width":810,"height":1080},{"@type":"BreadcrumbList","@id":"https:\/\/museal.com\/fr\/produit\/pave-geant-empreintes-par-jacques-schneider\/#breadcrumb","itemListElement":[{"@type":"ListItem","position":1,"name":"Accueil","item":"https:\/\/museal.com\/fr\/"},{"@type":"ListItem","position":2,"name":"Boutique","item":"https:\/\/museal.com\/fr\/boutique\/"},{"@type":"ListItem","position":3,"name":"Pav\u00e9 g\u00e9ant &#8220;Empreintes&#8221;, par Jacques SCHNEIDER"}]},{"@type":"WebSite","@id":"https:\/\/museal.com\/fr\/#website","url":"https:\/\/museal.com\/fr\/","name":"Museal Editions","description":"Objets d&#039;art et de d\u00e9coration inspir\u00e9s du Patrimoine luxembourgeois","publisher":{"@id":"https:\/\/museal.com\/fr\/#organization"},"potentialAction":[{"@type":"SearchAction","target":{"@type":"EntryPoint","urlTemplate":"https:\/\/museal.com\/fr\/?s={search_term_string}"},"query-input":{"@type":"PropertyValueSpecification","valueRequired":true,"valueName":"search_term_string"}}],"inLanguage":"fr-FR"},{"@type":"Organization","@id":"https:\/\/museal.com\/fr\/#organization","name":"Museal Editions","url":"https:\/\/museal.com\/fr\/","logo":{"@type":"ImageObject","inLanguage":"fr-FR","@id":"https:\/\/museal.com\/fr\/#\/schema\/logo\/image\/","url":"https:\/\/museal.com\/wp-content\/uploads\/2021\/05\/logo-e1621950424453.jpg","contentUrl":"https:\/\/museal.com\/wp-content\/uploads\/2021\/05\/logo-e1621950424453.jpg","width":732,"height":574,"caption":"Museal Editions"},"image":{"@id":"https:\/\/museal.com\/fr\/#\/schema\/logo\/image\/"}}]}},"_links":{"self":[{"href":"https:\/\/museal.com\/fr\/wp-json\/wp\/v2\/product\/11316","targetHints":{"allow":["GET"]}}],"collection":[{"href":"https:\/\/museal.com\/fr\/wp-json\/wp\/v2\/product"}],"about":[{"href":"https:\/\/museal.com\/fr\/wp-json\/wp\/v2\/types\/product"}],"wp:featuredmedia":[{"embeddable":true,"href":"https:\/\/museal.com\/fr\/wp-json\/wp\/v2\/media\/11317"}],"wp:attachment":[{"href":"https:\/\/museal.com\/fr\/wp-json\/wp\/v2\/media?parent=11316"}],"wp:term":[{"taxonomy":"product_brand","embeddable":true,"href":"https:\/\/museal.com\/fr\/wp-json\/wp\/v2\/product_brand?post=11316"},{"taxonomy":"product_cat","embeddable":true,"href":"https:\/\/museal.com\/fr\/wp-json\/wp\/v2\/product_cat?post=11316"},{"taxonomy":"product_tag","embeddable":true,"href":"https:\/\/museal.com\/fr\/wp-json\/wp\/v2\/product_tag?post=11316"}],"curies":[{"name":"wp","href":"https:\/\/api.w.org\/{rel}","templated":true}]}}