{"id":11326,"date":"2021-08-07T07:34:00","date_gmt":"2021-08-07T05:34:00","guid":{"rendered":"http:\/\/shop.museal.com\/?post_type=product&#038;p=11326"},"modified":"2026-02-24T14:55:33","modified_gmt":"2026-02-24T13:55:33","slug":"duo-de-tasses-expresso-renert-par-sandra-biewers","status":"publish","type":"product","link":"https:\/\/museal.com\/fr\/produit\/duo-de-tasses-expresso-renert-par-sandra-biewers\/","title":{"rendered":"Duo de tasses Expresso &#8220;Renert&#8221;, par Sandra BIEWERS"},"content":{"rendered":"<p>Le renard du Luxembourg est l&#8217;oeuvre de Michel RODANGE (1827-1876), qui s&#8217;inspire du &#8220;Reineke Fuchs&#8221; de GOETHE. Aujourd&#8217;hui une \u00e9pop\u00e9e nationale, sa fable est une description satirique des personnages politique de l&#8217;\u00e9poque, \u00e0 travers 14 chants en langue luxembourgeoise.<br \/>\nL&#8217;oeuvre originale, datant de 1932, est une cr\u00e9ation commune des sculpteurs DEMUTH et GROSBER, en hommage au po\u00e8te national Michel RODANGE. L&#8217;original en pierre du &#8220;Renert&#8221; est conserv\u00e9 au Mus\u00e9e d&#8217;Histoire de la Ville de Luxembourg, il a \u00e9t\u00e9 surmoul\u00e9 en 1981 pour donner naissance \u00e0 l&#8217;exemplaire tr\u00f4nant sur la place Guillaume. L&#8217;\u0153uvre a \u00e9t\u00e9 confi\u00e9e aux bons soins de l&#8217;un des plus prestigieux ateliers de moulage officiant pour le Mus\u00e9e du Louvre, afin d&#8217;en faire r\u00e9aliser une empreinte parfaite, reproduisant les moindres d\u00e9tails de l&#8217;\u0153uvre.<br \/>\nSandra BIEWERS illustre en texte et en image ce monument de la litt\u00e9rature du Grand-duch\u00e9 avec la finesse et la po\u00e9sie qui la caract\u00e9risent.<\/p>\n","protected":false},"excerpt":{"rendered":"<p>Duo de tasses \u00e0 expresso en porcelaine figurant le &#8220;Renert&#8221; cr\u00e9es par Sandra BIEWERS.<\/p>\n<p>Contenance des tasses : 90 ml, hauteur : 5,5 cm, diam\u00e8tre : 5,9 cm. Soucoupes en porcelaine : hauteur : 2,4 cm, diam\u00e8tre : 11,7 cm. Poids du set : 420 g.<\/p>\n","protected":false},"featured_media":11327,"template":"","meta":[],"product_brand":[],"product_cat":[140,88],"product_tag":[329],"class_list":{"0":"post-11326","1":"product","2":"type-product","3":"status-publish","4":"has-post-thumbnail","6":"product_cat-art-et-vin-art-de-la-table","7":"product_cat-createurs-luxembourgeois","8":"product_tag-renert","9":"product_shipping_class-categorie-b","11":"first","12":"instock","13":"taxable","14":"shipping-taxable","15":"purchasable","16":"product-type-variable"},"yoast_head":"<!-- This site is optimized with the Yoast SEO plugin v27.3 - https:\/\/yoast.com\/product\/yoast-seo-wordpress\/ -->\n<title>Duo de tasses Expresso &quot;Renert&quot;, par Sandra BIEWERS - Museal Editions<\/title>\n<meta name=\"description\" content=\"Duo de tasses \u00e0 expresso en porcelaine avec le &quot;Renert&quot; cr\u00e9es par l&#039;artiste Sandra BIEWERS, qui illustre en texte et en image ce monument de la litt\u00e9rature.\" \/>\n<meta name=\"robots\" content=\"index, follow, max-snippet:-1, max-image-preview:large, max-video-preview:-1\" \/>\n<link rel=\"canonical\" href=\"https:\/\/museal.com\/fr\/produit\/duo-de-tasses-expresso-renert-par-sandra-biewers\/\" \/>\n<meta property=\"og:locale\" content=\"fr_FR\" \/>\n<meta property=\"og:type\" content=\"article\" \/>\n<meta property=\"og:title\" content=\"Duo de tasses Expresso &quot;Renert&quot;, par Sandra BIEWERS - Museal Editions\" \/>\n<meta property=\"og:description\" content=\"Duo de tasses \u00e0 expresso en porcelaine avec le &quot;Renert&quot; cr\u00e9es par l&#039;artiste Sandra BIEWERS, qui illustre en texte et en image ce monument de la litt\u00e9rature.\" \/>\n<meta property=\"og:url\" content=\"https:\/\/museal.com\/fr\/produit\/duo-de-tasses-expresso-renert-par-sandra-biewers\/\" \/>\n<meta property=\"og:site_name\" content=\"Museal Editions\" \/>\n<meta property=\"article:modified_time\" content=\"2026-02-24T13:55:33+00:00\" \/>\n<meta property=\"og:image\" content=\"https:\/\/museal.com\/wp-content\/uploads\/2021\/08\/tassesrenertS.Biewers90341810pix-1.jpg\" \/>\n\t<meta property=\"og:image:width\" content=\"810\" \/>\n\t<meta property=\"og:image:height\" content=\"1080\" \/>\n\t<meta property=\"og:image:type\" content=\"image\/jpeg\" \/>\n<meta name=\"twitter:card\" content=\"summary_large_image\" \/>\n<script type=\"application\/ld+json\" class=\"yoast-schema-graph\">{\"@context\":\"https:\\\/\\\/schema.org\",\"@graph\":[{\"@type\":\"WebPage\",\"@id\":\"https:\\\/\\\/museal.com\\\/fr\\\/produit\\\/duo-de-tasses-expresso-renert-par-sandra-biewers\\\/\",\"url\":\"https:\\\/\\\/museal.com\\\/fr\\\/produit\\\/duo-de-tasses-expresso-renert-par-sandra-biewers\\\/\",\"name\":\"Duo de tasses Expresso \\\"Renert\\\", par Sandra BIEWERS - Museal Editions\",\"isPartOf\":{\"@id\":\"https:\\\/\\\/museal.com\\\/fr\\\/#website\"},\"primaryImageOfPage\":{\"@id\":\"https:\\\/\\\/museal.com\\\/fr\\\/produit\\\/duo-de-tasses-expresso-renert-par-sandra-biewers\\\/#primaryimage\"},\"image\":{\"@id\":\"https:\\\/\\\/museal.com\\\/fr\\\/produit\\\/duo-de-tasses-expresso-renert-par-sandra-biewers\\\/#primaryimage\"},\"thumbnailUrl\":\"https:\\\/\\\/museal.com\\\/wp-content\\\/uploads\\\/2021\\\/08\\\/tassesrenertS.Biewers90341810pix-1.jpg\",\"datePublished\":\"2021-08-07T05:34:00+00:00\",\"dateModified\":\"2026-02-24T13:55:33+00:00\",\"description\":\"Duo de tasses \u00e0 expresso en porcelaine avec le \\\"Renert\\\" cr\u00e9es par l'artiste Sandra BIEWERS, qui illustre en texte et en image ce monument de la litt\u00e9rature.\",\"breadcrumb\":{\"@id\":\"https:\\\/\\\/museal.com\\\/fr\\\/produit\\\/duo-de-tasses-expresso-renert-par-sandra-biewers\\\/#breadcrumb\"},\"inLanguage\":\"fr-FR\",\"potentialAction\":[{\"@type\":\"ReadAction\",\"target\":[\"https:\\\/\\\/museal.com\\\/fr\\\/produit\\\/duo-de-tasses-expresso-renert-par-sandra-biewers\\\/\"]}]},{\"@type\":\"ImageObject\",\"inLanguage\":\"fr-FR\",\"@id\":\"https:\\\/\\\/museal.com\\\/fr\\\/produit\\\/duo-de-tasses-expresso-renert-par-sandra-biewers\\\/#primaryimage\",\"url\":\"https:\\\/\\\/museal.com\\\/wp-content\\\/uploads\\\/2021\\\/08\\\/tassesrenertS.Biewers90341810pix-1.jpg\",\"contentUrl\":\"https:\\\/\\\/museal.com\\\/wp-content\\\/uploads\\\/2021\\\/08\\\/tassesrenertS.Biewers90341810pix-1.jpg\",\"width\":810,\"height\":1080},{\"@type\":\"BreadcrumbList\",\"@id\":\"https:\\\/\\\/museal.com\\\/fr\\\/produit\\\/duo-de-tasses-expresso-renert-par-sandra-biewers\\\/#breadcrumb\",\"itemListElement\":[{\"@type\":\"ListItem\",\"position\":1,\"name\":\"Accueil\",\"item\":\"https:\\\/\\\/museal.com\\\/fr\\\/\"},{\"@type\":\"ListItem\",\"position\":2,\"name\":\"Boutique\",\"item\":\"https:\\\/\\\/museal.com\\\/fr\\\/boutique\\\/\"},{\"@type\":\"ListItem\",\"position\":3,\"name\":\"Duo de tasses Expresso &#8220;Renert&#8221;, par Sandra BIEWERS\"}]},{\"@type\":\"WebSite\",\"@id\":\"https:\\\/\\\/museal.com\\\/fr\\\/#website\",\"url\":\"https:\\\/\\\/museal.com\\\/fr\\\/\",\"name\":\"Museal Editions\",\"description\":\"Objets d&#039;art et de d\u00e9coration inspir\u00e9s du Patrimoine luxembourgeois\",\"publisher\":{\"@id\":\"https:\\\/\\\/museal.com\\\/fr\\\/#organization\"},\"potentialAction\":[{\"@type\":\"SearchAction\",\"target\":{\"@type\":\"EntryPoint\",\"urlTemplate\":\"https:\\\/\\\/museal.com\\\/fr\\\/?s={search_term_string}\"},\"query-input\":{\"@type\":\"PropertyValueSpecification\",\"valueRequired\":true,\"valueName\":\"search_term_string\"}}],\"inLanguage\":\"fr-FR\"},{\"@type\":\"Organization\",\"@id\":\"https:\\\/\\\/museal.com\\\/fr\\\/#organization\",\"name\":\"Museal Editions\",\"url\":\"https:\\\/\\\/museal.com\\\/fr\\\/\",\"logo\":{\"@type\":\"ImageObject\",\"inLanguage\":\"fr-FR\",\"@id\":\"https:\\\/\\\/museal.com\\\/fr\\\/#\\\/schema\\\/logo\\\/image\\\/\",\"url\":\"https:\\\/\\\/museal.com\\\/wp-content\\\/uploads\\\/2021\\\/05\\\/logo-e1621950424453.jpg\",\"contentUrl\":\"https:\\\/\\\/museal.com\\\/wp-content\\\/uploads\\\/2021\\\/05\\\/logo-e1621950424453.jpg\",\"width\":732,\"height\":574,\"caption\":\"Museal Editions\"},\"image\":{\"@id\":\"https:\\\/\\\/museal.com\\\/fr\\\/#\\\/schema\\\/logo\\\/image\\\/\"}}]}<\/script>\n<!-- \/ Yoast SEO plugin. -->","yoast_head_json":{"title":"Duo de tasses Expresso \"Renert\", par Sandra BIEWERS - Museal Editions","description":"Duo de tasses \u00e0 expresso en porcelaine avec le \"Renert\" cr\u00e9es par l'artiste Sandra BIEWERS, qui illustre en texte et en image ce monument de la litt\u00e9rature.","robots":{"index":"index","follow":"follow","max-snippet":"max-snippet:-1","max-image-preview":"max-image-preview:large","max-video-preview":"max-video-preview:-1"},"canonical":"https:\/\/museal.com\/fr\/produit\/duo-de-tasses-expresso-renert-par-sandra-biewers\/","og_locale":"fr_FR","og_type":"article","og_title":"Duo de tasses Expresso \"Renert\", par Sandra BIEWERS - Museal Editions","og_description":"Duo de tasses \u00e0 expresso en porcelaine avec le \"Renert\" cr\u00e9es par l'artiste Sandra BIEWERS, qui illustre en texte et en image ce monument de la litt\u00e9rature.","og_url":"https:\/\/museal.com\/fr\/produit\/duo-de-tasses-expresso-renert-par-sandra-biewers\/","og_site_name":"Museal Editions","article_modified_time":"2026-02-24T13:55:33+00:00","og_image":[{"width":810,"height":1080,"url":"https:\/\/museal.com\/wp-content\/uploads\/2021\/08\/tassesrenertS.Biewers90341810pix-1.jpg","type":"image\/jpeg"}],"twitter_card":"summary_large_image","schema":{"@context":"https:\/\/schema.org","@graph":[{"@type":"WebPage","@id":"https:\/\/museal.com\/fr\/produit\/duo-de-tasses-expresso-renert-par-sandra-biewers\/","url":"https:\/\/museal.com\/fr\/produit\/duo-de-tasses-expresso-renert-par-sandra-biewers\/","name":"Duo de tasses Expresso \"Renert\", par Sandra BIEWERS - Museal Editions","isPartOf":{"@id":"https:\/\/museal.com\/fr\/#website"},"primaryImageOfPage":{"@id":"https:\/\/museal.com\/fr\/produit\/duo-de-tasses-expresso-renert-par-sandra-biewers\/#primaryimage"},"image":{"@id":"https:\/\/museal.com\/fr\/produit\/duo-de-tasses-expresso-renert-par-sandra-biewers\/#primaryimage"},"thumbnailUrl":"https:\/\/museal.com\/wp-content\/uploads\/2021\/08\/tassesrenertS.Biewers90341810pix-1.jpg","datePublished":"2021-08-07T05:34:00+00:00","dateModified":"2026-02-24T13:55:33+00:00","description":"Duo de tasses \u00e0 expresso en porcelaine avec le \"Renert\" cr\u00e9es par l'artiste Sandra BIEWERS, qui illustre en texte et en image ce monument de la litt\u00e9rature.","breadcrumb":{"@id":"https:\/\/museal.com\/fr\/produit\/duo-de-tasses-expresso-renert-par-sandra-biewers\/#breadcrumb"},"inLanguage":"fr-FR","potentialAction":[{"@type":"ReadAction","target":["https:\/\/museal.com\/fr\/produit\/duo-de-tasses-expresso-renert-par-sandra-biewers\/"]}]},{"@type":"ImageObject","inLanguage":"fr-FR","@id":"https:\/\/museal.com\/fr\/produit\/duo-de-tasses-expresso-renert-par-sandra-biewers\/#primaryimage","url":"https:\/\/museal.com\/wp-content\/uploads\/2021\/08\/tassesrenertS.Biewers90341810pix-1.jpg","contentUrl":"https:\/\/museal.com\/wp-content\/uploads\/2021\/08\/tassesrenertS.Biewers90341810pix-1.jpg","width":810,"height":1080},{"@type":"BreadcrumbList","@id":"https:\/\/museal.com\/fr\/produit\/duo-de-tasses-expresso-renert-par-sandra-biewers\/#breadcrumb","itemListElement":[{"@type":"ListItem","position":1,"name":"Accueil","item":"https:\/\/museal.com\/fr\/"},{"@type":"ListItem","position":2,"name":"Boutique","item":"https:\/\/museal.com\/fr\/boutique\/"},{"@type":"ListItem","position":3,"name":"Duo de tasses Expresso &#8220;Renert&#8221;, par Sandra BIEWERS"}]},{"@type":"WebSite","@id":"https:\/\/museal.com\/fr\/#website","url":"https:\/\/museal.com\/fr\/","name":"Museal Editions","description":"Objets d&#039;art et de d\u00e9coration inspir\u00e9s du Patrimoine luxembourgeois","publisher":{"@id":"https:\/\/museal.com\/fr\/#organization"},"potentialAction":[{"@type":"SearchAction","target":{"@type":"EntryPoint","urlTemplate":"https:\/\/museal.com\/fr\/?s={search_term_string}"},"query-input":{"@type":"PropertyValueSpecification","valueRequired":true,"valueName":"search_term_string"}}],"inLanguage":"fr-FR"},{"@type":"Organization","@id":"https:\/\/museal.com\/fr\/#organization","name":"Museal Editions","url":"https:\/\/museal.com\/fr\/","logo":{"@type":"ImageObject","inLanguage":"fr-FR","@id":"https:\/\/museal.com\/fr\/#\/schema\/logo\/image\/","url":"https:\/\/museal.com\/wp-content\/uploads\/2021\/05\/logo-e1621950424453.jpg","contentUrl":"https:\/\/museal.com\/wp-content\/uploads\/2021\/05\/logo-e1621950424453.jpg","width":732,"height":574,"caption":"Museal Editions"},"image":{"@id":"https:\/\/museal.com\/fr\/#\/schema\/logo\/image\/"}}]}},"_links":{"self":[{"href":"https:\/\/museal.com\/fr\/wp-json\/wp\/v2\/product\/11326","targetHints":{"allow":["GET"]}}],"collection":[{"href":"https:\/\/museal.com\/fr\/wp-json\/wp\/v2\/product"}],"about":[{"href":"https:\/\/museal.com\/fr\/wp-json\/wp\/v2\/types\/product"}],"wp:featuredmedia":[{"embeddable":true,"href":"https:\/\/museal.com\/fr\/wp-json\/wp\/v2\/media\/11327"}],"wp:attachment":[{"href":"https:\/\/museal.com\/fr\/wp-json\/wp\/v2\/media?parent=11326"}],"wp:term":[{"taxonomy":"product_brand","embeddable":true,"href":"https:\/\/museal.com\/fr\/wp-json\/wp\/v2\/product_brand?post=11326"},{"taxonomy":"product_cat","embeddable":true,"href":"https:\/\/museal.com\/fr\/wp-json\/wp\/v2\/product_cat?post=11326"},{"taxonomy":"product_tag","embeddable":true,"href":"https:\/\/museal.com\/fr\/wp-json\/wp\/v2\/product_tag?post=11326"}],"curies":[{"name":"wp","href":"https:\/\/api.w.org\/{rel}","templated":true}]}}