{"id":11329,"date":"2021-08-07T07:35:00","date_gmt":"2021-08-07T06:35:00","guid":{"rendered":"http:\/\/shop.museal.com\/?post_type=product&#038;p=11329"},"modified":"2025-12-10T11:06:38","modified_gmt":"2025-12-10T10:06:38","slug":"accessoire-renert-en-cuir-5-couleurs-de-michel-rodange","status":"publish","type":"product","link":"https:\/\/museal.com\/fr\/produit\/accessoire-renert-en-cuir-5-couleurs-de-michel-rodange\/","title":{"rendered":"Accessoire &#8220;Renert&#8221; en cuir (5 couleurs)"},"content":{"rendered":"<p>Le renard du Luxembourg est l&#8217;oeuvre de Michel RODANGE (1827-1876), qui s&#8217;inspire du &#8220;Reineke Fuchs&#8221; de GOETHE. Aujourd&#8217;hui une \u00e9pop\u00e9e nationale, sa fable est une description satirique des personnages politique de l&#8217;\u00e9poque, \u00e0 travers 14 chants en langue luxembourgeoise.<br \/>\nL&#8217;oeuvre originale, datant de 1932, est une cr\u00e9ation commune des sculpteurs DEMUTH et GROSBER, en hommage au po\u00e8te national Michel RODANGE. L&#8217;original en pierre du &#8220;Renert&#8221; est conserv\u00e9 au Mus\u00e9e d&#8217;Histoire de la Ville de Luxembourg, il a \u00e9t\u00e9 surmoul\u00e9 en 1981 pour donner naissance \u00e0 l&#8217;exemplaire tr\u00f4nant sur la place Guillaume.<\/p>\n","protected":false},"excerpt":{"rendered":"<p>Accessoire &#8220;Renert&#8221; (renard) en cuir, pour agr\u00e9menter un sac \u00e0 main, ou en porte-clefs. Cuir enduit doubl\u00e9, tranche cir\u00e9e noire, lacet en coton cir\u00e9, fabriqu\u00e9 en France.<br \/>\nDimensions : 11,5 cm x 5 cm.<\/p>\n","protected":false},"featured_media":13673,"template":"","meta":[],"product_brand":[],"product_cat":[141],"product_tag":[329],"class_list":{"0":"post-11329","1":"product","2":"type-product","3":"status-publish","4":"has-post-thumbnail","6":"product_cat-maroquinerie","7":"product_tag-renert","9":"first","10":"instock","11":"taxable","12":"shipping-taxable","13":"purchasable","14":"product-type-variable"},"yoast_head":"<!-- This site is optimized with the Yoast SEO plugin v27.3 - https:\/\/yoast.com\/product\/yoast-seo-wordpress\/ -->\n<title>Accessoire &quot;Renert&quot; en cuir (5 couleurs) - Museal Editions<\/title>\n<meta name=\"description\" content=\"Accessoire &quot;Renert&quot; (renard) en cuir, pour agr\u00e9menter un sac \u00e0 main, ou en porte-clefs. Cuir enduit doubl\u00e9, lacet en coton cir\u00e9, fabriqu\u00e9 en France.\" \/>\n<meta name=\"robots\" content=\"index, follow, max-snippet:-1, max-image-preview:large, max-video-preview:-1\" \/>\n<link rel=\"canonical\" href=\"https:\/\/museal.com\/fr\/produit\/accessoire-renert-en-cuir-5-couleurs-de-michel-rodange\/\" \/>\n<meta property=\"og:locale\" content=\"fr_FR\" \/>\n<meta property=\"og:type\" content=\"article\" \/>\n<meta property=\"og:title\" content=\"Accessoire &quot;Renert&quot; en cuir (5 couleurs) - Museal Editions\" \/>\n<meta property=\"og:description\" content=\"Accessoire &quot;Renert&quot; (renard) en cuir, pour agr\u00e9menter un sac \u00e0 main, ou en porte-clefs. Cuir enduit doubl\u00e9, lacet en coton cir\u00e9, fabriqu\u00e9 en France.\" \/>\n<meta property=\"og:url\" content=\"https:\/\/museal.com\/fr\/produit\/accessoire-renert-en-cuir-5-couleurs-de-michel-rodange\/\" \/>\n<meta property=\"og:site_name\" content=\"Museal Editions\" \/>\n<meta property=\"article:modified_time\" content=\"2025-12-10T10:06:38+00:00\" \/>\n<meta property=\"og:image\" content=\"https:\/\/museal.com\/wp-content\/uploads\/2021\/08\/accessoire-renert.png\" \/>\n\t<meta property=\"og:image:width\" content=\"1500\" \/>\n\t<meta property=\"og:image:height\" content=\"2000\" \/>\n\t<meta property=\"og:image:type\" content=\"image\/png\" \/>\n<meta name=\"twitter:card\" content=\"summary_large_image\" \/>\n<script type=\"application\/ld+json\" class=\"yoast-schema-graph\">{\"@context\":\"https:\\\/\\\/schema.org\",\"@graph\":[{\"@type\":\"WebPage\",\"@id\":\"https:\\\/\\\/museal.com\\\/fr\\\/produit\\\/accessoire-renert-en-cuir-5-couleurs-de-michel-rodange\\\/\",\"url\":\"https:\\\/\\\/museal.com\\\/fr\\\/produit\\\/accessoire-renert-en-cuir-5-couleurs-de-michel-rodange\\\/\",\"name\":\"Accessoire \\\"Renert\\\" en cuir (5 couleurs) - Museal Editions\",\"isPartOf\":{\"@id\":\"https:\\\/\\\/museal.com\\\/fr\\\/#website\"},\"primaryImageOfPage\":{\"@id\":\"https:\\\/\\\/museal.com\\\/fr\\\/produit\\\/accessoire-renert-en-cuir-5-couleurs-de-michel-rodange\\\/#primaryimage\"},\"image\":{\"@id\":\"https:\\\/\\\/museal.com\\\/fr\\\/produit\\\/accessoire-renert-en-cuir-5-couleurs-de-michel-rodange\\\/#primaryimage\"},\"thumbnailUrl\":\"https:\\\/\\\/museal.com\\\/wp-content\\\/uploads\\\/2021\\\/08\\\/accessoire-renert.png\",\"datePublished\":\"2021-08-07T06:35:00+00:00\",\"dateModified\":\"2025-12-10T10:06:38+00:00\",\"description\":\"Accessoire \\\"Renert\\\" (renard) en cuir, pour agr\u00e9menter un sac \u00e0 main, ou en porte-clefs. Cuir enduit doubl\u00e9, lacet en coton cir\u00e9, fabriqu\u00e9 en France.\",\"breadcrumb\":{\"@id\":\"https:\\\/\\\/museal.com\\\/fr\\\/produit\\\/accessoire-renert-en-cuir-5-couleurs-de-michel-rodange\\\/#breadcrumb\"},\"inLanguage\":\"fr-FR\",\"potentialAction\":[{\"@type\":\"ReadAction\",\"target\":[\"https:\\\/\\\/museal.com\\\/fr\\\/produit\\\/accessoire-renert-en-cuir-5-couleurs-de-michel-rodange\\\/\"]}]},{\"@type\":\"ImageObject\",\"inLanguage\":\"fr-FR\",\"@id\":\"https:\\\/\\\/museal.com\\\/fr\\\/produit\\\/accessoire-renert-en-cuir-5-couleurs-de-michel-rodange\\\/#primaryimage\",\"url\":\"https:\\\/\\\/museal.com\\\/wp-content\\\/uploads\\\/2021\\\/08\\\/accessoire-renert.png\",\"contentUrl\":\"https:\\\/\\\/museal.com\\\/wp-content\\\/uploads\\\/2021\\\/08\\\/accessoire-renert.png\",\"width\":1500,\"height\":2000},{\"@type\":\"BreadcrumbList\",\"@id\":\"https:\\\/\\\/museal.com\\\/fr\\\/produit\\\/accessoire-renert-en-cuir-5-couleurs-de-michel-rodange\\\/#breadcrumb\",\"itemListElement\":[{\"@type\":\"ListItem\",\"position\":1,\"name\":\"Accueil\",\"item\":\"https:\\\/\\\/museal.com\\\/fr\\\/\"},{\"@type\":\"ListItem\",\"position\":2,\"name\":\"Boutique\",\"item\":\"https:\\\/\\\/museal.com\\\/fr\\\/boutique\\\/\"},{\"@type\":\"ListItem\",\"position\":3,\"name\":\"Accessoire &#8220;Renert&#8221; en cuir (5 couleurs)\"}]},{\"@type\":\"WebSite\",\"@id\":\"https:\\\/\\\/museal.com\\\/fr\\\/#website\",\"url\":\"https:\\\/\\\/museal.com\\\/fr\\\/\",\"name\":\"Museal Editions\",\"description\":\"Objets d&#039;art et de d\u00e9coration inspir\u00e9s du Patrimoine luxembourgeois\",\"publisher\":{\"@id\":\"https:\\\/\\\/museal.com\\\/fr\\\/#organization\"},\"potentialAction\":[{\"@type\":\"SearchAction\",\"target\":{\"@type\":\"EntryPoint\",\"urlTemplate\":\"https:\\\/\\\/museal.com\\\/fr\\\/?s={search_term_string}\"},\"query-input\":{\"@type\":\"PropertyValueSpecification\",\"valueRequired\":true,\"valueName\":\"search_term_string\"}}],\"inLanguage\":\"fr-FR\"},{\"@type\":\"Organization\",\"@id\":\"https:\\\/\\\/museal.com\\\/fr\\\/#organization\",\"name\":\"Museal Editions\",\"url\":\"https:\\\/\\\/museal.com\\\/fr\\\/\",\"logo\":{\"@type\":\"ImageObject\",\"inLanguage\":\"fr-FR\",\"@id\":\"https:\\\/\\\/museal.com\\\/fr\\\/#\\\/schema\\\/logo\\\/image\\\/\",\"url\":\"https:\\\/\\\/museal.com\\\/wp-content\\\/uploads\\\/2021\\\/05\\\/logo-e1621950424453.jpg\",\"contentUrl\":\"https:\\\/\\\/museal.com\\\/wp-content\\\/uploads\\\/2021\\\/05\\\/logo-e1621950424453.jpg\",\"width\":732,\"height\":574,\"caption\":\"Museal Editions\"},\"image\":{\"@id\":\"https:\\\/\\\/museal.com\\\/fr\\\/#\\\/schema\\\/logo\\\/image\\\/\"}}]}<\/script>\n<!-- \/ Yoast SEO plugin. -->","yoast_head_json":{"title":"Accessoire \"Renert\" en cuir (5 couleurs) - Museal Editions","description":"Accessoire \"Renert\" (renard) en cuir, pour agr\u00e9menter un sac \u00e0 main, ou en porte-clefs. Cuir enduit doubl\u00e9, lacet en coton cir\u00e9, fabriqu\u00e9 en France.","robots":{"index":"index","follow":"follow","max-snippet":"max-snippet:-1","max-image-preview":"max-image-preview:large","max-video-preview":"max-video-preview:-1"},"canonical":"https:\/\/museal.com\/fr\/produit\/accessoire-renert-en-cuir-5-couleurs-de-michel-rodange\/","og_locale":"fr_FR","og_type":"article","og_title":"Accessoire \"Renert\" en cuir (5 couleurs) - Museal Editions","og_description":"Accessoire \"Renert\" (renard) en cuir, pour agr\u00e9menter un sac \u00e0 main, ou en porte-clefs. Cuir enduit doubl\u00e9, lacet en coton cir\u00e9, fabriqu\u00e9 en France.","og_url":"https:\/\/museal.com\/fr\/produit\/accessoire-renert-en-cuir-5-couleurs-de-michel-rodange\/","og_site_name":"Museal Editions","article_modified_time":"2025-12-10T10:06:38+00:00","og_image":[{"width":1500,"height":2000,"url":"https:\/\/museal.com\/wp-content\/uploads\/2021\/08\/accessoire-renert.png","type":"image\/png"}],"twitter_card":"summary_large_image","schema":{"@context":"https:\/\/schema.org","@graph":[{"@type":"WebPage","@id":"https:\/\/museal.com\/fr\/produit\/accessoire-renert-en-cuir-5-couleurs-de-michel-rodange\/","url":"https:\/\/museal.com\/fr\/produit\/accessoire-renert-en-cuir-5-couleurs-de-michel-rodange\/","name":"Accessoire \"Renert\" en cuir (5 couleurs) - Museal Editions","isPartOf":{"@id":"https:\/\/museal.com\/fr\/#website"},"primaryImageOfPage":{"@id":"https:\/\/museal.com\/fr\/produit\/accessoire-renert-en-cuir-5-couleurs-de-michel-rodange\/#primaryimage"},"image":{"@id":"https:\/\/museal.com\/fr\/produit\/accessoire-renert-en-cuir-5-couleurs-de-michel-rodange\/#primaryimage"},"thumbnailUrl":"https:\/\/museal.com\/wp-content\/uploads\/2021\/08\/accessoire-renert.png","datePublished":"2021-08-07T06:35:00+00:00","dateModified":"2025-12-10T10:06:38+00:00","description":"Accessoire \"Renert\" (renard) en cuir, pour agr\u00e9menter un sac \u00e0 main, ou en porte-clefs. Cuir enduit doubl\u00e9, lacet en coton cir\u00e9, fabriqu\u00e9 en France.","breadcrumb":{"@id":"https:\/\/museal.com\/fr\/produit\/accessoire-renert-en-cuir-5-couleurs-de-michel-rodange\/#breadcrumb"},"inLanguage":"fr-FR","potentialAction":[{"@type":"ReadAction","target":["https:\/\/museal.com\/fr\/produit\/accessoire-renert-en-cuir-5-couleurs-de-michel-rodange\/"]}]},{"@type":"ImageObject","inLanguage":"fr-FR","@id":"https:\/\/museal.com\/fr\/produit\/accessoire-renert-en-cuir-5-couleurs-de-michel-rodange\/#primaryimage","url":"https:\/\/museal.com\/wp-content\/uploads\/2021\/08\/accessoire-renert.png","contentUrl":"https:\/\/museal.com\/wp-content\/uploads\/2021\/08\/accessoire-renert.png","width":1500,"height":2000},{"@type":"BreadcrumbList","@id":"https:\/\/museal.com\/fr\/produit\/accessoire-renert-en-cuir-5-couleurs-de-michel-rodange\/#breadcrumb","itemListElement":[{"@type":"ListItem","position":1,"name":"Accueil","item":"https:\/\/museal.com\/fr\/"},{"@type":"ListItem","position":2,"name":"Boutique","item":"https:\/\/museal.com\/fr\/boutique\/"},{"@type":"ListItem","position":3,"name":"Accessoire &#8220;Renert&#8221; en cuir (5 couleurs)"}]},{"@type":"WebSite","@id":"https:\/\/museal.com\/fr\/#website","url":"https:\/\/museal.com\/fr\/","name":"Museal Editions","description":"Objets d&#039;art et de d\u00e9coration inspir\u00e9s du Patrimoine luxembourgeois","publisher":{"@id":"https:\/\/museal.com\/fr\/#organization"},"potentialAction":[{"@type":"SearchAction","target":{"@type":"EntryPoint","urlTemplate":"https:\/\/museal.com\/fr\/?s={search_term_string}"},"query-input":{"@type":"PropertyValueSpecification","valueRequired":true,"valueName":"search_term_string"}}],"inLanguage":"fr-FR"},{"@type":"Organization","@id":"https:\/\/museal.com\/fr\/#organization","name":"Museal Editions","url":"https:\/\/museal.com\/fr\/","logo":{"@type":"ImageObject","inLanguage":"fr-FR","@id":"https:\/\/museal.com\/fr\/#\/schema\/logo\/image\/","url":"https:\/\/museal.com\/wp-content\/uploads\/2021\/05\/logo-e1621950424453.jpg","contentUrl":"https:\/\/museal.com\/wp-content\/uploads\/2021\/05\/logo-e1621950424453.jpg","width":732,"height":574,"caption":"Museal Editions"},"image":{"@id":"https:\/\/museal.com\/fr\/#\/schema\/logo\/image\/"}}]}},"_links":{"self":[{"href":"https:\/\/museal.com\/fr\/wp-json\/wp\/v2\/product\/11329","targetHints":{"allow":["GET"]}}],"collection":[{"href":"https:\/\/museal.com\/fr\/wp-json\/wp\/v2\/product"}],"about":[{"href":"https:\/\/museal.com\/fr\/wp-json\/wp\/v2\/types\/product"}],"wp:featuredmedia":[{"embeddable":true,"href":"https:\/\/museal.com\/fr\/wp-json\/wp\/v2\/media\/13673"}],"wp:attachment":[{"href":"https:\/\/museal.com\/fr\/wp-json\/wp\/v2\/media?parent=11329"}],"wp:term":[{"taxonomy":"product_brand","embeddable":true,"href":"https:\/\/museal.com\/fr\/wp-json\/wp\/v2\/product_brand?post=11329"},{"taxonomy":"product_cat","embeddable":true,"href":"https:\/\/museal.com\/fr\/wp-json\/wp\/v2\/product_cat?post=11329"},{"taxonomy":"product_tag","embeddable":true,"href":"https:\/\/museal.com\/fr\/wp-json\/wp\/v2\/product_tag?post=11329"}],"curies":[{"name":"wp","href":"https:\/\/api.w.org\/{rel}","templated":true}]}}