{"id":12154,"date":"2022-01-19T15:15:56","date_gmt":"2022-01-19T14:15:56","guid":{"rendered":"https:\/\/shop.museal.com\/?post_type=product&#038;p=12154"},"modified":"2025-07-25T10:02:52","modified_gmt":"2025-07-25T08:02:52","slug":"coffret-artistique-de-spiritueux-gin-gin-signe-par-florence-hoffmann","status":"publish","type":"product","link":"https:\/\/museal.com\/fr\/produit\/coffret-artistique-de-spiritueux-gin-gin-signe-par-florence-hoffmann\/","title":{"rendered":"Coffret artistique de spiritueux &#8220;Gin Gin&#8221; Sign\u00e9 par Florence Hoffmann"},"content":{"rendered":"<div>Florence Hoffmann a trouv\u00e9 toute sa place parmi les grands artistes plasticiens du Luxembourg. Elle a con\u00e7u, pour les Editions Mus\u00e9al, une \u0153uvre digigraphique, portant sur le th\u00e8me du livre ouvert-ferm\u00e9,\u00a0\u00a0illustrant un livret d\u2019artiste de 36 pages, sign\u00e9 et num\u00e9rot\u00e9, ainsi que les \u00e9tiquettes des 3 flacons de gin, le tout composant le d\u00e9licieux coffret \u00ab Gin Gin \u00bb<\/div>\n<div>Ce coffret, 6\u00e8me du nom, contient un livret d&#8217;artiste num\u00e9rot\u00e9 et\u00a0 sign\u00e9 par Florence Hoffmann, ainsi que 3 flacons de 10 cl de gins de 3 saveurs diff\u00e9rentes, nature, fruits rouges et \u00e9pices, cr\u00e9\u00e9es par la distillerie Diedenacker.<\/div>\n<div>Cyril Molard, grand chef \u00e9toil\u00e9 du Luxembourg a, quant \u00e0 lui, con\u00e7u 3 plats autour de ces 3 gins.<\/div>\n<div>S\u00e9rie limit\u00e9e \u00e0 3000 exemplaires, num\u00e9rot\u00e9s et sign\u00e9s par l&#8217;artiste<\/div>\n","protected":false},"excerpt":{"rendered":"<p>Taille 235 x 175 x 45 mm, poids 1,1 kg.<\/p>\n","protected":false},"featured_media":13691,"template":"","meta":[],"product_brand":[],"product_cat":[140,88],"product_tag":[],"class_list":{"0":"post-12154","1":"product","2":"type-product","3":"status-publish","4":"has-post-thumbnail","6":"product_cat-art-et-vin-art-de-la-table","7":"product_cat-createurs-luxembourgeois","9":"first","10":"instock","11":"taxable","12":"shipping-taxable","13":"purchasable","14":"product-type-simple"},"yoast_head":"<!-- This site is optimized with the Yoast SEO plugin v27.3 - https:\/\/yoast.com\/product\/yoast-seo-wordpress\/ -->\n<title>Coffret artistique de spiritueux &quot;Gin Gin&quot; Sign\u00e9 par Florence Hoffmann - Museal Editions<\/title>\n<meta name=\"description\" content=\"Ce coffret contient un livret d&#039;artiste num\u00e9rot\u00e9 et\u00a0 sign\u00e9 par Florence Hoffmann, ainsi que 3 flacons de 10 cl de gins de 3 saveurs diff\u00e9rentes.\" \/>\n<meta name=\"robots\" content=\"index, follow, max-snippet:-1, max-image-preview:large, max-video-preview:-1\" \/>\n<link rel=\"canonical\" href=\"https:\/\/museal.com\/fr\/produit\/coffret-artistique-de-spiritueux-gin-gin-signe-par-florence-hoffmann\/\" \/>\n<meta property=\"og:locale\" content=\"fr_FR\" \/>\n<meta property=\"og:type\" content=\"article\" \/>\n<meta property=\"og:title\" content=\"Coffret artistique de spiritueux &quot;Gin Gin&quot; Sign\u00e9 par Florence Hoffmann - Museal Editions\" \/>\n<meta property=\"og:description\" content=\"Ce coffret contient un livret d&#039;artiste num\u00e9rot\u00e9 et\u00a0 sign\u00e9 par Florence Hoffmann, ainsi que 3 flacons de 10 cl de gins de 3 saveurs diff\u00e9rentes.\" \/>\n<meta property=\"og:url\" content=\"https:\/\/museal.com\/fr\/produit\/coffret-artistique-de-spiritueux-gin-gin-signe-par-florence-hoffmann\/\" \/>\n<meta property=\"og:site_name\" content=\"Museal Editions\" \/>\n<meta property=\"article:modified_time\" content=\"2025-07-25T08:02:52+00:00\" \/>\n<meta property=\"og:image\" content=\"https:\/\/museal.com\/wp-content\/uploads\/2022\/01\/gingin-768x1024.png\" \/>\n\t<meta property=\"og:image:width\" content=\"768\" \/>\n\t<meta property=\"og:image:height\" content=\"1024\" \/>\n\t<meta property=\"og:image:type\" content=\"image\/png\" \/>\n<meta name=\"twitter:card\" content=\"summary_large_image\" \/>\n<script type=\"application\/ld+json\" class=\"yoast-schema-graph\">{\"@context\":\"https:\\\/\\\/schema.org\",\"@graph\":[{\"@type\":\"WebPage\",\"@id\":\"https:\\\/\\\/museal.com\\\/fr\\\/produit\\\/coffret-artistique-de-spiritueux-gin-gin-signe-par-florence-hoffmann\\\/\",\"url\":\"https:\\\/\\\/museal.com\\\/fr\\\/produit\\\/coffret-artistique-de-spiritueux-gin-gin-signe-par-florence-hoffmann\\\/\",\"name\":\"Coffret artistique de spiritueux \\\"Gin Gin\\\" Sign\u00e9 par Florence Hoffmann - Museal Editions\",\"isPartOf\":{\"@id\":\"https:\\\/\\\/museal.com\\\/fr\\\/#website\"},\"primaryImageOfPage\":{\"@id\":\"https:\\\/\\\/museal.com\\\/fr\\\/produit\\\/coffret-artistique-de-spiritueux-gin-gin-signe-par-florence-hoffmann\\\/#primaryimage\"},\"image\":{\"@id\":\"https:\\\/\\\/museal.com\\\/fr\\\/produit\\\/coffret-artistique-de-spiritueux-gin-gin-signe-par-florence-hoffmann\\\/#primaryimage\"},\"thumbnailUrl\":\"https:\\\/\\\/museal.com\\\/wp-content\\\/uploads\\\/2022\\\/01\\\/gingin.png\",\"datePublished\":\"2022-01-19T14:15:56+00:00\",\"dateModified\":\"2025-07-25T08:02:52+00:00\",\"description\":\"Ce coffret contient un livret d'artiste num\u00e9rot\u00e9 et\u00a0 sign\u00e9 par Florence Hoffmann, ainsi que 3 flacons de 10 cl de gins de 3 saveurs diff\u00e9rentes.\",\"breadcrumb\":{\"@id\":\"https:\\\/\\\/museal.com\\\/fr\\\/produit\\\/coffret-artistique-de-spiritueux-gin-gin-signe-par-florence-hoffmann\\\/#breadcrumb\"},\"inLanguage\":\"fr-FR\",\"potentialAction\":[{\"@type\":\"ReadAction\",\"target\":[\"https:\\\/\\\/museal.com\\\/fr\\\/produit\\\/coffret-artistique-de-spiritueux-gin-gin-signe-par-florence-hoffmann\\\/\"]}]},{\"@type\":\"ImageObject\",\"inLanguage\":\"fr-FR\",\"@id\":\"https:\\\/\\\/museal.com\\\/fr\\\/produit\\\/coffret-artistique-de-spiritueux-gin-gin-signe-par-florence-hoffmann\\\/#primaryimage\",\"url\":\"https:\\\/\\\/museal.com\\\/wp-content\\\/uploads\\\/2022\\\/01\\\/gingin.png\",\"contentUrl\":\"https:\\\/\\\/museal.com\\\/wp-content\\\/uploads\\\/2022\\\/01\\\/gingin.png\",\"width\":1500,\"height\":2000},{\"@type\":\"BreadcrumbList\",\"@id\":\"https:\\\/\\\/museal.com\\\/fr\\\/produit\\\/coffret-artistique-de-spiritueux-gin-gin-signe-par-florence-hoffmann\\\/#breadcrumb\",\"itemListElement\":[{\"@type\":\"ListItem\",\"position\":1,\"name\":\"Accueil\",\"item\":\"https:\\\/\\\/museal.com\\\/fr\\\/\"},{\"@type\":\"ListItem\",\"position\":2,\"name\":\"Boutique\",\"item\":\"https:\\\/\\\/museal.com\\\/fr\\\/boutique\\\/\"},{\"@type\":\"ListItem\",\"position\":3,\"name\":\"Coffret artistique de spiritueux &#8220;Gin Gin&#8221; Sign\u00e9 par Florence Hoffmann\"}]},{\"@type\":\"WebSite\",\"@id\":\"https:\\\/\\\/museal.com\\\/fr\\\/#website\",\"url\":\"https:\\\/\\\/museal.com\\\/fr\\\/\",\"name\":\"Museal Editions\",\"description\":\"Objets d&#039;art et de d\u00e9coration inspir\u00e9s du Patrimoine luxembourgeois\",\"publisher\":{\"@id\":\"https:\\\/\\\/museal.com\\\/fr\\\/#organization\"},\"potentialAction\":[{\"@type\":\"SearchAction\",\"target\":{\"@type\":\"EntryPoint\",\"urlTemplate\":\"https:\\\/\\\/museal.com\\\/fr\\\/?s={search_term_string}\"},\"query-input\":{\"@type\":\"PropertyValueSpecification\",\"valueRequired\":true,\"valueName\":\"search_term_string\"}}],\"inLanguage\":\"fr-FR\"},{\"@type\":\"Organization\",\"@id\":\"https:\\\/\\\/museal.com\\\/fr\\\/#organization\",\"name\":\"Museal Editions\",\"url\":\"https:\\\/\\\/museal.com\\\/fr\\\/\",\"logo\":{\"@type\":\"ImageObject\",\"inLanguage\":\"fr-FR\",\"@id\":\"https:\\\/\\\/museal.com\\\/fr\\\/#\\\/schema\\\/logo\\\/image\\\/\",\"url\":\"https:\\\/\\\/museal.com\\\/wp-content\\\/uploads\\\/2021\\\/05\\\/logo-e1621950424453.jpg\",\"contentUrl\":\"https:\\\/\\\/museal.com\\\/wp-content\\\/uploads\\\/2021\\\/05\\\/logo-e1621950424453.jpg\",\"width\":732,\"height\":574,\"caption\":\"Museal Editions\"},\"image\":{\"@id\":\"https:\\\/\\\/museal.com\\\/fr\\\/#\\\/schema\\\/logo\\\/image\\\/\"}}]}<\/script>\n<!-- \/ Yoast SEO plugin. -->","yoast_head_json":{"title":"Coffret artistique de spiritueux \"Gin Gin\" Sign\u00e9 par Florence Hoffmann - Museal Editions","description":"Ce coffret contient un livret d'artiste num\u00e9rot\u00e9 et\u00a0 sign\u00e9 par Florence Hoffmann, ainsi que 3 flacons de 10 cl de gins de 3 saveurs diff\u00e9rentes.","robots":{"index":"index","follow":"follow","max-snippet":"max-snippet:-1","max-image-preview":"max-image-preview:large","max-video-preview":"max-video-preview:-1"},"canonical":"https:\/\/museal.com\/fr\/produit\/coffret-artistique-de-spiritueux-gin-gin-signe-par-florence-hoffmann\/","og_locale":"fr_FR","og_type":"article","og_title":"Coffret artistique de spiritueux \"Gin Gin\" Sign\u00e9 par Florence Hoffmann - Museal Editions","og_description":"Ce coffret contient un livret d'artiste num\u00e9rot\u00e9 et\u00a0 sign\u00e9 par Florence Hoffmann, ainsi que 3 flacons de 10 cl de gins de 3 saveurs diff\u00e9rentes.","og_url":"https:\/\/museal.com\/fr\/produit\/coffret-artistique-de-spiritueux-gin-gin-signe-par-florence-hoffmann\/","og_site_name":"Museal Editions","article_modified_time":"2025-07-25T08:02:52+00:00","og_image":[{"width":768,"height":1024,"url":"https:\/\/museal.com\/wp-content\/uploads\/2022\/01\/gingin-768x1024.png","type":"image\/png"}],"twitter_card":"summary_large_image","schema":{"@context":"https:\/\/schema.org","@graph":[{"@type":"WebPage","@id":"https:\/\/museal.com\/fr\/produit\/coffret-artistique-de-spiritueux-gin-gin-signe-par-florence-hoffmann\/","url":"https:\/\/museal.com\/fr\/produit\/coffret-artistique-de-spiritueux-gin-gin-signe-par-florence-hoffmann\/","name":"Coffret artistique de spiritueux \"Gin Gin\" Sign\u00e9 par Florence Hoffmann - Museal Editions","isPartOf":{"@id":"https:\/\/museal.com\/fr\/#website"},"primaryImageOfPage":{"@id":"https:\/\/museal.com\/fr\/produit\/coffret-artistique-de-spiritueux-gin-gin-signe-par-florence-hoffmann\/#primaryimage"},"image":{"@id":"https:\/\/museal.com\/fr\/produit\/coffret-artistique-de-spiritueux-gin-gin-signe-par-florence-hoffmann\/#primaryimage"},"thumbnailUrl":"https:\/\/museal.com\/wp-content\/uploads\/2022\/01\/gingin.png","datePublished":"2022-01-19T14:15:56+00:00","dateModified":"2025-07-25T08:02:52+00:00","description":"Ce coffret contient un livret d'artiste num\u00e9rot\u00e9 et\u00a0 sign\u00e9 par Florence Hoffmann, ainsi que 3 flacons de 10 cl de gins de 3 saveurs diff\u00e9rentes.","breadcrumb":{"@id":"https:\/\/museal.com\/fr\/produit\/coffret-artistique-de-spiritueux-gin-gin-signe-par-florence-hoffmann\/#breadcrumb"},"inLanguage":"fr-FR","potentialAction":[{"@type":"ReadAction","target":["https:\/\/museal.com\/fr\/produit\/coffret-artistique-de-spiritueux-gin-gin-signe-par-florence-hoffmann\/"]}]},{"@type":"ImageObject","inLanguage":"fr-FR","@id":"https:\/\/museal.com\/fr\/produit\/coffret-artistique-de-spiritueux-gin-gin-signe-par-florence-hoffmann\/#primaryimage","url":"https:\/\/museal.com\/wp-content\/uploads\/2022\/01\/gingin.png","contentUrl":"https:\/\/museal.com\/wp-content\/uploads\/2022\/01\/gingin.png","width":1500,"height":2000},{"@type":"BreadcrumbList","@id":"https:\/\/museal.com\/fr\/produit\/coffret-artistique-de-spiritueux-gin-gin-signe-par-florence-hoffmann\/#breadcrumb","itemListElement":[{"@type":"ListItem","position":1,"name":"Accueil","item":"https:\/\/museal.com\/fr\/"},{"@type":"ListItem","position":2,"name":"Boutique","item":"https:\/\/museal.com\/fr\/boutique\/"},{"@type":"ListItem","position":3,"name":"Coffret artistique de spiritueux &#8220;Gin Gin&#8221; Sign\u00e9 par Florence Hoffmann"}]},{"@type":"WebSite","@id":"https:\/\/museal.com\/fr\/#website","url":"https:\/\/museal.com\/fr\/","name":"Museal Editions","description":"Objets d&#039;art et de d\u00e9coration inspir\u00e9s du Patrimoine luxembourgeois","publisher":{"@id":"https:\/\/museal.com\/fr\/#organization"},"potentialAction":[{"@type":"SearchAction","target":{"@type":"EntryPoint","urlTemplate":"https:\/\/museal.com\/fr\/?s={search_term_string}"},"query-input":{"@type":"PropertyValueSpecification","valueRequired":true,"valueName":"search_term_string"}}],"inLanguage":"fr-FR"},{"@type":"Organization","@id":"https:\/\/museal.com\/fr\/#organization","name":"Museal Editions","url":"https:\/\/museal.com\/fr\/","logo":{"@type":"ImageObject","inLanguage":"fr-FR","@id":"https:\/\/museal.com\/fr\/#\/schema\/logo\/image\/","url":"https:\/\/museal.com\/wp-content\/uploads\/2021\/05\/logo-e1621950424453.jpg","contentUrl":"https:\/\/museal.com\/wp-content\/uploads\/2021\/05\/logo-e1621950424453.jpg","width":732,"height":574,"caption":"Museal Editions"},"image":{"@id":"https:\/\/museal.com\/fr\/#\/schema\/logo\/image\/"}}]}},"_links":{"self":[{"href":"https:\/\/museal.com\/fr\/wp-json\/wp\/v2\/product\/12154","targetHints":{"allow":["GET"]}}],"collection":[{"href":"https:\/\/museal.com\/fr\/wp-json\/wp\/v2\/product"}],"about":[{"href":"https:\/\/museal.com\/fr\/wp-json\/wp\/v2\/types\/product"}],"wp:featuredmedia":[{"embeddable":true,"href":"https:\/\/museal.com\/fr\/wp-json\/wp\/v2\/media\/13691"}],"wp:attachment":[{"href":"https:\/\/museal.com\/fr\/wp-json\/wp\/v2\/media?parent=12154"}],"wp:term":[{"taxonomy":"product_brand","embeddable":true,"href":"https:\/\/museal.com\/fr\/wp-json\/wp\/v2\/product_brand?post=12154"},{"taxonomy":"product_cat","embeddable":true,"href":"https:\/\/museal.com\/fr\/wp-json\/wp\/v2\/product_cat?post=12154"},{"taxonomy":"product_tag","embeddable":true,"href":"https:\/\/museal.com\/fr\/wp-json\/wp\/v2\/product_tag?post=12154"}],"curies":[{"name":"wp","href":"https:\/\/api.w.org\/{rel}","templated":true}]}}