{"id":12187,"date":"2022-01-19T16:27:00","date_gmt":"2022-01-19T15:27:00","guid":{"rendered":"https:\/\/shop.museal.com\/?post_type=product&#038;p=12187"},"modified":"2025-06-26T12:20:24","modified_gmt":"2025-06-26T10:20:24","slug":"coffret-artistique-de-spiritueux-signe-par-moritz-ney","status":"publish","type":"product","link":"https:\/\/museal.com\/fr\/produit\/coffret-artistique-de-spiritueux-signe-par-moritz-ney\/","title":{"rendered":"Coffret artistique de spiritueux, sign\u00e9 par Moritz NEY"},"content":{"rendered":"<div>Moritz NEY aime la nature et ses fruits. Sous ses pinceaux, les natures mortes prennent vie, s&#8217;animent et dansent. Son talent s&#8217;imposait d\u00e8s lors pour illustrer ce coffret hommage au Patrimoine du Grand-duch\u00e9 dans ses aspects gastronomiques, litt\u00e9raires et artistiques. Coffret de spiritueux compos\u00e9 de 5 grandes Eaux-de-vie de la Maison Zenner. Etiquettes cr\u00e9\u00e9es par Moritz Ney. Ce coffret est compl\u00e9t\u00e9 d&#8217;un livret de 32 pages \u00e9galement\u00a0 illustr\u00e9es par Moritz Ney. R\u00e9gis Joubert, chef p\u00e2tissier du cercle Munster, y d\u00e9voile une de ses cinq recettes exclusives \u00e0 base d&#8217;eau-de-vie.<\/div>\n<div><\/div>\n","protected":false},"excerpt":{"rendered":"<p>Contenance des flacons: 4cl d&#8217;eaux-de-vie de quetsche, de poire, de marc de raisins, de mirabelle et de framboise. S\u00e9rie limit\u00e9e \u00e0 3000 exemplaires, num\u00e9rot\u00e9e et sign\u00e9e par l&#8217;artiste.<\/p>\n","protected":false},"featured_media":13587,"template":"","meta":[],"product_brand":[],"product_cat":[140],"product_tag":[],"class_list":{"0":"post-12187","1":"product","2":"type-product","3":"status-publish","4":"has-post-thumbnail","6":"product_cat-art-et-vin-art-de-la-table","8":"first","9":"instock","10":"taxable","11":"shipping-taxable","12":"purchasable","13":"product-type-simple"},"yoast_head":"<!-- This site is optimized with the Yoast SEO plugin v27.3 - https:\/\/yoast.com\/product\/yoast-seo-wordpress\/ -->\n<title>Coffret artistique de spiritueux, sign\u00e9 par Moritz NEY - Museal Editions<\/title>\n<meta name=\"description\" content=\"Ce coffret est compl\u00e9t\u00e9 d&#039;un livret de 32 pages \u00e9galement\u00a0 illustr\u00e9es par Moritz Ney. eaux-de-vie de quetsche, de poire, de marc de raisins, de mirabelle et de framboise.\" \/>\n<meta name=\"robots\" content=\"index, follow, max-snippet:-1, max-image-preview:large, max-video-preview:-1\" \/>\n<link rel=\"canonical\" href=\"https:\/\/museal.com\/fr\/produit\/coffret-artistique-de-spiritueux-signe-par-moritz-ney\/\" \/>\n<meta property=\"og:locale\" content=\"fr_FR\" \/>\n<meta property=\"og:type\" content=\"article\" \/>\n<meta property=\"og:title\" content=\"Coffret artistique de spiritueux, sign\u00e9 par Moritz NEY - Museal Editions\" \/>\n<meta property=\"og:description\" content=\"Ce coffret est compl\u00e9t\u00e9 d&#039;un livret de 32 pages \u00e9galement\u00a0 illustr\u00e9es par Moritz Ney. eaux-de-vie de quetsche, de poire, de marc de raisins, de mirabelle et de framboise.\" \/>\n<meta property=\"og:url\" content=\"https:\/\/museal.com\/fr\/produit\/coffret-artistique-de-spiritueux-signe-par-moritz-ney\/\" \/>\n<meta property=\"og:site_name\" content=\"Museal Editions\" \/>\n<meta property=\"article:modified_time\" content=\"2025-06-26T10:20:24+00:00\" \/>\n<meta property=\"og:image\" content=\"https:\/\/museal.com\/wp-content\/uploads\/2022\/01\/coffret-NEY-detoure-2.jpg\" \/>\n\t<meta property=\"og:image:width\" content=\"1500\" \/>\n\t<meta property=\"og:image:height\" content=\"2000\" \/>\n\t<meta property=\"og:image:type\" content=\"image\/jpeg\" \/>\n<meta name=\"twitter:card\" content=\"summary_large_image\" \/>\n<script type=\"application\/ld+json\" class=\"yoast-schema-graph\">{\"@context\":\"https:\\\/\\\/schema.org\",\"@graph\":[{\"@type\":\"WebPage\",\"@id\":\"https:\\\/\\\/museal.com\\\/fr\\\/produit\\\/coffret-artistique-de-spiritueux-signe-par-moritz-ney\\\/\",\"url\":\"https:\\\/\\\/museal.com\\\/fr\\\/produit\\\/coffret-artistique-de-spiritueux-signe-par-moritz-ney\\\/\",\"name\":\"Coffret artistique de spiritueux, sign\u00e9 par Moritz NEY - Museal Editions\",\"isPartOf\":{\"@id\":\"https:\\\/\\\/museal.com\\\/fr\\\/#website\"},\"primaryImageOfPage\":{\"@id\":\"https:\\\/\\\/museal.com\\\/fr\\\/produit\\\/coffret-artistique-de-spiritueux-signe-par-moritz-ney\\\/#primaryimage\"},\"image\":{\"@id\":\"https:\\\/\\\/museal.com\\\/fr\\\/produit\\\/coffret-artistique-de-spiritueux-signe-par-moritz-ney\\\/#primaryimage\"},\"thumbnailUrl\":\"https:\\\/\\\/museal.com\\\/wp-content\\\/uploads\\\/2022\\\/01\\\/coffret-NEY-detoure-2.jpg\",\"datePublished\":\"2022-01-19T15:27:00+00:00\",\"dateModified\":\"2025-06-26T10:20:24+00:00\",\"description\":\"Ce coffret est compl\u00e9t\u00e9 d'un livret de 32 pages \u00e9galement\u00a0 illustr\u00e9es par Moritz Ney. eaux-de-vie de quetsche, de poire, de marc de raisins, de mirabelle et de framboise.\",\"breadcrumb\":{\"@id\":\"https:\\\/\\\/museal.com\\\/fr\\\/produit\\\/coffret-artistique-de-spiritueux-signe-par-moritz-ney\\\/#breadcrumb\"},\"inLanguage\":\"fr-FR\",\"potentialAction\":[{\"@type\":\"ReadAction\",\"target\":[\"https:\\\/\\\/museal.com\\\/fr\\\/produit\\\/coffret-artistique-de-spiritueux-signe-par-moritz-ney\\\/\"]}]},{\"@type\":\"ImageObject\",\"inLanguage\":\"fr-FR\",\"@id\":\"https:\\\/\\\/museal.com\\\/fr\\\/produit\\\/coffret-artistique-de-spiritueux-signe-par-moritz-ney\\\/#primaryimage\",\"url\":\"https:\\\/\\\/museal.com\\\/wp-content\\\/uploads\\\/2022\\\/01\\\/coffret-NEY-detoure-2.jpg\",\"contentUrl\":\"https:\\\/\\\/museal.com\\\/wp-content\\\/uploads\\\/2022\\\/01\\\/coffret-NEY-detoure-2.jpg\",\"width\":1500,\"height\":2000},{\"@type\":\"BreadcrumbList\",\"@id\":\"https:\\\/\\\/museal.com\\\/fr\\\/produit\\\/coffret-artistique-de-spiritueux-signe-par-moritz-ney\\\/#breadcrumb\",\"itemListElement\":[{\"@type\":\"ListItem\",\"position\":1,\"name\":\"Accueil\",\"item\":\"https:\\\/\\\/museal.com\\\/fr\\\/\"},{\"@type\":\"ListItem\",\"position\":2,\"name\":\"Boutique\",\"item\":\"https:\\\/\\\/museal.com\\\/fr\\\/boutique\\\/\"},{\"@type\":\"ListItem\",\"position\":3,\"name\":\"Coffret artistique de spiritueux, sign\u00e9 par Moritz NEY\"}]},{\"@type\":\"WebSite\",\"@id\":\"https:\\\/\\\/museal.com\\\/fr\\\/#website\",\"url\":\"https:\\\/\\\/museal.com\\\/fr\\\/\",\"name\":\"Museal Editions\",\"description\":\"Objets d&#039;art et de d\u00e9coration inspir\u00e9s du Patrimoine luxembourgeois\",\"publisher\":{\"@id\":\"https:\\\/\\\/museal.com\\\/fr\\\/#organization\"},\"potentialAction\":[{\"@type\":\"SearchAction\",\"target\":{\"@type\":\"EntryPoint\",\"urlTemplate\":\"https:\\\/\\\/museal.com\\\/fr\\\/?s={search_term_string}\"},\"query-input\":{\"@type\":\"PropertyValueSpecification\",\"valueRequired\":true,\"valueName\":\"search_term_string\"}}],\"inLanguage\":\"fr-FR\"},{\"@type\":\"Organization\",\"@id\":\"https:\\\/\\\/museal.com\\\/fr\\\/#organization\",\"name\":\"Museal Editions\",\"url\":\"https:\\\/\\\/museal.com\\\/fr\\\/\",\"logo\":{\"@type\":\"ImageObject\",\"inLanguage\":\"fr-FR\",\"@id\":\"https:\\\/\\\/museal.com\\\/fr\\\/#\\\/schema\\\/logo\\\/image\\\/\",\"url\":\"https:\\\/\\\/museal.com\\\/wp-content\\\/uploads\\\/2021\\\/05\\\/logo-e1621950424453.jpg\",\"contentUrl\":\"https:\\\/\\\/museal.com\\\/wp-content\\\/uploads\\\/2021\\\/05\\\/logo-e1621950424453.jpg\",\"width\":732,\"height\":574,\"caption\":\"Museal Editions\"},\"image\":{\"@id\":\"https:\\\/\\\/museal.com\\\/fr\\\/#\\\/schema\\\/logo\\\/image\\\/\"}}]}<\/script>\n<!-- \/ Yoast SEO plugin. -->","yoast_head_json":{"title":"Coffret artistique de spiritueux, sign\u00e9 par Moritz NEY - Museal Editions","description":"Ce coffret est compl\u00e9t\u00e9 d'un livret de 32 pages \u00e9galement\u00a0 illustr\u00e9es par Moritz Ney. eaux-de-vie de quetsche, de poire, de marc de raisins, de mirabelle et de framboise.","robots":{"index":"index","follow":"follow","max-snippet":"max-snippet:-1","max-image-preview":"max-image-preview:large","max-video-preview":"max-video-preview:-1"},"canonical":"https:\/\/museal.com\/fr\/produit\/coffret-artistique-de-spiritueux-signe-par-moritz-ney\/","og_locale":"fr_FR","og_type":"article","og_title":"Coffret artistique de spiritueux, sign\u00e9 par Moritz NEY - Museal Editions","og_description":"Ce coffret est compl\u00e9t\u00e9 d'un livret de 32 pages \u00e9galement\u00a0 illustr\u00e9es par Moritz Ney. eaux-de-vie de quetsche, de poire, de marc de raisins, de mirabelle et de framboise.","og_url":"https:\/\/museal.com\/fr\/produit\/coffret-artistique-de-spiritueux-signe-par-moritz-ney\/","og_site_name":"Museal Editions","article_modified_time":"2025-06-26T10:20:24+00:00","og_image":[{"width":1500,"height":2000,"url":"https:\/\/museal.com\/wp-content\/uploads\/2022\/01\/coffret-NEY-detoure-2.jpg","type":"image\/jpeg"}],"twitter_card":"summary_large_image","schema":{"@context":"https:\/\/schema.org","@graph":[{"@type":"WebPage","@id":"https:\/\/museal.com\/fr\/produit\/coffret-artistique-de-spiritueux-signe-par-moritz-ney\/","url":"https:\/\/museal.com\/fr\/produit\/coffret-artistique-de-spiritueux-signe-par-moritz-ney\/","name":"Coffret artistique de spiritueux, sign\u00e9 par Moritz NEY - Museal Editions","isPartOf":{"@id":"https:\/\/museal.com\/fr\/#website"},"primaryImageOfPage":{"@id":"https:\/\/museal.com\/fr\/produit\/coffret-artistique-de-spiritueux-signe-par-moritz-ney\/#primaryimage"},"image":{"@id":"https:\/\/museal.com\/fr\/produit\/coffret-artistique-de-spiritueux-signe-par-moritz-ney\/#primaryimage"},"thumbnailUrl":"https:\/\/museal.com\/wp-content\/uploads\/2022\/01\/coffret-NEY-detoure-2.jpg","datePublished":"2022-01-19T15:27:00+00:00","dateModified":"2025-06-26T10:20:24+00:00","description":"Ce coffret est compl\u00e9t\u00e9 d'un livret de 32 pages \u00e9galement\u00a0 illustr\u00e9es par Moritz Ney. eaux-de-vie de quetsche, de poire, de marc de raisins, de mirabelle et de framboise.","breadcrumb":{"@id":"https:\/\/museal.com\/fr\/produit\/coffret-artistique-de-spiritueux-signe-par-moritz-ney\/#breadcrumb"},"inLanguage":"fr-FR","potentialAction":[{"@type":"ReadAction","target":["https:\/\/museal.com\/fr\/produit\/coffret-artistique-de-spiritueux-signe-par-moritz-ney\/"]}]},{"@type":"ImageObject","inLanguage":"fr-FR","@id":"https:\/\/museal.com\/fr\/produit\/coffret-artistique-de-spiritueux-signe-par-moritz-ney\/#primaryimage","url":"https:\/\/museal.com\/wp-content\/uploads\/2022\/01\/coffret-NEY-detoure-2.jpg","contentUrl":"https:\/\/museal.com\/wp-content\/uploads\/2022\/01\/coffret-NEY-detoure-2.jpg","width":1500,"height":2000},{"@type":"BreadcrumbList","@id":"https:\/\/museal.com\/fr\/produit\/coffret-artistique-de-spiritueux-signe-par-moritz-ney\/#breadcrumb","itemListElement":[{"@type":"ListItem","position":1,"name":"Accueil","item":"https:\/\/museal.com\/fr\/"},{"@type":"ListItem","position":2,"name":"Boutique","item":"https:\/\/museal.com\/fr\/boutique\/"},{"@type":"ListItem","position":3,"name":"Coffret artistique de spiritueux, sign\u00e9 par Moritz NEY"}]},{"@type":"WebSite","@id":"https:\/\/museal.com\/fr\/#website","url":"https:\/\/museal.com\/fr\/","name":"Museal Editions","description":"Objets d&#039;art et de d\u00e9coration inspir\u00e9s du Patrimoine luxembourgeois","publisher":{"@id":"https:\/\/museal.com\/fr\/#organization"},"potentialAction":[{"@type":"SearchAction","target":{"@type":"EntryPoint","urlTemplate":"https:\/\/museal.com\/fr\/?s={search_term_string}"},"query-input":{"@type":"PropertyValueSpecification","valueRequired":true,"valueName":"search_term_string"}}],"inLanguage":"fr-FR"},{"@type":"Organization","@id":"https:\/\/museal.com\/fr\/#organization","name":"Museal Editions","url":"https:\/\/museal.com\/fr\/","logo":{"@type":"ImageObject","inLanguage":"fr-FR","@id":"https:\/\/museal.com\/fr\/#\/schema\/logo\/image\/","url":"https:\/\/museal.com\/wp-content\/uploads\/2021\/05\/logo-e1621950424453.jpg","contentUrl":"https:\/\/museal.com\/wp-content\/uploads\/2021\/05\/logo-e1621950424453.jpg","width":732,"height":574,"caption":"Museal Editions"},"image":{"@id":"https:\/\/museal.com\/fr\/#\/schema\/logo\/image\/"}}]}},"_links":{"self":[{"href":"https:\/\/museal.com\/fr\/wp-json\/wp\/v2\/product\/12187","targetHints":{"allow":["GET"]}}],"collection":[{"href":"https:\/\/museal.com\/fr\/wp-json\/wp\/v2\/product"}],"about":[{"href":"https:\/\/museal.com\/fr\/wp-json\/wp\/v2\/types\/product"}],"wp:featuredmedia":[{"embeddable":true,"href":"https:\/\/museal.com\/fr\/wp-json\/wp\/v2\/media\/13587"}],"wp:attachment":[{"href":"https:\/\/museal.com\/fr\/wp-json\/wp\/v2\/media?parent=12187"}],"wp:term":[{"taxonomy":"product_brand","embeddable":true,"href":"https:\/\/museal.com\/fr\/wp-json\/wp\/v2\/product_brand?post=12187"},{"taxonomy":"product_cat","embeddable":true,"href":"https:\/\/museal.com\/fr\/wp-json\/wp\/v2\/product_cat?post=12187"},{"taxonomy":"product_tag","embeddable":true,"href":"https:\/\/museal.com\/fr\/wp-json\/wp\/v2\/product_tag?post=12187"}],"curies":[{"name":"wp","href":"https:\/\/api.w.org\/{rel}","templated":true}]}}