{"id":12207,"date":"2022-01-19T16:45:51","date_gmt":"2022-01-19T15:45:51","guid":{"rendered":"https:\/\/shop.museal.com\/?post_type=product&#038;p=12207"},"modified":"2025-06-26T12:20:47","modified_gmt":"2025-06-26T10:20:47","slug":"coffret-artistique-oenologique-chateau-les-crostes-produit-par-ll-aa-rr-le-prince-felix-et-la-princesse-claire-de-luxembourg-signe-par-bertrand-ney","status":"publish","type":"product","link":"https:\/\/museal.com\/fr\/produit\/coffret-artistique-oenologique-chateau-les-crostes-produit-par-ll-aa-rr-le-prince-felix-et-la-princesse-claire-de-luxembourg-signe-par-bertrand-ney\/","title":{"rendered":"Coffret artistique \u0153nologique &#8220;Ch\u00e2teau les Crostes&#8221;, sign\u00e9 par Bertrand Ney"},"content":{"rendered":"<div>\n<p>Cette 5\u00e8me \u00e9dition de coffret, compos\u00e9 d&#8217; un livret d&#8217;artiste sign\u00e9 par Bertrand Ney, 3 flacons de vins venant du &#8220;Ch\u00e2teau Les Crostes&#8221;, produit par LL.AA.RR. le Prince F\u00e9lix et la Princesse Claire de Luxembourg. Le chef\u00a0\u00a0de &#8220;La Distillerie&#8221;, Ren\u00e9 Mathieu, chef de l&#8217;ann\u00e9e 2021, quant \u00e0 lui d\u00e9voile l&#8217;une de ses recettes exclusives. La po\u00e8te Nathalie Ronvaux a collabor\u00e9 avec Bertrand Ney, pour la conception des \u00e9tiquettes de chaque flacons. N\u00e9 en 1955, Bertrand Ney a trouv\u00e9 sa place parmi les grands artistes plasticiens du Luxembourg. Le livret a \u00e9t\u00e9 r\u00e9dig\u00e9 avec l&#8217;aimable participation des Ministres Xavier Bettel et Guy Arendt, de la\u00a0critique d&#8217;art Marie-Anne Lorg\u00e9, de Bibi Wintersdorf du magazine Kachen,\u00a0et du pr\u00e9sentateur et \u00e9crivain\u00a0 St\u00e9phane Bern.<\/p>\n<\/div>\n<div>\n<div><\/div>\n<\/div>\n","protected":false},"excerpt":{"rendered":"<div>S\u00e9rie limit\u00e9e et num\u00e9rot\u00e9e\u00a0 \u00e0 3000 exemplaires, sign\u00e9s par Bertrand Ney. Taille 235 x 175 x 45 mm, poids 1,1 kg<\/div>\n","protected":false},"featured_media":13593,"template":"","meta":[],"product_brand":[],"product_cat":[140,88],"product_tag":[],"class_list":{"0":"post-12207","1":"product","2":"type-product","3":"status-publish","4":"has-post-thumbnail","6":"product_cat-art-et-vin-art-de-la-table","7":"product_cat-createurs-luxembourgeois","9":"first","10":"instock","11":"taxable","12":"shipping-taxable","13":"purchasable","14":"product-type-simple"},"yoast_head":"<!-- This site is optimized with the Yoast SEO plugin v27.3 - https:\/\/yoast.com\/product\/yoast-seo-wordpress\/ -->\n<title>Coffret artistique \u0153nologique &quot;Ch\u00e2teau les Crostes&quot;, sign\u00e9 par Bertrand Ney - Museal Editions<\/title>\n<meta name=\"description\" content=\"5\u00e8me \u00e9dition de coffret, compos\u00e9 d&#039; un livret d&#039;artiste sign\u00e9 par Bertrand Ney, 3 flacons de vins venant du &quot;Ch\u00e2teau Les Crostes&quot;.\" \/>\n<meta name=\"robots\" content=\"index, follow, max-snippet:-1, max-image-preview:large, max-video-preview:-1\" \/>\n<link rel=\"canonical\" href=\"https:\/\/museal.com\/fr\/produit\/coffret-artistique-oenologique-chateau-les-crostes-produit-par-ll-aa-rr-le-prince-felix-et-la-princesse-claire-de-luxembourg-signe-par-bertrand-ney\/\" \/>\n<meta property=\"og:locale\" content=\"fr_FR\" \/>\n<meta property=\"og:type\" content=\"article\" \/>\n<meta property=\"og:title\" content=\"Coffret artistique \u0153nologique &quot;Ch\u00e2teau les Crostes&quot;, sign\u00e9 par Bertrand Ney - Museal Editions\" \/>\n<meta property=\"og:description\" content=\"5\u00e8me \u00e9dition de coffret, compos\u00e9 d&#039; un livret d&#039;artiste sign\u00e9 par Bertrand Ney, 3 flacons de vins venant du &quot;Ch\u00e2teau Les Crostes&quot;.\" \/>\n<meta property=\"og:url\" content=\"https:\/\/museal.com\/fr\/produit\/coffret-artistique-oenologique-chateau-les-crostes-produit-par-ll-aa-rr-le-prince-felix-et-la-princesse-claire-de-luxembourg-signe-par-bertrand-ney\/\" \/>\n<meta property=\"og:site_name\" content=\"Museal Editions\" \/>\n<meta property=\"article:modified_time\" content=\"2025-06-26T10:20:47+00:00\" \/>\n<meta property=\"og:image\" content=\"https:\/\/museal.com\/wp-content\/uploads\/2022\/01\/coffret-betrand-ney-detoure.jpg\" \/>\n\t<meta property=\"og:image:width\" content=\"1500\" \/>\n\t<meta property=\"og:image:height\" content=\"2000\" \/>\n\t<meta property=\"og:image:type\" content=\"image\/jpeg\" \/>\n<meta name=\"twitter:card\" content=\"summary_large_image\" \/>\n<script type=\"application\/ld+json\" class=\"yoast-schema-graph\">{\"@context\":\"https:\\\/\\\/schema.org\",\"@graph\":[{\"@type\":\"WebPage\",\"@id\":\"https:\\\/\\\/museal.com\\\/fr\\\/produit\\\/coffret-artistique-oenologique-chateau-les-crostes-produit-par-ll-aa-rr-le-prince-felix-et-la-princesse-claire-de-luxembourg-signe-par-bertrand-ney\\\/\",\"url\":\"https:\\\/\\\/museal.com\\\/fr\\\/produit\\\/coffret-artistique-oenologique-chateau-les-crostes-produit-par-ll-aa-rr-le-prince-felix-et-la-princesse-claire-de-luxembourg-signe-par-bertrand-ney\\\/\",\"name\":\"Coffret artistique \u0153nologique \\\"Ch\u00e2teau les Crostes\\\", sign\u00e9 par Bertrand Ney - Museal Editions\",\"isPartOf\":{\"@id\":\"https:\\\/\\\/museal.com\\\/fr\\\/#website\"},\"primaryImageOfPage\":{\"@id\":\"https:\\\/\\\/museal.com\\\/fr\\\/produit\\\/coffret-artistique-oenologique-chateau-les-crostes-produit-par-ll-aa-rr-le-prince-felix-et-la-princesse-claire-de-luxembourg-signe-par-bertrand-ney\\\/#primaryimage\"},\"image\":{\"@id\":\"https:\\\/\\\/museal.com\\\/fr\\\/produit\\\/coffret-artistique-oenologique-chateau-les-crostes-produit-par-ll-aa-rr-le-prince-felix-et-la-princesse-claire-de-luxembourg-signe-par-bertrand-ney\\\/#primaryimage\"},\"thumbnailUrl\":\"https:\\\/\\\/museal.com\\\/wp-content\\\/uploads\\\/2022\\\/01\\\/coffret-betrand-ney-detoure.jpg\",\"datePublished\":\"2022-01-19T15:45:51+00:00\",\"dateModified\":\"2025-06-26T10:20:47+00:00\",\"description\":\"5\u00e8me \u00e9dition de coffret, compos\u00e9 d' un livret d'artiste sign\u00e9 par Bertrand Ney, 3 flacons de vins venant du \\\"Ch\u00e2teau Les Crostes\\\".\",\"breadcrumb\":{\"@id\":\"https:\\\/\\\/museal.com\\\/fr\\\/produit\\\/coffret-artistique-oenologique-chateau-les-crostes-produit-par-ll-aa-rr-le-prince-felix-et-la-princesse-claire-de-luxembourg-signe-par-bertrand-ney\\\/#breadcrumb\"},\"inLanguage\":\"fr-FR\",\"potentialAction\":[{\"@type\":\"ReadAction\",\"target\":[\"https:\\\/\\\/museal.com\\\/fr\\\/produit\\\/coffret-artistique-oenologique-chateau-les-crostes-produit-par-ll-aa-rr-le-prince-felix-et-la-princesse-claire-de-luxembourg-signe-par-bertrand-ney\\\/\"]}]},{\"@type\":\"ImageObject\",\"inLanguage\":\"fr-FR\",\"@id\":\"https:\\\/\\\/museal.com\\\/fr\\\/produit\\\/coffret-artistique-oenologique-chateau-les-crostes-produit-par-ll-aa-rr-le-prince-felix-et-la-princesse-claire-de-luxembourg-signe-par-bertrand-ney\\\/#primaryimage\",\"url\":\"https:\\\/\\\/museal.com\\\/wp-content\\\/uploads\\\/2022\\\/01\\\/coffret-betrand-ney-detoure.jpg\",\"contentUrl\":\"https:\\\/\\\/museal.com\\\/wp-content\\\/uploads\\\/2022\\\/01\\\/coffret-betrand-ney-detoure.jpg\",\"width\":1500,\"height\":2000},{\"@type\":\"BreadcrumbList\",\"@id\":\"https:\\\/\\\/museal.com\\\/fr\\\/produit\\\/coffret-artistique-oenologique-chateau-les-crostes-produit-par-ll-aa-rr-le-prince-felix-et-la-princesse-claire-de-luxembourg-signe-par-bertrand-ney\\\/#breadcrumb\",\"itemListElement\":[{\"@type\":\"ListItem\",\"position\":1,\"name\":\"Accueil\",\"item\":\"https:\\\/\\\/museal.com\\\/fr\\\/\"},{\"@type\":\"ListItem\",\"position\":2,\"name\":\"Boutique\",\"item\":\"https:\\\/\\\/museal.com\\\/fr\\\/boutique\\\/\"},{\"@type\":\"ListItem\",\"position\":3,\"name\":\"Coffret artistique \u0153nologique &#8220;Ch\u00e2teau les Crostes&#8221;, sign\u00e9 par Bertrand Ney\"}]},{\"@type\":\"WebSite\",\"@id\":\"https:\\\/\\\/museal.com\\\/fr\\\/#website\",\"url\":\"https:\\\/\\\/museal.com\\\/fr\\\/\",\"name\":\"Museal Editions\",\"description\":\"Objets d&#039;art et de d\u00e9coration inspir\u00e9s du Patrimoine luxembourgeois\",\"publisher\":{\"@id\":\"https:\\\/\\\/museal.com\\\/fr\\\/#organization\"},\"potentialAction\":[{\"@type\":\"SearchAction\",\"target\":{\"@type\":\"EntryPoint\",\"urlTemplate\":\"https:\\\/\\\/museal.com\\\/fr\\\/?s={search_term_string}\"},\"query-input\":{\"@type\":\"PropertyValueSpecification\",\"valueRequired\":true,\"valueName\":\"search_term_string\"}}],\"inLanguage\":\"fr-FR\"},{\"@type\":\"Organization\",\"@id\":\"https:\\\/\\\/museal.com\\\/fr\\\/#organization\",\"name\":\"Museal Editions\",\"url\":\"https:\\\/\\\/museal.com\\\/fr\\\/\",\"logo\":{\"@type\":\"ImageObject\",\"inLanguage\":\"fr-FR\",\"@id\":\"https:\\\/\\\/museal.com\\\/fr\\\/#\\\/schema\\\/logo\\\/image\\\/\",\"url\":\"https:\\\/\\\/museal.com\\\/wp-content\\\/uploads\\\/2021\\\/05\\\/logo-e1621950424453.jpg\",\"contentUrl\":\"https:\\\/\\\/museal.com\\\/wp-content\\\/uploads\\\/2021\\\/05\\\/logo-e1621950424453.jpg\",\"width\":732,\"height\":574,\"caption\":\"Museal Editions\"},\"image\":{\"@id\":\"https:\\\/\\\/museal.com\\\/fr\\\/#\\\/schema\\\/logo\\\/image\\\/\"}}]}<\/script>\n<!-- \/ Yoast SEO plugin. -->","yoast_head_json":{"title":"Coffret artistique \u0153nologique \"Ch\u00e2teau les Crostes\", sign\u00e9 par Bertrand Ney - Museal Editions","description":"5\u00e8me \u00e9dition de coffret, compos\u00e9 d' un livret d'artiste sign\u00e9 par Bertrand Ney, 3 flacons de vins venant du \"Ch\u00e2teau Les Crostes\".","robots":{"index":"index","follow":"follow","max-snippet":"max-snippet:-1","max-image-preview":"max-image-preview:large","max-video-preview":"max-video-preview:-1"},"canonical":"https:\/\/museal.com\/fr\/produit\/coffret-artistique-oenologique-chateau-les-crostes-produit-par-ll-aa-rr-le-prince-felix-et-la-princesse-claire-de-luxembourg-signe-par-bertrand-ney\/","og_locale":"fr_FR","og_type":"article","og_title":"Coffret artistique \u0153nologique \"Ch\u00e2teau les Crostes\", sign\u00e9 par Bertrand Ney - Museal Editions","og_description":"5\u00e8me \u00e9dition de coffret, compos\u00e9 d' un livret d'artiste sign\u00e9 par Bertrand Ney, 3 flacons de vins venant du \"Ch\u00e2teau Les Crostes\".","og_url":"https:\/\/museal.com\/fr\/produit\/coffret-artistique-oenologique-chateau-les-crostes-produit-par-ll-aa-rr-le-prince-felix-et-la-princesse-claire-de-luxembourg-signe-par-bertrand-ney\/","og_site_name":"Museal Editions","article_modified_time":"2025-06-26T10:20:47+00:00","og_image":[{"width":1500,"height":2000,"url":"https:\/\/museal.com\/wp-content\/uploads\/2022\/01\/coffret-betrand-ney-detoure.jpg","type":"image\/jpeg"}],"twitter_card":"summary_large_image","schema":{"@context":"https:\/\/schema.org","@graph":[{"@type":"WebPage","@id":"https:\/\/museal.com\/fr\/produit\/coffret-artistique-oenologique-chateau-les-crostes-produit-par-ll-aa-rr-le-prince-felix-et-la-princesse-claire-de-luxembourg-signe-par-bertrand-ney\/","url":"https:\/\/museal.com\/fr\/produit\/coffret-artistique-oenologique-chateau-les-crostes-produit-par-ll-aa-rr-le-prince-felix-et-la-princesse-claire-de-luxembourg-signe-par-bertrand-ney\/","name":"Coffret artistique \u0153nologique \"Ch\u00e2teau les Crostes\", sign\u00e9 par Bertrand Ney - Museal Editions","isPartOf":{"@id":"https:\/\/museal.com\/fr\/#website"},"primaryImageOfPage":{"@id":"https:\/\/museal.com\/fr\/produit\/coffret-artistique-oenologique-chateau-les-crostes-produit-par-ll-aa-rr-le-prince-felix-et-la-princesse-claire-de-luxembourg-signe-par-bertrand-ney\/#primaryimage"},"image":{"@id":"https:\/\/museal.com\/fr\/produit\/coffret-artistique-oenologique-chateau-les-crostes-produit-par-ll-aa-rr-le-prince-felix-et-la-princesse-claire-de-luxembourg-signe-par-bertrand-ney\/#primaryimage"},"thumbnailUrl":"https:\/\/museal.com\/wp-content\/uploads\/2022\/01\/coffret-betrand-ney-detoure.jpg","datePublished":"2022-01-19T15:45:51+00:00","dateModified":"2025-06-26T10:20:47+00:00","description":"5\u00e8me \u00e9dition de coffret, compos\u00e9 d' un livret d'artiste sign\u00e9 par Bertrand Ney, 3 flacons de vins venant du \"Ch\u00e2teau Les Crostes\".","breadcrumb":{"@id":"https:\/\/museal.com\/fr\/produit\/coffret-artistique-oenologique-chateau-les-crostes-produit-par-ll-aa-rr-le-prince-felix-et-la-princesse-claire-de-luxembourg-signe-par-bertrand-ney\/#breadcrumb"},"inLanguage":"fr-FR","potentialAction":[{"@type":"ReadAction","target":["https:\/\/museal.com\/fr\/produit\/coffret-artistique-oenologique-chateau-les-crostes-produit-par-ll-aa-rr-le-prince-felix-et-la-princesse-claire-de-luxembourg-signe-par-bertrand-ney\/"]}]},{"@type":"ImageObject","inLanguage":"fr-FR","@id":"https:\/\/museal.com\/fr\/produit\/coffret-artistique-oenologique-chateau-les-crostes-produit-par-ll-aa-rr-le-prince-felix-et-la-princesse-claire-de-luxembourg-signe-par-bertrand-ney\/#primaryimage","url":"https:\/\/museal.com\/wp-content\/uploads\/2022\/01\/coffret-betrand-ney-detoure.jpg","contentUrl":"https:\/\/museal.com\/wp-content\/uploads\/2022\/01\/coffret-betrand-ney-detoure.jpg","width":1500,"height":2000},{"@type":"BreadcrumbList","@id":"https:\/\/museal.com\/fr\/produit\/coffret-artistique-oenologique-chateau-les-crostes-produit-par-ll-aa-rr-le-prince-felix-et-la-princesse-claire-de-luxembourg-signe-par-bertrand-ney\/#breadcrumb","itemListElement":[{"@type":"ListItem","position":1,"name":"Accueil","item":"https:\/\/museal.com\/fr\/"},{"@type":"ListItem","position":2,"name":"Boutique","item":"https:\/\/museal.com\/fr\/boutique\/"},{"@type":"ListItem","position":3,"name":"Coffret artistique \u0153nologique &#8220;Ch\u00e2teau les Crostes&#8221;, sign\u00e9 par Bertrand Ney"}]},{"@type":"WebSite","@id":"https:\/\/museal.com\/fr\/#website","url":"https:\/\/museal.com\/fr\/","name":"Museal Editions","description":"Objets d&#039;art et de d\u00e9coration inspir\u00e9s du Patrimoine luxembourgeois","publisher":{"@id":"https:\/\/museal.com\/fr\/#organization"},"potentialAction":[{"@type":"SearchAction","target":{"@type":"EntryPoint","urlTemplate":"https:\/\/museal.com\/fr\/?s={search_term_string}"},"query-input":{"@type":"PropertyValueSpecification","valueRequired":true,"valueName":"search_term_string"}}],"inLanguage":"fr-FR"},{"@type":"Organization","@id":"https:\/\/museal.com\/fr\/#organization","name":"Museal Editions","url":"https:\/\/museal.com\/fr\/","logo":{"@type":"ImageObject","inLanguage":"fr-FR","@id":"https:\/\/museal.com\/fr\/#\/schema\/logo\/image\/","url":"https:\/\/museal.com\/wp-content\/uploads\/2021\/05\/logo-e1621950424453.jpg","contentUrl":"https:\/\/museal.com\/wp-content\/uploads\/2021\/05\/logo-e1621950424453.jpg","width":732,"height":574,"caption":"Museal Editions"},"image":{"@id":"https:\/\/museal.com\/fr\/#\/schema\/logo\/image\/"}}]}},"_links":{"self":[{"href":"https:\/\/museal.com\/fr\/wp-json\/wp\/v2\/product\/12207","targetHints":{"allow":["GET"]}}],"collection":[{"href":"https:\/\/museal.com\/fr\/wp-json\/wp\/v2\/product"}],"about":[{"href":"https:\/\/museal.com\/fr\/wp-json\/wp\/v2\/types\/product"}],"wp:featuredmedia":[{"embeddable":true,"href":"https:\/\/museal.com\/fr\/wp-json\/wp\/v2\/media\/13593"}],"wp:attachment":[{"href":"https:\/\/museal.com\/fr\/wp-json\/wp\/v2\/media?parent=12207"}],"wp:term":[{"taxonomy":"product_brand","embeddable":true,"href":"https:\/\/museal.com\/fr\/wp-json\/wp\/v2\/product_brand?post=12207"},{"taxonomy":"product_cat","embeddable":true,"href":"https:\/\/museal.com\/fr\/wp-json\/wp\/v2\/product_cat?post=12207"},{"taxonomy":"product_tag","embeddable":true,"href":"https:\/\/museal.com\/fr\/wp-json\/wp\/v2\/product_tag?post=12207"}],"curies":[{"name":"wp","href":"https:\/\/api.w.org\/{rel}","templated":true}]}}