{"id":12212,"date":"2022-01-19T16:57:12","date_gmt":"2022-01-19T15:57:12","guid":{"rendered":"https:\/\/shop.museal.com\/?post_type=product&#038;p=12212"},"modified":"2024-01-01T23:08:46","modified_gmt":"2024-01-01T22:08:46","slug":"coffret-litho-moritz-ney-encadree","status":"publish","type":"product","link":"https:\/\/museal.com\/fr\/produit\/coffret-litho-moritz-ney-encadree\/","title":{"rendered":"Coffret + lithographie de Moritz Ney encadr\u00e9e"},"content":{"rendered":"<p>Ce coffret contient 5 grandes\u00a0d&#8217;eaux-de-vie de quetsche, de poire, de marc de raisins, de mirabelle et de framboise, \u00e9labor\u00e9es avec soin par l&#8217;une des maisons les plus r\u00e9put\u00e9es du Grand-duch\u00e9, la distillerie Zenner.<\/p>\n<p>Il comprend \u00e9galement une contribution gastronomique de R\u00e9gis Joubert, chef p\u00e2tissier bien connu du Cercle Munster \u00e0 Luxembourg, qui d\u00e9voile une de ses cinq recettes exclusives \u00e0 base d&#8217;eau-de-vie.<\/p>\n<p>Chaque livret est num\u00e9rot\u00e9 sur 3000 exemplaires et sign\u00e9 de la main de Moritz Ney.\u00a0Le coffret num\u00e9rot\u00e9\u00a0est accompagn\u00e9 d&#8217;une lithographie originale encadr\u00e9e.<\/p>\n<p>Moritz NEY aime la nature et ses fruits. Sous ses pinceaux, les natures mortes prennent vie, s&#8217;animent et dansent. Son talent s&#8217;imposait d\u00e8s lors pour illustrer ce coffret hommage au Patrimoine du Grand-duch\u00e9 dans ses aspects gastronomiques, litt\u00e9raires et artistiques.<\/p>\n<p>&nbsp;<\/p>\n","protected":false},"excerpt":{"rendered":"<p>Taille : 22 x 26cm, sign\u00e9e par Moritz NEY. Hauteur du coffret : 5,5cm, Profondeur : 20cm, largeur : 19cm. Poids : 1,7 kg.<\/p>\n","protected":false},"featured_media":13796,"template":"","meta":[],"product_brand":[],"product_cat":[140],"product_tag":[],"class_list":{"0":"post-12212","1":"product","2":"type-product","3":"status-publish","4":"has-post-thumbnail","6":"product_cat-art-et-vin-art-de-la-table","8":"first","9":"instock","10":"taxable","11":"shipping-taxable","12":"purchasable","13":"product-type-simple"},"yoast_head":"<!-- This site is optimized with the Yoast SEO plugin v27.3 - https:\/\/yoast.com\/product\/yoast-seo-wordpress\/ -->\n<title>Coffret + lithographie de Moritz Ney encadr\u00e9e - Museal Editions<\/title>\n<meta name=\"description\" content=\"Ce coffret contient 5\u00a0d&#039;eaux-de-vie de quetsche, poire, marc de raisins, mirabelle et de framboise. Il est accompagn\u00e9 d&#039;une lithographie originale encadr\u00e9e.\" \/>\n<meta name=\"robots\" content=\"index, follow, max-snippet:-1, max-image-preview:large, max-video-preview:-1\" \/>\n<link rel=\"canonical\" href=\"https:\/\/museal.com\/fr\/produit\/coffret-litho-moritz-ney-encadree\/\" \/>\n<meta property=\"og:locale\" content=\"fr_FR\" \/>\n<meta property=\"og:type\" content=\"article\" \/>\n<meta property=\"og:title\" content=\"Coffret + lithographie de Moritz Ney encadr\u00e9e - Museal Editions\" \/>\n<meta property=\"og:description\" content=\"Ce coffret contient 5\u00a0d&#039;eaux-de-vie de quetsche, poire, marc de raisins, mirabelle et de framboise. Il est accompagn\u00e9 d&#039;une lithographie originale encadr\u00e9e.\" \/>\n<meta property=\"og:url\" content=\"https:\/\/museal.com\/fr\/produit\/coffret-litho-moritz-ney-encadree\/\" \/>\n<meta property=\"og:site_name\" content=\"Museal Editions\" \/>\n<meta property=\"article:modified_time\" content=\"2024-01-01T22:08:46+00:00\" \/>\n<meta property=\"og:image\" content=\"https:\/\/museal.com\/wp-content\/uploads\/2022\/01\/moritz-ney-litho-et-coffret-768x1024.png\" \/>\n\t<meta property=\"og:image:width\" content=\"768\" \/>\n\t<meta property=\"og:image:height\" content=\"1024\" \/>\n\t<meta property=\"og:image:type\" content=\"image\/png\" \/>\n<meta name=\"twitter:card\" content=\"summary_large_image\" \/>\n<script type=\"application\/ld+json\" class=\"yoast-schema-graph\">{\"@context\":\"https:\\\/\\\/schema.org\",\"@graph\":[{\"@type\":\"WebPage\",\"@id\":\"https:\\\/\\\/museal.com\\\/fr\\\/produit\\\/coffret-litho-moritz-ney-encadree\\\/\",\"url\":\"https:\\\/\\\/museal.com\\\/fr\\\/produit\\\/coffret-litho-moritz-ney-encadree\\\/\",\"name\":\"Coffret + lithographie de Moritz Ney encadr\u00e9e - Museal Editions\",\"isPartOf\":{\"@id\":\"https:\\\/\\\/museal.com\\\/fr\\\/#website\"},\"primaryImageOfPage\":{\"@id\":\"https:\\\/\\\/museal.com\\\/fr\\\/produit\\\/coffret-litho-moritz-ney-encadree\\\/#primaryimage\"},\"image\":{\"@id\":\"https:\\\/\\\/museal.com\\\/fr\\\/produit\\\/coffret-litho-moritz-ney-encadree\\\/#primaryimage\"},\"thumbnailUrl\":\"https:\\\/\\\/museal.com\\\/wp-content\\\/uploads\\\/2022\\\/01\\\/moritz-ney-litho-et-coffret.png\",\"datePublished\":\"2022-01-19T15:57:12+00:00\",\"dateModified\":\"2024-01-01T22:08:46+00:00\",\"description\":\"Ce coffret contient 5\u00a0d'eaux-de-vie de quetsche, poire, marc de raisins, mirabelle et de framboise. Il est accompagn\u00e9 d'une lithographie originale encadr\u00e9e.\",\"breadcrumb\":{\"@id\":\"https:\\\/\\\/museal.com\\\/fr\\\/produit\\\/coffret-litho-moritz-ney-encadree\\\/#breadcrumb\"},\"inLanguage\":\"fr-FR\",\"potentialAction\":[{\"@type\":\"ReadAction\",\"target\":[\"https:\\\/\\\/museal.com\\\/fr\\\/produit\\\/coffret-litho-moritz-ney-encadree\\\/\"]}]},{\"@type\":\"ImageObject\",\"inLanguage\":\"fr-FR\",\"@id\":\"https:\\\/\\\/museal.com\\\/fr\\\/produit\\\/coffret-litho-moritz-ney-encadree\\\/#primaryimage\",\"url\":\"https:\\\/\\\/museal.com\\\/wp-content\\\/uploads\\\/2022\\\/01\\\/moritz-ney-litho-et-coffret.png\",\"contentUrl\":\"https:\\\/\\\/museal.com\\\/wp-content\\\/uploads\\\/2022\\\/01\\\/moritz-ney-litho-et-coffret.png\",\"width\":1500,\"height\":2000},{\"@type\":\"BreadcrumbList\",\"@id\":\"https:\\\/\\\/museal.com\\\/fr\\\/produit\\\/coffret-litho-moritz-ney-encadree\\\/#breadcrumb\",\"itemListElement\":[{\"@type\":\"ListItem\",\"position\":1,\"name\":\"Accueil\",\"item\":\"https:\\\/\\\/museal.com\\\/fr\\\/\"},{\"@type\":\"ListItem\",\"position\":2,\"name\":\"Boutique\",\"item\":\"https:\\\/\\\/museal.com\\\/fr\\\/boutique\\\/\"},{\"@type\":\"ListItem\",\"position\":3,\"name\":\"Coffret + lithographie de Moritz Ney encadr\u00e9e\"}]},{\"@type\":\"WebSite\",\"@id\":\"https:\\\/\\\/museal.com\\\/fr\\\/#website\",\"url\":\"https:\\\/\\\/museal.com\\\/fr\\\/\",\"name\":\"Museal Editions\",\"description\":\"Objets d&#039;art et de d\u00e9coration inspir\u00e9s du Patrimoine luxembourgeois\",\"publisher\":{\"@id\":\"https:\\\/\\\/museal.com\\\/fr\\\/#organization\"},\"potentialAction\":[{\"@type\":\"SearchAction\",\"target\":{\"@type\":\"EntryPoint\",\"urlTemplate\":\"https:\\\/\\\/museal.com\\\/fr\\\/?s={search_term_string}\"},\"query-input\":{\"@type\":\"PropertyValueSpecification\",\"valueRequired\":true,\"valueName\":\"search_term_string\"}}],\"inLanguage\":\"fr-FR\"},{\"@type\":\"Organization\",\"@id\":\"https:\\\/\\\/museal.com\\\/fr\\\/#organization\",\"name\":\"Museal Editions\",\"url\":\"https:\\\/\\\/museal.com\\\/fr\\\/\",\"logo\":{\"@type\":\"ImageObject\",\"inLanguage\":\"fr-FR\",\"@id\":\"https:\\\/\\\/museal.com\\\/fr\\\/#\\\/schema\\\/logo\\\/image\\\/\",\"url\":\"https:\\\/\\\/museal.com\\\/wp-content\\\/uploads\\\/2021\\\/05\\\/logo-e1621950424453.jpg\",\"contentUrl\":\"https:\\\/\\\/museal.com\\\/wp-content\\\/uploads\\\/2021\\\/05\\\/logo-e1621950424453.jpg\",\"width\":732,\"height\":574,\"caption\":\"Museal Editions\"},\"image\":{\"@id\":\"https:\\\/\\\/museal.com\\\/fr\\\/#\\\/schema\\\/logo\\\/image\\\/\"}}]}<\/script>\n<!-- \/ Yoast SEO plugin. -->","yoast_head_json":{"title":"Coffret + lithographie de Moritz Ney encadr\u00e9e - Museal Editions","description":"Ce coffret contient 5\u00a0d'eaux-de-vie de quetsche, poire, marc de raisins, mirabelle et de framboise. Il est accompagn\u00e9 d'une lithographie originale encadr\u00e9e.","robots":{"index":"index","follow":"follow","max-snippet":"max-snippet:-1","max-image-preview":"max-image-preview:large","max-video-preview":"max-video-preview:-1"},"canonical":"https:\/\/museal.com\/fr\/produit\/coffret-litho-moritz-ney-encadree\/","og_locale":"fr_FR","og_type":"article","og_title":"Coffret + lithographie de Moritz Ney encadr\u00e9e - Museal Editions","og_description":"Ce coffret contient 5\u00a0d'eaux-de-vie de quetsche, poire, marc de raisins, mirabelle et de framboise. Il est accompagn\u00e9 d'une lithographie originale encadr\u00e9e.","og_url":"https:\/\/museal.com\/fr\/produit\/coffret-litho-moritz-ney-encadree\/","og_site_name":"Museal Editions","article_modified_time":"2024-01-01T22:08:46+00:00","og_image":[{"width":768,"height":1024,"url":"https:\/\/museal.com\/wp-content\/uploads\/2022\/01\/moritz-ney-litho-et-coffret-768x1024.png","type":"image\/png"}],"twitter_card":"summary_large_image","schema":{"@context":"https:\/\/schema.org","@graph":[{"@type":"WebPage","@id":"https:\/\/museal.com\/fr\/produit\/coffret-litho-moritz-ney-encadree\/","url":"https:\/\/museal.com\/fr\/produit\/coffret-litho-moritz-ney-encadree\/","name":"Coffret + lithographie de Moritz Ney encadr\u00e9e - Museal Editions","isPartOf":{"@id":"https:\/\/museal.com\/fr\/#website"},"primaryImageOfPage":{"@id":"https:\/\/museal.com\/fr\/produit\/coffret-litho-moritz-ney-encadree\/#primaryimage"},"image":{"@id":"https:\/\/museal.com\/fr\/produit\/coffret-litho-moritz-ney-encadree\/#primaryimage"},"thumbnailUrl":"https:\/\/museal.com\/wp-content\/uploads\/2022\/01\/moritz-ney-litho-et-coffret.png","datePublished":"2022-01-19T15:57:12+00:00","dateModified":"2024-01-01T22:08:46+00:00","description":"Ce coffret contient 5\u00a0d'eaux-de-vie de quetsche, poire, marc de raisins, mirabelle et de framboise. Il est accompagn\u00e9 d'une lithographie originale encadr\u00e9e.","breadcrumb":{"@id":"https:\/\/museal.com\/fr\/produit\/coffret-litho-moritz-ney-encadree\/#breadcrumb"},"inLanguage":"fr-FR","potentialAction":[{"@type":"ReadAction","target":["https:\/\/museal.com\/fr\/produit\/coffret-litho-moritz-ney-encadree\/"]}]},{"@type":"ImageObject","inLanguage":"fr-FR","@id":"https:\/\/museal.com\/fr\/produit\/coffret-litho-moritz-ney-encadree\/#primaryimage","url":"https:\/\/museal.com\/wp-content\/uploads\/2022\/01\/moritz-ney-litho-et-coffret.png","contentUrl":"https:\/\/museal.com\/wp-content\/uploads\/2022\/01\/moritz-ney-litho-et-coffret.png","width":1500,"height":2000},{"@type":"BreadcrumbList","@id":"https:\/\/museal.com\/fr\/produit\/coffret-litho-moritz-ney-encadree\/#breadcrumb","itemListElement":[{"@type":"ListItem","position":1,"name":"Accueil","item":"https:\/\/museal.com\/fr\/"},{"@type":"ListItem","position":2,"name":"Boutique","item":"https:\/\/museal.com\/fr\/boutique\/"},{"@type":"ListItem","position":3,"name":"Coffret + lithographie de Moritz Ney encadr\u00e9e"}]},{"@type":"WebSite","@id":"https:\/\/museal.com\/fr\/#website","url":"https:\/\/museal.com\/fr\/","name":"Museal Editions","description":"Objets d&#039;art et de d\u00e9coration inspir\u00e9s du Patrimoine luxembourgeois","publisher":{"@id":"https:\/\/museal.com\/fr\/#organization"},"potentialAction":[{"@type":"SearchAction","target":{"@type":"EntryPoint","urlTemplate":"https:\/\/museal.com\/fr\/?s={search_term_string}"},"query-input":{"@type":"PropertyValueSpecification","valueRequired":true,"valueName":"search_term_string"}}],"inLanguage":"fr-FR"},{"@type":"Organization","@id":"https:\/\/museal.com\/fr\/#organization","name":"Museal Editions","url":"https:\/\/museal.com\/fr\/","logo":{"@type":"ImageObject","inLanguage":"fr-FR","@id":"https:\/\/museal.com\/fr\/#\/schema\/logo\/image\/","url":"https:\/\/museal.com\/wp-content\/uploads\/2021\/05\/logo-e1621950424453.jpg","contentUrl":"https:\/\/museal.com\/wp-content\/uploads\/2021\/05\/logo-e1621950424453.jpg","width":732,"height":574,"caption":"Museal Editions"},"image":{"@id":"https:\/\/museal.com\/fr\/#\/schema\/logo\/image\/"}}]}},"_links":{"self":[{"href":"https:\/\/museal.com\/fr\/wp-json\/wp\/v2\/product\/12212","targetHints":{"allow":["GET"]}}],"collection":[{"href":"https:\/\/museal.com\/fr\/wp-json\/wp\/v2\/product"}],"about":[{"href":"https:\/\/museal.com\/fr\/wp-json\/wp\/v2\/types\/product"}],"wp:featuredmedia":[{"embeddable":true,"href":"https:\/\/museal.com\/fr\/wp-json\/wp\/v2\/media\/13796"}],"wp:attachment":[{"href":"https:\/\/museal.com\/fr\/wp-json\/wp\/v2\/media?parent=12212"}],"wp:term":[{"taxonomy":"product_brand","embeddable":true,"href":"https:\/\/museal.com\/fr\/wp-json\/wp\/v2\/product_brand?post=12212"},{"taxonomy":"product_cat","embeddable":true,"href":"https:\/\/museal.com\/fr\/wp-json\/wp\/v2\/product_cat?post=12212"},{"taxonomy":"product_tag","embeddable":true,"href":"https:\/\/museal.com\/fr\/wp-json\/wp\/v2\/product_tag?post=12212"}],"curies":[{"name":"wp","href":"https:\/\/api.w.org\/{rel}","templated":true}]}}