{"id":12219,"date":"2022-01-19T17:11:57","date_gmt":"2022-01-19T16:11:57","guid":{"rendered":"https:\/\/shop.museal.com\/?post_type=product&#038;p=12219"},"modified":"2025-11-20T09:23:14","modified_gmt":"2025-11-20T08:23:14","slug":"bloc-de-cristal-gelle-fra-de-claus-cito-2","status":"publish","type":"product","link":"https:\/\/museal.com\/fr\/produit\/bloc-de-cristal-gelle-fra-de-claus-cito-2\/","title":{"rendered":"Bloc de cristal &#8220;G\u00eblle Fra&#8221; de Claus CITO 18cm"},"content":{"rendered":"<p>\u00c9rig\u00e9e en plein coeur de Luxembourg, place de la constitution, en 1922, cette sculpture f\u00e9minine s\u2019appelait \u00e0 l\u2019\u00e9poque la \u201cReine de la paix\u201d. Le monument est constitu\u00e9 d\u2019un socle carr\u00e9 sur\u00e9lev\u00e9 soutenant un ob\u00e9lisque de 21 m\u00e8tres de haut, avec \u00e0 son sommet la statue dor\u00e9e d\u2019une femme qui, a bout de bras, tend une couronne de laurier.<\/p>\n<p>Command\u00e9e au c\u00e9l\u00e8bre sculpteur luxembourgeois Claus CITO en hommage aux soldats luxembourgeois disparus durant la premi\u00e8re guerre mondiale, puis d\u00e9mont\u00e9e par l\u2019occupant allemand en 1940, la \u201cfemme en or\u201d n\u2019a retrouv\u00e9 son pi\u00e9destal qu\u2019en 1985, \u00e0 la suite de rocambolesques p\u00e9rip\u00e9ties. Au del\u00e0 du monument du souvenir honorant les combattants tomb\u00e9s pour la patrie au cours des conflits du XX \u00e8me si\u00e8cle, la \u201cG\u00eblle Fra\u201d est aujourd\u2019hui un symbole des valeurs d\u00e9mocratiques de libert\u00e9 et de paix. Elle a d\u2019ailleurs \u00e9t\u00e9 choisie comme figure de proue du pavillon luxembourgeois \u00e0 l\u2019exposition universelle de Shanghai en 2010.<\/p>\n","protected":false},"excerpt":{"rendered":"<p>La \u201cG\u00eblle Fra\u201d (femme en or) est l\u2019un des monuments embl\u00e9matiques du Grand Duch\u00e9 de Luxembourg.<\/p>\n<p>Ce bloc de cristal grav\u00e9 au laser 3D met particuli\u00e8rement en valeur le drap\u00e9 harmonieux et les formes g\u00e9n\u00e9reuses de cette \u0153uvre remarquable.<\/p>\n<p>Taille 18 x 8 x 8 cm, poids 3,2 kg, livr\u00e9 en luxueuse bo\u00eete cadeau.<\/p>\n","protected":false},"featured_media":14421,"template":"","meta":[],"product_brand":[],"product_cat":[144,89],"product_tag":[],"class_list":{"0":"post-12219","1":"product","2":"type-product","3":"status-publish","4":"has-post-thumbnail","6":"product_cat-accessoires","7":"product_cat-sculptures-et-bronzes-d-art","9":"first","10":"instock","11":"taxable","12":"shipping-taxable","13":"purchasable","14":"product-type-simple"},"yoast_head":"<!-- This site is optimized with the Yoast SEO plugin v27.3 - https:\/\/yoast.com\/product\/yoast-seo-wordpress\/ -->\n<title>Bloc de cristal &quot;G\u00eblle Fra&quot; de Claus CITO 18cm - Museal Editions<\/title>\n<meta name=\"description\" content=\"Ce bloc de cristal grav\u00e9 au laser 3D met particuli\u00e8rement en valeur le drap\u00e9 harmonieux et les formes g\u00e9n\u00e9reuses de cette \u0153uvre remarquable.\" \/>\n<meta name=\"robots\" content=\"index, follow, max-snippet:-1, max-image-preview:large, max-video-preview:-1\" \/>\n<link rel=\"canonical\" href=\"https:\/\/museal.com\/fr\/produit\/bloc-de-cristal-gelle-fra-de-claus-cito-2\/\" \/>\n<meta property=\"og:locale\" content=\"fr_FR\" \/>\n<meta property=\"og:type\" content=\"article\" \/>\n<meta property=\"og:title\" content=\"Bloc de cristal &quot;G\u00eblle Fra&quot; de Claus CITO 18cm - Museal Editions\" \/>\n<meta property=\"og:description\" content=\"Ce bloc de cristal grav\u00e9 au laser 3D met particuli\u00e8rement en valeur le drap\u00e9 harmonieux et les formes g\u00e9n\u00e9reuses de cette \u0153uvre remarquable.\" \/>\n<meta property=\"og:url\" content=\"https:\/\/museal.com\/fr\/produit\/bloc-de-cristal-gelle-fra-de-claus-cito-2\/\" \/>\n<meta property=\"og:site_name\" content=\"Museal Editions\" \/>\n<meta property=\"article:modified_time\" content=\"2025-11-20T08:23:14+00:00\" \/>\n<meta property=\"og:image\" content=\"https:\/\/museal.com\/wp-content\/uploads\/2022\/01\/bloc-cristal-Gelle-Fra-1.jpg\" \/>\n\t<meta property=\"og:image:width\" content=\"1200\" \/>\n\t<meta property=\"og:image:height\" content=\"1500\" \/>\n\t<meta property=\"og:image:type\" content=\"image\/jpeg\" \/>\n<meta name=\"twitter:card\" content=\"summary_large_image\" \/>\n<script type=\"application\/ld+json\" class=\"yoast-schema-graph\">{\"@context\":\"https:\\\/\\\/schema.org\",\"@graph\":[{\"@type\":\"WebPage\",\"@id\":\"https:\\\/\\\/museal.com\\\/fr\\\/produit\\\/bloc-de-cristal-gelle-fra-de-claus-cito-2\\\/\",\"url\":\"https:\\\/\\\/museal.com\\\/fr\\\/produit\\\/bloc-de-cristal-gelle-fra-de-claus-cito-2\\\/\",\"name\":\"Bloc de cristal \\\"G\u00eblle Fra\\\" de Claus CITO 18cm - Museal Editions\",\"isPartOf\":{\"@id\":\"https:\\\/\\\/museal.com\\\/fr\\\/#website\"},\"primaryImageOfPage\":{\"@id\":\"https:\\\/\\\/museal.com\\\/fr\\\/produit\\\/bloc-de-cristal-gelle-fra-de-claus-cito-2\\\/#primaryimage\"},\"image\":{\"@id\":\"https:\\\/\\\/museal.com\\\/fr\\\/produit\\\/bloc-de-cristal-gelle-fra-de-claus-cito-2\\\/#primaryimage\"},\"thumbnailUrl\":\"https:\\\/\\\/museal.com\\\/wp-content\\\/uploads\\\/2022\\\/01\\\/bloc-cristal-Gelle-Fra-1.jpg\",\"datePublished\":\"2022-01-19T16:11:57+00:00\",\"dateModified\":\"2025-11-20T08:23:14+00:00\",\"description\":\"Ce bloc de cristal grav\u00e9 au laser 3D met particuli\u00e8rement en valeur le drap\u00e9 harmonieux et les formes g\u00e9n\u00e9reuses de cette \u0153uvre remarquable.\",\"breadcrumb\":{\"@id\":\"https:\\\/\\\/museal.com\\\/fr\\\/produit\\\/bloc-de-cristal-gelle-fra-de-claus-cito-2\\\/#breadcrumb\"},\"inLanguage\":\"fr-FR\",\"potentialAction\":[{\"@type\":\"ReadAction\",\"target\":[\"https:\\\/\\\/museal.com\\\/fr\\\/produit\\\/bloc-de-cristal-gelle-fra-de-claus-cito-2\\\/\"]}]},{\"@type\":\"ImageObject\",\"inLanguage\":\"fr-FR\",\"@id\":\"https:\\\/\\\/museal.com\\\/fr\\\/produit\\\/bloc-de-cristal-gelle-fra-de-claus-cito-2\\\/#primaryimage\",\"url\":\"https:\\\/\\\/museal.com\\\/wp-content\\\/uploads\\\/2022\\\/01\\\/bloc-cristal-Gelle-Fra-1.jpg\",\"contentUrl\":\"https:\\\/\\\/museal.com\\\/wp-content\\\/uploads\\\/2022\\\/01\\\/bloc-cristal-Gelle-Fra-1.jpg\",\"width\":1200,\"height\":1500},{\"@type\":\"BreadcrumbList\",\"@id\":\"https:\\\/\\\/museal.com\\\/fr\\\/produit\\\/bloc-de-cristal-gelle-fra-de-claus-cito-2\\\/#breadcrumb\",\"itemListElement\":[{\"@type\":\"ListItem\",\"position\":1,\"name\":\"Accueil\",\"item\":\"https:\\\/\\\/museal.com\\\/fr\\\/\"},{\"@type\":\"ListItem\",\"position\":2,\"name\":\"Boutique\",\"item\":\"https:\\\/\\\/museal.com\\\/fr\\\/boutique\\\/\"},{\"@type\":\"ListItem\",\"position\":3,\"name\":\"Bloc de cristal &#8220;G\u00eblle Fra&#8221; de Claus CITO 18cm\"}]},{\"@type\":\"WebSite\",\"@id\":\"https:\\\/\\\/museal.com\\\/fr\\\/#website\",\"url\":\"https:\\\/\\\/museal.com\\\/fr\\\/\",\"name\":\"Museal Editions\",\"description\":\"Objets d&#039;art et de d\u00e9coration inspir\u00e9s du Patrimoine luxembourgeois\",\"publisher\":{\"@id\":\"https:\\\/\\\/museal.com\\\/fr\\\/#organization\"},\"potentialAction\":[{\"@type\":\"SearchAction\",\"target\":{\"@type\":\"EntryPoint\",\"urlTemplate\":\"https:\\\/\\\/museal.com\\\/fr\\\/?s={search_term_string}\"},\"query-input\":{\"@type\":\"PropertyValueSpecification\",\"valueRequired\":true,\"valueName\":\"search_term_string\"}}],\"inLanguage\":\"fr-FR\"},{\"@type\":\"Organization\",\"@id\":\"https:\\\/\\\/museal.com\\\/fr\\\/#organization\",\"name\":\"Museal Editions\",\"url\":\"https:\\\/\\\/museal.com\\\/fr\\\/\",\"logo\":{\"@type\":\"ImageObject\",\"inLanguage\":\"fr-FR\",\"@id\":\"https:\\\/\\\/museal.com\\\/fr\\\/#\\\/schema\\\/logo\\\/image\\\/\",\"url\":\"https:\\\/\\\/museal.com\\\/wp-content\\\/uploads\\\/2021\\\/05\\\/logo-e1621950424453.jpg\",\"contentUrl\":\"https:\\\/\\\/museal.com\\\/wp-content\\\/uploads\\\/2021\\\/05\\\/logo-e1621950424453.jpg\",\"width\":732,\"height\":574,\"caption\":\"Museal Editions\"},\"image\":{\"@id\":\"https:\\\/\\\/museal.com\\\/fr\\\/#\\\/schema\\\/logo\\\/image\\\/\"}}]}<\/script>\n<!-- \/ Yoast SEO plugin. -->","yoast_head_json":{"title":"Bloc de cristal \"G\u00eblle Fra\" de Claus CITO 18cm - Museal Editions","description":"Ce bloc de cristal grav\u00e9 au laser 3D met particuli\u00e8rement en valeur le drap\u00e9 harmonieux et les formes g\u00e9n\u00e9reuses de cette \u0153uvre remarquable.","robots":{"index":"index","follow":"follow","max-snippet":"max-snippet:-1","max-image-preview":"max-image-preview:large","max-video-preview":"max-video-preview:-1"},"canonical":"https:\/\/museal.com\/fr\/produit\/bloc-de-cristal-gelle-fra-de-claus-cito-2\/","og_locale":"fr_FR","og_type":"article","og_title":"Bloc de cristal \"G\u00eblle Fra\" de Claus CITO 18cm - Museal Editions","og_description":"Ce bloc de cristal grav\u00e9 au laser 3D met particuli\u00e8rement en valeur le drap\u00e9 harmonieux et les formes g\u00e9n\u00e9reuses de cette \u0153uvre remarquable.","og_url":"https:\/\/museal.com\/fr\/produit\/bloc-de-cristal-gelle-fra-de-claus-cito-2\/","og_site_name":"Museal Editions","article_modified_time":"2025-11-20T08:23:14+00:00","og_image":[{"width":1200,"height":1500,"url":"https:\/\/museal.com\/wp-content\/uploads\/2022\/01\/bloc-cristal-Gelle-Fra-1.jpg","type":"image\/jpeg"}],"twitter_card":"summary_large_image","schema":{"@context":"https:\/\/schema.org","@graph":[{"@type":"WebPage","@id":"https:\/\/museal.com\/fr\/produit\/bloc-de-cristal-gelle-fra-de-claus-cito-2\/","url":"https:\/\/museal.com\/fr\/produit\/bloc-de-cristal-gelle-fra-de-claus-cito-2\/","name":"Bloc de cristal \"G\u00eblle Fra\" de Claus CITO 18cm - Museal Editions","isPartOf":{"@id":"https:\/\/museal.com\/fr\/#website"},"primaryImageOfPage":{"@id":"https:\/\/museal.com\/fr\/produit\/bloc-de-cristal-gelle-fra-de-claus-cito-2\/#primaryimage"},"image":{"@id":"https:\/\/museal.com\/fr\/produit\/bloc-de-cristal-gelle-fra-de-claus-cito-2\/#primaryimage"},"thumbnailUrl":"https:\/\/museal.com\/wp-content\/uploads\/2022\/01\/bloc-cristal-Gelle-Fra-1.jpg","datePublished":"2022-01-19T16:11:57+00:00","dateModified":"2025-11-20T08:23:14+00:00","description":"Ce bloc de cristal grav\u00e9 au laser 3D met particuli\u00e8rement en valeur le drap\u00e9 harmonieux et les formes g\u00e9n\u00e9reuses de cette \u0153uvre remarquable.","breadcrumb":{"@id":"https:\/\/museal.com\/fr\/produit\/bloc-de-cristal-gelle-fra-de-claus-cito-2\/#breadcrumb"},"inLanguage":"fr-FR","potentialAction":[{"@type":"ReadAction","target":["https:\/\/museal.com\/fr\/produit\/bloc-de-cristal-gelle-fra-de-claus-cito-2\/"]}]},{"@type":"ImageObject","inLanguage":"fr-FR","@id":"https:\/\/museal.com\/fr\/produit\/bloc-de-cristal-gelle-fra-de-claus-cito-2\/#primaryimage","url":"https:\/\/museal.com\/wp-content\/uploads\/2022\/01\/bloc-cristal-Gelle-Fra-1.jpg","contentUrl":"https:\/\/museal.com\/wp-content\/uploads\/2022\/01\/bloc-cristal-Gelle-Fra-1.jpg","width":1200,"height":1500},{"@type":"BreadcrumbList","@id":"https:\/\/museal.com\/fr\/produit\/bloc-de-cristal-gelle-fra-de-claus-cito-2\/#breadcrumb","itemListElement":[{"@type":"ListItem","position":1,"name":"Accueil","item":"https:\/\/museal.com\/fr\/"},{"@type":"ListItem","position":2,"name":"Boutique","item":"https:\/\/museal.com\/fr\/boutique\/"},{"@type":"ListItem","position":3,"name":"Bloc de cristal &#8220;G\u00eblle Fra&#8221; de Claus CITO 18cm"}]},{"@type":"WebSite","@id":"https:\/\/museal.com\/fr\/#website","url":"https:\/\/museal.com\/fr\/","name":"Museal Editions","description":"Objets d&#039;art et de d\u00e9coration inspir\u00e9s du Patrimoine luxembourgeois","publisher":{"@id":"https:\/\/museal.com\/fr\/#organization"},"potentialAction":[{"@type":"SearchAction","target":{"@type":"EntryPoint","urlTemplate":"https:\/\/museal.com\/fr\/?s={search_term_string}"},"query-input":{"@type":"PropertyValueSpecification","valueRequired":true,"valueName":"search_term_string"}}],"inLanguage":"fr-FR"},{"@type":"Organization","@id":"https:\/\/museal.com\/fr\/#organization","name":"Museal Editions","url":"https:\/\/museal.com\/fr\/","logo":{"@type":"ImageObject","inLanguage":"fr-FR","@id":"https:\/\/museal.com\/fr\/#\/schema\/logo\/image\/","url":"https:\/\/museal.com\/wp-content\/uploads\/2021\/05\/logo-e1621950424453.jpg","contentUrl":"https:\/\/museal.com\/wp-content\/uploads\/2021\/05\/logo-e1621950424453.jpg","width":732,"height":574,"caption":"Museal Editions"},"image":{"@id":"https:\/\/museal.com\/fr\/#\/schema\/logo\/image\/"}}]}},"_links":{"self":[{"href":"https:\/\/museal.com\/fr\/wp-json\/wp\/v2\/product\/12219","targetHints":{"allow":["GET"]}}],"collection":[{"href":"https:\/\/museal.com\/fr\/wp-json\/wp\/v2\/product"}],"about":[{"href":"https:\/\/museal.com\/fr\/wp-json\/wp\/v2\/types\/product"}],"wp:featuredmedia":[{"embeddable":true,"href":"https:\/\/museal.com\/fr\/wp-json\/wp\/v2\/media\/14421"}],"wp:attachment":[{"href":"https:\/\/museal.com\/fr\/wp-json\/wp\/v2\/media?parent=12219"}],"wp:term":[{"taxonomy":"product_brand","embeddable":true,"href":"https:\/\/museal.com\/fr\/wp-json\/wp\/v2\/product_brand?post=12219"},{"taxonomy":"product_cat","embeddable":true,"href":"https:\/\/museal.com\/fr\/wp-json\/wp\/v2\/product_cat?post=12219"},{"taxonomy":"product_tag","embeddable":true,"href":"https:\/\/museal.com\/fr\/wp-json\/wp\/v2\/product_tag?post=12219"}],"curies":[{"name":"wp","href":"https:\/\/api.w.org\/{rel}","templated":true}]}}