{"id":12222,"date":"2022-01-19T17:25:49","date_gmt":"2022-01-19T16:25:49","guid":{"rendered":"https:\/\/shop.museal.com\/?post_type=product&#038;p=12222"},"modified":"2025-09-19T10:26:19","modified_gmt":"2025-09-19T08:26:19","slug":"flute-a-biere-gelle-fra-de-will-kreutz","status":"publish","type":"product","link":"https:\/\/museal.com\/fr\/produit\/flute-a-biere-gelle-fra-de-will-kreutz\/","title":{"rendered":"Fl\u00fbte \u00e0 bi\u00e8re &#8220;G\u00eblle Fra&#8221; de Will Kreutz"},"content":{"rendered":"<div>Will Kreutz a fait \u00e9voluer avec succ\u00e8s le paysage luxembourgeois du design et de la communication durant ces 30 derni\u00e8res ann\u00e9es. Son excellence cr\u00e9ative a \u00e9t\u00e9 r\u00e9compens\u00e9e par plus de 80 prix nationaux et internationaux. Il s\u2019est entour\u00e9 d\u2019artisans d\u2019art pour r\u00e9aliser deux objets d\u2019exception autour de la G\u00eblle Fra et du Pavillon luxembourgeois.<\/div>\n<div><\/div>\n<div>La &#8220;G\u00eblle Fra&#8221; (femme en or) est l&#8217;un des monuments embl\u00e9matiques du Grand Duch\u00e9 de Luxembourg. \u00c9rig\u00e9e en plein c\u0153ur\u00a0de Luxembourg, place de la constitution, en 1922, cette sculpture f\u00e9minine s&#8217;appelait \u00e0 l&#8217;\u00e9poque la &#8220;Reine de la paix&#8221;. Le monument est constitu\u00e9 d&#8217;un socle carr\u00e9 sur\u00e9lev\u00e9 soutenant un ob\u00e9lisque de 21 m\u00e8tres de haut, avec \u00e0 son sommet la statue dor\u00e9e d&#8217;une femme qui, a bout de bras, tend une couronne de laurier.<\/div>\n","protected":false},"excerpt":{"rendered":"<div>Flute \u00e0 bi\u00e8re: \u00ab G\u00eblle Fra \u00bb de 25 cm, cr\u00e9\u00e9e par Will Kreutz.<\/div>\n<div>\n<p>Accompagn\u00e9e de 2 sous-verres, le tout imprim\u00e9 de la G\u00eblle Fra.<\/p>\n<\/div>\n","protected":false},"featured_media":14550,"template":"","meta":[],"product_brand":[],"product_cat":[140,88],"product_tag":[],"class_list":{"0":"post-12222","1":"product","2":"type-product","3":"status-publish","4":"has-post-thumbnail","6":"product_cat-art-et-vin-art-de-la-table","7":"product_cat-createurs-luxembourgeois","9":"first","10":"instock","11":"taxable","12":"shipping-taxable","13":"purchasable","14":"product-type-variable"},"yoast_head":"<!-- This site is optimized with the Yoast SEO plugin v27.3 - https:\/\/yoast.com\/product\/yoast-seo-wordpress\/ -->\n<title>Fl\u00fbte \u00e0 bi\u00e8re &quot;G\u00eblle Fra&quot; de Will Kreutz - Museal Editions<\/title>\n<meta name=\"description\" content=\"Flute \u00e0 bi\u00e8re: \u00ab G\u00eblle Fra \u00bb de 25 cm, cr\u00e9\u00e9e par Will Kreutz. La G\u00eblle Fra est l&#039;un des monuments embl\u00e9matiques du Grand Duch\u00e9 de Luxembourg.\" \/>\n<meta name=\"robots\" content=\"index, follow, max-snippet:-1, max-image-preview:large, max-video-preview:-1\" \/>\n<link rel=\"canonical\" href=\"https:\/\/museal.com\/fr\/produit\/flute-a-biere-gelle-fra-de-will-kreutz\/\" \/>\n<meta property=\"og:locale\" content=\"fr_FR\" \/>\n<meta property=\"og:type\" content=\"article\" \/>\n<meta property=\"og:title\" content=\"Fl\u00fbte \u00e0 bi\u00e8re &quot;G\u00eblle Fra&quot; de Will Kreutz - Museal Editions\" \/>\n<meta property=\"og:description\" content=\"Flute \u00e0 bi\u00e8re: \u00ab G\u00eblle Fra \u00bb de 25 cm, cr\u00e9\u00e9e par Will Kreutz. La G\u00eblle Fra est l&#039;un des monuments embl\u00e9matiques du Grand Duch\u00e9 de Luxembourg.\" \/>\n<meta property=\"og:url\" content=\"https:\/\/museal.com\/fr\/produit\/flute-a-biere-gelle-fra-de-will-kreutz\/\" \/>\n<meta property=\"og:site_name\" content=\"Museal Editions\" \/>\n<meta property=\"article:modified_time\" content=\"2025-09-19T08:26:19+00:00\" \/>\n<meta property=\"og:image\" content=\"https:\/\/museal.com\/wp-content\/uploads\/2022\/01\/flute-a-biere-1.png\" \/>\n\t<meta property=\"og:image:width\" content=\"1500\" \/>\n\t<meta property=\"og:image:height\" content=\"2000\" \/>\n\t<meta property=\"og:image:type\" content=\"image\/png\" \/>\n<meta name=\"twitter:card\" content=\"summary_large_image\" \/>\n<script type=\"application\/ld+json\" class=\"yoast-schema-graph\">{\"@context\":\"https:\\\/\\\/schema.org\",\"@graph\":[{\"@type\":\"WebPage\",\"@id\":\"https:\\\/\\\/museal.com\\\/fr\\\/produit\\\/flute-a-biere-gelle-fra-de-will-kreutz\\\/\",\"url\":\"https:\\\/\\\/museal.com\\\/fr\\\/produit\\\/flute-a-biere-gelle-fra-de-will-kreutz\\\/\",\"name\":\"Fl\u00fbte \u00e0 bi\u00e8re \\\"G\u00eblle Fra\\\" de Will Kreutz - Museal Editions\",\"isPartOf\":{\"@id\":\"https:\\\/\\\/museal.com\\\/fr\\\/#website\"},\"primaryImageOfPage\":{\"@id\":\"https:\\\/\\\/museal.com\\\/fr\\\/produit\\\/flute-a-biere-gelle-fra-de-will-kreutz\\\/#primaryimage\"},\"image\":{\"@id\":\"https:\\\/\\\/museal.com\\\/fr\\\/produit\\\/flute-a-biere-gelle-fra-de-will-kreutz\\\/#primaryimage\"},\"thumbnailUrl\":\"https:\\\/\\\/museal.com\\\/wp-content\\\/uploads\\\/2022\\\/01\\\/flute-a-biere-1.png\",\"datePublished\":\"2022-01-19T16:25:49+00:00\",\"dateModified\":\"2025-09-19T08:26:19+00:00\",\"description\":\"Flute \u00e0 bi\u00e8re: \u00ab G\u00eblle Fra \u00bb de 25 cm, cr\u00e9\u00e9e par Will Kreutz. La G\u00eblle Fra est l'un des monuments embl\u00e9matiques du Grand Duch\u00e9 de Luxembourg.\",\"breadcrumb\":{\"@id\":\"https:\\\/\\\/museal.com\\\/fr\\\/produit\\\/flute-a-biere-gelle-fra-de-will-kreutz\\\/#breadcrumb\"},\"inLanguage\":\"fr-FR\",\"potentialAction\":[{\"@type\":\"ReadAction\",\"target\":[\"https:\\\/\\\/museal.com\\\/fr\\\/produit\\\/flute-a-biere-gelle-fra-de-will-kreutz\\\/\"]}]},{\"@type\":\"ImageObject\",\"inLanguage\":\"fr-FR\",\"@id\":\"https:\\\/\\\/museal.com\\\/fr\\\/produit\\\/flute-a-biere-gelle-fra-de-will-kreutz\\\/#primaryimage\",\"url\":\"https:\\\/\\\/museal.com\\\/wp-content\\\/uploads\\\/2022\\\/01\\\/flute-a-biere-1.png\",\"contentUrl\":\"https:\\\/\\\/museal.com\\\/wp-content\\\/uploads\\\/2022\\\/01\\\/flute-a-biere-1.png\",\"width\":1500,\"height\":2000},{\"@type\":\"BreadcrumbList\",\"@id\":\"https:\\\/\\\/museal.com\\\/fr\\\/produit\\\/flute-a-biere-gelle-fra-de-will-kreutz\\\/#breadcrumb\",\"itemListElement\":[{\"@type\":\"ListItem\",\"position\":1,\"name\":\"Accueil\",\"item\":\"https:\\\/\\\/museal.com\\\/fr\\\/\"},{\"@type\":\"ListItem\",\"position\":2,\"name\":\"Boutique\",\"item\":\"https:\\\/\\\/museal.com\\\/fr\\\/boutique\\\/\"},{\"@type\":\"ListItem\",\"position\":3,\"name\":\"Fl\u00fbte \u00e0 bi\u00e8re &#8220;G\u00eblle Fra&#8221; de Will Kreutz\"}]},{\"@type\":\"WebSite\",\"@id\":\"https:\\\/\\\/museal.com\\\/fr\\\/#website\",\"url\":\"https:\\\/\\\/museal.com\\\/fr\\\/\",\"name\":\"Museal Editions\",\"description\":\"Objets d&#039;art et de d\u00e9coration inspir\u00e9s du Patrimoine luxembourgeois\",\"publisher\":{\"@id\":\"https:\\\/\\\/museal.com\\\/fr\\\/#organization\"},\"potentialAction\":[{\"@type\":\"SearchAction\",\"target\":{\"@type\":\"EntryPoint\",\"urlTemplate\":\"https:\\\/\\\/museal.com\\\/fr\\\/?s={search_term_string}\"},\"query-input\":{\"@type\":\"PropertyValueSpecification\",\"valueRequired\":true,\"valueName\":\"search_term_string\"}}],\"inLanguage\":\"fr-FR\"},{\"@type\":\"Organization\",\"@id\":\"https:\\\/\\\/museal.com\\\/fr\\\/#organization\",\"name\":\"Museal Editions\",\"url\":\"https:\\\/\\\/museal.com\\\/fr\\\/\",\"logo\":{\"@type\":\"ImageObject\",\"inLanguage\":\"fr-FR\",\"@id\":\"https:\\\/\\\/museal.com\\\/fr\\\/#\\\/schema\\\/logo\\\/image\\\/\",\"url\":\"https:\\\/\\\/museal.com\\\/wp-content\\\/uploads\\\/2021\\\/05\\\/logo-e1621950424453.jpg\",\"contentUrl\":\"https:\\\/\\\/museal.com\\\/wp-content\\\/uploads\\\/2021\\\/05\\\/logo-e1621950424453.jpg\",\"width\":732,\"height\":574,\"caption\":\"Museal Editions\"},\"image\":{\"@id\":\"https:\\\/\\\/museal.com\\\/fr\\\/#\\\/schema\\\/logo\\\/image\\\/\"}}]}<\/script>\n<!-- \/ Yoast SEO plugin. -->","yoast_head_json":{"title":"Fl\u00fbte \u00e0 bi\u00e8re \"G\u00eblle Fra\" de Will Kreutz - Museal Editions","description":"Flute \u00e0 bi\u00e8re: \u00ab G\u00eblle Fra \u00bb de 25 cm, cr\u00e9\u00e9e par Will Kreutz. La G\u00eblle Fra est l'un des monuments embl\u00e9matiques du Grand Duch\u00e9 de Luxembourg.","robots":{"index":"index","follow":"follow","max-snippet":"max-snippet:-1","max-image-preview":"max-image-preview:large","max-video-preview":"max-video-preview:-1"},"canonical":"https:\/\/museal.com\/fr\/produit\/flute-a-biere-gelle-fra-de-will-kreutz\/","og_locale":"fr_FR","og_type":"article","og_title":"Fl\u00fbte \u00e0 bi\u00e8re \"G\u00eblle Fra\" de Will Kreutz - Museal Editions","og_description":"Flute \u00e0 bi\u00e8re: \u00ab G\u00eblle Fra \u00bb de 25 cm, cr\u00e9\u00e9e par Will Kreutz. La G\u00eblle Fra est l'un des monuments embl\u00e9matiques du Grand Duch\u00e9 de Luxembourg.","og_url":"https:\/\/museal.com\/fr\/produit\/flute-a-biere-gelle-fra-de-will-kreutz\/","og_site_name":"Museal Editions","article_modified_time":"2025-09-19T08:26:19+00:00","og_image":[{"width":1500,"height":2000,"url":"https:\/\/museal.com\/wp-content\/uploads\/2022\/01\/flute-a-biere-1.png","type":"image\/png"}],"twitter_card":"summary_large_image","schema":{"@context":"https:\/\/schema.org","@graph":[{"@type":"WebPage","@id":"https:\/\/museal.com\/fr\/produit\/flute-a-biere-gelle-fra-de-will-kreutz\/","url":"https:\/\/museal.com\/fr\/produit\/flute-a-biere-gelle-fra-de-will-kreutz\/","name":"Fl\u00fbte \u00e0 bi\u00e8re \"G\u00eblle Fra\" de Will Kreutz - Museal Editions","isPartOf":{"@id":"https:\/\/museal.com\/fr\/#website"},"primaryImageOfPage":{"@id":"https:\/\/museal.com\/fr\/produit\/flute-a-biere-gelle-fra-de-will-kreutz\/#primaryimage"},"image":{"@id":"https:\/\/museal.com\/fr\/produit\/flute-a-biere-gelle-fra-de-will-kreutz\/#primaryimage"},"thumbnailUrl":"https:\/\/museal.com\/wp-content\/uploads\/2022\/01\/flute-a-biere-1.png","datePublished":"2022-01-19T16:25:49+00:00","dateModified":"2025-09-19T08:26:19+00:00","description":"Flute \u00e0 bi\u00e8re: \u00ab G\u00eblle Fra \u00bb de 25 cm, cr\u00e9\u00e9e par Will Kreutz. La G\u00eblle Fra est l'un des monuments embl\u00e9matiques du Grand Duch\u00e9 de Luxembourg.","breadcrumb":{"@id":"https:\/\/museal.com\/fr\/produit\/flute-a-biere-gelle-fra-de-will-kreutz\/#breadcrumb"},"inLanguage":"fr-FR","potentialAction":[{"@type":"ReadAction","target":["https:\/\/museal.com\/fr\/produit\/flute-a-biere-gelle-fra-de-will-kreutz\/"]}]},{"@type":"ImageObject","inLanguage":"fr-FR","@id":"https:\/\/museal.com\/fr\/produit\/flute-a-biere-gelle-fra-de-will-kreutz\/#primaryimage","url":"https:\/\/museal.com\/wp-content\/uploads\/2022\/01\/flute-a-biere-1.png","contentUrl":"https:\/\/museal.com\/wp-content\/uploads\/2022\/01\/flute-a-biere-1.png","width":1500,"height":2000},{"@type":"BreadcrumbList","@id":"https:\/\/museal.com\/fr\/produit\/flute-a-biere-gelle-fra-de-will-kreutz\/#breadcrumb","itemListElement":[{"@type":"ListItem","position":1,"name":"Accueil","item":"https:\/\/museal.com\/fr\/"},{"@type":"ListItem","position":2,"name":"Boutique","item":"https:\/\/museal.com\/fr\/boutique\/"},{"@type":"ListItem","position":3,"name":"Fl\u00fbte \u00e0 bi\u00e8re &#8220;G\u00eblle Fra&#8221; de Will Kreutz"}]},{"@type":"WebSite","@id":"https:\/\/museal.com\/fr\/#website","url":"https:\/\/museal.com\/fr\/","name":"Museal Editions","description":"Objets d&#039;art et de d\u00e9coration inspir\u00e9s du Patrimoine luxembourgeois","publisher":{"@id":"https:\/\/museal.com\/fr\/#organization"},"potentialAction":[{"@type":"SearchAction","target":{"@type":"EntryPoint","urlTemplate":"https:\/\/museal.com\/fr\/?s={search_term_string}"},"query-input":{"@type":"PropertyValueSpecification","valueRequired":true,"valueName":"search_term_string"}}],"inLanguage":"fr-FR"},{"@type":"Organization","@id":"https:\/\/museal.com\/fr\/#organization","name":"Museal Editions","url":"https:\/\/museal.com\/fr\/","logo":{"@type":"ImageObject","inLanguage":"fr-FR","@id":"https:\/\/museal.com\/fr\/#\/schema\/logo\/image\/","url":"https:\/\/museal.com\/wp-content\/uploads\/2021\/05\/logo-e1621950424453.jpg","contentUrl":"https:\/\/museal.com\/wp-content\/uploads\/2021\/05\/logo-e1621950424453.jpg","width":732,"height":574,"caption":"Museal Editions"},"image":{"@id":"https:\/\/museal.com\/fr\/#\/schema\/logo\/image\/"}}]}},"_links":{"self":[{"href":"https:\/\/museal.com\/fr\/wp-json\/wp\/v2\/product\/12222","targetHints":{"allow":["GET"]}}],"collection":[{"href":"https:\/\/museal.com\/fr\/wp-json\/wp\/v2\/product"}],"about":[{"href":"https:\/\/museal.com\/fr\/wp-json\/wp\/v2\/types\/product"}],"wp:featuredmedia":[{"embeddable":true,"href":"https:\/\/museal.com\/fr\/wp-json\/wp\/v2\/media\/14550"}],"wp:attachment":[{"href":"https:\/\/museal.com\/fr\/wp-json\/wp\/v2\/media?parent=12222"}],"wp:term":[{"taxonomy":"product_brand","embeddable":true,"href":"https:\/\/museal.com\/fr\/wp-json\/wp\/v2\/product_brand?post=12222"},{"taxonomy":"product_cat","embeddable":true,"href":"https:\/\/museal.com\/fr\/wp-json\/wp\/v2\/product_cat?post=12222"},{"taxonomy":"product_tag","embeddable":true,"href":"https:\/\/museal.com\/fr\/wp-json\/wp\/v2\/product_tag?post=12222"}],"curies":[{"name":"wp","href":"https:\/\/api.w.org\/{rel}","templated":true}]}}