{"id":12232,"date":"2022-01-19T17:32:14","date_gmt":"2022-01-19T16:32:14","guid":{"rendered":"https:\/\/shop.museal.com\/?post_type=product&#038;p=12232"},"modified":"2025-09-19T10:25:12","modified_gmt":"2025-09-19T08:25:12","slug":"la-flute-a-champagne-lion-rouge","status":"publish","type":"product","link":"https:\/\/museal.com\/fr\/produit\/la-flute-a-champagne-lion-rouge\/","title":{"rendered":"La fl\u00fbte \u00e0 champagne &#8220;Lion rouge&#8221;"},"content":{"rendered":"<p>Le Lion Rouge (Roude L\u00e9iew) prend ses origines dans les armoiries m\u00e9di\u00e9vales du Grand-duch\u00e9 de Luxembourg et symbolise aujourd\u2019hui la fiert\u00e9 nationale par excellence. Il ne figure pas sur le drapeau national mais sur le pavillon officiel de la batellerie et de l\u2019aviation luxembourgeoise, datant de 1990 et l\u00e9galis\u00e9 en 2007. Il est depuis lors hiss\u00e9 notamment pendant les manifestations sportives et culturelles.<\/p>\n","protected":false},"excerpt":{"rendered":"<p>Fl\u00fbte \u00e0 champagne en cristallin sabl\u00e9e, souffl\u00e9e \u00e0 la canne, par\u00e9e du lion rouge. Pr\u00e9sent\u00e9e dans un \u00e9crin. Dimensions de la fl\u00fbte : Hauteur : 24cm, diam\u00e8tre : 8cm, contenance : 150ml et de la bo\u00eete : 9 x 9 x 33 cm. Poids de la bo\u00eete : environ 600g.<\/p>\n","protected":false},"featured_media":13704,"template":"","meta":[],"product_brand":[],"product_cat":[140,88],"product_tag":[],"class_list":{"0":"post-12232","1":"product","2":"type-product","3":"status-publish","4":"has-post-thumbnail","6":"product_cat-art-et-vin-art-de-la-table","7":"product_cat-createurs-luxembourgeois","9":"first","10":"instock","11":"taxable","12":"shipping-taxable","13":"purchasable","14":"product-type-simple"},"yoast_head":"<!-- This site is optimized with the Yoast SEO plugin v27.3 - https:\/\/yoast.com\/product\/yoast-seo-wordpress\/ -->\n<title>La fl\u00fbte \u00e0 champagne &quot;Lion rouge&quot; - Museal Editions<\/title>\n<meta name=\"description\" content=\"Fl\u00fbte \u00e0 champagne en cristallin sabl\u00e9e, souffl\u00e9e \u00e0 la canne, par\u00e9e du lion rouge, qui prend ses origines dans les armoiries m\u00e9di\u00e9vales du Grand-duch\u00e9.\" \/>\n<meta name=\"robots\" content=\"index, follow, max-snippet:-1, max-image-preview:large, max-video-preview:-1\" \/>\n<link rel=\"canonical\" href=\"https:\/\/museal.com\/fr\/produit\/la-flute-a-champagne-lion-rouge\/\" \/>\n<meta property=\"og:locale\" content=\"fr_FR\" \/>\n<meta property=\"og:type\" content=\"article\" \/>\n<meta property=\"og:title\" content=\"La fl\u00fbte \u00e0 champagne &quot;Lion rouge&quot; - Museal Editions\" \/>\n<meta property=\"og:description\" content=\"Fl\u00fbte \u00e0 champagne en cristallin sabl\u00e9e, souffl\u00e9e \u00e0 la canne, par\u00e9e du lion rouge, qui prend ses origines dans les armoiries m\u00e9di\u00e9vales du Grand-duch\u00e9.\" \/>\n<meta property=\"og:url\" content=\"https:\/\/museal.com\/fr\/produit\/la-flute-a-champagne-lion-rouge\/\" \/>\n<meta property=\"og:site_name\" content=\"Museal Editions\" \/>\n<meta property=\"article:modified_time\" content=\"2025-09-19T08:25:12+00:00\" \/>\n<meta property=\"og:image\" content=\"https:\/\/museal.com\/wp-content\/uploads\/2022\/01\/flutes-a-champagne-lion.png\" \/>\n\t<meta property=\"og:image:width\" content=\"1500\" \/>\n\t<meta property=\"og:image:height\" content=\"2000\" \/>\n\t<meta property=\"og:image:type\" content=\"image\/png\" \/>\n<meta name=\"twitter:card\" content=\"summary_large_image\" \/>\n<script type=\"application\/ld+json\" class=\"yoast-schema-graph\">{\"@context\":\"https:\\\/\\\/schema.org\",\"@graph\":[{\"@type\":\"WebPage\",\"@id\":\"https:\\\/\\\/museal.com\\\/fr\\\/produit\\\/la-flute-a-champagne-lion-rouge\\\/\",\"url\":\"https:\\\/\\\/museal.com\\\/fr\\\/produit\\\/la-flute-a-champagne-lion-rouge\\\/\",\"name\":\"La fl\u00fbte \u00e0 champagne \\\"Lion rouge\\\" - Museal Editions\",\"isPartOf\":{\"@id\":\"https:\\\/\\\/museal.com\\\/fr\\\/#website\"},\"primaryImageOfPage\":{\"@id\":\"https:\\\/\\\/museal.com\\\/fr\\\/produit\\\/la-flute-a-champagne-lion-rouge\\\/#primaryimage\"},\"image\":{\"@id\":\"https:\\\/\\\/museal.com\\\/fr\\\/produit\\\/la-flute-a-champagne-lion-rouge\\\/#primaryimage\"},\"thumbnailUrl\":\"https:\\\/\\\/museal.com\\\/wp-content\\\/uploads\\\/2022\\\/01\\\/flutes-a-champagne-lion.png\",\"datePublished\":\"2022-01-19T16:32:14+00:00\",\"dateModified\":\"2025-09-19T08:25:12+00:00\",\"description\":\"Fl\u00fbte \u00e0 champagne en cristallin sabl\u00e9e, souffl\u00e9e \u00e0 la canne, par\u00e9e du lion rouge, qui prend ses origines dans les armoiries m\u00e9di\u00e9vales du Grand-duch\u00e9.\",\"breadcrumb\":{\"@id\":\"https:\\\/\\\/museal.com\\\/fr\\\/produit\\\/la-flute-a-champagne-lion-rouge\\\/#breadcrumb\"},\"inLanguage\":\"fr-FR\",\"potentialAction\":[{\"@type\":\"ReadAction\",\"target\":[\"https:\\\/\\\/museal.com\\\/fr\\\/produit\\\/la-flute-a-champagne-lion-rouge\\\/\"]}]},{\"@type\":\"ImageObject\",\"inLanguage\":\"fr-FR\",\"@id\":\"https:\\\/\\\/museal.com\\\/fr\\\/produit\\\/la-flute-a-champagne-lion-rouge\\\/#primaryimage\",\"url\":\"https:\\\/\\\/museal.com\\\/wp-content\\\/uploads\\\/2022\\\/01\\\/flutes-a-champagne-lion.png\",\"contentUrl\":\"https:\\\/\\\/museal.com\\\/wp-content\\\/uploads\\\/2022\\\/01\\\/flutes-a-champagne-lion.png\",\"width\":1500,\"height\":2000},{\"@type\":\"BreadcrumbList\",\"@id\":\"https:\\\/\\\/museal.com\\\/fr\\\/produit\\\/la-flute-a-champagne-lion-rouge\\\/#breadcrumb\",\"itemListElement\":[{\"@type\":\"ListItem\",\"position\":1,\"name\":\"Accueil\",\"item\":\"https:\\\/\\\/museal.com\\\/fr\\\/\"},{\"@type\":\"ListItem\",\"position\":2,\"name\":\"Boutique\",\"item\":\"https:\\\/\\\/museal.com\\\/fr\\\/boutique\\\/\"},{\"@type\":\"ListItem\",\"position\":3,\"name\":\"La fl\u00fbte \u00e0 champagne &#8220;Lion rouge&#8221;\"}]},{\"@type\":\"WebSite\",\"@id\":\"https:\\\/\\\/museal.com\\\/fr\\\/#website\",\"url\":\"https:\\\/\\\/museal.com\\\/fr\\\/\",\"name\":\"Museal Editions\",\"description\":\"Objets d&#039;art et de d\u00e9coration inspir\u00e9s du Patrimoine luxembourgeois\",\"publisher\":{\"@id\":\"https:\\\/\\\/museal.com\\\/fr\\\/#organization\"},\"potentialAction\":[{\"@type\":\"SearchAction\",\"target\":{\"@type\":\"EntryPoint\",\"urlTemplate\":\"https:\\\/\\\/museal.com\\\/fr\\\/?s={search_term_string}\"},\"query-input\":{\"@type\":\"PropertyValueSpecification\",\"valueRequired\":true,\"valueName\":\"search_term_string\"}}],\"inLanguage\":\"fr-FR\"},{\"@type\":\"Organization\",\"@id\":\"https:\\\/\\\/museal.com\\\/fr\\\/#organization\",\"name\":\"Museal Editions\",\"url\":\"https:\\\/\\\/museal.com\\\/fr\\\/\",\"logo\":{\"@type\":\"ImageObject\",\"inLanguage\":\"fr-FR\",\"@id\":\"https:\\\/\\\/museal.com\\\/fr\\\/#\\\/schema\\\/logo\\\/image\\\/\",\"url\":\"https:\\\/\\\/museal.com\\\/wp-content\\\/uploads\\\/2021\\\/05\\\/logo-e1621950424453.jpg\",\"contentUrl\":\"https:\\\/\\\/museal.com\\\/wp-content\\\/uploads\\\/2021\\\/05\\\/logo-e1621950424453.jpg\",\"width\":732,\"height\":574,\"caption\":\"Museal Editions\"},\"image\":{\"@id\":\"https:\\\/\\\/museal.com\\\/fr\\\/#\\\/schema\\\/logo\\\/image\\\/\"}}]}<\/script>\n<!-- \/ Yoast SEO plugin. -->","yoast_head_json":{"title":"La fl\u00fbte \u00e0 champagne \"Lion rouge\" - Museal Editions","description":"Fl\u00fbte \u00e0 champagne en cristallin sabl\u00e9e, souffl\u00e9e \u00e0 la canne, par\u00e9e du lion rouge, qui prend ses origines dans les armoiries m\u00e9di\u00e9vales du Grand-duch\u00e9.","robots":{"index":"index","follow":"follow","max-snippet":"max-snippet:-1","max-image-preview":"max-image-preview:large","max-video-preview":"max-video-preview:-1"},"canonical":"https:\/\/museal.com\/fr\/produit\/la-flute-a-champagne-lion-rouge\/","og_locale":"fr_FR","og_type":"article","og_title":"La fl\u00fbte \u00e0 champagne \"Lion rouge\" - Museal Editions","og_description":"Fl\u00fbte \u00e0 champagne en cristallin sabl\u00e9e, souffl\u00e9e \u00e0 la canne, par\u00e9e du lion rouge, qui prend ses origines dans les armoiries m\u00e9di\u00e9vales du Grand-duch\u00e9.","og_url":"https:\/\/museal.com\/fr\/produit\/la-flute-a-champagne-lion-rouge\/","og_site_name":"Museal Editions","article_modified_time":"2025-09-19T08:25:12+00:00","og_image":[{"width":1500,"height":2000,"url":"https:\/\/museal.com\/wp-content\/uploads\/2022\/01\/flutes-a-champagne-lion.png","type":"image\/png"}],"twitter_card":"summary_large_image","schema":{"@context":"https:\/\/schema.org","@graph":[{"@type":"WebPage","@id":"https:\/\/museal.com\/fr\/produit\/la-flute-a-champagne-lion-rouge\/","url":"https:\/\/museal.com\/fr\/produit\/la-flute-a-champagne-lion-rouge\/","name":"La fl\u00fbte \u00e0 champagne \"Lion rouge\" - Museal Editions","isPartOf":{"@id":"https:\/\/museal.com\/fr\/#website"},"primaryImageOfPage":{"@id":"https:\/\/museal.com\/fr\/produit\/la-flute-a-champagne-lion-rouge\/#primaryimage"},"image":{"@id":"https:\/\/museal.com\/fr\/produit\/la-flute-a-champagne-lion-rouge\/#primaryimage"},"thumbnailUrl":"https:\/\/museal.com\/wp-content\/uploads\/2022\/01\/flutes-a-champagne-lion.png","datePublished":"2022-01-19T16:32:14+00:00","dateModified":"2025-09-19T08:25:12+00:00","description":"Fl\u00fbte \u00e0 champagne en cristallin sabl\u00e9e, souffl\u00e9e \u00e0 la canne, par\u00e9e du lion rouge, qui prend ses origines dans les armoiries m\u00e9di\u00e9vales du Grand-duch\u00e9.","breadcrumb":{"@id":"https:\/\/museal.com\/fr\/produit\/la-flute-a-champagne-lion-rouge\/#breadcrumb"},"inLanguage":"fr-FR","potentialAction":[{"@type":"ReadAction","target":["https:\/\/museal.com\/fr\/produit\/la-flute-a-champagne-lion-rouge\/"]}]},{"@type":"ImageObject","inLanguage":"fr-FR","@id":"https:\/\/museal.com\/fr\/produit\/la-flute-a-champagne-lion-rouge\/#primaryimage","url":"https:\/\/museal.com\/wp-content\/uploads\/2022\/01\/flutes-a-champagne-lion.png","contentUrl":"https:\/\/museal.com\/wp-content\/uploads\/2022\/01\/flutes-a-champagne-lion.png","width":1500,"height":2000},{"@type":"BreadcrumbList","@id":"https:\/\/museal.com\/fr\/produit\/la-flute-a-champagne-lion-rouge\/#breadcrumb","itemListElement":[{"@type":"ListItem","position":1,"name":"Accueil","item":"https:\/\/museal.com\/fr\/"},{"@type":"ListItem","position":2,"name":"Boutique","item":"https:\/\/museal.com\/fr\/boutique\/"},{"@type":"ListItem","position":3,"name":"La fl\u00fbte \u00e0 champagne &#8220;Lion rouge&#8221;"}]},{"@type":"WebSite","@id":"https:\/\/museal.com\/fr\/#website","url":"https:\/\/museal.com\/fr\/","name":"Museal Editions","description":"Objets d&#039;art et de d\u00e9coration inspir\u00e9s du Patrimoine luxembourgeois","publisher":{"@id":"https:\/\/museal.com\/fr\/#organization"},"potentialAction":[{"@type":"SearchAction","target":{"@type":"EntryPoint","urlTemplate":"https:\/\/museal.com\/fr\/?s={search_term_string}"},"query-input":{"@type":"PropertyValueSpecification","valueRequired":true,"valueName":"search_term_string"}}],"inLanguage":"fr-FR"},{"@type":"Organization","@id":"https:\/\/museal.com\/fr\/#organization","name":"Museal Editions","url":"https:\/\/museal.com\/fr\/","logo":{"@type":"ImageObject","inLanguage":"fr-FR","@id":"https:\/\/museal.com\/fr\/#\/schema\/logo\/image\/","url":"https:\/\/museal.com\/wp-content\/uploads\/2021\/05\/logo-e1621950424453.jpg","contentUrl":"https:\/\/museal.com\/wp-content\/uploads\/2021\/05\/logo-e1621950424453.jpg","width":732,"height":574,"caption":"Museal Editions"},"image":{"@id":"https:\/\/museal.com\/fr\/#\/schema\/logo\/image\/"}}]}},"_links":{"self":[{"href":"https:\/\/museal.com\/fr\/wp-json\/wp\/v2\/product\/12232","targetHints":{"allow":["GET"]}}],"collection":[{"href":"https:\/\/museal.com\/fr\/wp-json\/wp\/v2\/product"}],"about":[{"href":"https:\/\/museal.com\/fr\/wp-json\/wp\/v2\/types\/product"}],"wp:featuredmedia":[{"embeddable":true,"href":"https:\/\/museal.com\/fr\/wp-json\/wp\/v2\/media\/13704"}],"wp:attachment":[{"href":"https:\/\/museal.com\/fr\/wp-json\/wp\/v2\/media?parent=12232"}],"wp:term":[{"taxonomy":"product_brand","embeddable":true,"href":"https:\/\/museal.com\/fr\/wp-json\/wp\/v2\/product_brand?post=12232"},{"taxonomy":"product_cat","embeddable":true,"href":"https:\/\/museal.com\/fr\/wp-json\/wp\/v2\/product_cat?post=12232"},{"taxonomy":"product_tag","embeddable":true,"href":"https:\/\/museal.com\/fr\/wp-json\/wp\/v2\/product_tag?post=12232"}],"curies":[{"name":"wp","href":"https:\/\/api.w.org\/{rel}","templated":true}]}}