{"id":12252,"date":"2022-01-20T09:45:12","date_gmt":"2022-01-20T08:45:12","guid":{"rendered":"https:\/\/shop.museal.com\/?post_type=product&#038;p=12252"},"modified":"2024-04-26T11:14:14","modified_gmt":"2024-04-26T09:14:14","slug":"la-vierge-consolatrice-en-bronze-dart","status":"publish","type":"product","link":"https:\/\/museal.com\/fr\/produit\/la-vierge-consolatrice-en-bronze-dart\/","title":{"rendered":"La Vierge Consolatrice en bronze d&#8217;art"},"content":{"rendered":"<div>La Vierge Consolatrice des Afflig\u00e9s (ou Vierge \u00e0 l\u2019enfant) date de 1624 et fut initialement conserv\u00e9e sur le glacis \u00e0 l\u2019ext\u00e9rieur des remparts de fortification de la ville par le P\u00e8re Brocquart du coll\u00e8ge des J\u00e9suites.<\/div>\n<div>Tr\u00e8s vite, son invocation remporta un succ\u00e8s grandissant et un p\u00e8lerinage annuel fut organis\u00e9, qui se perp\u00e9tue encore de nos jours pendant la p\u00e9riode de l\u2019Octave.<\/div>\n<div><\/div>\n<div>La Vierge Consolatrice des Afflig\u00e9s devient la patronne de la ville de Luxembourg d\u00e8s 1666 et la protectrice du pays \u00e0 partir de 1678. On peut l\u2019admirer dans ce qui fut l\u2019ancienne \u00e9glise j\u00e9suite depuis 1794, devenue la cath\u00e9drale Notre-Dame en 1870.<\/div>\n<div><\/div>\n<div>Son image ainsi que son message de r\u00e9confort et d\u2019esp\u00e9rance repr\u00e9sentent aux yeux d\u2019une grande partie de la population luxembourgeoise une des composantes du sentiment national et de la conscience collective.<\/div>\n","protected":false},"excerpt":{"rendered":"<p>Bronze d\u2019art patin\u00e9 main dans les teintes brunes et dor\u00e9es, concu par l&#8217;artiste luxembourgeois Roby Kieffer. Il s&#8217;est inspir\u00e9 du bas relief ornant le fronton de la porte Nord de la Cath\u00e9drale Notre-Dame.<br \/>\nS\u00e9rie sign\u00e9e et num\u00e9rot\u00e9e sur 70 exemplaires, portant le cachet Mus\u00e9al Editions. Livr\u00e9 avec son certificat d\u2019authenticit\u00e9.<br \/>\nTaille : 17 x 7.7 x 3.2cm, Poids : 940g.<\/p>\n","protected":false},"featured_media":13776,"template":"","meta":[],"product_brand":[],"product_cat":[89],"product_tag":[],"class_list":{"0":"post-12252","1":"product","2":"type-product","3":"status-publish","4":"has-post-thumbnail","6":"product_cat-sculptures-et-bronzes-d-art","8":"first","9":"instock","10":"taxable","11":"shipping-taxable","12":"purchasable","13":"product-type-simple"},"yoast_head":"<!-- This site is optimized with the Yoast SEO plugin v27.3 - https:\/\/yoast.com\/product\/yoast-seo-wordpress\/ -->\n<title>La Vierge Consolatrice en bronze d&#039;art - Museal Editions<\/title>\n<meta name=\"description\" content=\"Bronze d\u2019art patin\u00e9 main dans les teintes brunes et dor\u00e9es, Il s&#039;est inspir\u00e9 du bas relief ornant le fronton de la porte Nord de la Cath\u00e9drale Notre-Dame.\" \/>\n<meta name=\"robots\" content=\"index, follow, max-snippet:-1, max-image-preview:large, max-video-preview:-1\" \/>\n<link rel=\"canonical\" href=\"https:\/\/museal.com\/fr\/produit\/la-vierge-consolatrice-en-bronze-dart\/\" \/>\n<meta property=\"og:locale\" content=\"fr_FR\" \/>\n<meta property=\"og:type\" content=\"article\" \/>\n<meta property=\"og:title\" content=\"La Vierge Consolatrice en bronze d&#039;art - Museal Editions\" \/>\n<meta property=\"og:description\" content=\"Bronze d\u2019art patin\u00e9 main dans les teintes brunes et dor\u00e9es, Il s&#039;est inspir\u00e9 du bas relief ornant le fronton de la porte Nord de la Cath\u00e9drale Notre-Dame.\" \/>\n<meta property=\"og:url\" content=\"https:\/\/museal.com\/fr\/produit\/la-vierge-consolatrice-en-bronze-dart\/\" \/>\n<meta property=\"og:site_name\" content=\"Museal Editions\" \/>\n<meta property=\"article:modified_time\" content=\"2024-04-26T09:14:14+00:00\" \/>\n<meta property=\"og:image\" content=\"https:\/\/museal.com\/wp-content\/uploads\/2022\/01\/vierge-consolatrice-768x1024.png\" \/>\n\t<meta property=\"og:image:width\" content=\"768\" \/>\n\t<meta property=\"og:image:height\" content=\"1024\" \/>\n\t<meta property=\"og:image:type\" content=\"image\/png\" \/>\n<meta name=\"twitter:card\" content=\"summary_large_image\" \/>\n<script type=\"application\/ld+json\" class=\"yoast-schema-graph\">{\"@context\":\"https:\\\/\\\/schema.org\",\"@graph\":[{\"@type\":\"WebPage\",\"@id\":\"https:\\\/\\\/museal.com\\\/fr\\\/produit\\\/la-vierge-consolatrice-en-bronze-dart\\\/\",\"url\":\"https:\\\/\\\/museal.com\\\/fr\\\/produit\\\/la-vierge-consolatrice-en-bronze-dart\\\/\",\"name\":\"La Vierge Consolatrice en bronze d'art - Museal Editions\",\"isPartOf\":{\"@id\":\"https:\\\/\\\/museal.com\\\/fr\\\/#website\"},\"primaryImageOfPage\":{\"@id\":\"https:\\\/\\\/museal.com\\\/fr\\\/produit\\\/la-vierge-consolatrice-en-bronze-dart\\\/#primaryimage\"},\"image\":{\"@id\":\"https:\\\/\\\/museal.com\\\/fr\\\/produit\\\/la-vierge-consolatrice-en-bronze-dart\\\/#primaryimage\"},\"thumbnailUrl\":\"https:\\\/\\\/museal.com\\\/wp-content\\\/uploads\\\/2022\\\/01\\\/vierge-consolatrice.png\",\"datePublished\":\"2022-01-20T08:45:12+00:00\",\"dateModified\":\"2024-04-26T09:14:14+00:00\",\"description\":\"Bronze d\u2019art patin\u00e9 main dans les teintes brunes et dor\u00e9es, Il s'est inspir\u00e9 du bas relief ornant le fronton de la porte Nord de la Cath\u00e9drale Notre-Dame.\",\"breadcrumb\":{\"@id\":\"https:\\\/\\\/museal.com\\\/fr\\\/produit\\\/la-vierge-consolatrice-en-bronze-dart\\\/#breadcrumb\"},\"inLanguage\":\"fr-FR\",\"potentialAction\":[{\"@type\":\"ReadAction\",\"target\":[\"https:\\\/\\\/museal.com\\\/fr\\\/produit\\\/la-vierge-consolatrice-en-bronze-dart\\\/\"]}]},{\"@type\":\"ImageObject\",\"inLanguage\":\"fr-FR\",\"@id\":\"https:\\\/\\\/museal.com\\\/fr\\\/produit\\\/la-vierge-consolatrice-en-bronze-dart\\\/#primaryimage\",\"url\":\"https:\\\/\\\/museal.com\\\/wp-content\\\/uploads\\\/2022\\\/01\\\/vierge-consolatrice.png\",\"contentUrl\":\"https:\\\/\\\/museal.com\\\/wp-content\\\/uploads\\\/2022\\\/01\\\/vierge-consolatrice.png\",\"width\":1500,\"height\":2000},{\"@type\":\"BreadcrumbList\",\"@id\":\"https:\\\/\\\/museal.com\\\/fr\\\/produit\\\/la-vierge-consolatrice-en-bronze-dart\\\/#breadcrumb\",\"itemListElement\":[{\"@type\":\"ListItem\",\"position\":1,\"name\":\"Accueil\",\"item\":\"https:\\\/\\\/museal.com\\\/fr\\\/\"},{\"@type\":\"ListItem\",\"position\":2,\"name\":\"Boutique\",\"item\":\"https:\\\/\\\/museal.com\\\/fr\\\/boutique\\\/\"},{\"@type\":\"ListItem\",\"position\":3,\"name\":\"La Vierge Consolatrice en bronze d&#8217;art\"}]},{\"@type\":\"WebSite\",\"@id\":\"https:\\\/\\\/museal.com\\\/fr\\\/#website\",\"url\":\"https:\\\/\\\/museal.com\\\/fr\\\/\",\"name\":\"Museal Editions\",\"description\":\"Objets d&#039;art et de d\u00e9coration inspir\u00e9s du Patrimoine luxembourgeois\",\"publisher\":{\"@id\":\"https:\\\/\\\/museal.com\\\/fr\\\/#organization\"},\"potentialAction\":[{\"@type\":\"SearchAction\",\"target\":{\"@type\":\"EntryPoint\",\"urlTemplate\":\"https:\\\/\\\/museal.com\\\/fr\\\/?s={search_term_string}\"},\"query-input\":{\"@type\":\"PropertyValueSpecification\",\"valueRequired\":true,\"valueName\":\"search_term_string\"}}],\"inLanguage\":\"fr-FR\"},{\"@type\":\"Organization\",\"@id\":\"https:\\\/\\\/museal.com\\\/fr\\\/#organization\",\"name\":\"Museal Editions\",\"url\":\"https:\\\/\\\/museal.com\\\/fr\\\/\",\"logo\":{\"@type\":\"ImageObject\",\"inLanguage\":\"fr-FR\",\"@id\":\"https:\\\/\\\/museal.com\\\/fr\\\/#\\\/schema\\\/logo\\\/image\\\/\",\"url\":\"https:\\\/\\\/museal.com\\\/wp-content\\\/uploads\\\/2021\\\/05\\\/logo-e1621950424453.jpg\",\"contentUrl\":\"https:\\\/\\\/museal.com\\\/wp-content\\\/uploads\\\/2021\\\/05\\\/logo-e1621950424453.jpg\",\"width\":732,\"height\":574,\"caption\":\"Museal Editions\"},\"image\":{\"@id\":\"https:\\\/\\\/museal.com\\\/fr\\\/#\\\/schema\\\/logo\\\/image\\\/\"}}]}<\/script>\n<!-- \/ Yoast SEO plugin. -->","yoast_head_json":{"title":"La Vierge Consolatrice en bronze d'art - Museal Editions","description":"Bronze d\u2019art patin\u00e9 main dans les teintes brunes et dor\u00e9es, Il s'est inspir\u00e9 du bas relief ornant le fronton de la porte Nord de la Cath\u00e9drale Notre-Dame.","robots":{"index":"index","follow":"follow","max-snippet":"max-snippet:-1","max-image-preview":"max-image-preview:large","max-video-preview":"max-video-preview:-1"},"canonical":"https:\/\/museal.com\/fr\/produit\/la-vierge-consolatrice-en-bronze-dart\/","og_locale":"fr_FR","og_type":"article","og_title":"La Vierge Consolatrice en bronze d'art - Museal Editions","og_description":"Bronze d\u2019art patin\u00e9 main dans les teintes brunes et dor\u00e9es, Il s'est inspir\u00e9 du bas relief ornant le fronton de la porte Nord de la Cath\u00e9drale Notre-Dame.","og_url":"https:\/\/museal.com\/fr\/produit\/la-vierge-consolatrice-en-bronze-dart\/","og_site_name":"Museal Editions","article_modified_time":"2024-04-26T09:14:14+00:00","og_image":[{"width":768,"height":1024,"url":"https:\/\/museal.com\/wp-content\/uploads\/2022\/01\/vierge-consolatrice-768x1024.png","type":"image\/png"}],"twitter_card":"summary_large_image","schema":{"@context":"https:\/\/schema.org","@graph":[{"@type":"WebPage","@id":"https:\/\/museal.com\/fr\/produit\/la-vierge-consolatrice-en-bronze-dart\/","url":"https:\/\/museal.com\/fr\/produit\/la-vierge-consolatrice-en-bronze-dart\/","name":"La Vierge Consolatrice en bronze d'art - Museal Editions","isPartOf":{"@id":"https:\/\/museal.com\/fr\/#website"},"primaryImageOfPage":{"@id":"https:\/\/museal.com\/fr\/produit\/la-vierge-consolatrice-en-bronze-dart\/#primaryimage"},"image":{"@id":"https:\/\/museal.com\/fr\/produit\/la-vierge-consolatrice-en-bronze-dart\/#primaryimage"},"thumbnailUrl":"https:\/\/museal.com\/wp-content\/uploads\/2022\/01\/vierge-consolatrice.png","datePublished":"2022-01-20T08:45:12+00:00","dateModified":"2024-04-26T09:14:14+00:00","description":"Bronze d\u2019art patin\u00e9 main dans les teintes brunes et dor\u00e9es, Il s'est inspir\u00e9 du bas relief ornant le fronton de la porte Nord de la Cath\u00e9drale Notre-Dame.","breadcrumb":{"@id":"https:\/\/museal.com\/fr\/produit\/la-vierge-consolatrice-en-bronze-dart\/#breadcrumb"},"inLanguage":"fr-FR","potentialAction":[{"@type":"ReadAction","target":["https:\/\/museal.com\/fr\/produit\/la-vierge-consolatrice-en-bronze-dart\/"]}]},{"@type":"ImageObject","inLanguage":"fr-FR","@id":"https:\/\/museal.com\/fr\/produit\/la-vierge-consolatrice-en-bronze-dart\/#primaryimage","url":"https:\/\/museal.com\/wp-content\/uploads\/2022\/01\/vierge-consolatrice.png","contentUrl":"https:\/\/museal.com\/wp-content\/uploads\/2022\/01\/vierge-consolatrice.png","width":1500,"height":2000},{"@type":"BreadcrumbList","@id":"https:\/\/museal.com\/fr\/produit\/la-vierge-consolatrice-en-bronze-dart\/#breadcrumb","itemListElement":[{"@type":"ListItem","position":1,"name":"Accueil","item":"https:\/\/museal.com\/fr\/"},{"@type":"ListItem","position":2,"name":"Boutique","item":"https:\/\/museal.com\/fr\/boutique\/"},{"@type":"ListItem","position":3,"name":"La Vierge Consolatrice en bronze d&#8217;art"}]},{"@type":"WebSite","@id":"https:\/\/museal.com\/fr\/#website","url":"https:\/\/museal.com\/fr\/","name":"Museal Editions","description":"Objets d&#039;art et de d\u00e9coration inspir\u00e9s du Patrimoine luxembourgeois","publisher":{"@id":"https:\/\/museal.com\/fr\/#organization"},"potentialAction":[{"@type":"SearchAction","target":{"@type":"EntryPoint","urlTemplate":"https:\/\/museal.com\/fr\/?s={search_term_string}"},"query-input":{"@type":"PropertyValueSpecification","valueRequired":true,"valueName":"search_term_string"}}],"inLanguage":"fr-FR"},{"@type":"Organization","@id":"https:\/\/museal.com\/fr\/#organization","name":"Museal Editions","url":"https:\/\/museal.com\/fr\/","logo":{"@type":"ImageObject","inLanguage":"fr-FR","@id":"https:\/\/museal.com\/fr\/#\/schema\/logo\/image\/","url":"https:\/\/museal.com\/wp-content\/uploads\/2021\/05\/logo-e1621950424453.jpg","contentUrl":"https:\/\/museal.com\/wp-content\/uploads\/2021\/05\/logo-e1621950424453.jpg","width":732,"height":574,"caption":"Museal Editions"},"image":{"@id":"https:\/\/museal.com\/fr\/#\/schema\/logo\/image\/"}}]}},"_links":{"self":[{"href":"https:\/\/museal.com\/fr\/wp-json\/wp\/v2\/product\/12252","targetHints":{"allow":["GET"]}}],"collection":[{"href":"https:\/\/museal.com\/fr\/wp-json\/wp\/v2\/product"}],"about":[{"href":"https:\/\/museal.com\/fr\/wp-json\/wp\/v2\/types\/product"}],"wp:featuredmedia":[{"embeddable":true,"href":"https:\/\/museal.com\/fr\/wp-json\/wp\/v2\/media\/13776"}],"wp:attachment":[{"href":"https:\/\/museal.com\/fr\/wp-json\/wp\/v2\/media?parent=12252"}],"wp:term":[{"taxonomy":"product_brand","embeddable":true,"href":"https:\/\/museal.com\/fr\/wp-json\/wp\/v2\/product_brand?post=12252"},{"taxonomy":"product_cat","embeddable":true,"href":"https:\/\/museal.com\/fr\/wp-json\/wp\/v2\/product_cat?post=12252"},{"taxonomy":"product_tag","embeddable":true,"href":"https:\/\/museal.com\/fr\/wp-json\/wp\/v2\/product_tag?post=12252"}],"curies":[{"name":"wp","href":"https:\/\/api.w.org\/{rel}","templated":true}]}}