{"id":12253,"date":"2022-01-20T09:47:53","date_gmt":"2022-01-20T08:47:53","guid":{"rendered":"https:\/\/shop.museal.com\/?post_type=product&#038;p=12253"},"modified":"2024-01-01T23:07:44","modified_gmt":"2024-01-01T22:07:44","slug":"plat-rouge-en-porcelaine-signe-de-martine-deny","status":"publish","type":"product","link":"https:\/\/museal.com\/fr\/produit\/plat-rouge-en-porcelaine-signe-de-martine-deny\/","title":{"rendered":"Plat rouge en porcelaine sign\u00e9 de Martine Deny"},"content":{"rendered":"","protected":false},"excerpt":{"rendered":"<p>Plat blanc \u00e0 motifs rouges &#8220;Plong\u00e9es&#8221; figurant les fameuses &#8220;silhouettes&#8221; cr\u00e9es par Martine Deny. En porcelaine de Longchamp, de diam\u00e8tre 31 cm, num\u00e9rot\u00e9s chacun sur 100 exemplaires sign\u00e9s par Martine Deny.<\/p>\n","protected":false},"featured_media":13914,"template":"","meta":[],"product_brand":[],"product_cat":[140,88],"product_tag":[],"class_list":{"0":"post-12253","1":"product","2":"type-product","3":"status-publish","4":"has-post-thumbnail","6":"product_cat-art-et-vin-art-de-la-table","7":"product_cat-createurs-luxembourgeois","9":"first","10":"outofstock","11":"taxable","12":"shipping-taxable","13":"purchasable","14":"product-type-simple"},"yoast_head":"<!-- This site is optimized with the Yoast SEO plugin v27.3 - https:\/\/yoast.com\/product\/yoast-seo-wordpress\/ -->\n<title>Plat rouge en porcelaine sign\u00e9 de Martine Deny - Museal Editions<\/title>\n<meta name=\"robots\" content=\"index, follow, max-snippet:-1, max-image-preview:large, max-video-preview:-1\" \/>\n<link rel=\"canonical\" href=\"https:\/\/museal.com\/fr\/produit\/plat-rouge-en-porcelaine-signe-de-martine-deny\/\" \/>\n<meta property=\"og:locale\" content=\"fr_FR\" \/>\n<meta property=\"og:type\" content=\"article\" \/>\n<meta property=\"og:title\" content=\"Plat rouge en porcelaine sign\u00e9 de Martine Deny - Museal Editions\" \/>\n<meta property=\"og:description\" content=\"Plat blanc \u00e0 motifs rouges &quot;Plong\u00e9es&quot; figurant les fameuses &quot;silhouettes&quot; cr\u00e9es par Martine Deny. En porcelaine de Longchamp, de diam\u00e8tre 31 cm, num\u00e9rot\u00e9s chacun sur 100 exemplaires sign\u00e9s par Martine Deny.\" \/>\n<meta property=\"og:url\" content=\"https:\/\/museal.com\/fr\/produit\/plat-rouge-en-porcelaine-signe-de-martine-deny\/\" \/>\n<meta property=\"og:site_name\" content=\"Museal Editions\" \/>\n<meta property=\"article:modified_time\" content=\"2024-01-01T22:07:44+00:00\" \/>\n<meta property=\"og:image\" content=\"https:\/\/museal.com\/wp-content\/uploads\/2022\/01\/assiette.png\" \/>\n\t<meta property=\"og:image:width\" content=\"1500\" \/>\n\t<meta property=\"og:image:height\" content=\"2000\" \/>\n\t<meta property=\"og:image:type\" content=\"image\/png\" \/>\n<meta name=\"twitter:card\" content=\"summary_large_image\" \/>\n<script type=\"application\/ld+json\" class=\"yoast-schema-graph\">{\"@context\":\"https:\\\/\\\/schema.org\",\"@graph\":[{\"@type\":\"WebPage\",\"@id\":\"https:\\\/\\\/museal.com\\\/fr\\\/produit\\\/plat-rouge-en-porcelaine-signe-de-martine-deny\\\/\",\"url\":\"https:\\\/\\\/museal.com\\\/fr\\\/produit\\\/plat-rouge-en-porcelaine-signe-de-martine-deny\\\/\",\"name\":\"Plat rouge en porcelaine sign\u00e9 de Martine Deny - Museal Editions\",\"isPartOf\":{\"@id\":\"https:\\\/\\\/museal.com\\\/fr\\\/#website\"},\"primaryImageOfPage\":{\"@id\":\"https:\\\/\\\/museal.com\\\/fr\\\/produit\\\/plat-rouge-en-porcelaine-signe-de-martine-deny\\\/#primaryimage\"},\"image\":{\"@id\":\"https:\\\/\\\/museal.com\\\/fr\\\/produit\\\/plat-rouge-en-porcelaine-signe-de-martine-deny\\\/#primaryimage\"},\"thumbnailUrl\":\"https:\\\/\\\/museal.com\\\/wp-content\\\/uploads\\\/2022\\\/01\\\/assiette.png\",\"datePublished\":\"2022-01-20T08:47:53+00:00\",\"dateModified\":\"2024-01-01T22:07:44+00:00\",\"breadcrumb\":{\"@id\":\"https:\\\/\\\/museal.com\\\/fr\\\/produit\\\/plat-rouge-en-porcelaine-signe-de-martine-deny\\\/#breadcrumb\"},\"inLanguage\":\"fr-FR\",\"potentialAction\":[{\"@type\":\"ReadAction\",\"target\":[\"https:\\\/\\\/museal.com\\\/fr\\\/produit\\\/plat-rouge-en-porcelaine-signe-de-martine-deny\\\/\"]}]},{\"@type\":\"ImageObject\",\"inLanguage\":\"fr-FR\",\"@id\":\"https:\\\/\\\/museal.com\\\/fr\\\/produit\\\/plat-rouge-en-porcelaine-signe-de-martine-deny\\\/#primaryimage\",\"url\":\"https:\\\/\\\/museal.com\\\/wp-content\\\/uploads\\\/2022\\\/01\\\/assiette.png\",\"contentUrl\":\"https:\\\/\\\/museal.com\\\/wp-content\\\/uploads\\\/2022\\\/01\\\/assiette.png\",\"width\":1500,\"height\":2000},{\"@type\":\"BreadcrumbList\",\"@id\":\"https:\\\/\\\/museal.com\\\/fr\\\/produit\\\/plat-rouge-en-porcelaine-signe-de-martine-deny\\\/#breadcrumb\",\"itemListElement\":[{\"@type\":\"ListItem\",\"position\":1,\"name\":\"Accueil\",\"item\":\"https:\\\/\\\/museal.com\\\/fr\\\/\"},{\"@type\":\"ListItem\",\"position\":2,\"name\":\"Boutique\",\"item\":\"https:\\\/\\\/museal.com\\\/fr\\\/boutique\\\/\"},{\"@type\":\"ListItem\",\"position\":3,\"name\":\"Plat rouge en porcelaine sign\u00e9 de Martine Deny\"}]},{\"@type\":\"WebSite\",\"@id\":\"https:\\\/\\\/museal.com\\\/fr\\\/#website\",\"url\":\"https:\\\/\\\/museal.com\\\/fr\\\/\",\"name\":\"Museal Editions\",\"description\":\"Objets d&#039;art et de d\u00e9coration inspir\u00e9s du Patrimoine luxembourgeois\",\"publisher\":{\"@id\":\"https:\\\/\\\/museal.com\\\/fr\\\/#organization\"},\"potentialAction\":[{\"@type\":\"SearchAction\",\"target\":{\"@type\":\"EntryPoint\",\"urlTemplate\":\"https:\\\/\\\/museal.com\\\/fr\\\/?s={search_term_string}\"},\"query-input\":{\"@type\":\"PropertyValueSpecification\",\"valueRequired\":true,\"valueName\":\"search_term_string\"}}],\"inLanguage\":\"fr-FR\"},{\"@type\":\"Organization\",\"@id\":\"https:\\\/\\\/museal.com\\\/fr\\\/#organization\",\"name\":\"Museal Editions\",\"url\":\"https:\\\/\\\/museal.com\\\/fr\\\/\",\"logo\":{\"@type\":\"ImageObject\",\"inLanguage\":\"fr-FR\",\"@id\":\"https:\\\/\\\/museal.com\\\/fr\\\/#\\\/schema\\\/logo\\\/image\\\/\",\"url\":\"https:\\\/\\\/museal.com\\\/wp-content\\\/uploads\\\/2021\\\/05\\\/logo-e1621950424453.jpg\",\"contentUrl\":\"https:\\\/\\\/museal.com\\\/wp-content\\\/uploads\\\/2021\\\/05\\\/logo-e1621950424453.jpg\",\"width\":732,\"height\":574,\"caption\":\"Museal Editions\"},\"image\":{\"@id\":\"https:\\\/\\\/museal.com\\\/fr\\\/#\\\/schema\\\/logo\\\/image\\\/\"}}]}<\/script>\n<!-- \/ Yoast SEO plugin. -->","yoast_head_json":{"title":"Plat rouge en porcelaine sign\u00e9 de Martine Deny - Museal Editions","robots":{"index":"index","follow":"follow","max-snippet":"max-snippet:-1","max-image-preview":"max-image-preview:large","max-video-preview":"max-video-preview:-1"},"canonical":"https:\/\/museal.com\/fr\/produit\/plat-rouge-en-porcelaine-signe-de-martine-deny\/","og_locale":"fr_FR","og_type":"article","og_title":"Plat rouge en porcelaine sign\u00e9 de Martine Deny - Museal Editions","og_description":"Plat blanc \u00e0 motifs rouges \"Plong\u00e9es\" figurant les fameuses \"silhouettes\" cr\u00e9es par Martine Deny. En porcelaine de Longchamp, de diam\u00e8tre 31 cm, num\u00e9rot\u00e9s chacun sur 100 exemplaires sign\u00e9s par Martine Deny.","og_url":"https:\/\/museal.com\/fr\/produit\/plat-rouge-en-porcelaine-signe-de-martine-deny\/","og_site_name":"Museal Editions","article_modified_time":"2024-01-01T22:07:44+00:00","og_image":[{"width":1500,"height":2000,"url":"https:\/\/museal.com\/wp-content\/uploads\/2022\/01\/assiette.png","type":"image\/png"}],"twitter_card":"summary_large_image","schema":{"@context":"https:\/\/schema.org","@graph":[{"@type":"WebPage","@id":"https:\/\/museal.com\/fr\/produit\/plat-rouge-en-porcelaine-signe-de-martine-deny\/","url":"https:\/\/museal.com\/fr\/produit\/plat-rouge-en-porcelaine-signe-de-martine-deny\/","name":"Plat rouge en porcelaine sign\u00e9 de Martine Deny - Museal Editions","isPartOf":{"@id":"https:\/\/museal.com\/fr\/#website"},"primaryImageOfPage":{"@id":"https:\/\/museal.com\/fr\/produit\/plat-rouge-en-porcelaine-signe-de-martine-deny\/#primaryimage"},"image":{"@id":"https:\/\/museal.com\/fr\/produit\/plat-rouge-en-porcelaine-signe-de-martine-deny\/#primaryimage"},"thumbnailUrl":"https:\/\/museal.com\/wp-content\/uploads\/2022\/01\/assiette.png","datePublished":"2022-01-20T08:47:53+00:00","dateModified":"2024-01-01T22:07:44+00:00","breadcrumb":{"@id":"https:\/\/museal.com\/fr\/produit\/plat-rouge-en-porcelaine-signe-de-martine-deny\/#breadcrumb"},"inLanguage":"fr-FR","potentialAction":[{"@type":"ReadAction","target":["https:\/\/museal.com\/fr\/produit\/plat-rouge-en-porcelaine-signe-de-martine-deny\/"]}]},{"@type":"ImageObject","inLanguage":"fr-FR","@id":"https:\/\/museal.com\/fr\/produit\/plat-rouge-en-porcelaine-signe-de-martine-deny\/#primaryimage","url":"https:\/\/museal.com\/wp-content\/uploads\/2022\/01\/assiette.png","contentUrl":"https:\/\/museal.com\/wp-content\/uploads\/2022\/01\/assiette.png","width":1500,"height":2000},{"@type":"BreadcrumbList","@id":"https:\/\/museal.com\/fr\/produit\/plat-rouge-en-porcelaine-signe-de-martine-deny\/#breadcrumb","itemListElement":[{"@type":"ListItem","position":1,"name":"Accueil","item":"https:\/\/museal.com\/fr\/"},{"@type":"ListItem","position":2,"name":"Boutique","item":"https:\/\/museal.com\/fr\/boutique\/"},{"@type":"ListItem","position":3,"name":"Plat rouge en porcelaine sign\u00e9 de Martine Deny"}]},{"@type":"WebSite","@id":"https:\/\/museal.com\/fr\/#website","url":"https:\/\/museal.com\/fr\/","name":"Museal Editions","description":"Objets d&#039;art et de d\u00e9coration inspir\u00e9s du Patrimoine luxembourgeois","publisher":{"@id":"https:\/\/museal.com\/fr\/#organization"},"potentialAction":[{"@type":"SearchAction","target":{"@type":"EntryPoint","urlTemplate":"https:\/\/museal.com\/fr\/?s={search_term_string}"},"query-input":{"@type":"PropertyValueSpecification","valueRequired":true,"valueName":"search_term_string"}}],"inLanguage":"fr-FR"},{"@type":"Organization","@id":"https:\/\/museal.com\/fr\/#organization","name":"Museal Editions","url":"https:\/\/museal.com\/fr\/","logo":{"@type":"ImageObject","inLanguage":"fr-FR","@id":"https:\/\/museal.com\/fr\/#\/schema\/logo\/image\/","url":"https:\/\/museal.com\/wp-content\/uploads\/2021\/05\/logo-e1621950424453.jpg","contentUrl":"https:\/\/museal.com\/wp-content\/uploads\/2021\/05\/logo-e1621950424453.jpg","width":732,"height":574,"caption":"Museal Editions"},"image":{"@id":"https:\/\/museal.com\/fr\/#\/schema\/logo\/image\/"}}]}},"_links":{"self":[{"href":"https:\/\/museal.com\/fr\/wp-json\/wp\/v2\/product\/12253","targetHints":{"allow":["GET"]}}],"collection":[{"href":"https:\/\/museal.com\/fr\/wp-json\/wp\/v2\/product"}],"about":[{"href":"https:\/\/museal.com\/fr\/wp-json\/wp\/v2\/types\/product"}],"wp:featuredmedia":[{"embeddable":true,"href":"https:\/\/museal.com\/fr\/wp-json\/wp\/v2\/media\/13914"}],"wp:attachment":[{"href":"https:\/\/museal.com\/fr\/wp-json\/wp\/v2\/media?parent=12253"}],"wp:term":[{"taxonomy":"product_brand","embeddable":true,"href":"https:\/\/museal.com\/fr\/wp-json\/wp\/v2\/product_brand?post=12253"},{"taxonomy":"product_cat","embeddable":true,"href":"https:\/\/museal.com\/fr\/wp-json\/wp\/v2\/product_cat?post=12253"},{"taxonomy":"product_tag","embeddable":true,"href":"https:\/\/museal.com\/fr\/wp-json\/wp\/v2\/product_tag?post=12253"}],"curies":[{"name":"wp","href":"https:\/\/api.w.org\/{rel}","templated":true}]}}