{"id":12263,"date":"2022-01-20T09:56:30","date_gmt":"2022-01-20T08:56:30","guid":{"rendered":"https:\/\/shop.museal.com\/?post_type=product&#038;p=12263"},"modified":"2025-12-10T10:41:16","modified_gmt":"2025-12-10T09:41:16","slug":"bloc-de-cristal-blason-du-luxembourg","status":"publish","type":"product","link":"https:\/\/museal.com\/fr\/produit\/bloc-de-cristal-blason-du-luxembourg\/","title":{"rendered":"Bloc de cristal &#8220;Blason du Luxembourg&#8221;"},"content":{"rendered":"<p>Les armoiries luxembourgeoises sont connues depuis le d\u00e9but du 13\u00b0 si\u00e8cle, lorsque le Comte Henri V de Luxembourg arr\u00eata leur composition actuelle : \u00ab burel\u00e9 d&#8217;argent et d&#8217;azur de dix pi\u00e8ces et d&#8217;un lion de gueules, arm\u00e9, lampass\u00e9 et couronn\u00e9 d&#8217;or, la queue fourchue et pass\u00e9e en sautoir \u00bb.<\/p>\n<p>&nbsp;<\/p>\n","protected":false},"excerpt":{"rendered":"<div id=\"description\">\n<p>Ce bloc de cristal grav\u00e9 au laser 3D met particuli\u00e8rement en valeur les armes du Grand-Duch\u00e9 qui semblent flotter comme suspendue dans les airs. La transparence du bloc permet un jeu de lumi\u00e8re autour de ce symbole du patrimoine luxembourgeois.<\/p>\n<p>Taille 9 x 6 x 6 cm, poids 1 kg, livr\u00e9 dans une bo\u00eete cadeau<\/p>\n<\/div>\n","protected":false},"featured_media":13605,"template":"","meta":[],"product_brand":[],"product_cat":[144,89],"product_tag":[],"class_list":{"0":"post-12263","1":"product","2":"type-product","3":"status-publish","4":"has-post-thumbnail","6":"product_cat-accessoires","7":"product_cat-sculptures-et-bronzes-d-art","9":"first","10":"outofstock","11":"taxable","12":"shipping-taxable","13":"purchasable","14":"product-type-simple"},"yoast_head":"<!-- This site is optimized with the Yoast SEO plugin v27.3 - https:\/\/yoast.com\/product\/yoast-seo-wordpress\/ -->\n<title>Bloc de cristal &quot;Blason du Luxembourg&quot; - Museal Editions<\/title>\n<meta name=\"description\" content=\"Ce bloc de cristal grav\u00e9 au laser 3D met particuli\u00e8rement en valeur les armes du Grand-Duch\u00e9 qui semblent flotter comme suspendue dans les airs.\" \/>\n<meta name=\"robots\" content=\"index, follow, max-snippet:-1, max-image-preview:large, max-video-preview:-1\" \/>\n<link rel=\"canonical\" href=\"https:\/\/museal.com\/fr\/produit\/bloc-de-cristal-blason-du-luxembourg\/\" \/>\n<meta property=\"og:locale\" content=\"fr_FR\" \/>\n<meta property=\"og:type\" content=\"article\" \/>\n<meta property=\"og:title\" content=\"Bloc de cristal &quot;Blason du Luxembourg&quot; - Museal Editions\" \/>\n<meta property=\"og:description\" content=\"Ce bloc de cristal grav\u00e9 au laser 3D met particuli\u00e8rement en valeur les armes du Grand-Duch\u00e9 qui semblent flotter comme suspendue dans les airs.\" \/>\n<meta property=\"og:url\" content=\"https:\/\/museal.com\/fr\/produit\/bloc-de-cristal-blason-du-luxembourg\/\" \/>\n<meta property=\"og:site_name\" content=\"Museal Editions\" \/>\n<meta property=\"article:modified_time\" content=\"2025-12-10T09:41:16+00:00\" \/>\n<meta property=\"og:image\" content=\"https:\/\/museal.com\/wp-content\/uploads\/2022\/01\/bloc-cristal-1-768x1024.png\" \/>\n\t<meta property=\"og:image:width\" content=\"768\" \/>\n\t<meta property=\"og:image:height\" content=\"1024\" \/>\n\t<meta property=\"og:image:type\" content=\"image\/png\" \/>\n<meta name=\"twitter:card\" content=\"summary_large_image\" \/>\n<script type=\"application\/ld+json\" class=\"yoast-schema-graph\">{\"@context\":\"https:\\\/\\\/schema.org\",\"@graph\":[{\"@type\":\"WebPage\",\"@id\":\"https:\\\/\\\/museal.com\\\/fr\\\/produit\\\/bloc-de-cristal-blason-du-luxembourg\\\/\",\"url\":\"https:\\\/\\\/museal.com\\\/fr\\\/produit\\\/bloc-de-cristal-blason-du-luxembourg\\\/\",\"name\":\"Bloc de cristal \\\"Blason du Luxembourg\\\" - Museal Editions\",\"isPartOf\":{\"@id\":\"https:\\\/\\\/museal.com\\\/fr\\\/#website\"},\"primaryImageOfPage\":{\"@id\":\"https:\\\/\\\/museal.com\\\/fr\\\/produit\\\/bloc-de-cristal-blason-du-luxembourg\\\/#primaryimage\"},\"image\":{\"@id\":\"https:\\\/\\\/museal.com\\\/fr\\\/produit\\\/bloc-de-cristal-blason-du-luxembourg\\\/#primaryimage\"},\"thumbnailUrl\":\"https:\\\/\\\/museal.com\\\/wp-content\\\/uploads\\\/2022\\\/01\\\/bloc-cristal-1.png\",\"datePublished\":\"2022-01-20T08:56:30+00:00\",\"dateModified\":\"2025-12-10T09:41:16+00:00\",\"description\":\"Ce bloc de cristal grav\u00e9 au laser 3D met particuli\u00e8rement en valeur les armes du Grand-Duch\u00e9 qui semblent flotter comme suspendue dans les airs.\",\"breadcrumb\":{\"@id\":\"https:\\\/\\\/museal.com\\\/fr\\\/produit\\\/bloc-de-cristal-blason-du-luxembourg\\\/#breadcrumb\"},\"inLanguage\":\"fr-FR\",\"potentialAction\":[{\"@type\":\"ReadAction\",\"target\":[\"https:\\\/\\\/museal.com\\\/fr\\\/produit\\\/bloc-de-cristal-blason-du-luxembourg\\\/\"]}]},{\"@type\":\"ImageObject\",\"inLanguage\":\"fr-FR\",\"@id\":\"https:\\\/\\\/museal.com\\\/fr\\\/produit\\\/bloc-de-cristal-blason-du-luxembourg\\\/#primaryimage\",\"url\":\"https:\\\/\\\/museal.com\\\/wp-content\\\/uploads\\\/2022\\\/01\\\/bloc-cristal-1.png\",\"contentUrl\":\"https:\\\/\\\/museal.com\\\/wp-content\\\/uploads\\\/2022\\\/01\\\/bloc-cristal-1.png\",\"width\":1500,\"height\":2000},{\"@type\":\"BreadcrumbList\",\"@id\":\"https:\\\/\\\/museal.com\\\/fr\\\/produit\\\/bloc-de-cristal-blason-du-luxembourg\\\/#breadcrumb\",\"itemListElement\":[{\"@type\":\"ListItem\",\"position\":1,\"name\":\"Accueil\",\"item\":\"https:\\\/\\\/museal.com\\\/fr\\\/\"},{\"@type\":\"ListItem\",\"position\":2,\"name\":\"Boutique\",\"item\":\"https:\\\/\\\/museal.com\\\/fr\\\/boutique\\\/\"},{\"@type\":\"ListItem\",\"position\":3,\"name\":\"Bloc de cristal &#8220;Blason du Luxembourg&#8221;\"}]},{\"@type\":\"WebSite\",\"@id\":\"https:\\\/\\\/museal.com\\\/fr\\\/#website\",\"url\":\"https:\\\/\\\/museal.com\\\/fr\\\/\",\"name\":\"Museal Editions\",\"description\":\"Objets d&#039;art et de d\u00e9coration inspir\u00e9s du Patrimoine luxembourgeois\",\"publisher\":{\"@id\":\"https:\\\/\\\/museal.com\\\/fr\\\/#organization\"},\"potentialAction\":[{\"@type\":\"SearchAction\",\"target\":{\"@type\":\"EntryPoint\",\"urlTemplate\":\"https:\\\/\\\/museal.com\\\/fr\\\/?s={search_term_string}\"},\"query-input\":{\"@type\":\"PropertyValueSpecification\",\"valueRequired\":true,\"valueName\":\"search_term_string\"}}],\"inLanguage\":\"fr-FR\"},{\"@type\":\"Organization\",\"@id\":\"https:\\\/\\\/museal.com\\\/fr\\\/#organization\",\"name\":\"Museal Editions\",\"url\":\"https:\\\/\\\/museal.com\\\/fr\\\/\",\"logo\":{\"@type\":\"ImageObject\",\"inLanguage\":\"fr-FR\",\"@id\":\"https:\\\/\\\/museal.com\\\/fr\\\/#\\\/schema\\\/logo\\\/image\\\/\",\"url\":\"https:\\\/\\\/museal.com\\\/wp-content\\\/uploads\\\/2021\\\/05\\\/logo-e1621950424453.jpg\",\"contentUrl\":\"https:\\\/\\\/museal.com\\\/wp-content\\\/uploads\\\/2021\\\/05\\\/logo-e1621950424453.jpg\",\"width\":732,\"height\":574,\"caption\":\"Museal Editions\"},\"image\":{\"@id\":\"https:\\\/\\\/museal.com\\\/fr\\\/#\\\/schema\\\/logo\\\/image\\\/\"}}]}<\/script>\n<!-- \/ Yoast SEO plugin. -->","yoast_head_json":{"title":"Bloc de cristal \"Blason du Luxembourg\" - Museal Editions","description":"Ce bloc de cristal grav\u00e9 au laser 3D met particuli\u00e8rement en valeur les armes du Grand-Duch\u00e9 qui semblent flotter comme suspendue dans les airs.","robots":{"index":"index","follow":"follow","max-snippet":"max-snippet:-1","max-image-preview":"max-image-preview:large","max-video-preview":"max-video-preview:-1"},"canonical":"https:\/\/museal.com\/fr\/produit\/bloc-de-cristal-blason-du-luxembourg\/","og_locale":"fr_FR","og_type":"article","og_title":"Bloc de cristal \"Blason du Luxembourg\" - Museal Editions","og_description":"Ce bloc de cristal grav\u00e9 au laser 3D met particuli\u00e8rement en valeur les armes du Grand-Duch\u00e9 qui semblent flotter comme suspendue dans les airs.","og_url":"https:\/\/museal.com\/fr\/produit\/bloc-de-cristal-blason-du-luxembourg\/","og_site_name":"Museal Editions","article_modified_time":"2025-12-10T09:41:16+00:00","og_image":[{"width":768,"height":1024,"url":"https:\/\/museal.com\/wp-content\/uploads\/2022\/01\/bloc-cristal-1-768x1024.png","type":"image\/png"}],"twitter_card":"summary_large_image","schema":{"@context":"https:\/\/schema.org","@graph":[{"@type":"WebPage","@id":"https:\/\/museal.com\/fr\/produit\/bloc-de-cristal-blason-du-luxembourg\/","url":"https:\/\/museal.com\/fr\/produit\/bloc-de-cristal-blason-du-luxembourg\/","name":"Bloc de cristal \"Blason du Luxembourg\" - Museal Editions","isPartOf":{"@id":"https:\/\/museal.com\/fr\/#website"},"primaryImageOfPage":{"@id":"https:\/\/museal.com\/fr\/produit\/bloc-de-cristal-blason-du-luxembourg\/#primaryimage"},"image":{"@id":"https:\/\/museal.com\/fr\/produit\/bloc-de-cristal-blason-du-luxembourg\/#primaryimage"},"thumbnailUrl":"https:\/\/museal.com\/wp-content\/uploads\/2022\/01\/bloc-cristal-1.png","datePublished":"2022-01-20T08:56:30+00:00","dateModified":"2025-12-10T09:41:16+00:00","description":"Ce bloc de cristal grav\u00e9 au laser 3D met particuli\u00e8rement en valeur les armes du Grand-Duch\u00e9 qui semblent flotter comme suspendue dans les airs.","breadcrumb":{"@id":"https:\/\/museal.com\/fr\/produit\/bloc-de-cristal-blason-du-luxembourg\/#breadcrumb"},"inLanguage":"fr-FR","potentialAction":[{"@type":"ReadAction","target":["https:\/\/museal.com\/fr\/produit\/bloc-de-cristal-blason-du-luxembourg\/"]}]},{"@type":"ImageObject","inLanguage":"fr-FR","@id":"https:\/\/museal.com\/fr\/produit\/bloc-de-cristal-blason-du-luxembourg\/#primaryimage","url":"https:\/\/museal.com\/wp-content\/uploads\/2022\/01\/bloc-cristal-1.png","contentUrl":"https:\/\/museal.com\/wp-content\/uploads\/2022\/01\/bloc-cristal-1.png","width":1500,"height":2000},{"@type":"BreadcrumbList","@id":"https:\/\/museal.com\/fr\/produit\/bloc-de-cristal-blason-du-luxembourg\/#breadcrumb","itemListElement":[{"@type":"ListItem","position":1,"name":"Accueil","item":"https:\/\/museal.com\/fr\/"},{"@type":"ListItem","position":2,"name":"Boutique","item":"https:\/\/museal.com\/fr\/boutique\/"},{"@type":"ListItem","position":3,"name":"Bloc de cristal &#8220;Blason du Luxembourg&#8221;"}]},{"@type":"WebSite","@id":"https:\/\/museal.com\/fr\/#website","url":"https:\/\/museal.com\/fr\/","name":"Museal Editions","description":"Objets d&#039;art et de d\u00e9coration inspir\u00e9s du Patrimoine luxembourgeois","publisher":{"@id":"https:\/\/museal.com\/fr\/#organization"},"potentialAction":[{"@type":"SearchAction","target":{"@type":"EntryPoint","urlTemplate":"https:\/\/museal.com\/fr\/?s={search_term_string}"},"query-input":{"@type":"PropertyValueSpecification","valueRequired":true,"valueName":"search_term_string"}}],"inLanguage":"fr-FR"},{"@type":"Organization","@id":"https:\/\/museal.com\/fr\/#organization","name":"Museal Editions","url":"https:\/\/museal.com\/fr\/","logo":{"@type":"ImageObject","inLanguage":"fr-FR","@id":"https:\/\/museal.com\/fr\/#\/schema\/logo\/image\/","url":"https:\/\/museal.com\/wp-content\/uploads\/2021\/05\/logo-e1621950424453.jpg","contentUrl":"https:\/\/museal.com\/wp-content\/uploads\/2021\/05\/logo-e1621950424453.jpg","width":732,"height":574,"caption":"Museal Editions"},"image":{"@id":"https:\/\/museal.com\/fr\/#\/schema\/logo\/image\/"}}]}},"_links":{"self":[{"href":"https:\/\/museal.com\/fr\/wp-json\/wp\/v2\/product\/12263","targetHints":{"allow":["GET"]}}],"collection":[{"href":"https:\/\/museal.com\/fr\/wp-json\/wp\/v2\/product"}],"about":[{"href":"https:\/\/museal.com\/fr\/wp-json\/wp\/v2\/types\/product"}],"wp:featuredmedia":[{"embeddable":true,"href":"https:\/\/museal.com\/fr\/wp-json\/wp\/v2\/media\/13605"}],"wp:attachment":[{"href":"https:\/\/museal.com\/fr\/wp-json\/wp\/v2\/media?parent=12263"}],"wp:term":[{"taxonomy":"product_brand","embeddable":true,"href":"https:\/\/museal.com\/fr\/wp-json\/wp\/v2\/product_brand?post=12263"},{"taxonomy":"product_cat","embeddable":true,"href":"https:\/\/museal.com\/fr\/wp-json\/wp\/v2\/product_cat?post=12263"},{"taxonomy":"product_tag","embeddable":true,"href":"https:\/\/museal.com\/fr\/wp-json\/wp\/v2\/product_tag?post=12263"}],"curies":[{"name":"wp","href":"https:\/\/api.w.org\/{rel}","templated":true}]}}