{"id":12341,"date":"2022-01-20T11:14:49","date_gmt":"2022-01-20T10:14:49","guid":{"rendered":"https:\/\/shop.museal.com\/?post_type=product&#038;p=12341"},"modified":"2025-12-10T11:04:32","modified_gmt":"2025-12-10T10:04:32","slug":"renert-en-resine-99cm","status":"publish","type":"product","link":"https:\/\/museal.com\/fr\/produit\/renert-en-resine-99cm\/","title":{"rendered":"Renert en r\u00e9sine, grandeur nature"},"content":{"rendered":"<p>Statue en r\u00e9sine obtenue par surmoulage de l&#8217;original sculpt\u00e9 par Demuth et Grosber, conserv\u00e9 au Mus\u00e9e d&#8217;Histoire de la Ville. Le renard du Luxembourg est tir\u00e9 de l\u2019\u0153uvre de Michel Rodange (1827-1876), qui s\u2019inspire du \u00ab Reineke Fuchs \u00bb de Goethe. Aujourd\u2019hui une \u00e9pop\u00e9e nationale, sa fable est une description satirique des personnages politiques de l\u2019\u00e9poque, \u00e0 travers 14 chants en langue luxembourgeoise.<\/p>\n","protected":false},"excerpt":{"rendered":"<p>S\u00e9rie exclusive de trois Renert, grandeur nature, r\u00e9alis\u00e9es par une prise d&#8217;empreinte du &#8220;Renert&#8221; original, en s\u00e9rie limit\u00e9e, dans les 3 couleurs du drapeau (Rouge, Blanc et Bleu).<\/p>\n<div>La r\u00e9sine polyester utilis\u00e9e r\u00e9siste au gel et aux intemp\u00e9ries. Elle est perc\u00e9e sous le socle pour pouvoir le fixer ou le lester. Exposition possible aussi bien \u00e0 l\u2019int\u00e9rieur qu\u2019\u00e0 l\u2019ext\u00e9rieur.<\/div>\n<div>Dimensions\u00a0: 99 cm x 50 cm x 50 cm, poids\u00a0: 14 kg pi\u00e8ce. S\u00e9rie num\u00e9rot\u00e9e de 1\/99 \u00e0 99\/99 par couleur.<\/div>\n","protected":false},"featured_media":13790,"template":"","meta":[],"product_brand":[],"product_cat":[89],"product_tag":[329],"class_list":{"0":"post-12341","1":"product","2":"type-product","3":"status-publish","4":"has-post-thumbnail","6":"product_cat-sculptures-et-bronzes-d-art","7":"product_tag-renert","9":"first","10":"instock","11":"taxable","12":"shipping-taxable","13":"purchasable","14":"product-type-variable"},"yoast_head":"<!-- This site is optimized with the Yoast SEO plugin v27.3 - https:\/\/yoast.com\/product\/yoast-seo-wordpress\/ -->\n<title>Renert en r\u00e9sine, grandeur nature - Museal Editions<\/title>\n<meta name=\"description\" content=\"S\u00e9rie exclusive et limit\u00e9e de trois Renert, grandeur nature, r\u00e9alis\u00e9es r\u00e9sine polyester par une prise d&#039;empreinte du &quot;Renert&quot; original, Rouge, Blanc et Bleu\" \/>\n<meta name=\"robots\" content=\"index, follow, max-snippet:-1, max-image-preview:large, max-video-preview:-1\" \/>\n<link rel=\"canonical\" href=\"https:\/\/museal.com\/fr\/produit\/renert-en-resine-99cm\/\" \/>\n<meta property=\"og:locale\" content=\"fr_FR\" \/>\n<meta property=\"og:type\" content=\"article\" \/>\n<meta property=\"og:title\" content=\"Renert en r\u00e9sine, grandeur nature - Museal Editions\" \/>\n<meta property=\"og:description\" content=\"S\u00e9rie exclusive et limit\u00e9e de trois Renert, grandeur nature, r\u00e9alis\u00e9es r\u00e9sine polyester par une prise d&#039;empreinte du &quot;Renert&quot; original, Rouge, Blanc et Bleu\" \/>\n<meta property=\"og:url\" content=\"https:\/\/museal.com\/fr\/produit\/renert-en-resine-99cm\/\" \/>\n<meta property=\"og:site_name\" content=\"Museal Editions\" \/>\n<meta property=\"article:modified_time\" content=\"2025-12-10T10:04:32+00:00\" \/>\n<meta property=\"og:image\" content=\"https:\/\/museal.com\/wp-content\/uploads\/2022\/01\/renert-grand-couleur-768x1024.png\" \/>\n\t<meta property=\"og:image:width\" content=\"768\" \/>\n\t<meta property=\"og:image:height\" content=\"1024\" \/>\n\t<meta property=\"og:image:type\" content=\"image\/png\" \/>\n<meta name=\"twitter:card\" content=\"summary_large_image\" \/>\n<script type=\"application\/ld+json\" class=\"yoast-schema-graph\">{\"@context\":\"https:\\\/\\\/schema.org\",\"@graph\":[{\"@type\":\"WebPage\",\"@id\":\"https:\\\/\\\/museal.com\\\/fr\\\/produit\\\/renert-en-resine-99cm\\\/\",\"url\":\"https:\\\/\\\/museal.com\\\/fr\\\/produit\\\/renert-en-resine-99cm\\\/\",\"name\":\"Renert en r\u00e9sine, grandeur nature - Museal Editions\",\"isPartOf\":{\"@id\":\"https:\\\/\\\/museal.com\\\/fr\\\/#website\"},\"primaryImageOfPage\":{\"@id\":\"https:\\\/\\\/museal.com\\\/fr\\\/produit\\\/renert-en-resine-99cm\\\/#primaryimage\"},\"image\":{\"@id\":\"https:\\\/\\\/museal.com\\\/fr\\\/produit\\\/renert-en-resine-99cm\\\/#primaryimage\"},\"thumbnailUrl\":\"https:\\\/\\\/museal.com\\\/wp-content\\\/uploads\\\/2022\\\/01\\\/renert-grand-couleur.png\",\"datePublished\":\"2022-01-20T10:14:49+00:00\",\"dateModified\":\"2025-12-10T10:04:32+00:00\",\"description\":\"S\u00e9rie exclusive et limit\u00e9e de trois Renert, grandeur nature, r\u00e9alis\u00e9es r\u00e9sine polyester par une prise d'empreinte du \\\"Renert\\\" original, Rouge, Blanc et Bleu\",\"breadcrumb\":{\"@id\":\"https:\\\/\\\/museal.com\\\/fr\\\/produit\\\/renert-en-resine-99cm\\\/#breadcrumb\"},\"inLanguage\":\"fr-FR\",\"potentialAction\":[{\"@type\":\"ReadAction\",\"target\":[\"https:\\\/\\\/museal.com\\\/fr\\\/produit\\\/renert-en-resine-99cm\\\/\"]}]},{\"@type\":\"ImageObject\",\"inLanguage\":\"fr-FR\",\"@id\":\"https:\\\/\\\/museal.com\\\/fr\\\/produit\\\/renert-en-resine-99cm\\\/#primaryimage\",\"url\":\"https:\\\/\\\/museal.com\\\/wp-content\\\/uploads\\\/2022\\\/01\\\/renert-grand-couleur.png\",\"contentUrl\":\"https:\\\/\\\/museal.com\\\/wp-content\\\/uploads\\\/2022\\\/01\\\/renert-grand-couleur.png\",\"width\":1500,\"height\":2000},{\"@type\":\"BreadcrumbList\",\"@id\":\"https:\\\/\\\/museal.com\\\/fr\\\/produit\\\/renert-en-resine-99cm\\\/#breadcrumb\",\"itemListElement\":[{\"@type\":\"ListItem\",\"position\":1,\"name\":\"Accueil\",\"item\":\"https:\\\/\\\/museal.com\\\/fr\\\/\"},{\"@type\":\"ListItem\",\"position\":2,\"name\":\"Boutique\",\"item\":\"https:\\\/\\\/museal.com\\\/fr\\\/boutique\\\/\"},{\"@type\":\"ListItem\",\"position\":3,\"name\":\"Renert en r\u00e9sine, grandeur nature\"}]},{\"@type\":\"WebSite\",\"@id\":\"https:\\\/\\\/museal.com\\\/fr\\\/#website\",\"url\":\"https:\\\/\\\/museal.com\\\/fr\\\/\",\"name\":\"Museal Editions\",\"description\":\"Objets d&#039;art et de d\u00e9coration inspir\u00e9s du Patrimoine luxembourgeois\",\"publisher\":{\"@id\":\"https:\\\/\\\/museal.com\\\/fr\\\/#organization\"},\"potentialAction\":[{\"@type\":\"SearchAction\",\"target\":{\"@type\":\"EntryPoint\",\"urlTemplate\":\"https:\\\/\\\/museal.com\\\/fr\\\/?s={search_term_string}\"},\"query-input\":{\"@type\":\"PropertyValueSpecification\",\"valueRequired\":true,\"valueName\":\"search_term_string\"}}],\"inLanguage\":\"fr-FR\"},{\"@type\":\"Organization\",\"@id\":\"https:\\\/\\\/museal.com\\\/fr\\\/#organization\",\"name\":\"Museal Editions\",\"url\":\"https:\\\/\\\/museal.com\\\/fr\\\/\",\"logo\":{\"@type\":\"ImageObject\",\"inLanguage\":\"fr-FR\",\"@id\":\"https:\\\/\\\/museal.com\\\/fr\\\/#\\\/schema\\\/logo\\\/image\\\/\",\"url\":\"https:\\\/\\\/museal.com\\\/wp-content\\\/uploads\\\/2021\\\/05\\\/logo-e1621950424453.jpg\",\"contentUrl\":\"https:\\\/\\\/museal.com\\\/wp-content\\\/uploads\\\/2021\\\/05\\\/logo-e1621950424453.jpg\",\"width\":732,\"height\":574,\"caption\":\"Museal Editions\"},\"image\":{\"@id\":\"https:\\\/\\\/museal.com\\\/fr\\\/#\\\/schema\\\/logo\\\/image\\\/\"}}]}<\/script>\n<!-- \/ Yoast SEO plugin. -->","yoast_head_json":{"title":"Renert en r\u00e9sine, grandeur nature - Museal Editions","description":"S\u00e9rie exclusive et limit\u00e9e de trois Renert, grandeur nature, r\u00e9alis\u00e9es r\u00e9sine polyester par une prise d'empreinte du \"Renert\" original, Rouge, Blanc et Bleu","robots":{"index":"index","follow":"follow","max-snippet":"max-snippet:-1","max-image-preview":"max-image-preview:large","max-video-preview":"max-video-preview:-1"},"canonical":"https:\/\/museal.com\/fr\/produit\/renert-en-resine-99cm\/","og_locale":"fr_FR","og_type":"article","og_title":"Renert en r\u00e9sine, grandeur nature - Museal Editions","og_description":"S\u00e9rie exclusive et limit\u00e9e de trois Renert, grandeur nature, r\u00e9alis\u00e9es r\u00e9sine polyester par une prise d'empreinte du \"Renert\" original, Rouge, Blanc et Bleu","og_url":"https:\/\/museal.com\/fr\/produit\/renert-en-resine-99cm\/","og_site_name":"Museal Editions","article_modified_time":"2025-12-10T10:04:32+00:00","og_image":[{"width":768,"height":1024,"url":"https:\/\/museal.com\/wp-content\/uploads\/2022\/01\/renert-grand-couleur-768x1024.png","type":"image\/png"}],"twitter_card":"summary_large_image","schema":{"@context":"https:\/\/schema.org","@graph":[{"@type":"WebPage","@id":"https:\/\/museal.com\/fr\/produit\/renert-en-resine-99cm\/","url":"https:\/\/museal.com\/fr\/produit\/renert-en-resine-99cm\/","name":"Renert en r\u00e9sine, grandeur nature - Museal Editions","isPartOf":{"@id":"https:\/\/museal.com\/fr\/#website"},"primaryImageOfPage":{"@id":"https:\/\/museal.com\/fr\/produit\/renert-en-resine-99cm\/#primaryimage"},"image":{"@id":"https:\/\/museal.com\/fr\/produit\/renert-en-resine-99cm\/#primaryimage"},"thumbnailUrl":"https:\/\/museal.com\/wp-content\/uploads\/2022\/01\/renert-grand-couleur.png","datePublished":"2022-01-20T10:14:49+00:00","dateModified":"2025-12-10T10:04:32+00:00","description":"S\u00e9rie exclusive et limit\u00e9e de trois Renert, grandeur nature, r\u00e9alis\u00e9es r\u00e9sine polyester par une prise d'empreinte du \"Renert\" original, Rouge, Blanc et Bleu","breadcrumb":{"@id":"https:\/\/museal.com\/fr\/produit\/renert-en-resine-99cm\/#breadcrumb"},"inLanguage":"fr-FR","potentialAction":[{"@type":"ReadAction","target":["https:\/\/museal.com\/fr\/produit\/renert-en-resine-99cm\/"]}]},{"@type":"ImageObject","inLanguage":"fr-FR","@id":"https:\/\/museal.com\/fr\/produit\/renert-en-resine-99cm\/#primaryimage","url":"https:\/\/museal.com\/wp-content\/uploads\/2022\/01\/renert-grand-couleur.png","contentUrl":"https:\/\/museal.com\/wp-content\/uploads\/2022\/01\/renert-grand-couleur.png","width":1500,"height":2000},{"@type":"BreadcrumbList","@id":"https:\/\/museal.com\/fr\/produit\/renert-en-resine-99cm\/#breadcrumb","itemListElement":[{"@type":"ListItem","position":1,"name":"Accueil","item":"https:\/\/museal.com\/fr\/"},{"@type":"ListItem","position":2,"name":"Boutique","item":"https:\/\/museal.com\/fr\/boutique\/"},{"@type":"ListItem","position":3,"name":"Renert en r\u00e9sine, grandeur nature"}]},{"@type":"WebSite","@id":"https:\/\/museal.com\/fr\/#website","url":"https:\/\/museal.com\/fr\/","name":"Museal Editions","description":"Objets d&#039;art et de d\u00e9coration inspir\u00e9s du Patrimoine luxembourgeois","publisher":{"@id":"https:\/\/museal.com\/fr\/#organization"},"potentialAction":[{"@type":"SearchAction","target":{"@type":"EntryPoint","urlTemplate":"https:\/\/museal.com\/fr\/?s={search_term_string}"},"query-input":{"@type":"PropertyValueSpecification","valueRequired":true,"valueName":"search_term_string"}}],"inLanguage":"fr-FR"},{"@type":"Organization","@id":"https:\/\/museal.com\/fr\/#organization","name":"Museal Editions","url":"https:\/\/museal.com\/fr\/","logo":{"@type":"ImageObject","inLanguage":"fr-FR","@id":"https:\/\/museal.com\/fr\/#\/schema\/logo\/image\/","url":"https:\/\/museal.com\/wp-content\/uploads\/2021\/05\/logo-e1621950424453.jpg","contentUrl":"https:\/\/museal.com\/wp-content\/uploads\/2021\/05\/logo-e1621950424453.jpg","width":732,"height":574,"caption":"Museal Editions"},"image":{"@id":"https:\/\/museal.com\/fr\/#\/schema\/logo\/image\/"}}]}},"_links":{"self":[{"href":"https:\/\/museal.com\/fr\/wp-json\/wp\/v2\/product\/12341","targetHints":{"allow":["GET"]}}],"collection":[{"href":"https:\/\/museal.com\/fr\/wp-json\/wp\/v2\/product"}],"about":[{"href":"https:\/\/museal.com\/fr\/wp-json\/wp\/v2\/types\/product"}],"wp:featuredmedia":[{"embeddable":true,"href":"https:\/\/museal.com\/fr\/wp-json\/wp\/v2\/media\/13790"}],"wp:attachment":[{"href":"https:\/\/museal.com\/fr\/wp-json\/wp\/v2\/media?parent=12341"}],"wp:term":[{"taxonomy":"product_brand","embeddable":true,"href":"https:\/\/museal.com\/fr\/wp-json\/wp\/v2\/product_brand?post=12341"},{"taxonomy":"product_cat","embeddable":true,"href":"https:\/\/museal.com\/fr\/wp-json\/wp\/v2\/product_cat?post=12341"},{"taxonomy":"product_tag","embeddable":true,"href":"https:\/\/museal.com\/fr\/wp-json\/wp\/v2\/product_tag?post=12341"}],"curies":[{"name":"wp","href":"https:\/\/api.w.org\/{rel}","templated":true}]}}