{"id":12364,"date":"2022-01-20T11:32:21","date_gmt":"2022-01-20T10:32:21","guid":{"rendered":"https:\/\/shop.museal.com\/?post_type=product&#038;p=12364"},"modified":"2024-01-01T23:07:42","modified_gmt":"2024-01-01T22:07:42","slug":"verschamt-de-rob-krier-en-platre","status":"publish","type":"product","link":"https:\/\/museal.com\/fr\/produit\/verschamt-de-rob-krier-en-platre\/","title":{"rendered":"Versch\u00e4mt de Rob Krier en pl\u00e2tre"},"content":{"rendered":"<p>D\u00e9but\u00e9 en 1992, le grand chantier de la Cit\u00e9 Judiciaire de Luxembourg\u00a0 est l&#8217;oeuvre du cabinet d&#8217;architecture Krier-Kohl. Rob Krier, originaire du Luxembourg a imagin\u00e9 4 sculptures pour orner l&#8217;entr\u00e9e du b\u00e2timent, pos\u00e9es au sommet de 4 colonnes, et les a baptis\u00e9es &#8221; Versch\u00e4mt &#8220;, &#8221; Lauschend &#8220;, &#8221; Ermahnend &#8220;, et &#8221; Auf der Hut &#8220;. Chacune exprime, en langue allemande, un sentiment que peuvent \u00e9prouver des hommes et des femmes, coupables ou innocents, confront\u00e9s \u00e0 la justice. (Honte, Attention, Admonestation, Vigilance).<\/p>\n","protected":false},"excerpt":{"rendered":"<div>R\u00e9duction en pl\u00e2tre\u00a0de\u00a0 &#8221; Versch\u00e4mt &#8220;, l&#8217;une des 4 sculptures ornant l&#8217;entr\u00e9e de la cit\u00e9e judiciaire.<\/div>\n<div>Edition est\u00a0 limit\u00e9e et num\u00e9rot\u00e9e sur 50 exemplaires<\/div>\n","protected":false},"featured_media":12369,"template":"","meta":[],"product_brand":[],"product_cat":[89],"product_tag":[],"class_list":{"0":"post-12364","1":"product","2":"type-product","3":"status-publish","4":"has-post-thumbnail","6":"product_cat-sculptures-et-bronzes-d-art","8":"first","9":"outofstock","10":"taxable","11":"shipping-taxable","12":"purchasable","13":"product-type-simple"},"yoast_head":"<!-- This site is optimized with the Yoast SEO plugin v27.3 - https:\/\/yoast.com\/product\/yoast-seo-wordpress\/ -->\n<title>Versch\u00e4mt de Rob Krier en pl\u00e2tre - Museal Editions<\/title>\n<meta name=\"robots\" content=\"index, follow, max-snippet:-1, max-image-preview:large, max-video-preview:-1\" \/>\n<link rel=\"canonical\" href=\"https:\/\/museal.com\/fr\/produit\/verschamt-de-rob-krier-en-platre\/\" \/>\n<meta property=\"og:locale\" content=\"fr_FR\" \/>\n<meta property=\"og:type\" content=\"article\" \/>\n<meta property=\"og:title\" content=\"Versch\u00e4mt de Rob Krier en pl\u00e2tre - Museal Editions\" \/>\n<meta property=\"og:description\" content=\"R\u00e9duction en pl\u00e2tre\u00a0de\u00a0 &quot; Versch\u00e4mt &quot;, l&#039;une des 4 sculptures ornant l&#039;entr\u00e9e de la cit\u00e9e judiciaire. Edition est\u00a0 limit\u00e9e et num\u00e9rot\u00e9e sur 50 exemplaires\" \/>\n<meta property=\"og:url\" content=\"https:\/\/museal.com\/fr\/produit\/verschamt-de-rob-krier-en-platre\/\" \/>\n<meta property=\"og:site_name\" content=\"Museal Editions\" \/>\n<meta property=\"article:modified_time\" content=\"2024-01-01T22:07:42+00:00\" \/>\n<meta property=\"og:image\" content=\"https:\/\/museal.com\/wp-content\/uploads\/2022\/01\/Verschamt-Krier-platre-face-scaled.jpg\" \/>\n\t<meta property=\"og:image:width\" content=\"1707\" \/>\n\t<meta property=\"og:image:height\" content=\"2560\" \/>\n\t<meta property=\"og:image:type\" content=\"image\/jpeg\" \/>\n<meta name=\"twitter:card\" content=\"summary_large_image\" \/>\n<script type=\"application\/ld+json\" class=\"yoast-schema-graph\">{\"@context\":\"https:\\\/\\\/schema.org\",\"@graph\":[{\"@type\":\"WebPage\",\"@id\":\"https:\\\/\\\/museal.com\\\/fr\\\/produit\\\/verschamt-de-rob-krier-en-platre\\\/\",\"url\":\"https:\\\/\\\/museal.com\\\/fr\\\/produit\\\/verschamt-de-rob-krier-en-platre\\\/\",\"name\":\"Versch\u00e4mt de Rob Krier en pl\u00e2tre - Museal Editions\",\"isPartOf\":{\"@id\":\"https:\\\/\\\/museal.com\\\/fr\\\/#website\"},\"primaryImageOfPage\":{\"@id\":\"https:\\\/\\\/museal.com\\\/fr\\\/produit\\\/verschamt-de-rob-krier-en-platre\\\/#primaryimage\"},\"image\":{\"@id\":\"https:\\\/\\\/museal.com\\\/fr\\\/produit\\\/verschamt-de-rob-krier-en-platre\\\/#primaryimage\"},\"thumbnailUrl\":\"https:\\\/\\\/museal.com\\\/wp-content\\\/uploads\\\/2022\\\/01\\\/Verschamt-Krier-platre-face-scaled.jpg\",\"datePublished\":\"2022-01-20T10:32:21+00:00\",\"dateModified\":\"2024-01-01T22:07:42+00:00\",\"breadcrumb\":{\"@id\":\"https:\\\/\\\/museal.com\\\/fr\\\/produit\\\/verschamt-de-rob-krier-en-platre\\\/#breadcrumb\"},\"inLanguage\":\"fr-FR\",\"potentialAction\":[{\"@type\":\"ReadAction\",\"target\":[\"https:\\\/\\\/museal.com\\\/fr\\\/produit\\\/verschamt-de-rob-krier-en-platre\\\/\"]}]},{\"@type\":\"ImageObject\",\"inLanguage\":\"fr-FR\",\"@id\":\"https:\\\/\\\/museal.com\\\/fr\\\/produit\\\/verschamt-de-rob-krier-en-platre\\\/#primaryimage\",\"url\":\"https:\\\/\\\/museal.com\\\/wp-content\\\/uploads\\\/2022\\\/01\\\/Verschamt-Krier-platre-face-scaled.jpg\",\"contentUrl\":\"https:\\\/\\\/museal.com\\\/wp-content\\\/uploads\\\/2022\\\/01\\\/Verschamt-Krier-platre-face-scaled.jpg\",\"width\":1707,\"height\":2560},{\"@type\":\"BreadcrumbList\",\"@id\":\"https:\\\/\\\/museal.com\\\/fr\\\/produit\\\/verschamt-de-rob-krier-en-platre\\\/#breadcrumb\",\"itemListElement\":[{\"@type\":\"ListItem\",\"position\":1,\"name\":\"Accueil\",\"item\":\"https:\\\/\\\/museal.com\\\/fr\\\/\"},{\"@type\":\"ListItem\",\"position\":2,\"name\":\"Boutique\",\"item\":\"https:\\\/\\\/museal.com\\\/fr\\\/boutique\\\/\"},{\"@type\":\"ListItem\",\"position\":3,\"name\":\"Versch\u00e4mt de Rob Krier en pl\u00e2tre\"}]},{\"@type\":\"WebSite\",\"@id\":\"https:\\\/\\\/museal.com\\\/fr\\\/#website\",\"url\":\"https:\\\/\\\/museal.com\\\/fr\\\/\",\"name\":\"Museal Editions\",\"description\":\"Objets d&#039;art et de d\u00e9coration inspir\u00e9s du Patrimoine luxembourgeois\",\"publisher\":{\"@id\":\"https:\\\/\\\/museal.com\\\/fr\\\/#organization\"},\"potentialAction\":[{\"@type\":\"SearchAction\",\"target\":{\"@type\":\"EntryPoint\",\"urlTemplate\":\"https:\\\/\\\/museal.com\\\/fr\\\/?s={search_term_string}\"},\"query-input\":{\"@type\":\"PropertyValueSpecification\",\"valueRequired\":true,\"valueName\":\"search_term_string\"}}],\"inLanguage\":\"fr-FR\"},{\"@type\":\"Organization\",\"@id\":\"https:\\\/\\\/museal.com\\\/fr\\\/#organization\",\"name\":\"Museal Editions\",\"url\":\"https:\\\/\\\/museal.com\\\/fr\\\/\",\"logo\":{\"@type\":\"ImageObject\",\"inLanguage\":\"fr-FR\",\"@id\":\"https:\\\/\\\/museal.com\\\/fr\\\/#\\\/schema\\\/logo\\\/image\\\/\",\"url\":\"https:\\\/\\\/museal.com\\\/wp-content\\\/uploads\\\/2021\\\/05\\\/logo-e1621950424453.jpg\",\"contentUrl\":\"https:\\\/\\\/museal.com\\\/wp-content\\\/uploads\\\/2021\\\/05\\\/logo-e1621950424453.jpg\",\"width\":732,\"height\":574,\"caption\":\"Museal Editions\"},\"image\":{\"@id\":\"https:\\\/\\\/museal.com\\\/fr\\\/#\\\/schema\\\/logo\\\/image\\\/\"}}]}<\/script>\n<!-- \/ Yoast SEO plugin. -->","yoast_head_json":{"title":"Versch\u00e4mt de Rob Krier en pl\u00e2tre - Museal Editions","robots":{"index":"index","follow":"follow","max-snippet":"max-snippet:-1","max-image-preview":"max-image-preview:large","max-video-preview":"max-video-preview:-1"},"canonical":"https:\/\/museal.com\/fr\/produit\/verschamt-de-rob-krier-en-platre\/","og_locale":"fr_FR","og_type":"article","og_title":"Versch\u00e4mt de Rob Krier en pl\u00e2tre - Museal Editions","og_description":"R\u00e9duction en pl\u00e2tre\u00a0de\u00a0 \" Versch\u00e4mt \", l'une des 4 sculptures ornant l'entr\u00e9e de la cit\u00e9e judiciaire. Edition est\u00a0 limit\u00e9e et num\u00e9rot\u00e9e sur 50 exemplaires","og_url":"https:\/\/museal.com\/fr\/produit\/verschamt-de-rob-krier-en-platre\/","og_site_name":"Museal Editions","article_modified_time":"2024-01-01T22:07:42+00:00","og_image":[{"width":1707,"height":2560,"url":"https:\/\/museal.com\/wp-content\/uploads\/2022\/01\/Verschamt-Krier-platre-face-scaled.jpg","type":"image\/jpeg"}],"twitter_card":"summary_large_image","schema":{"@context":"https:\/\/schema.org","@graph":[{"@type":"WebPage","@id":"https:\/\/museal.com\/fr\/produit\/verschamt-de-rob-krier-en-platre\/","url":"https:\/\/museal.com\/fr\/produit\/verschamt-de-rob-krier-en-platre\/","name":"Versch\u00e4mt de Rob Krier en pl\u00e2tre - Museal Editions","isPartOf":{"@id":"https:\/\/museal.com\/fr\/#website"},"primaryImageOfPage":{"@id":"https:\/\/museal.com\/fr\/produit\/verschamt-de-rob-krier-en-platre\/#primaryimage"},"image":{"@id":"https:\/\/museal.com\/fr\/produit\/verschamt-de-rob-krier-en-platre\/#primaryimage"},"thumbnailUrl":"https:\/\/museal.com\/wp-content\/uploads\/2022\/01\/Verschamt-Krier-platre-face-scaled.jpg","datePublished":"2022-01-20T10:32:21+00:00","dateModified":"2024-01-01T22:07:42+00:00","breadcrumb":{"@id":"https:\/\/museal.com\/fr\/produit\/verschamt-de-rob-krier-en-platre\/#breadcrumb"},"inLanguage":"fr-FR","potentialAction":[{"@type":"ReadAction","target":["https:\/\/museal.com\/fr\/produit\/verschamt-de-rob-krier-en-platre\/"]}]},{"@type":"ImageObject","inLanguage":"fr-FR","@id":"https:\/\/museal.com\/fr\/produit\/verschamt-de-rob-krier-en-platre\/#primaryimage","url":"https:\/\/museal.com\/wp-content\/uploads\/2022\/01\/Verschamt-Krier-platre-face-scaled.jpg","contentUrl":"https:\/\/museal.com\/wp-content\/uploads\/2022\/01\/Verschamt-Krier-platre-face-scaled.jpg","width":1707,"height":2560},{"@type":"BreadcrumbList","@id":"https:\/\/museal.com\/fr\/produit\/verschamt-de-rob-krier-en-platre\/#breadcrumb","itemListElement":[{"@type":"ListItem","position":1,"name":"Accueil","item":"https:\/\/museal.com\/fr\/"},{"@type":"ListItem","position":2,"name":"Boutique","item":"https:\/\/museal.com\/fr\/boutique\/"},{"@type":"ListItem","position":3,"name":"Versch\u00e4mt de Rob Krier en pl\u00e2tre"}]},{"@type":"WebSite","@id":"https:\/\/museal.com\/fr\/#website","url":"https:\/\/museal.com\/fr\/","name":"Museal Editions","description":"Objets d&#039;art et de d\u00e9coration inspir\u00e9s du Patrimoine luxembourgeois","publisher":{"@id":"https:\/\/museal.com\/fr\/#organization"},"potentialAction":[{"@type":"SearchAction","target":{"@type":"EntryPoint","urlTemplate":"https:\/\/museal.com\/fr\/?s={search_term_string}"},"query-input":{"@type":"PropertyValueSpecification","valueRequired":true,"valueName":"search_term_string"}}],"inLanguage":"fr-FR"},{"@type":"Organization","@id":"https:\/\/museal.com\/fr\/#organization","name":"Museal Editions","url":"https:\/\/museal.com\/fr\/","logo":{"@type":"ImageObject","inLanguage":"fr-FR","@id":"https:\/\/museal.com\/fr\/#\/schema\/logo\/image\/","url":"https:\/\/museal.com\/wp-content\/uploads\/2021\/05\/logo-e1621950424453.jpg","contentUrl":"https:\/\/museal.com\/wp-content\/uploads\/2021\/05\/logo-e1621950424453.jpg","width":732,"height":574,"caption":"Museal Editions"},"image":{"@id":"https:\/\/museal.com\/fr\/#\/schema\/logo\/image\/"}}]}},"_links":{"self":[{"href":"https:\/\/museal.com\/fr\/wp-json\/wp\/v2\/product\/12364","targetHints":{"allow":["GET"]}}],"collection":[{"href":"https:\/\/museal.com\/fr\/wp-json\/wp\/v2\/product"}],"about":[{"href":"https:\/\/museal.com\/fr\/wp-json\/wp\/v2\/types\/product"}],"wp:featuredmedia":[{"embeddable":true,"href":"https:\/\/museal.com\/fr\/wp-json\/wp\/v2\/media\/12369"}],"wp:attachment":[{"href":"https:\/\/museal.com\/fr\/wp-json\/wp\/v2\/media?parent=12364"}],"wp:term":[{"taxonomy":"product_brand","embeddable":true,"href":"https:\/\/museal.com\/fr\/wp-json\/wp\/v2\/product_brand?post=12364"},{"taxonomy":"product_cat","embeddable":true,"href":"https:\/\/museal.com\/fr\/wp-json\/wp\/v2\/product_cat?post=12364"},{"taxonomy":"product_tag","embeddable":true,"href":"https:\/\/museal.com\/fr\/wp-json\/wp\/v2\/product_tag?post=12364"}],"curies":[{"name":"wp","href":"https:\/\/api.w.org\/{rel}","templated":true}]}}