{"id":12394,"date":"2022-01-20T11:48:30","date_gmt":"2022-01-20T10:48:30","guid":{"rendered":"https:\/\/shop.museal.com\/?post_type=product&#038;p=12394"},"modified":"2025-06-26T12:14:06","modified_gmt":"2025-06-26T10:14:06","slug":"lion-assis-de-diekirch-bronze","status":"publish","type":"product","link":"https:\/\/museal.com\/fr\/produit\/lion-assis-de-diekirch-bronze\/","title":{"rendered":"Lion assis de Diekirch, bronze"},"content":{"rendered":"<p>Bernard Deutsch est n\u00e9 \u00e0 Vianden le 21 f\u00e9vrier 1837. En 1899, il travaille sur 2 statues de lions assis tenant entre leurs pattes de devant l&#8217;une les armoiries du Grand-Duch\u00e9 de Luxembourg, l&#8217;autre celle de la ville Diekirch. C&#8217;est pour le passage du progymnase au statut de gymnase que furent probablement cr\u00e9\u00e9s les lions en question et install\u00e9s dans le fronton surplombant l&#8217;entr\u00e9e du\u00a0 Lyc\u00e9e Classique de Diekirch.<\/p>\n","protected":false},"excerpt":{"rendered":"<p>R\u00e9duction en bronze de l&#8217;un des 2 lions surplombant son entr\u00e9e du lyc\u00e9e classique de Diekirch, tenant les Armoiries de la Ville de Diekirch. S\u00e9rie d&#8217;\u00e9preuves, finement cisel\u00e9es et patin\u00e9es \u00e0 chaud dans les tons bruns \u00e0 reflets dor\u00e9s typiques des bronzes du 19\u00b0 si\u00e8cle, r\u00e9alis\u00e9es dans le respect pratiques de la fonte \u00e0 cire perdue.<\/p>\n<p>Dimensions : Hauteur : 30 cm ; Poids : 3,2 kg<\/p>\n","protected":false},"featured_media":13663,"template":"","meta":[],"product_brand":[],"product_cat":[143,89],"product_tag":[],"class_list":{"0":"post-12394","1":"product","2":"type-product","3":"status-publish","4":"has-post-thumbnail","6":"product_cat-bronzes-animaliers","7":"product_cat-sculptures-et-bronzes-d-art","9":"first","10":"instock","11":"taxable","12":"shipping-taxable","13":"purchasable","14":"product-type-simple"},"yoast_head":"<!-- This site is optimized with the Yoast SEO plugin v27.3 - https:\/\/yoast.com\/product\/yoast-seo-wordpress\/ -->\n<title>Lion assis de Diekirch, bronze - Museal Editions<\/title>\n<meta name=\"description\" content=\"R\u00e9duction en bronze de l&#039;un des 2 lions surplombant son entr\u00e9e du lyc\u00e9e classique de Diekirch, tenant les Armoiries de la Ville de Diekirch.\" \/>\n<meta name=\"robots\" content=\"index, follow, max-snippet:-1, max-image-preview:large, max-video-preview:-1\" \/>\n<link rel=\"canonical\" href=\"https:\/\/museal.com\/fr\/produit\/lion-assis-de-diekirch-bronze\/\" \/>\n<meta property=\"og:locale\" content=\"fr_FR\" \/>\n<meta property=\"og:type\" content=\"article\" \/>\n<meta property=\"og:title\" content=\"Lion assis de Diekirch, bronze - Museal Editions\" \/>\n<meta property=\"og:description\" content=\"R\u00e9duction en bronze de l&#039;un des 2 lions surplombant son entr\u00e9e du lyc\u00e9e classique de Diekirch, tenant les Armoiries de la Ville de Diekirch.\" \/>\n<meta property=\"og:url\" content=\"https:\/\/museal.com\/fr\/produit\/lion-assis-de-diekirch-bronze\/\" \/>\n<meta property=\"og:site_name\" content=\"Museal Editions\" \/>\n<meta property=\"article:modified_time\" content=\"2025-06-26T10:14:06+00:00\" \/>\n<meta property=\"og:image\" content=\"https:\/\/museal.com\/wp-content\/uploads\/2022\/01\/lion-assis-1.png\" \/>\n\t<meta property=\"og:image:width\" content=\"1500\" \/>\n\t<meta property=\"og:image:height\" content=\"2000\" \/>\n\t<meta property=\"og:image:type\" content=\"image\/png\" \/>\n<meta name=\"twitter:card\" content=\"summary_large_image\" \/>\n<script type=\"application\/ld+json\" class=\"yoast-schema-graph\">{\"@context\":\"https:\\\/\\\/schema.org\",\"@graph\":[{\"@type\":\"WebPage\",\"@id\":\"https:\\\/\\\/museal.com\\\/fr\\\/produit\\\/lion-assis-de-diekirch-bronze\\\/\",\"url\":\"https:\\\/\\\/museal.com\\\/fr\\\/produit\\\/lion-assis-de-diekirch-bronze\\\/\",\"name\":\"Lion assis de Diekirch, bronze - Museal Editions\",\"isPartOf\":{\"@id\":\"https:\\\/\\\/museal.com\\\/fr\\\/#website\"},\"primaryImageOfPage\":{\"@id\":\"https:\\\/\\\/museal.com\\\/fr\\\/produit\\\/lion-assis-de-diekirch-bronze\\\/#primaryimage\"},\"image\":{\"@id\":\"https:\\\/\\\/museal.com\\\/fr\\\/produit\\\/lion-assis-de-diekirch-bronze\\\/#primaryimage\"},\"thumbnailUrl\":\"https:\\\/\\\/museal.com\\\/wp-content\\\/uploads\\\/2022\\\/01\\\/lion-assis-1.png\",\"datePublished\":\"2022-01-20T10:48:30+00:00\",\"dateModified\":\"2025-06-26T10:14:06+00:00\",\"description\":\"R\u00e9duction en bronze de l'un des 2 lions surplombant son entr\u00e9e du lyc\u00e9e classique de Diekirch, tenant les Armoiries de la Ville de Diekirch.\",\"breadcrumb\":{\"@id\":\"https:\\\/\\\/museal.com\\\/fr\\\/produit\\\/lion-assis-de-diekirch-bronze\\\/#breadcrumb\"},\"inLanguage\":\"fr-FR\",\"potentialAction\":[{\"@type\":\"ReadAction\",\"target\":[\"https:\\\/\\\/museal.com\\\/fr\\\/produit\\\/lion-assis-de-diekirch-bronze\\\/\"]}]},{\"@type\":\"ImageObject\",\"inLanguage\":\"fr-FR\",\"@id\":\"https:\\\/\\\/museal.com\\\/fr\\\/produit\\\/lion-assis-de-diekirch-bronze\\\/#primaryimage\",\"url\":\"https:\\\/\\\/museal.com\\\/wp-content\\\/uploads\\\/2022\\\/01\\\/lion-assis-1.png\",\"contentUrl\":\"https:\\\/\\\/museal.com\\\/wp-content\\\/uploads\\\/2022\\\/01\\\/lion-assis-1.png\",\"width\":1500,\"height\":2000},{\"@type\":\"BreadcrumbList\",\"@id\":\"https:\\\/\\\/museal.com\\\/fr\\\/produit\\\/lion-assis-de-diekirch-bronze\\\/#breadcrumb\",\"itemListElement\":[{\"@type\":\"ListItem\",\"position\":1,\"name\":\"Accueil\",\"item\":\"https:\\\/\\\/museal.com\\\/fr\\\/\"},{\"@type\":\"ListItem\",\"position\":2,\"name\":\"Boutique\",\"item\":\"https:\\\/\\\/museal.com\\\/fr\\\/boutique\\\/\"},{\"@type\":\"ListItem\",\"position\":3,\"name\":\"Lion assis de Diekirch, bronze\"}]},{\"@type\":\"WebSite\",\"@id\":\"https:\\\/\\\/museal.com\\\/fr\\\/#website\",\"url\":\"https:\\\/\\\/museal.com\\\/fr\\\/\",\"name\":\"Museal Editions\",\"description\":\"Objets d&#039;art et de d\u00e9coration inspir\u00e9s du Patrimoine luxembourgeois\",\"publisher\":{\"@id\":\"https:\\\/\\\/museal.com\\\/fr\\\/#organization\"},\"potentialAction\":[{\"@type\":\"SearchAction\",\"target\":{\"@type\":\"EntryPoint\",\"urlTemplate\":\"https:\\\/\\\/museal.com\\\/fr\\\/?s={search_term_string}\"},\"query-input\":{\"@type\":\"PropertyValueSpecification\",\"valueRequired\":true,\"valueName\":\"search_term_string\"}}],\"inLanguage\":\"fr-FR\"},{\"@type\":\"Organization\",\"@id\":\"https:\\\/\\\/museal.com\\\/fr\\\/#organization\",\"name\":\"Museal Editions\",\"url\":\"https:\\\/\\\/museal.com\\\/fr\\\/\",\"logo\":{\"@type\":\"ImageObject\",\"inLanguage\":\"fr-FR\",\"@id\":\"https:\\\/\\\/museal.com\\\/fr\\\/#\\\/schema\\\/logo\\\/image\\\/\",\"url\":\"https:\\\/\\\/museal.com\\\/wp-content\\\/uploads\\\/2021\\\/05\\\/logo-e1621950424453.jpg\",\"contentUrl\":\"https:\\\/\\\/museal.com\\\/wp-content\\\/uploads\\\/2021\\\/05\\\/logo-e1621950424453.jpg\",\"width\":732,\"height\":574,\"caption\":\"Museal Editions\"},\"image\":{\"@id\":\"https:\\\/\\\/museal.com\\\/fr\\\/#\\\/schema\\\/logo\\\/image\\\/\"}}]}<\/script>\n<!-- \/ Yoast SEO plugin. -->","yoast_head_json":{"title":"Lion assis de Diekirch, bronze - Museal Editions","description":"R\u00e9duction en bronze de l'un des 2 lions surplombant son entr\u00e9e du lyc\u00e9e classique de Diekirch, tenant les Armoiries de la Ville de Diekirch.","robots":{"index":"index","follow":"follow","max-snippet":"max-snippet:-1","max-image-preview":"max-image-preview:large","max-video-preview":"max-video-preview:-1"},"canonical":"https:\/\/museal.com\/fr\/produit\/lion-assis-de-diekirch-bronze\/","og_locale":"fr_FR","og_type":"article","og_title":"Lion assis de Diekirch, bronze - Museal Editions","og_description":"R\u00e9duction en bronze de l'un des 2 lions surplombant son entr\u00e9e du lyc\u00e9e classique de Diekirch, tenant les Armoiries de la Ville de Diekirch.","og_url":"https:\/\/museal.com\/fr\/produit\/lion-assis-de-diekirch-bronze\/","og_site_name":"Museal Editions","article_modified_time":"2025-06-26T10:14:06+00:00","og_image":[{"width":1500,"height":2000,"url":"https:\/\/museal.com\/wp-content\/uploads\/2022\/01\/lion-assis-1.png","type":"image\/png"}],"twitter_card":"summary_large_image","schema":{"@context":"https:\/\/schema.org","@graph":[{"@type":"WebPage","@id":"https:\/\/museal.com\/fr\/produit\/lion-assis-de-diekirch-bronze\/","url":"https:\/\/museal.com\/fr\/produit\/lion-assis-de-diekirch-bronze\/","name":"Lion assis de Diekirch, bronze - Museal Editions","isPartOf":{"@id":"https:\/\/museal.com\/fr\/#website"},"primaryImageOfPage":{"@id":"https:\/\/museal.com\/fr\/produit\/lion-assis-de-diekirch-bronze\/#primaryimage"},"image":{"@id":"https:\/\/museal.com\/fr\/produit\/lion-assis-de-diekirch-bronze\/#primaryimage"},"thumbnailUrl":"https:\/\/museal.com\/wp-content\/uploads\/2022\/01\/lion-assis-1.png","datePublished":"2022-01-20T10:48:30+00:00","dateModified":"2025-06-26T10:14:06+00:00","description":"R\u00e9duction en bronze de l'un des 2 lions surplombant son entr\u00e9e du lyc\u00e9e classique de Diekirch, tenant les Armoiries de la Ville de Diekirch.","breadcrumb":{"@id":"https:\/\/museal.com\/fr\/produit\/lion-assis-de-diekirch-bronze\/#breadcrumb"},"inLanguage":"fr-FR","potentialAction":[{"@type":"ReadAction","target":["https:\/\/museal.com\/fr\/produit\/lion-assis-de-diekirch-bronze\/"]}]},{"@type":"ImageObject","inLanguage":"fr-FR","@id":"https:\/\/museal.com\/fr\/produit\/lion-assis-de-diekirch-bronze\/#primaryimage","url":"https:\/\/museal.com\/wp-content\/uploads\/2022\/01\/lion-assis-1.png","contentUrl":"https:\/\/museal.com\/wp-content\/uploads\/2022\/01\/lion-assis-1.png","width":1500,"height":2000},{"@type":"BreadcrumbList","@id":"https:\/\/museal.com\/fr\/produit\/lion-assis-de-diekirch-bronze\/#breadcrumb","itemListElement":[{"@type":"ListItem","position":1,"name":"Accueil","item":"https:\/\/museal.com\/fr\/"},{"@type":"ListItem","position":2,"name":"Boutique","item":"https:\/\/museal.com\/fr\/boutique\/"},{"@type":"ListItem","position":3,"name":"Lion assis de Diekirch, bronze"}]},{"@type":"WebSite","@id":"https:\/\/museal.com\/fr\/#website","url":"https:\/\/museal.com\/fr\/","name":"Museal Editions","description":"Objets d&#039;art et de d\u00e9coration inspir\u00e9s du Patrimoine luxembourgeois","publisher":{"@id":"https:\/\/museal.com\/fr\/#organization"},"potentialAction":[{"@type":"SearchAction","target":{"@type":"EntryPoint","urlTemplate":"https:\/\/museal.com\/fr\/?s={search_term_string}"},"query-input":{"@type":"PropertyValueSpecification","valueRequired":true,"valueName":"search_term_string"}}],"inLanguage":"fr-FR"},{"@type":"Organization","@id":"https:\/\/museal.com\/fr\/#organization","name":"Museal Editions","url":"https:\/\/museal.com\/fr\/","logo":{"@type":"ImageObject","inLanguage":"fr-FR","@id":"https:\/\/museal.com\/fr\/#\/schema\/logo\/image\/","url":"https:\/\/museal.com\/wp-content\/uploads\/2021\/05\/logo-e1621950424453.jpg","contentUrl":"https:\/\/museal.com\/wp-content\/uploads\/2021\/05\/logo-e1621950424453.jpg","width":732,"height":574,"caption":"Museal Editions"},"image":{"@id":"https:\/\/museal.com\/fr\/#\/schema\/logo\/image\/"}}]}},"_links":{"self":[{"href":"https:\/\/museal.com\/fr\/wp-json\/wp\/v2\/product\/12394","targetHints":{"allow":["GET"]}}],"collection":[{"href":"https:\/\/museal.com\/fr\/wp-json\/wp\/v2\/product"}],"about":[{"href":"https:\/\/museal.com\/fr\/wp-json\/wp\/v2\/types\/product"}],"wp:featuredmedia":[{"embeddable":true,"href":"https:\/\/museal.com\/fr\/wp-json\/wp\/v2\/media\/13663"}],"wp:attachment":[{"href":"https:\/\/museal.com\/fr\/wp-json\/wp\/v2\/media?parent=12394"}],"wp:term":[{"taxonomy":"product_brand","embeddable":true,"href":"https:\/\/museal.com\/fr\/wp-json\/wp\/v2\/product_brand?post=12394"},{"taxonomy":"product_cat","embeddable":true,"href":"https:\/\/museal.com\/fr\/wp-json\/wp\/v2\/product_cat?post=12394"},{"taxonomy":"product_tag","embeddable":true,"href":"https:\/\/museal.com\/fr\/wp-json\/wp\/v2\/product_tag?post=12394"}],"curies":[{"name":"wp","href":"https:\/\/api.w.org\/{rel}","templated":true}]}}