{"id":12446,"date":"2022-01-20T17:24:05","date_gmt":"2022-01-20T16:24:05","guid":{"rendered":"https:\/\/shop.museal.com\/?post_type=product&#038;p=12446"},"modified":"2026-01-11T08:32:22","modified_gmt":"2026-01-11T07:32:22","slug":"bronze-dart-saint-nicolas","status":"publish","type":"product","link":"https:\/\/museal.com\/fr\/produit\/bronze-dart-saint-nicolas\/","title":{"rendered":"Bronze d&#8217;art Saint-Nicolas"},"content":{"rendered":"<div>Depuis le XIIe si\u00e8cle, l&#8217;ancienne \u00e9glise Saint-Nicolas joue un r\u00f4le important dans la ville de Luxembourg.<\/div>\n<div>En 1778, l&#8217;ancienne \u00e9glise des j\u00e9suites (dont l&#8217;ordre a \u00e9t\u00e9 supprim\u00e9 en 1773), devient une \u00e9glise paroissiale, sous le nom de Saint-Nicolas-et-Sainte-Th\u00e9r\u00e8se. C&#8217;est pourquoi sa statue se dresse encore aujourd&#8217;hui au-dessus de la porte principale. Ce n&#8217;est qu&#8217;au XIXe si\u00e8cle que l&#8217;\u00e9glise fut \u00e9lev\u00e9e au rang de cath\u00e9drale consacr\u00e9e \u00e0 Notre-Dame.<\/div>\n<div><\/div>\n<div>Une des l\u00e9gendes les plus populaires sur Saint Nicolas dit que 3 petits gar\u00e7ons, perdus dans la nuit, demand\u00e8rent \u00e0 un boucher de les loger. A peine entr\u00e9s, le boucher se pr\u00e9cipita vers eux pour les d\u00e9couper et les mettre au saloir. Un jour, le bon Saint Nicolas vint chez le boucher et insista pour manger le petit sal\u00e9 qui se trouvait dans son saloir. Pris de peur, le boucher s&#8217;enfuit et Saint-Nicolas ressuscita les trois enfants. C&#8217;est ainsi que le Saint est v\u00e9n\u00e9r\u00e9 comme patron des enfants, mais aussi des \u00e9l\u00e8ves, des \u00e9tudiants, des p\u00e8lerins et voyageurs.<\/div>\n","protected":false},"excerpt":{"rendered":"<div>Sculpture en bronze, de Saint-Nicolas, en coul\u00e9e artisanale, r\u00e9alis\u00e9e par l&#8217;artiste luxembourgeois Roby Kieffer.<\/div>\n<div>Dimensions: 15&#215;7.5&#215;3.5cm. Poids: 650g<\/div>\n","protected":false},"featured_media":13761,"template":"","meta":[],"product_brand":[],"product_cat":[89],"product_tag":[],"class_list":{"0":"post-12446","1":"product","2":"type-product","3":"status-publish","4":"has-post-thumbnail","6":"product_cat-sculptures-et-bronzes-d-art","8":"first","9":"instock","10":"taxable","11":"shipping-taxable","12":"purchasable","13":"product-type-simple"},"yoast_head":"<!-- This site is optimized with the Yoast SEO plugin v27.3 - https:\/\/yoast.com\/product\/yoast-seo-wordpress\/ -->\n<title>Bronze d&#039;art Saint-Nicolas - Museal Editions<\/title>\n<meta name=\"description\" content=\"Sculpture en bronze, de Saint-Nicolas,\u00a0en coul\u00e9e artisanale, r\u00e9alis\u00e9e\u00a0par l&#039;artiste luxembourgeois Roby Kieffer.\" \/>\n<meta name=\"robots\" content=\"index, follow, max-snippet:-1, max-image-preview:large, max-video-preview:-1\" \/>\n<link rel=\"canonical\" href=\"https:\/\/museal.com\/fr\/produit\/bronze-dart-saint-nicolas\/\" \/>\n<meta property=\"og:locale\" content=\"fr_FR\" \/>\n<meta property=\"og:type\" content=\"article\" \/>\n<meta property=\"og:title\" content=\"Bronze d&#039;art Saint-Nicolas - Museal Editions\" \/>\n<meta property=\"og:description\" content=\"Sculpture en bronze, de Saint-Nicolas,\u00a0en coul\u00e9e artisanale, r\u00e9alis\u00e9e\u00a0par l&#039;artiste luxembourgeois Roby Kieffer.\" \/>\n<meta property=\"og:url\" content=\"https:\/\/museal.com\/fr\/produit\/bronze-dart-saint-nicolas\/\" \/>\n<meta property=\"og:site_name\" content=\"Museal Editions\" \/>\n<meta property=\"article:modified_time\" content=\"2026-01-11T07:32:22+00:00\" \/>\n<meta property=\"og:image\" content=\"https:\/\/museal.com\/wp-content\/uploads\/2022\/01\/st-nicolas-768x1024.png\" \/>\n\t<meta property=\"og:image:width\" content=\"768\" \/>\n\t<meta property=\"og:image:height\" content=\"1024\" \/>\n\t<meta property=\"og:image:type\" content=\"image\/png\" \/>\n<meta name=\"twitter:card\" content=\"summary_large_image\" \/>\n<script type=\"application\/ld+json\" class=\"yoast-schema-graph\">{\"@context\":\"https:\\\/\\\/schema.org\",\"@graph\":[{\"@type\":\"WebPage\",\"@id\":\"https:\\\/\\\/museal.com\\\/fr\\\/produit\\\/bronze-dart-saint-nicolas\\\/\",\"url\":\"https:\\\/\\\/museal.com\\\/fr\\\/produit\\\/bronze-dart-saint-nicolas\\\/\",\"name\":\"Bronze d'art Saint-Nicolas - Museal Editions\",\"isPartOf\":{\"@id\":\"https:\\\/\\\/museal.com\\\/fr\\\/#website\"},\"primaryImageOfPage\":{\"@id\":\"https:\\\/\\\/museal.com\\\/fr\\\/produit\\\/bronze-dart-saint-nicolas\\\/#primaryimage\"},\"image\":{\"@id\":\"https:\\\/\\\/museal.com\\\/fr\\\/produit\\\/bronze-dart-saint-nicolas\\\/#primaryimage\"},\"thumbnailUrl\":\"https:\\\/\\\/museal.com\\\/wp-content\\\/uploads\\\/2022\\\/01\\\/st-nicolas.png\",\"datePublished\":\"2022-01-20T16:24:05+00:00\",\"dateModified\":\"2026-01-11T07:32:22+00:00\",\"description\":\"Sculpture en bronze, de Saint-Nicolas,\u00a0en coul\u00e9e artisanale, r\u00e9alis\u00e9e\u00a0par l'artiste luxembourgeois Roby Kieffer.\",\"breadcrumb\":{\"@id\":\"https:\\\/\\\/museal.com\\\/fr\\\/produit\\\/bronze-dart-saint-nicolas\\\/#breadcrumb\"},\"inLanguage\":\"fr-FR\",\"potentialAction\":[{\"@type\":\"ReadAction\",\"target\":[\"https:\\\/\\\/museal.com\\\/fr\\\/produit\\\/bronze-dart-saint-nicolas\\\/\"]}]},{\"@type\":\"ImageObject\",\"inLanguage\":\"fr-FR\",\"@id\":\"https:\\\/\\\/museal.com\\\/fr\\\/produit\\\/bronze-dart-saint-nicolas\\\/#primaryimage\",\"url\":\"https:\\\/\\\/museal.com\\\/wp-content\\\/uploads\\\/2022\\\/01\\\/st-nicolas.png\",\"contentUrl\":\"https:\\\/\\\/museal.com\\\/wp-content\\\/uploads\\\/2022\\\/01\\\/st-nicolas.png\",\"width\":1500,\"height\":2000},{\"@type\":\"BreadcrumbList\",\"@id\":\"https:\\\/\\\/museal.com\\\/fr\\\/produit\\\/bronze-dart-saint-nicolas\\\/#breadcrumb\",\"itemListElement\":[{\"@type\":\"ListItem\",\"position\":1,\"name\":\"Accueil\",\"item\":\"https:\\\/\\\/museal.com\\\/fr\\\/\"},{\"@type\":\"ListItem\",\"position\":2,\"name\":\"Boutique\",\"item\":\"https:\\\/\\\/museal.com\\\/fr\\\/boutique\\\/\"},{\"@type\":\"ListItem\",\"position\":3,\"name\":\"Bronze d&#8217;art Saint-Nicolas\"}]},{\"@type\":\"WebSite\",\"@id\":\"https:\\\/\\\/museal.com\\\/fr\\\/#website\",\"url\":\"https:\\\/\\\/museal.com\\\/fr\\\/\",\"name\":\"Museal Editions\",\"description\":\"Objets d&#039;art et de d\u00e9coration inspir\u00e9s du Patrimoine luxembourgeois\",\"publisher\":{\"@id\":\"https:\\\/\\\/museal.com\\\/fr\\\/#organization\"},\"potentialAction\":[{\"@type\":\"SearchAction\",\"target\":{\"@type\":\"EntryPoint\",\"urlTemplate\":\"https:\\\/\\\/museal.com\\\/fr\\\/?s={search_term_string}\"},\"query-input\":{\"@type\":\"PropertyValueSpecification\",\"valueRequired\":true,\"valueName\":\"search_term_string\"}}],\"inLanguage\":\"fr-FR\"},{\"@type\":\"Organization\",\"@id\":\"https:\\\/\\\/museal.com\\\/fr\\\/#organization\",\"name\":\"Museal Editions\",\"url\":\"https:\\\/\\\/museal.com\\\/fr\\\/\",\"logo\":{\"@type\":\"ImageObject\",\"inLanguage\":\"fr-FR\",\"@id\":\"https:\\\/\\\/museal.com\\\/fr\\\/#\\\/schema\\\/logo\\\/image\\\/\",\"url\":\"https:\\\/\\\/museal.com\\\/wp-content\\\/uploads\\\/2021\\\/05\\\/logo-e1621950424453.jpg\",\"contentUrl\":\"https:\\\/\\\/museal.com\\\/wp-content\\\/uploads\\\/2021\\\/05\\\/logo-e1621950424453.jpg\",\"width\":732,\"height\":574,\"caption\":\"Museal Editions\"},\"image\":{\"@id\":\"https:\\\/\\\/museal.com\\\/fr\\\/#\\\/schema\\\/logo\\\/image\\\/\"}}]}<\/script>\n<!-- \/ Yoast SEO plugin. -->","yoast_head_json":{"title":"Bronze d'art Saint-Nicolas - Museal Editions","description":"Sculpture en bronze, de Saint-Nicolas,\u00a0en coul\u00e9e artisanale, r\u00e9alis\u00e9e\u00a0par l'artiste luxembourgeois Roby Kieffer.","robots":{"index":"index","follow":"follow","max-snippet":"max-snippet:-1","max-image-preview":"max-image-preview:large","max-video-preview":"max-video-preview:-1"},"canonical":"https:\/\/museal.com\/fr\/produit\/bronze-dart-saint-nicolas\/","og_locale":"fr_FR","og_type":"article","og_title":"Bronze d'art Saint-Nicolas - Museal Editions","og_description":"Sculpture en bronze, de Saint-Nicolas,\u00a0en coul\u00e9e artisanale, r\u00e9alis\u00e9e\u00a0par l'artiste luxembourgeois Roby Kieffer.","og_url":"https:\/\/museal.com\/fr\/produit\/bronze-dart-saint-nicolas\/","og_site_name":"Museal Editions","article_modified_time":"2026-01-11T07:32:22+00:00","og_image":[{"width":768,"height":1024,"url":"https:\/\/museal.com\/wp-content\/uploads\/2022\/01\/st-nicolas-768x1024.png","type":"image\/png"}],"twitter_card":"summary_large_image","schema":{"@context":"https:\/\/schema.org","@graph":[{"@type":"WebPage","@id":"https:\/\/museal.com\/fr\/produit\/bronze-dart-saint-nicolas\/","url":"https:\/\/museal.com\/fr\/produit\/bronze-dart-saint-nicolas\/","name":"Bronze d'art Saint-Nicolas - Museal Editions","isPartOf":{"@id":"https:\/\/museal.com\/fr\/#website"},"primaryImageOfPage":{"@id":"https:\/\/museal.com\/fr\/produit\/bronze-dart-saint-nicolas\/#primaryimage"},"image":{"@id":"https:\/\/museal.com\/fr\/produit\/bronze-dart-saint-nicolas\/#primaryimage"},"thumbnailUrl":"https:\/\/museal.com\/wp-content\/uploads\/2022\/01\/st-nicolas.png","datePublished":"2022-01-20T16:24:05+00:00","dateModified":"2026-01-11T07:32:22+00:00","description":"Sculpture en bronze, de Saint-Nicolas,\u00a0en coul\u00e9e artisanale, r\u00e9alis\u00e9e\u00a0par l'artiste luxembourgeois Roby Kieffer.","breadcrumb":{"@id":"https:\/\/museal.com\/fr\/produit\/bronze-dart-saint-nicolas\/#breadcrumb"},"inLanguage":"fr-FR","potentialAction":[{"@type":"ReadAction","target":["https:\/\/museal.com\/fr\/produit\/bronze-dart-saint-nicolas\/"]}]},{"@type":"ImageObject","inLanguage":"fr-FR","@id":"https:\/\/museal.com\/fr\/produit\/bronze-dart-saint-nicolas\/#primaryimage","url":"https:\/\/museal.com\/wp-content\/uploads\/2022\/01\/st-nicolas.png","contentUrl":"https:\/\/museal.com\/wp-content\/uploads\/2022\/01\/st-nicolas.png","width":1500,"height":2000},{"@type":"BreadcrumbList","@id":"https:\/\/museal.com\/fr\/produit\/bronze-dart-saint-nicolas\/#breadcrumb","itemListElement":[{"@type":"ListItem","position":1,"name":"Accueil","item":"https:\/\/museal.com\/fr\/"},{"@type":"ListItem","position":2,"name":"Boutique","item":"https:\/\/museal.com\/fr\/boutique\/"},{"@type":"ListItem","position":3,"name":"Bronze d&#8217;art Saint-Nicolas"}]},{"@type":"WebSite","@id":"https:\/\/museal.com\/fr\/#website","url":"https:\/\/museal.com\/fr\/","name":"Museal Editions","description":"Objets d&#039;art et de d\u00e9coration inspir\u00e9s du Patrimoine luxembourgeois","publisher":{"@id":"https:\/\/museal.com\/fr\/#organization"},"potentialAction":[{"@type":"SearchAction","target":{"@type":"EntryPoint","urlTemplate":"https:\/\/museal.com\/fr\/?s={search_term_string}"},"query-input":{"@type":"PropertyValueSpecification","valueRequired":true,"valueName":"search_term_string"}}],"inLanguage":"fr-FR"},{"@type":"Organization","@id":"https:\/\/museal.com\/fr\/#organization","name":"Museal Editions","url":"https:\/\/museal.com\/fr\/","logo":{"@type":"ImageObject","inLanguage":"fr-FR","@id":"https:\/\/museal.com\/fr\/#\/schema\/logo\/image\/","url":"https:\/\/museal.com\/wp-content\/uploads\/2021\/05\/logo-e1621950424453.jpg","contentUrl":"https:\/\/museal.com\/wp-content\/uploads\/2021\/05\/logo-e1621950424453.jpg","width":732,"height":574,"caption":"Museal Editions"},"image":{"@id":"https:\/\/museal.com\/fr\/#\/schema\/logo\/image\/"}}]}},"_links":{"self":[{"href":"https:\/\/museal.com\/fr\/wp-json\/wp\/v2\/product\/12446","targetHints":{"allow":["GET"]}}],"collection":[{"href":"https:\/\/museal.com\/fr\/wp-json\/wp\/v2\/product"}],"about":[{"href":"https:\/\/museal.com\/fr\/wp-json\/wp\/v2\/types\/product"}],"wp:featuredmedia":[{"embeddable":true,"href":"https:\/\/museal.com\/fr\/wp-json\/wp\/v2\/media\/13761"}],"wp:attachment":[{"href":"https:\/\/museal.com\/fr\/wp-json\/wp\/v2\/media?parent=12446"}],"wp:term":[{"taxonomy":"product_brand","embeddable":true,"href":"https:\/\/museal.com\/fr\/wp-json\/wp\/v2\/product_brand?post=12446"},{"taxonomy":"product_cat","embeddable":true,"href":"https:\/\/museal.com\/fr\/wp-json\/wp\/v2\/product_cat?post=12446"},{"taxonomy":"product_tag","embeddable":true,"href":"https:\/\/museal.com\/fr\/wp-json\/wp\/v2\/product_tag?post=12446"}],"curies":[{"name":"wp","href":"https:\/\/api.w.org\/{rel}","templated":true}]}}