{"id":12506,"date":"2022-01-21T10:39:03","date_gmt":"2022-01-21T09:39:03","guid":{"rendered":"https:\/\/shop.museal.com\/?post_type=product&#038;p=12506"},"modified":"2025-12-10T11:02:40","modified_gmt":"2025-12-10T10:02:40","slug":"epinglette-grande-duchesse-charlotte","status":"publish","type":"product","link":"https:\/\/museal.com\/fr\/produit\/epinglette-grande-duchesse-charlotte\/","title":{"rendered":"Epinglette Grande-Duchesse Charlotte"},"content":{"rendered":"<p>Charlotte, Aldegonde, Elisabeth, Marie, Wilhemine de Nassau, Grande-Duchesse du Luxembourg est une figure embl\u00e9matique de l&#8217;Histoire du Luxembourg. Durant la Seconde Guerre Mondiale, elle s&#8217;exile \u00e0 Londres et s&#8217;adresse r\u00e9guli\u00e8rement au peuple luxembourgeois sur les ondes de la BBC, encourageant leur r\u00e9sistance \u00e0 l&#8217;occupant. Un des symboles de cette r\u00e9sistance est d&#8217;arborer une \u00e9pinglette en argent \u00e0 son effigie, portrait de profil directement d\u00e9coup\u00e9 dans les pi\u00e8ces de 5 francs luxembourgeois, frapp\u00e9es en 1929. Ce portrait est sign\u00e9 du graveur et sculpteur Ludwig Habisch.<\/p>\n","protected":false},"excerpt":{"rendered":"<p>Epinglette reproduite par les Editions Mus\u00e9al \u00e0 partir d&#8217;une \u00e9pinglette originale reproduction en argent massif 925\/1000. Existe \u00e9galement en plaqu\u00e9 or.<\/p>\n<p>Hauteur totale : 55mm<br \/>\nHauteur profil : 16mm<\/p>\n<p>&nbsp;<\/p>\n","protected":false},"featured_media":13888,"template":"","meta":[],"product_brand":[],"product_cat":[91],"product_tag":[],"class_list":{"0":"post-12506","1":"product","2":"type-product","3":"status-publish","4":"has-post-thumbnail","6":"product_cat-bijoux-pour-elle","8":"first","9":"instock","10":"taxable","11":"shipping-taxable","12":"purchasable","13":"product-type-variable"},"yoast_head":"<!-- This site is optimized with the Yoast SEO plugin v27.3 - https:\/\/yoast.com\/product\/yoast-seo-wordpress\/ -->\n<title>Epinglette Grande-Duchesse Charlotte - Museal Editions<\/title>\n<meta name=\"description\" content=\"Epinglette reproduite par les Editions Mus\u00e9al \u00e0 partir\u00a0d&#039;une \u00e9pinglette originale reproduction en argent massif 925\/1000. Existe \u00e9galement en plaqu\u00e9 or.\" \/>\n<meta name=\"robots\" content=\"index, follow, max-snippet:-1, max-image-preview:large, max-video-preview:-1\" \/>\n<link rel=\"canonical\" href=\"https:\/\/museal.com\/fr\/produit\/epinglette-grande-duchesse-charlotte\/\" \/>\n<meta property=\"og:locale\" content=\"fr_FR\" \/>\n<meta property=\"og:type\" content=\"article\" \/>\n<meta property=\"og:title\" content=\"Epinglette Grande-Duchesse Charlotte - Museal Editions\" \/>\n<meta property=\"og:description\" content=\"Epinglette reproduite par les Editions Mus\u00e9al \u00e0 partir\u00a0d&#039;une \u00e9pinglette originale reproduction en argent massif 925\/1000. Existe \u00e9galement en plaqu\u00e9 or.\" \/>\n<meta property=\"og:url\" content=\"https:\/\/museal.com\/fr\/produit\/epinglette-grande-duchesse-charlotte\/\" \/>\n<meta property=\"og:site_name\" content=\"Museal Editions\" \/>\n<meta property=\"article:modified_time\" content=\"2025-12-10T10:02:40+00:00\" \/>\n<meta property=\"og:image\" content=\"https:\/\/museal.com\/wp-content\/uploads\/2022\/01\/epinglette-grande-duchesse-768x1024.png\" \/>\n\t<meta property=\"og:image:width\" content=\"768\" \/>\n\t<meta property=\"og:image:height\" content=\"1024\" \/>\n\t<meta property=\"og:image:type\" content=\"image\/png\" \/>\n<meta name=\"twitter:card\" content=\"summary_large_image\" \/>\n<script type=\"application\/ld+json\" class=\"yoast-schema-graph\">{\"@context\":\"https:\\\/\\\/schema.org\",\"@graph\":[{\"@type\":\"WebPage\",\"@id\":\"https:\\\/\\\/museal.com\\\/fr\\\/produit\\\/epinglette-grande-duchesse-charlotte\\\/\",\"url\":\"https:\\\/\\\/museal.com\\\/fr\\\/produit\\\/epinglette-grande-duchesse-charlotte\\\/\",\"name\":\"Epinglette Grande-Duchesse Charlotte - Museal Editions\",\"isPartOf\":{\"@id\":\"https:\\\/\\\/museal.com\\\/fr\\\/#website\"},\"primaryImageOfPage\":{\"@id\":\"https:\\\/\\\/museal.com\\\/fr\\\/produit\\\/epinglette-grande-duchesse-charlotte\\\/#primaryimage\"},\"image\":{\"@id\":\"https:\\\/\\\/museal.com\\\/fr\\\/produit\\\/epinglette-grande-duchesse-charlotte\\\/#primaryimage\"},\"thumbnailUrl\":\"https:\\\/\\\/museal.com\\\/wp-content\\\/uploads\\\/2022\\\/01\\\/epinglette-grande-duchesse.png\",\"datePublished\":\"2022-01-21T09:39:03+00:00\",\"dateModified\":\"2025-12-10T10:02:40+00:00\",\"description\":\"Epinglette reproduite par les Editions Mus\u00e9al \u00e0 partir\u00a0d'une \u00e9pinglette originale reproduction en argent massif 925\\\/1000. Existe \u00e9galement en plaqu\u00e9 or.\",\"breadcrumb\":{\"@id\":\"https:\\\/\\\/museal.com\\\/fr\\\/produit\\\/epinglette-grande-duchesse-charlotte\\\/#breadcrumb\"},\"inLanguage\":\"fr-FR\",\"potentialAction\":[{\"@type\":\"ReadAction\",\"target\":[\"https:\\\/\\\/museal.com\\\/fr\\\/produit\\\/epinglette-grande-duchesse-charlotte\\\/\"]}]},{\"@type\":\"ImageObject\",\"inLanguage\":\"fr-FR\",\"@id\":\"https:\\\/\\\/museal.com\\\/fr\\\/produit\\\/epinglette-grande-duchesse-charlotte\\\/#primaryimage\",\"url\":\"https:\\\/\\\/museal.com\\\/wp-content\\\/uploads\\\/2022\\\/01\\\/epinglette-grande-duchesse.png\",\"contentUrl\":\"https:\\\/\\\/museal.com\\\/wp-content\\\/uploads\\\/2022\\\/01\\\/epinglette-grande-duchesse.png\",\"width\":1500,\"height\":2000},{\"@type\":\"BreadcrumbList\",\"@id\":\"https:\\\/\\\/museal.com\\\/fr\\\/produit\\\/epinglette-grande-duchesse-charlotte\\\/#breadcrumb\",\"itemListElement\":[{\"@type\":\"ListItem\",\"position\":1,\"name\":\"Accueil\",\"item\":\"https:\\\/\\\/museal.com\\\/fr\\\/\"},{\"@type\":\"ListItem\",\"position\":2,\"name\":\"Boutique\",\"item\":\"https:\\\/\\\/museal.com\\\/fr\\\/boutique\\\/\"},{\"@type\":\"ListItem\",\"position\":3,\"name\":\"Epinglette Grande-Duchesse Charlotte\"}]},{\"@type\":\"WebSite\",\"@id\":\"https:\\\/\\\/museal.com\\\/fr\\\/#website\",\"url\":\"https:\\\/\\\/museal.com\\\/fr\\\/\",\"name\":\"Museal Editions\",\"description\":\"Objets d&#039;art et de d\u00e9coration inspir\u00e9s du Patrimoine luxembourgeois\",\"publisher\":{\"@id\":\"https:\\\/\\\/museal.com\\\/fr\\\/#organization\"},\"potentialAction\":[{\"@type\":\"SearchAction\",\"target\":{\"@type\":\"EntryPoint\",\"urlTemplate\":\"https:\\\/\\\/museal.com\\\/fr\\\/?s={search_term_string}\"},\"query-input\":{\"@type\":\"PropertyValueSpecification\",\"valueRequired\":true,\"valueName\":\"search_term_string\"}}],\"inLanguage\":\"fr-FR\"},{\"@type\":\"Organization\",\"@id\":\"https:\\\/\\\/museal.com\\\/fr\\\/#organization\",\"name\":\"Museal Editions\",\"url\":\"https:\\\/\\\/museal.com\\\/fr\\\/\",\"logo\":{\"@type\":\"ImageObject\",\"inLanguage\":\"fr-FR\",\"@id\":\"https:\\\/\\\/museal.com\\\/fr\\\/#\\\/schema\\\/logo\\\/image\\\/\",\"url\":\"https:\\\/\\\/museal.com\\\/wp-content\\\/uploads\\\/2021\\\/05\\\/logo-e1621950424453.jpg\",\"contentUrl\":\"https:\\\/\\\/museal.com\\\/wp-content\\\/uploads\\\/2021\\\/05\\\/logo-e1621950424453.jpg\",\"width\":732,\"height\":574,\"caption\":\"Museal Editions\"},\"image\":{\"@id\":\"https:\\\/\\\/museal.com\\\/fr\\\/#\\\/schema\\\/logo\\\/image\\\/\"}}]}<\/script>\n<!-- \/ Yoast SEO plugin. -->","yoast_head_json":{"title":"Epinglette Grande-Duchesse Charlotte - Museal Editions","description":"Epinglette reproduite par les Editions Mus\u00e9al \u00e0 partir\u00a0d'une \u00e9pinglette originale reproduction en argent massif 925\/1000. Existe \u00e9galement en plaqu\u00e9 or.","robots":{"index":"index","follow":"follow","max-snippet":"max-snippet:-1","max-image-preview":"max-image-preview:large","max-video-preview":"max-video-preview:-1"},"canonical":"https:\/\/museal.com\/fr\/produit\/epinglette-grande-duchesse-charlotte\/","og_locale":"fr_FR","og_type":"article","og_title":"Epinglette Grande-Duchesse Charlotte - Museal Editions","og_description":"Epinglette reproduite par les Editions Mus\u00e9al \u00e0 partir\u00a0d'une \u00e9pinglette originale reproduction en argent massif 925\/1000. Existe \u00e9galement en plaqu\u00e9 or.","og_url":"https:\/\/museal.com\/fr\/produit\/epinglette-grande-duchesse-charlotte\/","og_site_name":"Museal Editions","article_modified_time":"2025-12-10T10:02:40+00:00","og_image":[{"width":768,"height":1024,"url":"https:\/\/museal.com\/wp-content\/uploads\/2022\/01\/epinglette-grande-duchesse-768x1024.png","type":"image\/png"}],"twitter_card":"summary_large_image","schema":{"@context":"https:\/\/schema.org","@graph":[{"@type":"WebPage","@id":"https:\/\/museal.com\/fr\/produit\/epinglette-grande-duchesse-charlotte\/","url":"https:\/\/museal.com\/fr\/produit\/epinglette-grande-duchesse-charlotte\/","name":"Epinglette Grande-Duchesse Charlotte - Museal Editions","isPartOf":{"@id":"https:\/\/museal.com\/fr\/#website"},"primaryImageOfPage":{"@id":"https:\/\/museal.com\/fr\/produit\/epinglette-grande-duchesse-charlotte\/#primaryimage"},"image":{"@id":"https:\/\/museal.com\/fr\/produit\/epinglette-grande-duchesse-charlotte\/#primaryimage"},"thumbnailUrl":"https:\/\/museal.com\/wp-content\/uploads\/2022\/01\/epinglette-grande-duchesse.png","datePublished":"2022-01-21T09:39:03+00:00","dateModified":"2025-12-10T10:02:40+00:00","description":"Epinglette reproduite par les Editions Mus\u00e9al \u00e0 partir\u00a0d'une \u00e9pinglette originale reproduction en argent massif 925\/1000. Existe \u00e9galement en plaqu\u00e9 or.","breadcrumb":{"@id":"https:\/\/museal.com\/fr\/produit\/epinglette-grande-duchesse-charlotte\/#breadcrumb"},"inLanguage":"fr-FR","potentialAction":[{"@type":"ReadAction","target":["https:\/\/museal.com\/fr\/produit\/epinglette-grande-duchesse-charlotte\/"]}]},{"@type":"ImageObject","inLanguage":"fr-FR","@id":"https:\/\/museal.com\/fr\/produit\/epinglette-grande-duchesse-charlotte\/#primaryimage","url":"https:\/\/museal.com\/wp-content\/uploads\/2022\/01\/epinglette-grande-duchesse.png","contentUrl":"https:\/\/museal.com\/wp-content\/uploads\/2022\/01\/epinglette-grande-duchesse.png","width":1500,"height":2000},{"@type":"BreadcrumbList","@id":"https:\/\/museal.com\/fr\/produit\/epinglette-grande-duchesse-charlotte\/#breadcrumb","itemListElement":[{"@type":"ListItem","position":1,"name":"Accueil","item":"https:\/\/museal.com\/fr\/"},{"@type":"ListItem","position":2,"name":"Boutique","item":"https:\/\/museal.com\/fr\/boutique\/"},{"@type":"ListItem","position":3,"name":"Epinglette Grande-Duchesse Charlotte"}]},{"@type":"WebSite","@id":"https:\/\/museal.com\/fr\/#website","url":"https:\/\/museal.com\/fr\/","name":"Museal Editions","description":"Objets d&#039;art et de d\u00e9coration inspir\u00e9s du Patrimoine luxembourgeois","publisher":{"@id":"https:\/\/museal.com\/fr\/#organization"},"potentialAction":[{"@type":"SearchAction","target":{"@type":"EntryPoint","urlTemplate":"https:\/\/museal.com\/fr\/?s={search_term_string}"},"query-input":{"@type":"PropertyValueSpecification","valueRequired":true,"valueName":"search_term_string"}}],"inLanguage":"fr-FR"},{"@type":"Organization","@id":"https:\/\/museal.com\/fr\/#organization","name":"Museal Editions","url":"https:\/\/museal.com\/fr\/","logo":{"@type":"ImageObject","inLanguage":"fr-FR","@id":"https:\/\/museal.com\/fr\/#\/schema\/logo\/image\/","url":"https:\/\/museal.com\/wp-content\/uploads\/2021\/05\/logo-e1621950424453.jpg","contentUrl":"https:\/\/museal.com\/wp-content\/uploads\/2021\/05\/logo-e1621950424453.jpg","width":732,"height":574,"caption":"Museal Editions"},"image":{"@id":"https:\/\/museal.com\/fr\/#\/schema\/logo\/image\/"}}]}},"_links":{"self":[{"href":"https:\/\/museal.com\/fr\/wp-json\/wp\/v2\/product\/12506","targetHints":{"allow":["GET"]}}],"collection":[{"href":"https:\/\/museal.com\/fr\/wp-json\/wp\/v2\/product"}],"about":[{"href":"https:\/\/museal.com\/fr\/wp-json\/wp\/v2\/types\/product"}],"wp:featuredmedia":[{"embeddable":true,"href":"https:\/\/museal.com\/fr\/wp-json\/wp\/v2\/media\/13888"}],"wp:attachment":[{"href":"https:\/\/museal.com\/fr\/wp-json\/wp\/v2\/media?parent=12506"}],"wp:term":[{"taxonomy":"product_brand","embeddable":true,"href":"https:\/\/museal.com\/fr\/wp-json\/wp\/v2\/product_brand?post=12506"},{"taxonomy":"product_cat","embeddable":true,"href":"https:\/\/museal.com\/fr\/wp-json\/wp\/v2\/product_cat?post=12506"},{"taxonomy":"product_tag","embeddable":true,"href":"https:\/\/museal.com\/fr\/wp-json\/wp\/v2\/product_tag?post=12506"}],"curies":[{"name":"wp","href":"https:\/\/api.w.org\/{rel}","templated":true}]}}