{"id":12508,"date":"2022-01-21T10:34:27","date_gmt":"2022-01-21T09:34:27","guid":{"rendered":"https:\/\/shop.museal.com\/?post_type=product&#038;p=12508"},"modified":"2024-01-01T23:06:55","modified_gmt":"2024-01-01T22:06:55","slug":"danseuse-espagnole-de-degas","status":"publish","type":"product","link":"https:\/\/museal.com\/fr\/produit\/danseuse-espagnole-de-degas\/","title":{"rendered":"Danseuse espagnole, de Degas"},"content":{"rendered":"<div>Quoiqu&#8217;il soit surtout connu comme peintre, le modelage prit \u00e0 partir des ann\u00e9es 1860 une place de plus en plus grande dans l&#8217;\u0153uvre de Degas pour devenir \u00e0 la fin de sa carri\u00e8re son principal moyen d&#8217;expression.<\/div>\n<div>A l&#8217;exception de la Petite danseuse de quatorze ans expos\u00e9e en 1881, ses sculptures demeur\u00e8rent inconnues de son vivant. Ce n&#8217;est qu&#8217;apr\u00e8s sa mort en 1917 qu&#8217;on les d\u00e9couvrit.<\/div>\n<div>Sur les cent cinquante pi\u00e8ces environ que l&#8217;on trouva dans son atelier, soixante-treize cires seulement purent \u00eatre sauv\u00e9es ; elles furent confi\u00e9es \u00e0 H\u00e9brard qui en fondit, \u00e0 cire perdue, vingt-deux s\u00e9ries en bronze, marqu\u00e9es de A \u00e0 T et expos\u00e9es pour la premi\u00e8re fois en 1921. La s\u00e9rie P est entr\u00e9e au Louvre en 1930.<\/div>\n<div>Le modelage offrait \u00e0 Degas un terrain d&#8217;exp\u00e9riences. &#8220;Plus j&#8217;ai vieilli, plus je me suis rendu compte que pour arriver [&#8230;] \u00e0 une exactitude si parfaite qu&#8217;elle donne la sensation de la vie, il faut recourir aux trois dimensions [&#8230;] parce que l&#8217;\u00e0 peu pr\u00e8s n&#8217;y est pas de mise&#8221; d\u00e9clarait-il au critique Thiebault-Sisson.<\/div>\n<div>S&#8217;il est fait appel aux m\u00eames sujets &#8211; chevaux, danseuses, femmes \u00e0 leur toilette &#8211; c&#8217;est que les sculptures n&#8217;\u00e9taient destin\u00e9es qu&#8217;\u00e0 am\u00e9liorer ses peintures. Tr\u00e8s difficile \u00e0 \u00e9tablir, leur chronologie repose surtout sur des crit\u00e8res de style, libert\u00e9 grandissante de la facture, et s\u00fbret\u00e9 dans l&#8217;analyse du mouvement.<\/div>\n","protected":false},"excerpt":{"rendered":"<p>Reproduction en bronze patin\u00e9 de la danseuse espagnole du c\u00e9l\u00e8bre peintre Edgar Degas<br \/>\nDimensions: H. 42 L. 20 P. 13 cm &#8211; 7,3 kg<br \/>\nMati\u00e8re de l&#8217;original<br \/>\nBronze\/Mus\u00e9e\/Paris &#8211; Mus\u00e9e d&#8217;Orsay<\/p>\n","protected":false},"featured_media":12510,"template":"","meta":[],"product_brand":[],"product_cat":[89],"product_tag":[],"class_list":{"0":"post-12508","1":"product","2":"type-product","3":"status-publish","4":"has-post-thumbnail","6":"product_cat-sculptures-et-bronzes-d-art","8":"first","9":"outofstock","10":"taxable","11":"shipping-taxable","12":"purchasable","13":"product-type-simple"},"yoast_head":"<!-- This site is optimized with the Yoast SEO plugin v27.3 - https:\/\/yoast.com\/product\/yoast-seo-wordpress\/ -->\n<title>Danseuse espagnole, de Degas - Museal Editions<\/title>\n<meta name=\"robots\" content=\"index, follow, max-snippet:-1, max-image-preview:large, max-video-preview:-1\" \/>\n<link rel=\"canonical\" href=\"https:\/\/museal.com\/fr\/produit\/danseuse-espagnole-de-degas\/\" \/>\n<meta property=\"og:locale\" content=\"fr_FR\" \/>\n<meta property=\"og:type\" content=\"article\" \/>\n<meta property=\"og:title\" content=\"Danseuse espagnole, de Degas - Museal Editions\" \/>\n<meta property=\"og:description\" content=\"Reproduction en bronze patin\u00e9 de la danseuse espagnole du c\u00e9l\u00e8bre peintre Edgar Degas Dimensions: H. 42 L. 20 P. 13 cm - 7,3 kg Mati\u00e8re de l&#039;original Bronze\/Mus\u00e9e\/Paris - Mus\u00e9e d&#039;Orsay\" \/>\n<meta property=\"og:url\" content=\"https:\/\/museal.com\/fr\/produit\/danseuse-espagnole-de-degas\/\" \/>\n<meta property=\"og:site_name\" content=\"Museal Editions\" \/>\n<meta property=\"article:modified_time\" content=\"2024-01-01T22:06:55+00:00\" \/>\n<meta property=\"og:image\" content=\"https:\/\/museal.com\/wp-content\/uploads\/2022\/01\/degasdanseuse-espagnole5.jpg\" \/>\n\t<meta property=\"og:image:width\" content=\"795\" \/>\n\t<meta property=\"og:image:height\" content=\"795\" \/>\n\t<meta property=\"og:image:type\" content=\"image\/jpeg\" \/>\n<meta name=\"twitter:card\" content=\"summary_large_image\" \/>\n<script type=\"application\/ld+json\" class=\"yoast-schema-graph\">{\"@context\":\"https:\\\/\\\/schema.org\",\"@graph\":[{\"@type\":\"WebPage\",\"@id\":\"https:\\\/\\\/museal.com\\\/fr\\\/produit\\\/danseuse-espagnole-de-degas\\\/\",\"url\":\"https:\\\/\\\/museal.com\\\/fr\\\/produit\\\/danseuse-espagnole-de-degas\\\/\",\"name\":\"Danseuse espagnole, de Degas - Museal Editions\",\"isPartOf\":{\"@id\":\"https:\\\/\\\/museal.com\\\/fr\\\/#website\"},\"primaryImageOfPage\":{\"@id\":\"https:\\\/\\\/museal.com\\\/fr\\\/produit\\\/danseuse-espagnole-de-degas\\\/#primaryimage\"},\"image\":{\"@id\":\"https:\\\/\\\/museal.com\\\/fr\\\/produit\\\/danseuse-espagnole-de-degas\\\/#primaryimage\"},\"thumbnailUrl\":\"https:\\\/\\\/museal.com\\\/wp-content\\\/uploads\\\/2022\\\/01\\\/degasdanseuse-espagnole5.jpg\",\"datePublished\":\"2022-01-21T09:34:27+00:00\",\"dateModified\":\"2024-01-01T22:06:55+00:00\",\"breadcrumb\":{\"@id\":\"https:\\\/\\\/museal.com\\\/fr\\\/produit\\\/danseuse-espagnole-de-degas\\\/#breadcrumb\"},\"inLanguage\":\"fr-FR\",\"potentialAction\":[{\"@type\":\"ReadAction\",\"target\":[\"https:\\\/\\\/museal.com\\\/fr\\\/produit\\\/danseuse-espagnole-de-degas\\\/\"]}]},{\"@type\":\"ImageObject\",\"inLanguage\":\"fr-FR\",\"@id\":\"https:\\\/\\\/museal.com\\\/fr\\\/produit\\\/danseuse-espagnole-de-degas\\\/#primaryimage\",\"url\":\"https:\\\/\\\/museal.com\\\/wp-content\\\/uploads\\\/2022\\\/01\\\/degasdanseuse-espagnole5.jpg\",\"contentUrl\":\"https:\\\/\\\/museal.com\\\/wp-content\\\/uploads\\\/2022\\\/01\\\/degasdanseuse-espagnole5.jpg\",\"width\":795,\"height\":795},{\"@type\":\"BreadcrumbList\",\"@id\":\"https:\\\/\\\/museal.com\\\/fr\\\/produit\\\/danseuse-espagnole-de-degas\\\/#breadcrumb\",\"itemListElement\":[{\"@type\":\"ListItem\",\"position\":1,\"name\":\"Accueil\",\"item\":\"https:\\\/\\\/museal.com\\\/fr\\\/\"},{\"@type\":\"ListItem\",\"position\":2,\"name\":\"Boutique\",\"item\":\"https:\\\/\\\/museal.com\\\/fr\\\/boutique\\\/\"},{\"@type\":\"ListItem\",\"position\":3,\"name\":\"Danseuse espagnole, de Degas\"}]},{\"@type\":\"WebSite\",\"@id\":\"https:\\\/\\\/museal.com\\\/fr\\\/#website\",\"url\":\"https:\\\/\\\/museal.com\\\/fr\\\/\",\"name\":\"Museal Editions\",\"description\":\"Objets d&#039;art et de d\u00e9coration inspir\u00e9s du Patrimoine luxembourgeois\",\"publisher\":{\"@id\":\"https:\\\/\\\/museal.com\\\/fr\\\/#organization\"},\"potentialAction\":[{\"@type\":\"SearchAction\",\"target\":{\"@type\":\"EntryPoint\",\"urlTemplate\":\"https:\\\/\\\/museal.com\\\/fr\\\/?s={search_term_string}\"},\"query-input\":{\"@type\":\"PropertyValueSpecification\",\"valueRequired\":true,\"valueName\":\"search_term_string\"}}],\"inLanguage\":\"fr-FR\"},{\"@type\":\"Organization\",\"@id\":\"https:\\\/\\\/museal.com\\\/fr\\\/#organization\",\"name\":\"Museal Editions\",\"url\":\"https:\\\/\\\/museal.com\\\/fr\\\/\",\"logo\":{\"@type\":\"ImageObject\",\"inLanguage\":\"fr-FR\",\"@id\":\"https:\\\/\\\/museal.com\\\/fr\\\/#\\\/schema\\\/logo\\\/image\\\/\",\"url\":\"https:\\\/\\\/museal.com\\\/wp-content\\\/uploads\\\/2021\\\/05\\\/logo-e1621950424453.jpg\",\"contentUrl\":\"https:\\\/\\\/museal.com\\\/wp-content\\\/uploads\\\/2021\\\/05\\\/logo-e1621950424453.jpg\",\"width\":732,\"height\":574,\"caption\":\"Museal Editions\"},\"image\":{\"@id\":\"https:\\\/\\\/museal.com\\\/fr\\\/#\\\/schema\\\/logo\\\/image\\\/\"}}]}<\/script>\n<!-- \/ Yoast SEO plugin. -->","yoast_head_json":{"title":"Danseuse espagnole, de Degas - Museal Editions","robots":{"index":"index","follow":"follow","max-snippet":"max-snippet:-1","max-image-preview":"max-image-preview:large","max-video-preview":"max-video-preview:-1"},"canonical":"https:\/\/museal.com\/fr\/produit\/danseuse-espagnole-de-degas\/","og_locale":"fr_FR","og_type":"article","og_title":"Danseuse espagnole, de Degas - Museal Editions","og_description":"Reproduction en bronze patin\u00e9 de la danseuse espagnole du c\u00e9l\u00e8bre peintre Edgar Degas Dimensions: H. 42 L. 20 P. 13 cm - 7,3 kg Mati\u00e8re de l'original Bronze\/Mus\u00e9e\/Paris - Mus\u00e9e d'Orsay","og_url":"https:\/\/museal.com\/fr\/produit\/danseuse-espagnole-de-degas\/","og_site_name":"Museal Editions","article_modified_time":"2024-01-01T22:06:55+00:00","og_image":[{"width":795,"height":795,"url":"https:\/\/museal.com\/wp-content\/uploads\/2022\/01\/degasdanseuse-espagnole5.jpg","type":"image\/jpeg"}],"twitter_card":"summary_large_image","schema":{"@context":"https:\/\/schema.org","@graph":[{"@type":"WebPage","@id":"https:\/\/museal.com\/fr\/produit\/danseuse-espagnole-de-degas\/","url":"https:\/\/museal.com\/fr\/produit\/danseuse-espagnole-de-degas\/","name":"Danseuse espagnole, de Degas - Museal Editions","isPartOf":{"@id":"https:\/\/museal.com\/fr\/#website"},"primaryImageOfPage":{"@id":"https:\/\/museal.com\/fr\/produit\/danseuse-espagnole-de-degas\/#primaryimage"},"image":{"@id":"https:\/\/museal.com\/fr\/produit\/danseuse-espagnole-de-degas\/#primaryimage"},"thumbnailUrl":"https:\/\/museal.com\/wp-content\/uploads\/2022\/01\/degasdanseuse-espagnole5.jpg","datePublished":"2022-01-21T09:34:27+00:00","dateModified":"2024-01-01T22:06:55+00:00","breadcrumb":{"@id":"https:\/\/museal.com\/fr\/produit\/danseuse-espagnole-de-degas\/#breadcrumb"},"inLanguage":"fr-FR","potentialAction":[{"@type":"ReadAction","target":["https:\/\/museal.com\/fr\/produit\/danseuse-espagnole-de-degas\/"]}]},{"@type":"ImageObject","inLanguage":"fr-FR","@id":"https:\/\/museal.com\/fr\/produit\/danseuse-espagnole-de-degas\/#primaryimage","url":"https:\/\/museal.com\/wp-content\/uploads\/2022\/01\/degasdanseuse-espagnole5.jpg","contentUrl":"https:\/\/museal.com\/wp-content\/uploads\/2022\/01\/degasdanseuse-espagnole5.jpg","width":795,"height":795},{"@type":"BreadcrumbList","@id":"https:\/\/museal.com\/fr\/produit\/danseuse-espagnole-de-degas\/#breadcrumb","itemListElement":[{"@type":"ListItem","position":1,"name":"Accueil","item":"https:\/\/museal.com\/fr\/"},{"@type":"ListItem","position":2,"name":"Boutique","item":"https:\/\/museal.com\/fr\/boutique\/"},{"@type":"ListItem","position":3,"name":"Danseuse espagnole, de Degas"}]},{"@type":"WebSite","@id":"https:\/\/museal.com\/fr\/#website","url":"https:\/\/museal.com\/fr\/","name":"Museal Editions","description":"Objets d&#039;art et de d\u00e9coration inspir\u00e9s du Patrimoine luxembourgeois","publisher":{"@id":"https:\/\/museal.com\/fr\/#organization"},"potentialAction":[{"@type":"SearchAction","target":{"@type":"EntryPoint","urlTemplate":"https:\/\/museal.com\/fr\/?s={search_term_string}"},"query-input":{"@type":"PropertyValueSpecification","valueRequired":true,"valueName":"search_term_string"}}],"inLanguage":"fr-FR"},{"@type":"Organization","@id":"https:\/\/museal.com\/fr\/#organization","name":"Museal Editions","url":"https:\/\/museal.com\/fr\/","logo":{"@type":"ImageObject","inLanguage":"fr-FR","@id":"https:\/\/museal.com\/fr\/#\/schema\/logo\/image\/","url":"https:\/\/museal.com\/wp-content\/uploads\/2021\/05\/logo-e1621950424453.jpg","contentUrl":"https:\/\/museal.com\/wp-content\/uploads\/2021\/05\/logo-e1621950424453.jpg","width":732,"height":574,"caption":"Museal Editions"},"image":{"@id":"https:\/\/museal.com\/fr\/#\/schema\/logo\/image\/"}}]}},"_links":{"self":[{"href":"https:\/\/museal.com\/fr\/wp-json\/wp\/v2\/product\/12508","targetHints":{"allow":["GET"]}}],"collection":[{"href":"https:\/\/museal.com\/fr\/wp-json\/wp\/v2\/product"}],"about":[{"href":"https:\/\/museal.com\/fr\/wp-json\/wp\/v2\/types\/product"}],"wp:featuredmedia":[{"embeddable":true,"href":"https:\/\/museal.com\/fr\/wp-json\/wp\/v2\/media\/12510"}],"wp:attachment":[{"href":"https:\/\/museal.com\/fr\/wp-json\/wp\/v2\/media?parent=12508"}],"wp:term":[{"taxonomy":"product_brand","embeddable":true,"href":"https:\/\/museal.com\/fr\/wp-json\/wp\/v2\/product_brand?post=12508"},{"taxonomy":"product_cat","embeddable":true,"href":"https:\/\/museal.com\/fr\/wp-json\/wp\/v2\/product_cat?post=12508"},{"taxonomy":"product_tag","embeddable":true,"href":"https:\/\/museal.com\/fr\/wp-json\/wp\/v2\/product_tag?post=12508"}],"curies":[{"name":"wp","href":"https:\/\/api.w.org\/{rel}","templated":true}]}}