{"id":12527,"date":"2022-01-21T10:54:30","date_gmt":"2022-01-21T09:54:30","guid":{"rendered":"https:\/\/shop.museal.com\/?post_type=product&#038;p=12527"},"modified":"2025-06-26T12:09:54","modified_gmt":"2025-06-26T10:09:54","slug":"elephant-dresse-de-bugatti","status":"publish","type":"product","link":"https:\/\/museal.com\/fr\/produit\/elephant-dresse-de-bugatti\/","title":{"rendered":"El\u00e9phant dress\u00e9 de BUGATTI"},"content":{"rendered":"<div><\/div>\n<div>N\u00e9 dans une famille d&#8217;artistes \u00e0 Milan en 1884, Rembrandt Bugatti s&#8217;installe \u00e0 Paris avec ses parents en 1904. Il fr\u00e9quente assid\u00fbment le jardin des Plantes o\u00f9 il fait la connaissance du c\u00e9l\u00e8bre fondeur et galeriste H\u00e9brard, qui lui fait signer imm\u00e9diatement un contrat d&#8217;\u00e9dition exclusive. D\u00e8s 1905, il expose ses oeuvres au Salon d&#8217;Automne du Grand Palais \u00e0 Paris et fr\u00e9quente les plus grands artistes de l&#8217;\u00e9poque, tels Modigliani, Picasso, Derain ou Apollinaire.<\/div>\n","protected":false},"excerpt":{"rendered":"<p>R\u00e9\u00e9dition du bouchon de radiateur de la &#8220;Bugatti Royale&#8221;, sign\u00e9 Rembrandt Bugatti, en bronze \u00e0 patine brune. Bronze d&#8217;art coul\u00e9 \u00e0 la cire perdue, num\u00e9rotation sur 100 exemplaires. Livr\u00e9e avec certificat d&#8217;authenticit\u00e9.\u00a0 \u00a0 \u00a0 \u00a0 \u00a0 \u00a0 \u00a0 \u00a0 \u00a0 \u00a0 \u00a0 \u00a0 \u00a0 \u00a0 \u00a0 \u00a0 \u00a0 \u00a0 \u00a0 \u00a0 \u00a0 \u00a0 \u00a0 \u00a0 \u00a0 \u00a0 \u00a0 \u00a0 \u00a0 \u00a0 \u00a0 \u00a0 \u00a0 \u00a0 \u00a0 \u00a0 \u00a0 \u00a0 \u00a0 \u00a0 \u00a0 \u00a0 \u00a0 \u00a0 \u00a0 \u00a0 \u00a0 \u00a0 \u00a0 \u00a0 \u00a0 \u00a0 \u00a0 Hauteur 19 cm (\u00e9l\u00e9phant seul), Poids 0,610 kg, + socle bronze marbre hauteur 7 cm, poids 0.590 kg<\/p>\n","protected":false},"featured_media":13495,"template":"","meta":[],"product_brand":[],"product_cat":[143,89],"product_tag":[],"class_list":{"0":"post-12527","1":"product","2":"type-product","3":"status-publish","4":"has-post-thumbnail","6":"product_cat-bronzes-animaliers","7":"product_cat-sculptures-et-bronzes-d-art","9":"first","10":"outofstock","11":"taxable","12":"shipping-taxable","13":"purchasable","14":"product-type-simple"},"yoast_head":"<!-- This site is optimized with the Yoast SEO plugin v27.3 - https:\/\/yoast.com\/product\/yoast-seo-wordpress\/ -->\n<title>El\u00e9phant dress\u00e9 de BUGATTI - Museal Editions<\/title>\n<meta name=\"robots\" content=\"index, follow, max-snippet:-1, max-image-preview:large, max-video-preview:-1\" \/>\n<link rel=\"canonical\" href=\"https:\/\/museal.com\/fr\/produit\/elephant-dresse-de-bugatti\/\" \/>\n<meta property=\"og:locale\" content=\"fr_FR\" \/>\n<meta property=\"og:type\" content=\"article\" \/>\n<meta property=\"og:title\" content=\"El\u00e9phant dress\u00e9 de BUGATTI - Museal Editions\" \/>\n<meta property=\"og:description\" content=\"R\u00e9\u00e9dition du bouchon de radiateur de la &quot;Bugatti Royale&quot;, sign\u00e9 Rembrandt Bugatti, en bronze \u00e0 patine brune. Bronze d&#039;art coul\u00e9 \u00e0 la cire perdue, num\u00e9rotation sur 100 exemplaires. Livr\u00e9e avec certificat d&#039;authenticit\u00e9.\u00a0 \u00a0 \u00a0 \u00a0 \u00a0 \u00a0 \u00a0 \u00a0 \u00a0 \u00a0 \u00a0 \u00a0 \u00a0 \u00a0 \u00a0 \u00a0 \u00a0 \u00a0 \u00a0 \u00a0 \u00a0 \u00a0 \u00a0 \u00a0 \u00a0 \u00a0 \u00a0 \u00a0 \u00a0 \u00a0 \u00a0 \u00a0 \u00a0 \u00a0 \u00a0 \u00a0 \u00a0 \u00a0 \u00a0 \u00a0 \u00a0 \u00a0 \u00a0 \u00a0 \u00a0 \u00a0 \u00a0 \u00a0 \u00a0 \u00a0 \u00a0 \u00a0 \u00a0 Hauteur 19 cm (\u00e9l\u00e9phant seul), Poids 0,610 kg, + socle bronze marbre hauteur 7 cm, poids 0.590 kg\" \/>\n<meta property=\"og:url\" content=\"https:\/\/museal.com\/fr\/produit\/elephant-dresse-de-bugatti\/\" \/>\n<meta property=\"og:site_name\" content=\"Museal Editions\" \/>\n<meta property=\"article:modified_time\" content=\"2025-06-26T10:09:54+00:00\" \/>\n<meta property=\"og:image\" content=\"https:\/\/museal.com\/wp-content\/uploads\/2022\/01\/elephant-dresse.png\" \/>\n\t<meta property=\"og:image:width\" content=\"2000\" \/>\n\t<meta property=\"og:image:height\" content=\"1500\" \/>\n\t<meta property=\"og:image:type\" content=\"image\/png\" \/>\n<meta name=\"twitter:card\" content=\"summary_large_image\" \/>\n<script type=\"application\/ld+json\" class=\"yoast-schema-graph\">{\"@context\":\"https:\\\/\\\/schema.org\",\"@graph\":[{\"@type\":\"WebPage\",\"@id\":\"https:\\\/\\\/museal.com\\\/fr\\\/produit\\\/elephant-dresse-de-bugatti\\\/\",\"url\":\"https:\\\/\\\/museal.com\\\/fr\\\/produit\\\/elephant-dresse-de-bugatti\\\/\",\"name\":\"El\u00e9phant dress\u00e9 de BUGATTI - Museal Editions\",\"isPartOf\":{\"@id\":\"https:\\\/\\\/museal.com\\\/fr\\\/#website\"},\"primaryImageOfPage\":{\"@id\":\"https:\\\/\\\/museal.com\\\/fr\\\/produit\\\/elephant-dresse-de-bugatti\\\/#primaryimage\"},\"image\":{\"@id\":\"https:\\\/\\\/museal.com\\\/fr\\\/produit\\\/elephant-dresse-de-bugatti\\\/#primaryimage\"},\"thumbnailUrl\":\"https:\\\/\\\/museal.com\\\/wp-content\\\/uploads\\\/2022\\\/01\\\/elephant-dresse.png\",\"datePublished\":\"2022-01-21T09:54:30+00:00\",\"dateModified\":\"2025-06-26T10:09:54+00:00\",\"breadcrumb\":{\"@id\":\"https:\\\/\\\/museal.com\\\/fr\\\/produit\\\/elephant-dresse-de-bugatti\\\/#breadcrumb\"},\"inLanguage\":\"fr-FR\",\"potentialAction\":[{\"@type\":\"ReadAction\",\"target\":[\"https:\\\/\\\/museal.com\\\/fr\\\/produit\\\/elephant-dresse-de-bugatti\\\/\"]}]},{\"@type\":\"ImageObject\",\"inLanguage\":\"fr-FR\",\"@id\":\"https:\\\/\\\/museal.com\\\/fr\\\/produit\\\/elephant-dresse-de-bugatti\\\/#primaryimage\",\"url\":\"https:\\\/\\\/museal.com\\\/wp-content\\\/uploads\\\/2022\\\/01\\\/elephant-dresse.png\",\"contentUrl\":\"https:\\\/\\\/museal.com\\\/wp-content\\\/uploads\\\/2022\\\/01\\\/elephant-dresse.png\",\"width\":2000,\"height\":1500},{\"@type\":\"BreadcrumbList\",\"@id\":\"https:\\\/\\\/museal.com\\\/fr\\\/produit\\\/elephant-dresse-de-bugatti\\\/#breadcrumb\",\"itemListElement\":[{\"@type\":\"ListItem\",\"position\":1,\"name\":\"Accueil\",\"item\":\"https:\\\/\\\/museal.com\\\/fr\\\/\"},{\"@type\":\"ListItem\",\"position\":2,\"name\":\"Boutique\",\"item\":\"https:\\\/\\\/museal.com\\\/fr\\\/boutique\\\/\"},{\"@type\":\"ListItem\",\"position\":3,\"name\":\"El\u00e9phant dress\u00e9 de BUGATTI\"}]},{\"@type\":\"WebSite\",\"@id\":\"https:\\\/\\\/museal.com\\\/fr\\\/#website\",\"url\":\"https:\\\/\\\/museal.com\\\/fr\\\/\",\"name\":\"Museal Editions\",\"description\":\"Objets d&#039;art et de d\u00e9coration inspir\u00e9s du Patrimoine luxembourgeois\",\"publisher\":{\"@id\":\"https:\\\/\\\/museal.com\\\/fr\\\/#organization\"},\"potentialAction\":[{\"@type\":\"SearchAction\",\"target\":{\"@type\":\"EntryPoint\",\"urlTemplate\":\"https:\\\/\\\/museal.com\\\/fr\\\/?s={search_term_string}\"},\"query-input\":{\"@type\":\"PropertyValueSpecification\",\"valueRequired\":true,\"valueName\":\"search_term_string\"}}],\"inLanguage\":\"fr-FR\"},{\"@type\":\"Organization\",\"@id\":\"https:\\\/\\\/museal.com\\\/fr\\\/#organization\",\"name\":\"Museal Editions\",\"url\":\"https:\\\/\\\/museal.com\\\/fr\\\/\",\"logo\":{\"@type\":\"ImageObject\",\"inLanguage\":\"fr-FR\",\"@id\":\"https:\\\/\\\/museal.com\\\/fr\\\/#\\\/schema\\\/logo\\\/image\\\/\",\"url\":\"https:\\\/\\\/museal.com\\\/wp-content\\\/uploads\\\/2021\\\/05\\\/logo-e1621950424453.jpg\",\"contentUrl\":\"https:\\\/\\\/museal.com\\\/wp-content\\\/uploads\\\/2021\\\/05\\\/logo-e1621950424453.jpg\",\"width\":732,\"height\":574,\"caption\":\"Museal Editions\"},\"image\":{\"@id\":\"https:\\\/\\\/museal.com\\\/fr\\\/#\\\/schema\\\/logo\\\/image\\\/\"}}]}<\/script>\n<!-- \/ Yoast SEO plugin. -->","yoast_head_json":{"title":"El\u00e9phant dress\u00e9 de BUGATTI - Museal Editions","robots":{"index":"index","follow":"follow","max-snippet":"max-snippet:-1","max-image-preview":"max-image-preview:large","max-video-preview":"max-video-preview:-1"},"canonical":"https:\/\/museal.com\/fr\/produit\/elephant-dresse-de-bugatti\/","og_locale":"fr_FR","og_type":"article","og_title":"El\u00e9phant dress\u00e9 de BUGATTI - Museal Editions","og_description":"R\u00e9\u00e9dition du bouchon de radiateur de la \"Bugatti Royale\", sign\u00e9 Rembrandt Bugatti, en bronze \u00e0 patine brune. Bronze d'art coul\u00e9 \u00e0 la cire perdue, num\u00e9rotation sur 100 exemplaires. Livr\u00e9e avec certificat d'authenticit\u00e9.\u00a0 \u00a0 \u00a0 \u00a0 \u00a0 \u00a0 \u00a0 \u00a0 \u00a0 \u00a0 \u00a0 \u00a0 \u00a0 \u00a0 \u00a0 \u00a0 \u00a0 \u00a0 \u00a0 \u00a0 \u00a0 \u00a0 \u00a0 \u00a0 \u00a0 \u00a0 \u00a0 \u00a0 \u00a0 \u00a0 \u00a0 \u00a0 \u00a0 \u00a0 \u00a0 \u00a0 \u00a0 \u00a0 \u00a0 \u00a0 \u00a0 \u00a0 \u00a0 \u00a0 \u00a0 \u00a0 \u00a0 \u00a0 \u00a0 \u00a0 \u00a0 \u00a0 \u00a0 Hauteur 19 cm (\u00e9l\u00e9phant seul), Poids 0,610 kg, + socle bronze marbre hauteur 7 cm, poids 0.590 kg","og_url":"https:\/\/museal.com\/fr\/produit\/elephant-dresse-de-bugatti\/","og_site_name":"Museal Editions","article_modified_time":"2025-06-26T10:09:54+00:00","og_image":[{"width":2000,"height":1500,"url":"https:\/\/museal.com\/wp-content\/uploads\/2022\/01\/elephant-dresse.png","type":"image\/png"}],"twitter_card":"summary_large_image","schema":{"@context":"https:\/\/schema.org","@graph":[{"@type":"WebPage","@id":"https:\/\/museal.com\/fr\/produit\/elephant-dresse-de-bugatti\/","url":"https:\/\/museal.com\/fr\/produit\/elephant-dresse-de-bugatti\/","name":"El\u00e9phant dress\u00e9 de BUGATTI - Museal Editions","isPartOf":{"@id":"https:\/\/museal.com\/fr\/#website"},"primaryImageOfPage":{"@id":"https:\/\/museal.com\/fr\/produit\/elephant-dresse-de-bugatti\/#primaryimage"},"image":{"@id":"https:\/\/museal.com\/fr\/produit\/elephant-dresse-de-bugatti\/#primaryimage"},"thumbnailUrl":"https:\/\/museal.com\/wp-content\/uploads\/2022\/01\/elephant-dresse.png","datePublished":"2022-01-21T09:54:30+00:00","dateModified":"2025-06-26T10:09:54+00:00","breadcrumb":{"@id":"https:\/\/museal.com\/fr\/produit\/elephant-dresse-de-bugatti\/#breadcrumb"},"inLanguage":"fr-FR","potentialAction":[{"@type":"ReadAction","target":["https:\/\/museal.com\/fr\/produit\/elephant-dresse-de-bugatti\/"]}]},{"@type":"ImageObject","inLanguage":"fr-FR","@id":"https:\/\/museal.com\/fr\/produit\/elephant-dresse-de-bugatti\/#primaryimage","url":"https:\/\/museal.com\/wp-content\/uploads\/2022\/01\/elephant-dresse.png","contentUrl":"https:\/\/museal.com\/wp-content\/uploads\/2022\/01\/elephant-dresse.png","width":2000,"height":1500},{"@type":"BreadcrumbList","@id":"https:\/\/museal.com\/fr\/produit\/elephant-dresse-de-bugatti\/#breadcrumb","itemListElement":[{"@type":"ListItem","position":1,"name":"Accueil","item":"https:\/\/museal.com\/fr\/"},{"@type":"ListItem","position":2,"name":"Boutique","item":"https:\/\/museal.com\/fr\/boutique\/"},{"@type":"ListItem","position":3,"name":"El\u00e9phant dress\u00e9 de BUGATTI"}]},{"@type":"WebSite","@id":"https:\/\/museal.com\/fr\/#website","url":"https:\/\/museal.com\/fr\/","name":"Museal Editions","description":"Objets d&#039;art et de d\u00e9coration inspir\u00e9s du Patrimoine luxembourgeois","publisher":{"@id":"https:\/\/museal.com\/fr\/#organization"},"potentialAction":[{"@type":"SearchAction","target":{"@type":"EntryPoint","urlTemplate":"https:\/\/museal.com\/fr\/?s={search_term_string}"},"query-input":{"@type":"PropertyValueSpecification","valueRequired":true,"valueName":"search_term_string"}}],"inLanguage":"fr-FR"},{"@type":"Organization","@id":"https:\/\/museal.com\/fr\/#organization","name":"Museal Editions","url":"https:\/\/museal.com\/fr\/","logo":{"@type":"ImageObject","inLanguage":"fr-FR","@id":"https:\/\/museal.com\/fr\/#\/schema\/logo\/image\/","url":"https:\/\/museal.com\/wp-content\/uploads\/2021\/05\/logo-e1621950424453.jpg","contentUrl":"https:\/\/museal.com\/wp-content\/uploads\/2021\/05\/logo-e1621950424453.jpg","width":732,"height":574,"caption":"Museal Editions"},"image":{"@id":"https:\/\/museal.com\/fr\/#\/schema\/logo\/image\/"}}]}},"_links":{"self":[{"href":"https:\/\/museal.com\/fr\/wp-json\/wp\/v2\/product\/12527","targetHints":{"allow":["GET"]}}],"collection":[{"href":"https:\/\/museal.com\/fr\/wp-json\/wp\/v2\/product"}],"about":[{"href":"https:\/\/museal.com\/fr\/wp-json\/wp\/v2\/types\/product"}],"wp:featuredmedia":[{"embeddable":true,"href":"https:\/\/museal.com\/fr\/wp-json\/wp\/v2\/media\/13495"}],"wp:attachment":[{"href":"https:\/\/museal.com\/fr\/wp-json\/wp\/v2\/media?parent=12527"}],"wp:term":[{"taxonomy":"product_brand","embeddable":true,"href":"https:\/\/museal.com\/fr\/wp-json\/wp\/v2\/product_brand?post=12527"},{"taxonomy":"product_cat","embeddable":true,"href":"https:\/\/museal.com\/fr\/wp-json\/wp\/v2\/product_cat?post=12527"},{"taxonomy":"product_tag","embeddable":true,"href":"https:\/\/museal.com\/fr\/wp-json\/wp\/v2\/product_tag?post=12527"}],"curies":[{"name":"wp","href":"https:\/\/api.w.org\/{rel}","templated":true}]}}