{"id":12546,"date":"2022-01-21T11:08:58","date_gmt":"2022-01-21T10:08:58","guid":{"rendered":"https:\/\/shop.museal.com\/?post_type=product&#038;p=12546"},"modified":"2026-04-16T09:55:48","modified_gmt":"2026-04-16T07:55:48","slug":"broche-toison-dor","status":"publish","type":"product","link":"https:\/\/museal.com\/fr\/produit\/broche-toison-dor\/","title":{"rendered":"Broche Toison d&#8217;Or"},"content":{"rendered":"<div>Les insignes de l&#8217;ordre de la Toison d&#8217;Or consistent en un collier duquel pend un b\u00e9lier d&#8217;or. Cet animal fait r\u00e9f\u00e9rence \u00e0 la l\u00e9gende grecque des Argonautes, sugg\u00e9rant que la dynastie des Bourguignons remonte \u00e0 la lign\u00e9e des Troyens. L&#8217;ordre de la Toison d&#8217;or a \u00e9t\u00e9 fond\u00e9 en 1430 par Philippe le Bon, Duc de Bourgogne, voulant motiver des chevaliers devant participer \u00e0 une nouvelle croisade contre les Turcs. Avec le mariage de la fille de Charles le T\u00e9m\u00e9raire, Marie de Bourgogne, l&#8217;ordre quitte la France pour l&#8217;Autriche et se divise entre les deux branches de la dynastie des Habsbourg, espagnole et autrichienne. Il est encore d\u00e9cern\u00e9 de nos jours.<\/div>\n<div>Pierre Ernest de Mansfeld est gouverneur du duch\u00e9 de Luxembourg sous Charles V et Philippe II d&#8217;Espagne. En 1546, l&#8217;empereur Charles Quint lui d\u00e9cerne la toison d&#8217;or en signe de reconnaissance pour les services rendus dans le cadre de la lutte que se livrent Habsbourg d&#8217;Espagne et Valois de France pour l&#8217;h\u00e9g\u00e9monie en Europe.<\/div>\n","protected":false},"excerpt":{"rendered":"<div>\n<p>Broche &#8220;Toison d&#8217;Or&#8221; en \u00e9tain dor\u00e9e \u00e0 l&#8217;or fin 24 carats. Vendu dans un \u00e9crin.<\/p>\n<p>Taille : 35mm x 35mm<\/p>\n<\/div>\n","protected":false},"featured_media":13870,"template":"","meta":[],"product_brand":[],"product_cat":[91],"product_tag":[],"class_list":{"0":"post-12546","1":"product","2":"type-product","3":"status-publish","4":"has-post-thumbnail","6":"product_cat-bijoux-pour-elle","8":"first","9":"instock","10":"taxable","11":"shipping-taxable","12":"purchasable","13":"product-type-simple"},"yoast_head":"<!-- This site is optimized with the Yoast SEO plugin v27.3 - https:\/\/yoast.com\/product\/yoast-seo-wordpress\/ -->\n<title>Broche Toison d&#039;Or - Museal Editions<\/title>\n<meta name=\"description\" content=\"Broche toison d&#039;or en \u00e9tain dor\u00e9e \u00e0 l&#039;or fin 24 carats. Les insignes de l&#039;ordre de la Toison d&#039;Or consistent en un collier duquel pend un b\u00e9lier d&#039;or.\" \/>\n<meta name=\"robots\" content=\"index, follow, max-snippet:-1, max-image-preview:large, max-video-preview:-1\" \/>\n<link rel=\"canonical\" href=\"https:\/\/museal.com\/fr\/produit\/broche-toison-dor\/\" \/>\n<meta property=\"og:locale\" content=\"fr_FR\" \/>\n<meta property=\"og:type\" content=\"article\" \/>\n<meta property=\"og:title\" content=\"Broche Toison d&#039;Or - Museal Editions\" \/>\n<meta property=\"og:description\" content=\"Broche toison d&#039;or en \u00e9tain dor\u00e9e \u00e0 l&#039;or fin 24 carats. Les insignes de l&#039;ordre de la Toison d&#039;Or consistent en un collier duquel pend un b\u00e9lier d&#039;or.\" \/>\n<meta property=\"og:url\" content=\"https:\/\/museal.com\/fr\/produit\/broche-toison-dor\/\" \/>\n<meta property=\"og:site_name\" content=\"Museal Editions\" \/>\n<meta property=\"article:modified_time\" content=\"2026-04-16T07:55:48+00:00\" \/>\n<meta property=\"og:image\" content=\"https:\/\/museal.com\/wp-content\/uploads\/2022\/01\/broche-toiso-dor.png\" \/>\n\t<meta property=\"og:image:width\" content=\"1500\" \/>\n\t<meta property=\"og:image:height\" content=\"2000\" \/>\n\t<meta property=\"og:image:type\" content=\"image\/png\" \/>\n<meta name=\"twitter:card\" content=\"summary_large_image\" \/>\n<script type=\"application\/ld+json\" class=\"yoast-schema-graph\">{\"@context\":\"https:\\\/\\\/schema.org\",\"@graph\":[{\"@type\":\"WebPage\",\"@id\":\"https:\\\/\\\/museal.com\\\/fr\\\/produit\\\/broche-toison-dor\\\/\",\"url\":\"https:\\\/\\\/museal.com\\\/fr\\\/produit\\\/broche-toison-dor\\\/\",\"name\":\"Broche Toison d'Or - Museal Editions\",\"isPartOf\":{\"@id\":\"https:\\\/\\\/museal.com\\\/fr\\\/#website\"},\"primaryImageOfPage\":{\"@id\":\"https:\\\/\\\/museal.com\\\/fr\\\/produit\\\/broche-toison-dor\\\/#primaryimage\"},\"image\":{\"@id\":\"https:\\\/\\\/museal.com\\\/fr\\\/produit\\\/broche-toison-dor\\\/#primaryimage\"},\"thumbnailUrl\":\"https:\\\/\\\/museal.com\\\/wp-content\\\/uploads\\\/2022\\\/01\\\/broche-toiso-dor.png\",\"datePublished\":\"2022-01-21T10:08:58+00:00\",\"dateModified\":\"2026-04-16T07:55:48+00:00\",\"description\":\"Broche toison d'or en \u00e9tain dor\u00e9e \u00e0 l'or fin 24 carats. Les insignes de l'ordre de la Toison d'Or consistent en un collier duquel pend un b\u00e9lier d'or.\",\"breadcrumb\":{\"@id\":\"https:\\\/\\\/museal.com\\\/fr\\\/produit\\\/broche-toison-dor\\\/#breadcrumb\"},\"inLanguage\":\"fr-FR\",\"potentialAction\":[{\"@type\":\"ReadAction\",\"target\":[\"https:\\\/\\\/museal.com\\\/fr\\\/produit\\\/broche-toison-dor\\\/\"]}]},{\"@type\":\"ImageObject\",\"inLanguage\":\"fr-FR\",\"@id\":\"https:\\\/\\\/museal.com\\\/fr\\\/produit\\\/broche-toison-dor\\\/#primaryimage\",\"url\":\"https:\\\/\\\/museal.com\\\/wp-content\\\/uploads\\\/2022\\\/01\\\/broche-toiso-dor.png\",\"contentUrl\":\"https:\\\/\\\/museal.com\\\/wp-content\\\/uploads\\\/2022\\\/01\\\/broche-toiso-dor.png\",\"width\":1500,\"height\":2000},{\"@type\":\"BreadcrumbList\",\"@id\":\"https:\\\/\\\/museal.com\\\/fr\\\/produit\\\/broche-toison-dor\\\/#breadcrumb\",\"itemListElement\":[{\"@type\":\"ListItem\",\"position\":1,\"name\":\"Accueil\",\"item\":\"https:\\\/\\\/museal.com\\\/fr\\\/\"},{\"@type\":\"ListItem\",\"position\":2,\"name\":\"Boutique\",\"item\":\"https:\\\/\\\/museal.com\\\/fr\\\/boutique\\\/\"},{\"@type\":\"ListItem\",\"position\":3,\"name\":\"Broche Toison d&#8217;Or\"}]},{\"@type\":\"WebSite\",\"@id\":\"https:\\\/\\\/museal.com\\\/fr\\\/#website\",\"url\":\"https:\\\/\\\/museal.com\\\/fr\\\/\",\"name\":\"Museal Editions\",\"description\":\"Objets d&#039;art et de d\u00e9coration inspir\u00e9s du Patrimoine luxembourgeois\",\"publisher\":{\"@id\":\"https:\\\/\\\/museal.com\\\/fr\\\/#organization\"},\"potentialAction\":[{\"@type\":\"SearchAction\",\"target\":{\"@type\":\"EntryPoint\",\"urlTemplate\":\"https:\\\/\\\/museal.com\\\/fr\\\/?s={search_term_string}\"},\"query-input\":{\"@type\":\"PropertyValueSpecification\",\"valueRequired\":true,\"valueName\":\"search_term_string\"}}],\"inLanguage\":\"fr-FR\"},{\"@type\":\"Organization\",\"@id\":\"https:\\\/\\\/museal.com\\\/fr\\\/#organization\",\"name\":\"Museal Editions\",\"url\":\"https:\\\/\\\/museal.com\\\/fr\\\/\",\"logo\":{\"@type\":\"ImageObject\",\"inLanguage\":\"fr-FR\",\"@id\":\"https:\\\/\\\/museal.com\\\/fr\\\/#\\\/schema\\\/logo\\\/image\\\/\",\"url\":\"https:\\\/\\\/museal.com\\\/wp-content\\\/uploads\\\/2021\\\/05\\\/logo-e1621950424453.jpg\",\"contentUrl\":\"https:\\\/\\\/museal.com\\\/wp-content\\\/uploads\\\/2021\\\/05\\\/logo-e1621950424453.jpg\",\"width\":732,\"height\":574,\"caption\":\"Museal Editions\"},\"image\":{\"@id\":\"https:\\\/\\\/museal.com\\\/fr\\\/#\\\/schema\\\/logo\\\/image\\\/\"}}]}<\/script>\n<!-- \/ Yoast SEO plugin. -->","yoast_head_json":{"title":"Broche Toison d'Or - Museal Editions","description":"Broche toison d'or en \u00e9tain dor\u00e9e \u00e0 l'or fin 24 carats. Les insignes de l'ordre de la Toison d'Or consistent en un collier duquel pend un b\u00e9lier d'or.","robots":{"index":"index","follow":"follow","max-snippet":"max-snippet:-1","max-image-preview":"max-image-preview:large","max-video-preview":"max-video-preview:-1"},"canonical":"https:\/\/museal.com\/fr\/produit\/broche-toison-dor\/","og_locale":"fr_FR","og_type":"article","og_title":"Broche Toison d'Or - Museal Editions","og_description":"Broche toison d'or en \u00e9tain dor\u00e9e \u00e0 l'or fin 24 carats. Les insignes de l'ordre de la Toison d'Or consistent en un collier duquel pend un b\u00e9lier d'or.","og_url":"https:\/\/museal.com\/fr\/produit\/broche-toison-dor\/","og_site_name":"Museal Editions","article_modified_time":"2026-04-16T07:55:48+00:00","og_image":[{"width":1500,"height":2000,"url":"https:\/\/museal.com\/wp-content\/uploads\/2022\/01\/broche-toiso-dor.png","type":"image\/png"}],"twitter_card":"summary_large_image","schema":{"@context":"https:\/\/schema.org","@graph":[{"@type":"WebPage","@id":"https:\/\/museal.com\/fr\/produit\/broche-toison-dor\/","url":"https:\/\/museal.com\/fr\/produit\/broche-toison-dor\/","name":"Broche Toison d'Or - Museal Editions","isPartOf":{"@id":"https:\/\/museal.com\/fr\/#website"},"primaryImageOfPage":{"@id":"https:\/\/museal.com\/fr\/produit\/broche-toison-dor\/#primaryimage"},"image":{"@id":"https:\/\/museal.com\/fr\/produit\/broche-toison-dor\/#primaryimage"},"thumbnailUrl":"https:\/\/museal.com\/wp-content\/uploads\/2022\/01\/broche-toiso-dor.png","datePublished":"2022-01-21T10:08:58+00:00","dateModified":"2026-04-16T07:55:48+00:00","description":"Broche toison d'or en \u00e9tain dor\u00e9e \u00e0 l'or fin 24 carats. Les insignes de l'ordre de la Toison d'Or consistent en un collier duquel pend un b\u00e9lier d'or.","breadcrumb":{"@id":"https:\/\/museal.com\/fr\/produit\/broche-toison-dor\/#breadcrumb"},"inLanguage":"fr-FR","potentialAction":[{"@type":"ReadAction","target":["https:\/\/museal.com\/fr\/produit\/broche-toison-dor\/"]}]},{"@type":"ImageObject","inLanguage":"fr-FR","@id":"https:\/\/museal.com\/fr\/produit\/broche-toison-dor\/#primaryimage","url":"https:\/\/museal.com\/wp-content\/uploads\/2022\/01\/broche-toiso-dor.png","contentUrl":"https:\/\/museal.com\/wp-content\/uploads\/2022\/01\/broche-toiso-dor.png","width":1500,"height":2000},{"@type":"BreadcrumbList","@id":"https:\/\/museal.com\/fr\/produit\/broche-toison-dor\/#breadcrumb","itemListElement":[{"@type":"ListItem","position":1,"name":"Accueil","item":"https:\/\/museal.com\/fr\/"},{"@type":"ListItem","position":2,"name":"Boutique","item":"https:\/\/museal.com\/fr\/boutique\/"},{"@type":"ListItem","position":3,"name":"Broche Toison d&#8217;Or"}]},{"@type":"WebSite","@id":"https:\/\/museal.com\/fr\/#website","url":"https:\/\/museal.com\/fr\/","name":"Museal Editions","description":"Objets d&#039;art et de d\u00e9coration inspir\u00e9s du Patrimoine luxembourgeois","publisher":{"@id":"https:\/\/museal.com\/fr\/#organization"},"potentialAction":[{"@type":"SearchAction","target":{"@type":"EntryPoint","urlTemplate":"https:\/\/museal.com\/fr\/?s={search_term_string}"},"query-input":{"@type":"PropertyValueSpecification","valueRequired":true,"valueName":"search_term_string"}}],"inLanguage":"fr-FR"},{"@type":"Organization","@id":"https:\/\/museal.com\/fr\/#organization","name":"Museal Editions","url":"https:\/\/museal.com\/fr\/","logo":{"@type":"ImageObject","inLanguage":"fr-FR","@id":"https:\/\/museal.com\/fr\/#\/schema\/logo\/image\/","url":"https:\/\/museal.com\/wp-content\/uploads\/2021\/05\/logo-e1621950424453.jpg","contentUrl":"https:\/\/museal.com\/wp-content\/uploads\/2021\/05\/logo-e1621950424453.jpg","width":732,"height":574,"caption":"Museal Editions"},"image":{"@id":"https:\/\/museal.com\/fr\/#\/schema\/logo\/image\/"}}]}},"_links":{"self":[{"href":"https:\/\/museal.com\/fr\/wp-json\/wp\/v2\/product\/12546","targetHints":{"allow":["GET"]}}],"collection":[{"href":"https:\/\/museal.com\/fr\/wp-json\/wp\/v2\/product"}],"about":[{"href":"https:\/\/museal.com\/fr\/wp-json\/wp\/v2\/types\/product"}],"wp:featuredmedia":[{"embeddable":true,"href":"https:\/\/museal.com\/fr\/wp-json\/wp\/v2\/media\/13870"}],"wp:attachment":[{"href":"https:\/\/museal.com\/fr\/wp-json\/wp\/v2\/media?parent=12546"}],"wp:term":[{"taxonomy":"product_brand","embeddable":true,"href":"https:\/\/museal.com\/fr\/wp-json\/wp\/v2\/product_brand?post=12546"},{"taxonomy":"product_cat","embeddable":true,"href":"https:\/\/museal.com\/fr\/wp-json\/wp\/v2\/product_cat?post=12546"},{"taxonomy":"product_tag","embeddable":true,"href":"https:\/\/museal.com\/fr\/wp-json\/wp\/v2\/product_tag?post=12546"}],"curies":[{"name":"wp","href":"https:\/\/api.w.org\/{rel}","templated":true}]}}