{"id":12563,"date":"2022-01-21T11:15:18","date_gmt":"2022-01-21T10:15:18","guid":{"rendered":"https:\/\/shop.museal.com\/?post_type=product&#038;p=12563"},"modified":"2025-06-26T12:08:25","modified_gmt":"2025-06-26T10:08:25","slug":"la-louve-portant-son-louveteau-par-prosper-lecourtier","status":"publish","type":"product","link":"https:\/\/museal.com\/fr\/produit\/la-louve-portant-son-louveteau-par-prosper-lecourtier\/","title":{"rendered":"La louve portant son louveteau, par Prosper Lecourtier"},"content":{"rendered":"<p>L\u2019\u00e9mouvante \u00ab louve portant son louveteau \u00bb a \u00e9t\u00e9 r\u00e9alis\u00e9e par Prosper LECOURTIER (1851-1924), \u00e9l\u00e8ve du grand sculpteur Emmanuel Fr\u00e9miet. Comme son ma\u00eetre, il s\u2019est sp\u00e9cialis\u00e9 dans la sculpture animali\u00e8re et soigne particuli\u00e8rement la repr\u00e9sentation du mouvement.<\/p>\n","protected":false},"excerpt":{"rendered":"<p>R\u00e9\u00e9dition en bronze d\u2019art \u00e0 patine brune et reflets dor\u00e9s, num\u00e9rot\u00e9e de 1\/50 \u00e0 50\/50, est sign\u00e9e P. Lecourtier.<br \/>\nTaille 27 x 17 x 9 cm, poids 2,4 kg. Livr\u00e9e avec un certificat d&#8217;authenticit\u00e9.<\/p>\n","protected":false},"featured_media":13649,"template":"","meta":[],"product_brand":[],"product_cat":[143,89],"product_tag":[],"class_list":{"0":"post-12563","1":"product","2":"type-product","3":"status-publish","4":"has-post-thumbnail","6":"product_cat-bronzes-animaliers","7":"product_cat-sculptures-et-bronzes-d-art","9":"first","10":"instock","11":"taxable","12":"shipping-taxable","13":"purchasable","14":"product-type-simple"},"yoast_head":"<!-- This site is optimized with the Yoast SEO plugin v27.3 - https:\/\/yoast.com\/product\/yoast-seo-wordpress\/ -->\n<title>La louve portant son louveteau, par Prosper Lecourtier - Museal Editions<\/title>\n<meta name=\"description\" content=\"L\u2019\u00e9mouvante \u00ab louve portant son louveteau \u00bb a \u00e9t\u00e9 r\u00e9alis\u00e9e par Prosper LECOURTIER. R\u00e9\u00e9dition en bronze d\u2019art \u00e0 patine brune et reflets dor\u00e9s, num\u00e9rot\u00e9e.\" \/>\n<meta name=\"robots\" content=\"index, follow, max-snippet:-1, max-image-preview:large, max-video-preview:-1\" \/>\n<link rel=\"canonical\" href=\"https:\/\/museal.com\/fr\/produit\/la-louve-portant-son-louveteau-par-prosper-lecourtier\/\" \/>\n<meta property=\"og:locale\" content=\"fr_FR\" \/>\n<meta property=\"og:type\" content=\"article\" \/>\n<meta property=\"og:title\" content=\"La louve portant son louveteau, par Prosper Lecourtier - Museal Editions\" \/>\n<meta property=\"og:description\" content=\"L\u2019\u00e9mouvante \u00ab louve portant son louveteau \u00bb a \u00e9t\u00e9 r\u00e9alis\u00e9e par Prosper LECOURTIER. R\u00e9\u00e9dition en bronze d\u2019art \u00e0 patine brune et reflets dor\u00e9s, num\u00e9rot\u00e9e.\" \/>\n<meta property=\"og:url\" content=\"https:\/\/museal.com\/fr\/produit\/la-louve-portant-son-louveteau-par-prosper-lecourtier\/\" \/>\n<meta property=\"og:site_name\" content=\"Museal Editions\" \/>\n<meta property=\"article:modified_time\" content=\"2025-06-26T10:08:25+00:00\" \/>\n<meta property=\"og:image\" content=\"https:\/\/museal.com\/wp-content\/uploads\/2022\/01\/louve-et-louveteau-2.png\" \/>\n\t<meta property=\"og:image:width\" content=\"1500\" \/>\n\t<meta property=\"og:image:height\" content=\"2000\" \/>\n\t<meta property=\"og:image:type\" content=\"image\/png\" \/>\n<meta name=\"twitter:card\" content=\"summary_large_image\" \/>\n<script type=\"application\/ld+json\" class=\"yoast-schema-graph\">{\"@context\":\"https:\\\/\\\/schema.org\",\"@graph\":[{\"@type\":\"WebPage\",\"@id\":\"https:\\\/\\\/museal.com\\\/fr\\\/produit\\\/la-louve-portant-son-louveteau-par-prosper-lecourtier\\\/\",\"url\":\"https:\\\/\\\/museal.com\\\/fr\\\/produit\\\/la-louve-portant-son-louveteau-par-prosper-lecourtier\\\/\",\"name\":\"La louve portant son louveteau, par Prosper Lecourtier - Museal Editions\",\"isPartOf\":{\"@id\":\"https:\\\/\\\/museal.com\\\/fr\\\/#website\"},\"primaryImageOfPage\":{\"@id\":\"https:\\\/\\\/museal.com\\\/fr\\\/produit\\\/la-louve-portant-son-louveteau-par-prosper-lecourtier\\\/#primaryimage\"},\"image\":{\"@id\":\"https:\\\/\\\/museal.com\\\/fr\\\/produit\\\/la-louve-portant-son-louveteau-par-prosper-lecourtier\\\/#primaryimage\"},\"thumbnailUrl\":\"https:\\\/\\\/museal.com\\\/wp-content\\\/uploads\\\/2022\\\/01\\\/louve-et-louveteau-2.png\",\"datePublished\":\"2022-01-21T10:15:18+00:00\",\"dateModified\":\"2025-06-26T10:08:25+00:00\",\"description\":\"L\u2019\u00e9mouvante \u00ab louve portant son louveteau \u00bb a \u00e9t\u00e9 r\u00e9alis\u00e9e par Prosper LECOURTIER. R\u00e9\u00e9dition en bronze d\u2019art \u00e0 patine brune et reflets dor\u00e9s, num\u00e9rot\u00e9e.\",\"breadcrumb\":{\"@id\":\"https:\\\/\\\/museal.com\\\/fr\\\/produit\\\/la-louve-portant-son-louveteau-par-prosper-lecourtier\\\/#breadcrumb\"},\"inLanguage\":\"fr-FR\",\"potentialAction\":[{\"@type\":\"ReadAction\",\"target\":[\"https:\\\/\\\/museal.com\\\/fr\\\/produit\\\/la-louve-portant-son-louveteau-par-prosper-lecourtier\\\/\"]}]},{\"@type\":\"ImageObject\",\"inLanguage\":\"fr-FR\",\"@id\":\"https:\\\/\\\/museal.com\\\/fr\\\/produit\\\/la-louve-portant-son-louveteau-par-prosper-lecourtier\\\/#primaryimage\",\"url\":\"https:\\\/\\\/museal.com\\\/wp-content\\\/uploads\\\/2022\\\/01\\\/louve-et-louveteau-2.png\",\"contentUrl\":\"https:\\\/\\\/museal.com\\\/wp-content\\\/uploads\\\/2022\\\/01\\\/louve-et-louveteau-2.png\",\"width\":1500,\"height\":2000},{\"@type\":\"BreadcrumbList\",\"@id\":\"https:\\\/\\\/museal.com\\\/fr\\\/produit\\\/la-louve-portant-son-louveteau-par-prosper-lecourtier\\\/#breadcrumb\",\"itemListElement\":[{\"@type\":\"ListItem\",\"position\":1,\"name\":\"Accueil\",\"item\":\"https:\\\/\\\/museal.com\\\/fr\\\/\"},{\"@type\":\"ListItem\",\"position\":2,\"name\":\"Boutique\",\"item\":\"https:\\\/\\\/museal.com\\\/fr\\\/boutique\\\/\"},{\"@type\":\"ListItem\",\"position\":3,\"name\":\"La louve portant son louveteau, par Prosper Lecourtier\"}]},{\"@type\":\"WebSite\",\"@id\":\"https:\\\/\\\/museal.com\\\/fr\\\/#website\",\"url\":\"https:\\\/\\\/museal.com\\\/fr\\\/\",\"name\":\"Museal Editions\",\"description\":\"Objets d&#039;art et de d\u00e9coration inspir\u00e9s du Patrimoine luxembourgeois\",\"publisher\":{\"@id\":\"https:\\\/\\\/museal.com\\\/fr\\\/#organization\"},\"potentialAction\":[{\"@type\":\"SearchAction\",\"target\":{\"@type\":\"EntryPoint\",\"urlTemplate\":\"https:\\\/\\\/museal.com\\\/fr\\\/?s={search_term_string}\"},\"query-input\":{\"@type\":\"PropertyValueSpecification\",\"valueRequired\":true,\"valueName\":\"search_term_string\"}}],\"inLanguage\":\"fr-FR\"},{\"@type\":\"Organization\",\"@id\":\"https:\\\/\\\/museal.com\\\/fr\\\/#organization\",\"name\":\"Museal Editions\",\"url\":\"https:\\\/\\\/museal.com\\\/fr\\\/\",\"logo\":{\"@type\":\"ImageObject\",\"inLanguage\":\"fr-FR\",\"@id\":\"https:\\\/\\\/museal.com\\\/fr\\\/#\\\/schema\\\/logo\\\/image\\\/\",\"url\":\"https:\\\/\\\/museal.com\\\/wp-content\\\/uploads\\\/2021\\\/05\\\/logo-e1621950424453.jpg\",\"contentUrl\":\"https:\\\/\\\/museal.com\\\/wp-content\\\/uploads\\\/2021\\\/05\\\/logo-e1621950424453.jpg\",\"width\":732,\"height\":574,\"caption\":\"Museal Editions\"},\"image\":{\"@id\":\"https:\\\/\\\/museal.com\\\/fr\\\/#\\\/schema\\\/logo\\\/image\\\/\"}}]}<\/script>\n<!-- \/ Yoast SEO plugin. -->","yoast_head_json":{"title":"La louve portant son louveteau, par Prosper Lecourtier - Museal Editions","description":"L\u2019\u00e9mouvante \u00ab louve portant son louveteau \u00bb a \u00e9t\u00e9 r\u00e9alis\u00e9e par Prosper LECOURTIER. R\u00e9\u00e9dition en bronze d\u2019art \u00e0 patine brune et reflets dor\u00e9s, num\u00e9rot\u00e9e.","robots":{"index":"index","follow":"follow","max-snippet":"max-snippet:-1","max-image-preview":"max-image-preview:large","max-video-preview":"max-video-preview:-1"},"canonical":"https:\/\/museal.com\/fr\/produit\/la-louve-portant-son-louveteau-par-prosper-lecourtier\/","og_locale":"fr_FR","og_type":"article","og_title":"La louve portant son louveteau, par Prosper Lecourtier - Museal Editions","og_description":"L\u2019\u00e9mouvante \u00ab louve portant son louveteau \u00bb a \u00e9t\u00e9 r\u00e9alis\u00e9e par Prosper LECOURTIER. R\u00e9\u00e9dition en bronze d\u2019art \u00e0 patine brune et reflets dor\u00e9s, num\u00e9rot\u00e9e.","og_url":"https:\/\/museal.com\/fr\/produit\/la-louve-portant-son-louveteau-par-prosper-lecourtier\/","og_site_name":"Museal Editions","article_modified_time":"2025-06-26T10:08:25+00:00","og_image":[{"width":1500,"height":2000,"url":"https:\/\/museal.com\/wp-content\/uploads\/2022\/01\/louve-et-louveteau-2.png","type":"image\/png"}],"twitter_card":"summary_large_image","schema":{"@context":"https:\/\/schema.org","@graph":[{"@type":"WebPage","@id":"https:\/\/museal.com\/fr\/produit\/la-louve-portant-son-louveteau-par-prosper-lecourtier\/","url":"https:\/\/museal.com\/fr\/produit\/la-louve-portant-son-louveteau-par-prosper-lecourtier\/","name":"La louve portant son louveteau, par Prosper Lecourtier - Museal Editions","isPartOf":{"@id":"https:\/\/museal.com\/fr\/#website"},"primaryImageOfPage":{"@id":"https:\/\/museal.com\/fr\/produit\/la-louve-portant-son-louveteau-par-prosper-lecourtier\/#primaryimage"},"image":{"@id":"https:\/\/museal.com\/fr\/produit\/la-louve-portant-son-louveteau-par-prosper-lecourtier\/#primaryimage"},"thumbnailUrl":"https:\/\/museal.com\/wp-content\/uploads\/2022\/01\/louve-et-louveteau-2.png","datePublished":"2022-01-21T10:15:18+00:00","dateModified":"2025-06-26T10:08:25+00:00","description":"L\u2019\u00e9mouvante \u00ab louve portant son louveteau \u00bb a \u00e9t\u00e9 r\u00e9alis\u00e9e par Prosper LECOURTIER. R\u00e9\u00e9dition en bronze d\u2019art \u00e0 patine brune et reflets dor\u00e9s, num\u00e9rot\u00e9e.","breadcrumb":{"@id":"https:\/\/museal.com\/fr\/produit\/la-louve-portant-son-louveteau-par-prosper-lecourtier\/#breadcrumb"},"inLanguage":"fr-FR","potentialAction":[{"@type":"ReadAction","target":["https:\/\/museal.com\/fr\/produit\/la-louve-portant-son-louveteau-par-prosper-lecourtier\/"]}]},{"@type":"ImageObject","inLanguage":"fr-FR","@id":"https:\/\/museal.com\/fr\/produit\/la-louve-portant-son-louveteau-par-prosper-lecourtier\/#primaryimage","url":"https:\/\/museal.com\/wp-content\/uploads\/2022\/01\/louve-et-louveteau-2.png","contentUrl":"https:\/\/museal.com\/wp-content\/uploads\/2022\/01\/louve-et-louveteau-2.png","width":1500,"height":2000},{"@type":"BreadcrumbList","@id":"https:\/\/museal.com\/fr\/produit\/la-louve-portant-son-louveteau-par-prosper-lecourtier\/#breadcrumb","itemListElement":[{"@type":"ListItem","position":1,"name":"Accueil","item":"https:\/\/museal.com\/fr\/"},{"@type":"ListItem","position":2,"name":"Boutique","item":"https:\/\/museal.com\/fr\/boutique\/"},{"@type":"ListItem","position":3,"name":"La louve portant son louveteau, par Prosper Lecourtier"}]},{"@type":"WebSite","@id":"https:\/\/museal.com\/fr\/#website","url":"https:\/\/museal.com\/fr\/","name":"Museal Editions","description":"Objets d&#039;art et de d\u00e9coration inspir\u00e9s du Patrimoine luxembourgeois","publisher":{"@id":"https:\/\/museal.com\/fr\/#organization"},"potentialAction":[{"@type":"SearchAction","target":{"@type":"EntryPoint","urlTemplate":"https:\/\/museal.com\/fr\/?s={search_term_string}"},"query-input":{"@type":"PropertyValueSpecification","valueRequired":true,"valueName":"search_term_string"}}],"inLanguage":"fr-FR"},{"@type":"Organization","@id":"https:\/\/museal.com\/fr\/#organization","name":"Museal Editions","url":"https:\/\/museal.com\/fr\/","logo":{"@type":"ImageObject","inLanguage":"fr-FR","@id":"https:\/\/museal.com\/fr\/#\/schema\/logo\/image\/","url":"https:\/\/museal.com\/wp-content\/uploads\/2021\/05\/logo-e1621950424453.jpg","contentUrl":"https:\/\/museal.com\/wp-content\/uploads\/2021\/05\/logo-e1621950424453.jpg","width":732,"height":574,"caption":"Museal Editions"},"image":{"@id":"https:\/\/museal.com\/fr\/#\/schema\/logo\/image\/"}}]}},"_links":{"self":[{"href":"https:\/\/museal.com\/fr\/wp-json\/wp\/v2\/product\/12563","targetHints":{"allow":["GET"]}}],"collection":[{"href":"https:\/\/museal.com\/fr\/wp-json\/wp\/v2\/product"}],"about":[{"href":"https:\/\/museal.com\/fr\/wp-json\/wp\/v2\/types\/product"}],"wp:featuredmedia":[{"embeddable":true,"href":"https:\/\/museal.com\/fr\/wp-json\/wp\/v2\/media\/13649"}],"wp:attachment":[{"href":"https:\/\/museal.com\/fr\/wp-json\/wp\/v2\/media?parent=12563"}],"wp:term":[{"taxonomy":"product_brand","embeddable":true,"href":"https:\/\/museal.com\/fr\/wp-json\/wp\/v2\/product_brand?post=12563"},{"taxonomy":"product_cat","embeddable":true,"href":"https:\/\/museal.com\/fr\/wp-json\/wp\/v2\/product_cat?post=12563"},{"taxonomy":"product_tag","embeddable":true,"href":"https:\/\/museal.com\/fr\/wp-json\/wp\/v2\/product_tag?post=12563"}],"curies":[{"name":"wp","href":"https:\/\/api.w.org\/{rel}","templated":true}]}}