{"id":12569,"date":"2022-01-21T11:34:46","date_gmt":"2022-01-21T10:34:46","guid":{"rendered":"https:\/\/shop.museal.com\/?post_type=product&#038;p=12569"},"modified":"2025-12-10T11:01:01","modified_gmt":"2025-12-10T10:01:01","slug":"lithographie-moritz-ney","status":"publish","type":"product","link":"https:\/\/museal.com\/fr\/produit\/lithographie-moritz-ney\/","title":{"rendered":"Lithographie Moritz Ney"},"content":{"rendered":"<p>Cette \u0153uvre\u00a0r\u00e9unit la g\u00e9n\u00e9rosit\u00e9 gestuelle et la libert\u00e9 de trait de cet artiste hors-norme dans un m\u00e9lange de couleurs aux accents du printemps.<\/p>\n","protected":false},"excerpt":{"rendered":"<p>Lithographie cr\u00e9\u00e9 en 2010 par Moritz Ney, en \u00e9dition limit\u00e9e \u00e0 100 exemplaires sign\u00e9s et num\u00e9rot\u00e9s. Tirage lithographique sur v\u00e9lin d&#8217;Arches r\u00e9alis\u00e9 \u00e0 la presse \u00e0 bras.<\/p>\n<p>Dimensions : 22&#215;26 cm. Encadr\u00e9e ou non<\/p>\n<p>&nbsp;<\/p>\n","protected":false},"featured_media":12580,"template":"","meta":[],"product_brand":[],"product_cat":[142],"product_tag":[],"class_list":{"0":"post-12569","1":"product","2":"type-product","3":"status-publish","4":"has-post-thumbnail","6":"product_cat-livres-lithographies-gravures-photos","8":"first","9":"instock","10":"taxable","11":"shipping-taxable","12":"purchasable","13":"product-type-variable"},"yoast_head":"<!-- This site is optimized with the Yoast SEO plugin v27.3 - https:\/\/yoast.com\/product\/yoast-seo-wordpress\/ -->\n<title>Lithographie Moritz Ney - Museal Editions<\/title>\n<meta name=\"description\" content=\"Lithographie cr\u00e9\u00e9 en 2010 par Moritz Ney, en \u00e9dition limit\u00e9e \u00e0 100 ex. sign\u00e9s et num\u00e9rot\u00e9s. Tirage lithographique sur v\u00e9lin d&#039;Arches \u00e0 la presse \u00e0 bras\" \/>\n<meta name=\"robots\" content=\"index, follow, max-snippet:-1, max-image-preview:large, max-video-preview:-1\" \/>\n<link rel=\"canonical\" href=\"https:\/\/museal.com\/fr\/produit\/lithographie-moritz-ney\/\" \/>\n<meta property=\"og:locale\" content=\"fr_FR\" \/>\n<meta property=\"og:type\" content=\"article\" \/>\n<meta property=\"og:title\" content=\"Lithographie Moritz Ney - Museal Editions\" \/>\n<meta property=\"og:description\" content=\"Lithographie cr\u00e9\u00e9 en 2010 par Moritz Ney, en \u00e9dition limit\u00e9e \u00e0 100 ex. sign\u00e9s et num\u00e9rot\u00e9s. Tirage lithographique sur v\u00e9lin d&#039;Arches \u00e0 la presse \u00e0 bras\" \/>\n<meta property=\"og:url\" content=\"https:\/\/museal.com\/fr\/produit\/lithographie-moritz-ney\/\" \/>\n<meta property=\"og:site_name\" content=\"Museal Editions\" \/>\n<meta property=\"article:modified_time\" content=\"2025-12-10T10:01:01+00:00\" \/>\n<meta property=\"og:image\" content=\"https:\/\/museal.com\/wp-content\/uploads\/2022\/01\/litho-Moriz-Ney-detouree.jpg\" \/>\n\t<meta property=\"og:image:width\" content=\"768\" \/>\n\t<meta property=\"og:image:height\" content=\"1024\" \/>\n\t<meta property=\"og:image:type\" content=\"image\/jpeg\" \/>\n<meta name=\"twitter:card\" content=\"summary_large_image\" \/>\n<script type=\"application\/ld+json\" class=\"yoast-schema-graph\">{\"@context\":\"https:\\\/\\\/schema.org\",\"@graph\":[{\"@type\":\"WebPage\",\"@id\":\"https:\\\/\\\/museal.com\\\/fr\\\/produit\\\/lithographie-moritz-ney\\\/\",\"url\":\"https:\\\/\\\/museal.com\\\/fr\\\/produit\\\/lithographie-moritz-ney\\\/\",\"name\":\"Lithographie Moritz Ney - Museal Editions\",\"isPartOf\":{\"@id\":\"https:\\\/\\\/museal.com\\\/fr\\\/#website\"},\"primaryImageOfPage\":{\"@id\":\"https:\\\/\\\/museal.com\\\/fr\\\/produit\\\/lithographie-moritz-ney\\\/#primaryimage\"},\"image\":{\"@id\":\"https:\\\/\\\/museal.com\\\/fr\\\/produit\\\/lithographie-moritz-ney\\\/#primaryimage\"},\"thumbnailUrl\":\"https:\\\/\\\/museal.com\\\/wp-content\\\/uploads\\\/2022\\\/01\\\/litho-Moriz-Ney-detouree.jpg\",\"datePublished\":\"2022-01-21T10:34:46+00:00\",\"dateModified\":\"2025-12-10T10:01:01+00:00\",\"description\":\"Lithographie cr\u00e9\u00e9 en 2010 par Moritz Ney, en \u00e9dition limit\u00e9e \u00e0 100 ex. sign\u00e9s et num\u00e9rot\u00e9s. Tirage lithographique sur v\u00e9lin d'Arches \u00e0 la presse \u00e0 bras\",\"breadcrumb\":{\"@id\":\"https:\\\/\\\/museal.com\\\/fr\\\/produit\\\/lithographie-moritz-ney\\\/#breadcrumb\"},\"inLanguage\":\"fr-FR\",\"potentialAction\":[{\"@type\":\"ReadAction\",\"target\":[\"https:\\\/\\\/museal.com\\\/fr\\\/produit\\\/lithographie-moritz-ney\\\/\"]}]},{\"@type\":\"ImageObject\",\"inLanguage\":\"fr-FR\",\"@id\":\"https:\\\/\\\/museal.com\\\/fr\\\/produit\\\/lithographie-moritz-ney\\\/#primaryimage\",\"url\":\"https:\\\/\\\/museal.com\\\/wp-content\\\/uploads\\\/2022\\\/01\\\/litho-Moriz-Ney-detouree.jpg\",\"contentUrl\":\"https:\\\/\\\/museal.com\\\/wp-content\\\/uploads\\\/2022\\\/01\\\/litho-Moriz-Ney-detouree.jpg\",\"width\":768,\"height\":1024},{\"@type\":\"BreadcrumbList\",\"@id\":\"https:\\\/\\\/museal.com\\\/fr\\\/produit\\\/lithographie-moritz-ney\\\/#breadcrumb\",\"itemListElement\":[{\"@type\":\"ListItem\",\"position\":1,\"name\":\"Accueil\",\"item\":\"https:\\\/\\\/museal.com\\\/fr\\\/\"},{\"@type\":\"ListItem\",\"position\":2,\"name\":\"Boutique\",\"item\":\"https:\\\/\\\/museal.com\\\/fr\\\/boutique\\\/\"},{\"@type\":\"ListItem\",\"position\":3,\"name\":\"Lithographie Moritz Ney\"}]},{\"@type\":\"WebSite\",\"@id\":\"https:\\\/\\\/museal.com\\\/fr\\\/#website\",\"url\":\"https:\\\/\\\/museal.com\\\/fr\\\/\",\"name\":\"Museal Editions\",\"description\":\"Objets d&#039;art et de d\u00e9coration inspir\u00e9s du Patrimoine luxembourgeois\",\"publisher\":{\"@id\":\"https:\\\/\\\/museal.com\\\/fr\\\/#organization\"},\"potentialAction\":[{\"@type\":\"SearchAction\",\"target\":{\"@type\":\"EntryPoint\",\"urlTemplate\":\"https:\\\/\\\/museal.com\\\/fr\\\/?s={search_term_string}\"},\"query-input\":{\"@type\":\"PropertyValueSpecification\",\"valueRequired\":true,\"valueName\":\"search_term_string\"}}],\"inLanguage\":\"fr-FR\"},{\"@type\":\"Organization\",\"@id\":\"https:\\\/\\\/museal.com\\\/fr\\\/#organization\",\"name\":\"Museal Editions\",\"url\":\"https:\\\/\\\/museal.com\\\/fr\\\/\",\"logo\":{\"@type\":\"ImageObject\",\"inLanguage\":\"fr-FR\",\"@id\":\"https:\\\/\\\/museal.com\\\/fr\\\/#\\\/schema\\\/logo\\\/image\\\/\",\"url\":\"https:\\\/\\\/museal.com\\\/wp-content\\\/uploads\\\/2021\\\/05\\\/logo-e1621950424453.jpg\",\"contentUrl\":\"https:\\\/\\\/museal.com\\\/wp-content\\\/uploads\\\/2021\\\/05\\\/logo-e1621950424453.jpg\",\"width\":732,\"height\":574,\"caption\":\"Museal Editions\"},\"image\":{\"@id\":\"https:\\\/\\\/museal.com\\\/fr\\\/#\\\/schema\\\/logo\\\/image\\\/\"}}]}<\/script>\n<!-- \/ Yoast SEO plugin. -->","yoast_head_json":{"title":"Lithographie Moritz Ney - Museal Editions","description":"Lithographie cr\u00e9\u00e9 en 2010 par Moritz Ney, en \u00e9dition limit\u00e9e \u00e0 100 ex. sign\u00e9s et num\u00e9rot\u00e9s. Tirage lithographique sur v\u00e9lin d'Arches \u00e0 la presse \u00e0 bras","robots":{"index":"index","follow":"follow","max-snippet":"max-snippet:-1","max-image-preview":"max-image-preview:large","max-video-preview":"max-video-preview:-1"},"canonical":"https:\/\/museal.com\/fr\/produit\/lithographie-moritz-ney\/","og_locale":"fr_FR","og_type":"article","og_title":"Lithographie Moritz Ney - Museal Editions","og_description":"Lithographie cr\u00e9\u00e9 en 2010 par Moritz Ney, en \u00e9dition limit\u00e9e \u00e0 100 ex. sign\u00e9s et num\u00e9rot\u00e9s. Tirage lithographique sur v\u00e9lin d'Arches \u00e0 la presse \u00e0 bras","og_url":"https:\/\/museal.com\/fr\/produit\/lithographie-moritz-ney\/","og_site_name":"Museal Editions","article_modified_time":"2025-12-10T10:01:01+00:00","og_image":[{"width":768,"height":1024,"url":"https:\/\/museal.com\/wp-content\/uploads\/2022\/01\/litho-Moriz-Ney-detouree.jpg","type":"image\/jpeg"}],"twitter_card":"summary_large_image","schema":{"@context":"https:\/\/schema.org","@graph":[{"@type":"WebPage","@id":"https:\/\/museal.com\/fr\/produit\/lithographie-moritz-ney\/","url":"https:\/\/museal.com\/fr\/produit\/lithographie-moritz-ney\/","name":"Lithographie Moritz Ney - Museal Editions","isPartOf":{"@id":"https:\/\/museal.com\/fr\/#website"},"primaryImageOfPage":{"@id":"https:\/\/museal.com\/fr\/produit\/lithographie-moritz-ney\/#primaryimage"},"image":{"@id":"https:\/\/museal.com\/fr\/produit\/lithographie-moritz-ney\/#primaryimage"},"thumbnailUrl":"https:\/\/museal.com\/wp-content\/uploads\/2022\/01\/litho-Moriz-Ney-detouree.jpg","datePublished":"2022-01-21T10:34:46+00:00","dateModified":"2025-12-10T10:01:01+00:00","description":"Lithographie cr\u00e9\u00e9 en 2010 par Moritz Ney, en \u00e9dition limit\u00e9e \u00e0 100 ex. sign\u00e9s et num\u00e9rot\u00e9s. Tirage lithographique sur v\u00e9lin d'Arches \u00e0 la presse \u00e0 bras","breadcrumb":{"@id":"https:\/\/museal.com\/fr\/produit\/lithographie-moritz-ney\/#breadcrumb"},"inLanguage":"fr-FR","potentialAction":[{"@type":"ReadAction","target":["https:\/\/museal.com\/fr\/produit\/lithographie-moritz-ney\/"]}]},{"@type":"ImageObject","inLanguage":"fr-FR","@id":"https:\/\/museal.com\/fr\/produit\/lithographie-moritz-ney\/#primaryimage","url":"https:\/\/museal.com\/wp-content\/uploads\/2022\/01\/litho-Moriz-Ney-detouree.jpg","contentUrl":"https:\/\/museal.com\/wp-content\/uploads\/2022\/01\/litho-Moriz-Ney-detouree.jpg","width":768,"height":1024},{"@type":"BreadcrumbList","@id":"https:\/\/museal.com\/fr\/produit\/lithographie-moritz-ney\/#breadcrumb","itemListElement":[{"@type":"ListItem","position":1,"name":"Accueil","item":"https:\/\/museal.com\/fr\/"},{"@type":"ListItem","position":2,"name":"Boutique","item":"https:\/\/museal.com\/fr\/boutique\/"},{"@type":"ListItem","position":3,"name":"Lithographie Moritz Ney"}]},{"@type":"WebSite","@id":"https:\/\/museal.com\/fr\/#website","url":"https:\/\/museal.com\/fr\/","name":"Museal Editions","description":"Objets d&#039;art et de d\u00e9coration inspir\u00e9s du Patrimoine luxembourgeois","publisher":{"@id":"https:\/\/museal.com\/fr\/#organization"},"potentialAction":[{"@type":"SearchAction","target":{"@type":"EntryPoint","urlTemplate":"https:\/\/museal.com\/fr\/?s={search_term_string}"},"query-input":{"@type":"PropertyValueSpecification","valueRequired":true,"valueName":"search_term_string"}}],"inLanguage":"fr-FR"},{"@type":"Organization","@id":"https:\/\/museal.com\/fr\/#organization","name":"Museal Editions","url":"https:\/\/museal.com\/fr\/","logo":{"@type":"ImageObject","inLanguage":"fr-FR","@id":"https:\/\/museal.com\/fr\/#\/schema\/logo\/image\/","url":"https:\/\/museal.com\/wp-content\/uploads\/2021\/05\/logo-e1621950424453.jpg","contentUrl":"https:\/\/museal.com\/wp-content\/uploads\/2021\/05\/logo-e1621950424453.jpg","width":732,"height":574,"caption":"Museal Editions"},"image":{"@id":"https:\/\/museal.com\/fr\/#\/schema\/logo\/image\/"}}]}},"_links":{"self":[{"href":"https:\/\/museal.com\/fr\/wp-json\/wp\/v2\/product\/12569","targetHints":{"allow":["GET"]}}],"collection":[{"href":"https:\/\/museal.com\/fr\/wp-json\/wp\/v2\/product"}],"about":[{"href":"https:\/\/museal.com\/fr\/wp-json\/wp\/v2\/types\/product"}],"wp:featuredmedia":[{"embeddable":true,"href":"https:\/\/museal.com\/fr\/wp-json\/wp\/v2\/media\/12580"}],"wp:attachment":[{"href":"https:\/\/museal.com\/fr\/wp-json\/wp\/v2\/media?parent=12569"}],"wp:term":[{"taxonomy":"product_brand","embeddable":true,"href":"https:\/\/museal.com\/fr\/wp-json\/wp\/v2\/product_brand?post=12569"},{"taxonomy":"product_cat","embeddable":true,"href":"https:\/\/museal.com\/fr\/wp-json\/wp\/v2\/product_cat?post=12569"},{"taxonomy":"product_tag","embeddable":true,"href":"https:\/\/museal.com\/fr\/wp-json\/wp\/v2\/product_tag?post=12569"}],"curies":[{"name":"wp","href":"https:\/\/api.w.org\/{rel}","templated":true}]}}