{"id":12579,"date":"2022-01-21T11:34:40","date_gmt":"2022-01-21T10:34:40","guid":{"rendered":"https:\/\/shop.museal.com\/?post_type=product&#038;p=12579"},"modified":"2025-06-26T12:07:27","modified_gmt":"2025-06-26T10:07:27","slug":"le-bouledogue-francais-par-bugatti","status":"publish","type":"product","link":"https:\/\/museal.com\/fr\/produit\/le-bouledogue-francais-par-bugatti\/","title":{"rendered":"Le &#8220;Bouledogue Fran\u00e7ais&#8221;, par Rembrandt Bugatti"},"content":{"rendered":"<div>En 1905, Rembrandt Bugatti (1884-1916) prend comme mod\u00e8le le Bouledogue fran\u00e7ais de sa m\u00e8re, Teresa Lorioli, et r\u00e9alise cette sculpture charmante et pleine de vie, l\u2019animal penchant la t\u00eate et semblant interroger du regard sa ma\u00eetresse. La fonte originale a \u00e9t\u00e9 coul\u00e9e par la fonderie H\u00e9brard en 1905.<\/div>\n<div>Il s\u2019agit du grand mod\u00e8le, dont seulement 3 exemplaires sont connus \u00e0 ce jour, tous trois sign\u00e9s\u00a0et num\u00e9rot\u00e9s par l\u2019artiste. Cette signature ainsi que Le cachet du fondeur H\u00e9brard \u00ab A.A.\u00a0H\u00e9brard Cire Perdue \u00bb sont restitu\u00e9s avec soin sur cette r\u00e9\u00e9dition de l\u2019exemplaire n\u00b02.<\/div>\n<div>Une autre\u00a0fonte de ce bouledogue fran\u00e7ais, de plus petite taille, a \u00e9galement \u00e9t\u00e9 produite en 1905, en\u00a0plusieurs dizaines d\u2019exemplaires, dans un format plus r\u00e9duit, soit 14 x 13 x 8 cm.<\/div>\n","protected":false},"excerpt":{"rendered":"<p>Bronze d\u2019art coul\u00e9 \u00e0 la cire perdue, num\u00e9rot\u00e9 de 1 \u00e0 50\/50. La patine brune aux reflets verts est particuli\u00e8rement soign\u00e9e. Livr\u00e9 avec un certificat d&#8217;authenticit\u00e9<br \/>\nHauteur 27 cm, Longueur 27 cm, largeur 17 cm. Poids 8 kg.<\/p>\n","protected":false},"featured_media":13653,"template":"","meta":[],"product_brand":[],"product_cat":[143,89],"product_tag":[],"class_list":{"0":"post-12579","1":"product","2":"type-product","3":"status-publish","4":"has-post-thumbnail","6":"product_cat-bronzes-animaliers","7":"product_cat-sculptures-et-bronzes-d-art","9":"first","10":"instock","11":"taxable","12":"shipping-taxable","13":"purchasable","14":"product-type-simple"},"yoast_head":"<!-- This site is optimized with the Yoast SEO plugin v27.3 - https:\/\/yoast.com\/product\/yoast-seo-wordpress\/ -->\n<title>Le &quot;Bouledogue Fran\u00e7ais&quot;, par Rembrandt Bugatti - Museal Editions<\/title>\n<meta name=\"description\" content=\"Bronze d\u2019art coul\u00e9 \u00e0 la cire perdue, num\u00e9rot\u00e9 de 1 \u00e0 50\/50. La patine brune aux reflets verts est particuli\u00e8rement soign\u00e9e.\" \/>\n<meta name=\"robots\" content=\"index, follow, max-snippet:-1, max-image-preview:large, max-video-preview:-1\" \/>\n<link rel=\"canonical\" href=\"https:\/\/museal.com\/fr\/produit\/le-bouledogue-francais-par-bugatti\/\" \/>\n<meta property=\"og:locale\" content=\"fr_FR\" \/>\n<meta property=\"og:type\" content=\"article\" \/>\n<meta property=\"og:title\" content=\"Le &quot;Bouledogue Fran\u00e7ais&quot;, par Rembrandt Bugatti - Museal Editions\" \/>\n<meta property=\"og:description\" content=\"Bronze d\u2019art coul\u00e9 \u00e0 la cire perdue, num\u00e9rot\u00e9 de 1 \u00e0 50\/50. La patine brune aux reflets verts est particuli\u00e8rement soign\u00e9e.\" \/>\n<meta property=\"og:url\" content=\"https:\/\/museal.com\/fr\/produit\/le-bouledogue-francais-par-bugatti\/\" \/>\n<meta property=\"og:site_name\" content=\"Museal Editions\" \/>\n<meta property=\"article:modified_time\" content=\"2025-06-26T10:07:27+00:00\" \/>\n<meta property=\"og:image\" content=\"https:\/\/museal.com\/wp-content\/uploads\/2022\/01\/bouledog-1.jpeg\" \/>\n\t<meta property=\"og:image:width\" content=\"1500\" \/>\n\t<meta property=\"og:image:height\" content=\"2000\" \/>\n\t<meta property=\"og:image:type\" content=\"image\/jpeg\" \/>\n<meta name=\"twitter:card\" content=\"summary_large_image\" \/>\n<script type=\"application\/ld+json\" class=\"yoast-schema-graph\">{\"@context\":\"https:\\\/\\\/schema.org\",\"@graph\":[{\"@type\":\"WebPage\",\"@id\":\"https:\\\/\\\/museal.com\\\/fr\\\/produit\\\/le-bouledogue-francais-par-bugatti\\\/\",\"url\":\"https:\\\/\\\/museal.com\\\/fr\\\/produit\\\/le-bouledogue-francais-par-bugatti\\\/\",\"name\":\"Le \\\"Bouledogue Fran\u00e7ais\\\", par Rembrandt Bugatti - Museal Editions\",\"isPartOf\":{\"@id\":\"https:\\\/\\\/museal.com\\\/fr\\\/#website\"},\"primaryImageOfPage\":{\"@id\":\"https:\\\/\\\/museal.com\\\/fr\\\/produit\\\/le-bouledogue-francais-par-bugatti\\\/#primaryimage\"},\"image\":{\"@id\":\"https:\\\/\\\/museal.com\\\/fr\\\/produit\\\/le-bouledogue-francais-par-bugatti\\\/#primaryimage\"},\"thumbnailUrl\":\"https:\\\/\\\/museal.com\\\/wp-content\\\/uploads\\\/2022\\\/01\\\/bouledog-1.jpeg\",\"datePublished\":\"2022-01-21T10:34:40+00:00\",\"dateModified\":\"2025-06-26T10:07:27+00:00\",\"description\":\"Bronze d\u2019art coul\u00e9 \u00e0 la cire perdue, num\u00e9rot\u00e9 de 1 \u00e0 50\\\/50. La patine brune aux reflets verts est particuli\u00e8rement soign\u00e9e.\",\"breadcrumb\":{\"@id\":\"https:\\\/\\\/museal.com\\\/fr\\\/produit\\\/le-bouledogue-francais-par-bugatti\\\/#breadcrumb\"},\"inLanguage\":\"fr-FR\",\"potentialAction\":[{\"@type\":\"ReadAction\",\"target\":[\"https:\\\/\\\/museal.com\\\/fr\\\/produit\\\/le-bouledogue-francais-par-bugatti\\\/\"]}]},{\"@type\":\"ImageObject\",\"inLanguage\":\"fr-FR\",\"@id\":\"https:\\\/\\\/museal.com\\\/fr\\\/produit\\\/le-bouledogue-francais-par-bugatti\\\/#primaryimage\",\"url\":\"https:\\\/\\\/museal.com\\\/wp-content\\\/uploads\\\/2022\\\/01\\\/bouledog-1.jpeg\",\"contentUrl\":\"https:\\\/\\\/museal.com\\\/wp-content\\\/uploads\\\/2022\\\/01\\\/bouledog-1.jpeg\",\"width\":1500,\"height\":2000},{\"@type\":\"BreadcrumbList\",\"@id\":\"https:\\\/\\\/museal.com\\\/fr\\\/produit\\\/le-bouledogue-francais-par-bugatti\\\/#breadcrumb\",\"itemListElement\":[{\"@type\":\"ListItem\",\"position\":1,\"name\":\"Accueil\",\"item\":\"https:\\\/\\\/museal.com\\\/fr\\\/\"},{\"@type\":\"ListItem\",\"position\":2,\"name\":\"Boutique\",\"item\":\"https:\\\/\\\/museal.com\\\/fr\\\/boutique\\\/\"},{\"@type\":\"ListItem\",\"position\":3,\"name\":\"Le &#8220;Bouledogue Fran\u00e7ais&#8221;, par Rembrandt Bugatti\"}]},{\"@type\":\"WebSite\",\"@id\":\"https:\\\/\\\/museal.com\\\/fr\\\/#website\",\"url\":\"https:\\\/\\\/museal.com\\\/fr\\\/\",\"name\":\"Museal Editions\",\"description\":\"Objets d&#039;art et de d\u00e9coration inspir\u00e9s du Patrimoine luxembourgeois\",\"publisher\":{\"@id\":\"https:\\\/\\\/museal.com\\\/fr\\\/#organization\"},\"potentialAction\":[{\"@type\":\"SearchAction\",\"target\":{\"@type\":\"EntryPoint\",\"urlTemplate\":\"https:\\\/\\\/museal.com\\\/fr\\\/?s={search_term_string}\"},\"query-input\":{\"@type\":\"PropertyValueSpecification\",\"valueRequired\":true,\"valueName\":\"search_term_string\"}}],\"inLanguage\":\"fr-FR\"},{\"@type\":\"Organization\",\"@id\":\"https:\\\/\\\/museal.com\\\/fr\\\/#organization\",\"name\":\"Museal Editions\",\"url\":\"https:\\\/\\\/museal.com\\\/fr\\\/\",\"logo\":{\"@type\":\"ImageObject\",\"inLanguage\":\"fr-FR\",\"@id\":\"https:\\\/\\\/museal.com\\\/fr\\\/#\\\/schema\\\/logo\\\/image\\\/\",\"url\":\"https:\\\/\\\/museal.com\\\/wp-content\\\/uploads\\\/2021\\\/05\\\/logo-e1621950424453.jpg\",\"contentUrl\":\"https:\\\/\\\/museal.com\\\/wp-content\\\/uploads\\\/2021\\\/05\\\/logo-e1621950424453.jpg\",\"width\":732,\"height\":574,\"caption\":\"Museal Editions\"},\"image\":{\"@id\":\"https:\\\/\\\/museal.com\\\/fr\\\/#\\\/schema\\\/logo\\\/image\\\/\"}}]}<\/script>\n<!-- \/ Yoast SEO plugin. -->","yoast_head_json":{"title":"Le \"Bouledogue Fran\u00e7ais\", par Rembrandt Bugatti - Museal Editions","description":"Bronze d\u2019art coul\u00e9 \u00e0 la cire perdue, num\u00e9rot\u00e9 de 1 \u00e0 50\/50. La patine brune aux reflets verts est particuli\u00e8rement soign\u00e9e.","robots":{"index":"index","follow":"follow","max-snippet":"max-snippet:-1","max-image-preview":"max-image-preview:large","max-video-preview":"max-video-preview:-1"},"canonical":"https:\/\/museal.com\/fr\/produit\/le-bouledogue-francais-par-bugatti\/","og_locale":"fr_FR","og_type":"article","og_title":"Le \"Bouledogue Fran\u00e7ais\", par Rembrandt Bugatti - Museal Editions","og_description":"Bronze d\u2019art coul\u00e9 \u00e0 la cire perdue, num\u00e9rot\u00e9 de 1 \u00e0 50\/50. La patine brune aux reflets verts est particuli\u00e8rement soign\u00e9e.","og_url":"https:\/\/museal.com\/fr\/produit\/le-bouledogue-francais-par-bugatti\/","og_site_name":"Museal Editions","article_modified_time":"2025-06-26T10:07:27+00:00","og_image":[{"width":1500,"height":2000,"url":"https:\/\/museal.com\/wp-content\/uploads\/2022\/01\/bouledog-1.jpeg","type":"image\/jpeg"}],"twitter_card":"summary_large_image","schema":{"@context":"https:\/\/schema.org","@graph":[{"@type":"WebPage","@id":"https:\/\/museal.com\/fr\/produit\/le-bouledogue-francais-par-bugatti\/","url":"https:\/\/museal.com\/fr\/produit\/le-bouledogue-francais-par-bugatti\/","name":"Le \"Bouledogue Fran\u00e7ais\", par Rembrandt Bugatti - Museal Editions","isPartOf":{"@id":"https:\/\/museal.com\/fr\/#website"},"primaryImageOfPage":{"@id":"https:\/\/museal.com\/fr\/produit\/le-bouledogue-francais-par-bugatti\/#primaryimage"},"image":{"@id":"https:\/\/museal.com\/fr\/produit\/le-bouledogue-francais-par-bugatti\/#primaryimage"},"thumbnailUrl":"https:\/\/museal.com\/wp-content\/uploads\/2022\/01\/bouledog-1.jpeg","datePublished":"2022-01-21T10:34:40+00:00","dateModified":"2025-06-26T10:07:27+00:00","description":"Bronze d\u2019art coul\u00e9 \u00e0 la cire perdue, num\u00e9rot\u00e9 de 1 \u00e0 50\/50. La patine brune aux reflets verts est particuli\u00e8rement soign\u00e9e.","breadcrumb":{"@id":"https:\/\/museal.com\/fr\/produit\/le-bouledogue-francais-par-bugatti\/#breadcrumb"},"inLanguage":"fr-FR","potentialAction":[{"@type":"ReadAction","target":["https:\/\/museal.com\/fr\/produit\/le-bouledogue-francais-par-bugatti\/"]}]},{"@type":"ImageObject","inLanguage":"fr-FR","@id":"https:\/\/museal.com\/fr\/produit\/le-bouledogue-francais-par-bugatti\/#primaryimage","url":"https:\/\/museal.com\/wp-content\/uploads\/2022\/01\/bouledog-1.jpeg","contentUrl":"https:\/\/museal.com\/wp-content\/uploads\/2022\/01\/bouledog-1.jpeg","width":1500,"height":2000},{"@type":"BreadcrumbList","@id":"https:\/\/museal.com\/fr\/produit\/le-bouledogue-francais-par-bugatti\/#breadcrumb","itemListElement":[{"@type":"ListItem","position":1,"name":"Accueil","item":"https:\/\/museal.com\/fr\/"},{"@type":"ListItem","position":2,"name":"Boutique","item":"https:\/\/museal.com\/fr\/boutique\/"},{"@type":"ListItem","position":3,"name":"Le &#8220;Bouledogue Fran\u00e7ais&#8221;, par Rembrandt Bugatti"}]},{"@type":"WebSite","@id":"https:\/\/museal.com\/fr\/#website","url":"https:\/\/museal.com\/fr\/","name":"Museal Editions","description":"Objets d&#039;art et de d\u00e9coration inspir\u00e9s du Patrimoine luxembourgeois","publisher":{"@id":"https:\/\/museal.com\/fr\/#organization"},"potentialAction":[{"@type":"SearchAction","target":{"@type":"EntryPoint","urlTemplate":"https:\/\/museal.com\/fr\/?s={search_term_string}"},"query-input":{"@type":"PropertyValueSpecification","valueRequired":true,"valueName":"search_term_string"}}],"inLanguage":"fr-FR"},{"@type":"Organization","@id":"https:\/\/museal.com\/fr\/#organization","name":"Museal Editions","url":"https:\/\/museal.com\/fr\/","logo":{"@type":"ImageObject","inLanguage":"fr-FR","@id":"https:\/\/museal.com\/fr\/#\/schema\/logo\/image\/","url":"https:\/\/museal.com\/wp-content\/uploads\/2021\/05\/logo-e1621950424453.jpg","contentUrl":"https:\/\/museal.com\/wp-content\/uploads\/2021\/05\/logo-e1621950424453.jpg","width":732,"height":574,"caption":"Museal Editions"},"image":{"@id":"https:\/\/museal.com\/fr\/#\/schema\/logo\/image\/"}}]}},"_links":{"self":[{"href":"https:\/\/museal.com\/fr\/wp-json\/wp\/v2\/product\/12579","targetHints":{"allow":["GET"]}}],"collection":[{"href":"https:\/\/museal.com\/fr\/wp-json\/wp\/v2\/product"}],"about":[{"href":"https:\/\/museal.com\/fr\/wp-json\/wp\/v2\/types\/product"}],"wp:featuredmedia":[{"embeddable":true,"href":"https:\/\/museal.com\/fr\/wp-json\/wp\/v2\/media\/13653"}],"wp:attachment":[{"href":"https:\/\/museal.com\/fr\/wp-json\/wp\/v2\/media?parent=12579"}],"wp:term":[{"taxonomy":"product_brand","embeddable":true,"href":"https:\/\/museal.com\/fr\/wp-json\/wp\/v2\/product_brand?post=12579"},{"taxonomy":"product_cat","embeddable":true,"href":"https:\/\/museal.com\/fr\/wp-json\/wp\/v2\/product_cat?post=12579"},{"taxonomy":"product_tag","embeddable":true,"href":"https:\/\/museal.com\/fr\/wp-json\/wp\/v2\/product_tag?post=12579"}],"curies":[{"name":"wp","href":"https:\/\/api.w.org\/{rel}","templated":true}]}}