{"id":12587,"date":"2022-01-21T11:45:13","date_gmt":"2022-01-21T10:45:13","guid":{"rendered":"https:\/\/shop.museal.com\/?post_type=product&#038;p=12587"},"modified":"2026-01-28T10:05:14","modified_gmt":"2026-01-28T09:05:14","slug":"la-panthere-marchant-de-bugatti","status":"publish","type":"product","link":"https:\/\/museal.com\/fr\/produit\/la-panthere-marchant-de-bugatti\/","title":{"rendered":"La Panth\u00e8re Marchant de Bugatti"},"content":{"rendered":"<p>N\u00e9 dans une famille d&#8217;artistes \u00e0 Milan en 1884, Rembrandt Bugatti s&#8217;installe \u00e0 Paris avec ses parents en 1904. Il fr\u00e9quente assid\u00fbment le jardin des Plantes o\u00f9 il fait la connaissance du c\u00e9l\u00e8bre fondeur et galeriste H\u00e9brard, qui lui fait signer imm\u00e9diatement un contrat d&#8217;\u00e9dition exclusive. D\u00e8s 1905, il expose ses oeuvres au Salon d&#8217;Automne du Grand Palais \u00e0 Paris et fr\u00e9quente les plus grands artistes de l&#8217;\u00e9poque, tels Modigliani, Picasso, Derain ou Apollinaire. A l&#8217;invitation de la Soci\u00e9t\u00e9 Royale de Zoologie, il s&#8217;installe en 1907 \u00e0 Anvers, o\u00f9 il s\u00e9journera jusqu&#8217;en 1914, en exposant r\u00e9guli\u00e8rement \u00e0 Bruxelles et \u00e0 Li\u00e8ge.<\/p>\n<p>Cette &#8220;Panth\u00e8re marchant&#8221; est l&#8217;une de ses oeuvres les plus c\u00e9l\u00e8bres, typique de son style vif et tranch\u00e9, particuli\u00e8rement mis en valeur sur ce f\u00e9lin en mouvement. V\u00e9ritable r\u00e9volution esth\u00e9tique au sortir du tr\u00e8s classique XIX\u00b0 si\u00e8cle, les traces du modelage restent visibles, s&#8217;\u00e9loignent du naturalisme et saisissent pourtant toute la v\u00e9rit\u00e9 de l&#8217;animal en marche, dans une stylisation proche de celle des grands peintres impressionnistes de son temps. La fonte originale a \u00e9t\u00e9 coul\u00e9e par la foBronze d&#8217;art coul\u00e9 \u00e0 la cire perdue, avec une patine brune aux tons chauds de cuir comportant la signature &#8220;Bugatti&#8221; sur la terrasse.<\/p>\n","protected":false},"excerpt":{"rendered":"<p>Bronze d&#8217;art coul\u00e9 \u00e0 la cire perdue, avec une patine brune aux tons chauds de cuir comportant la signature &#8220;Bugatti&#8221; sur la terrasse. Edition limit\u00e9e \u00e0 100 exemplaires num\u00e9rot\u00e9s de 1 \u00e0 100\/100.<\/p>\n<p>Dimensions: hauteur 25 cm, longueur 58 cm, largeur 20 cm. Poids: 12kg. Livr\u00e9 avec un certificat d&#8217;authenticit\u00e9.<\/p>\n","protected":false},"featured_media":13651,"template":"","meta":[],"product_brand":[],"product_cat":[143,89],"product_tag":[],"class_list":{"0":"post-12587","1":"product","2":"type-product","3":"status-publish","4":"has-post-thumbnail","6":"product_cat-bronzes-animaliers","7":"product_cat-sculptures-et-bronzes-d-art","9":"first","10":"outofstock","11":"taxable","12":"shipping-taxable","13":"purchasable","14":"product-type-simple"},"yoast_head":"<!-- This site is optimized with the Yoast SEO plugin v27.3 - https:\/\/yoast.com\/product\/yoast-seo-wordpress\/ -->\n<title>La Panth\u00e8re Marchant de Bugatti - Museal Editions<\/title>\n<meta name=\"description\" content=\"Bronze d&#039;art coul\u00e9 \u00e0 la cire perdue, avec une patine brune aux tons chauds de cuir comportant la signature &quot;Bugatti&quot; sur la terrasse.\" \/>\n<meta name=\"robots\" content=\"index, follow, max-snippet:-1, max-image-preview:large, max-video-preview:-1\" \/>\n<link rel=\"canonical\" href=\"https:\/\/museal.com\/fr\/produit\/la-panthere-marchant-de-bugatti\/\" \/>\n<meta property=\"og:locale\" content=\"fr_FR\" \/>\n<meta property=\"og:type\" content=\"article\" \/>\n<meta property=\"og:title\" content=\"La Panth\u00e8re Marchant de Bugatti - Museal Editions\" \/>\n<meta property=\"og:description\" content=\"Bronze d&#039;art coul\u00e9 \u00e0 la cire perdue, avec une patine brune aux tons chauds de cuir comportant la signature &quot;Bugatti&quot; sur la terrasse.\" \/>\n<meta property=\"og:url\" content=\"https:\/\/museal.com\/fr\/produit\/la-panthere-marchant-de-bugatti\/\" \/>\n<meta property=\"og:site_name\" content=\"Museal Editions\" \/>\n<meta property=\"article:modified_time\" content=\"2026-01-28T09:05:14+00:00\" \/>\n<meta property=\"og:image\" content=\"https:\/\/museal.com\/wp-content\/uploads\/2022\/01\/panthere-1.png\" \/>\n\t<meta property=\"og:image:width\" content=\"1500\" \/>\n\t<meta property=\"og:image:height\" content=\"2000\" \/>\n\t<meta property=\"og:image:type\" content=\"image\/png\" \/>\n<meta name=\"twitter:card\" content=\"summary_large_image\" \/>\n<script type=\"application\/ld+json\" class=\"yoast-schema-graph\">{\"@context\":\"https:\\\/\\\/schema.org\",\"@graph\":[{\"@type\":\"WebPage\",\"@id\":\"https:\\\/\\\/museal.com\\\/fr\\\/produit\\\/la-panthere-marchant-de-bugatti\\\/\",\"url\":\"https:\\\/\\\/museal.com\\\/fr\\\/produit\\\/la-panthere-marchant-de-bugatti\\\/\",\"name\":\"La Panth\u00e8re Marchant de Bugatti - Museal Editions\",\"isPartOf\":{\"@id\":\"https:\\\/\\\/museal.com\\\/fr\\\/#website\"},\"primaryImageOfPage\":{\"@id\":\"https:\\\/\\\/museal.com\\\/fr\\\/produit\\\/la-panthere-marchant-de-bugatti\\\/#primaryimage\"},\"image\":{\"@id\":\"https:\\\/\\\/museal.com\\\/fr\\\/produit\\\/la-panthere-marchant-de-bugatti\\\/#primaryimage\"},\"thumbnailUrl\":\"https:\\\/\\\/museal.com\\\/wp-content\\\/uploads\\\/2022\\\/01\\\/panthere-1.png\",\"datePublished\":\"2022-01-21T10:45:13+00:00\",\"dateModified\":\"2026-01-28T09:05:14+00:00\",\"description\":\"Bronze d'art coul\u00e9 \u00e0 la cire perdue, avec une patine brune aux tons chauds de cuir comportant la signature \\\"Bugatti\\\" sur la terrasse.\",\"breadcrumb\":{\"@id\":\"https:\\\/\\\/museal.com\\\/fr\\\/produit\\\/la-panthere-marchant-de-bugatti\\\/#breadcrumb\"},\"inLanguage\":\"fr-FR\",\"potentialAction\":[{\"@type\":\"ReadAction\",\"target\":[\"https:\\\/\\\/museal.com\\\/fr\\\/produit\\\/la-panthere-marchant-de-bugatti\\\/\"]}]},{\"@type\":\"ImageObject\",\"inLanguage\":\"fr-FR\",\"@id\":\"https:\\\/\\\/museal.com\\\/fr\\\/produit\\\/la-panthere-marchant-de-bugatti\\\/#primaryimage\",\"url\":\"https:\\\/\\\/museal.com\\\/wp-content\\\/uploads\\\/2022\\\/01\\\/panthere-1.png\",\"contentUrl\":\"https:\\\/\\\/museal.com\\\/wp-content\\\/uploads\\\/2022\\\/01\\\/panthere-1.png\",\"width\":1500,\"height\":2000},{\"@type\":\"BreadcrumbList\",\"@id\":\"https:\\\/\\\/museal.com\\\/fr\\\/produit\\\/la-panthere-marchant-de-bugatti\\\/#breadcrumb\",\"itemListElement\":[{\"@type\":\"ListItem\",\"position\":1,\"name\":\"Accueil\",\"item\":\"https:\\\/\\\/museal.com\\\/fr\\\/\"},{\"@type\":\"ListItem\",\"position\":2,\"name\":\"Boutique\",\"item\":\"https:\\\/\\\/museal.com\\\/fr\\\/boutique\\\/\"},{\"@type\":\"ListItem\",\"position\":3,\"name\":\"La Panth\u00e8re Marchant de Bugatti\"}]},{\"@type\":\"WebSite\",\"@id\":\"https:\\\/\\\/museal.com\\\/fr\\\/#website\",\"url\":\"https:\\\/\\\/museal.com\\\/fr\\\/\",\"name\":\"Museal Editions\",\"description\":\"Objets d&#039;art et de d\u00e9coration inspir\u00e9s du Patrimoine luxembourgeois\",\"publisher\":{\"@id\":\"https:\\\/\\\/museal.com\\\/fr\\\/#organization\"},\"potentialAction\":[{\"@type\":\"SearchAction\",\"target\":{\"@type\":\"EntryPoint\",\"urlTemplate\":\"https:\\\/\\\/museal.com\\\/fr\\\/?s={search_term_string}\"},\"query-input\":{\"@type\":\"PropertyValueSpecification\",\"valueRequired\":true,\"valueName\":\"search_term_string\"}}],\"inLanguage\":\"fr-FR\"},{\"@type\":\"Organization\",\"@id\":\"https:\\\/\\\/museal.com\\\/fr\\\/#organization\",\"name\":\"Museal Editions\",\"url\":\"https:\\\/\\\/museal.com\\\/fr\\\/\",\"logo\":{\"@type\":\"ImageObject\",\"inLanguage\":\"fr-FR\",\"@id\":\"https:\\\/\\\/museal.com\\\/fr\\\/#\\\/schema\\\/logo\\\/image\\\/\",\"url\":\"https:\\\/\\\/museal.com\\\/wp-content\\\/uploads\\\/2021\\\/05\\\/logo-e1621950424453.jpg\",\"contentUrl\":\"https:\\\/\\\/museal.com\\\/wp-content\\\/uploads\\\/2021\\\/05\\\/logo-e1621950424453.jpg\",\"width\":732,\"height\":574,\"caption\":\"Museal Editions\"},\"image\":{\"@id\":\"https:\\\/\\\/museal.com\\\/fr\\\/#\\\/schema\\\/logo\\\/image\\\/\"}}]}<\/script>\n<!-- \/ Yoast SEO plugin. -->","yoast_head_json":{"title":"La Panth\u00e8re Marchant de Bugatti - Museal Editions","description":"Bronze d'art coul\u00e9 \u00e0 la cire perdue, avec une patine brune aux tons chauds de cuir comportant la signature \"Bugatti\" sur la terrasse.","robots":{"index":"index","follow":"follow","max-snippet":"max-snippet:-1","max-image-preview":"max-image-preview:large","max-video-preview":"max-video-preview:-1"},"canonical":"https:\/\/museal.com\/fr\/produit\/la-panthere-marchant-de-bugatti\/","og_locale":"fr_FR","og_type":"article","og_title":"La Panth\u00e8re Marchant de Bugatti - Museal Editions","og_description":"Bronze d'art coul\u00e9 \u00e0 la cire perdue, avec une patine brune aux tons chauds de cuir comportant la signature \"Bugatti\" sur la terrasse.","og_url":"https:\/\/museal.com\/fr\/produit\/la-panthere-marchant-de-bugatti\/","og_site_name":"Museal Editions","article_modified_time":"2026-01-28T09:05:14+00:00","og_image":[{"width":1500,"height":2000,"url":"https:\/\/museal.com\/wp-content\/uploads\/2022\/01\/panthere-1.png","type":"image\/png"}],"twitter_card":"summary_large_image","schema":{"@context":"https:\/\/schema.org","@graph":[{"@type":"WebPage","@id":"https:\/\/museal.com\/fr\/produit\/la-panthere-marchant-de-bugatti\/","url":"https:\/\/museal.com\/fr\/produit\/la-panthere-marchant-de-bugatti\/","name":"La Panth\u00e8re Marchant de Bugatti - Museal Editions","isPartOf":{"@id":"https:\/\/museal.com\/fr\/#website"},"primaryImageOfPage":{"@id":"https:\/\/museal.com\/fr\/produit\/la-panthere-marchant-de-bugatti\/#primaryimage"},"image":{"@id":"https:\/\/museal.com\/fr\/produit\/la-panthere-marchant-de-bugatti\/#primaryimage"},"thumbnailUrl":"https:\/\/museal.com\/wp-content\/uploads\/2022\/01\/panthere-1.png","datePublished":"2022-01-21T10:45:13+00:00","dateModified":"2026-01-28T09:05:14+00:00","description":"Bronze d'art coul\u00e9 \u00e0 la cire perdue, avec une patine brune aux tons chauds de cuir comportant la signature \"Bugatti\" sur la terrasse.","breadcrumb":{"@id":"https:\/\/museal.com\/fr\/produit\/la-panthere-marchant-de-bugatti\/#breadcrumb"},"inLanguage":"fr-FR","potentialAction":[{"@type":"ReadAction","target":["https:\/\/museal.com\/fr\/produit\/la-panthere-marchant-de-bugatti\/"]}]},{"@type":"ImageObject","inLanguage":"fr-FR","@id":"https:\/\/museal.com\/fr\/produit\/la-panthere-marchant-de-bugatti\/#primaryimage","url":"https:\/\/museal.com\/wp-content\/uploads\/2022\/01\/panthere-1.png","contentUrl":"https:\/\/museal.com\/wp-content\/uploads\/2022\/01\/panthere-1.png","width":1500,"height":2000},{"@type":"BreadcrumbList","@id":"https:\/\/museal.com\/fr\/produit\/la-panthere-marchant-de-bugatti\/#breadcrumb","itemListElement":[{"@type":"ListItem","position":1,"name":"Accueil","item":"https:\/\/museal.com\/fr\/"},{"@type":"ListItem","position":2,"name":"Boutique","item":"https:\/\/museal.com\/fr\/boutique\/"},{"@type":"ListItem","position":3,"name":"La Panth\u00e8re Marchant de Bugatti"}]},{"@type":"WebSite","@id":"https:\/\/museal.com\/fr\/#website","url":"https:\/\/museal.com\/fr\/","name":"Museal Editions","description":"Objets d&#039;art et de d\u00e9coration inspir\u00e9s du Patrimoine luxembourgeois","publisher":{"@id":"https:\/\/museal.com\/fr\/#organization"},"potentialAction":[{"@type":"SearchAction","target":{"@type":"EntryPoint","urlTemplate":"https:\/\/museal.com\/fr\/?s={search_term_string}"},"query-input":{"@type":"PropertyValueSpecification","valueRequired":true,"valueName":"search_term_string"}}],"inLanguage":"fr-FR"},{"@type":"Organization","@id":"https:\/\/museal.com\/fr\/#organization","name":"Museal Editions","url":"https:\/\/museal.com\/fr\/","logo":{"@type":"ImageObject","inLanguage":"fr-FR","@id":"https:\/\/museal.com\/fr\/#\/schema\/logo\/image\/","url":"https:\/\/museal.com\/wp-content\/uploads\/2021\/05\/logo-e1621950424453.jpg","contentUrl":"https:\/\/museal.com\/wp-content\/uploads\/2021\/05\/logo-e1621950424453.jpg","width":732,"height":574,"caption":"Museal Editions"},"image":{"@id":"https:\/\/museal.com\/fr\/#\/schema\/logo\/image\/"}}]}},"_links":{"self":[{"href":"https:\/\/museal.com\/fr\/wp-json\/wp\/v2\/product\/12587","targetHints":{"allow":["GET"]}}],"collection":[{"href":"https:\/\/museal.com\/fr\/wp-json\/wp\/v2\/product"}],"about":[{"href":"https:\/\/museal.com\/fr\/wp-json\/wp\/v2\/types\/product"}],"wp:featuredmedia":[{"embeddable":true,"href":"https:\/\/museal.com\/fr\/wp-json\/wp\/v2\/media\/13651"}],"wp:attachment":[{"href":"https:\/\/museal.com\/fr\/wp-json\/wp\/v2\/media?parent=12587"}],"wp:term":[{"taxonomy":"product_brand","embeddable":true,"href":"https:\/\/museal.com\/fr\/wp-json\/wp\/v2\/product_brand?post=12587"},{"taxonomy":"product_cat","embeddable":true,"href":"https:\/\/museal.com\/fr\/wp-json\/wp\/v2\/product_cat?post=12587"},{"taxonomy":"product_tag","embeddable":true,"href":"https:\/\/museal.com\/fr\/wp-json\/wp\/v2\/product_tag?post=12587"}],"curies":[{"name":"wp","href":"https:\/\/api.w.org\/{rel}","templated":true}]}}