{"id":12617,"date":"2022-01-21T11:58:34","date_gmt":"2022-01-21T10:58:34","guid":{"rendered":"https:\/\/shop.museal.com\/?post_type=product&#038;p=12617"},"modified":"2025-06-26T12:02:46","modified_gmt":"2025-06-26T10:02:46","slug":"couple-de-levriers","status":"publish","type":"product","link":"https:\/\/museal.com\/fr\/produit\/couple-de-levriers\/","title":{"rendered":"Couple de l\u00e9vriers"},"content":{"rendered":"<p>Emmanuel Fr\u00e9miet (1824-1910) est reconnu comme l\u2019un des meilleurs sculpteurs animaliers du XIX\u00b0 si\u00e8cle, aux c\u00f4t\u00e9s de Valton ou de Barye, \u00e0 qui il a d\u2019ailleurs succ\u00e9d\u00e9 comme professeur de dessin \u00e0 la grande m\u00e9nagerie du jardin des Plantes \u00e0 Paris. Neveu et El\u00e8ve de Fran\u00e7ois Rude, il a \u00e9t\u00e9 honor\u00e9 de nombreuses commandes publiques d\u2019\u0153uvres monumentales, telle la statue \u00e9questre de Jeanne d\u2019Arc place des Pyramides ou les sculptures du pont Alexandre III \u00e0 Paris. Sa notori\u00e9t\u00e9 est li\u00e9e essentiellement \u00e0 la pr\u00e9cision dans le rendu des d\u00e9tails dont il fait preuve dans les sujets animaliers qui l\u2019inspirent : chat, chien, cheval, grenouille \u2026 Ses \u0153uvres sont expos\u00e9es aujourd\u2019hui dans les plus grands mus\u00e9es du monde, et notamment au Mus\u00e9e du Louvre et au Mus\u00e9e d\u2019Orsay.<\/p>\n","protected":false},"excerpt":{"rendered":"<p>Nouvelle \u00e9dition en bronze d\u2019art \u00e0 patine brune, sign\u00e9e &#8220;Fr\u00e9miet&#8221; sur la terrasse. Les \u0153uvres sont num\u00e9rot\u00e9es de 1 \u00e0 50\/50. Livr\u00e9e avec un certificat d\u2019authenticit\u00e9.<\/p>\n<p>Taille : Hauteur 23 cm, Longueur 36 cm, Largeur 15 cm. Poids 6.6 kg.<\/p>\n","protected":false},"featured_media":13640,"template":"","meta":[],"product_brand":[],"product_cat":[143,89],"product_tag":[],"class_list":{"0":"post-12617","1":"product","2":"type-product","3":"status-publish","4":"has-post-thumbnail","6":"product_cat-bronzes-animaliers","7":"product_cat-sculptures-et-bronzes-d-art","9":"first","10":"instock","11":"taxable","12":"shipping-taxable","13":"purchasable","14":"product-type-simple"},"yoast_head":"<!-- This site is optimized with the Yoast SEO plugin v27.3 - https:\/\/yoast.com\/product\/yoast-seo-wordpress\/ -->\n<title>Couple de l\u00e9vriers - Museal Editions<\/title>\n<meta name=\"description\" content=\"Nouvelle \u00e9dition en bronze d\u2019art \u00e0 patine brune du Couple de l\u00e9vriers, sign\u00e9e &quot;Fr\u00e9miet&quot; sur la terrasse. Les \u0153uvres sont num\u00e9rot\u00e9es de 1 \u00e0 50\/50.\" \/>\n<meta name=\"robots\" content=\"index, follow, max-snippet:-1, max-image-preview:large, max-video-preview:-1\" \/>\n<link rel=\"canonical\" href=\"https:\/\/museal.com\/fr\/produit\/couple-de-levriers\/\" \/>\n<meta property=\"og:locale\" content=\"fr_FR\" \/>\n<meta property=\"og:type\" content=\"article\" \/>\n<meta property=\"og:title\" content=\"Couple de l\u00e9vriers - Museal Editions\" \/>\n<meta property=\"og:description\" content=\"Nouvelle \u00e9dition en bronze d\u2019art \u00e0 patine brune du Couple de l\u00e9vriers, sign\u00e9e &quot;Fr\u00e9miet&quot; sur la terrasse. Les \u0153uvres sont num\u00e9rot\u00e9es de 1 \u00e0 50\/50.\" \/>\n<meta property=\"og:url\" content=\"https:\/\/museal.com\/fr\/produit\/couple-de-levriers\/\" \/>\n<meta property=\"og:site_name\" content=\"Museal Editions\" \/>\n<meta property=\"article:modified_time\" content=\"2025-06-26T10:02:46+00:00\" \/>\n<meta property=\"og:image\" content=\"https:\/\/museal.com\/wp-content\/uploads\/2022\/01\/couple-de-levriers-Fremiet-3.jpg\" \/>\n\t<meta property=\"og:image:width\" content=\"1500\" \/>\n\t<meta property=\"og:image:height\" content=\"2000\" \/>\n\t<meta property=\"og:image:type\" content=\"image\/jpeg\" \/>\n<meta name=\"twitter:card\" content=\"summary_large_image\" \/>\n<script type=\"application\/ld+json\" class=\"yoast-schema-graph\">{\"@context\":\"https:\\\/\\\/schema.org\",\"@graph\":[{\"@type\":\"WebPage\",\"@id\":\"https:\\\/\\\/museal.com\\\/fr\\\/produit\\\/couple-de-levriers\\\/\",\"url\":\"https:\\\/\\\/museal.com\\\/fr\\\/produit\\\/couple-de-levriers\\\/\",\"name\":\"Couple de l\u00e9vriers - Museal Editions\",\"isPartOf\":{\"@id\":\"https:\\\/\\\/museal.com\\\/fr\\\/#website\"},\"primaryImageOfPage\":{\"@id\":\"https:\\\/\\\/museal.com\\\/fr\\\/produit\\\/couple-de-levriers\\\/#primaryimage\"},\"image\":{\"@id\":\"https:\\\/\\\/museal.com\\\/fr\\\/produit\\\/couple-de-levriers\\\/#primaryimage\"},\"thumbnailUrl\":\"https:\\\/\\\/museal.com\\\/wp-content\\\/uploads\\\/2022\\\/01\\\/couple-de-levriers-Fremiet-3.jpg\",\"datePublished\":\"2022-01-21T10:58:34+00:00\",\"dateModified\":\"2025-06-26T10:02:46+00:00\",\"description\":\"Nouvelle \u00e9dition en bronze d\u2019art \u00e0 patine brune du Couple de l\u00e9vriers, sign\u00e9e \\\"Fr\u00e9miet\\\" sur la terrasse. Les \u0153uvres sont num\u00e9rot\u00e9es de 1 \u00e0 50\\\/50.\",\"breadcrumb\":{\"@id\":\"https:\\\/\\\/museal.com\\\/fr\\\/produit\\\/couple-de-levriers\\\/#breadcrumb\"},\"inLanguage\":\"fr-FR\",\"potentialAction\":[{\"@type\":\"ReadAction\",\"target\":[\"https:\\\/\\\/museal.com\\\/fr\\\/produit\\\/couple-de-levriers\\\/\"]}]},{\"@type\":\"ImageObject\",\"inLanguage\":\"fr-FR\",\"@id\":\"https:\\\/\\\/museal.com\\\/fr\\\/produit\\\/couple-de-levriers\\\/#primaryimage\",\"url\":\"https:\\\/\\\/museal.com\\\/wp-content\\\/uploads\\\/2022\\\/01\\\/couple-de-levriers-Fremiet-3.jpg\",\"contentUrl\":\"https:\\\/\\\/museal.com\\\/wp-content\\\/uploads\\\/2022\\\/01\\\/couple-de-levriers-Fremiet-3.jpg\",\"width\":1500,\"height\":2000},{\"@type\":\"BreadcrumbList\",\"@id\":\"https:\\\/\\\/museal.com\\\/fr\\\/produit\\\/couple-de-levriers\\\/#breadcrumb\",\"itemListElement\":[{\"@type\":\"ListItem\",\"position\":1,\"name\":\"Accueil\",\"item\":\"https:\\\/\\\/museal.com\\\/fr\\\/\"},{\"@type\":\"ListItem\",\"position\":2,\"name\":\"Boutique\",\"item\":\"https:\\\/\\\/museal.com\\\/fr\\\/boutique\\\/\"},{\"@type\":\"ListItem\",\"position\":3,\"name\":\"Couple de l\u00e9vriers\"}]},{\"@type\":\"WebSite\",\"@id\":\"https:\\\/\\\/museal.com\\\/fr\\\/#website\",\"url\":\"https:\\\/\\\/museal.com\\\/fr\\\/\",\"name\":\"Museal Editions\",\"description\":\"Objets d&#039;art et de d\u00e9coration inspir\u00e9s du Patrimoine luxembourgeois\",\"publisher\":{\"@id\":\"https:\\\/\\\/museal.com\\\/fr\\\/#organization\"},\"potentialAction\":[{\"@type\":\"SearchAction\",\"target\":{\"@type\":\"EntryPoint\",\"urlTemplate\":\"https:\\\/\\\/museal.com\\\/fr\\\/?s={search_term_string}\"},\"query-input\":{\"@type\":\"PropertyValueSpecification\",\"valueRequired\":true,\"valueName\":\"search_term_string\"}}],\"inLanguage\":\"fr-FR\"},{\"@type\":\"Organization\",\"@id\":\"https:\\\/\\\/museal.com\\\/fr\\\/#organization\",\"name\":\"Museal Editions\",\"url\":\"https:\\\/\\\/museal.com\\\/fr\\\/\",\"logo\":{\"@type\":\"ImageObject\",\"inLanguage\":\"fr-FR\",\"@id\":\"https:\\\/\\\/museal.com\\\/fr\\\/#\\\/schema\\\/logo\\\/image\\\/\",\"url\":\"https:\\\/\\\/museal.com\\\/wp-content\\\/uploads\\\/2021\\\/05\\\/logo-e1621950424453.jpg\",\"contentUrl\":\"https:\\\/\\\/museal.com\\\/wp-content\\\/uploads\\\/2021\\\/05\\\/logo-e1621950424453.jpg\",\"width\":732,\"height\":574,\"caption\":\"Museal Editions\"},\"image\":{\"@id\":\"https:\\\/\\\/museal.com\\\/fr\\\/#\\\/schema\\\/logo\\\/image\\\/\"}}]}<\/script>\n<!-- \/ Yoast SEO plugin. -->","yoast_head_json":{"title":"Couple de l\u00e9vriers - Museal Editions","description":"Nouvelle \u00e9dition en bronze d\u2019art \u00e0 patine brune du Couple de l\u00e9vriers, sign\u00e9e \"Fr\u00e9miet\" sur la terrasse. Les \u0153uvres sont num\u00e9rot\u00e9es de 1 \u00e0 50\/50.","robots":{"index":"index","follow":"follow","max-snippet":"max-snippet:-1","max-image-preview":"max-image-preview:large","max-video-preview":"max-video-preview:-1"},"canonical":"https:\/\/museal.com\/fr\/produit\/couple-de-levriers\/","og_locale":"fr_FR","og_type":"article","og_title":"Couple de l\u00e9vriers - Museal Editions","og_description":"Nouvelle \u00e9dition en bronze d\u2019art \u00e0 patine brune du Couple de l\u00e9vriers, sign\u00e9e \"Fr\u00e9miet\" sur la terrasse. Les \u0153uvres sont num\u00e9rot\u00e9es de 1 \u00e0 50\/50.","og_url":"https:\/\/museal.com\/fr\/produit\/couple-de-levriers\/","og_site_name":"Museal Editions","article_modified_time":"2025-06-26T10:02:46+00:00","og_image":[{"width":1500,"height":2000,"url":"https:\/\/museal.com\/wp-content\/uploads\/2022\/01\/couple-de-levriers-Fremiet-3.jpg","type":"image\/jpeg"}],"twitter_card":"summary_large_image","schema":{"@context":"https:\/\/schema.org","@graph":[{"@type":"WebPage","@id":"https:\/\/museal.com\/fr\/produit\/couple-de-levriers\/","url":"https:\/\/museal.com\/fr\/produit\/couple-de-levriers\/","name":"Couple de l\u00e9vriers - Museal Editions","isPartOf":{"@id":"https:\/\/museal.com\/fr\/#website"},"primaryImageOfPage":{"@id":"https:\/\/museal.com\/fr\/produit\/couple-de-levriers\/#primaryimage"},"image":{"@id":"https:\/\/museal.com\/fr\/produit\/couple-de-levriers\/#primaryimage"},"thumbnailUrl":"https:\/\/museal.com\/wp-content\/uploads\/2022\/01\/couple-de-levriers-Fremiet-3.jpg","datePublished":"2022-01-21T10:58:34+00:00","dateModified":"2025-06-26T10:02:46+00:00","description":"Nouvelle \u00e9dition en bronze d\u2019art \u00e0 patine brune du Couple de l\u00e9vriers, sign\u00e9e \"Fr\u00e9miet\" sur la terrasse. Les \u0153uvres sont num\u00e9rot\u00e9es de 1 \u00e0 50\/50.","breadcrumb":{"@id":"https:\/\/museal.com\/fr\/produit\/couple-de-levriers\/#breadcrumb"},"inLanguage":"fr-FR","potentialAction":[{"@type":"ReadAction","target":["https:\/\/museal.com\/fr\/produit\/couple-de-levriers\/"]}]},{"@type":"ImageObject","inLanguage":"fr-FR","@id":"https:\/\/museal.com\/fr\/produit\/couple-de-levriers\/#primaryimage","url":"https:\/\/museal.com\/wp-content\/uploads\/2022\/01\/couple-de-levriers-Fremiet-3.jpg","contentUrl":"https:\/\/museal.com\/wp-content\/uploads\/2022\/01\/couple-de-levriers-Fremiet-3.jpg","width":1500,"height":2000},{"@type":"BreadcrumbList","@id":"https:\/\/museal.com\/fr\/produit\/couple-de-levriers\/#breadcrumb","itemListElement":[{"@type":"ListItem","position":1,"name":"Accueil","item":"https:\/\/museal.com\/fr\/"},{"@type":"ListItem","position":2,"name":"Boutique","item":"https:\/\/museal.com\/fr\/boutique\/"},{"@type":"ListItem","position":3,"name":"Couple de l\u00e9vriers"}]},{"@type":"WebSite","@id":"https:\/\/museal.com\/fr\/#website","url":"https:\/\/museal.com\/fr\/","name":"Museal Editions","description":"Objets d&#039;art et de d\u00e9coration inspir\u00e9s du Patrimoine luxembourgeois","publisher":{"@id":"https:\/\/museal.com\/fr\/#organization"},"potentialAction":[{"@type":"SearchAction","target":{"@type":"EntryPoint","urlTemplate":"https:\/\/museal.com\/fr\/?s={search_term_string}"},"query-input":{"@type":"PropertyValueSpecification","valueRequired":true,"valueName":"search_term_string"}}],"inLanguage":"fr-FR"},{"@type":"Organization","@id":"https:\/\/museal.com\/fr\/#organization","name":"Museal Editions","url":"https:\/\/museal.com\/fr\/","logo":{"@type":"ImageObject","inLanguage":"fr-FR","@id":"https:\/\/museal.com\/fr\/#\/schema\/logo\/image\/","url":"https:\/\/museal.com\/wp-content\/uploads\/2021\/05\/logo-e1621950424453.jpg","contentUrl":"https:\/\/museal.com\/wp-content\/uploads\/2021\/05\/logo-e1621950424453.jpg","width":732,"height":574,"caption":"Museal Editions"},"image":{"@id":"https:\/\/museal.com\/fr\/#\/schema\/logo\/image\/"}}]}},"_links":{"self":[{"href":"https:\/\/museal.com\/fr\/wp-json\/wp\/v2\/product\/12617","targetHints":{"allow":["GET"]}}],"collection":[{"href":"https:\/\/museal.com\/fr\/wp-json\/wp\/v2\/product"}],"about":[{"href":"https:\/\/museal.com\/fr\/wp-json\/wp\/v2\/types\/product"}],"wp:featuredmedia":[{"embeddable":true,"href":"https:\/\/museal.com\/fr\/wp-json\/wp\/v2\/media\/13640"}],"wp:attachment":[{"href":"https:\/\/museal.com\/fr\/wp-json\/wp\/v2\/media?parent=12617"}],"wp:term":[{"taxonomy":"product_brand","embeddable":true,"href":"https:\/\/museal.com\/fr\/wp-json\/wp\/v2\/product_brand?post=12617"},{"taxonomy":"product_cat","embeddable":true,"href":"https:\/\/museal.com\/fr\/wp-json\/wp\/v2\/product_cat?post=12617"},{"taxonomy":"product_tag","embeddable":true,"href":"https:\/\/museal.com\/fr\/wp-json\/wp\/v2\/product_tag?post=12617"}],"curies":[{"name":"wp","href":"https:\/\/api.w.org\/{rel}","templated":true}]}}