{"id":12625,"date":"2022-01-21T12:06:24","date_gmt":"2022-01-21T11:06:24","guid":{"rendered":"https:\/\/shop.museal.com\/?post_type=product&#038;p=12625"},"modified":"2025-06-26T12:02:27","modified_gmt":"2025-06-26T10:02:27","slug":"chien-dormant","status":"publish","type":"product","link":"https:\/\/museal.com\/fr\/produit\/chien-dormant\/","title":{"rendered":"Chien dormant"},"content":{"rendered":"<p>Ce petit bronze animalier du XIXe si\u00e8cle dans le style de Barye est une reproduction d&#8217;une fonte ancienne anonyme.<\/p>\n","protected":false},"excerpt":{"rendered":"<p>Bronze d&#8217;art animalier \u00e0 patine brune, dans le style de &#8220;Barye&#8221; est\u00a0 num\u00e9rot\u00e9e sur de 1 \u00e0 500\/ 500 exemplaires et\u00a0 accompagn\u00e9 d&#8217;un certificat d&#8217;authenticit\u00e9.<\/p>\n<p>Dimensions: 10x8x5cm, poids 500g<\/p>\n","protected":false},"featured_media":13638,"template":"","meta":[],"product_brand":[],"product_cat":[143,89],"product_tag":[],"class_list":{"0":"post-12625","1":"product","2":"type-product","3":"status-publish","4":"has-post-thumbnail","6":"product_cat-bronzes-animaliers","7":"product_cat-sculptures-et-bronzes-d-art","9":"first","10":"instock","11":"taxable","12":"shipping-taxable","13":"purchasable","14":"product-type-simple"},"yoast_head":"<!-- This site is optimized with the Yoast SEO plugin v27.3 - https:\/\/yoast.com\/product\/yoast-seo-wordpress\/ -->\n<title>Chien dormant - Museal Editions<\/title>\n<meta name=\"description\" content=\"Bronze d&#039;art\u00a0animalier \u00e0 patine brune, dans le style de &quot;Barye&quot; est\u00a0 num\u00e9rot\u00e9e sur de 1 \u00e0 500\/ 500 exemplaires et\u00a0 accompagn\u00e9 d&#039;un certificat d&#039;authenticit\u00e9.\" \/>\n<meta name=\"robots\" content=\"index, follow, max-snippet:-1, max-image-preview:large, max-video-preview:-1\" \/>\n<link rel=\"canonical\" href=\"https:\/\/museal.com\/fr\/produit\/chien-dormant\/\" \/>\n<meta property=\"og:locale\" content=\"fr_FR\" \/>\n<meta property=\"og:type\" content=\"article\" \/>\n<meta property=\"og:title\" content=\"Chien dormant - Museal Editions\" \/>\n<meta property=\"og:description\" content=\"Bronze d&#039;art\u00a0animalier \u00e0 patine brune, dans le style de &quot;Barye&quot; est\u00a0 num\u00e9rot\u00e9e sur de 1 \u00e0 500\/ 500 exemplaires et\u00a0 accompagn\u00e9 d&#039;un certificat d&#039;authenticit\u00e9.\" \/>\n<meta property=\"og:url\" content=\"https:\/\/museal.com\/fr\/produit\/chien-dormant\/\" \/>\n<meta property=\"og:site_name\" content=\"Museal Editions\" \/>\n<meta property=\"article:modified_time\" content=\"2025-06-26T10:02:27+00:00\" \/>\n<meta property=\"og:image\" content=\"https:\/\/museal.com\/wp-content\/uploads\/2022\/01\/chien-dormant-2-2.jpg\" \/>\n\t<meta property=\"og:image:width\" content=\"1500\" \/>\n\t<meta property=\"og:image:height\" content=\"2000\" \/>\n\t<meta property=\"og:image:type\" content=\"image\/jpeg\" \/>\n<meta name=\"twitter:card\" content=\"summary_large_image\" \/>\n<script type=\"application\/ld+json\" class=\"yoast-schema-graph\">{\"@context\":\"https:\\\/\\\/schema.org\",\"@graph\":[{\"@type\":\"WebPage\",\"@id\":\"https:\\\/\\\/museal.com\\\/fr\\\/produit\\\/chien-dormant\\\/\",\"url\":\"https:\\\/\\\/museal.com\\\/fr\\\/produit\\\/chien-dormant\\\/\",\"name\":\"Chien dormant - Museal Editions\",\"isPartOf\":{\"@id\":\"https:\\\/\\\/museal.com\\\/fr\\\/#website\"},\"primaryImageOfPage\":{\"@id\":\"https:\\\/\\\/museal.com\\\/fr\\\/produit\\\/chien-dormant\\\/#primaryimage\"},\"image\":{\"@id\":\"https:\\\/\\\/museal.com\\\/fr\\\/produit\\\/chien-dormant\\\/#primaryimage\"},\"thumbnailUrl\":\"https:\\\/\\\/museal.com\\\/wp-content\\\/uploads\\\/2022\\\/01\\\/chien-dormant-2-2.jpg\",\"datePublished\":\"2022-01-21T11:06:24+00:00\",\"dateModified\":\"2025-06-26T10:02:27+00:00\",\"description\":\"Bronze d'art\u00a0animalier \u00e0 patine brune, dans le style de \\\"Barye\\\" est\u00a0 num\u00e9rot\u00e9e sur de 1 \u00e0 500\\\/ 500 exemplaires et\u00a0 accompagn\u00e9 d'un certificat d'authenticit\u00e9.\",\"breadcrumb\":{\"@id\":\"https:\\\/\\\/museal.com\\\/fr\\\/produit\\\/chien-dormant\\\/#breadcrumb\"},\"inLanguage\":\"fr-FR\",\"potentialAction\":[{\"@type\":\"ReadAction\",\"target\":[\"https:\\\/\\\/museal.com\\\/fr\\\/produit\\\/chien-dormant\\\/\"]}]},{\"@type\":\"ImageObject\",\"inLanguage\":\"fr-FR\",\"@id\":\"https:\\\/\\\/museal.com\\\/fr\\\/produit\\\/chien-dormant\\\/#primaryimage\",\"url\":\"https:\\\/\\\/museal.com\\\/wp-content\\\/uploads\\\/2022\\\/01\\\/chien-dormant-2-2.jpg\",\"contentUrl\":\"https:\\\/\\\/museal.com\\\/wp-content\\\/uploads\\\/2022\\\/01\\\/chien-dormant-2-2.jpg\",\"width\":1500,\"height\":2000},{\"@type\":\"BreadcrumbList\",\"@id\":\"https:\\\/\\\/museal.com\\\/fr\\\/produit\\\/chien-dormant\\\/#breadcrumb\",\"itemListElement\":[{\"@type\":\"ListItem\",\"position\":1,\"name\":\"Accueil\",\"item\":\"https:\\\/\\\/museal.com\\\/fr\\\/\"},{\"@type\":\"ListItem\",\"position\":2,\"name\":\"Boutique\",\"item\":\"https:\\\/\\\/museal.com\\\/fr\\\/boutique\\\/\"},{\"@type\":\"ListItem\",\"position\":3,\"name\":\"Chien dormant\"}]},{\"@type\":\"WebSite\",\"@id\":\"https:\\\/\\\/museal.com\\\/fr\\\/#website\",\"url\":\"https:\\\/\\\/museal.com\\\/fr\\\/\",\"name\":\"Museal Editions\",\"description\":\"Objets d&#039;art et de d\u00e9coration inspir\u00e9s du Patrimoine luxembourgeois\",\"publisher\":{\"@id\":\"https:\\\/\\\/museal.com\\\/fr\\\/#organization\"},\"potentialAction\":[{\"@type\":\"SearchAction\",\"target\":{\"@type\":\"EntryPoint\",\"urlTemplate\":\"https:\\\/\\\/museal.com\\\/fr\\\/?s={search_term_string}\"},\"query-input\":{\"@type\":\"PropertyValueSpecification\",\"valueRequired\":true,\"valueName\":\"search_term_string\"}}],\"inLanguage\":\"fr-FR\"},{\"@type\":\"Organization\",\"@id\":\"https:\\\/\\\/museal.com\\\/fr\\\/#organization\",\"name\":\"Museal Editions\",\"url\":\"https:\\\/\\\/museal.com\\\/fr\\\/\",\"logo\":{\"@type\":\"ImageObject\",\"inLanguage\":\"fr-FR\",\"@id\":\"https:\\\/\\\/museal.com\\\/fr\\\/#\\\/schema\\\/logo\\\/image\\\/\",\"url\":\"https:\\\/\\\/museal.com\\\/wp-content\\\/uploads\\\/2021\\\/05\\\/logo-e1621950424453.jpg\",\"contentUrl\":\"https:\\\/\\\/museal.com\\\/wp-content\\\/uploads\\\/2021\\\/05\\\/logo-e1621950424453.jpg\",\"width\":732,\"height\":574,\"caption\":\"Museal Editions\"},\"image\":{\"@id\":\"https:\\\/\\\/museal.com\\\/fr\\\/#\\\/schema\\\/logo\\\/image\\\/\"}}]}<\/script>\n<!-- \/ Yoast SEO plugin. -->","yoast_head_json":{"title":"Chien dormant - Museal Editions","description":"Bronze d'art\u00a0animalier \u00e0 patine brune, dans le style de \"Barye\" est\u00a0 num\u00e9rot\u00e9e sur de 1 \u00e0 500\/ 500 exemplaires et\u00a0 accompagn\u00e9 d'un certificat d'authenticit\u00e9.","robots":{"index":"index","follow":"follow","max-snippet":"max-snippet:-1","max-image-preview":"max-image-preview:large","max-video-preview":"max-video-preview:-1"},"canonical":"https:\/\/museal.com\/fr\/produit\/chien-dormant\/","og_locale":"fr_FR","og_type":"article","og_title":"Chien dormant - Museal Editions","og_description":"Bronze d'art\u00a0animalier \u00e0 patine brune, dans le style de \"Barye\" est\u00a0 num\u00e9rot\u00e9e sur de 1 \u00e0 500\/ 500 exemplaires et\u00a0 accompagn\u00e9 d'un certificat d'authenticit\u00e9.","og_url":"https:\/\/museal.com\/fr\/produit\/chien-dormant\/","og_site_name":"Museal Editions","article_modified_time":"2025-06-26T10:02:27+00:00","og_image":[{"width":1500,"height":2000,"url":"https:\/\/museal.com\/wp-content\/uploads\/2022\/01\/chien-dormant-2-2.jpg","type":"image\/jpeg"}],"twitter_card":"summary_large_image","schema":{"@context":"https:\/\/schema.org","@graph":[{"@type":"WebPage","@id":"https:\/\/museal.com\/fr\/produit\/chien-dormant\/","url":"https:\/\/museal.com\/fr\/produit\/chien-dormant\/","name":"Chien dormant - Museal Editions","isPartOf":{"@id":"https:\/\/museal.com\/fr\/#website"},"primaryImageOfPage":{"@id":"https:\/\/museal.com\/fr\/produit\/chien-dormant\/#primaryimage"},"image":{"@id":"https:\/\/museal.com\/fr\/produit\/chien-dormant\/#primaryimage"},"thumbnailUrl":"https:\/\/museal.com\/wp-content\/uploads\/2022\/01\/chien-dormant-2-2.jpg","datePublished":"2022-01-21T11:06:24+00:00","dateModified":"2025-06-26T10:02:27+00:00","description":"Bronze d'art\u00a0animalier \u00e0 patine brune, dans le style de \"Barye\" est\u00a0 num\u00e9rot\u00e9e sur de 1 \u00e0 500\/ 500 exemplaires et\u00a0 accompagn\u00e9 d'un certificat d'authenticit\u00e9.","breadcrumb":{"@id":"https:\/\/museal.com\/fr\/produit\/chien-dormant\/#breadcrumb"},"inLanguage":"fr-FR","potentialAction":[{"@type":"ReadAction","target":["https:\/\/museal.com\/fr\/produit\/chien-dormant\/"]}]},{"@type":"ImageObject","inLanguage":"fr-FR","@id":"https:\/\/museal.com\/fr\/produit\/chien-dormant\/#primaryimage","url":"https:\/\/museal.com\/wp-content\/uploads\/2022\/01\/chien-dormant-2-2.jpg","contentUrl":"https:\/\/museal.com\/wp-content\/uploads\/2022\/01\/chien-dormant-2-2.jpg","width":1500,"height":2000},{"@type":"BreadcrumbList","@id":"https:\/\/museal.com\/fr\/produit\/chien-dormant\/#breadcrumb","itemListElement":[{"@type":"ListItem","position":1,"name":"Accueil","item":"https:\/\/museal.com\/fr\/"},{"@type":"ListItem","position":2,"name":"Boutique","item":"https:\/\/museal.com\/fr\/boutique\/"},{"@type":"ListItem","position":3,"name":"Chien dormant"}]},{"@type":"WebSite","@id":"https:\/\/museal.com\/fr\/#website","url":"https:\/\/museal.com\/fr\/","name":"Museal Editions","description":"Objets d&#039;art et de d\u00e9coration inspir\u00e9s du Patrimoine luxembourgeois","publisher":{"@id":"https:\/\/museal.com\/fr\/#organization"},"potentialAction":[{"@type":"SearchAction","target":{"@type":"EntryPoint","urlTemplate":"https:\/\/museal.com\/fr\/?s={search_term_string}"},"query-input":{"@type":"PropertyValueSpecification","valueRequired":true,"valueName":"search_term_string"}}],"inLanguage":"fr-FR"},{"@type":"Organization","@id":"https:\/\/museal.com\/fr\/#organization","name":"Museal Editions","url":"https:\/\/museal.com\/fr\/","logo":{"@type":"ImageObject","inLanguage":"fr-FR","@id":"https:\/\/museal.com\/fr\/#\/schema\/logo\/image\/","url":"https:\/\/museal.com\/wp-content\/uploads\/2021\/05\/logo-e1621950424453.jpg","contentUrl":"https:\/\/museal.com\/wp-content\/uploads\/2021\/05\/logo-e1621950424453.jpg","width":732,"height":574,"caption":"Museal Editions"},"image":{"@id":"https:\/\/museal.com\/fr\/#\/schema\/logo\/image\/"}}]}},"_links":{"self":[{"href":"https:\/\/museal.com\/fr\/wp-json\/wp\/v2\/product\/12625","targetHints":{"allow":["GET"]}}],"collection":[{"href":"https:\/\/museal.com\/fr\/wp-json\/wp\/v2\/product"}],"about":[{"href":"https:\/\/museal.com\/fr\/wp-json\/wp\/v2\/types\/product"}],"wp:featuredmedia":[{"embeddable":true,"href":"https:\/\/museal.com\/fr\/wp-json\/wp\/v2\/media\/13638"}],"wp:attachment":[{"href":"https:\/\/museal.com\/fr\/wp-json\/wp\/v2\/media?parent=12625"}],"wp:term":[{"taxonomy":"product_brand","embeddable":true,"href":"https:\/\/museal.com\/fr\/wp-json\/wp\/v2\/product_brand?post=12625"},{"taxonomy":"product_cat","embeddable":true,"href":"https:\/\/museal.com\/fr\/wp-json\/wp\/v2\/product_cat?post=12625"},{"taxonomy":"product_tag","embeddable":true,"href":"https:\/\/museal.com\/fr\/wp-json\/wp\/v2\/product_tag?post=12625"}],"curies":[{"name":"wp","href":"https:\/\/api.w.org\/{rel}","templated":true}]}}