{"id":12637,"date":"2022-01-21T12:11:38","date_gmt":"2022-01-21T11:11:38","guid":{"rendered":"https:\/\/shop.museal.com\/?post_type=product&#038;p=12637"},"modified":"2025-06-26T12:01:42","modified_gmt":"2025-06-26T10:01:42","slug":"marabout-de-francois-pompon","status":"publish","type":"product","link":"https:\/\/museal.com\/fr\/produit\/marabout-de-francois-pompon\/","title":{"rendered":"Marabout de Fran\u00e7ois Pompon"},"content":{"rendered":"<div>N\u00e9 en 1855 \u00e0 Saulieu dans la Bourgogne fran\u00e7aise, d\u2019un p\u00e8re \u00e9b\u00e9niste, Fran\u00e7ois Pompon apprend d\u00e8s l\u2019\u00e2ge de 15 ans les rudiments de la sculpture aupr\u00e8s d\u2019un marbrier \u00e0 Dijon, puis \u00e0 Paris, o\u00f9 il suit \u00e9galement les cours du soir de l\u2019Ecole Nationale des Arts D\u00e9coratifs.<\/div>\n<div>\u00a0Tout en cherchant son propre style, il devient, au tournant du si\u00e8cle, chef d\u2019atelier du grand Auguste Rodin, puis de Camille Claudel. En 1905, son choix de la simplification des formes devient d\u00e9finitif, ainsi que le lissage des surfaces, jusqu\u2019\u00e0 obtenir la cons\u00e9cration avec ses chefs d\u2019\u0153uvre, le \u00ab\u00a0Grand Ours Blanc\u00a0\u00bb et le \u00ab\u00a0Marabout\u00a0\u00bb, \u00a0pr\u00e9sent\u00e9s tous deux avec succ\u00e8s au Salon d\u2019Automne de 1922.<\/div>\n<div>\u00a0En 1931, Pompon forme le groupe des Douze, en \u00a0rassemblant des disciples comme Artus, Hilbert, Paul Jouve, ou encore Auguste Tr\u00e9mont. Lorsqu\u2019il meurt deux ans plus tard, il laisse derri\u00e8re lui une \u0153uvre totalement novatrice, qui aura fait entrer la sculpture animali\u00e8re dans l\u2019\u00e8re de la modernit\u00e9.<\/div>\n<div><\/div>\n<div>Une attention particuli\u00e8re a \u00e9t\u00e9 apport\u00e9e \u00e0 la patine verte et noire, comme le faisait Pompon en son temps lorsqu\u2019il effectuait lui-m\u00eame ciselure et patine chez ses deux fondeurs successifs, H\u00e9brard puis Valsuani, en d\u00e9veloppant une technique de mouchet\u00e9 japonisant, subtilement nuanc\u00e9 et riche en couleur.<\/div>\n","protected":false},"excerpt":{"rendered":"<p>Le Marabout en bronze d\u2019art est un agrandissement r\u00e9alis\u00e9 d\u2019apr\u00e8s l\u2019\u0153uvre originale de Pompon, datant de 1921. Celle-ci, donn\u00e9e \u00e0 l\u2019Etat fran\u00e7ais en 1933, est conserv\u00e9e aujourd\u2019hui au Mus\u00e9e d\u2019Orsay. Chacun des bronzes est num\u00e9rot\u00e9 de 1 \u00e0 100 sur\u00a0 100 exemplaires et porte le cachet Museal Editions. Livr\u00e9 avec un certificat d&#8217;authenticit\u00e9.<\/p>\n<p>Bronze d&#8217;art \u00e0 la cire perdue, patin\u00e9 \u00e0 chaud, taille 31x10x16cm, poids: 2 kg<\/p>\n","protected":false},"featured_media":13667,"template":"","meta":[],"product_brand":[],"product_cat":[143,89],"product_tag":[],"class_list":{"0":"post-12637","1":"product","2":"type-product","3":"status-publish","4":"has-post-thumbnail","6":"product_cat-bronzes-animaliers","7":"product_cat-sculptures-et-bronzes-d-art","9":"first","10":"instock","11":"taxable","12":"shipping-taxable","13":"purchasable","14":"product-type-simple"},"yoast_head":"<!-- This site is optimized with the Yoast SEO plugin v27.3 - https:\/\/yoast.com\/product\/yoast-seo-wordpress\/ -->\n<title>Marabout de Fran\u00e7ois Pompon - Museal Editions<\/title>\n<meta name=\"description\" content=\"Le Marabout en bronze d\u2019art est un agrandissement r\u00e9alis\u00e9 d\u2019apr\u00e8s l\u2019\u0153uvre originale de Pompon. Chacun des bronzes est num\u00e9rot\u00e9 de 1 \u00e0 100.\" \/>\n<meta name=\"robots\" content=\"index, follow, max-snippet:-1, max-image-preview:large, max-video-preview:-1\" \/>\n<link rel=\"canonical\" href=\"https:\/\/museal.com\/fr\/produit\/marabout-de-francois-pompon\/\" \/>\n<meta property=\"og:locale\" content=\"fr_FR\" \/>\n<meta property=\"og:type\" content=\"article\" \/>\n<meta property=\"og:title\" content=\"Marabout de Fran\u00e7ois Pompon - Museal Editions\" \/>\n<meta property=\"og:description\" content=\"Le Marabout en bronze d\u2019art est un agrandissement r\u00e9alis\u00e9 d\u2019apr\u00e8s l\u2019\u0153uvre originale de Pompon. Chacun des bronzes est num\u00e9rot\u00e9 de 1 \u00e0 100.\" \/>\n<meta property=\"og:url\" content=\"https:\/\/museal.com\/fr\/produit\/marabout-de-francois-pompon\/\" \/>\n<meta property=\"og:site_name\" content=\"Museal Editions\" \/>\n<meta property=\"article:modified_time\" content=\"2025-06-26T10:01:42+00:00\" \/>\n<meta property=\"og:image\" content=\"https:\/\/museal.com\/wp-content\/uploads\/2022\/01\/marabout-1.png\" \/>\n\t<meta property=\"og:image:width\" content=\"1500\" \/>\n\t<meta property=\"og:image:height\" content=\"2000\" \/>\n\t<meta property=\"og:image:type\" content=\"image\/png\" \/>\n<meta name=\"twitter:card\" content=\"summary_large_image\" \/>\n<script type=\"application\/ld+json\" class=\"yoast-schema-graph\">{\"@context\":\"https:\\\/\\\/schema.org\",\"@graph\":[{\"@type\":\"WebPage\",\"@id\":\"https:\\\/\\\/museal.com\\\/fr\\\/produit\\\/marabout-de-francois-pompon\\\/\",\"url\":\"https:\\\/\\\/museal.com\\\/fr\\\/produit\\\/marabout-de-francois-pompon\\\/\",\"name\":\"Marabout de Fran\u00e7ois Pompon - Museal Editions\",\"isPartOf\":{\"@id\":\"https:\\\/\\\/museal.com\\\/fr\\\/#website\"},\"primaryImageOfPage\":{\"@id\":\"https:\\\/\\\/museal.com\\\/fr\\\/produit\\\/marabout-de-francois-pompon\\\/#primaryimage\"},\"image\":{\"@id\":\"https:\\\/\\\/museal.com\\\/fr\\\/produit\\\/marabout-de-francois-pompon\\\/#primaryimage\"},\"thumbnailUrl\":\"https:\\\/\\\/museal.com\\\/wp-content\\\/uploads\\\/2022\\\/01\\\/marabout-1.png\",\"datePublished\":\"2022-01-21T11:11:38+00:00\",\"dateModified\":\"2025-06-26T10:01:42+00:00\",\"description\":\"Le Marabout en bronze d\u2019art est un agrandissement r\u00e9alis\u00e9 d\u2019apr\u00e8s l\u2019\u0153uvre originale de Pompon. Chacun des bronzes est num\u00e9rot\u00e9 de 1 \u00e0 100.\",\"breadcrumb\":{\"@id\":\"https:\\\/\\\/museal.com\\\/fr\\\/produit\\\/marabout-de-francois-pompon\\\/#breadcrumb\"},\"inLanguage\":\"fr-FR\",\"potentialAction\":[{\"@type\":\"ReadAction\",\"target\":[\"https:\\\/\\\/museal.com\\\/fr\\\/produit\\\/marabout-de-francois-pompon\\\/\"]}]},{\"@type\":\"ImageObject\",\"inLanguage\":\"fr-FR\",\"@id\":\"https:\\\/\\\/museal.com\\\/fr\\\/produit\\\/marabout-de-francois-pompon\\\/#primaryimage\",\"url\":\"https:\\\/\\\/museal.com\\\/wp-content\\\/uploads\\\/2022\\\/01\\\/marabout-1.png\",\"contentUrl\":\"https:\\\/\\\/museal.com\\\/wp-content\\\/uploads\\\/2022\\\/01\\\/marabout-1.png\",\"width\":1500,\"height\":2000},{\"@type\":\"BreadcrumbList\",\"@id\":\"https:\\\/\\\/museal.com\\\/fr\\\/produit\\\/marabout-de-francois-pompon\\\/#breadcrumb\",\"itemListElement\":[{\"@type\":\"ListItem\",\"position\":1,\"name\":\"Accueil\",\"item\":\"https:\\\/\\\/museal.com\\\/fr\\\/\"},{\"@type\":\"ListItem\",\"position\":2,\"name\":\"Boutique\",\"item\":\"https:\\\/\\\/museal.com\\\/fr\\\/boutique\\\/\"},{\"@type\":\"ListItem\",\"position\":3,\"name\":\"Marabout de Fran\u00e7ois Pompon\"}]},{\"@type\":\"WebSite\",\"@id\":\"https:\\\/\\\/museal.com\\\/fr\\\/#website\",\"url\":\"https:\\\/\\\/museal.com\\\/fr\\\/\",\"name\":\"Museal Editions\",\"description\":\"Objets d&#039;art et de d\u00e9coration inspir\u00e9s du Patrimoine luxembourgeois\",\"publisher\":{\"@id\":\"https:\\\/\\\/museal.com\\\/fr\\\/#organization\"},\"potentialAction\":[{\"@type\":\"SearchAction\",\"target\":{\"@type\":\"EntryPoint\",\"urlTemplate\":\"https:\\\/\\\/museal.com\\\/fr\\\/?s={search_term_string}\"},\"query-input\":{\"@type\":\"PropertyValueSpecification\",\"valueRequired\":true,\"valueName\":\"search_term_string\"}}],\"inLanguage\":\"fr-FR\"},{\"@type\":\"Organization\",\"@id\":\"https:\\\/\\\/museal.com\\\/fr\\\/#organization\",\"name\":\"Museal Editions\",\"url\":\"https:\\\/\\\/museal.com\\\/fr\\\/\",\"logo\":{\"@type\":\"ImageObject\",\"inLanguage\":\"fr-FR\",\"@id\":\"https:\\\/\\\/museal.com\\\/fr\\\/#\\\/schema\\\/logo\\\/image\\\/\",\"url\":\"https:\\\/\\\/museal.com\\\/wp-content\\\/uploads\\\/2021\\\/05\\\/logo-e1621950424453.jpg\",\"contentUrl\":\"https:\\\/\\\/museal.com\\\/wp-content\\\/uploads\\\/2021\\\/05\\\/logo-e1621950424453.jpg\",\"width\":732,\"height\":574,\"caption\":\"Museal Editions\"},\"image\":{\"@id\":\"https:\\\/\\\/museal.com\\\/fr\\\/#\\\/schema\\\/logo\\\/image\\\/\"}}]}<\/script>\n<!-- \/ Yoast SEO plugin. -->","yoast_head_json":{"title":"Marabout de Fran\u00e7ois Pompon - Museal Editions","description":"Le Marabout en bronze d\u2019art est un agrandissement r\u00e9alis\u00e9 d\u2019apr\u00e8s l\u2019\u0153uvre originale de Pompon. Chacun des bronzes est num\u00e9rot\u00e9 de 1 \u00e0 100.","robots":{"index":"index","follow":"follow","max-snippet":"max-snippet:-1","max-image-preview":"max-image-preview:large","max-video-preview":"max-video-preview:-1"},"canonical":"https:\/\/museal.com\/fr\/produit\/marabout-de-francois-pompon\/","og_locale":"fr_FR","og_type":"article","og_title":"Marabout de Fran\u00e7ois Pompon - Museal Editions","og_description":"Le Marabout en bronze d\u2019art est un agrandissement r\u00e9alis\u00e9 d\u2019apr\u00e8s l\u2019\u0153uvre originale de Pompon. Chacun des bronzes est num\u00e9rot\u00e9 de 1 \u00e0 100.","og_url":"https:\/\/museal.com\/fr\/produit\/marabout-de-francois-pompon\/","og_site_name":"Museal Editions","article_modified_time":"2025-06-26T10:01:42+00:00","og_image":[{"width":1500,"height":2000,"url":"https:\/\/museal.com\/wp-content\/uploads\/2022\/01\/marabout-1.png","type":"image\/png"}],"twitter_card":"summary_large_image","schema":{"@context":"https:\/\/schema.org","@graph":[{"@type":"WebPage","@id":"https:\/\/museal.com\/fr\/produit\/marabout-de-francois-pompon\/","url":"https:\/\/museal.com\/fr\/produit\/marabout-de-francois-pompon\/","name":"Marabout de Fran\u00e7ois Pompon - Museal Editions","isPartOf":{"@id":"https:\/\/museal.com\/fr\/#website"},"primaryImageOfPage":{"@id":"https:\/\/museal.com\/fr\/produit\/marabout-de-francois-pompon\/#primaryimage"},"image":{"@id":"https:\/\/museal.com\/fr\/produit\/marabout-de-francois-pompon\/#primaryimage"},"thumbnailUrl":"https:\/\/museal.com\/wp-content\/uploads\/2022\/01\/marabout-1.png","datePublished":"2022-01-21T11:11:38+00:00","dateModified":"2025-06-26T10:01:42+00:00","description":"Le Marabout en bronze d\u2019art est un agrandissement r\u00e9alis\u00e9 d\u2019apr\u00e8s l\u2019\u0153uvre originale de Pompon. Chacun des bronzes est num\u00e9rot\u00e9 de 1 \u00e0 100.","breadcrumb":{"@id":"https:\/\/museal.com\/fr\/produit\/marabout-de-francois-pompon\/#breadcrumb"},"inLanguage":"fr-FR","potentialAction":[{"@type":"ReadAction","target":["https:\/\/museal.com\/fr\/produit\/marabout-de-francois-pompon\/"]}]},{"@type":"ImageObject","inLanguage":"fr-FR","@id":"https:\/\/museal.com\/fr\/produit\/marabout-de-francois-pompon\/#primaryimage","url":"https:\/\/museal.com\/wp-content\/uploads\/2022\/01\/marabout-1.png","contentUrl":"https:\/\/museal.com\/wp-content\/uploads\/2022\/01\/marabout-1.png","width":1500,"height":2000},{"@type":"BreadcrumbList","@id":"https:\/\/museal.com\/fr\/produit\/marabout-de-francois-pompon\/#breadcrumb","itemListElement":[{"@type":"ListItem","position":1,"name":"Accueil","item":"https:\/\/museal.com\/fr\/"},{"@type":"ListItem","position":2,"name":"Boutique","item":"https:\/\/museal.com\/fr\/boutique\/"},{"@type":"ListItem","position":3,"name":"Marabout de Fran\u00e7ois Pompon"}]},{"@type":"WebSite","@id":"https:\/\/museal.com\/fr\/#website","url":"https:\/\/museal.com\/fr\/","name":"Museal Editions","description":"Objets d&#039;art et de d\u00e9coration inspir\u00e9s du Patrimoine luxembourgeois","publisher":{"@id":"https:\/\/museal.com\/fr\/#organization"},"potentialAction":[{"@type":"SearchAction","target":{"@type":"EntryPoint","urlTemplate":"https:\/\/museal.com\/fr\/?s={search_term_string}"},"query-input":{"@type":"PropertyValueSpecification","valueRequired":true,"valueName":"search_term_string"}}],"inLanguage":"fr-FR"},{"@type":"Organization","@id":"https:\/\/museal.com\/fr\/#organization","name":"Museal Editions","url":"https:\/\/museal.com\/fr\/","logo":{"@type":"ImageObject","inLanguage":"fr-FR","@id":"https:\/\/museal.com\/fr\/#\/schema\/logo\/image\/","url":"https:\/\/museal.com\/wp-content\/uploads\/2021\/05\/logo-e1621950424453.jpg","contentUrl":"https:\/\/museal.com\/wp-content\/uploads\/2021\/05\/logo-e1621950424453.jpg","width":732,"height":574,"caption":"Museal Editions"},"image":{"@id":"https:\/\/museal.com\/fr\/#\/schema\/logo\/image\/"}}]}},"_links":{"self":[{"href":"https:\/\/museal.com\/fr\/wp-json\/wp\/v2\/product\/12637","targetHints":{"allow":["GET"]}}],"collection":[{"href":"https:\/\/museal.com\/fr\/wp-json\/wp\/v2\/product"}],"about":[{"href":"https:\/\/museal.com\/fr\/wp-json\/wp\/v2\/types\/product"}],"wp:featuredmedia":[{"embeddable":true,"href":"https:\/\/museal.com\/fr\/wp-json\/wp\/v2\/media\/13667"}],"wp:attachment":[{"href":"https:\/\/museal.com\/fr\/wp-json\/wp\/v2\/media?parent=12637"}],"wp:term":[{"taxonomy":"product_brand","embeddable":true,"href":"https:\/\/museal.com\/fr\/wp-json\/wp\/v2\/product_brand?post=12637"},{"taxonomy":"product_cat","embeddable":true,"href":"https:\/\/museal.com\/fr\/wp-json\/wp\/v2\/product_cat?post=12637"},{"taxonomy":"product_tag","embeddable":true,"href":"https:\/\/museal.com\/fr\/wp-json\/wp\/v2\/product_tag?post=12637"}],"curies":[{"name":"wp","href":"https:\/\/api.w.org\/{rel}","templated":true}]}}