{"id":12651,"date":"2022-01-21T12:24:02","date_gmt":"2022-01-21T11:24:02","guid":{"rendered":"https:\/\/shop.museal.com\/?post_type=product&#038;p=12651"},"modified":"2025-06-26T12:01:17","modified_gmt":"2025-06-26T10:01:17","slug":"ours-blanc-pompon-en-bronze","status":"publish","type":"product","link":"https:\/\/museal.com\/fr\/produit\/ours-blanc-pompon-en-bronze\/","title":{"rendered":"Ours Blanc Pompon en bronze"},"content":{"rendered":"<div>N\u00e9 en 1855 \u00e0 Saulieu dans la Bourgogne fran\u00e7aise d\u2019un p\u00e8re \u00e9b\u00e9niste, Fran\u00e7ois Pompon apprend d\u00e8s l\u2019\u00e2ge de 15 ans les rudiments de la sculpture aupr\u00e8s d\u2019un marbrier \u00e0 Dijon, puis \u00e0 Paris, o\u00f9 il suit \u00e9galement les cours du soir de l\u2019Ecole Nationale des Arts D\u00e9coratifs.<\/div>\n<div>\n<p>Tout en cherchant son propre style, il devient, au tournant du si\u00e8cle, chef d\u2019atelier du grand Auguste Rodin, puis de Camille Claudel. En 1905, son choix de la simplification des formes devient d\u00e9finitif, ainsi que le lissage des surfaces, jusqu\u2019\u00e0 obtenir la cons\u00e9cration avec deux de ses chefs d\u2019\u0153uvre : le \u00ab Grand Ours Blanc \u00bb et le \u00ab Marabout \u00bb, pr\u00e9sent\u00e9s avec succ\u00e8s au Salon d\u2019Automne de 1922.En 1931, Pompon forme le groupe des Douze, en rassemblant des disciples comme Artus, Hilbert, Paul Jouve, ou encore Auguste Tr\u00e9mont. Lorsqu\u2019il meurt deux ans plus tard, il laisse derri\u00e8re lui une \u0153uvre totalement novatrice, qui aura fait entrer la sculpture animali\u00e8re dans l\u2019\u00e8re de la modernit\u00e9.<\/p>\n<\/div>\n<div>Sculpture la plus c\u00e9l\u00e8bre de Fran\u00e7ois Pompon, l&#8217;Ours Blanc lui apporte un succ\u00e8s tardif mais retentissant lors du Salon de 1922. L&#8217;\u00e9conomie de moyen donne une pr\u00e9sence iconique \u00e0 l&#8217;\u0153uvre qui trouve sa force \u00e0 l&#8217;\u00e9chelle monumentale. \u00c9dit\u00e9e par la suite en diff\u00e9rentes tailles et mati\u00e8res, elle est une parfaite illustration du style qui triomphe dans les ann\u00e9es 20.<\/div>\n","protected":false},"excerpt":{"rendered":"<p>Cette \u00e9dition\u00a0 du grand ours de Pompon est extr\u00eamement fid\u00e8le \u00e0 l&#8217;oeuvre originale expos\u00e9e au Mus\u00e9e d&#8217;Orsay \u00e0 Paris.\u00a0\u00a0S\u00e9rie limit\u00e9e et num\u00e9rot\u00e9e de 1 \u00e0 50 \/50. Livr\u00e9e avec un certificat d&#8217;authenticit\u00e9<\/p>\n<p>Bronze d&#8217;art \u00e0 patine blanche, 44 x 24 x 12 cm, poids 5,2 kg<\/p>\n","protected":false},"featured_media":13669,"template":"","meta":[],"product_brand":[],"product_cat":[143,89],"product_tag":[],"class_list":{"0":"post-12651","1":"product","2":"type-product","3":"status-publish","4":"has-post-thumbnail","6":"product_cat-bronzes-animaliers","7":"product_cat-sculptures-et-bronzes-d-art","9":"first","10":"instock","11":"taxable","12":"shipping-taxable","13":"purchasable","14":"product-type-simple"},"yoast_head":"<!-- This site is optimized with the Yoast SEO plugin v27.3 - https:\/\/yoast.com\/product\/yoast-seo-wordpress\/ -->\n<title>Ours Blanc Pompon en bronze - Museal Editions<\/title>\n<meta name=\"description\" content=\"Cette \u00e9dition\u00a0 du grand ours de Pompon est extr\u00eamement fid\u00e8le \u00e0 l&#039;\u0153uvre originale expos\u00e9e au Mus\u00e9e d&#039;Orsay \u00e0 Paris.\u00a0S\u00e9rie limit\u00e9e et num\u00e9rot\u00e9e de 1 \u00e0 50 \/50.\" \/>\n<meta name=\"robots\" content=\"index, follow, max-snippet:-1, max-image-preview:large, max-video-preview:-1\" \/>\n<link rel=\"canonical\" href=\"https:\/\/museal.com\/fr\/produit\/ours-blanc-pompon-en-bronze\/\" \/>\n<meta property=\"og:locale\" content=\"fr_FR\" \/>\n<meta property=\"og:type\" content=\"article\" \/>\n<meta property=\"og:title\" content=\"Ours Blanc Pompon en bronze - Museal Editions\" \/>\n<meta property=\"og:description\" content=\"Cette \u00e9dition\u00a0 du grand ours de Pompon est extr\u00eamement fid\u00e8le \u00e0 l&#039;\u0153uvre originale expos\u00e9e au Mus\u00e9e d&#039;Orsay \u00e0 Paris.\u00a0S\u00e9rie limit\u00e9e et num\u00e9rot\u00e9e de 1 \u00e0 50 \/50.\" \/>\n<meta property=\"og:url\" content=\"https:\/\/museal.com\/fr\/produit\/ours-blanc-pompon-en-bronze\/\" \/>\n<meta property=\"og:site_name\" content=\"Museal Editions\" \/>\n<meta property=\"article:modified_time\" content=\"2025-06-26T10:01:17+00:00\" \/>\n<meta property=\"og:image\" content=\"https:\/\/museal.com\/wp-content\/uploads\/2022\/01\/ours-pompom-1.jpg\" \/>\n\t<meta property=\"og:image:width\" content=\"1500\" \/>\n\t<meta property=\"og:image:height\" content=\"2000\" \/>\n\t<meta property=\"og:image:type\" content=\"image\/jpeg\" \/>\n<meta name=\"twitter:card\" content=\"summary_large_image\" \/>\n<script type=\"application\/ld+json\" class=\"yoast-schema-graph\">{\"@context\":\"https:\\\/\\\/schema.org\",\"@graph\":[{\"@type\":\"WebPage\",\"@id\":\"https:\\\/\\\/museal.com\\\/fr\\\/produit\\\/ours-blanc-pompon-en-bronze\\\/\",\"url\":\"https:\\\/\\\/museal.com\\\/fr\\\/produit\\\/ours-blanc-pompon-en-bronze\\\/\",\"name\":\"Ours Blanc Pompon en bronze - Museal Editions\",\"isPartOf\":{\"@id\":\"https:\\\/\\\/museal.com\\\/fr\\\/#website\"},\"primaryImageOfPage\":{\"@id\":\"https:\\\/\\\/museal.com\\\/fr\\\/produit\\\/ours-blanc-pompon-en-bronze\\\/#primaryimage\"},\"image\":{\"@id\":\"https:\\\/\\\/museal.com\\\/fr\\\/produit\\\/ours-blanc-pompon-en-bronze\\\/#primaryimage\"},\"thumbnailUrl\":\"https:\\\/\\\/museal.com\\\/wp-content\\\/uploads\\\/2022\\\/01\\\/ours-pompom-1.jpg\",\"datePublished\":\"2022-01-21T11:24:02+00:00\",\"dateModified\":\"2025-06-26T10:01:17+00:00\",\"description\":\"Cette \u00e9dition\u00a0 du grand ours de Pompon est extr\u00eamement fid\u00e8le \u00e0 l'\u0153uvre originale expos\u00e9e au Mus\u00e9e d'Orsay \u00e0 Paris.\u00a0S\u00e9rie limit\u00e9e et num\u00e9rot\u00e9e de 1 \u00e0 50 \\\/50.\",\"breadcrumb\":{\"@id\":\"https:\\\/\\\/museal.com\\\/fr\\\/produit\\\/ours-blanc-pompon-en-bronze\\\/#breadcrumb\"},\"inLanguage\":\"fr-FR\",\"potentialAction\":[{\"@type\":\"ReadAction\",\"target\":[\"https:\\\/\\\/museal.com\\\/fr\\\/produit\\\/ours-blanc-pompon-en-bronze\\\/\"]}]},{\"@type\":\"ImageObject\",\"inLanguage\":\"fr-FR\",\"@id\":\"https:\\\/\\\/museal.com\\\/fr\\\/produit\\\/ours-blanc-pompon-en-bronze\\\/#primaryimage\",\"url\":\"https:\\\/\\\/museal.com\\\/wp-content\\\/uploads\\\/2022\\\/01\\\/ours-pompom-1.jpg\",\"contentUrl\":\"https:\\\/\\\/museal.com\\\/wp-content\\\/uploads\\\/2022\\\/01\\\/ours-pompom-1.jpg\",\"width\":1500,\"height\":2000},{\"@type\":\"BreadcrumbList\",\"@id\":\"https:\\\/\\\/museal.com\\\/fr\\\/produit\\\/ours-blanc-pompon-en-bronze\\\/#breadcrumb\",\"itemListElement\":[{\"@type\":\"ListItem\",\"position\":1,\"name\":\"Accueil\",\"item\":\"https:\\\/\\\/museal.com\\\/fr\\\/\"},{\"@type\":\"ListItem\",\"position\":2,\"name\":\"Boutique\",\"item\":\"https:\\\/\\\/museal.com\\\/fr\\\/boutique\\\/\"},{\"@type\":\"ListItem\",\"position\":3,\"name\":\"Ours Blanc Pompon en bronze\"}]},{\"@type\":\"WebSite\",\"@id\":\"https:\\\/\\\/museal.com\\\/fr\\\/#website\",\"url\":\"https:\\\/\\\/museal.com\\\/fr\\\/\",\"name\":\"Museal Editions\",\"description\":\"Objets d&#039;art et de d\u00e9coration inspir\u00e9s du Patrimoine luxembourgeois\",\"publisher\":{\"@id\":\"https:\\\/\\\/museal.com\\\/fr\\\/#organization\"},\"potentialAction\":[{\"@type\":\"SearchAction\",\"target\":{\"@type\":\"EntryPoint\",\"urlTemplate\":\"https:\\\/\\\/museal.com\\\/fr\\\/?s={search_term_string}\"},\"query-input\":{\"@type\":\"PropertyValueSpecification\",\"valueRequired\":true,\"valueName\":\"search_term_string\"}}],\"inLanguage\":\"fr-FR\"},{\"@type\":\"Organization\",\"@id\":\"https:\\\/\\\/museal.com\\\/fr\\\/#organization\",\"name\":\"Museal Editions\",\"url\":\"https:\\\/\\\/museal.com\\\/fr\\\/\",\"logo\":{\"@type\":\"ImageObject\",\"inLanguage\":\"fr-FR\",\"@id\":\"https:\\\/\\\/museal.com\\\/fr\\\/#\\\/schema\\\/logo\\\/image\\\/\",\"url\":\"https:\\\/\\\/museal.com\\\/wp-content\\\/uploads\\\/2021\\\/05\\\/logo-e1621950424453.jpg\",\"contentUrl\":\"https:\\\/\\\/museal.com\\\/wp-content\\\/uploads\\\/2021\\\/05\\\/logo-e1621950424453.jpg\",\"width\":732,\"height\":574,\"caption\":\"Museal Editions\"},\"image\":{\"@id\":\"https:\\\/\\\/museal.com\\\/fr\\\/#\\\/schema\\\/logo\\\/image\\\/\"}}]}<\/script>\n<!-- \/ Yoast SEO plugin. -->","yoast_head_json":{"title":"Ours Blanc Pompon en bronze - Museal Editions","description":"Cette \u00e9dition\u00a0 du grand ours de Pompon est extr\u00eamement fid\u00e8le \u00e0 l'\u0153uvre originale expos\u00e9e au Mus\u00e9e d'Orsay \u00e0 Paris.\u00a0S\u00e9rie limit\u00e9e et num\u00e9rot\u00e9e de 1 \u00e0 50 \/50.","robots":{"index":"index","follow":"follow","max-snippet":"max-snippet:-1","max-image-preview":"max-image-preview:large","max-video-preview":"max-video-preview:-1"},"canonical":"https:\/\/museal.com\/fr\/produit\/ours-blanc-pompon-en-bronze\/","og_locale":"fr_FR","og_type":"article","og_title":"Ours Blanc Pompon en bronze - Museal Editions","og_description":"Cette \u00e9dition\u00a0 du grand ours de Pompon est extr\u00eamement fid\u00e8le \u00e0 l'\u0153uvre originale expos\u00e9e au Mus\u00e9e d'Orsay \u00e0 Paris.\u00a0S\u00e9rie limit\u00e9e et num\u00e9rot\u00e9e de 1 \u00e0 50 \/50.","og_url":"https:\/\/museal.com\/fr\/produit\/ours-blanc-pompon-en-bronze\/","og_site_name":"Museal Editions","article_modified_time":"2025-06-26T10:01:17+00:00","og_image":[{"width":1500,"height":2000,"url":"https:\/\/museal.com\/wp-content\/uploads\/2022\/01\/ours-pompom-1.jpg","type":"image\/jpeg"}],"twitter_card":"summary_large_image","schema":{"@context":"https:\/\/schema.org","@graph":[{"@type":"WebPage","@id":"https:\/\/museal.com\/fr\/produit\/ours-blanc-pompon-en-bronze\/","url":"https:\/\/museal.com\/fr\/produit\/ours-blanc-pompon-en-bronze\/","name":"Ours Blanc Pompon en bronze - Museal Editions","isPartOf":{"@id":"https:\/\/museal.com\/fr\/#website"},"primaryImageOfPage":{"@id":"https:\/\/museal.com\/fr\/produit\/ours-blanc-pompon-en-bronze\/#primaryimage"},"image":{"@id":"https:\/\/museal.com\/fr\/produit\/ours-blanc-pompon-en-bronze\/#primaryimage"},"thumbnailUrl":"https:\/\/museal.com\/wp-content\/uploads\/2022\/01\/ours-pompom-1.jpg","datePublished":"2022-01-21T11:24:02+00:00","dateModified":"2025-06-26T10:01:17+00:00","description":"Cette \u00e9dition\u00a0 du grand ours de Pompon est extr\u00eamement fid\u00e8le \u00e0 l'\u0153uvre originale expos\u00e9e au Mus\u00e9e d'Orsay \u00e0 Paris.\u00a0S\u00e9rie limit\u00e9e et num\u00e9rot\u00e9e de 1 \u00e0 50 \/50.","breadcrumb":{"@id":"https:\/\/museal.com\/fr\/produit\/ours-blanc-pompon-en-bronze\/#breadcrumb"},"inLanguage":"fr-FR","potentialAction":[{"@type":"ReadAction","target":["https:\/\/museal.com\/fr\/produit\/ours-blanc-pompon-en-bronze\/"]}]},{"@type":"ImageObject","inLanguage":"fr-FR","@id":"https:\/\/museal.com\/fr\/produit\/ours-blanc-pompon-en-bronze\/#primaryimage","url":"https:\/\/museal.com\/wp-content\/uploads\/2022\/01\/ours-pompom-1.jpg","contentUrl":"https:\/\/museal.com\/wp-content\/uploads\/2022\/01\/ours-pompom-1.jpg","width":1500,"height":2000},{"@type":"BreadcrumbList","@id":"https:\/\/museal.com\/fr\/produit\/ours-blanc-pompon-en-bronze\/#breadcrumb","itemListElement":[{"@type":"ListItem","position":1,"name":"Accueil","item":"https:\/\/museal.com\/fr\/"},{"@type":"ListItem","position":2,"name":"Boutique","item":"https:\/\/museal.com\/fr\/boutique\/"},{"@type":"ListItem","position":3,"name":"Ours Blanc Pompon en bronze"}]},{"@type":"WebSite","@id":"https:\/\/museal.com\/fr\/#website","url":"https:\/\/museal.com\/fr\/","name":"Museal Editions","description":"Objets d&#039;art et de d\u00e9coration inspir\u00e9s du Patrimoine luxembourgeois","publisher":{"@id":"https:\/\/museal.com\/fr\/#organization"},"potentialAction":[{"@type":"SearchAction","target":{"@type":"EntryPoint","urlTemplate":"https:\/\/museal.com\/fr\/?s={search_term_string}"},"query-input":{"@type":"PropertyValueSpecification","valueRequired":true,"valueName":"search_term_string"}}],"inLanguage":"fr-FR"},{"@type":"Organization","@id":"https:\/\/museal.com\/fr\/#organization","name":"Museal Editions","url":"https:\/\/museal.com\/fr\/","logo":{"@type":"ImageObject","inLanguage":"fr-FR","@id":"https:\/\/museal.com\/fr\/#\/schema\/logo\/image\/","url":"https:\/\/museal.com\/wp-content\/uploads\/2021\/05\/logo-e1621950424453.jpg","contentUrl":"https:\/\/museal.com\/wp-content\/uploads\/2021\/05\/logo-e1621950424453.jpg","width":732,"height":574,"caption":"Museal Editions"},"image":{"@id":"https:\/\/museal.com\/fr\/#\/schema\/logo\/image\/"}}]}},"_links":{"self":[{"href":"https:\/\/museal.com\/fr\/wp-json\/wp\/v2\/product\/12651","targetHints":{"allow":["GET"]}}],"collection":[{"href":"https:\/\/museal.com\/fr\/wp-json\/wp\/v2\/product"}],"about":[{"href":"https:\/\/museal.com\/fr\/wp-json\/wp\/v2\/types\/product"}],"wp:featuredmedia":[{"embeddable":true,"href":"https:\/\/museal.com\/fr\/wp-json\/wp\/v2\/media\/13669"}],"wp:attachment":[{"href":"https:\/\/museal.com\/fr\/wp-json\/wp\/v2\/media?parent=12651"}],"wp:term":[{"taxonomy":"product_brand","embeddable":true,"href":"https:\/\/museal.com\/fr\/wp-json\/wp\/v2\/product_brand?post=12651"},{"taxonomy":"product_cat","embeddable":true,"href":"https:\/\/museal.com\/fr\/wp-json\/wp\/v2\/product_cat?post=12651"},{"taxonomy":"product_tag","embeddable":true,"href":"https:\/\/museal.com\/fr\/wp-json\/wp\/v2\/product_tag?post=12651"}],"curies":[{"name":"wp","href":"https:\/\/api.w.org\/{rel}","templated":true}]}}