{"id":12676,"date":"2022-01-21T12:36:07","date_gmt":"2022-01-21T11:36:07","guid":{"rendered":"https:\/\/shop.museal.com\/?post_type=product&#038;p=12676"},"modified":"2025-08-29T10:24:13","modified_gmt":"2025-08-29T08:24:13","slug":"heron-chassant-une-grenouille-de-fremiet","status":"publish","type":"product","link":"https:\/\/museal.com\/fr\/produit\/heron-chassant-une-grenouille-de-fremiet\/","title":{"rendered":"&#8220;H\u00e9ron chassant une grenouille&#8221;, de Fremiet"},"content":{"rendered":"<p>Emmanuel Fr\u00e9miet (1824-1910) est reconnu comme l&#8217;un des meilleurs sculpteurs animaliers du XIX\u00b0 si\u00e8cle, aux c\u00f4t\u00e9s de Valton ou de Barye, \u00e0 qui il a d&#8217;ailleurs succ\u00e9d\u00e9 comme professeur de dessin \u00e0 la grande m\u00e9nagerie du jardin des Plantes \u00e0 Paris. Neveu et El\u00e8ve de Fran\u00e7ois Rude, il a \u00e9t\u00e9 honor\u00e9 de nombreuses commandes publiques d&#8217;oeuvres monumentales, telle la statue \u00e9questre de Jeanne d&#8217;Arc place des Pyramides ou les sculptures du pont Alexandre III \u00e0 Paris. Sa notori\u00e9t\u00e9 est li\u00e9e essentiellement \u00e0 la pr\u00e9cision dans le rendu des d\u00e9tails dont il fait preuve dans les sujets animaliers qui l&#8217;inspirent : chat, chien, cheval, grenouille &#8230; Ses oeuvres sont expos\u00e9es aujourd&#8217;hui dans les plus grands mus\u00e9es du monde, et notamment au Mus\u00e9e du Louvre et au Mus\u00e9e d&#8217;Orsay .<\/p>\n<p>Le &#8221; H\u00e9ron chassant une grenouille &#8221; est une oeuvre int\u00e9ressante et attachante par le charme et la qualit\u00e9 de la mise en sc\u00e8ne naturaliste choisie par l&#8217;artiste. Il s&#8217;agit d&#8217;une nouvelle \u00e9dition en bronze d&#8217;art, r\u00e9alis\u00e9e \u00e0 partir de la collection originale de bronzes XIX\u00b0 si\u00e8cle de la Maison Benneton Graveur \u00e0 Paris, \u00e9diteur d&#8217;art et graveur depuis 1880.<\/p>\n","protected":false},"excerpt":{"rendered":"<p>R\u00e9\u00e9dition en Bronze d&#8217;Art, num\u00e9rotation sur 500 exemplaires, livr\u00e9e avec un certificat d&#8217;authenticit\u00e9<\/p>\n<p>Taille originale, Hauteur 5 cm, Longueur 13 cm, Largeur 2 cm. Poids 0,5 kg.<\/p>\n","protected":false},"featured_media":13615,"template":"","meta":[],"product_brand":[],"product_cat":[143,89],"product_tag":[],"class_list":{"0":"post-12676","1":"product","2":"type-product","3":"status-publish","4":"has-post-thumbnail","6":"product_cat-bronzes-animaliers","7":"product_cat-sculptures-et-bronzes-d-art","9":"first","10":"instock","11":"taxable","12":"shipping-taxable","13":"purchasable","14":"product-type-simple"},"yoast_head":"<!-- This site is optimized with the Yoast SEO plugin v27.3 - https:\/\/yoast.com\/product\/yoast-seo-wordpress\/ -->\n<title>&quot;H\u00e9ron chassant une grenouille&quot;, de Fremiet - Museal Editions<\/title>\n<meta name=\"description\" content=\"&quot;H\u00e9ron chassant une grenouille&quot;, de Fremiet. R\u00e9\u00e9dition en Bronze d&#039;Art, num\u00e9rotation sur 500 exemplaires, livr\u00e9e avec un certificat d&#039;authenticit\u00e9\" \/>\n<meta name=\"robots\" content=\"index, follow, max-snippet:-1, max-image-preview:large, max-video-preview:-1\" \/>\n<link rel=\"canonical\" href=\"https:\/\/museal.com\/fr\/produit\/heron-chassant-une-grenouille-de-fremiet\/\" \/>\n<meta property=\"og:locale\" content=\"fr_FR\" \/>\n<meta property=\"og:type\" content=\"article\" \/>\n<meta property=\"og:title\" content=\"&quot;H\u00e9ron chassant une grenouille&quot;, de Fremiet - Museal Editions\" \/>\n<meta property=\"og:description\" content=\"&quot;H\u00e9ron chassant une grenouille&quot;, de Fremiet. R\u00e9\u00e9dition en Bronze d&#039;Art, num\u00e9rotation sur 500 exemplaires, livr\u00e9e avec un certificat d&#039;authenticit\u00e9\" \/>\n<meta property=\"og:url\" content=\"https:\/\/museal.com\/fr\/produit\/heron-chassant-une-grenouille-de-fremiet\/\" \/>\n<meta property=\"og:site_name\" content=\"Museal Editions\" \/>\n<meta property=\"article:modified_time\" content=\"2025-08-29T08:24:13+00:00\" \/>\n<meta property=\"og:image\" content=\"https:\/\/museal.com\/wp-content\/uploads\/2022\/01\/heron-1.png\" \/>\n\t<meta property=\"og:image:width\" content=\"1500\" \/>\n\t<meta property=\"og:image:height\" content=\"2000\" \/>\n\t<meta property=\"og:image:type\" content=\"image\/png\" \/>\n<meta name=\"twitter:card\" content=\"summary_large_image\" \/>\n<script type=\"application\/ld+json\" class=\"yoast-schema-graph\">{\"@context\":\"https:\\\/\\\/schema.org\",\"@graph\":[{\"@type\":\"WebPage\",\"@id\":\"https:\\\/\\\/museal.com\\\/fr\\\/produit\\\/heron-chassant-une-grenouille-de-fremiet\\\/\",\"url\":\"https:\\\/\\\/museal.com\\\/fr\\\/produit\\\/heron-chassant-une-grenouille-de-fremiet\\\/\",\"name\":\"\\\"H\u00e9ron chassant une grenouille\\\", de Fremiet - Museal Editions\",\"isPartOf\":{\"@id\":\"https:\\\/\\\/museal.com\\\/fr\\\/#website\"},\"primaryImageOfPage\":{\"@id\":\"https:\\\/\\\/museal.com\\\/fr\\\/produit\\\/heron-chassant-une-grenouille-de-fremiet\\\/#primaryimage\"},\"image\":{\"@id\":\"https:\\\/\\\/museal.com\\\/fr\\\/produit\\\/heron-chassant-une-grenouille-de-fremiet\\\/#primaryimage\"},\"thumbnailUrl\":\"https:\\\/\\\/museal.com\\\/wp-content\\\/uploads\\\/2022\\\/01\\\/heron-1.png\",\"datePublished\":\"2022-01-21T11:36:07+00:00\",\"dateModified\":\"2025-08-29T08:24:13+00:00\",\"description\":\"\\\"H\u00e9ron chassant une grenouille\\\", de Fremiet. R\u00e9\u00e9dition en Bronze d'Art, num\u00e9rotation sur 500 exemplaires, livr\u00e9e avec un certificat d'authenticit\u00e9\",\"breadcrumb\":{\"@id\":\"https:\\\/\\\/museal.com\\\/fr\\\/produit\\\/heron-chassant-une-grenouille-de-fremiet\\\/#breadcrumb\"},\"inLanguage\":\"fr-FR\",\"potentialAction\":[{\"@type\":\"ReadAction\",\"target\":[\"https:\\\/\\\/museal.com\\\/fr\\\/produit\\\/heron-chassant-une-grenouille-de-fremiet\\\/\"]}]},{\"@type\":\"ImageObject\",\"inLanguage\":\"fr-FR\",\"@id\":\"https:\\\/\\\/museal.com\\\/fr\\\/produit\\\/heron-chassant-une-grenouille-de-fremiet\\\/#primaryimage\",\"url\":\"https:\\\/\\\/museal.com\\\/wp-content\\\/uploads\\\/2022\\\/01\\\/heron-1.png\",\"contentUrl\":\"https:\\\/\\\/museal.com\\\/wp-content\\\/uploads\\\/2022\\\/01\\\/heron-1.png\",\"width\":1500,\"height\":2000},{\"@type\":\"BreadcrumbList\",\"@id\":\"https:\\\/\\\/museal.com\\\/fr\\\/produit\\\/heron-chassant-une-grenouille-de-fremiet\\\/#breadcrumb\",\"itemListElement\":[{\"@type\":\"ListItem\",\"position\":1,\"name\":\"Accueil\",\"item\":\"https:\\\/\\\/museal.com\\\/fr\\\/\"},{\"@type\":\"ListItem\",\"position\":2,\"name\":\"Boutique\",\"item\":\"https:\\\/\\\/museal.com\\\/fr\\\/boutique\\\/\"},{\"@type\":\"ListItem\",\"position\":3,\"name\":\"&#8220;H\u00e9ron chassant une grenouille&#8221;, de Fremiet\"}]},{\"@type\":\"WebSite\",\"@id\":\"https:\\\/\\\/museal.com\\\/fr\\\/#website\",\"url\":\"https:\\\/\\\/museal.com\\\/fr\\\/\",\"name\":\"Museal Editions\",\"description\":\"Objets d&#039;art et de d\u00e9coration inspir\u00e9s du Patrimoine luxembourgeois\",\"publisher\":{\"@id\":\"https:\\\/\\\/museal.com\\\/fr\\\/#organization\"},\"potentialAction\":[{\"@type\":\"SearchAction\",\"target\":{\"@type\":\"EntryPoint\",\"urlTemplate\":\"https:\\\/\\\/museal.com\\\/fr\\\/?s={search_term_string}\"},\"query-input\":{\"@type\":\"PropertyValueSpecification\",\"valueRequired\":true,\"valueName\":\"search_term_string\"}}],\"inLanguage\":\"fr-FR\"},{\"@type\":\"Organization\",\"@id\":\"https:\\\/\\\/museal.com\\\/fr\\\/#organization\",\"name\":\"Museal Editions\",\"url\":\"https:\\\/\\\/museal.com\\\/fr\\\/\",\"logo\":{\"@type\":\"ImageObject\",\"inLanguage\":\"fr-FR\",\"@id\":\"https:\\\/\\\/museal.com\\\/fr\\\/#\\\/schema\\\/logo\\\/image\\\/\",\"url\":\"https:\\\/\\\/museal.com\\\/wp-content\\\/uploads\\\/2021\\\/05\\\/logo-e1621950424453.jpg\",\"contentUrl\":\"https:\\\/\\\/museal.com\\\/wp-content\\\/uploads\\\/2021\\\/05\\\/logo-e1621950424453.jpg\",\"width\":732,\"height\":574,\"caption\":\"Museal Editions\"},\"image\":{\"@id\":\"https:\\\/\\\/museal.com\\\/fr\\\/#\\\/schema\\\/logo\\\/image\\\/\"}}]}<\/script>\n<!-- \/ Yoast SEO plugin. -->","yoast_head_json":{"title":"\"H\u00e9ron chassant une grenouille\", de Fremiet - Museal Editions","description":"\"H\u00e9ron chassant une grenouille\", de Fremiet. R\u00e9\u00e9dition en Bronze d'Art, num\u00e9rotation sur 500 exemplaires, livr\u00e9e avec un certificat d'authenticit\u00e9","robots":{"index":"index","follow":"follow","max-snippet":"max-snippet:-1","max-image-preview":"max-image-preview:large","max-video-preview":"max-video-preview:-1"},"canonical":"https:\/\/museal.com\/fr\/produit\/heron-chassant-une-grenouille-de-fremiet\/","og_locale":"fr_FR","og_type":"article","og_title":"\"H\u00e9ron chassant une grenouille\", de Fremiet - Museal Editions","og_description":"\"H\u00e9ron chassant une grenouille\", de Fremiet. R\u00e9\u00e9dition en Bronze d'Art, num\u00e9rotation sur 500 exemplaires, livr\u00e9e avec un certificat d'authenticit\u00e9","og_url":"https:\/\/museal.com\/fr\/produit\/heron-chassant-une-grenouille-de-fremiet\/","og_site_name":"Museal Editions","article_modified_time":"2025-08-29T08:24:13+00:00","og_image":[{"width":1500,"height":2000,"url":"https:\/\/museal.com\/wp-content\/uploads\/2022\/01\/heron-1.png","type":"image\/png"}],"twitter_card":"summary_large_image","schema":{"@context":"https:\/\/schema.org","@graph":[{"@type":"WebPage","@id":"https:\/\/museal.com\/fr\/produit\/heron-chassant-une-grenouille-de-fremiet\/","url":"https:\/\/museal.com\/fr\/produit\/heron-chassant-une-grenouille-de-fremiet\/","name":"\"H\u00e9ron chassant une grenouille\", de Fremiet - Museal Editions","isPartOf":{"@id":"https:\/\/museal.com\/fr\/#website"},"primaryImageOfPage":{"@id":"https:\/\/museal.com\/fr\/produit\/heron-chassant-une-grenouille-de-fremiet\/#primaryimage"},"image":{"@id":"https:\/\/museal.com\/fr\/produit\/heron-chassant-une-grenouille-de-fremiet\/#primaryimage"},"thumbnailUrl":"https:\/\/museal.com\/wp-content\/uploads\/2022\/01\/heron-1.png","datePublished":"2022-01-21T11:36:07+00:00","dateModified":"2025-08-29T08:24:13+00:00","description":"\"H\u00e9ron chassant une grenouille\", de Fremiet. R\u00e9\u00e9dition en Bronze d'Art, num\u00e9rotation sur 500 exemplaires, livr\u00e9e avec un certificat d'authenticit\u00e9","breadcrumb":{"@id":"https:\/\/museal.com\/fr\/produit\/heron-chassant-une-grenouille-de-fremiet\/#breadcrumb"},"inLanguage":"fr-FR","potentialAction":[{"@type":"ReadAction","target":["https:\/\/museal.com\/fr\/produit\/heron-chassant-une-grenouille-de-fremiet\/"]}]},{"@type":"ImageObject","inLanguage":"fr-FR","@id":"https:\/\/museal.com\/fr\/produit\/heron-chassant-une-grenouille-de-fremiet\/#primaryimage","url":"https:\/\/museal.com\/wp-content\/uploads\/2022\/01\/heron-1.png","contentUrl":"https:\/\/museal.com\/wp-content\/uploads\/2022\/01\/heron-1.png","width":1500,"height":2000},{"@type":"BreadcrumbList","@id":"https:\/\/museal.com\/fr\/produit\/heron-chassant-une-grenouille-de-fremiet\/#breadcrumb","itemListElement":[{"@type":"ListItem","position":1,"name":"Accueil","item":"https:\/\/museal.com\/fr\/"},{"@type":"ListItem","position":2,"name":"Boutique","item":"https:\/\/museal.com\/fr\/boutique\/"},{"@type":"ListItem","position":3,"name":"&#8220;H\u00e9ron chassant une grenouille&#8221;, de Fremiet"}]},{"@type":"WebSite","@id":"https:\/\/museal.com\/fr\/#website","url":"https:\/\/museal.com\/fr\/","name":"Museal Editions","description":"Objets d&#039;art et de d\u00e9coration inspir\u00e9s du Patrimoine luxembourgeois","publisher":{"@id":"https:\/\/museal.com\/fr\/#organization"},"potentialAction":[{"@type":"SearchAction","target":{"@type":"EntryPoint","urlTemplate":"https:\/\/museal.com\/fr\/?s={search_term_string}"},"query-input":{"@type":"PropertyValueSpecification","valueRequired":true,"valueName":"search_term_string"}}],"inLanguage":"fr-FR"},{"@type":"Organization","@id":"https:\/\/museal.com\/fr\/#organization","name":"Museal Editions","url":"https:\/\/museal.com\/fr\/","logo":{"@type":"ImageObject","inLanguage":"fr-FR","@id":"https:\/\/museal.com\/fr\/#\/schema\/logo\/image\/","url":"https:\/\/museal.com\/wp-content\/uploads\/2021\/05\/logo-e1621950424453.jpg","contentUrl":"https:\/\/museal.com\/wp-content\/uploads\/2021\/05\/logo-e1621950424453.jpg","width":732,"height":574,"caption":"Museal Editions"},"image":{"@id":"https:\/\/museal.com\/fr\/#\/schema\/logo\/image\/"}}]}},"_links":{"self":[{"href":"https:\/\/museal.com\/fr\/wp-json\/wp\/v2\/product\/12676","targetHints":{"allow":["GET"]}}],"collection":[{"href":"https:\/\/museal.com\/fr\/wp-json\/wp\/v2\/product"}],"about":[{"href":"https:\/\/museal.com\/fr\/wp-json\/wp\/v2\/types\/product"}],"wp:featuredmedia":[{"embeddable":true,"href":"https:\/\/museal.com\/fr\/wp-json\/wp\/v2\/media\/13615"}],"wp:attachment":[{"href":"https:\/\/museal.com\/fr\/wp-json\/wp\/v2\/media?parent=12676"}],"wp:term":[{"taxonomy":"product_brand","embeddable":true,"href":"https:\/\/museal.com\/fr\/wp-json\/wp\/v2\/product_brand?post=12676"},{"taxonomy":"product_cat","embeddable":true,"href":"https:\/\/museal.com\/fr\/wp-json\/wp\/v2\/product_cat?post=12676"},{"taxonomy":"product_tag","embeddable":true,"href":"https:\/\/museal.com\/fr\/wp-json\/wp\/v2\/product_tag?post=12676"}],"curies":[{"name":"wp","href":"https:\/\/api.w.org\/{rel}","templated":true}]}}