{"id":12710,"date":"2022-01-21T12:56:15","date_gmt":"2022-01-21T11:56:15","guid":{"rendered":"https:\/\/shop.museal.com\/?post_type=product&#038;p=12710"},"modified":"2025-11-11T15:00:07","modified_gmt":"2025-11-11T14:00:07","slug":"le-lion-nubien-de-bugatti","status":"publish","type":"product","link":"https:\/\/museal.com\/fr\/produit\/le-lion-nubien-de-bugatti\/","title":{"rendered":"Le Lion Nubien de Bugatti"},"content":{"rendered":"<p>Le mod\u00e8le en pl\u00e2tre appartient depuis 1975 aux collections du Mus\u00e9e d&#8217;Orsay \u00e0 Paris. La posture particuli\u00e8rement r\u00e9aliste contraste avec le travail de stylisation de la crini\u00e8re, dans un esprit de g\u00e9om\u00e9trie annonciateur de l&#8217;art d\u00e9coratif des ann\u00e9es 20. Ce lion africain est la r\u00e9\u00e9dition d&#8217;une oeuvre de 1910 pr\u00e9sent\u00e9e \u00e0 la Soci\u00e9t\u00e9 Royale de Zoologie d&#8217;Anvers. N\u00e9 dans une famille d&#8217;artistes \u00e0 Milan, Bugatti s&#8217;installe \u00e0 Paris avec ses parents en 1904. Il fr\u00e9quente assid\u00fbment le jardin des Plantes o\u00f9 il fait la connaissance du c\u00e9l\u00e8bre fondeur et galeriste H\u00e9brard, qui lui fait signer imm\u00e9diatement un contrat d&#8217;\u00e9dition exclusive. D\u00e8s 1905, il expose ses oeuvres au Salon d&#8217;Automne du Grand Palais \u00e0 Paris et fr\u00e9quente les plus grands artistes de l&#8217;\u00e9poque, tels Modigliani, Picasso, Derain ou Apollinaire. A l&#8217;invitation de la Soci\u00e9t\u00e9 Royale de Zoologie, il s&#8217;installe en 1907 \u00e0 Anvers, o\u00f9 il s\u00e9journera jusqu&#8217;en 1914, en exposant r\u00e9guli\u00e8rement \u00e0 Bruxelles et \u00e0 Li\u00e8ge. De retour \u00e0 Paris apr\u00e8s un court s\u00e9jour en Italie, il met fin \u00e0 ses jours en 1916, apr\u00e8s une carri\u00e8re fulgurante qui le laisse en bonne place dans le panth\u00e9on des grands sculpteurs du vingti\u00e8me si\u00e8cle. La patine brune pr\u00e9sente de belles nuances vertes et souligne parfaitement chaque d\u00e9tail anatomique.<\/p>\n","protected":false},"excerpt":{"rendered":"<p>Ce lion africain est la r\u00e9\u00e9dition d&#8217;une oeuvre, sign\u00e9e Bugatti, de 1910 pr\u00e9sent\u00e9e \u00e0 la Soci\u00e9t\u00e9 Royale de Zoologie d&#8217;Anvers. Num\u00e9rot\u00e9e de 1 \u00e0 100 sur 100 exemplaires, livr\u00e9e avec un certificat d&#8217;authenticit\u00e9.<\/p>\n<p>Hauteur 32 cm, Longueur 43 cm, largeur 18 cm. Poids 19 kg (socle inclus).<\/p>\n","protected":false},"featured_media":13661,"template":"","meta":[],"product_brand":[],"product_cat":[143,89],"product_tag":[],"class_list":{"0":"post-12710","1":"product","2":"type-product","3":"status-publish","4":"has-post-thumbnail","6":"product_cat-bronzes-animaliers","7":"product_cat-sculptures-et-bronzes-d-art","9":"first","10":"outofstock","11":"taxable","12":"shipping-taxable","13":"purchasable","14":"product-type-simple"},"yoast_head":"<!-- This site is optimized with the Yoast SEO plugin v27.3 - https:\/\/yoast.com\/product\/yoast-seo-wordpress\/ -->\n<title>Le Lion Nubien de Bugatti - Museal Editions<\/title>\n<meta name=\"description\" content=\"Ce lion africain est la r\u00e9\u00e9dition d&#039;une \u0153uvre, sign\u00e9e Bugatti, de 1910. Num\u00e9rot\u00e9e de 1 \u00e0 100 sur 100 exemplaires, livr\u00e9e avec un certificat d&#039;authenticit\u00e9.\" \/>\n<meta name=\"robots\" content=\"index, follow, max-snippet:-1, max-image-preview:large, max-video-preview:-1\" \/>\n<link rel=\"canonical\" href=\"https:\/\/museal.com\/fr\/produit\/le-lion-nubien-de-bugatti\/\" \/>\n<meta property=\"og:locale\" content=\"fr_FR\" \/>\n<meta property=\"og:type\" content=\"article\" \/>\n<meta property=\"og:title\" content=\"Le Lion Nubien de Bugatti - Museal Editions\" \/>\n<meta property=\"og:description\" content=\"Ce lion africain est la r\u00e9\u00e9dition d&#039;une \u0153uvre, sign\u00e9e Bugatti, de 1910. Num\u00e9rot\u00e9e de 1 \u00e0 100 sur 100 exemplaires, livr\u00e9e avec un certificat d&#039;authenticit\u00e9.\" \/>\n<meta property=\"og:url\" content=\"https:\/\/museal.com\/fr\/produit\/le-lion-nubien-de-bugatti\/\" \/>\n<meta property=\"og:site_name\" content=\"Museal Editions\" \/>\n<meta property=\"article:modified_time\" content=\"2025-11-11T14:00:07+00:00\" \/>\n<meta property=\"og:image\" content=\"https:\/\/museal.com\/wp-content\/uploads\/2022\/01\/lion-nubien-2.png\" \/>\n\t<meta property=\"og:image:width\" content=\"1500\" \/>\n\t<meta property=\"og:image:height\" content=\"2000\" \/>\n\t<meta property=\"og:image:type\" content=\"image\/png\" \/>\n<meta name=\"twitter:card\" content=\"summary_large_image\" \/>\n<script type=\"application\/ld+json\" class=\"yoast-schema-graph\">{\"@context\":\"https:\\\/\\\/schema.org\",\"@graph\":[{\"@type\":\"WebPage\",\"@id\":\"https:\\\/\\\/museal.com\\\/fr\\\/produit\\\/le-lion-nubien-de-bugatti\\\/\",\"url\":\"https:\\\/\\\/museal.com\\\/fr\\\/produit\\\/le-lion-nubien-de-bugatti\\\/\",\"name\":\"Le Lion Nubien de Bugatti - Museal Editions\",\"isPartOf\":{\"@id\":\"https:\\\/\\\/museal.com\\\/fr\\\/#website\"},\"primaryImageOfPage\":{\"@id\":\"https:\\\/\\\/museal.com\\\/fr\\\/produit\\\/le-lion-nubien-de-bugatti\\\/#primaryimage\"},\"image\":{\"@id\":\"https:\\\/\\\/museal.com\\\/fr\\\/produit\\\/le-lion-nubien-de-bugatti\\\/#primaryimage\"},\"thumbnailUrl\":\"https:\\\/\\\/museal.com\\\/wp-content\\\/uploads\\\/2022\\\/01\\\/lion-nubien-2.png\",\"datePublished\":\"2022-01-21T11:56:15+00:00\",\"dateModified\":\"2025-11-11T14:00:07+00:00\",\"description\":\"Ce lion africain est la r\u00e9\u00e9dition d'une \u0153uvre, sign\u00e9e Bugatti, de 1910. Num\u00e9rot\u00e9e de 1 \u00e0 100 sur 100 exemplaires, livr\u00e9e avec un certificat d'authenticit\u00e9.\",\"breadcrumb\":{\"@id\":\"https:\\\/\\\/museal.com\\\/fr\\\/produit\\\/le-lion-nubien-de-bugatti\\\/#breadcrumb\"},\"inLanguage\":\"fr-FR\",\"potentialAction\":[{\"@type\":\"ReadAction\",\"target\":[\"https:\\\/\\\/museal.com\\\/fr\\\/produit\\\/le-lion-nubien-de-bugatti\\\/\"]}]},{\"@type\":\"ImageObject\",\"inLanguage\":\"fr-FR\",\"@id\":\"https:\\\/\\\/museal.com\\\/fr\\\/produit\\\/le-lion-nubien-de-bugatti\\\/#primaryimage\",\"url\":\"https:\\\/\\\/museal.com\\\/wp-content\\\/uploads\\\/2022\\\/01\\\/lion-nubien-2.png\",\"contentUrl\":\"https:\\\/\\\/museal.com\\\/wp-content\\\/uploads\\\/2022\\\/01\\\/lion-nubien-2.png\",\"width\":1500,\"height\":2000},{\"@type\":\"BreadcrumbList\",\"@id\":\"https:\\\/\\\/museal.com\\\/fr\\\/produit\\\/le-lion-nubien-de-bugatti\\\/#breadcrumb\",\"itemListElement\":[{\"@type\":\"ListItem\",\"position\":1,\"name\":\"Accueil\",\"item\":\"https:\\\/\\\/museal.com\\\/fr\\\/\"},{\"@type\":\"ListItem\",\"position\":2,\"name\":\"Boutique\",\"item\":\"https:\\\/\\\/museal.com\\\/fr\\\/boutique\\\/\"},{\"@type\":\"ListItem\",\"position\":3,\"name\":\"Le Lion Nubien de Bugatti\"}]},{\"@type\":\"WebSite\",\"@id\":\"https:\\\/\\\/museal.com\\\/fr\\\/#website\",\"url\":\"https:\\\/\\\/museal.com\\\/fr\\\/\",\"name\":\"Museal Editions\",\"description\":\"Objets d&#039;art et de d\u00e9coration inspir\u00e9s du Patrimoine luxembourgeois\",\"publisher\":{\"@id\":\"https:\\\/\\\/museal.com\\\/fr\\\/#organization\"},\"potentialAction\":[{\"@type\":\"SearchAction\",\"target\":{\"@type\":\"EntryPoint\",\"urlTemplate\":\"https:\\\/\\\/museal.com\\\/fr\\\/?s={search_term_string}\"},\"query-input\":{\"@type\":\"PropertyValueSpecification\",\"valueRequired\":true,\"valueName\":\"search_term_string\"}}],\"inLanguage\":\"fr-FR\"},{\"@type\":\"Organization\",\"@id\":\"https:\\\/\\\/museal.com\\\/fr\\\/#organization\",\"name\":\"Museal Editions\",\"url\":\"https:\\\/\\\/museal.com\\\/fr\\\/\",\"logo\":{\"@type\":\"ImageObject\",\"inLanguage\":\"fr-FR\",\"@id\":\"https:\\\/\\\/museal.com\\\/fr\\\/#\\\/schema\\\/logo\\\/image\\\/\",\"url\":\"https:\\\/\\\/museal.com\\\/wp-content\\\/uploads\\\/2021\\\/05\\\/logo-e1621950424453.jpg\",\"contentUrl\":\"https:\\\/\\\/museal.com\\\/wp-content\\\/uploads\\\/2021\\\/05\\\/logo-e1621950424453.jpg\",\"width\":732,\"height\":574,\"caption\":\"Museal Editions\"},\"image\":{\"@id\":\"https:\\\/\\\/museal.com\\\/fr\\\/#\\\/schema\\\/logo\\\/image\\\/\"}}]}<\/script>\n<!-- \/ Yoast SEO plugin. -->","yoast_head_json":{"title":"Le Lion Nubien de Bugatti - Museal Editions","description":"Ce lion africain est la r\u00e9\u00e9dition d'une \u0153uvre, sign\u00e9e Bugatti, de 1910. Num\u00e9rot\u00e9e de 1 \u00e0 100 sur 100 exemplaires, livr\u00e9e avec un certificat d'authenticit\u00e9.","robots":{"index":"index","follow":"follow","max-snippet":"max-snippet:-1","max-image-preview":"max-image-preview:large","max-video-preview":"max-video-preview:-1"},"canonical":"https:\/\/museal.com\/fr\/produit\/le-lion-nubien-de-bugatti\/","og_locale":"fr_FR","og_type":"article","og_title":"Le Lion Nubien de Bugatti - Museal Editions","og_description":"Ce lion africain est la r\u00e9\u00e9dition d'une \u0153uvre, sign\u00e9e Bugatti, de 1910. Num\u00e9rot\u00e9e de 1 \u00e0 100 sur 100 exemplaires, livr\u00e9e avec un certificat d'authenticit\u00e9.","og_url":"https:\/\/museal.com\/fr\/produit\/le-lion-nubien-de-bugatti\/","og_site_name":"Museal Editions","article_modified_time":"2025-11-11T14:00:07+00:00","og_image":[{"width":1500,"height":2000,"url":"https:\/\/museal.com\/wp-content\/uploads\/2022\/01\/lion-nubien-2.png","type":"image\/png"}],"twitter_card":"summary_large_image","schema":{"@context":"https:\/\/schema.org","@graph":[{"@type":"WebPage","@id":"https:\/\/museal.com\/fr\/produit\/le-lion-nubien-de-bugatti\/","url":"https:\/\/museal.com\/fr\/produit\/le-lion-nubien-de-bugatti\/","name":"Le Lion Nubien de Bugatti - Museal Editions","isPartOf":{"@id":"https:\/\/museal.com\/fr\/#website"},"primaryImageOfPage":{"@id":"https:\/\/museal.com\/fr\/produit\/le-lion-nubien-de-bugatti\/#primaryimage"},"image":{"@id":"https:\/\/museal.com\/fr\/produit\/le-lion-nubien-de-bugatti\/#primaryimage"},"thumbnailUrl":"https:\/\/museal.com\/wp-content\/uploads\/2022\/01\/lion-nubien-2.png","datePublished":"2022-01-21T11:56:15+00:00","dateModified":"2025-11-11T14:00:07+00:00","description":"Ce lion africain est la r\u00e9\u00e9dition d'une \u0153uvre, sign\u00e9e Bugatti, de 1910. Num\u00e9rot\u00e9e de 1 \u00e0 100 sur 100 exemplaires, livr\u00e9e avec un certificat d'authenticit\u00e9.","breadcrumb":{"@id":"https:\/\/museal.com\/fr\/produit\/le-lion-nubien-de-bugatti\/#breadcrumb"},"inLanguage":"fr-FR","potentialAction":[{"@type":"ReadAction","target":["https:\/\/museal.com\/fr\/produit\/le-lion-nubien-de-bugatti\/"]}]},{"@type":"ImageObject","inLanguage":"fr-FR","@id":"https:\/\/museal.com\/fr\/produit\/le-lion-nubien-de-bugatti\/#primaryimage","url":"https:\/\/museal.com\/wp-content\/uploads\/2022\/01\/lion-nubien-2.png","contentUrl":"https:\/\/museal.com\/wp-content\/uploads\/2022\/01\/lion-nubien-2.png","width":1500,"height":2000},{"@type":"BreadcrumbList","@id":"https:\/\/museal.com\/fr\/produit\/le-lion-nubien-de-bugatti\/#breadcrumb","itemListElement":[{"@type":"ListItem","position":1,"name":"Accueil","item":"https:\/\/museal.com\/fr\/"},{"@type":"ListItem","position":2,"name":"Boutique","item":"https:\/\/museal.com\/fr\/boutique\/"},{"@type":"ListItem","position":3,"name":"Le Lion Nubien de Bugatti"}]},{"@type":"WebSite","@id":"https:\/\/museal.com\/fr\/#website","url":"https:\/\/museal.com\/fr\/","name":"Museal Editions","description":"Objets d&#039;art et de d\u00e9coration inspir\u00e9s du Patrimoine luxembourgeois","publisher":{"@id":"https:\/\/museal.com\/fr\/#organization"},"potentialAction":[{"@type":"SearchAction","target":{"@type":"EntryPoint","urlTemplate":"https:\/\/museal.com\/fr\/?s={search_term_string}"},"query-input":{"@type":"PropertyValueSpecification","valueRequired":true,"valueName":"search_term_string"}}],"inLanguage":"fr-FR"},{"@type":"Organization","@id":"https:\/\/museal.com\/fr\/#organization","name":"Museal Editions","url":"https:\/\/museal.com\/fr\/","logo":{"@type":"ImageObject","inLanguage":"fr-FR","@id":"https:\/\/museal.com\/fr\/#\/schema\/logo\/image\/","url":"https:\/\/museal.com\/wp-content\/uploads\/2021\/05\/logo-e1621950424453.jpg","contentUrl":"https:\/\/museal.com\/wp-content\/uploads\/2021\/05\/logo-e1621950424453.jpg","width":732,"height":574,"caption":"Museal Editions"},"image":{"@id":"https:\/\/museal.com\/fr\/#\/schema\/logo\/image\/"}}]}},"_links":{"self":[{"href":"https:\/\/museal.com\/fr\/wp-json\/wp\/v2\/product\/12710","targetHints":{"allow":["GET"]}}],"collection":[{"href":"https:\/\/museal.com\/fr\/wp-json\/wp\/v2\/product"}],"about":[{"href":"https:\/\/museal.com\/fr\/wp-json\/wp\/v2\/types\/product"}],"wp:featuredmedia":[{"embeddable":true,"href":"https:\/\/museal.com\/fr\/wp-json\/wp\/v2\/media\/13661"}],"wp:attachment":[{"href":"https:\/\/museal.com\/fr\/wp-json\/wp\/v2\/media?parent=12710"}],"wp:term":[{"taxonomy":"product_brand","embeddable":true,"href":"https:\/\/museal.com\/fr\/wp-json\/wp\/v2\/product_brand?post=12710"},{"taxonomy":"product_cat","embeddable":true,"href":"https:\/\/museal.com\/fr\/wp-json\/wp\/v2\/product_cat?post=12710"},{"taxonomy":"product_tag","embeddable":true,"href":"https:\/\/museal.com\/fr\/wp-json\/wp\/v2\/product_tag?post=12710"}],"curies":[{"name":"wp","href":"https:\/\/api.w.org\/{rel}","templated":true}]}}