{"id":12727,"date":"2022-01-24T10:25:36","date_gmt":"2022-01-24T09:25:36","guid":{"rendered":"https:\/\/shop.museal.com\/?post_type=product&#038;p=12727"},"modified":"2025-06-26T11:55:55","modified_gmt":"2025-06-26T09:55:55","slug":"la-lionne-couchee-de-valton","status":"publish","type":"product","link":"https:\/\/museal.com\/fr\/produit\/la-lionne-couchee-de-valton\/","title":{"rendered":"&#8220;La lionne couch\u00e9e&#8221;, de Valton"},"content":{"rendered":"<div>Charles Valton na\u00eet \u00e0 Paris le 26 janvier 1851. Il est tour \u00e0 tour l&#8217;\u00e9l\u00e8ve des 2 ma\u00eetres de la sculpture animali\u00e8re du XIX\u00b0 si\u00e8cle, BARYE et FREMIET, par ailleurs directeurs du jardin des Plantes \u00e0 Paris, o\u00f9 le jeune Valton passe le plus clair de son temps \u00e0 saisir les postures et les d\u00e9tails anatomiques des pensionnaires de la Grande M\u00e9nagerie.<\/div>\n<div>Valton aime particuli\u00e8rement repr\u00e9senter la race f\u00e9line, son sujet de pr\u00e9dilection, en ajoutant souvent d&#8217;autres mat\u00e9riaux en guise de socle, tel le marbre blanc pour figurer la neige, ou le granit pour le rocher. Il a su traduire \u00e0 merveille l&#8217;aspect f\u00e9lin et la musculature puissante de cette lionne au repos, relevant la t\u00eate et dressant une oreille curieuse, tout en conservant sa tranquille assurance.<\/div>\n<div>La fonte originale a \u00e9t\u00e9 \u00e9dit\u00e9e\u00a0 r\u00e9alis\u00e9e suivant les r\u00e8gles strictes du bronze d&#8217;art, qui d\u00e9terminent la puret\u00e9 du bronze et la haute qualit\u00e9 de ciselure et de patine. Celle-ci a \u00e9t\u00e9 ex\u00e9cut\u00e9e dans le plus grand respect de la patine d&#8217;origine, brune aux reflets dor\u00e9s, d&#8217;une tr\u00e8s belle profondeur, \u00e0 la mani\u00e8re du XIX\u00b0 si\u00e8cle.<\/div>\n","protected":false},"excerpt":{"rendered":"<p>Fonte en bronze d&#8217;art,\u00a0 num\u00e9rot\u00e9e de 1 \u00e0 100 sur 100 exemplaires, comportant la signature de Valton, de couleur rouge, grav\u00e9e dans le granit. Livr\u00e9e avec un certificat d&#8217;authenticit\u00e9.<\/p>\n<p>Dimensions: 23x12x11 cm, et le poids de 2,8 kg. Sur commande.<\/p>\n","protected":false},"featured_media":13617,"template":"","meta":[],"product_brand":[],"product_cat":[143,89],"product_tag":[],"class_list":{"0":"post-12727","1":"product","2":"type-product","3":"status-publish","4":"has-post-thumbnail","6":"product_cat-bronzes-animaliers","7":"product_cat-sculptures-et-bronzes-d-art","9":"first","10":"instock","11":"taxable","12":"shipping-taxable","13":"purchasable","14":"product-type-simple"},"yoast_head":"<!-- This site is optimized with the Yoast SEO plugin v27.3 - https:\/\/yoast.com\/product\/yoast-seo-wordpress\/ -->\n<title>&quot;La lionne couch\u00e9e&quot;, de Valton - Museal Editions<\/title>\n<meta name=\"description\" content=\"Fonte en bronze d&#039;art,\u00a0 num\u00e9rot\u00e9e de 1 \u00e0 100 sur 100 exemplaires, comportant la signature de Valton, de couleur rouge, grav\u00e9e dans le granit.\" \/>\n<meta name=\"robots\" content=\"index, follow, max-snippet:-1, max-image-preview:large, max-video-preview:-1\" \/>\n<link rel=\"canonical\" href=\"https:\/\/museal.com\/fr\/produit\/la-lionne-couchee-de-valton\/\" \/>\n<meta property=\"og:locale\" content=\"fr_FR\" \/>\n<meta property=\"og:type\" content=\"article\" \/>\n<meta property=\"og:title\" content=\"&quot;La lionne couch\u00e9e&quot;, de Valton - Museal Editions\" \/>\n<meta property=\"og:description\" content=\"Fonte en bronze d&#039;art,\u00a0 num\u00e9rot\u00e9e de 1 \u00e0 100 sur 100 exemplaires, comportant la signature de Valton, de couleur rouge, grav\u00e9e dans le granit.\" \/>\n<meta property=\"og:url\" content=\"https:\/\/museal.com\/fr\/produit\/la-lionne-couchee-de-valton\/\" \/>\n<meta property=\"og:site_name\" content=\"Museal Editions\" \/>\n<meta property=\"article:modified_time\" content=\"2025-06-26T09:55:55+00:00\" \/>\n<meta property=\"og:image\" content=\"https:\/\/museal.com\/wp-content\/uploads\/2022\/01\/lionne-couchee-de-Valton-2.png\" \/>\n\t<meta property=\"og:image:width\" content=\"1500\" \/>\n\t<meta property=\"og:image:height\" content=\"2000\" \/>\n\t<meta property=\"og:image:type\" content=\"image\/png\" \/>\n<meta name=\"twitter:card\" content=\"summary_large_image\" \/>\n<script type=\"application\/ld+json\" class=\"yoast-schema-graph\">{\"@context\":\"https:\\\/\\\/schema.org\",\"@graph\":[{\"@type\":\"WebPage\",\"@id\":\"https:\\\/\\\/museal.com\\\/fr\\\/produit\\\/la-lionne-couchee-de-valton\\\/\",\"url\":\"https:\\\/\\\/museal.com\\\/fr\\\/produit\\\/la-lionne-couchee-de-valton\\\/\",\"name\":\"\\\"La lionne couch\u00e9e\\\", de Valton - Museal Editions\",\"isPartOf\":{\"@id\":\"https:\\\/\\\/museal.com\\\/fr\\\/#website\"},\"primaryImageOfPage\":{\"@id\":\"https:\\\/\\\/museal.com\\\/fr\\\/produit\\\/la-lionne-couchee-de-valton\\\/#primaryimage\"},\"image\":{\"@id\":\"https:\\\/\\\/museal.com\\\/fr\\\/produit\\\/la-lionne-couchee-de-valton\\\/#primaryimage\"},\"thumbnailUrl\":\"https:\\\/\\\/museal.com\\\/wp-content\\\/uploads\\\/2022\\\/01\\\/lionne-couchee-de-Valton-2.png\",\"datePublished\":\"2022-01-24T09:25:36+00:00\",\"dateModified\":\"2025-06-26T09:55:55+00:00\",\"description\":\"Fonte en bronze d'art,\u00a0 num\u00e9rot\u00e9e de 1 \u00e0 100 sur 100 exemplaires, comportant la signature de Valton, de couleur rouge, grav\u00e9e dans le granit.\",\"breadcrumb\":{\"@id\":\"https:\\\/\\\/museal.com\\\/fr\\\/produit\\\/la-lionne-couchee-de-valton\\\/#breadcrumb\"},\"inLanguage\":\"fr-FR\",\"potentialAction\":[{\"@type\":\"ReadAction\",\"target\":[\"https:\\\/\\\/museal.com\\\/fr\\\/produit\\\/la-lionne-couchee-de-valton\\\/\"]}]},{\"@type\":\"ImageObject\",\"inLanguage\":\"fr-FR\",\"@id\":\"https:\\\/\\\/museal.com\\\/fr\\\/produit\\\/la-lionne-couchee-de-valton\\\/#primaryimage\",\"url\":\"https:\\\/\\\/museal.com\\\/wp-content\\\/uploads\\\/2022\\\/01\\\/lionne-couchee-de-Valton-2.png\",\"contentUrl\":\"https:\\\/\\\/museal.com\\\/wp-content\\\/uploads\\\/2022\\\/01\\\/lionne-couchee-de-Valton-2.png\",\"width\":1500,\"height\":2000},{\"@type\":\"BreadcrumbList\",\"@id\":\"https:\\\/\\\/museal.com\\\/fr\\\/produit\\\/la-lionne-couchee-de-valton\\\/#breadcrumb\",\"itemListElement\":[{\"@type\":\"ListItem\",\"position\":1,\"name\":\"Accueil\",\"item\":\"https:\\\/\\\/museal.com\\\/fr\\\/\"},{\"@type\":\"ListItem\",\"position\":2,\"name\":\"Boutique\",\"item\":\"https:\\\/\\\/museal.com\\\/fr\\\/boutique\\\/\"},{\"@type\":\"ListItem\",\"position\":3,\"name\":\"&#8220;La lionne couch\u00e9e&#8221;, de Valton\"}]},{\"@type\":\"WebSite\",\"@id\":\"https:\\\/\\\/museal.com\\\/fr\\\/#website\",\"url\":\"https:\\\/\\\/museal.com\\\/fr\\\/\",\"name\":\"Museal Editions\",\"description\":\"Objets d&#039;art et de d\u00e9coration inspir\u00e9s du Patrimoine luxembourgeois\",\"publisher\":{\"@id\":\"https:\\\/\\\/museal.com\\\/fr\\\/#organization\"},\"potentialAction\":[{\"@type\":\"SearchAction\",\"target\":{\"@type\":\"EntryPoint\",\"urlTemplate\":\"https:\\\/\\\/museal.com\\\/fr\\\/?s={search_term_string}\"},\"query-input\":{\"@type\":\"PropertyValueSpecification\",\"valueRequired\":true,\"valueName\":\"search_term_string\"}}],\"inLanguage\":\"fr-FR\"},{\"@type\":\"Organization\",\"@id\":\"https:\\\/\\\/museal.com\\\/fr\\\/#organization\",\"name\":\"Museal Editions\",\"url\":\"https:\\\/\\\/museal.com\\\/fr\\\/\",\"logo\":{\"@type\":\"ImageObject\",\"inLanguage\":\"fr-FR\",\"@id\":\"https:\\\/\\\/museal.com\\\/fr\\\/#\\\/schema\\\/logo\\\/image\\\/\",\"url\":\"https:\\\/\\\/museal.com\\\/wp-content\\\/uploads\\\/2021\\\/05\\\/logo-e1621950424453.jpg\",\"contentUrl\":\"https:\\\/\\\/museal.com\\\/wp-content\\\/uploads\\\/2021\\\/05\\\/logo-e1621950424453.jpg\",\"width\":732,\"height\":574,\"caption\":\"Museal Editions\"},\"image\":{\"@id\":\"https:\\\/\\\/museal.com\\\/fr\\\/#\\\/schema\\\/logo\\\/image\\\/\"}}]}<\/script>\n<!-- \/ Yoast SEO plugin. -->","yoast_head_json":{"title":"\"La lionne couch\u00e9e\", de Valton - Museal Editions","description":"Fonte en bronze d'art,\u00a0 num\u00e9rot\u00e9e de 1 \u00e0 100 sur 100 exemplaires, comportant la signature de Valton, de couleur rouge, grav\u00e9e dans le granit.","robots":{"index":"index","follow":"follow","max-snippet":"max-snippet:-1","max-image-preview":"max-image-preview:large","max-video-preview":"max-video-preview:-1"},"canonical":"https:\/\/museal.com\/fr\/produit\/la-lionne-couchee-de-valton\/","og_locale":"fr_FR","og_type":"article","og_title":"\"La lionne couch\u00e9e\", de Valton - Museal Editions","og_description":"Fonte en bronze d'art,\u00a0 num\u00e9rot\u00e9e de 1 \u00e0 100 sur 100 exemplaires, comportant la signature de Valton, de couleur rouge, grav\u00e9e dans le granit.","og_url":"https:\/\/museal.com\/fr\/produit\/la-lionne-couchee-de-valton\/","og_site_name":"Museal Editions","article_modified_time":"2025-06-26T09:55:55+00:00","og_image":[{"width":1500,"height":2000,"url":"https:\/\/museal.com\/wp-content\/uploads\/2022\/01\/lionne-couchee-de-Valton-2.png","type":"image\/png"}],"twitter_card":"summary_large_image","schema":{"@context":"https:\/\/schema.org","@graph":[{"@type":"WebPage","@id":"https:\/\/museal.com\/fr\/produit\/la-lionne-couchee-de-valton\/","url":"https:\/\/museal.com\/fr\/produit\/la-lionne-couchee-de-valton\/","name":"\"La lionne couch\u00e9e\", de Valton - Museal Editions","isPartOf":{"@id":"https:\/\/museal.com\/fr\/#website"},"primaryImageOfPage":{"@id":"https:\/\/museal.com\/fr\/produit\/la-lionne-couchee-de-valton\/#primaryimage"},"image":{"@id":"https:\/\/museal.com\/fr\/produit\/la-lionne-couchee-de-valton\/#primaryimage"},"thumbnailUrl":"https:\/\/museal.com\/wp-content\/uploads\/2022\/01\/lionne-couchee-de-Valton-2.png","datePublished":"2022-01-24T09:25:36+00:00","dateModified":"2025-06-26T09:55:55+00:00","description":"Fonte en bronze d'art,\u00a0 num\u00e9rot\u00e9e de 1 \u00e0 100 sur 100 exemplaires, comportant la signature de Valton, de couleur rouge, grav\u00e9e dans le granit.","breadcrumb":{"@id":"https:\/\/museal.com\/fr\/produit\/la-lionne-couchee-de-valton\/#breadcrumb"},"inLanguage":"fr-FR","potentialAction":[{"@type":"ReadAction","target":["https:\/\/museal.com\/fr\/produit\/la-lionne-couchee-de-valton\/"]}]},{"@type":"ImageObject","inLanguage":"fr-FR","@id":"https:\/\/museal.com\/fr\/produit\/la-lionne-couchee-de-valton\/#primaryimage","url":"https:\/\/museal.com\/wp-content\/uploads\/2022\/01\/lionne-couchee-de-Valton-2.png","contentUrl":"https:\/\/museal.com\/wp-content\/uploads\/2022\/01\/lionne-couchee-de-Valton-2.png","width":1500,"height":2000},{"@type":"BreadcrumbList","@id":"https:\/\/museal.com\/fr\/produit\/la-lionne-couchee-de-valton\/#breadcrumb","itemListElement":[{"@type":"ListItem","position":1,"name":"Accueil","item":"https:\/\/museal.com\/fr\/"},{"@type":"ListItem","position":2,"name":"Boutique","item":"https:\/\/museal.com\/fr\/boutique\/"},{"@type":"ListItem","position":3,"name":"&#8220;La lionne couch\u00e9e&#8221;, de Valton"}]},{"@type":"WebSite","@id":"https:\/\/museal.com\/fr\/#website","url":"https:\/\/museal.com\/fr\/","name":"Museal Editions","description":"Objets d&#039;art et de d\u00e9coration inspir\u00e9s du Patrimoine luxembourgeois","publisher":{"@id":"https:\/\/museal.com\/fr\/#organization"},"potentialAction":[{"@type":"SearchAction","target":{"@type":"EntryPoint","urlTemplate":"https:\/\/museal.com\/fr\/?s={search_term_string}"},"query-input":{"@type":"PropertyValueSpecification","valueRequired":true,"valueName":"search_term_string"}}],"inLanguage":"fr-FR"},{"@type":"Organization","@id":"https:\/\/museal.com\/fr\/#organization","name":"Museal Editions","url":"https:\/\/museal.com\/fr\/","logo":{"@type":"ImageObject","inLanguage":"fr-FR","@id":"https:\/\/museal.com\/fr\/#\/schema\/logo\/image\/","url":"https:\/\/museal.com\/wp-content\/uploads\/2021\/05\/logo-e1621950424453.jpg","contentUrl":"https:\/\/museal.com\/wp-content\/uploads\/2021\/05\/logo-e1621950424453.jpg","width":732,"height":574,"caption":"Museal Editions"},"image":{"@id":"https:\/\/museal.com\/fr\/#\/schema\/logo\/image\/"}}]}},"_links":{"self":[{"href":"https:\/\/museal.com\/fr\/wp-json\/wp\/v2\/product\/12727","targetHints":{"allow":["GET"]}}],"collection":[{"href":"https:\/\/museal.com\/fr\/wp-json\/wp\/v2\/product"}],"about":[{"href":"https:\/\/museal.com\/fr\/wp-json\/wp\/v2\/types\/product"}],"wp:featuredmedia":[{"embeddable":true,"href":"https:\/\/museal.com\/fr\/wp-json\/wp\/v2\/media\/13617"}],"wp:attachment":[{"href":"https:\/\/museal.com\/fr\/wp-json\/wp\/v2\/media?parent=12727"}],"wp:term":[{"taxonomy":"product_brand","embeddable":true,"href":"https:\/\/museal.com\/fr\/wp-json\/wp\/v2\/product_brand?post=12727"},{"taxonomy":"product_cat","embeddable":true,"href":"https:\/\/museal.com\/fr\/wp-json\/wp\/v2\/product_cat?post=12727"},{"taxonomy":"product_tag","embeddable":true,"href":"https:\/\/museal.com\/fr\/wp-json\/wp\/v2\/product_tag?post=12727"}],"curies":[{"name":"wp","href":"https:\/\/api.w.org\/{rel}","templated":true}]}}