{"id":12728,"date":"2022-01-24T09:35:58","date_gmt":"2022-01-24T08:35:58","guid":{"rendered":"https:\/\/shop.museal.com\/?post_type=product&#038;p=12728"},"modified":"2024-01-01T22:05:22","modified_gmt":"2024-01-01T21:05:22","slug":"gravure-palatium-mansfeldum","status":"publish","type":"product","link":"https:\/\/museal.com\/fr\/produit\/gravure-palatium-mansfeldum\/","title":{"rendered":"Gravure &#8220;Palatium Mansfeldum&#8221;"},"content":{"rendered":"<div>Jan Blaeu: cartographe et \u00e9diteur n\u00e9erlandais de p\u00e8re en fils.<\/div>\n<div>Peu d&#8217;hommes au Luxembourg ont mis l&#8217;art et l&#8217;architecture au service de leur gloire comme Pierre-Ernest de Mansfeld (1517-1604). Ce gouverneur de Luxembourg s&#8217;est fait construire une r\u00e9sidence priv\u00e9e qui comptait parmi les plus importantes des anciens Pays-Bas. Malheureusement, il ne nous reste que peu de ce site appel\u00e9 &#8220;la Fontaine&#8221; qui r\u00e9unissait les jardins, les fontaines et les b\u00e2timents d&#8217;une maison de plaisance qui imite les villas suburbaines d&#8217;Italie et dont certaines parties se veulent m\u00eame \u00eatre le reflet de l&#8217;Antiquit\u00e9. Le &#8220;Mansfeldschlass&#8221; forme un noyau de palais qui r\u00e9pond aux exigences de la cour des Habsbourg de Bruxelles.<\/div>\n","protected":false},"excerpt":{"rendered":"<p>Gravure &#8220;Palatium Mansfeldum&#8221;, Jan Blaeu. Dimensions: 62x48cm, non encadr\u00e9<\/p>\n","protected":false},"featured_media":13733,"template":"","meta":[],"product_brand":[],"product_cat":[142],"product_tag":[],"class_list":{"0":"post-12728","1":"product","2":"type-product","3":"status-publish","4":"has-post-thumbnail","6":"product_cat-livres-lithographies-gravures-photos","8":"first","9":"instock","10":"taxable","11":"shipping-taxable","12":"purchasable","13":"product-type-simple"},"yoast_head":"<!-- This site is optimized with the Yoast SEO plugin v27.3 - https:\/\/yoast.com\/product\/yoast-seo-wordpress\/ -->\n<title>Gravure &quot;Palatium Mansfeldum&quot; - Museal Editions<\/title>\n<meta name=\"description\" content=\"Gravure &quot;Palatium Mansfeldum&quot;, Jan Blaeu, cartographe et \u00e9diteur n\u00e9erlandais de p\u00e8re en fils. Dimensions: 62x48cm, non encadr\u00e9\" \/>\n<meta name=\"robots\" content=\"index, follow, max-snippet:-1, max-image-preview:large, max-video-preview:-1\" \/>\n<link rel=\"canonical\" href=\"https:\/\/museal.com\/fr\/produit\/gravure-palatium-mansfeldum\/\" \/>\n<meta property=\"og:locale\" content=\"fr_FR\" \/>\n<meta property=\"og:type\" content=\"article\" \/>\n<meta property=\"og:title\" content=\"Gravure &quot;Palatium Mansfeldum&quot; - Museal Editions\" \/>\n<meta property=\"og:description\" content=\"Gravure &quot;Palatium Mansfeldum&quot;, Jan Blaeu, cartographe et \u00e9diteur n\u00e9erlandais de p\u00e8re en fils. Dimensions: 62x48cm, non encadr\u00e9\" \/>\n<meta property=\"og:url\" content=\"https:\/\/museal.com\/fr\/produit\/gravure-palatium-mansfeldum\/\" \/>\n<meta property=\"og:site_name\" content=\"Museal Editions\" \/>\n<meta property=\"article:modified_time\" content=\"2024-01-01T21:05:22+00:00\" \/>\n<meta property=\"og:image\" content=\"https:\/\/museal.com\/wp-content\/uploads\/2022\/01\/Palatium-Mansfeldum.jpg\" \/>\n\t<meta property=\"og:image:width\" content=\"1500\" \/>\n\t<meta property=\"og:image:height\" content=\"2000\" \/>\n\t<meta property=\"og:image:type\" content=\"image\/jpeg\" \/>\n<meta name=\"twitter:card\" content=\"summary_large_image\" \/>\n<script type=\"application\/ld+json\" class=\"yoast-schema-graph\">{\"@context\":\"https:\\\/\\\/schema.org\",\"@graph\":[{\"@type\":\"WebPage\",\"@id\":\"https:\\\/\\\/museal.com\\\/fr\\\/produit\\\/gravure-palatium-mansfeldum\\\/\",\"url\":\"https:\\\/\\\/museal.com\\\/fr\\\/produit\\\/gravure-palatium-mansfeldum\\\/\",\"name\":\"Gravure \\\"Palatium Mansfeldum\\\" - Museal Editions\",\"isPartOf\":{\"@id\":\"https:\\\/\\\/museal.com\\\/fr\\\/#website\"},\"primaryImageOfPage\":{\"@id\":\"https:\\\/\\\/museal.com\\\/fr\\\/produit\\\/gravure-palatium-mansfeldum\\\/#primaryimage\"},\"image\":{\"@id\":\"https:\\\/\\\/museal.com\\\/fr\\\/produit\\\/gravure-palatium-mansfeldum\\\/#primaryimage\"},\"thumbnailUrl\":\"https:\\\/\\\/museal.com\\\/wp-content\\\/uploads\\\/2022\\\/01\\\/Palatium-Mansfeldum.jpg\",\"datePublished\":\"2022-01-24T08:35:58+00:00\",\"dateModified\":\"2024-01-01T21:05:22+00:00\",\"description\":\"Gravure \\\"Palatium Mansfeldum\\\", Jan Blaeu, cartographe et \u00e9diteur n\u00e9erlandais de p\u00e8re en fils. Dimensions: 62x48cm, non encadr\u00e9\",\"breadcrumb\":{\"@id\":\"https:\\\/\\\/museal.com\\\/fr\\\/produit\\\/gravure-palatium-mansfeldum\\\/#breadcrumb\"},\"inLanguage\":\"fr-FR\",\"potentialAction\":[{\"@type\":\"ReadAction\",\"target\":[\"https:\\\/\\\/museal.com\\\/fr\\\/produit\\\/gravure-palatium-mansfeldum\\\/\"]}]},{\"@type\":\"ImageObject\",\"inLanguage\":\"fr-FR\",\"@id\":\"https:\\\/\\\/museal.com\\\/fr\\\/produit\\\/gravure-palatium-mansfeldum\\\/#primaryimage\",\"url\":\"https:\\\/\\\/museal.com\\\/wp-content\\\/uploads\\\/2022\\\/01\\\/Palatium-Mansfeldum.jpg\",\"contentUrl\":\"https:\\\/\\\/museal.com\\\/wp-content\\\/uploads\\\/2022\\\/01\\\/Palatium-Mansfeldum.jpg\",\"width\":1500,\"height\":2000},{\"@type\":\"BreadcrumbList\",\"@id\":\"https:\\\/\\\/museal.com\\\/fr\\\/produit\\\/gravure-palatium-mansfeldum\\\/#breadcrumb\",\"itemListElement\":[{\"@type\":\"ListItem\",\"position\":1,\"name\":\"Accueil\",\"item\":\"https:\\\/\\\/museal.com\\\/fr\\\/\"},{\"@type\":\"ListItem\",\"position\":2,\"name\":\"Boutique\",\"item\":\"https:\\\/\\\/museal.com\\\/fr\\\/boutique\\\/\"},{\"@type\":\"ListItem\",\"position\":3,\"name\":\"Gravure &#8220;Palatium Mansfeldum&#8221;\"}]},{\"@type\":\"WebSite\",\"@id\":\"https:\\\/\\\/museal.com\\\/fr\\\/#website\",\"url\":\"https:\\\/\\\/museal.com\\\/fr\\\/\",\"name\":\"Museal Editions\",\"description\":\"Objets d&#039;art et de d\u00e9coration inspir\u00e9s du Patrimoine luxembourgeois\",\"publisher\":{\"@id\":\"https:\\\/\\\/museal.com\\\/fr\\\/#organization\"},\"potentialAction\":[{\"@type\":\"SearchAction\",\"target\":{\"@type\":\"EntryPoint\",\"urlTemplate\":\"https:\\\/\\\/museal.com\\\/fr\\\/?s={search_term_string}\"},\"query-input\":{\"@type\":\"PropertyValueSpecification\",\"valueRequired\":true,\"valueName\":\"search_term_string\"}}],\"inLanguage\":\"fr-FR\"},{\"@type\":\"Organization\",\"@id\":\"https:\\\/\\\/museal.com\\\/fr\\\/#organization\",\"name\":\"Museal Editions\",\"url\":\"https:\\\/\\\/museal.com\\\/fr\\\/\",\"logo\":{\"@type\":\"ImageObject\",\"inLanguage\":\"fr-FR\",\"@id\":\"https:\\\/\\\/museal.com\\\/fr\\\/#\\\/schema\\\/logo\\\/image\\\/\",\"url\":\"https:\\\/\\\/museal.com\\\/wp-content\\\/uploads\\\/2021\\\/05\\\/logo-e1621950424453.jpg\",\"contentUrl\":\"https:\\\/\\\/museal.com\\\/wp-content\\\/uploads\\\/2021\\\/05\\\/logo-e1621950424453.jpg\",\"width\":732,\"height\":574,\"caption\":\"Museal Editions\"},\"image\":{\"@id\":\"https:\\\/\\\/museal.com\\\/fr\\\/#\\\/schema\\\/logo\\\/image\\\/\"}}]}<\/script>\n<!-- \/ Yoast SEO plugin. -->","yoast_head_json":{"title":"Gravure \"Palatium Mansfeldum\" - Museal Editions","description":"Gravure \"Palatium Mansfeldum\", Jan Blaeu, cartographe et \u00e9diteur n\u00e9erlandais de p\u00e8re en fils. Dimensions: 62x48cm, non encadr\u00e9","robots":{"index":"index","follow":"follow","max-snippet":"max-snippet:-1","max-image-preview":"max-image-preview:large","max-video-preview":"max-video-preview:-1"},"canonical":"https:\/\/museal.com\/fr\/produit\/gravure-palatium-mansfeldum\/","og_locale":"fr_FR","og_type":"article","og_title":"Gravure \"Palatium Mansfeldum\" - Museal Editions","og_description":"Gravure \"Palatium Mansfeldum\", Jan Blaeu, cartographe et \u00e9diteur n\u00e9erlandais de p\u00e8re en fils. Dimensions: 62x48cm, non encadr\u00e9","og_url":"https:\/\/museal.com\/fr\/produit\/gravure-palatium-mansfeldum\/","og_site_name":"Museal Editions","article_modified_time":"2024-01-01T21:05:22+00:00","og_image":[{"width":1500,"height":2000,"url":"https:\/\/museal.com\/wp-content\/uploads\/2022\/01\/Palatium-Mansfeldum.jpg","type":"image\/jpeg"}],"twitter_card":"summary_large_image","schema":{"@context":"https:\/\/schema.org","@graph":[{"@type":"WebPage","@id":"https:\/\/museal.com\/fr\/produit\/gravure-palatium-mansfeldum\/","url":"https:\/\/museal.com\/fr\/produit\/gravure-palatium-mansfeldum\/","name":"Gravure \"Palatium Mansfeldum\" - Museal Editions","isPartOf":{"@id":"https:\/\/museal.com\/fr\/#website"},"primaryImageOfPage":{"@id":"https:\/\/museal.com\/fr\/produit\/gravure-palatium-mansfeldum\/#primaryimage"},"image":{"@id":"https:\/\/museal.com\/fr\/produit\/gravure-palatium-mansfeldum\/#primaryimage"},"thumbnailUrl":"https:\/\/museal.com\/wp-content\/uploads\/2022\/01\/Palatium-Mansfeldum.jpg","datePublished":"2022-01-24T08:35:58+00:00","dateModified":"2024-01-01T21:05:22+00:00","description":"Gravure \"Palatium Mansfeldum\", Jan Blaeu, cartographe et \u00e9diteur n\u00e9erlandais de p\u00e8re en fils. Dimensions: 62x48cm, non encadr\u00e9","breadcrumb":{"@id":"https:\/\/museal.com\/fr\/produit\/gravure-palatium-mansfeldum\/#breadcrumb"},"inLanguage":"fr-FR","potentialAction":[{"@type":"ReadAction","target":["https:\/\/museal.com\/fr\/produit\/gravure-palatium-mansfeldum\/"]}]},{"@type":"ImageObject","inLanguage":"fr-FR","@id":"https:\/\/museal.com\/fr\/produit\/gravure-palatium-mansfeldum\/#primaryimage","url":"https:\/\/museal.com\/wp-content\/uploads\/2022\/01\/Palatium-Mansfeldum.jpg","contentUrl":"https:\/\/museal.com\/wp-content\/uploads\/2022\/01\/Palatium-Mansfeldum.jpg","width":1500,"height":2000},{"@type":"BreadcrumbList","@id":"https:\/\/museal.com\/fr\/produit\/gravure-palatium-mansfeldum\/#breadcrumb","itemListElement":[{"@type":"ListItem","position":1,"name":"Accueil","item":"https:\/\/museal.com\/fr\/"},{"@type":"ListItem","position":2,"name":"Boutique","item":"https:\/\/museal.com\/fr\/boutique\/"},{"@type":"ListItem","position":3,"name":"Gravure &#8220;Palatium Mansfeldum&#8221;"}]},{"@type":"WebSite","@id":"https:\/\/museal.com\/fr\/#website","url":"https:\/\/museal.com\/fr\/","name":"Museal Editions","description":"Objets d&#039;art et de d\u00e9coration inspir\u00e9s du Patrimoine luxembourgeois","publisher":{"@id":"https:\/\/museal.com\/fr\/#organization"},"potentialAction":[{"@type":"SearchAction","target":{"@type":"EntryPoint","urlTemplate":"https:\/\/museal.com\/fr\/?s={search_term_string}"},"query-input":{"@type":"PropertyValueSpecification","valueRequired":true,"valueName":"search_term_string"}}],"inLanguage":"fr-FR"},{"@type":"Organization","@id":"https:\/\/museal.com\/fr\/#organization","name":"Museal Editions","url":"https:\/\/museal.com\/fr\/","logo":{"@type":"ImageObject","inLanguage":"fr-FR","@id":"https:\/\/museal.com\/fr\/#\/schema\/logo\/image\/","url":"https:\/\/museal.com\/wp-content\/uploads\/2021\/05\/logo-e1621950424453.jpg","contentUrl":"https:\/\/museal.com\/wp-content\/uploads\/2021\/05\/logo-e1621950424453.jpg","width":732,"height":574,"caption":"Museal Editions"},"image":{"@id":"https:\/\/museal.com\/fr\/#\/schema\/logo\/image\/"}}]}},"_links":{"self":[{"href":"https:\/\/museal.com\/fr\/wp-json\/wp\/v2\/product\/12728","targetHints":{"allow":["GET"]}}],"collection":[{"href":"https:\/\/museal.com\/fr\/wp-json\/wp\/v2\/product"}],"about":[{"href":"https:\/\/museal.com\/fr\/wp-json\/wp\/v2\/types\/product"}],"wp:featuredmedia":[{"embeddable":true,"href":"https:\/\/museal.com\/fr\/wp-json\/wp\/v2\/media\/13733"}],"wp:attachment":[{"href":"https:\/\/museal.com\/fr\/wp-json\/wp\/v2\/media?parent=12728"}],"wp:term":[{"taxonomy":"product_brand","embeddable":true,"href":"https:\/\/museal.com\/fr\/wp-json\/wp\/v2\/product_brand?post=12728"},{"taxonomy":"product_cat","embeddable":true,"href":"https:\/\/museal.com\/fr\/wp-json\/wp\/v2\/product_cat?post=12728"},{"taxonomy":"product_tag","embeddable":true,"href":"https:\/\/museal.com\/fr\/wp-json\/wp\/v2\/product_tag?post=12728"}],"curies":[{"name":"wp","href":"https:\/\/api.w.org\/{rel}","templated":true}]}}