{"id":12820,"date":"2022-01-24T11:12:03","date_gmt":"2022-01-24T10:12:03","guid":{"rendered":"https:\/\/shop.museal.com\/?post_type=product&#038;p=12820"},"modified":"2026-02-25T09:43:23","modified_gmt":"2026-02-25T08:43:23","slug":"boite-en-cuir-gaufre-blason-du-luxembourg","status":"publish","type":"product","link":"https:\/\/museal.com\/fr\/produit\/boite-en-cuir-gaufre-blason-du-luxembourg\/","title":{"rendered":"Boite en cuir gaufr\u00e9 &#8220;Blason du Luxembourg&#8221;"},"content":{"rendered":"<p>La composition des armoiries luxembourgeoises date du 13\u00e8me si\u00e8cle: &#8221; burel\u00e9 d&#8217;argent et d&#8217;azur de dix pi\u00e8ces et d&#8217;un lion de gueules, arm\u00e9, lampass\u00e9 et couronn\u00e9 d&#8217;or, la queue fourchue et pass\u00e9e en sautoir &#8220;.<\/p>\n","protected":false},"excerpt":{"rendered":"<p>Bo\u00eete carr\u00e9e\u00a0 fabriqu\u00e9e dans un cuir de haute qualit\u00e9 doubl\u00e9 de feutrine noire \u00e0 l&#8217;int\u00e9rieur. Le couvercle figure les armes du Grand-duch\u00e9 dans un gaufrage finement ex\u00e9cut\u00e9.<\/p>\n<p>Taille : 9 x 9 cm.<\/p>\n","protected":false},"featured_media":13565,"template":"","meta":[],"product_brand":[],"product_cat":[144,141],"product_tag":[],"class_list":{"0":"post-12820","1":"product","2":"type-product","3":"status-publish","4":"has-post-thumbnail","6":"product_cat-accessoires","7":"product_cat-maroquinerie","9":"first","10":"instock","11":"taxable","12":"shipping-taxable","13":"purchasable","14":"product-type-variable"},"yoast_head":"<!-- This site is optimized with the Yoast SEO plugin v27.3 - https:\/\/yoast.com\/product\/yoast-seo-wordpress\/ -->\n<title>Boite en cuir gaufr\u00e9 &quot;Blason du Luxembourg&quot; - Museal Editions<\/title>\n<meta name=\"description\" content=\"Bo\u00eete carr\u00e9e\u00a0en cuir de haute qualit\u00e9 doubl\u00e9 de feutrine noire \u00e0 l&#039;int\u00e9rieur. Le couvercle figure les armes du Grand-duch\u00e9 dans un gaufrage finement ex\u00e9cut\u00e9\" \/>\n<meta name=\"robots\" content=\"index, follow, max-snippet:-1, max-image-preview:large, max-video-preview:-1\" \/>\n<link rel=\"canonical\" href=\"https:\/\/museal.com\/fr\/produit\/boite-en-cuir-gaufre-blason-du-luxembourg\/\" \/>\n<meta property=\"og:locale\" content=\"fr_FR\" \/>\n<meta property=\"og:type\" content=\"article\" \/>\n<meta property=\"og:title\" content=\"Boite en cuir gaufr\u00e9 &quot;Blason du Luxembourg&quot; - Museal Editions\" \/>\n<meta property=\"og:description\" content=\"Bo\u00eete carr\u00e9e\u00a0en cuir de haute qualit\u00e9 doubl\u00e9 de feutrine noire \u00e0 l&#039;int\u00e9rieur. Le couvercle figure les armes du Grand-duch\u00e9 dans un gaufrage finement ex\u00e9cut\u00e9\" \/>\n<meta property=\"og:url\" content=\"https:\/\/museal.com\/fr\/produit\/boite-en-cuir-gaufre-blason-du-luxembourg\/\" \/>\n<meta property=\"og:site_name\" content=\"Museal Editions\" \/>\n<meta property=\"article:modified_time\" content=\"2026-02-25T08:43:23+00:00\" \/>\n<meta property=\"og:image\" content=\"https:\/\/museal.com\/wp-content\/uploads\/2022\/01\/boite-carre-1024x1024.png\" \/>\n\t<meta property=\"og:image:width\" content=\"1024\" \/>\n\t<meta property=\"og:image:height\" content=\"1024\" \/>\n\t<meta property=\"og:image:type\" content=\"image\/png\" \/>\n<meta name=\"twitter:card\" content=\"summary_large_image\" \/>\n<script type=\"application\/ld+json\" class=\"yoast-schema-graph\">{\"@context\":\"https:\\\/\\\/schema.org\",\"@graph\":[{\"@type\":\"WebPage\",\"@id\":\"https:\\\/\\\/museal.com\\\/fr\\\/produit\\\/boite-en-cuir-gaufre-blason-du-luxembourg\\\/\",\"url\":\"https:\\\/\\\/museal.com\\\/fr\\\/produit\\\/boite-en-cuir-gaufre-blason-du-luxembourg\\\/\",\"name\":\"Boite en cuir gaufr\u00e9 \\\"Blason du Luxembourg\\\" - Museal Editions\",\"isPartOf\":{\"@id\":\"https:\\\/\\\/museal.com\\\/fr\\\/#website\"},\"primaryImageOfPage\":{\"@id\":\"https:\\\/\\\/museal.com\\\/fr\\\/produit\\\/boite-en-cuir-gaufre-blason-du-luxembourg\\\/#primaryimage\"},\"image\":{\"@id\":\"https:\\\/\\\/museal.com\\\/fr\\\/produit\\\/boite-en-cuir-gaufre-blason-du-luxembourg\\\/#primaryimage\"},\"thumbnailUrl\":\"https:\\\/\\\/museal.com\\\/wp-content\\\/uploads\\\/2022\\\/01\\\/boite-carre.png\",\"datePublished\":\"2022-01-24T10:12:03+00:00\",\"dateModified\":\"2026-02-25T08:43:23+00:00\",\"description\":\"Bo\u00eete carr\u00e9e\u00a0en cuir de haute qualit\u00e9 doubl\u00e9 de feutrine noire \u00e0 l'int\u00e9rieur. Le couvercle figure les armes du Grand-duch\u00e9 dans un gaufrage finement ex\u00e9cut\u00e9\",\"breadcrumb\":{\"@id\":\"https:\\\/\\\/museal.com\\\/fr\\\/produit\\\/boite-en-cuir-gaufre-blason-du-luxembourg\\\/#breadcrumb\"},\"inLanguage\":\"fr-FR\",\"potentialAction\":[{\"@type\":\"ReadAction\",\"target\":[\"https:\\\/\\\/museal.com\\\/fr\\\/produit\\\/boite-en-cuir-gaufre-blason-du-luxembourg\\\/\"]}]},{\"@type\":\"ImageObject\",\"inLanguage\":\"fr-FR\",\"@id\":\"https:\\\/\\\/museal.com\\\/fr\\\/produit\\\/boite-en-cuir-gaufre-blason-du-luxembourg\\\/#primaryimage\",\"url\":\"https:\\\/\\\/museal.com\\\/wp-content\\\/uploads\\\/2022\\\/01\\\/boite-carre.png\",\"contentUrl\":\"https:\\\/\\\/museal.com\\\/wp-content\\\/uploads\\\/2022\\\/01\\\/boite-carre.png\",\"width\":2000,\"height\":2000},{\"@type\":\"BreadcrumbList\",\"@id\":\"https:\\\/\\\/museal.com\\\/fr\\\/produit\\\/boite-en-cuir-gaufre-blason-du-luxembourg\\\/#breadcrumb\",\"itemListElement\":[{\"@type\":\"ListItem\",\"position\":1,\"name\":\"Accueil\",\"item\":\"https:\\\/\\\/museal.com\\\/fr\\\/\"},{\"@type\":\"ListItem\",\"position\":2,\"name\":\"Boutique\",\"item\":\"https:\\\/\\\/museal.com\\\/fr\\\/boutique\\\/\"},{\"@type\":\"ListItem\",\"position\":3,\"name\":\"Boite en cuir gaufr\u00e9 &#8220;Blason du Luxembourg&#8221;\"}]},{\"@type\":\"WebSite\",\"@id\":\"https:\\\/\\\/museal.com\\\/fr\\\/#website\",\"url\":\"https:\\\/\\\/museal.com\\\/fr\\\/\",\"name\":\"Museal Editions\",\"description\":\"Objets d&#039;art et de d\u00e9coration inspir\u00e9s du Patrimoine luxembourgeois\",\"publisher\":{\"@id\":\"https:\\\/\\\/museal.com\\\/fr\\\/#organization\"},\"potentialAction\":[{\"@type\":\"SearchAction\",\"target\":{\"@type\":\"EntryPoint\",\"urlTemplate\":\"https:\\\/\\\/museal.com\\\/fr\\\/?s={search_term_string}\"},\"query-input\":{\"@type\":\"PropertyValueSpecification\",\"valueRequired\":true,\"valueName\":\"search_term_string\"}}],\"inLanguage\":\"fr-FR\"},{\"@type\":\"Organization\",\"@id\":\"https:\\\/\\\/museal.com\\\/fr\\\/#organization\",\"name\":\"Museal Editions\",\"url\":\"https:\\\/\\\/museal.com\\\/fr\\\/\",\"logo\":{\"@type\":\"ImageObject\",\"inLanguage\":\"fr-FR\",\"@id\":\"https:\\\/\\\/museal.com\\\/fr\\\/#\\\/schema\\\/logo\\\/image\\\/\",\"url\":\"https:\\\/\\\/museal.com\\\/wp-content\\\/uploads\\\/2021\\\/05\\\/logo-e1621950424453.jpg\",\"contentUrl\":\"https:\\\/\\\/museal.com\\\/wp-content\\\/uploads\\\/2021\\\/05\\\/logo-e1621950424453.jpg\",\"width\":732,\"height\":574,\"caption\":\"Museal Editions\"},\"image\":{\"@id\":\"https:\\\/\\\/museal.com\\\/fr\\\/#\\\/schema\\\/logo\\\/image\\\/\"}}]}<\/script>\n<!-- \/ Yoast SEO plugin. -->","yoast_head_json":{"title":"Boite en cuir gaufr\u00e9 \"Blason du Luxembourg\" - Museal Editions","description":"Bo\u00eete carr\u00e9e\u00a0en cuir de haute qualit\u00e9 doubl\u00e9 de feutrine noire \u00e0 l'int\u00e9rieur. Le couvercle figure les armes du Grand-duch\u00e9 dans un gaufrage finement ex\u00e9cut\u00e9","robots":{"index":"index","follow":"follow","max-snippet":"max-snippet:-1","max-image-preview":"max-image-preview:large","max-video-preview":"max-video-preview:-1"},"canonical":"https:\/\/museal.com\/fr\/produit\/boite-en-cuir-gaufre-blason-du-luxembourg\/","og_locale":"fr_FR","og_type":"article","og_title":"Boite en cuir gaufr\u00e9 \"Blason du Luxembourg\" - Museal Editions","og_description":"Bo\u00eete carr\u00e9e\u00a0en cuir de haute qualit\u00e9 doubl\u00e9 de feutrine noire \u00e0 l'int\u00e9rieur. Le couvercle figure les armes du Grand-duch\u00e9 dans un gaufrage finement ex\u00e9cut\u00e9","og_url":"https:\/\/museal.com\/fr\/produit\/boite-en-cuir-gaufre-blason-du-luxembourg\/","og_site_name":"Museal Editions","article_modified_time":"2026-02-25T08:43:23+00:00","og_image":[{"width":1024,"height":1024,"url":"https:\/\/museal.com\/wp-content\/uploads\/2022\/01\/boite-carre-1024x1024.png","type":"image\/png"}],"twitter_card":"summary_large_image","schema":{"@context":"https:\/\/schema.org","@graph":[{"@type":"WebPage","@id":"https:\/\/museal.com\/fr\/produit\/boite-en-cuir-gaufre-blason-du-luxembourg\/","url":"https:\/\/museal.com\/fr\/produit\/boite-en-cuir-gaufre-blason-du-luxembourg\/","name":"Boite en cuir gaufr\u00e9 \"Blason du Luxembourg\" - Museal Editions","isPartOf":{"@id":"https:\/\/museal.com\/fr\/#website"},"primaryImageOfPage":{"@id":"https:\/\/museal.com\/fr\/produit\/boite-en-cuir-gaufre-blason-du-luxembourg\/#primaryimage"},"image":{"@id":"https:\/\/museal.com\/fr\/produit\/boite-en-cuir-gaufre-blason-du-luxembourg\/#primaryimage"},"thumbnailUrl":"https:\/\/museal.com\/wp-content\/uploads\/2022\/01\/boite-carre.png","datePublished":"2022-01-24T10:12:03+00:00","dateModified":"2026-02-25T08:43:23+00:00","description":"Bo\u00eete carr\u00e9e\u00a0en cuir de haute qualit\u00e9 doubl\u00e9 de feutrine noire \u00e0 l'int\u00e9rieur. Le couvercle figure les armes du Grand-duch\u00e9 dans un gaufrage finement ex\u00e9cut\u00e9","breadcrumb":{"@id":"https:\/\/museal.com\/fr\/produit\/boite-en-cuir-gaufre-blason-du-luxembourg\/#breadcrumb"},"inLanguage":"fr-FR","potentialAction":[{"@type":"ReadAction","target":["https:\/\/museal.com\/fr\/produit\/boite-en-cuir-gaufre-blason-du-luxembourg\/"]}]},{"@type":"ImageObject","inLanguage":"fr-FR","@id":"https:\/\/museal.com\/fr\/produit\/boite-en-cuir-gaufre-blason-du-luxembourg\/#primaryimage","url":"https:\/\/museal.com\/wp-content\/uploads\/2022\/01\/boite-carre.png","contentUrl":"https:\/\/museal.com\/wp-content\/uploads\/2022\/01\/boite-carre.png","width":2000,"height":2000},{"@type":"BreadcrumbList","@id":"https:\/\/museal.com\/fr\/produit\/boite-en-cuir-gaufre-blason-du-luxembourg\/#breadcrumb","itemListElement":[{"@type":"ListItem","position":1,"name":"Accueil","item":"https:\/\/museal.com\/fr\/"},{"@type":"ListItem","position":2,"name":"Boutique","item":"https:\/\/museal.com\/fr\/boutique\/"},{"@type":"ListItem","position":3,"name":"Boite en cuir gaufr\u00e9 &#8220;Blason du Luxembourg&#8221;"}]},{"@type":"WebSite","@id":"https:\/\/museal.com\/fr\/#website","url":"https:\/\/museal.com\/fr\/","name":"Museal Editions","description":"Objets d&#039;art et de d\u00e9coration inspir\u00e9s du Patrimoine luxembourgeois","publisher":{"@id":"https:\/\/museal.com\/fr\/#organization"},"potentialAction":[{"@type":"SearchAction","target":{"@type":"EntryPoint","urlTemplate":"https:\/\/museal.com\/fr\/?s={search_term_string}"},"query-input":{"@type":"PropertyValueSpecification","valueRequired":true,"valueName":"search_term_string"}}],"inLanguage":"fr-FR"},{"@type":"Organization","@id":"https:\/\/museal.com\/fr\/#organization","name":"Museal Editions","url":"https:\/\/museal.com\/fr\/","logo":{"@type":"ImageObject","inLanguage":"fr-FR","@id":"https:\/\/museal.com\/fr\/#\/schema\/logo\/image\/","url":"https:\/\/museal.com\/wp-content\/uploads\/2021\/05\/logo-e1621950424453.jpg","contentUrl":"https:\/\/museal.com\/wp-content\/uploads\/2021\/05\/logo-e1621950424453.jpg","width":732,"height":574,"caption":"Museal Editions"},"image":{"@id":"https:\/\/museal.com\/fr\/#\/schema\/logo\/image\/"}}]}},"_links":{"self":[{"href":"https:\/\/museal.com\/fr\/wp-json\/wp\/v2\/product\/12820","targetHints":{"allow":["GET"]}}],"collection":[{"href":"https:\/\/museal.com\/fr\/wp-json\/wp\/v2\/product"}],"about":[{"href":"https:\/\/museal.com\/fr\/wp-json\/wp\/v2\/types\/product"}],"wp:featuredmedia":[{"embeddable":true,"href":"https:\/\/museal.com\/fr\/wp-json\/wp\/v2\/media\/13565"}],"wp:attachment":[{"href":"https:\/\/museal.com\/fr\/wp-json\/wp\/v2\/media?parent=12820"}],"wp:term":[{"taxonomy":"product_brand","embeddable":true,"href":"https:\/\/museal.com\/fr\/wp-json\/wp\/v2\/product_brand?post=12820"},{"taxonomy":"product_cat","embeddable":true,"href":"https:\/\/museal.com\/fr\/wp-json\/wp\/v2\/product_cat?post=12820"},{"taxonomy":"product_tag","embeddable":true,"href":"https:\/\/museal.com\/fr\/wp-json\/wp\/v2\/product_tag?post=12820"}],"curies":[{"name":"wp","href":"https:\/\/api.w.org\/{rel}","templated":true}]}}