{"id":12870,"date":"2022-01-24T11:48:16","date_gmt":"2022-01-24T10:48:16","guid":{"rendered":"https:\/\/shop.museal.com\/?post_type=product&#038;p=12870"},"modified":"2024-01-01T22:05:20","modified_gmt":"2024-01-01T21:05:20","slug":"parapluie-stad-letzebuerg","status":"publish","type":"product","link":"https:\/\/museal.com\/fr\/produit\/parapluie-stad-letzebuerg\/","title":{"rendered":"Parapluie &#8220;Stad L\u00ebtzebuerg&#8221;"},"content":{"rendered":"","protected":false},"excerpt":{"rendered":"<p>Parapluie illustr\u00e9 d&#8217;une aquarelle de la ville de Luxembourg, cr\u00e9ation de l&#8217;artiste Hannelore Kemmler. Diff\u00e9rentes vues de la ville de Luxembourg sont pr\u00e9sent\u00e9es en frise tout autour du parapluie. Cette merveilleuse combinaison de couleurs transformera vos sombres journ\u00e9es pluvieuses en symphonies multicolores.<\/p>\n<p>Ouverture manuelle, hauteur 88 cm, diam\u00e8tre 105 cm.<\/p>\n","protected":false},"featured_media":13601,"template":"","meta":[],"product_brand":[],"product_cat":[144],"product_tag":[],"class_list":{"0":"post-12870","1":"product","2":"type-product","3":"status-publish","4":"has-post-thumbnail","6":"product_cat-accessoires","8":"first","9":"outofstock","10":"taxable","11":"shipping-taxable","12":"purchasable","13":"product-type-simple"},"yoast_head":"<!-- This site is optimized with the Yoast SEO plugin v27.3 - https:\/\/yoast.com\/product\/yoast-seo-wordpress\/ -->\n<title>Parapluie &quot;Stad L\u00ebtzebuerg&quot; - Museal Editions<\/title>\n<meta name=\"robots\" content=\"index, follow, max-snippet:-1, max-image-preview:large, max-video-preview:-1\" \/>\n<link rel=\"canonical\" href=\"https:\/\/museal.com\/fr\/produit\/parapluie-stad-letzebuerg\/\" \/>\n<meta property=\"og:locale\" content=\"fr_FR\" \/>\n<meta property=\"og:type\" content=\"article\" \/>\n<meta property=\"og:title\" content=\"Parapluie &quot;Stad L\u00ebtzebuerg&quot; - Museal Editions\" \/>\n<meta property=\"og:description\" content=\"Parapluie illustr\u00e9 d&#039;une aquarelle de la ville de Luxembourg, cr\u00e9ation de l&#039;artiste Hannelore Kemmler. Diff\u00e9rentes vues de la ville de Luxembourg sont pr\u00e9sent\u00e9es en frise tout autour du parapluie. Cette merveilleuse combinaison de couleurs transformera vos sombres journ\u00e9es pluvieuses en symphonies multicolores.  Ouverture manuelle, hauteur 88 cm, diam\u00e8tre 105 cm.\" \/>\n<meta property=\"og:url\" content=\"https:\/\/museal.com\/fr\/produit\/parapluie-stad-letzebuerg\/\" \/>\n<meta property=\"og:site_name\" content=\"Museal Editions\" \/>\n<meta property=\"article:modified_time\" content=\"2024-01-01T21:05:20+00:00\" \/>\n<meta property=\"og:image\" content=\"https:\/\/museal.com\/wp-content\/uploads\/2022\/01\/parapluie-2-768x1024.png\" \/>\n\t<meta property=\"og:image:width\" content=\"768\" \/>\n\t<meta property=\"og:image:height\" content=\"1024\" \/>\n\t<meta property=\"og:image:type\" content=\"image\/png\" \/>\n<meta name=\"twitter:card\" content=\"summary_large_image\" \/>\n<script type=\"application\/ld+json\" class=\"yoast-schema-graph\">{\"@context\":\"https:\\\/\\\/schema.org\",\"@graph\":[{\"@type\":\"WebPage\",\"@id\":\"https:\\\/\\\/museal.com\\\/fr\\\/produit\\\/parapluie-stad-letzebuerg\\\/\",\"url\":\"https:\\\/\\\/museal.com\\\/fr\\\/produit\\\/parapluie-stad-letzebuerg\\\/\",\"name\":\"Parapluie \\\"Stad L\u00ebtzebuerg\\\" - Museal Editions\",\"isPartOf\":{\"@id\":\"https:\\\/\\\/museal.com\\\/fr\\\/#website\"},\"primaryImageOfPage\":{\"@id\":\"https:\\\/\\\/museal.com\\\/fr\\\/produit\\\/parapluie-stad-letzebuerg\\\/#primaryimage\"},\"image\":{\"@id\":\"https:\\\/\\\/museal.com\\\/fr\\\/produit\\\/parapluie-stad-letzebuerg\\\/#primaryimage\"},\"thumbnailUrl\":\"https:\\\/\\\/museal.com\\\/wp-content\\\/uploads\\\/2022\\\/01\\\/parapluie-2.png\",\"datePublished\":\"2022-01-24T10:48:16+00:00\",\"dateModified\":\"2024-01-01T21:05:20+00:00\",\"breadcrumb\":{\"@id\":\"https:\\\/\\\/museal.com\\\/fr\\\/produit\\\/parapluie-stad-letzebuerg\\\/#breadcrumb\"},\"inLanguage\":\"fr-FR\",\"potentialAction\":[{\"@type\":\"ReadAction\",\"target\":[\"https:\\\/\\\/museal.com\\\/fr\\\/produit\\\/parapluie-stad-letzebuerg\\\/\"]}]},{\"@type\":\"ImageObject\",\"inLanguage\":\"fr-FR\",\"@id\":\"https:\\\/\\\/museal.com\\\/fr\\\/produit\\\/parapluie-stad-letzebuerg\\\/#primaryimage\",\"url\":\"https:\\\/\\\/museal.com\\\/wp-content\\\/uploads\\\/2022\\\/01\\\/parapluie-2.png\",\"contentUrl\":\"https:\\\/\\\/museal.com\\\/wp-content\\\/uploads\\\/2022\\\/01\\\/parapluie-2.png\",\"width\":1500,\"height\":2000},{\"@type\":\"BreadcrumbList\",\"@id\":\"https:\\\/\\\/museal.com\\\/fr\\\/produit\\\/parapluie-stad-letzebuerg\\\/#breadcrumb\",\"itemListElement\":[{\"@type\":\"ListItem\",\"position\":1,\"name\":\"Accueil\",\"item\":\"https:\\\/\\\/museal.com\\\/fr\\\/\"},{\"@type\":\"ListItem\",\"position\":2,\"name\":\"Boutique\",\"item\":\"https:\\\/\\\/museal.com\\\/fr\\\/boutique\\\/\"},{\"@type\":\"ListItem\",\"position\":3,\"name\":\"Parapluie &#8220;Stad L\u00ebtzebuerg&#8221;\"}]},{\"@type\":\"WebSite\",\"@id\":\"https:\\\/\\\/museal.com\\\/fr\\\/#website\",\"url\":\"https:\\\/\\\/museal.com\\\/fr\\\/\",\"name\":\"Museal Editions\",\"description\":\"Objets d&#039;art et de d\u00e9coration inspir\u00e9s du Patrimoine luxembourgeois\",\"publisher\":{\"@id\":\"https:\\\/\\\/museal.com\\\/fr\\\/#organization\"},\"potentialAction\":[{\"@type\":\"SearchAction\",\"target\":{\"@type\":\"EntryPoint\",\"urlTemplate\":\"https:\\\/\\\/museal.com\\\/fr\\\/?s={search_term_string}\"},\"query-input\":{\"@type\":\"PropertyValueSpecification\",\"valueRequired\":true,\"valueName\":\"search_term_string\"}}],\"inLanguage\":\"fr-FR\"},{\"@type\":\"Organization\",\"@id\":\"https:\\\/\\\/museal.com\\\/fr\\\/#organization\",\"name\":\"Museal Editions\",\"url\":\"https:\\\/\\\/museal.com\\\/fr\\\/\",\"logo\":{\"@type\":\"ImageObject\",\"inLanguage\":\"fr-FR\",\"@id\":\"https:\\\/\\\/museal.com\\\/fr\\\/#\\\/schema\\\/logo\\\/image\\\/\",\"url\":\"https:\\\/\\\/museal.com\\\/wp-content\\\/uploads\\\/2021\\\/05\\\/logo-e1621950424453.jpg\",\"contentUrl\":\"https:\\\/\\\/museal.com\\\/wp-content\\\/uploads\\\/2021\\\/05\\\/logo-e1621950424453.jpg\",\"width\":732,\"height\":574,\"caption\":\"Museal Editions\"},\"image\":{\"@id\":\"https:\\\/\\\/museal.com\\\/fr\\\/#\\\/schema\\\/logo\\\/image\\\/\"}}]}<\/script>\n<!-- \/ Yoast SEO plugin. -->","yoast_head_json":{"title":"Parapluie \"Stad L\u00ebtzebuerg\" - Museal Editions","robots":{"index":"index","follow":"follow","max-snippet":"max-snippet:-1","max-image-preview":"max-image-preview:large","max-video-preview":"max-video-preview:-1"},"canonical":"https:\/\/museal.com\/fr\/produit\/parapluie-stad-letzebuerg\/","og_locale":"fr_FR","og_type":"article","og_title":"Parapluie \"Stad L\u00ebtzebuerg\" - Museal Editions","og_description":"Parapluie illustr\u00e9 d'une aquarelle de la ville de Luxembourg, cr\u00e9ation de l'artiste Hannelore Kemmler. Diff\u00e9rentes vues de la ville de Luxembourg sont pr\u00e9sent\u00e9es en frise tout autour du parapluie. Cette merveilleuse combinaison de couleurs transformera vos sombres journ\u00e9es pluvieuses en symphonies multicolores.  Ouverture manuelle, hauteur 88 cm, diam\u00e8tre 105 cm.","og_url":"https:\/\/museal.com\/fr\/produit\/parapluie-stad-letzebuerg\/","og_site_name":"Museal Editions","article_modified_time":"2024-01-01T21:05:20+00:00","og_image":[{"width":768,"height":1024,"url":"https:\/\/museal.com\/wp-content\/uploads\/2022\/01\/parapluie-2-768x1024.png","type":"image\/png"}],"twitter_card":"summary_large_image","schema":{"@context":"https:\/\/schema.org","@graph":[{"@type":"WebPage","@id":"https:\/\/museal.com\/fr\/produit\/parapluie-stad-letzebuerg\/","url":"https:\/\/museal.com\/fr\/produit\/parapluie-stad-letzebuerg\/","name":"Parapluie \"Stad L\u00ebtzebuerg\" - Museal Editions","isPartOf":{"@id":"https:\/\/museal.com\/fr\/#website"},"primaryImageOfPage":{"@id":"https:\/\/museal.com\/fr\/produit\/parapluie-stad-letzebuerg\/#primaryimage"},"image":{"@id":"https:\/\/museal.com\/fr\/produit\/parapluie-stad-letzebuerg\/#primaryimage"},"thumbnailUrl":"https:\/\/museal.com\/wp-content\/uploads\/2022\/01\/parapluie-2.png","datePublished":"2022-01-24T10:48:16+00:00","dateModified":"2024-01-01T21:05:20+00:00","breadcrumb":{"@id":"https:\/\/museal.com\/fr\/produit\/parapluie-stad-letzebuerg\/#breadcrumb"},"inLanguage":"fr-FR","potentialAction":[{"@type":"ReadAction","target":["https:\/\/museal.com\/fr\/produit\/parapluie-stad-letzebuerg\/"]}]},{"@type":"ImageObject","inLanguage":"fr-FR","@id":"https:\/\/museal.com\/fr\/produit\/parapluie-stad-letzebuerg\/#primaryimage","url":"https:\/\/museal.com\/wp-content\/uploads\/2022\/01\/parapluie-2.png","contentUrl":"https:\/\/museal.com\/wp-content\/uploads\/2022\/01\/parapluie-2.png","width":1500,"height":2000},{"@type":"BreadcrumbList","@id":"https:\/\/museal.com\/fr\/produit\/parapluie-stad-letzebuerg\/#breadcrumb","itemListElement":[{"@type":"ListItem","position":1,"name":"Accueil","item":"https:\/\/museal.com\/fr\/"},{"@type":"ListItem","position":2,"name":"Boutique","item":"https:\/\/museal.com\/fr\/boutique\/"},{"@type":"ListItem","position":3,"name":"Parapluie &#8220;Stad L\u00ebtzebuerg&#8221;"}]},{"@type":"WebSite","@id":"https:\/\/museal.com\/fr\/#website","url":"https:\/\/museal.com\/fr\/","name":"Museal Editions","description":"Objets d&#039;art et de d\u00e9coration inspir\u00e9s du Patrimoine luxembourgeois","publisher":{"@id":"https:\/\/museal.com\/fr\/#organization"},"potentialAction":[{"@type":"SearchAction","target":{"@type":"EntryPoint","urlTemplate":"https:\/\/museal.com\/fr\/?s={search_term_string}"},"query-input":{"@type":"PropertyValueSpecification","valueRequired":true,"valueName":"search_term_string"}}],"inLanguage":"fr-FR"},{"@type":"Organization","@id":"https:\/\/museal.com\/fr\/#organization","name":"Museal Editions","url":"https:\/\/museal.com\/fr\/","logo":{"@type":"ImageObject","inLanguage":"fr-FR","@id":"https:\/\/museal.com\/fr\/#\/schema\/logo\/image\/","url":"https:\/\/museal.com\/wp-content\/uploads\/2021\/05\/logo-e1621950424453.jpg","contentUrl":"https:\/\/museal.com\/wp-content\/uploads\/2021\/05\/logo-e1621950424453.jpg","width":732,"height":574,"caption":"Museal Editions"},"image":{"@id":"https:\/\/museal.com\/fr\/#\/schema\/logo\/image\/"}}]}},"_links":{"self":[{"href":"https:\/\/museal.com\/fr\/wp-json\/wp\/v2\/product\/12870","targetHints":{"allow":["GET"]}}],"collection":[{"href":"https:\/\/museal.com\/fr\/wp-json\/wp\/v2\/product"}],"about":[{"href":"https:\/\/museal.com\/fr\/wp-json\/wp\/v2\/types\/product"}],"wp:featuredmedia":[{"embeddable":true,"href":"https:\/\/museal.com\/fr\/wp-json\/wp\/v2\/media\/13601"}],"wp:attachment":[{"href":"https:\/\/museal.com\/fr\/wp-json\/wp\/v2\/media?parent=12870"}],"wp:term":[{"taxonomy":"product_brand","embeddable":true,"href":"https:\/\/museal.com\/fr\/wp-json\/wp\/v2\/product_brand?post=12870"},{"taxonomy":"product_cat","embeddable":true,"href":"https:\/\/museal.com\/fr\/wp-json\/wp\/v2\/product_cat?post=12870"},{"taxonomy":"product_tag","embeddable":true,"href":"https:\/\/museal.com\/fr\/wp-json\/wp\/v2\/product_tag?post=12870"}],"curies":[{"name":"wp","href":"https:\/\/api.w.org\/{rel}","templated":true}]}}