{"id":12900,"date":"2022-01-24T11:56:26","date_gmt":"2022-01-24T10:56:26","guid":{"rendered":"https:\/\/shop.museal.com\/?post_type=product&#038;p=12900"},"modified":"2025-06-18T09:59:43","modified_gmt":"2025-06-18T07:59:43","slug":"galet-heraldique","status":"publish","type":"product","link":"https:\/\/museal.com\/fr\/produit\/galet-heraldique\/","title":{"rendered":"Galet h\u00e9raldique"},"content":{"rendered":"<p>Galet peint \u00e0 la main par l\u2019artiste Max Gueguen, H\u00e9raldiste de renom, qui a patiemment dessin\u00e9 les symboles de l\u2019Etat, en version avec couronne sur fond bleu nuit ou \u00e9cu seul sur feuille d&#8217;or. Plusieurs couches successives de vernis haute r\u00e9sistance viennent compl\u00e9ter ce travail d&#8217;exception.<\/p>\n","protected":false},"excerpt":{"rendered":"<p>Ces galets presse-papiers seront du plus bel effet sur un bureau ou une biblioth\u00e8que.<\/p>\n<p>Mesures indicatives\u00a0: environ 11x9cm. Poids\u00a0: environ 600g.<\/p>\n<p>&nbsp;<\/p>\n","protected":false},"featured_media":13597,"template":"","meta":[],"product_brand":[],"product_cat":[144,88],"product_tag":[],"class_list":{"0":"post-12900","1":"product","2":"type-product","3":"status-publish","4":"has-post-thumbnail","6":"product_cat-accessoires","7":"product_cat-createurs-luxembourgeois","9":"first","10":"instock","11":"taxable","12":"shipping-taxable","13":"purchasable","14":"product-type-variable"},"yoast_head":"<!-- This site is optimized with the Yoast SEO plugin v27.3 - https:\/\/yoast.com\/product\/yoast-seo-wordpress\/ -->\n<title>Galet h\u00e9raldique - Museal Editions<\/title>\n<meta name=\"description\" content=\"Galet peint \u00e0 la main par l\u2019artiste Max Gueguen, H\u00e9raldiste de renom, qui a dessin\u00e9 les symboles de l\u2019Etat, sur fond bleu nuit ou \u00e9cu seul sur feuille d&#039;or.\" \/>\n<meta name=\"robots\" content=\"index, follow, max-snippet:-1, max-image-preview:large, max-video-preview:-1\" \/>\n<link rel=\"canonical\" href=\"https:\/\/museal.com\/fr\/produit\/galet-heraldique\/\" \/>\n<meta property=\"og:locale\" content=\"fr_FR\" \/>\n<meta property=\"og:type\" content=\"article\" \/>\n<meta property=\"og:title\" content=\"Galet h\u00e9raldique - Museal Editions\" \/>\n<meta property=\"og:description\" content=\"Galet peint \u00e0 la main par l\u2019artiste Max Gueguen, H\u00e9raldiste de renom, qui a dessin\u00e9 les symboles de l\u2019Etat, sur fond bleu nuit ou \u00e9cu seul sur feuille d&#039;or.\" \/>\n<meta property=\"og:url\" content=\"https:\/\/museal.com\/fr\/produit\/galet-heraldique\/\" \/>\n<meta property=\"og:site_name\" content=\"Museal Editions\" \/>\n<meta property=\"article:modified_time\" content=\"2025-06-18T07:59:43+00:00\" \/>\n<meta property=\"og:image\" content=\"https:\/\/museal.com\/wp-content\/uploads\/2022\/01\/galet-768x1024.png\" \/>\n\t<meta property=\"og:image:width\" content=\"768\" \/>\n\t<meta property=\"og:image:height\" content=\"1024\" \/>\n\t<meta property=\"og:image:type\" content=\"image\/png\" \/>\n<meta name=\"twitter:card\" content=\"summary_large_image\" \/>\n<script type=\"application\/ld+json\" class=\"yoast-schema-graph\">{\"@context\":\"https:\\\/\\\/schema.org\",\"@graph\":[{\"@type\":\"WebPage\",\"@id\":\"https:\\\/\\\/museal.com\\\/fr\\\/produit\\\/galet-heraldique\\\/\",\"url\":\"https:\\\/\\\/museal.com\\\/fr\\\/produit\\\/galet-heraldique\\\/\",\"name\":\"Galet h\u00e9raldique - Museal Editions\",\"isPartOf\":{\"@id\":\"https:\\\/\\\/museal.com\\\/fr\\\/#website\"},\"primaryImageOfPage\":{\"@id\":\"https:\\\/\\\/museal.com\\\/fr\\\/produit\\\/galet-heraldique\\\/#primaryimage\"},\"image\":{\"@id\":\"https:\\\/\\\/museal.com\\\/fr\\\/produit\\\/galet-heraldique\\\/#primaryimage\"},\"thumbnailUrl\":\"https:\\\/\\\/museal.com\\\/wp-content\\\/uploads\\\/2022\\\/01\\\/galet.png\",\"datePublished\":\"2022-01-24T10:56:26+00:00\",\"dateModified\":\"2025-06-18T07:59:43+00:00\",\"description\":\"Galet peint \u00e0 la main par l\u2019artiste Max Gueguen, H\u00e9raldiste de renom, qui a dessin\u00e9 les symboles de l\u2019Etat, sur fond bleu nuit ou \u00e9cu seul sur feuille d'or.\",\"breadcrumb\":{\"@id\":\"https:\\\/\\\/museal.com\\\/fr\\\/produit\\\/galet-heraldique\\\/#breadcrumb\"},\"inLanguage\":\"fr-FR\",\"potentialAction\":[{\"@type\":\"ReadAction\",\"target\":[\"https:\\\/\\\/museal.com\\\/fr\\\/produit\\\/galet-heraldique\\\/\"]}]},{\"@type\":\"ImageObject\",\"inLanguage\":\"fr-FR\",\"@id\":\"https:\\\/\\\/museal.com\\\/fr\\\/produit\\\/galet-heraldique\\\/#primaryimage\",\"url\":\"https:\\\/\\\/museal.com\\\/wp-content\\\/uploads\\\/2022\\\/01\\\/galet.png\",\"contentUrl\":\"https:\\\/\\\/museal.com\\\/wp-content\\\/uploads\\\/2022\\\/01\\\/galet.png\",\"width\":1500,\"height\":2000},{\"@type\":\"BreadcrumbList\",\"@id\":\"https:\\\/\\\/museal.com\\\/fr\\\/produit\\\/galet-heraldique\\\/#breadcrumb\",\"itemListElement\":[{\"@type\":\"ListItem\",\"position\":1,\"name\":\"Accueil\",\"item\":\"https:\\\/\\\/museal.com\\\/fr\\\/\"},{\"@type\":\"ListItem\",\"position\":2,\"name\":\"Boutique\",\"item\":\"https:\\\/\\\/museal.com\\\/fr\\\/boutique\\\/\"},{\"@type\":\"ListItem\",\"position\":3,\"name\":\"Galet h\u00e9raldique\"}]},{\"@type\":\"WebSite\",\"@id\":\"https:\\\/\\\/museal.com\\\/fr\\\/#website\",\"url\":\"https:\\\/\\\/museal.com\\\/fr\\\/\",\"name\":\"Museal Editions\",\"description\":\"Objets d&#039;art et de d\u00e9coration inspir\u00e9s du Patrimoine luxembourgeois\",\"publisher\":{\"@id\":\"https:\\\/\\\/museal.com\\\/fr\\\/#organization\"},\"potentialAction\":[{\"@type\":\"SearchAction\",\"target\":{\"@type\":\"EntryPoint\",\"urlTemplate\":\"https:\\\/\\\/museal.com\\\/fr\\\/?s={search_term_string}\"},\"query-input\":{\"@type\":\"PropertyValueSpecification\",\"valueRequired\":true,\"valueName\":\"search_term_string\"}}],\"inLanguage\":\"fr-FR\"},{\"@type\":\"Organization\",\"@id\":\"https:\\\/\\\/museal.com\\\/fr\\\/#organization\",\"name\":\"Museal Editions\",\"url\":\"https:\\\/\\\/museal.com\\\/fr\\\/\",\"logo\":{\"@type\":\"ImageObject\",\"inLanguage\":\"fr-FR\",\"@id\":\"https:\\\/\\\/museal.com\\\/fr\\\/#\\\/schema\\\/logo\\\/image\\\/\",\"url\":\"https:\\\/\\\/museal.com\\\/wp-content\\\/uploads\\\/2021\\\/05\\\/logo-e1621950424453.jpg\",\"contentUrl\":\"https:\\\/\\\/museal.com\\\/wp-content\\\/uploads\\\/2021\\\/05\\\/logo-e1621950424453.jpg\",\"width\":732,\"height\":574,\"caption\":\"Museal Editions\"},\"image\":{\"@id\":\"https:\\\/\\\/museal.com\\\/fr\\\/#\\\/schema\\\/logo\\\/image\\\/\"}}]}<\/script>\n<!-- \/ Yoast SEO plugin. -->","yoast_head_json":{"title":"Galet h\u00e9raldique - Museal Editions","description":"Galet peint \u00e0 la main par l\u2019artiste Max Gueguen, H\u00e9raldiste de renom, qui a dessin\u00e9 les symboles de l\u2019Etat, sur fond bleu nuit ou \u00e9cu seul sur feuille d'or.","robots":{"index":"index","follow":"follow","max-snippet":"max-snippet:-1","max-image-preview":"max-image-preview:large","max-video-preview":"max-video-preview:-1"},"canonical":"https:\/\/museal.com\/fr\/produit\/galet-heraldique\/","og_locale":"fr_FR","og_type":"article","og_title":"Galet h\u00e9raldique - Museal Editions","og_description":"Galet peint \u00e0 la main par l\u2019artiste Max Gueguen, H\u00e9raldiste de renom, qui a dessin\u00e9 les symboles de l\u2019Etat, sur fond bleu nuit ou \u00e9cu seul sur feuille d'or.","og_url":"https:\/\/museal.com\/fr\/produit\/galet-heraldique\/","og_site_name":"Museal Editions","article_modified_time":"2025-06-18T07:59:43+00:00","og_image":[{"width":768,"height":1024,"url":"https:\/\/museal.com\/wp-content\/uploads\/2022\/01\/galet-768x1024.png","type":"image\/png"}],"twitter_card":"summary_large_image","schema":{"@context":"https:\/\/schema.org","@graph":[{"@type":"WebPage","@id":"https:\/\/museal.com\/fr\/produit\/galet-heraldique\/","url":"https:\/\/museal.com\/fr\/produit\/galet-heraldique\/","name":"Galet h\u00e9raldique - Museal Editions","isPartOf":{"@id":"https:\/\/museal.com\/fr\/#website"},"primaryImageOfPage":{"@id":"https:\/\/museal.com\/fr\/produit\/galet-heraldique\/#primaryimage"},"image":{"@id":"https:\/\/museal.com\/fr\/produit\/galet-heraldique\/#primaryimage"},"thumbnailUrl":"https:\/\/museal.com\/wp-content\/uploads\/2022\/01\/galet.png","datePublished":"2022-01-24T10:56:26+00:00","dateModified":"2025-06-18T07:59:43+00:00","description":"Galet peint \u00e0 la main par l\u2019artiste Max Gueguen, H\u00e9raldiste de renom, qui a dessin\u00e9 les symboles de l\u2019Etat, sur fond bleu nuit ou \u00e9cu seul sur feuille d'or.","breadcrumb":{"@id":"https:\/\/museal.com\/fr\/produit\/galet-heraldique\/#breadcrumb"},"inLanguage":"fr-FR","potentialAction":[{"@type":"ReadAction","target":["https:\/\/museal.com\/fr\/produit\/galet-heraldique\/"]}]},{"@type":"ImageObject","inLanguage":"fr-FR","@id":"https:\/\/museal.com\/fr\/produit\/galet-heraldique\/#primaryimage","url":"https:\/\/museal.com\/wp-content\/uploads\/2022\/01\/galet.png","contentUrl":"https:\/\/museal.com\/wp-content\/uploads\/2022\/01\/galet.png","width":1500,"height":2000},{"@type":"BreadcrumbList","@id":"https:\/\/museal.com\/fr\/produit\/galet-heraldique\/#breadcrumb","itemListElement":[{"@type":"ListItem","position":1,"name":"Accueil","item":"https:\/\/museal.com\/fr\/"},{"@type":"ListItem","position":2,"name":"Boutique","item":"https:\/\/museal.com\/fr\/boutique\/"},{"@type":"ListItem","position":3,"name":"Galet h\u00e9raldique"}]},{"@type":"WebSite","@id":"https:\/\/museal.com\/fr\/#website","url":"https:\/\/museal.com\/fr\/","name":"Museal Editions","description":"Objets d&#039;art et de d\u00e9coration inspir\u00e9s du Patrimoine luxembourgeois","publisher":{"@id":"https:\/\/museal.com\/fr\/#organization"},"potentialAction":[{"@type":"SearchAction","target":{"@type":"EntryPoint","urlTemplate":"https:\/\/museal.com\/fr\/?s={search_term_string}"},"query-input":{"@type":"PropertyValueSpecification","valueRequired":true,"valueName":"search_term_string"}}],"inLanguage":"fr-FR"},{"@type":"Organization","@id":"https:\/\/museal.com\/fr\/#organization","name":"Museal Editions","url":"https:\/\/museal.com\/fr\/","logo":{"@type":"ImageObject","inLanguage":"fr-FR","@id":"https:\/\/museal.com\/fr\/#\/schema\/logo\/image\/","url":"https:\/\/museal.com\/wp-content\/uploads\/2021\/05\/logo-e1621950424453.jpg","contentUrl":"https:\/\/museal.com\/wp-content\/uploads\/2021\/05\/logo-e1621950424453.jpg","width":732,"height":574,"caption":"Museal Editions"},"image":{"@id":"https:\/\/museal.com\/fr\/#\/schema\/logo\/image\/"}}]}},"_links":{"self":[{"href":"https:\/\/museal.com\/fr\/wp-json\/wp\/v2\/product\/12900","targetHints":{"allow":["GET"]}}],"collection":[{"href":"https:\/\/museal.com\/fr\/wp-json\/wp\/v2\/product"}],"about":[{"href":"https:\/\/museal.com\/fr\/wp-json\/wp\/v2\/types\/product"}],"wp:featuredmedia":[{"embeddable":true,"href":"https:\/\/museal.com\/fr\/wp-json\/wp\/v2\/media\/13597"}],"wp:attachment":[{"href":"https:\/\/museal.com\/fr\/wp-json\/wp\/v2\/media?parent=12900"}],"wp:term":[{"taxonomy":"product_brand","embeddable":true,"href":"https:\/\/museal.com\/fr\/wp-json\/wp\/v2\/product_brand?post=12900"},{"taxonomy":"product_cat","embeddable":true,"href":"https:\/\/museal.com\/fr\/wp-json\/wp\/v2\/product_cat?post=12900"},{"taxonomy":"product_tag","embeddable":true,"href":"https:\/\/museal.com\/fr\/wp-json\/wp\/v2\/product_tag?post=12900"}],"curies":[{"name":"wp","href":"https:\/\/api.w.org\/{rel}","templated":true}]}}